{"id":117150,"date":"2023-02-28T22:25:20","date_gmt":"2023-02-28T21:25:20","guid":{"rendered":"https:\/\/shop.bantam.ch\/produit\/barre-metallique-white-pour-verres-magnetiques-pins-crochets\/"},"modified":"2026-04-19T23:30:58","modified_gmt":"2026-04-19T21:30:58","slug":"barre-metallique-white-pour-verres-magnetiques-pins-crochets","status":"publish","type":"product","link":"https:\/\/shop.bantam.ch\/fr\/produit\/barre-metallique-white-pour-verres-magnetiques-pins-crochets\/","title":{"rendered":"Barre m\u00e9tallique WHITE pour verres magn\u00e9tiques \/ pins \/ crochets"},"content":{"rendered":"<p>syst\u00e8me de rangement haut de gamme pour les verres en plastique et en cristal silwy. Peut \u00eatre combin\u00e9e avec les crochets pins magn\u00e9tiques (capacit\u00e9 de charge max.10 kg). Pouvoir d\u2019adh\u00e9rence \u00e9lev\u00e9 gr\u00e2ce au noyau en m\u00e9tal sp\u00e9cial. Utilisable t\u00eate en bas, verticalement ou horizontalement. Application permanente et facile gr\u00e2ce \u00e0 la couche adh\u00e9sive 3M.<\/p>\n","protected":false},"excerpt":{"rendered":"<p>syst\u00e8me de rangement haut de gamme pour les verres en plastique et en cristal silwy. Peut \u00eatre combin\u00e9e avec les crochets pins magn\u00e9tiques (capacit\u00e9 de charge max.10 kg). Pouvoir d\u2019adh\u00e9rence \u00e9lev\u00e9 gr\u00e2ce au noyau en m\u00e9tal sp\u00e9cial. Utilisable t\u00eate en bas, verticalement ou horizontalement. Application permanente et facile gr\u00e2ce \u00e0 la couche adh\u00e9sive 3M.<\/p>\n","protected":false},"featured_media":117122,"template":"","meta":{"_acf_changed":false},"product_featured_cat":[],"product_brand":[3072],"product_cat":[4733],"product_tag":[],"class_list":{"0":"post-117150","1":"product","2":"type-product","3":"status-publish","4":"has-post-thumbnail","6":"product_brand-silwy","7":"product_cat-supports-et-crochets","9":"first","10":"instock","11":"taxable","12":"shipping-taxable","13":"purchasable","14":"product-type-variable"},"acf":[],"yoast_head":"<!-- This site is optimized with the Yoast SEO plugin v27.4 - https:\/\/yoast.com\/product\/yoast-seo-wordpress\/ -->\n<title>Barre m\u00e9tallique WHITE pour verres magn\u00e9tiques \/ pins \/ crochets - Bantam Wankm\u00fcller SA<\/title>\n<meta name=\"robots\" content=\"index, follow, max-snippet:-1, max-image-preview:large, max-video-preview:-1\" \/>\n<link rel=\"canonical\" href=\"https:\/\/shop.bantam.ch\/fr\/produit\/barre-metallique-white-pour-verres-magnetiques-pins-crochets\/\" \/>\n<meta property=\"og:locale\" content=\"fr_FR\" \/>\n<meta property=\"og:type\" content=\"article\" \/>\n<meta property=\"og:title\" content=\"Barre m\u00e9tallique WHITE pour verres magn\u00e9tiques \/ pins \/ crochets - Bantam Wankm\u00fcller SA\" \/>\n<meta property=\"og:description\" content=\"syst\u00e8me de rangement haut de gamme pour les verres en plastique et en cristal silwy. Peut \u00eatre combin\u00e9e avec les crochets pins magn\u00e9tiques (capacit\u00e9 de charge max.10 kg). Pouvoir d\u2019adh\u00e9rence \u00e9lev\u00e9 gr\u00e2ce au noyau en m\u00e9tal sp\u00e9cial. Utilisable t\u00eate en bas, verticalement ou horizontalement. Application permanente et facile gr\u00e2ce \u00e0 la couche adh\u00e9sive 3M.\" \/>\n<meta property=\"og:url\" content=\"https:\/\/shop.bantam.ch\/fr\/produit\/barre-metallique-white-pour-verres-magnetiques-pins-crochets\/\" \/>\n<meta property=\"og:site_name\" content=\"Bantam Wankm\u00fcller SA\" \/>\n<meta property=\"article:modified_time\" content=\"2026-04-19T21:30:58+00:00\" \/>\n<meta property=\"og:image\" content=\"https:\/\/shop.bantam.ch\/wp-content\/uploads\/2023\/02\/998456811.jpg\" \/>\n\t<meta property=\"og:image:width\" content=\"1000\" \/>\n\t<meta property=\"og:image:height\" content=\"107\" \/>\n\t<meta property=\"og:image:type\" content=\"image\/jpeg\" \/>\n<meta name=\"twitter:card\" content=\"summary_large_image\" \/>\n<script type=\"application\/ld+json\" class=\"yoast-schema-graph\">{\"@context\":\"https:\\\/\\\/schema.org\",\"@graph\":[{\"@type\":\"WebPage\",\"@id\":\"https:\\\/\\\/shop.bantam.ch\\\/fr\\\/produit\\\/barre-metallique-white-pour-verres-magnetiques-pins-crochets\\\/\",\"url\":\"https:\\\/\\\/shop.bantam.ch\\\/fr\\\/produit\\\/barre-metallique-white-pour-verres-magnetiques-pins-crochets\\\/\",\"name\":\"Barre m\u00e9tallique WHITE pour verres magn\u00e9tiques \\\/ pins \\\/ crochets - Bantam Wankm\u00fcller SA\",\"isPartOf\":{\"@id\":\"https:\\\/\\\/shop.bantam.ch\\\/fr\\\/#website\"},\"primaryImageOfPage\":{\"@id\":\"https:\\\/\\\/shop.bantam.ch\\\/fr\\\/produit\\\/barre-metallique-white-pour-verres-magnetiques-pins-crochets\\\/#primaryimage\"},\"image\":{\"@id\":\"https:\\\/\\\/shop.bantam.ch\\\/fr\\\/produit\\\/barre-metallique-white-pour-verres-magnetiques-pins-crochets\\\/#primaryimage\"},\"thumbnailUrl\":\"https:\\\/\\\/shop.bantam.ch\\\/wp-content\\\/uploads\\\/2023\\\/02\\\/998456811.jpg\",\"datePublished\":\"2023-02-28T21:25:20+00:00\",\"dateModified\":\"2026-04-19T21:30:58+00:00\",\"breadcrumb\":{\"@id\":\"https:\\\/\\\/shop.bantam.ch\\\/fr\\\/produit\\\/barre-metallique-white-pour-verres-magnetiques-pins-crochets\\\/#breadcrumb\"},\"inLanguage\":\"fr-FR\",\"potentialAction\":[{\"@type\":\"ReadAction\",\"target\":[\"https:\\\/\\\/shop.bantam.ch\\\/fr\\\/produit\\\/barre-metallique-white-pour-verres-magnetiques-pins-crochets\\\/\"]}]},{\"@type\":\"ImageObject\",\"inLanguage\":\"fr-FR\",\"@id\":\"https:\\\/\\\/shop.bantam.ch\\\/fr\\\/produit\\\/barre-metallique-white-pour-verres-magnetiques-pins-crochets\\\/#primaryimage\",\"url\":\"https:\\\/\\\/shop.bantam.ch\\\/wp-content\\\/uploads\\\/2023\\\/02\\\/998456811.jpg\",\"contentUrl\":\"https:\\\/\\\/shop.bantam.ch\\\/wp-content\\\/uploads\\\/2023\\\/02\\\/998456811.jpg\",\"width\":1000,\"height\":107},{\"@type\":\"BreadcrumbList\",\"@id\":\"https:\\\/\\\/shop.bantam.ch\\\/fr\\\/produit\\\/barre-metallique-white-pour-verres-magnetiques-pins-crochets\\\/#breadcrumb\",\"itemListElement\":[{\"@type\":\"ListItem\",\"position\":1,\"name\":\"Accueil\",\"item\":\"https:\\\/\\\/shop.bantam.ch\\\/fr\\\/\"},{\"@type\":\"ListItem\",\"position\":2,\"name\":\"Boutique\",\"item\":\"https:\\\/\\\/shop.bantam.ch\\\/fr\\\/boutique\\\/\"},{\"@type\":\"ListItem\",\"position\":3,\"name\":\"Barre m\u00e9tallique WHITE pour verres magn\u00e9tiques \\\/ pins \\\/ crochets\"}]},{\"@type\":\"WebSite\",\"@id\":\"https:\\\/\\\/shop.bantam.ch\\\/fr\\\/#website\",\"url\":\"https:\\\/\\\/shop.bantam.ch\\\/fr\\\/\",\"name\":\"Bantam Wankm\u00fcller SA\",\"description\":\"\",\"publisher\":{\"@id\":\"https:\\\/\\\/shop.bantam.ch\\\/fr\\\/#organization\"},\"inLanguage\":\"fr-FR\"},{\"@type\":\"Organization\",\"@id\":\"https:\\\/\\\/shop.bantam.ch\\\/fr\\\/#organization\",\"name\":\"Bantam Wankm\u00fcller SA\",\"url\":\"https:\\\/\\\/shop.bantam.ch\\\/fr\\\/\",\"logo\":{\"@type\":\"ImageObject\",\"inLanguage\":\"fr-FR\",\"@id\":\"https:\\\/\\\/shop.bantam.ch\\\/fr\\\/#\\\/schema\\\/logo\\\/image\\\/\",\"url\":\"https:\\\/\\\/shop.bantam.ch\\\/wp-content\\\/uploads\\\/2022\\\/12\\\/bantam-logo.png\",\"contentUrl\":\"https:\\\/\\\/shop.bantam.ch\\\/wp-content\\\/uploads\\\/2022\\\/12\\\/bantam-logo.png\",\"width\":320,\"height\":71,\"caption\":\"Bantam Wankm\u00fcller SA\"},\"image\":{\"@id\":\"https:\\\/\\\/shop.bantam.ch\\\/fr\\\/#\\\/schema\\\/logo\\\/image\\\/\"}}]}<\/script>\n<!-- \/ Yoast SEO plugin. -->","yoast_head_json":{"title":"Barre m\u00e9tallique WHITE pour verres magn\u00e9tiques \/ pins \/ crochets - Bantam Wankm\u00fcller SA","robots":{"index":"index","follow":"follow","max-snippet":"max-snippet:-1","max-image-preview":"max-image-preview:large","max-video-preview":"max-video-preview:-1"},"canonical":"https:\/\/shop.bantam.ch\/fr\/produit\/barre-metallique-white-pour-verres-magnetiques-pins-crochets\/","og_locale":"fr_FR","og_type":"article","og_title":"Barre m\u00e9tallique WHITE pour verres magn\u00e9tiques \/ pins \/ crochets - Bantam Wankm\u00fcller SA","og_description":"syst\u00e8me de rangement haut de gamme pour les verres en plastique et en cristal silwy. Peut \u00eatre combin\u00e9e avec les crochets pins magn\u00e9tiques (capacit\u00e9 de charge max.10 kg). Pouvoir d\u2019adh\u00e9rence \u00e9lev\u00e9 gr\u00e2ce au noyau en m\u00e9tal sp\u00e9cial. Utilisable t\u00eate en bas, verticalement ou horizontalement. Application permanente et facile gr\u00e2ce \u00e0 la couche adh\u00e9sive 3M.","og_url":"https:\/\/shop.bantam.ch\/fr\/produit\/barre-metallique-white-pour-verres-magnetiques-pins-crochets\/","og_site_name":"Bantam Wankm\u00fcller SA","article_modified_time":"2026-04-19T21:30:58+00:00","og_image":[{"width":1000,"height":107,"url":"https:\/\/shop.bantam.ch\/wp-content\/uploads\/2023\/02\/998456811.jpg","type":"image\/jpeg"}],"twitter_card":"summary_large_image","schema":{"@context":"https:\/\/schema.org","@graph":[{"@type":"WebPage","@id":"https:\/\/shop.bantam.ch\/fr\/produit\/barre-metallique-white-pour-verres-magnetiques-pins-crochets\/","url":"https:\/\/shop.bantam.ch\/fr\/produit\/barre-metallique-white-pour-verres-magnetiques-pins-crochets\/","name":"Barre m\u00e9tallique WHITE pour verres magn\u00e9tiques \/ pins \/ crochets - Bantam Wankm\u00fcller SA","isPartOf":{"@id":"https:\/\/shop.bantam.ch\/fr\/#website"},"primaryImageOfPage":{"@id":"https:\/\/shop.bantam.ch\/fr\/produit\/barre-metallique-white-pour-verres-magnetiques-pins-crochets\/#primaryimage"},"image":{"@id":"https:\/\/shop.bantam.ch\/fr\/produit\/barre-metallique-white-pour-verres-magnetiques-pins-crochets\/#primaryimage"},"thumbnailUrl":"https:\/\/shop.bantam.ch\/wp-content\/uploads\/2023\/02\/998456811.jpg","datePublished":"2023-02-28T21:25:20+00:00","dateModified":"2026-04-19T21:30:58+00:00","breadcrumb":{"@id":"https:\/\/shop.bantam.ch\/fr\/produit\/barre-metallique-white-pour-verres-magnetiques-pins-crochets\/#breadcrumb"},"inLanguage":"fr-FR","potentialAction":[{"@type":"ReadAction","target":["https:\/\/shop.bantam.ch\/fr\/produit\/barre-metallique-white-pour-verres-magnetiques-pins-crochets\/"]}]},{"@type":"ImageObject","inLanguage":"fr-FR","@id":"https:\/\/shop.bantam.ch\/fr\/produit\/barre-metallique-white-pour-verres-magnetiques-pins-crochets\/#primaryimage","url":"https:\/\/shop.bantam.ch\/wp-content\/uploads\/2023\/02\/998456811.jpg","contentUrl":"https:\/\/shop.bantam.ch\/wp-content\/uploads\/2023\/02\/998456811.jpg","width":1000,"height":107},{"@type":"BreadcrumbList","@id":"https:\/\/shop.bantam.ch\/fr\/produit\/barre-metallique-white-pour-verres-magnetiques-pins-crochets\/#breadcrumb","itemListElement":[{"@type":"ListItem","position":1,"name":"Accueil","item":"https:\/\/shop.bantam.ch\/fr\/"},{"@type":"ListItem","position":2,"name":"Boutique","item":"https:\/\/shop.bantam.ch\/fr\/boutique\/"},{"@type":"ListItem","position":3,"name":"Barre m\u00e9tallique WHITE pour verres magn\u00e9tiques \/ pins \/ crochets"}]},{"@type":"WebSite","@id":"https:\/\/shop.bantam.ch\/fr\/#website","url":"https:\/\/shop.bantam.ch\/fr\/","name":"Bantam Wankm\u00fcller SA","description":"","publisher":{"@id":"https:\/\/shop.bantam.ch\/fr\/#organization"},"inLanguage":"fr-FR"},{"@type":"Organization","@id":"https:\/\/shop.bantam.ch\/fr\/#organization","name":"Bantam Wankm\u00fcller SA","url":"https:\/\/shop.bantam.ch\/fr\/","logo":{"@type":"ImageObject","inLanguage":"fr-FR","@id":"https:\/\/shop.bantam.ch\/fr\/#\/schema\/logo\/image\/","url":"https:\/\/shop.bantam.ch\/wp-content\/uploads\/2022\/12\/bantam-logo.png","contentUrl":"https:\/\/shop.bantam.ch\/wp-content\/uploads\/2022\/12\/bantam-logo.png","width":320,"height":71,"caption":"Bantam Wankm\u00fcller SA"},"image":{"@id":"https:\/\/shop.bantam.ch\/fr\/#\/schema\/logo\/image\/"}}]}},"_links":{"self":[{"href":"https:\/\/shop.bantam.ch\/fr\/wp-json\/wp\/v2\/product\/117150","targetHints":{"allow":["GET"]}}],"collection":[{"href":"https:\/\/shop.bantam.ch\/fr\/wp-json\/wp\/v2\/product"}],"about":[{"href":"https:\/\/shop.bantam.ch\/fr\/wp-json\/wp\/v2\/types\/product"}],"wp:featuredmedia":[{"embeddable":true,"href":"https:\/\/shop.bantam.ch\/fr\/wp-json\/wp\/v2\/media\/117122"}],"wp:attachment":[{"href":"https:\/\/shop.bantam.ch\/fr\/wp-json\/wp\/v2\/media?parent=117150"}],"wp:term":[{"taxonomy":"product_featured_cat","embeddable":true,"href":"https:\/\/shop.bantam.ch\/fr\/wp-json\/wp\/v2\/product_featured_cat?post=117150"},{"taxonomy":"product_brand","embeddable":true,"href":"https:\/\/shop.bantam.ch\/fr\/wp-json\/wp\/v2\/product_brand?post=117150"},{"taxonomy":"product_cat","embeddable":true,"href":"https:\/\/shop.bantam.ch\/fr\/wp-json\/wp\/v2\/product_cat?post=117150"},{"taxonomy":"product_tag","embeddable":true,"href":"https:\/\/shop.bantam.ch\/fr\/wp-json\/wp\/v2\/product_tag?post=117150"}],"curies":[{"name":"wp","href":"https:\/\/api.w.org\/{rel}","templated":true}]}}