{"id":117120,"date":"2023-02-28T22:25:09","date_gmt":"2023-02-28T21:25:09","guid":{"rendered":"https:\/\/shop.bantam.ch\/produit\/metal-nano-gel-mat-blanc-pour-verres-magnetiques\/"},"modified":"2026-04-22T21:46:14","modified_gmt":"2026-04-22T19:46:14","slug":"metal-nano-gel-mat-blanc-pour-verres-magnetiques","status":"publish","type":"product","link":"https:\/\/shop.bantam.ch\/fr\/produit\/metal-nano-gel-mat-blanc-pour-verres-magnetiques\/","title":{"rendered":"Tapis gel nano-m\u00e9tal silwy WHITE pour verres aimant\u00e9s blanc"},"content":{"rendered":"<p>Support et syst\u00e8me de rangement pour vos verres magn\u00e9tiques silwy. La surface antid\u00e9rapante sp\u00e9ciale offre une adh\u00e9rence suppl\u00e9mentaire. Des verres qui restent stables m\u00eame sur des routes irr\u00e9guli\u00e8res ou en mer. Le support m\u00e9tallique peut \u00eatre coup\u00e9 avec des ciseaux m\u00e9nagers.<\/p>\n","protected":false},"excerpt":{"rendered":"<p>Support et syst\u00e8me de rangement pour vos verres magn\u00e9tiques silwy. La surface antid\u00e9rapante sp\u00e9ciale offre une adh\u00e9rence suppl\u00e9mentaire. Des verres qui restent stables m\u00eame sur des routes irr\u00e9guli\u00e8res ou en mer. Le support m\u00e9tallique peut \u00eatre coup\u00e9 avec des ciseaux m\u00e9nagers.<\/p>\n","protected":false},"featured_media":117108,"template":"","meta":{"_acf_changed":false},"product_featured_cat":[],"product_brand":[3072],"product_cat":[4285],"product_tag":[],"class_list":{"0":"post-117120","1":"product","2":"type-product","3":"status-publish","4":"has-post-thumbnail","6":"product_brand-silwy","7":"product_cat-ustensiles-de-cuisine","9":"first","10":"instock","11":"taxable","12":"shipping-taxable","13":"purchasable","14":"product-type-simple"},"acf":[],"yoast_head":"<!-- This site is optimized with the Yoast SEO plugin v27.4 - https:\/\/yoast.com\/product\/yoast-seo-wordpress\/ -->\n<title>Tapis gel nano-m\u00e9tal silwy WHITE pour verres aimant\u00e9s blanc - Bantam Wankm\u00fcller SA<\/title>\n<meta name=\"robots\" content=\"index, follow, max-snippet:-1, max-image-preview:large, max-video-preview:-1\" \/>\n<link rel=\"canonical\" href=\"https:\/\/shop.bantam.ch\/fr\/produit\/metal-nano-gel-mat-blanc-pour-verres-magnetiques\/\" \/>\n<meta property=\"og:locale\" content=\"fr_FR\" \/>\n<meta property=\"og:type\" content=\"article\" \/>\n<meta property=\"og:title\" content=\"Tapis gel nano-m\u00e9tal silwy WHITE pour verres aimant\u00e9s blanc - Bantam Wankm\u00fcller SA\" \/>\n<meta property=\"og:description\" content=\"Support et syst\u00e8me de rangement pour vos verres magn\u00e9tiques silwy. La surface antid\u00e9rapante sp\u00e9ciale offre une adh\u00e9rence suppl\u00e9mentaire. Des verres qui restent stables m\u00eame sur des routes irr\u00e9guli\u00e8res ou en mer. Le support m\u00e9tallique peut \u00eatre coup\u00e9 avec des ciseaux m\u00e9nagers.\" \/>\n<meta property=\"og:url\" content=\"https:\/\/shop.bantam.ch\/fr\/produit\/metal-nano-gel-mat-blanc-pour-verres-magnetiques\/\" \/>\n<meta property=\"og:site_name\" content=\"Bantam Wankm\u00fcller SA\" \/>\n<meta property=\"article:modified_time\" content=\"2026-04-22T19:46:14+00:00\" \/>\n<meta property=\"og:image\" content=\"https:\/\/shop.bantam.ch\/wp-content\/uploads\/2023\/02\/998456711.jpg\" \/>\n\t<meta property=\"og:image:width\" content=\"1000\" \/>\n\t<meta property=\"og:image:height\" content=\"762\" \/>\n\t<meta property=\"og:image:type\" content=\"image\/jpeg\" \/>\n<meta name=\"twitter:card\" content=\"summary_large_image\" \/>\n<script type=\"application\/ld+json\" class=\"yoast-schema-graph\">{\"@context\":\"https:\\\/\\\/schema.org\",\"@graph\":[{\"@type\":\"WebPage\",\"@id\":\"https:\\\/\\\/shop.bantam.ch\\\/fr\\\/produit\\\/metal-nano-gel-mat-blanc-pour-verres-magnetiques\\\/\",\"url\":\"https:\\\/\\\/shop.bantam.ch\\\/fr\\\/produit\\\/metal-nano-gel-mat-blanc-pour-verres-magnetiques\\\/\",\"name\":\"Tapis gel nano-m\u00e9tal silwy WHITE pour verres aimant\u00e9s blanc - Bantam Wankm\u00fcller SA\",\"isPartOf\":{\"@id\":\"https:\\\/\\\/shop.bantam.ch\\\/fr\\\/#website\"},\"primaryImageOfPage\":{\"@id\":\"https:\\\/\\\/shop.bantam.ch\\\/fr\\\/produit\\\/metal-nano-gel-mat-blanc-pour-verres-magnetiques\\\/#primaryimage\"},\"image\":{\"@id\":\"https:\\\/\\\/shop.bantam.ch\\\/fr\\\/produit\\\/metal-nano-gel-mat-blanc-pour-verres-magnetiques\\\/#primaryimage\"},\"thumbnailUrl\":\"https:\\\/\\\/shop.bantam.ch\\\/wp-content\\\/uploads\\\/2023\\\/02\\\/998456711.jpg\",\"datePublished\":\"2023-02-28T21:25:09+00:00\",\"dateModified\":\"2026-04-22T19:46:14+00:00\",\"breadcrumb\":{\"@id\":\"https:\\\/\\\/shop.bantam.ch\\\/fr\\\/produit\\\/metal-nano-gel-mat-blanc-pour-verres-magnetiques\\\/#breadcrumb\"},\"inLanguage\":\"fr-FR\",\"potentialAction\":[{\"@type\":\"ReadAction\",\"target\":[\"https:\\\/\\\/shop.bantam.ch\\\/fr\\\/produit\\\/metal-nano-gel-mat-blanc-pour-verres-magnetiques\\\/\"]}]},{\"@type\":\"ImageObject\",\"inLanguage\":\"fr-FR\",\"@id\":\"https:\\\/\\\/shop.bantam.ch\\\/fr\\\/produit\\\/metal-nano-gel-mat-blanc-pour-verres-magnetiques\\\/#primaryimage\",\"url\":\"https:\\\/\\\/shop.bantam.ch\\\/wp-content\\\/uploads\\\/2023\\\/02\\\/998456711.jpg\",\"contentUrl\":\"https:\\\/\\\/shop.bantam.ch\\\/wp-content\\\/uploads\\\/2023\\\/02\\\/998456711.jpg\",\"width\":1000,\"height\":762},{\"@type\":\"BreadcrumbList\",\"@id\":\"https:\\\/\\\/shop.bantam.ch\\\/fr\\\/produit\\\/metal-nano-gel-mat-blanc-pour-verres-magnetiques\\\/#breadcrumb\",\"itemListElement\":[{\"@type\":\"ListItem\",\"position\":1,\"name\":\"Accueil\",\"item\":\"https:\\\/\\\/shop.bantam.ch\\\/fr\\\/\"},{\"@type\":\"ListItem\",\"position\":2,\"name\":\"Boutique\",\"item\":\"https:\\\/\\\/shop.bantam.ch\\\/fr\\\/boutique\\\/\"},{\"@type\":\"ListItem\",\"position\":3,\"name\":\"Tapis gel nano-m\u00e9tal silwy WHITE pour verres aimant\u00e9s blanc\"}]},{\"@type\":\"WebSite\",\"@id\":\"https:\\\/\\\/shop.bantam.ch\\\/fr\\\/#website\",\"url\":\"https:\\\/\\\/shop.bantam.ch\\\/fr\\\/\",\"name\":\"Bantam Wankm\u00fcller SA\",\"description\":\"\",\"publisher\":{\"@id\":\"https:\\\/\\\/shop.bantam.ch\\\/fr\\\/#organization\"},\"inLanguage\":\"fr-FR\"},{\"@type\":\"Organization\",\"@id\":\"https:\\\/\\\/shop.bantam.ch\\\/fr\\\/#organization\",\"name\":\"Bantam Wankm\u00fcller SA\",\"url\":\"https:\\\/\\\/shop.bantam.ch\\\/fr\\\/\",\"logo\":{\"@type\":\"ImageObject\",\"inLanguage\":\"fr-FR\",\"@id\":\"https:\\\/\\\/shop.bantam.ch\\\/fr\\\/#\\\/schema\\\/logo\\\/image\\\/\",\"url\":\"https:\\\/\\\/shop.bantam.ch\\\/wp-content\\\/uploads\\\/2022\\\/12\\\/bantam-logo.png\",\"contentUrl\":\"https:\\\/\\\/shop.bantam.ch\\\/wp-content\\\/uploads\\\/2022\\\/12\\\/bantam-logo.png\",\"width\":320,\"height\":71,\"caption\":\"Bantam Wankm\u00fcller SA\"},\"image\":{\"@id\":\"https:\\\/\\\/shop.bantam.ch\\\/fr\\\/#\\\/schema\\\/logo\\\/image\\\/\"}}]}<\/script>\n<!-- \/ Yoast SEO plugin. -->","yoast_head_json":{"title":"Tapis gel nano-m\u00e9tal silwy WHITE pour verres aimant\u00e9s blanc - Bantam Wankm\u00fcller SA","robots":{"index":"index","follow":"follow","max-snippet":"max-snippet:-1","max-image-preview":"max-image-preview:large","max-video-preview":"max-video-preview:-1"},"canonical":"https:\/\/shop.bantam.ch\/fr\/produit\/metal-nano-gel-mat-blanc-pour-verres-magnetiques\/","og_locale":"fr_FR","og_type":"article","og_title":"Tapis gel nano-m\u00e9tal silwy WHITE pour verres aimant\u00e9s blanc - Bantam Wankm\u00fcller SA","og_description":"Support et syst\u00e8me de rangement pour vos verres magn\u00e9tiques silwy. La surface antid\u00e9rapante sp\u00e9ciale offre une adh\u00e9rence suppl\u00e9mentaire. Des verres qui restent stables m\u00eame sur des routes irr\u00e9guli\u00e8res ou en mer. Le support m\u00e9tallique peut \u00eatre coup\u00e9 avec des ciseaux m\u00e9nagers.","og_url":"https:\/\/shop.bantam.ch\/fr\/produit\/metal-nano-gel-mat-blanc-pour-verres-magnetiques\/","og_site_name":"Bantam Wankm\u00fcller SA","article_modified_time":"2026-04-22T19:46:14+00:00","og_image":[{"width":1000,"height":762,"url":"https:\/\/shop.bantam.ch\/wp-content\/uploads\/2023\/02\/998456711.jpg","type":"image\/jpeg"}],"twitter_card":"summary_large_image","schema":{"@context":"https:\/\/schema.org","@graph":[{"@type":"WebPage","@id":"https:\/\/shop.bantam.ch\/fr\/produit\/metal-nano-gel-mat-blanc-pour-verres-magnetiques\/","url":"https:\/\/shop.bantam.ch\/fr\/produit\/metal-nano-gel-mat-blanc-pour-verres-magnetiques\/","name":"Tapis gel nano-m\u00e9tal silwy WHITE pour verres aimant\u00e9s blanc - Bantam Wankm\u00fcller SA","isPartOf":{"@id":"https:\/\/shop.bantam.ch\/fr\/#website"},"primaryImageOfPage":{"@id":"https:\/\/shop.bantam.ch\/fr\/produit\/metal-nano-gel-mat-blanc-pour-verres-magnetiques\/#primaryimage"},"image":{"@id":"https:\/\/shop.bantam.ch\/fr\/produit\/metal-nano-gel-mat-blanc-pour-verres-magnetiques\/#primaryimage"},"thumbnailUrl":"https:\/\/shop.bantam.ch\/wp-content\/uploads\/2023\/02\/998456711.jpg","datePublished":"2023-02-28T21:25:09+00:00","dateModified":"2026-04-22T19:46:14+00:00","breadcrumb":{"@id":"https:\/\/shop.bantam.ch\/fr\/produit\/metal-nano-gel-mat-blanc-pour-verres-magnetiques\/#breadcrumb"},"inLanguage":"fr-FR","potentialAction":[{"@type":"ReadAction","target":["https:\/\/shop.bantam.ch\/fr\/produit\/metal-nano-gel-mat-blanc-pour-verres-magnetiques\/"]}]},{"@type":"ImageObject","inLanguage":"fr-FR","@id":"https:\/\/shop.bantam.ch\/fr\/produit\/metal-nano-gel-mat-blanc-pour-verres-magnetiques\/#primaryimage","url":"https:\/\/shop.bantam.ch\/wp-content\/uploads\/2023\/02\/998456711.jpg","contentUrl":"https:\/\/shop.bantam.ch\/wp-content\/uploads\/2023\/02\/998456711.jpg","width":1000,"height":762},{"@type":"BreadcrumbList","@id":"https:\/\/shop.bantam.ch\/fr\/produit\/metal-nano-gel-mat-blanc-pour-verres-magnetiques\/#breadcrumb","itemListElement":[{"@type":"ListItem","position":1,"name":"Accueil","item":"https:\/\/shop.bantam.ch\/fr\/"},{"@type":"ListItem","position":2,"name":"Boutique","item":"https:\/\/shop.bantam.ch\/fr\/boutique\/"},{"@type":"ListItem","position":3,"name":"Tapis gel nano-m\u00e9tal silwy WHITE pour verres aimant\u00e9s blanc"}]},{"@type":"WebSite","@id":"https:\/\/shop.bantam.ch\/fr\/#website","url":"https:\/\/shop.bantam.ch\/fr\/","name":"Bantam Wankm\u00fcller SA","description":"","publisher":{"@id":"https:\/\/shop.bantam.ch\/fr\/#organization"},"inLanguage":"fr-FR"},{"@type":"Organization","@id":"https:\/\/shop.bantam.ch\/fr\/#organization","name":"Bantam Wankm\u00fcller SA","url":"https:\/\/shop.bantam.ch\/fr\/","logo":{"@type":"ImageObject","inLanguage":"fr-FR","@id":"https:\/\/shop.bantam.ch\/fr\/#\/schema\/logo\/image\/","url":"https:\/\/shop.bantam.ch\/wp-content\/uploads\/2022\/12\/bantam-logo.png","contentUrl":"https:\/\/shop.bantam.ch\/wp-content\/uploads\/2022\/12\/bantam-logo.png","width":320,"height":71,"caption":"Bantam Wankm\u00fcller SA"},"image":{"@id":"https:\/\/shop.bantam.ch\/fr\/#\/schema\/logo\/image\/"}}]}},"_links":{"self":[{"href":"https:\/\/shop.bantam.ch\/fr\/wp-json\/wp\/v2\/product\/117120","targetHints":{"allow":["GET"]}}],"collection":[{"href":"https:\/\/shop.bantam.ch\/fr\/wp-json\/wp\/v2\/product"}],"about":[{"href":"https:\/\/shop.bantam.ch\/fr\/wp-json\/wp\/v2\/types\/product"}],"wp:featuredmedia":[{"embeddable":true,"href":"https:\/\/shop.bantam.ch\/fr\/wp-json\/wp\/v2\/media\/117108"}],"wp:attachment":[{"href":"https:\/\/shop.bantam.ch\/fr\/wp-json\/wp\/v2\/media?parent=117120"}],"wp:term":[{"taxonomy":"product_featured_cat","embeddable":true,"href":"https:\/\/shop.bantam.ch\/fr\/wp-json\/wp\/v2\/product_featured_cat?post=117120"},{"taxonomy":"product_brand","embeddable":true,"href":"https:\/\/shop.bantam.ch\/fr\/wp-json\/wp\/v2\/product_brand?post=117120"},{"taxonomy":"product_cat","embeddable":true,"href":"https:\/\/shop.bantam.ch\/fr\/wp-json\/wp\/v2\/product_cat?post=117120"},{"taxonomy":"product_tag","embeddable":true,"href":"https:\/\/shop.bantam.ch\/fr\/wp-json\/wp\/v2\/product_tag?post=117120"}],"curies":[{"name":"wp","href":"https:\/\/api.w.org\/{rel}","templated":true}]}}