{"id":117106,"date":"2023-02-28T22:25:02","date_gmt":"2023-02-28T21:25:02","guid":{"rendered":"https:\/\/shop.bantam.ch\/produit\/tasse-en-porcelaine-a-emporter-de-couleur-blanche-avec-sous-tasse-noire\/"},"modified":"2026-05-10T21:45:45","modified_gmt":"2026-05-10T19:45:45","slug":"tasse-en-porcelaine-a-emporter-de-couleur-blanche-avec-sous-tasse-noire","status":"publish","type":"product","link":"https:\/\/shop.bantam.ch\/fr\/produit\/tasse-en-porcelaine-a-emporter-de-couleur-blanche-avec-sous-tasse-noire\/","title":{"rendered":"TO-GO-CUP silwy en porcelaine 1 gobelet +1 pad+1 couv. blanc avec sous-verre BLACK"},"content":{"rendered":"<p>Tasse \u00e0 emporter stable en porcelaine. Les supports m\u00e9talliques en nano-gel aspect cuir sont lavables, amovibles sans laisser de r\u00e9sidus et r\u00e9utilisables. Peuvent \u00eatre rang\u00e9es en position verticale dans le placard avec les supports silwy ou la planche en m\u00e9tal silwy.<\/p>\n<p>Contenu de la livraison :<br \/>Sous-tasses incluses<br \/>Couvercle sous vide avec gourde refermable <br \/>Banderole de protection contre la chaleur<\/p>\n","protected":false},"excerpt":{"rendered":"<p>Tasse \u00e0 emporter stable en porcelaine. Les supports m\u00e9talliques en nano-gel aspect cuir sont lavables, amovibles sans laisser de r\u00e9sidus et r\u00e9utilisables. Peuvent \u00eatre rang\u00e9es en position verticale dans le placard avec les supports silwy ou la planche en m\u00e9tal silwy. Contenu de la livraison :Sous-tasses inclusesCouvercle sous vide avec gourde refermable Banderole de protection [&hellip;]<\/p>\n","protected":false},"featured_media":117096,"template":"","meta":{"_acf_changed":false},"product_featured_cat":[],"product_brand":[3072],"product_cat":[4327],"product_tag":[],"class_list":{"0":"post-117106","1":"product","2":"type-product","3":"status-publish","4":"has-post-thumbnail","6":"product_brand-silwy","7":"product_cat-bouteilles-isothermes-et-gobelets","9":"first","10":"instock","11":"taxable","12":"shipping-taxable","13":"purchasable","14":"product-type-simple"},"acf":[],"yoast_head":"<!-- This site is optimized with the Yoast SEO plugin v27.5 - https:\/\/yoast.com\/product\/yoast-seo-wordpress\/ -->\n<title>TO-GO-CUP silwy en porcelaine 1 gobelet +1 pad+1 couv. blanc avec sous-verre BLACK - Bantam<\/title>\n<meta name=\"robots\" content=\"index, follow, max-snippet:-1, max-image-preview:large, max-video-preview:-1\" \/>\n<link rel=\"canonical\" href=\"https:\/\/shop.bantam.ch\/fr\/produit\/tasse-en-porcelaine-a-emporter-de-couleur-blanche-avec-sous-tasse-noire\/\" \/>\n<meta property=\"og:locale\" content=\"fr_FR\" \/>\n<meta property=\"og:type\" content=\"article\" \/>\n<meta property=\"og:title\" content=\"TO-GO-CUP silwy en porcelaine 1 gobelet +1 pad+1 couv. blanc avec sous-verre BLACK - Bantam\" \/>\n<meta property=\"og:description\" content=\"Tasse \u00e0 emporter stable en porcelaine. Les supports m\u00e9talliques en nano-gel aspect cuir sont lavables, amovibles sans laisser de r\u00e9sidus et r\u00e9utilisables. Peuvent \u00eatre rang\u00e9es en position verticale dans le placard avec les supports silwy ou la planche en m\u00e9tal silwy. Contenu de la livraison :Sous-tasses inclusesCouvercle sous vide avec gourde refermable Banderole de protection [&hellip;]\" \/>\n<meta property=\"og:url\" content=\"https:\/\/shop.bantam.ch\/fr\/produit\/tasse-en-porcelaine-a-emporter-de-couleur-blanche-avec-sous-tasse-noire\/\" \/>\n<meta property=\"og:site_name\" content=\"Bantam\" \/>\n<meta property=\"article:modified_time\" content=\"2026-05-10T19:45:45+00:00\" \/>\n<meta property=\"og:image\" content=\"https:\/\/shop.bantam.ch\/wp-content\/uploads\/2023\/02\/998456611.jpg\" \/>\n\t<meta property=\"og:image:width\" content=\"1000\" \/>\n\t<meta property=\"og:image:height\" content=\"1000\" \/>\n\t<meta property=\"og:image:type\" content=\"image\/jpeg\" \/>\n<meta name=\"twitter:card\" content=\"summary_large_image\" \/>\n<script type=\"application\/ld+json\" class=\"yoast-schema-graph\">{\"@context\":\"https:\\\/\\\/schema.org\",\"@graph\":[{\"@type\":\"WebPage\",\"@id\":\"https:\\\/\\\/shop.bantam.ch\\\/fr\\\/produit\\\/tasse-en-porcelaine-a-emporter-de-couleur-blanche-avec-sous-tasse-noire\\\/\",\"url\":\"https:\\\/\\\/shop.bantam.ch\\\/fr\\\/produit\\\/tasse-en-porcelaine-a-emporter-de-couleur-blanche-avec-sous-tasse-noire\\\/\",\"name\":\"TO-GO-CUP silwy en porcelaine 1 gobelet +1 pad+1 couv. blanc avec sous-verre BLACK - Bantam\",\"isPartOf\":{\"@id\":\"https:\\\/\\\/shop.bantam.ch\\\/fr\\\/#website\"},\"primaryImageOfPage\":{\"@id\":\"https:\\\/\\\/shop.bantam.ch\\\/fr\\\/produit\\\/tasse-en-porcelaine-a-emporter-de-couleur-blanche-avec-sous-tasse-noire\\\/#primaryimage\"},\"image\":{\"@id\":\"https:\\\/\\\/shop.bantam.ch\\\/fr\\\/produit\\\/tasse-en-porcelaine-a-emporter-de-couleur-blanche-avec-sous-tasse-noire\\\/#primaryimage\"},\"thumbnailUrl\":\"https:\\\/\\\/shop.bantam.ch\\\/wp-content\\\/uploads\\\/2023\\\/02\\\/998456611.jpg\",\"datePublished\":\"2023-02-28T21:25:02+00:00\",\"dateModified\":\"2026-05-10T19:45:45+00:00\",\"breadcrumb\":{\"@id\":\"https:\\\/\\\/shop.bantam.ch\\\/fr\\\/produit\\\/tasse-en-porcelaine-a-emporter-de-couleur-blanche-avec-sous-tasse-noire\\\/#breadcrumb\"},\"inLanguage\":\"fr-FR\",\"potentialAction\":[{\"@type\":\"ReadAction\",\"target\":[\"https:\\\/\\\/shop.bantam.ch\\\/fr\\\/produit\\\/tasse-en-porcelaine-a-emporter-de-couleur-blanche-avec-sous-tasse-noire\\\/\"]}]},{\"@type\":\"ImageObject\",\"inLanguage\":\"fr-FR\",\"@id\":\"https:\\\/\\\/shop.bantam.ch\\\/fr\\\/produit\\\/tasse-en-porcelaine-a-emporter-de-couleur-blanche-avec-sous-tasse-noire\\\/#primaryimage\",\"url\":\"https:\\\/\\\/shop.bantam.ch\\\/wp-content\\\/uploads\\\/2023\\\/02\\\/998456611.jpg\",\"contentUrl\":\"https:\\\/\\\/shop.bantam.ch\\\/wp-content\\\/uploads\\\/2023\\\/02\\\/998456611.jpg\",\"width\":1000,\"height\":1000},{\"@type\":\"BreadcrumbList\",\"@id\":\"https:\\\/\\\/shop.bantam.ch\\\/fr\\\/produit\\\/tasse-en-porcelaine-a-emporter-de-couleur-blanche-avec-sous-tasse-noire\\\/#breadcrumb\",\"itemListElement\":[{\"@type\":\"ListItem\",\"position\":1,\"name\":\"Accueil\",\"item\":\"https:\\\/\\\/shop.bantam.ch\\\/fr\\\/\"},{\"@type\":\"ListItem\",\"position\":2,\"name\":\"Boutique\",\"item\":\"https:\\\/\\\/shop.bantam.ch\\\/fr\\\/boutique\\\/\"},{\"@type\":\"ListItem\",\"position\":3,\"name\":\"TO-GO-CUP silwy en porcelaine 1 gobelet +1 pad+1 couv. blanc avec sous-verre BLACK\"}]},{\"@type\":\"WebSite\",\"@id\":\"https:\\\/\\\/shop.bantam.ch\\\/fr\\\/#website\",\"url\":\"https:\\\/\\\/shop.bantam.ch\\\/fr\\\/\",\"name\":\"Bantam\",\"description\":\"\",\"publisher\":{\"@id\":\"https:\\\/\\\/shop.bantam.ch\\\/fr\\\/#organization\"},\"inLanguage\":\"fr-FR\"},{\"@type\":\"Organization\",\"@id\":\"https:\\\/\\\/shop.bantam.ch\\\/fr\\\/#organization\",\"name\":\"Bantam\",\"url\":\"https:\\\/\\\/shop.bantam.ch\\\/fr\\\/\",\"logo\":{\"@type\":\"ImageObject\",\"inLanguage\":\"fr-FR\",\"@id\":\"https:\\\/\\\/shop.bantam.ch\\\/fr\\\/#\\\/schema\\\/logo\\\/image\\\/\",\"url\":\"https:\\\/\\\/shop.bantam.ch\\\/wp-content\\\/uploads\\\/2022\\\/12\\\/bantam-logo.png\",\"contentUrl\":\"https:\\\/\\\/shop.bantam.ch\\\/wp-content\\\/uploads\\\/2022\\\/12\\\/bantam-logo.png\",\"width\":320,\"height\":71,\"caption\":\"Bantam\"},\"image\":{\"@id\":\"https:\\\/\\\/shop.bantam.ch\\\/fr\\\/#\\\/schema\\\/logo\\\/image\\\/\"}}]}<\/script>\n<!-- \/ Yoast SEO plugin. -->","yoast_head_json":{"title":"TO-GO-CUP silwy en porcelaine 1 gobelet +1 pad+1 couv. blanc avec sous-verre BLACK - Bantam","robots":{"index":"index","follow":"follow","max-snippet":"max-snippet:-1","max-image-preview":"max-image-preview:large","max-video-preview":"max-video-preview:-1"},"canonical":"https:\/\/shop.bantam.ch\/fr\/produit\/tasse-en-porcelaine-a-emporter-de-couleur-blanche-avec-sous-tasse-noire\/","og_locale":"fr_FR","og_type":"article","og_title":"TO-GO-CUP silwy en porcelaine 1 gobelet +1 pad+1 couv. blanc avec sous-verre BLACK - Bantam","og_description":"Tasse \u00e0 emporter stable en porcelaine. Les supports m\u00e9talliques en nano-gel aspect cuir sont lavables, amovibles sans laisser de r\u00e9sidus et r\u00e9utilisables. Peuvent \u00eatre rang\u00e9es en position verticale dans le placard avec les supports silwy ou la planche en m\u00e9tal silwy. Contenu de la livraison :Sous-tasses inclusesCouvercle sous vide avec gourde refermable Banderole de protection [&hellip;]","og_url":"https:\/\/shop.bantam.ch\/fr\/produit\/tasse-en-porcelaine-a-emporter-de-couleur-blanche-avec-sous-tasse-noire\/","og_site_name":"Bantam","article_modified_time":"2026-05-10T19:45:45+00:00","og_image":[{"width":1000,"height":1000,"url":"https:\/\/shop.bantam.ch\/wp-content\/uploads\/2023\/02\/998456611.jpg","type":"image\/jpeg"}],"twitter_card":"summary_large_image","schema":{"@context":"https:\/\/schema.org","@graph":[{"@type":"WebPage","@id":"https:\/\/shop.bantam.ch\/fr\/produit\/tasse-en-porcelaine-a-emporter-de-couleur-blanche-avec-sous-tasse-noire\/","url":"https:\/\/shop.bantam.ch\/fr\/produit\/tasse-en-porcelaine-a-emporter-de-couleur-blanche-avec-sous-tasse-noire\/","name":"TO-GO-CUP silwy en porcelaine 1 gobelet +1 pad+1 couv. blanc avec sous-verre BLACK - Bantam","isPartOf":{"@id":"https:\/\/shop.bantam.ch\/fr\/#website"},"primaryImageOfPage":{"@id":"https:\/\/shop.bantam.ch\/fr\/produit\/tasse-en-porcelaine-a-emporter-de-couleur-blanche-avec-sous-tasse-noire\/#primaryimage"},"image":{"@id":"https:\/\/shop.bantam.ch\/fr\/produit\/tasse-en-porcelaine-a-emporter-de-couleur-blanche-avec-sous-tasse-noire\/#primaryimage"},"thumbnailUrl":"https:\/\/shop.bantam.ch\/wp-content\/uploads\/2023\/02\/998456611.jpg","datePublished":"2023-02-28T21:25:02+00:00","dateModified":"2026-05-10T19:45:45+00:00","breadcrumb":{"@id":"https:\/\/shop.bantam.ch\/fr\/produit\/tasse-en-porcelaine-a-emporter-de-couleur-blanche-avec-sous-tasse-noire\/#breadcrumb"},"inLanguage":"fr-FR","potentialAction":[{"@type":"ReadAction","target":["https:\/\/shop.bantam.ch\/fr\/produit\/tasse-en-porcelaine-a-emporter-de-couleur-blanche-avec-sous-tasse-noire\/"]}]},{"@type":"ImageObject","inLanguage":"fr-FR","@id":"https:\/\/shop.bantam.ch\/fr\/produit\/tasse-en-porcelaine-a-emporter-de-couleur-blanche-avec-sous-tasse-noire\/#primaryimage","url":"https:\/\/shop.bantam.ch\/wp-content\/uploads\/2023\/02\/998456611.jpg","contentUrl":"https:\/\/shop.bantam.ch\/wp-content\/uploads\/2023\/02\/998456611.jpg","width":1000,"height":1000},{"@type":"BreadcrumbList","@id":"https:\/\/shop.bantam.ch\/fr\/produit\/tasse-en-porcelaine-a-emporter-de-couleur-blanche-avec-sous-tasse-noire\/#breadcrumb","itemListElement":[{"@type":"ListItem","position":1,"name":"Accueil","item":"https:\/\/shop.bantam.ch\/fr\/"},{"@type":"ListItem","position":2,"name":"Boutique","item":"https:\/\/shop.bantam.ch\/fr\/boutique\/"},{"@type":"ListItem","position":3,"name":"TO-GO-CUP silwy en porcelaine 1 gobelet +1 pad+1 couv. blanc avec sous-verre BLACK"}]},{"@type":"WebSite","@id":"https:\/\/shop.bantam.ch\/fr\/#website","url":"https:\/\/shop.bantam.ch\/fr\/","name":"Bantam","description":"","publisher":{"@id":"https:\/\/shop.bantam.ch\/fr\/#organization"},"inLanguage":"fr-FR"},{"@type":"Organization","@id":"https:\/\/shop.bantam.ch\/fr\/#organization","name":"Bantam","url":"https:\/\/shop.bantam.ch\/fr\/","logo":{"@type":"ImageObject","inLanguage":"fr-FR","@id":"https:\/\/shop.bantam.ch\/fr\/#\/schema\/logo\/image\/","url":"https:\/\/shop.bantam.ch\/wp-content\/uploads\/2022\/12\/bantam-logo.png","contentUrl":"https:\/\/shop.bantam.ch\/wp-content\/uploads\/2022\/12\/bantam-logo.png","width":320,"height":71,"caption":"Bantam"},"image":{"@id":"https:\/\/shop.bantam.ch\/fr\/#\/schema\/logo\/image\/"}}]}},"_links":{"self":[{"href":"https:\/\/shop.bantam.ch\/fr\/wp-json\/wp\/v2\/product\/117106","targetHints":{"allow":["GET"]}}],"collection":[{"href":"https:\/\/shop.bantam.ch\/fr\/wp-json\/wp\/v2\/product"}],"about":[{"href":"https:\/\/shop.bantam.ch\/fr\/wp-json\/wp\/v2\/types\/product"}],"wp:featuredmedia":[{"embeddable":true,"href":"https:\/\/shop.bantam.ch\/fr\/wp-json\/wp\/v2\/media\/117096"}],"wp:attachment":[{"href":"https:\/\/shop.bantam.ch\/fr\/wp-json\/wp\/v2\/media?parent=117106"}],"wp:term":[{"taxonomy":"product_featured_cat","embeddable":true,"href":"https:\/\/shop.bantam.ch\/fr\/wp-json\/wp\/v2\/product_featured_cat?post=117106"},{"taxonomy":"product_brand","embeddable":true,"href":"https:\/\/shop.bantam.ch\/fr\/wp-json\/wp\/v2\/product_brand?post=117106"},{"taxonomy":"product_cat","embeddable":true,"href":"https:\/\/shop.bantam.ch\/fr\/wp-json\/wp\/v2\/product_cat?post=117106"},{"taxonomy":"product_tag","embeddable":true,"href":"https:\/\/shop.bantam.ch\/fr\/wp-json\/wp\/v2\/product_tag?post=117106"}],"curies":[{"name":"wp","href":"https:\/\/api.w.org\/{rel}","templated":true}]}}