{"id":117094,"date":"2023-02-28T22:24:54","date_gmt":"2023-02-28T21:24:54","guid":{"rendered":"https:\/\/shop.bantam.ch\/produit\/tasses-en-porcelaine-avec-poignees-magnetiques-lot-de-2-couleur-blanche-avec-supports-metalliques-en-nano-gel-noir\/"},"modified":"2026-05-11T21:44:11","modified_gmt":"2026-05-11T19:44:11","slug":"tasses-en-porcelaine-avec-poignees-magnetiques-lot-de-2-couleur-blanche-avec-supports-metalliques-en-nano-gel-noir","status":"publish","type":"product","link":"https:\/\/shop.bantam.ch\/fr\/produit\/tasses-en-porcelaine-avec-poignees-magnetiques-lot-de-2-couleur-blanche-avec-supports-metalliques-en-nano-gel-noir\/","title":{"rendered":"Tasse \u00e0 anse magn. silwy porcelaine, lot de 2, blanc avec pads en gel nano-m\u00e9tal BLACK"},"content":{"rendered":"<p>Tasses classiques et stables en porcelaine avec un aimant int\u00e9gr\u00e9 dans le fond de la tasse. Les coussinets m\u00e9talliques en nano-gel aspect cuir sont lavables, amovibles sans laisser de r\u00e9sidus et r\u00e9utilisables. Peuvent \u00eatre rang\u00e9es en position verticale dans le placard avec les supports silwy ou la planche en m\u00e9tal silwy.<\/p>\n<p>Ensemble de 2 pi\u00e8ces comprenant :<\/p>\n<ul>\n<li>2\u00a0tasses \u00d8 9\u00a0cm<\/li>\n<\/ul>\n","protected":false},"excerpt":{"rendered":"<p>Tasses classiques et stables en porcelaine avec un aimant int\u00e9gr\u00e9 dans le fond de la tasse. Les coussinets m\u00e9talliques en nano-gel aspect cuir sont lavables, amovibles sans laisser de r\u00e9sidus et r\u00e9utilisables. Peuvent \u00eatre rang\u00e9es en position verticale dans le placard avec les supports silwy ou la planche en m\u00e9tal silwy. Ensemble de 2 pi\u00e8ces [&hellip;]<\/p>\n","protected":false},"featured_media":117084,"template":"","meta":{"_acf_changed":false},"product_featured_cat":[],"product_brand":[3072],"product_cat":[4269],"product_tag":[],"class_list":{"0":"post-117094","1":"product","2":"type-product","3":"status-publish","4":"has-post-thumbnail","6":"product_brand-silwy","7":"product_cat-gobelets-tasses-et-verres","9":"first","10":"instock","11":"taxable","12":"shipping-taxable","13":"purchasable","14":"product-type-simple"},"acf":[],"yoast_head":"<!-- This site is optimized with the Yoast SEO plugin v27.5 - https:\/\/yoast.com\/product\/yoast-seo-wordpress\/ -->\n<title>Tasse \u00e0 anse magn. silwy porcelaine, lot de 2, blanc avec pads en gel nano-m\u00e9tal BLACK - Bantam<\/title>\n<meta name=\"robots\" content=\"index, follow, max-snippet:-1, max-image-preview:large, max-video-preview:-1\" \/>\n<link rel=\"canonical\" href=\"https:\/\/shop.bantam.ch\/fr\/produit\/tasses-en-porcelaine-avec-poignees-magnetiques-lot-de-2-couleur-blanche-avec-supports-metalliques-en-nano-gel-noir\/\" \/>\n<meta property=\"og:locale\" content=\"fr_FR\" \/>\n<meta property=\"og:type\" content=\"article\" \/>\n<meta property=\"og:title\" content=\"Tasse \u00e0 anse magn. silwy porcelaine, lot de 2, blanc avec pads en gel nano-m\u00e9tal BLACK - Bantam\" \/>\n<meta property=\"og:description\" content=\"Tasses classiques et stables en porcelaine avec un aimant int\u00e9gr\u00e9 dans le fond de la tasse. Les coussinets m\u00e9talliques en nano-gel aspect cuir sont lavables, amovibles sans laisser de r\u00e9sidus et r\u00e9utilisables. Peuvent \u00eatre rang\u00e9es en position verticale dans le placard avec les supports silwy ou la planche en m\u00e9tal silwy. Ensemble de 2 pi\u00e8ces [&hellip;]\" \/>\n<meta property=\"og:url\" content=\"https:\/\/shop.bantam.ch\/fr\/produit\/tasses-en-porcelaine-avec-poignees-magnetiques-lot-de-2-couleur-blanche-avec-supports-metalliques-en-nano-gel-noir\/\" \/>\n<meta property=\"og:site_name\" content=\"Bantam\" \/>\n<meta property=\"article:modified_time\" content=\"2026-05-11T19:44:11+00:00\" \/>\n<meta property=\"og:image\" content=\"https:\/\/shop.bantam.ch\/wp-content\/uploads\/2023\/02\/998456511.jpg\" \/>\n\t<meta property=\"og:image:width\" content=\"1000\" \/>\n\t<meta property=\"og:image:height\" content=\"1000\" \/>\n\t<meta property=\"og:image:type\" content=\"image\/jpeg\" \/>\n<meta name=\"twitter:card\" content=\"summary_large_image\" \/>\n<script type=\"application\/ld+json\" class=\"yoast-schema-graph\">{\"@context\":\"https:\\\/\\\/schema.org\",\"@graph\":[{\"@type\":\"WebPage\",\"@id\":\"https:\\\/\\\/shop.bantam.ch\\\/fr\\\/produit\\\/tasses-en-porcelaine-avec-poignees-magnetiques-lot-de-2-couleur-blanche-avec-supports-metalliques-en-nano-gel-noir\\\/\",\"url\":\"https:\\\/\\\/shop.bantam.ch\\\/fr\\\/produit\\\/tasses-en-porcelaine-avec-poignees-magnetiques-lot-de-2-couleur-blanche-avec-supports-metalliques-en-nano-gel-noir\\\/\",\"name\":\"Tasse \u00e0 anse magn. silwy porcelaine, lot de 2, blanc avec pads en gel nano-m\u00e9tal BLACK - Bantam\",\"isPartOf\":{\"@id\":\"https:\\\/\\\/shop.bantam.ch\\\/fr\\\/#website\"},\"primaryImageOfPage\":{\"@id\":\"https:\\\/\\\/shop.bantam.ch\\\/fr\\\/produit\\\/tasses-en-porcelaine-avec-poignees-magnetiques-lot-de-2-couleur-blanche-avec-supports-metalliques-en-nano-gel-noir\\\/#primaryimage\"},\"image\":{\"@id\":\"https:\\\/\\\/shop.bantam.ch\\\/fr\\\/produit\\\/tasses-en-porcelaine-avec-poignees-magnetiques-lot-de-2-couleur-blanche-avec-supports-metalliques-en-nano-gel-noir\\\/#primaryimage\"},\"thumbnailUrl\":\"https:\\\/\\\/shop.bantam.ch\\\/wp-content\\\/uploads\\\/2023\\\/02\\\/998456511.jpg\",\"datePublished\":\"2023-02-28T21:24:54+00:00\",\"dateModified\":\"2026-05-11T19:44:11+00:00\",\"breadcrumb\":{\"@id\":\"https:\\\/\\\/shop.bantam.ch\\\/fr\\\/produit\\\/tasses-en-porcelaine-avec-poignees-magnetiques-lot-de-2-couleur-blanche-avec-supports-metalliques-en-nano-gel-noir\\\/#breadcrumb\"},\"inLanguage\":\"fr-FR\",\"potentialAction\":[{\"@type\":\"ReadAction\",\"target\":[\"https:\\\/\\\/shop.bantam.ch\\\/fr\\\/produit\\\/tasses-en-porcelaine-avec-poignees-magnetiques-lot-de-2-couleur-blanche-avec-supports-metalliques-en-nano-gel-noir\\\/\"]}]},{\"@type\":\"ImageObject\",\"inLanguage\":\"fr-FR\",\"@id\":\"https:\\\/\\\/shop.bantam.ch\\\/fr\\\/produit\\\/tasses-en-porcelaine-avec-poignees-magnetiques-lot-de-2-couleur-blanche-avec-supports-metalliques-en-nano-gel-noir\\\/#primaryimage\",\"url\":\"https:\\\/\\\/shop.bantam.ch\\\/wp-content\\\/uploads\\\/2023\\\/02\\\/998456511.jpg\",\"contentUrl\":\"https:\\\/\\\/shop.bantam.ch\\\/wp-content\\\/uploads\\\/2023\\\/02\\\/998456511.jpg\",\"width\":1000,\"height\":1000},{\"@type\":\"BreadcrumbList\",\"@id\":\"https:\\\/\\\/shop.bantam.ch\\\/fr\\\/produit\\\/tasses-en-porcelaine-avec-poignees-magnetiques-lot-de-2-couleur-blanche-avec-supports-metalliques-en-nano-gel-noir\\\/#breadcrumb\",\"itemListElement\":[{\"@type\":\"ListItem\",\"position\":1,\"name\":\"Accueil\",\"item\":\"https:\\\/\\\/shop.bantam.ch\\\/fr\\\/\"},{\"@type\":\"ListItem\",\"position\":2,\"name\":\"Boutique\",\"item\":\"https:\\\/\\\/shop.bantam.ch\\\/fr\\\/boutique\\\/\"},{\"@type\":\"ListItem\",\"position\":3,\"name\":\"Tasse \u00e0 anse magn. silwy porcelaine, lot de 2, blanc avec pads en gel nano-m\u00e9tal BLACK\"}]},{\"@type\":\"WebSite\",\"@id\":\"https:\\\/\\\/shop.bantam.ch\\\/fr\\\/#website\",\"url\":\"https:\\\/\\\/shop.bantam.ch\\\/fr\\\/\",\"name\":\"Bantam\",\"description\":\"\",\"publisher\":{\"@id\":\"https:\\\/\\\/shop.bantam.ch\\\/fr\\\/#organization\"},\"inLanguage\":\"fr-FR\"},{\"@type\":\"Organization\",\"@id\":\"https:\\\/\\\/shop.bantam.ch\\\/fr\\\/#organization\",\"name\":\"Bantam\",\"url\":\"https:\\\/\\\/shop.bantam.ch\\\/fr\\\/\",\"logo\":{\"@type\":\"ImageObject\",\"inLanguage\":\"fr-FR\",\"@id\":\"https:\\\/\\\/shop.bantam.ch\\\/fr\\\/#\\\/schema\\\/logo\\\/image\\\/\",\"url\":\"https:\\\/\\\/shop.bantam.ch\\\/wp-content\\\/uploads\\\/2022\\\/12\\\/bantam-logo.png\",\"contentUrl\":\"https:\\\/\\\/shop.bantam.ch\\\/wp-content\\\/uploads\\\/2022\\\/12\\\/bantam-logo.png\",\"width\":320,\"height\":71,\"caption\":\"Bantam\"},\"image\":{\"@id\":\"https:\\\/\\\/shop.bantam.ch\\\/fr\\\/#\\\/schema\\\/logo\\\/image\\\/\"}}]}<\/script>\n<!-- \/ Yoast SEO plugin. -->","yoast_head_json":{"title":"Tasse \u00e0 anse magn. silwy porcelaine, lot de 2, blanc avec pads en gel nano-m\u00e9tal BLACK - Bantam","robots":{"index":"index","follow":"follow","max-snippet":"max-snippet:-1","max-image-preview":"max-image-preview:large","max-video-preview":"max-video-preview:-1"},"canonical":"https:\/\/shop.bantam.ch\/fr\/produit\/tasses-en-porcelaine-avec-poignees-magnetiques-lot-de-2-couleur-blanche-avec-supports-metalliques-en-nano-gel-noir\/","og_locale":"fr_FR","og_type":"article","og_title":"Tasse \u00e0 anse magn. silwy porcelaine, lot de 2, blanc avec pads en gel nano-m\u00e9tal BLACK - Bantam","og_description":"Tasses classiques et stables en porcelaine avec un aimant int\u00e9gr\u00e9 dans le fond de la tasse. Les coussinets m\u00e9talliques en nano-gel aspect cuir sont lavables, amovibles sans laisser de r\u00e9sidus et r\u00e9utilisables. Peuvent \u00eatre rang\u00e9es en position verticale dans le placard avec les supports silwy ou la planche en m\u00e9tal silwy. Ensemble de 2 pi\u00e8ces [&hellip;]","og_url":"https:\/\/shop.bantam.ch\/fr\/produit\/tasses-en-porcelaine-avec-poignees-magnetiques-lot-de-2-couleur-blanche-avec-supports-metalliques-en-nano-gel-noir\/","og_site_name":"Bantam","article_modified_time":"2026-05-11T19:44:11+00:00","og_image":[{"width":1000,"height":1000,"url":"https:\/\/shop.bantam.ch\/wp-content\/uploads\/2023\/02\/998456511.jpg","type":"image\/jpeg"}],"twitter_card":"summary_large_image","schema":{"@context":"https:\/\/schema.org","@graph":[{"@type":"WebPage","@id":"https:\/\/shop.bantam.ch\/fr\/produit\/tasses-en-porcelaine-avec-poignees-magnetiques-lot-de-2-couleur-blanche-avec-supports-metalliques-en-nano-gel-noir\/","url":"https:\/\/shop.bantam.ch\/fr\/produit\/tasses-en-porcelaine-avec-poignees-magnetiques-lot-de-2-couleur-blanche-avec-supports-metalliques-en-nano-gel-noir\/","name":"Tasse \u00e0 anse magn. silwy porcelaine, lot de 2, blanc avec pads en gel nano-m\u00e9tal BLACK - Bantam","isPartOf":{"@id":"https:\/\/shop.bantam.ch\/fr\/#website"},"primaryImageOfPage":{"@id":"https:\/\/shop.bantam.ch\/fr\/produit\/tasses-en-porcelaine-avec-poignees-magnetiques-lot-de-2-couleur-blanche-avec-supports-metalliques-en-nano-gel-noir\/#primaryimage"},"image":{"@id":"https:\/\/shop.bantam.ch\/fr\/produit\/tasses-en-porcelaine-avec-poignees-magnetiques-lot-de-2-couleur-blanche-avec-supports-metalliques-en-nano-gel-noir\/#primaryimage"},"thumbnailUrl":"https:\/\/shop.bantam.ch\/wp-content\/uploads\/2023\/02\/998456511.jpg","datePublished":"2023-02-28T21:24:54+00:00","dateModified":"2026-05-11T19:44:11+00:00","breadcrumb":{"@id":"https:\/\/shop.bantam.ch\/fr\/produit\/tasses-en-porcelaine-avec-poignees-magnetiques-lot-de-2-couleur-blanche-avec-supports-metalliques-en-nano-gel-noir\/#breadcrumb"},"inLanguage":"fr-FR","potentialAction":[{"@type":"ReadAction","target":["https:\/\/shop.bantam.ch\/fr\/produit\/tasses-en-porcelaine-avec-poignees-magnetiques-lot-de-2-couleur-blanche-avec-supports-metalliques-en-nano-gel-noir\/"]}]},{"@type":"ImageObject","inLanguage":"fr-FR","@id":"https:\/\/shop.bantam.ch\/fr\/produit\/tasses-en-porcelaine-avec-poignees-magnetiques-lot-de-2-couleur-blanche-avec-supports-metalliques-en-nano-gel-noir\/#primaryimage","url":"https:\/\/shop.bantam.ch\/wp-content\/uploads\/2023\/02\/998456511.jpg","contentUrl":"https:\/\/shop.bantam.ch\/wp-content\/uploads\/2023\/02\/998456511.jpg","width":1000,"height":1000},{"@type":"BreadcrumbList","@id":"https:\/\/shop.bantam.ch\/fr\/produit\/tasses-en-porcelaine-avec-poignees-magnetiques-lot-de-2-couleur-blanche-avec-supports-metalliques-en-nano-gel-noir\/#breadcrumb","itemListElement":[{"@type":"ListItem","position":1,"name":"Accueil","item":"https:\/\/shop.bantam.ch\/fr\/"},{"@type":"ListItem","position":2,"name":"Boutique","item":"https:\/\/shop.bantam.ch\/fr\/boutique\/"},{"@type":"ListItem","position":3,"name":"Tasse \u00e0 anse magn. silwy porcelaine, lot de 2, blanc avec pads en gel nano-m\u00e9tal BLACK"}]},{"@type":"WebSite","@id":"https:\/\/shop.bantam.ch\/fr\/#website","url":"https:\/\/shop.bantam.ch\/fr\/","name":"Bantam","description":"","publisher":{"@id":"https:\/\/shop.bantam.ch\/fr\/#organization"},"inLanguage":"fr-FR"},{"@type":"Organization","@id":"https:\/\/shop.bantam.ch\/fr\/#organization","name":"Bantam","url":"https:\/\/shop.bantam.ch\/fr\/","logo":{"@type":"ImageObject","inLanguage":"fr-FR","@id":"https:\/\/shop.bantam.ch\/fr\/#\/schema\/logo\/image\/","url":"https:\/\/shop.bantam.ch\/wp-content\/uploads\/2022\/12\/bantam-logo.png","contentUrl":"https:\/\/shop.bantam.ch\/wp-content\/uploads\/2022\/12\/bantam-logo.png","width":320,"height":71,"caption":"Bantam"},"image":{"@id":"https:\/\/shop.bantam.ch\/fr\/#\/schema\/logo\/image\/"}}]}},"_links":{"self":[{"href":"https:\/\/shop.bantam.ch\/fr\/wp-json\/wp\/v2\/product\/117094","targetHints":{"allow":["GET"]}}],"collection":[{"href":"https:\/\/shop.bantam.ch\/fr\/wp-json\/wp\/v2\/product"}],"about":[{"href":"https:\/\/shop.bantam.ch\/fr\/wp-json\/wp\/v2\/types\/product"}],"wp:featuredmedia":[{"embeddable":true,"href":"https:\/\/shop.bantam.ch\/fr\/wp-json\/wp\/v2\/media\/117084"}],"wp:attachment":[{"href":"https:\/\/shop.bantam.ch\/fr\/wp-json\/wp\/v2\/media?parent=117094"}],"wp:term":[{"taxonomy":"product_featured_cat","embeddable":true,"href":"https:\/\/shop.bantam.ch\/fr\/wp-json\/wp\/v2\/product_featured_cat?post=117094"},{"taxonomy":"product_brand","embeddable":true,"href":"https:\/\/shop.bantam.ch\/fr\/wp-json\/wp\/v2\/product_brand?post=117094"},{"taxonomy":"product_cat","embeddable":true,"href":"https:\/\/shop.bantam.ch\/fr\/wp-json\/wp\/v2\/product_cat?post=117094"},{"taxonomy":"product_tag","embeddable":true,"href":"https:\/\/shop.bantam.ch\/fr\/wp-json\/wp\/v2\/product_tag?post=117094"}],"curies":[{"name":"wp","href":"https:\/\/api.w.org\/{rel}","templated":true}]}}