{"id":116192,"date":"2023-02-28T22:13:33","date_gmt":"2023-02-28T21:13:33","guid":{"rendered":"https:\/\/shop.bantam.ch\/produit\/store-mural-perfectwall-pw-1500-moteur-12v-toile-horizon-grey\/"},"modified":"2026-04-18T23:26:08","modified_gmt":"2026-04-18T21:26:08","slug":"store-mural-perfectwall-pw-1500-moteur-12v-toile-horizon-grey","status":"publish","type":"product","link":"https:\/\/shop.bantam.ch\/fr\/produit\/store-mural-perfectwall-pw-1500-moteur-12v-toile-horizon-grey\/","title":{"rendered":"Store mural PerfectWall PW 1500 Moteur 12V, toile Horizon Grey"},"content":{"rendered":"<p>Ce store mural robuste convient parfaitement aux v\u00e9hicules de grande taille. Le profil\u00e9 de projection automatique brevet\u00e9 permet une r\u00e9tractation et extension facile de la toile. Caches en aluminium pour un maximum de r\u00e9sistance. Il est \u00e9quip\u00e9 de s\u00e9rie d\u2019un moteur de 12 V command\u00e9 par t\u00e9l\u00e9commande.<\/p>\n<ul>\n<li>Installation facile par une seule personne<\/li>\n<li>Un des stores les plus l\u00e9gers pour les grands v\u00e9hicules<\/li>\n<li>Supports avec Easy Lock Flipper brevet\u00e9 pour s\u00e9curiser le store<\/li>\n<li>Vinyle renforc\u00e9 robuste et prot\u00e9g\u00e9 contre les UV<\/li>\n<li>Manivelle extensible<\/li>\n<li>Qualit\u00e9 de premier ordre<\/li>\n<li>Caches 100 % aluminium<\/li>\n<li>Mode de fonctionnement moteur 12 V<\/li>\n<\/ul>\n<p>Contenu de la livraison :<br \/>auvent fourni<br \/>Adaptateur plat <br \/>Manivelle t\u00e9lescopique<\/p>\n","protected":false},"excerpt":{"rendered":"<p>Ce store mural robuste convient parfaitement aux v\u00e9hicules de grande taille. Le profil\u00e9 de projection automatique brevet\u00e9 permet une r\u00e9tractation et extension facile de la toile. Caches en aluminium pour un maximum de r\u00e9sistance. Il est \u00e9quip\u00e9 de s\u00e9rie d\u2019un moteur de 12 V command\u00e9 par t\u00e9l\u00e9commande. Installation facile par une seule personne Un des [&hellip;]<\/p>\n","protected":false},"featured_media":116032,"template":"","meta":{"_acf_changed":false},"product_featured_cat":[],"product_brand":[3028],"product_cat":[4213],"product_tag":[],"class_list":{"0":"post-116192","1":"product","2":"type-product","3":"status-publish","4":"has-post-thumbnail","6":"product_brand-dometic","7":"product_cat-stores-a-cassette","9":"first","10":"instock","11":"taxable","12":"shipping-taxable","13":"purchasable","14":"product-type-variable"},"acf":[],"yoast_head":"<!-- This site is optimized with the Yoast SEO plugin v27.4 - https:\/\/yoast.com\/product\/yoast-seo-wordpress\/ -->\n<title>Store mural PerfectWall PW 1500 Moteur 12V, toile Horizon Grey - Bantam Wankm\u00fcller SA<\/title>\n<meta name=\"robots\" content=\"index, follow, max-snippet:-1, max-image-preview:large, max-video-preview:-1\" \/>\n<link rel=\"canonical\" href=\"https:\/\/shop.bantam.ch\/fr\/produit\/store-mural-perfectwall-pw-1500-moteur-12v-toile-horizon-grey\/\" \/>\n<meta property=\"og:locale\" content=\"fr_FR\" \/>\n<meta property=\"og:type\" content=\"article\" \/>\n<meta property=\"og:title\" content=\"Store mural PerfectWall PW 1500 Moteur 12V, toile Horizon Grey - Bantam Wankm\u00fcller SA\" \/>\n<meta property=\"og:description\" content=\"Ce store mural robuste convient parfaitement aux v\u00e9hicules de grande taille. Le profil\u00e9 de projection automatique brevet\u00e9 permet une r\u00e9tractation et extension facile de la toile. Caches en aluminium pour un maximum de r\u00e9sistance. Il est \u00e9quip\u00e9 de s\u00e9rie d\u2019un moteur de 12 V command\u00e9 par t\u00e9l\u00e9commande. Installation facile par une seule personne Un des [&hellip;]\" \/>\n<meta property=\"og:url\" content=\"https:\/\/shop.bantam.ch\/fr\/produit\/store-mural-perfectwall-pw-1500-moteur-12v-toile-horizon-grey\/\" \/>\n<meta property=\"og:site_name\" content=\"Bantam Wankm\u00fcller SA\" \/>\n<meta property=\"article:modified_time\" content=\"2026-04-18T21:26:08+00:00\" \/>\n<meta property=\"og:image\" content=\"https:\/\/shop.bantam.ch\/wp-content\/uploads\/2023\/02\/995813416.jpg\" \/>\n\t<meta property=\"og:image:width\" content=\"1000\" \/>\n\t<meta property=\"og:image:height\" content=\"1000\" \/>\n\t<meta property=\"og:image:type\" content=\"image\/jpeg\" \/>\n<meta name=\"twitter:card\" content=\"summary_large_image\" \/>\n<meta name=\"twitter:label1\" content=\"Dur\u00e9e de lecture estim\u00e9e\" \/>\n\t<meta name=\"twitter:data1\" content=\"1 minute\" \/>\n<script type=\"application\/ld+json\" class=\"yoast-schema-graph\">{\"@context\":\"https:\\\/\\\/schema.org\",\"@graph\":[{\"@type\":\"WebPage\",\"@id\":\"https:\\\/\\\/shop.bantam.ch\\\/fr\\\/produit\\\/store-mural-perfectwall-pw-1500-moteur-12v-toile-horizon-grey\\\/\",\"url\":\"https:\\\/\\\/shop.bantam.ch\\\/fr\\\/produit\\\/store-mural-perfectwall-pw-1500-moteur-12v-toile-horizon-grey\\\/\",\"name\":\"Store mural PerfectWall PW 1500 Moteur 12V, toile Horizon Grey - Bantam Wankm\u00fcller SA\",\"isPartOf\":{\"@id\":\"https:\\\/\\\/shop.bantam.ch\\\/fr\\\/#website\"},\"primaryImageOfPage\":{\"@id\":\"https:\\\/\\\/shop.bantam.ch\\\/fr\\\/produit\\\/store-mural-perfectwall-pw-1500-moteur-12v-toile-horizon-grey\\\/#primaryimage\"},\"image\":{\"@id\":\"https:\\\/\\\/shop.bantam.ch\\\/fr\\\/produit\\\/store-mural-perfectwall-pw-1500-moteur-12v-toile-horizon-grey\\\/#primaryimage\"},\"thumbnailUrl\":\"https:\\\/\\\/shop.bantam.ch\\\/wp-content\\\/uploads\\\/2023\\\/02\\\/995813416.jpg\",\"datePublished\":\"2023-02-28T21:13:33+00:00\",\"dateModified\":\"2026-04-18T21:26:08+00:00\",\"breadcrumb\":{\"@id\":\"https:\\\/\\\/shop.bantam.ch\\\/fr\\\/produit\\\/store-mural-perfectwall-pw-1500-moteur-12v-toile-horizon-grey\\\/#breadcrumb\"},\"inLanguage\":\"fr-FR\",\"potentialAction\":[{\"@type\":\"ReadAction\",\"target\":[\"https:\\\/\\\/shop.bantam.ch\\\/fr\\\/produit\\\/store-mural-perfectwall-pw-1500-moteur-12v-toile-horizon-grey\\\/\"]}]},{\"@type\":\"ImageObject\",\"inLanguage\":\"fr-FR\",\"@id\":\"https:\\\/\\\/shop.bantam.ch\\\/fr\\\/produit\\\/store-mural-perfectwall-pw-1500-moteur-12v-toile-horizon-grey\\\/#primaryimage\",\"url\":\"https:\\\/\\\/shop.bantam.ch\\\/wp-content\\\/uploads\\\/2023\\\/02\\\/995813416.jpg\",\"contentUrl\":\"https:\\\/\\\/shop.bantam.ch\\\/wp-content\\\/uploads\\\/2023\\\/02\\\/995813416.jpg\",\"width\":1000,\"height\":1000},{\"@type\":\"BreadcrumbList\",\"@id\":\"https:\\\/\\\/shop.bantam.ch\\\/fr\\\/produit\\\/store-mural-perfectwall-pw-1500-moteur-12v-toile-horizon-grey\\\/#breadcrumb\",\"itemListElement\":[{\"@type\":\"ListItem\",\"position\":1,\"name\":\"Accueil\",\"item\":\"https:\\\/\\\/shop.bantam.ch\\\/fr\\\/\"},{\"@type\":\"ListItem\",\"position\":2,\"name\":\"Boutique\",\"item\":\"https:\\\/\\\/shop.bantam.ch\\\/fr\\\/boutique\\\/\"},{\"@type\":\"ListItem\",\"position\":3,\"name\":\"Store mural PerfectWall PW 1500 Moteur 12V, toile Horizon Grey\"}]},{\"@type\":\"WebSite\",\"@id\":\"https:\\\/\\\/shop.bantam.ch\\\/fr\\\/#website\",\"url\":\"https:\\\/\\\/shop.bantam.ch\\\/fr\\\/\",\"name\":\"Bantam Wankm\u00fcller SA\",\"description\":\"\",\"publisher\":{\"@id\":\"https:\\\/\\\/shop.bantam.ch\\\/fr\\\/#organization\"},\"inLanguage\":\"fr-FR\"},{\"@type\":\"Organization\",\"@id\":\"https:\\\/\\\/shop.bantam.ch\\\/fr\\\/#organization\",\"name\":\"Bantam Wankm\u00fcller SA\",\"url\":\"https:\\\/\\\/shop.bantam.ch\\\/fr\\\/\",\"logo\":{\"@type\":\"ImageObject\",\"inLanguage\":\"fr-FR\",\"@id\":\"https:\\\/\\\/shop.bantam.ch\\\/fr\\\/#\\\/schema\\\/logo\\\/image\\\/\",\"url\":\"https:\\\/\\\/shop.bantam.ch\\\/wp-content\\\/uploads\\\/2022\\\/12\\\/bantam-logo.png\",\"contentUrl\":\"https:\\\/\\\/shop.bantam.ch\\\/wp-content\\\/uploads\\\/2022\\\/12\\\/bantam-logo.png\",\"width\":320,\"height\":71,\"caption\":\"Bantam Wankm\u00fcller SA\"},\"image\":{\"@id\":\"https:\\\/\\\/shop.bantam.ch\\\/fr\\\/#\\\/schema\\\/logo\\\/image\\\/\"}}]}<\/script>\n<!-- \/ Yoast SEO plugin. -->","yoast_head_json":{"title":"Store mural PerfectWall PW 1500 Moteur 12V, toile Horizon Grey - Bantam Wankm\u00fcller SA","robots":{"index":"index","follow":"follow","max-snippet":"max-snippet:-1","max-image-preview":"max-image-preview:large","max-video-preview":"max-video-preview:-1"},"canonical":"https:\/\/shop.bantam.ch\/fr\/produit\/store-mural-perfectwall-pw-1500-moteur-12v-toile-horizon-grey\/","og_locale":"fr_FR","og_type":"article","og_title":"Store mural PerfectWall PW 1500 Moteur 12V, toile Horizon Grey - Bantam Wankm\u00fcller SA","og_description":"Ce store mural robuste convient parfaitement aux v\u00e9hicules de grande taille. Le profil\u00e9 de projection automatique brevet\u00e9 permet une r\u00e9tractation et extension facile de la toile. Caches en aluminium pour un maximum de r\u00e9sistance. Il est \u00e9quip\u00e9 de s\u00e9rie d\u2019un moteur de 12 V command\u00e9 par t\u00e9l\u00e9commande. Installation facile par une seule personne Un des [&hellip;]","og_url":"https:\/\/shop.bantam.ch\/fr\/produit\/store-mural-perfectwall-pw-1500-moteur-12v-toile-horizon-grey\/","og_site_name":"Bantam Wankm\u00fcller SA","article_modified_time":"2026-04-18T21:26:08+00:00","og_image":[{"width":1000,"height":1000,"url":"https:\/\/shop.bantam.ch\/wp-content\/uploads\/2023\/02\/995813416.jpg","type":"image\/jpeg"}],"twitter_card":"summary_large_image","twitter_misc":{"Dur\u00e9e de lecture estim\u00e9e":"1 minute"},"schema":{"@context":"https:\/\/schema.org","@graph":[{"@type":"WebPage","@id":"https:\/\/shop.bantam.ch\/fr\/produit\/store-mural-perfectwall-pw-1500-moteur-12v-toile-horizon-grey\/","url":"https:\/\/shop.bantam.ch\/fr\/produit\/store-mural-perfectwall-pw-1500-moteur-12v-toile-horizon-grey\/","name":"Store mural PerfectWall PW 1500 Moteur 12V, toile Horizon Grey - Bantam Wankm\u00fcller SA","isPartOf":{"@id":"https:\/\/shop.bantam.ch\/fr\/#website"},"primaryImageOfPage":{"@id":"https:\/\/shop.bantam.ch\/fr\/produit\/store-mural-perfectwall-pw-1500-moteur-12v-toile-horizon-grey\/#primaryimage"},"image":{"@id":"https:\/\/shop.bantam.ch\/fr\/produit\/store-mural-perfectwall-pw-1500-moteur-12v-toile-horizon-grey\/#primaryimage"},"thumbnailUrl":"https:\/\/shop.bantam.ch\/wp-content\/uploads\/2023\/02\/995813416.jpg","datePublished":"2023-02-28T21:13:33+00:00","dateModified":"2026-04-18T21:26:08+00:00","breadcrumb":{"@id":"https:\/\/shop.bantam.ch\/fr\/produit\/store-mural-perfectwall-pw-1500-moteur-12v-toile-horizon-grey\/#breadcrumb"},"inLanguage":"fr-FR","potentialAction":[{"@type":"ReadAction","target":["https:\/\/shop.bantam.ch\/fr\/produit\/store-mural-perfectwall-pw-1500-moteur-12v-toile-horizon-grey\/"]}]},{"@type":"ImageObject","inLanguage":"fr-FR","@id":"https:\/\/shop.bantam.ch\/fr\/produit\/store-mural-perfectwall-pw-1500-moteur-12v-toile-horizon-grey\/#primaryimage","url":"https:\/\/shop.bantam.ch\/wp-content\/uploads\/2023\/02\/995813416.jpg","contentUrl":"https:\/\/shop.bantam.ch\/wp-content\/uploads\/2023\/02\/995813416.jpg","width":1000,"height":1000},{"@type":"BreadcrumbList","@id":"https:\/\/shop.bantam.ch\/fr\/produit\/store-mural-perfectwall-pw-1500-moteur-12v-toile-horizon-grey\/#breadcrumb","itemListElement":[{"@type":"ListItem","position":1,"name":"Accueil","item":"https:\/\/shop.bantam.ch\/fr\/"},{"@type":"ListItem","position":2,"name":"Boutique","item":"https:\/\/shop.bantam.ch\/fr\/boutique\/"},{"@type":"ListItem","position":3,"name":"Store mural PerfectWall PW 1500 Moteur 12V, toile Horizon Grey"}]},{"@type":"WebSite","@id":"https:\/\/shop.bantam.ch\/fr\/#website","url":"https:\/\/shop.bantam.ch\/fr\/","name":"Bantam Wankm\u00fcller SA","description":"","publisher":{"@id":"https:\/\/shop.bantam.ch\/fr\/#organization"},"inLanguage":"fr-FR"},{"@type":"Organization","@id":"https:\/\/shop.bantam.ch\/fr\/#organization","name":"Bantam Wankm\u00fcller SA","url":"https:\/\/shop.bantam.ch\/fr\/","logo":{"@type":"ImageObject","inLanguage":"fr-FR","@id":"https:\/\/shop.bantam.ch\/fr\/#\/schema\/logo\/image\/","url":"https:\/\/shop.bantam.ch\/wp-content\/uploads\/2022\/12\/bantam-logo.png","contentUrl":"https:\/\/shop.bantam.ch\/wp-content\/uploads\/2022\/12\/bantam-logo.png","width":320,"height":71,"caption":"Bantam Wankm\u00fcller SA"},"image":{"@id":"https:\/\/shop.bantam.ch\/fr\/#\/schema\/logo\/image\/"}}]}},"_links":{"self":[{"href":"https:\/\/shop.bantam.ch\/fr\/wp-json\/wp\/v2\/product\/116192","targetHints":{"allow":["GET"]}}],"collection":[{"href":"https:\/\/shop.bantam.ch\/fr\/wp-json\/wp\/v2\/product"}],"about":[{"href":"https:\/\/shop.bantam.ch\/fr\/wp-json\/wp\/v2\/types\/product"}],"wp:featuredmedia":[{"embeddable":true,"href":"https:\/\/shop.bantam.ch\/fr\/wp-json\/wp\/v2\/media\/116032"}],"wp:attachment":[{"href":"https:\/\/shop.bantam.ch\/fr\/wp-json\/wp\/v2\/media?parent=116192"}],"wp:term":[{"taxonomy":"product_featured_cat","embeddable":true,"href":"https:\/\/shop.bantam.ch\/fr\/wp-json\/wp\/v2\/product_featured_cat?post=116192"},{"taxonomy":"product_brand","embeddable":true,"href":"https:\/\/shop.bantam.ch\/fr\/wp-json\/wp\/v2\/product_brand?post=116192"},{"taxonomy":"product_cat","embeddable":true,"href":"https:\/\/shop.bantam.ch\/fr\/wp-json\/wp\/v2\/product_cat?post=116192"},{"taxonomy":"product_tag","embeddable":true,"href":"https:\/\/shop.bantam.ch\/fr\/wp-json\/wp\/v2\/product_tag?post=116192"}],"curies":[{"name":"wp","href":"https:\/\/api.w.org\/{rel}","templated":true}]}}