{"id":116026,"date":"2023-02-28T22:12:57","date_gmt":"2023-02-28T21:12:57","guid":{"rendered":"https:\/\/shop.bantam.ch\/produit\/maxi-moule-omnia\/"},"modified":"2026-04-17T21:44:52","modified_gmt":"2026-04-17T19:44:52","slug":"maxi-moule-omnia","status":"publish","type":"product","link":"https:\/\/shop.bantam.ch\/fr\/produit\/maxi-moule-omnia\/","title":{"rendered":"Maxi-moule OMNIA 3 l, alu"},"content":{"rendered":"<p>D\u2019un volume de 3\u00a0litres, le moule Maxi vient compl\u00e9ter \u00e0 merveille le four de camping OMNIA normal. Combin\u00e9 \u00e0 la partie inf\u00e9rieure et au couvercle du four de camping OMNIA, vous disposez d\u2019un \u00ab\u00a0grand\u00a0\u00bb four en 3\u00a0parties pour 4 \u00e0 6\u00a0personnes.\u00a0<br \/>(Pour cuisiner avec le moule Maxi, vous avez besoin d\u2019un four de camping OMNIA\u00a0!)<\/p>\n<ul>\n<li>Volume de remplissage recommand\u00e9 env. 3\/4<\/li>\n<li>La grille de cuisson OMNIA s\u2019adapte \u00e9galement au Maxiform<\/li>\n<li>Un moule Maxi en silicone maxi est pr\u00e9vu pour 2022.<\/li>\n<\/ul>\n<p>\u00a0<\/p>\n","protected":false},"excerpt":{"rendered":"<p>D\u2019un volume de 3\u00a0litres, le moule Maxi vient compl\u00e9ter \u00e0 merveille le four de camping OMNIA normal. Combin\u00e9 \u00e0 la partie inf\u00e9rieure et au couvercle du four de camping OMNIA, vous disposez d\u2019un \u00ab\u00a0grand\u00a0\u00bb four en 3\u00a0parties pour 4 \u00e0 6\u00a0personnes.\u00a0(Pour cuisiner avec le moule Maxi, vous avez besoin d\u2019un four de camping OMNIA\u00a0!) Volume [&hellip;]<\/p>\n","protected":false},"featured_media":116016,"template":"","meta":{"_acf_changed":false},"product_featured_cat":[],"product_brand":[3292],"product_cat":[4339,4341,4265],"product_tag":[],"class_list":{"0":"post-116026","1":"product","2":"type-product","3":"status-publish","4":"has-post-thumbnail","6":"product_brand-omnia","7":"product_cat-accessoires-pour-barbecue","8":"product_cat-accessoires-pour-rechaud","9":"product_cat-casseroles-poeles-et-sets","11":"first","12":"instock","13":"taxable","14":"shipping-taxable","15":"purchasable","16":"product-type-simple"},"acf":[],"yoast_head":"<!-- This site is optimized with the Yoast SEO plugin v27.4 - https:\/\/yoast.com\/product\/yoast-seo-wordpress\/ -->\n<title>Maxi-moule OMNIA 3 l, alu - Bantam Wankm\u00fcller SA<\/title>\n<meta name=\"robots\" content=\"index, follow, max-snippet:-1, max-image-preview:large, max-video-preview:-1\" \/>\n<link rel=\"canonical\" href=\"https:\/\/shop.bantam.ch\/fr\/produit\/maxi-moule-omnia\/\" \/>\n<meta property=\"og:locale\" content=\"fr_FR\" \/>\n<meta property=\"og:type\" content=\"article\" \/>\n<meta property=\"og:title\" content=\"Maxi-moule OMNIA 3 l, alu - Bantam Wankm\u00fcller SA\" \/>\n<meta property=\"og:description\" content=\"D\u2019un volume de 3\u00a0litres, le moule Maxi vient compl\u00e9ter \u00e0 merveille le four de camping OMNIA normal. Combin\u00e9 \u00e0 la partie inf\u00e9rieure et au couvercle du four de camping OMNIA, vous disposez d\u2019un \u00ab\u00a0grand\u00a0\u00bb four en 3\u00a0parties pour 4 \u00e0 6\u00a0personnes.\u00a0(Pour cuisiner avec le moule Maxi, vous avez besoin d\u2019un four de camping OMNIA\u00a0!) Volume [&hellip;]\" \/>\n<meta property=\"og:url\" content=\"https:\/\/shop.bantam.ch\/fr\/produit\/maxi-moule-omnia\/\" \/>\n<meta property=\"og:site_name\" content=\"Bantam Wankm\u00fcller SA\" \/>\n<meta property=\"article:modified_time\" content=\"2026-04-17T19:44:52+00:00\" \/>\n<meta property=\"og:image\" content=\"https:\/\/shop.bantam.ch\/wp-content\/uploads\/2023\/02\/997040113.jpg\" \/>\n\t<meta property=\"og:image:width\" content=\"1000\" \/>\n\t<meta property=\"og:image:height\" content=\"581\" \/>\n\t<meta property=\"og:image:type\" content=\"image\/jpeg\" \/>\n<meta name=\"twitter:card\" content=\"summary_large_image\" \/>\n<script type=\"application\/ld+json\" class=\"yoast-schema-graph\">{\"@context\":\"https:\\\/\\\/schema.org\",\"@graph\":[{\"@type\":\"WebPage\",\"@id\":\"https:\\\/\\\/shop.bantam.ch\\\/fr\\\/produit\\\/maxi-moule-omnia\\\/\",\"url\":\"https:\\\/\\\/shop.bantam.ch\\\/fr\\\/produit\\\/maxi-moule-omnia\\\/\",\"name\":\"Maxi-moule OMNIA 3 l, alu - Bantam Wankm\u00fcller SA\",\"isPartOf\":{\"@id\":\"https:\\\/\\\/shop.bantam.ch\\\/fr\\\/#website\"},\"primaryImageOfPage\":{\"@id\":\"https:\\\/\\\/shop.bantam.ch\\\/fr\\\/produit\\\/maxi-moule-omnia\\\/#primaryimage\"},\"image\":{\"@id\":\"https:\\\/\\\/shop.bantam.ch\\\/fr\\\/produit\\\/maxi-moule-omnia\\\/#primaryimage\"},\"thumbnailUrl\":\"https:\\\/\\\/shop.bantam.ch\\\/wp-content\\\/uploads\\\/2023\\\/02\\\/997040113.jpg\",\"datePublished\":\"2023-02-28T21:12:57+00:00\",\"dateModified\":\"2026-04-17T19:44:52+00:00\",\"breadcrumb\":{\"@id\":\"https:\\\/\\\/shop.bantam.ch\\\/fr\\\/produit\\\/maxi-moule-omnia\\\/#breadcrumb\"},\"inLanguage\":\"fr-FR\",\"potentialAction\":[{\"@type\":\"ReadAction\",\"target\":[\"https:\\\/\\\/shop.bantam.ch\\\/fr\\\/produit\\\/maxi-moule-omnia\\\/\"]}]},{\"@type\":\"ImageObject\",\"inLanguage\":\"fr-FR\",\"@id\":\"https:\\\/\\\/shop.bantam.ch\\\/fr\\\/produit\\\/maxi-moule-omnia\\\/#primaryimage\",\"url\":\"https:\\\/\\\/shop.bantam.ch\\\/wp-content\\\/uploads\\\/2023\\\/02\\\/997040113.jpg\",\"contentUrl\":\"https:\\\/\\\/shop.bantam.ch\\\/wp-content\\\/uploads\\\/2023\\\/02\\\/997040113.jpg\",\"width\":1000,\"height\":581},{\"@type\":\"BreadcrumbList\",\"@id\":\"https:\\\/\\\/shop.bantam.ch\\\/fr\\\/produit\\\/maxi-moule-omnia\\\/#breadcrumb\",\"itemListElement\":[{\"@type\":\"ListItem\",\"position\":1,\"name\":\"Accueil\",\"item\":\"https:\\\/\\\/shop.bantam.ch\\\/fr\\\/\"},{\"@type\":\"ListItem\",\"position\":2,\"name\":\"Boutique\",\"item\":\"https:\\\/\\\/shop.bantam.ch\\\/fr\\\/boutique\\\/\"},{\"@type\":\"ListItem\",\"position\":3,\"name\":\"Maxi-moule OMNIA 3 l, alu\"}]},{\"@type\":\"WebSite\",\"@id\":\"https:\\\/\\\/shop.bantam.ch\\\/fr\\\/#website\",\"url\":\"https:\\\/\\\/shop.bantam.ch\\\/fr\\\/\",\"name\":\"Bantam Wankm\u00fcller SA\",\"description\":\"\",\"publisher\":{\"@id\":\"https:\\\/\\\/shop.bantam.ch\\\/fr\\\/#organization\"},\"inLanguage\":\"fr-FR\"},{\"@type\":\"Organization\",\"@id\":\"https:\\\/\\\/shop.bantam.ch\\\/fr\\\/#organization\",\"name\":\"Bantam Wankm\u00fcller SA\",\"url\":\"https:\\\/\\\/shop.bantam.ch\\\/fr\\\/\",\"logo\":{\"@type\":\"ImageObject\",\"inLanguage\":\"fr-FR\",\"@id\":\"https:\\\/\\\/shop.bantam.ch\\\/fr\\\/#\\\/schema\\\/logo\\\/image\\\/\",\"url\":\"https:\\\/\\\/shop.bantam.ch\\\/wp-content\\\/uploads\\\/2022\\\/12\\\/bantam-logo.png\",\"contentUrl\":\"https:\\\/\\\/shop.bantam.ch\\\/wp-content\\\/uploads\\\/2022\\\/12\\\/bantam-logo.png\",\"width\":320,\"height\":71,\"caption\":\"Bantam Wankm\u00fcller SA\"},\"image\":{\"@id\":\"https:\\\/\\\/shop.bantam.ch\\\/fr\\\/#\\\/schema\\\/logo\\\/image\\\/\"}}]}<\/script>\n<!-- \/ Yoast SEO plugin. -->","yoast_head_json":{"title":"Maxi-moule OMNIA 3 l, alu - Bantam Wankm\u00fcller SA","robots":{"index":"index","follow":"follow","max-snippet":"max-snippet:-1","max-image-preview":"max-image-preview:large","max-video-preview":"max-video-preview:-1"},"canonical":"https:\/\/shop.bantam.ch\/fr\/produit\/maxi-moule-omnia\/","og_locale":"fr_FR","og_type":"article","og_title":"Maxi-moule OMNIA 3 l, alu - Bantam Wankm\u00fcller SA","og_description":"D\u2019un volume de 3\u00a0litres, le moule Maxi vient compl\u00e9ter \u00e0 merveille le four de camping OMNIA normal. Combin\u00e9 \u00e0 la partie inf\u00e9rieure et au couvercle du four de camping OMNIA, vous disposez d\u2019un \u00ab\u00a0grand\u00a0\u00bb four en 3\u00a0parties pour 4 \u00e0 6\u00a0personnes.\u00a0(Pour cuisiner avec le moule Maxi, vous avez besoin d\u2019un four de camping OMNIA\u00a0!) Volume [&hellip;]","og_url":"https:\/\/shop.bantam.ch\/fr\/produit\/maxi-moule-omnia\/","og_site_name":"Bantam Wankm\u00fcller SA","article_modified_time":"2026-04-17T19:44:52+00:00","og_image":[{"width":1000,"height":581,"url":"https:\/\/shop.bantam.ch\/wp-content\/uploads\/2023\/02\/997040113.jpg","type":"image\/jpeg"}],"twitter_card":"summary_large_image","schema":{"@context":"https:\/\/schema.org","@graph":[{"@type":"WebPage","@id":"https:\/\/shop.bantam.ch\/fr\/produit\/maxi-moule-omnia\/","url":"https:\/\/shop.bantam.ch\/fr\/produit\/maxi-moule-omnia\/","name":"Maxi-moule OMNIA 3 l, alu - Bantam Wankm\u00fcller SA","isPartOf":{"@id":"https:\/\/shop.bantam.ch\/fr\/#website"},"primaryImageOfPage":{"@id":"https:\/\/shop.bantam.ch\/fr\/produit\/maxi-moule-omnia\/#primaryimage"},"image":{"@id":"https:\/\/shop.bantam.ch\/fr\/produit\/maxi-moule-omnia\/#primaryimage"},"thumbnailUrl":"https:\/\/shop.bantam.ch\/wp-content\/uploads\/2023\/02\/997040113.jpg","datePublished":"2023-02-28T21:12:57+00:00","dateModified":"2026-04-17T19:44:52+00:00","breadcrumb":{"@id":"https:\/\/shop.bantam.ch\/fr\/produit\/maxi-moule-omnia\/#breadcrumb"},"inLanguage":"fr-FR","potentialAction":[{"@type":"ReadAction","target":["https:\/\/shop.bantam.ch\/fr\/produit\/maxi-moule-omnia\/"]}]},{"@type":"ImageObject","inLanguage":"fr-FR","@id":"https:\/\/shop.bantam.ch\/fr\/produit\/maxi-moule-omnia\/#primaryimage","url":"https:\/\/shop.bantam.ch\/wp-content\/uploads\/2023\/02\/997040113.jpg","contentUrl":"https:\/\/shop.bantam.ch\/wp-content\/uploads\/2023\/02\/997040113.jpg","width":1000,"height":581},{"@type":"BreadcrumbList","@id":"https:\/\/shop.bantam.ch\/fr\/produit\/maxi-moule-omnia\/#breadcrumb","itemListElement":[{"@type":"ListItem","position":1,"name":"Accueil","item":"https:\/\/shop.bantam.ch\/fr\/"},{"@type":"ListItem","position":2,"name":"Boutique","item":"https:\/\/shop.bantam.ch\/fr\/boutique\/"},{"@type":"ListItem","position":3,"name":"Maxi-moule OMNIA 3 l, alu"}]},{"@type":"WebSite","@id":"https:\/\/shop.bantam.ch\/fr\/#website","url":"https:\/\/shop.bantam.ch\/fr\/","name":"Bantam Wankm\u00fcller SA","description":"","publisher":{"@id":"https:\/\/shop.bantam.ch\/fr\/#organization"},"inLanguage":"fr-FR"},{"@type":"Organization","@id":"https:\/\/shop.bantam.ch\/fr\/#organization","name":"Bantam Wankm\u00fcller SA","url":"https:\/\/shop.bantam.ch\/fr\/","logo":{"@type":"ImageObject","inLanguage":"fr-FR","@id":"https:\/\/shop.bantam.ch\/fr\/#\/schema\/logo\/image\/","url":"https:\/\/shop.bantam.ch\/wp-content\/uploads\/2022\/12\/bantam-logo.png","contentUrl":"https:\/\/shop.bantam.ch\/wp-content\/uploads\/2022\/12\/bantam-logo.png","width":320,"height":71,"caption":"Bantam Wankm\u00fcller SA"},"image":{"@id":"https:\/\/shop.bantam.ch\/fr\/#\/schema\/logo\/image\/"}}]}},"_links":{"self":[{"href":"https:\/\/shop.bantam.ch\/fr\/wp-json\/wp\/v2\/product\/116026","targetHints":{"allow":["GET"]}}],"collection":[{"href":"https:\/\/shop.bantam.ch\/fr\/wp-json\/wp\/v2\/product"}],"about":[{"href":"https:\/\/shop.bantam.ch\/fr\/wp-json\/wp\/v2\/types\/product"}],"wp:featuredmedia":[{"embeddable":true,"href":"https:\/\/shop.bantam.ch\/fr\/wp-json\/wp\/v2\/media\/116016"}],"wp:attachment":[{"href":"https:\/\/shop.bantam.ch\/fr\/wp-json\/wp\/v2\/media?parent=116026"}],"wp:term":[{"taxonomy":"product_featured_cat","embeddable":true,"href":"https:\/\/shop.bantam.ch\/fr\/wp-json\/wp\/v2\/product_featured_cat?post=116026"},{"taxonomy":"product_brand","embeddable":true,"href":"https:\/\/shop.bantam.ch\/fr\/wp-json\/wp\/v2\/product_brand?post=116026"},{"taxonomy":"product_cat","embeddable":true,"href":"https:\/\/shop.bantam.ch\/fr\/wp-json\/wp\/v2\/product_cat?post=116026"},{"taxonomy":"product_tag","embeddable":true,"href":"https:\/\/shop.bantam.ch\/fr\/wp-json\/wp\/v2\/product_tag?post=116026"}],"curies":[{"name":"wp","href":"https:\/\/api.w.org\/{rel}","templated":true}]}}