{"id":116010,"date":"2023-02-28T22:12:42","date_gmt":"2023-02-28T21:12:42","guid":{"rendered":"https:\/\/shop.bantam.ch\/produit\/tapis-de-cabine-ducato-citroen-tapis-rubbermat\/"},"modified":"2026-04-17T21:44:52","modified_gmt":"2026-04-17T19:44:52","slug":"tapis-de-cabine-ducato-citroen-tapis-rubbermat","status":"publish","type":"product","link":"https:\/\/shop.bantam.ch\/fr\/produit\/tapis-de-cabine-ducato-citroen-tapis-rubbermat\/","title":{"rendered":"Tapis cabine conduct. BRUNNER Tapis Rubbmat Ducato\/Citro\u00ebn"},"content":{"rendered":"<p>Tapis de cabine de forme adapt\u00e9e, enti\u00e8rement fabriqu\u00e9s en caoutchouc de haute qualit\u00e9 et inodore. Protection id\u00e9ale du v\u00e9hicule de la salet\u00e9 et de l\u2019humidit\u00e9. Excellente adh\u00e9rence au niveau du plancher du v\u00e9hicule pour \u00e9viter tout glissement g\u00eanant sous les p\u00e9dales. Facile \u00e0 mettre en place\/retirer et \u00e0 nettoyer. Disponible pour tous les mod\u00e8les de v\u00e9hicules courants.<\/p>\n","protected":false},"excerpt":{"rendered":"<p>Tapis de cabine de forme adapt\u00e9e, enti\u00e8rement fabriqu\u00e9s en caoutchouc de haute qualit\u00e9 et inodore. Protection id\u00e9ale du v\u00e9hicule de la salet\u00e9 et de l\u2019humidit\u00e9. Excellente adh\u00e9rence au niveau du plancher du v\u00e9hicule pour \u00e9viter tout glissement g\u00eanant sous les p\u00e9dales. Facile \u00e0 mettre en place\/retirer et \u00e0 nettoyer. Disponible pour tous les mod\u00e8les de [&hellip;]<\/p>\n","protected":false},"featured_media":116008,"template":"","meta":{"_acf_changed":false},"product_featured_cat":[],"product_brand":[3080],"product_cat":[4685],"product_tag":[],"class_list":{"0":"post-116010","1":"product","2":"type-product","3":"status-publish","4":"has-post-thumbnail","6":"product_brand-brunner","7":"product_cat-tapis-de-cabine","9":"first","10":"instock","11":"taxable","12":"shipping-taxable","13":"purchasable","14":"product-type-simple"},"acf":[],"yoast_head":"<!-- This site is optimized with the Yoast SEO plugin v27.4 - https:\/\/yoast.com\/product\/yoast-seo-wordpress\/ -->\n<title>Tapis cabine conduct. BRUNNER Tapis Rubbmat Ducato\/Citro\u00ebn - Bantam Wankm\u00fcller SA<\/title>\n<meta name=\"robots\" content=\"index, follow, max-snippet:-1, max-image-preview:large, max-video-preview:-1\" \/>\n<link rel=\"canonical\" href=\"https:\/\/shop.bantam.ch\/fr\/produit\/tapis-de-cabine-ducato-citroen-tapis-rubbermat\/\" \/>\n<meta property=\"og:locale\" content=\"fr_FR\" \/>\n<meta property=\"og:type\" content=\"article\" \/>\n<meta property=\"og:title\" content=\"Tapis cabine conduct. BRUNNER Tapis Rubbmat Ducato\/Citro\u00ebn - Bantam Wankm\u00fcller SA\" \/>\n<meta property=\"og:description\" content=\"Tapis de cabine de forme adapt\u00e9e, enti\u00e8rement fabriqu\u00e9s en caoutchouc de haute qualit\u00e9 et inodore. Protection id\u00e9ale du v\u00e9hicule de la salet\u00e9 et de l\u2019humidit\u00e9. Excellente adh\u00e9rence au niveau du plancher du v\u00e9hicule pour \u00e9viter tout glissement g\u00eanant sous les p\u00e9dales. Facile \u00e0 mettre en place\/retirer et \u00e0 nettoyer. Disponible pour tous les mod\u00e8les de [&hellip;]\" \/>\n<meta property=\"og:url\" content=\"https:\/\/shop.bantam.ch\/fr\/produit\/tapis-de-cabine-ducato-citroen-tapis-rubbermat\/\" \/>\n<meta property=\"og:site_name\" content=\"Bantam Wankm\u00fcller SA\" \/>\n<meta property=\"article:modified_time\" content=\"2026-04-17T19:44:52+00:00\" \/>\n<meta property=\"og:image\" content=\"https:\/\/shop.bantam.ch\/wp-content\/uploads\/2023\/02\/994437711.jpg\" \/>\n\t<meta property=\"og:image:width\" content=\"1000\" \/>\n\t<meta property=\"og:image:height\" content=\"522\" \/>\n\t<meta property=\"og:image:type\" content=\"image\/jpeg\" \/>\n<meta name=\"twitter:card\" content=\"summary_large_image\" \/>\n<script type=\"application\/ld+json\" class=\"yoast-schema-graph\">{\"@context\":\"https:\\\/\\\/schema.org\",\"@graph\":[{\"@type\":\"WebPage\",\"@id\":\"https:\\\/\\\/shop.bantam.ch\\\/fr\\\/produit\\\/tapis-de-cabine-ducato-citroen-tapis-rubbermat\\\/\",\"url\":\"https:\\\/\\\/shop.bantam.ch\\\/fr\\\/produit\\\/tapis-de-cabine-ducato-citroen-tapis-rubbermat\\\/\",\"name\":\"Tapis cabine conduct. BRUNNER Tapis Rubbmat Ducato\\\/Citro\u00ebn - Bantam Wankm\u00fcller SA\",\"isPartOf\":{\"@id\":\"https:\\\/\\\/shop.bantam.ch\\\/fr\\\/#website\"},\"primaryImageOfPage\":{\"@id\":\"https:\\\/\\\/shop.bantam.ch\\\/fr\\\/produit\\\/tapis-de-cabine-ducato-citroen-tapis-rubbermat\\\/#primaryimage\"},\"image\":{\"@id\":\"https:\\\/\\\/shop.bantam.ch\\\/fr\\\/produit\\\/tapis-de-cabine-ducato-citroen-tapis-rubbermat\\\/#primaryimage\"},\"thumbnailUrl\":\"https:\\\/\\\/shop.bantam.ch\\\/wp-content\\\/uploads\\\/2023\\\/02\\\/994437711.jpg\",\"datePublished\":\"2023-02-28T21:12:42+00:00\",\"dateModified\":\"2026-04-17T19:44:52+00:00\",\"breadcrumb\":{\"@id\":\"https:\\\/\\\/shop.bantam.ch\\\/fr\\\/produit\\\/tapis-de-cabine-ducato-citroen-tapis-rubbermat\\\/#breadcrumb\"},\"inLanguage\":\"fr-FR\",\"potentialAction\":[{\"@type\":\"ReadAction\",\"target\":[\"https:\\\/\\\/shop.bantam.ch\\\/fr\\\/produit\\\/tapis-de-cabine-ducato-citroen-tapis-rubbermat\\\/\"]}]},{\"@type\":\"ImageObject\",\"inLanguage\":\"fr-FR\",\"@id\":\"https:\\\/\\\/shop.bantam.ch\\\/fr\\\/produit\\\/tapis-de-cabine-ducato-citroen-tapis-rubbermat\\\/#primaryimage\",\"url\":\"https:\\\/\\\/shop.bantam.ch\\\/wp-content\\\/uploads\\\/2023\\\/02\\\/994437711.jpg\",\"contentUrl\":\"https:\\\/\\\/shop.bantam.ch\\\/wp-content\\\/uploads\\\/2023\\\/02\\\/994437711.jpg\",\"width\":1000,\"height\":522},{\"@type\":\"BreadcrumbList\",\"@id\":\"https:\\\/\\\/shop.bantam.ch\\\/fr\\\/produit\\\/tapis-de-cabine-ducato-citroen-tapis-rubbermat\\\/#breadcrumb\",\"itemListElement\":[{\"@type\":\"ListItem\",\"position\":1,\"name\":\"Accueil\",\"item\":\"https:\\\/\\\/shop.bantam.ch\\\/fr\\\/\"},{\"@type\":\"ListItem\",\"position\":2,\"name\":\"Boutique\",\"item\":\"https:\\\/\\\/shop.bantam.ch\\\/fr\\\/boutique\\\/\"},{\"@type\":\"ListItem\",\"position\":3,\"name\":\"Tapis cabine conduct. BRUNNER Tapis Rubbmat Ducato\\\/Citro\u00ebn\"}]},{\"@type\":\"WebSite\",\"@id\":\"https:\\\/\\\/shop.bantam.ch\\\/fr\\\/#website\",\"url\":\"https:\\\/\\\/shop.bantam.ch\\\/fr\\\/\",\"name\":\"Bantam Wankm\u00fcller SA\",\"description\":\"\",\"publisher\":{\"@id\":\"https:\\\/\\\/shop.bantam.ch\\\/fr\\\/#organization\"},\"inLanguage\":\"fr-FR\"},{\"@type\":\"Organization\",\"@id\":\"https:\\\/\\\/shop.bantam.ch\\\/fr\\\/#organization\",\"name\":\"Bantam Wankm\u00fcller SA\",\"url\":\"https:\\\/\\\/shop.bantam.ch\\\/fr\\\/\",\"logo\":{\"@type\":\"ImageObject\",\"inLanguage\":\"fr-FR\",\"@id\":\"https:\\\/\\\/shop.bantam.ch\\\/fr\\\/#\\\/schema\\\/logo\\\/image\\\/\",\"url\":\"https:\\\/\\\/shop.bantam.ch\\\/wp-content\\\/uploads\\\/2022\\\/12\\\/bantam-logo.png\",\"contentUrl\":\"https:\\\/\\\/shop.bantam.ch\\\/wp-content\\\/uploads\\\/2022\\\/12\\\/bantam-logo.png\",\"width\":320,\"height\":71,\"caption\":\"Bantam Wankm\u00fcller SA\"},\"image\":{\"@id\":\"https:\\\/\\\/shop.bantam.ch\\\/fr\\\/#\\\/schema\\\/logo\\\/image\\\/\"}}]}<\/script>\n<!-- \/ Yoast SEO plugin. -->","yoast_head_json":{"title":"Tapis cabine conduct. BRUNNER Tapis Rubbmat Ducato\/Citro\u00ebn - Bantam Wankm\u00fcller SA","robots":{"index":"index","follow":"follow","max-snippet":"max-snippet:-1","max-image-preview":"max-image-preview:large","max-video-preview":"max-video-preview:-1"},"canonical":"https:\/\/shop.bantam.ch\/fr\/produit\/tapis-de-cabine-ducato-citroen-tapis-rubbermat\/","og_locale":"fr_FR","og_type":"article","og_title":"Tapis cabine conduct. BRUNNER Tapis Rubbmat Ducato\/Citro\u00ebn - Bantam Wankm\u00fcller SA","og_description":"Tapis de cabine de forme adapt\u00e9e, enti\u00e8rement fabriqu\u00e9s en caoutchouc de haute qualit\u00e9 et inodore. Protection id\u00e9ale du v\u00e9hicule de la salet\u00e9 et de l\u2019humidit\u00e9. Excellente adh\u00e9rence au niveau du plancher du v\u00e9hicule pour \u00e9viter tout glissement g\u00eanant sous les p\u00e9dales. Facile \u00e0 mettre en place\/retirer et \u00e0 nettoyer. Disponible pour tous les mod\u00e8les de [&hellip;]","og_url":"https:\/\/shop.bantam.ch\/fr\/produit\/tapis-de-cabine-ducato-citroen-tapis-rubbermat\/","og_site_name":"Bantam Wankm\u00fcller SA","article_modified_time":"2026-04-17T19:44:52+00:00","og_image":[{"width":1000,"height":522,"url":"https:\/\/shop.bantam.ch\/wp-content\/uploads\/2023\/02\/994437711.jpg","type":"image\/jpeg"}],"twitter_card":"summary_large_image","schema":{"@context":"https:\/\/schema.org","@graph":[{"@type":"WebPage","@id":"https:\/\/shop.bantam.ch\/fr\/produit\/tapis-de-cabine-ducato-citroen-tapis-rubbermat\/","url":"https:\/\/shop.bantam.ch\/fr\/produit\/tapis-de-cabine-ducato-citroen-tapis-rubbermat\/","name":"Tapis cabine conduct. BRUNNER Tapis Rubbmat Ducato\/Citro\u00ebn - Bantam Wankm\u00fcller SA","isPartOf":{"@id":"https:\/\/shop.bantam.ch\/fr\/#website"},"primaryImageOfPage":{"@id":"https:\/\/shop.bantam.ch\/fr\/produit\/tapis-de-cabine-ducato-citroen-tapis-rubbermat\/#primaryimage"},"image":{"@id":"https:\/\/shop.bantam.ch\/fr\/produit\/tapis-de-cabine-ducato-citroen-tapis-rubbermat\/#primaryimage"},"thumbnailUrl":"https:\/\/shop.bantam.ch\/wp-content\/uploads\/2023\/02\/994437711.jpg","datePublished":"2023-02-28T21:12:42+00:00","dateModified":"2026-04-17T19:44:52+00:00","breadcrumb":{"@id":"https:\/\/shop.bantam.ch\/fr\/produit\/tapis-de-cabine-ducato-citroen-tapis-rubbermat\/#breadcrumb"},"inLanguage":"fr-FR","potentialAction":[{"@type":"ReadAction","target":["https:\/\/shop.bantam.ch\/fr\/produit\/tapis-de-cabine-ducato-citroen-tapis-rubbermat\/"]}]},{"@type":"ImageObject","inLanguage":"fr-FR","@id":"https:\/\/shop.bantam.ch\/fr\/produit\/tapis-de-cabine-ducato-citroen-tapis-rubbermat\/#primaryimage","url":"https:\/\/shop.bantam.ch\/wp-content\/uploads\/2023\/02\/994437711.jpg","contentUrl":"https:\/\/shop.bantam.ch\/wp-content\/uploads\/2023\/02\/994437711.jpg","width":1000,"height":522},{"@type":"BreadcrumbList","@id":"https:\/\/shop.bantam.ch\/fr\/produit\/tapis-de-cabine-ducato-citroen-tapis-rubbermat\/#breadcrumb","itemListElement":[{"@type":"ListItem","position":1,"name":"Accueil","item":"https:\/\/shop.bantam.ch\/fr\/"},{"@type":"ListItem","position":2,"name":"Boutique","item":"https:\/\/shop.bantam.ch\/fr\/boutique\/"},{"@type":"ListItem","position":3,"name":"Tapis cabine conduct. BRUNNER Tapis Rubbmat Ducato\/Citro\u00ebn"}]},{"@type":"WebSite","@id":"https:\/\/shop.bantam.ch\/fr\/#website","url":"https:\/\/shop.bantam.ch\/fr\/","name":"Bantam Wankm\u00fcller SA","description":"","publisher":{"@id":"https:\/\/shop.bantam.ch\/fr\/#organization"},"inLanguage":"fr-FR"},{"@type":"Organization","@id":"https:\/\/shop.bantam.ch\/fr\/#organization","name":"Bantam Wankm\u00fcller SA","url":"https:\/\/shop.bantam.ch\/fr\/","logo":{"@type":"ImageObject","inLanguage":"fr-FR","@id":"https:\/\/shop.bantam.ch\/fr\/#\/schema\/logo\/image\/","url":"https:\/\/shop.bantam.ch\/wp-content\/uploads\/2022\/12\/bantam-logo.png","contentUrl":"https:\/\/shop.bantam.ch\/wp-content\/uploads\/2022\/12\/bantam-logo.png","width":320,"height":71,"caption":"Bantam Wankm\u00fcller SA"},"image":{"@id":"https:\/\/shop.bantam.ch\/fr\/#\/schema\/logo\/image\/"}}]}},"_links":{"self":[{"href":"https:\/\/shop.bantam.ch\/fr\/wp-json\/wp\/v2\/product\/116010","targetHints":{"allow":["GET"]}}],"collection":[{"href":"https:\/\/shop.bantam.ch\/fr\/wp-json\/wp\/v2\/product"}],"about":[{"href":"https:\/\/shop.bantam.ch\/fr\/wp-json\/wp\/v2\/types\/product"}],"wp:featuredmedia":[{"embeddable":true,"href":"https:\/\/shop.bantam.ch\/fr\/wp-json\/wp\/v2\/media\/116008"}],"wp:attachment":[{"href":"https:\/\/shop.bantam.ch\/fr\/wp-json\/wp\/v2\/media?parent=116010"}],"wp:term":[{"taxonomy":"product_featured_cat","embeddable":true,"href":"https:\/\/shop.bantam.ch\/fr\/wp-json\/wp\/v2\/product_featured_cat?post=116010"},{"taxonomy":"product_brand","embeddable":true,"href":"https:\/\/shop.bantam.ch\/fr\/wp-json\/wp\/v2\/product_brand?post=116010"},{"taxonomy":"product_cat","embeddable":true,"href":"https:\/\/shop.bantam.ch\/fr\/wp-json\/wp\/v2\/product_cat?post=116010"},{"taxonomy":"product_tag","embeddable":true,"href":"https:\/\/shop.bantam.ch\/fr\/wp-json\/wp\/v2\/product_tag?post=116010"}],"curies":[{"name":"wp","href":"https:\/\/api.w.org\/{rel}","templated":true}]}}