{"id":115952,"date":"2023-02-28T22:11:30","date_gmt":"2023-02-28T21:11:30","guid":{"rendered":"https:\/\/shop.bantam.ch\/produit\/chauffe-eau-a-gaz-expanse-8l-pour-montage-interieur\/"},"modified":"2026-05-01T23:19:47","modified_gmt":"2026-05-01T21:19:47","slug":"chauffe-eau-a-gaz-expanse-8l-pour-montage-interieur","status":"publish","type":"product","link":"https:\/\/shop.bantam.ch\/fr\/produit\/chauffe-eau-a-gaz-expanse-8l-pour-montage-interieur\/","title":{"rendered":"Chauffe-eau \u00e0 gaz EXPANSE 8L pour montage int\u00e9rieur"},"content":{"rendered":"<p>Le chauffe-eau \u00e0 gaz Whale Expanse est disponible en quatre versions diff\u00e9rentes, gaz et gaz\/\u00e9lectricit\u00e9, ainsi qu\u2019en installation \u00e0 bord du v\u00e9hicule ou sous le plancher. La chaudi\u00e8re \u00e0 gaz Expanse se caract\u00e9rise par des temps de chauffe in\u00e9gal\u00e9s sur le march\u00e9, un faible poids et une flexibilit\u00e9 d&rsquo;installation maximale.<\/p>\n<p>Contenu de la livraison :<\/p>\n<ul>\n<li>chauffe-eau \u00e0 gaz de 8 litres avec raccords d\u2019eau de 12 mm inclus<\/li>\n<li>Tube coaxial pour air de combustion et gaz d\u2019\u00e9chappement avec supports et embout<\/li>\n<li>Soupape d\u2019assistance \u00e0 l\u2019\u00e9vacuation de l\u2019eau<\/li>\n<li>\u00c9l\u00e9ment de commande avec c\u00e2ble de connexion 7m<\/li>\n<li>Manuel d\u2019emploi et instructions d\u2019utilisation<\/li>\n<\/ul>\n<p>les conduites de gaz et d\u2019eau ne sont pas comprises dans la livraison<\/p>\n","protected":false},"excerpt":{"rendered":"<p>Le chauffe-eau \u00e0 gaz Whale Expanse est disponible en quatre versions diff\u00e9rentes, gaz et gaz\/\u00e9lectricit\u00e9, ainsi qu\u2019en installation \u00e0 bord du v\u00e9hicule ou sous le plancher. La chaudi\u00e8re \u00e0 gaz Expanse se caract\u00e9rise par des temps de chauffe in\u00e9gal\u00e9s sur le march\u00e9, un faible poids et une flexibilit\u00e9 d&rsquo;installation maximale. Contenu de la livraison : [&hellip;]<\/p>\n","protected":false},"featured_media":115948,"template":"","meta":{"_acf_changed":false},"product_featured_cat":[],"product_brand":[3568],"product_cat":[4585],"product_tag":[],"class_list":{"0":"post-115952","1":"product","2":"type-product","3":"status-publish","4":"has-post-thumbnail","6":"product_brand-whale","7":"product_cat-chauffe-eau-a-gaz","9":"first","10":"instock","11":"taxable","12":"shipping-taxable","13":"purchasable","14":"product-type-variable"},"acf":[],"yoast_head":"<!-- This site is optimized with the Yoast SEO plugin v27.5 - https:\/\/yoast.com\/product\/yoast-seo-wordpress\/ -->\n<title>Chauffe-eau \u00e0 gaz EXPANSE 8L pour montage int\u00e9rieur - Bantam<\/title>\n<meta name=\"robots\" content=\"index, follow, max-snippet:-1, max-image-preview:large, max-video-preview:-1\" \/>\n<link rel=\"canonical\" href=\"https:\/\/shop.bantam.ch\/fr\/produit\/chauffe-eau-a-gaz-expanse-8l-pour-montage-interieur\/\" \/>\n<meta property=\"og:locale\" content=\"fr_FR\" \/>\n<meta property=\"og:type\" content=\"article\" \/>\n<meta property=\"og:title\" content=\"Chauffe-eau \u00e0 gaz EXPANSE 8L pour montage int\u00e9rieur - Bantam\" \/>\n<meta property=\"og:description\" content=\"Le chauffe-eau \u00e0 gaz Whale Expanse est disponible en quatre versions diff\u00e9rentes, gaz et gaz\/\u00e9lectricit\u00e9, ainsi qu\u2019en installation \u00e0 bord du v\u00e9hicule ou sous le plancher. La chaudi\u00e8re \u00e0 gaz Expanse se caract\u00e9rise par des temps de chauffe in\u00e9gal\u00e9s sur le march\u00e9, un faible poids et une flexibilit\u00e9 d&rsquo;installation maximale. Contenu de la livraison : [&hellip;]\" \/>\n<meta property=\"og:url\" content=\"https:\/\/shop.bantam.ch\/fr\/produit\/chauffe-eau-a-gaz-expanse-8l-pour-montage-interieur\/\" \/>\n<meta property=\"og:site_name\" content=\"Bantam\" \/>\n<meta property=\"article:modified_time\" content=\"2026-05-01T21:19:47+00:00\" \/>\n<meta property=\"og:image\" content=\"https:\/\/shop.bantam.ch\/wp-content\/uploads\/2023\/02\/996118511.jpg\" \/>\n\t<meta property=\"og:image:width\" content=\"1000\" \/>\n\t<meta property=\"og:image:height\" content=\"821\" \/>\n\t<meta property=\"og:image:type\" content=\"image\/jpeg\" \/>\n<meta name=\"twitter:card\" content=\"summary_large_image\" \/>\n<meta name=\"twitter:label1\" content=\"Dur\u00e9e de lecture estim\u00e9e\" \/>\n\t<meta name=\"twitter:data1\" content=\"1 minute\" \/>\n<script type=\"application\/ld+json\" class=\"yoast-schema-graph\">{\"@context\":\"https:\\\/\\\/schema.org\",\"@graph\":[{\"@type\":\"WebPage\",\"@id\":\"https:\\\/\\\/shop.bantam.ch\\\/fr\\\/produit\\\/chauffe-eau-a-gaz-expanse-8l-pour-montage-interieur\\\/\",\"url\":\"https:\\\/\\\/shop.bantam.ch\\\/fr\\\/produit\\\/chauffe-eau-a-gaz-expanse-8l-pour-montage-interieur\\\/\",\"name\":\"Chauffe-eau \u00e0 gaz EXPANSE 8L pour montage int\u00e9rieur - Bantam\",\"isPartOf\":{\"@id\":\"https:\\\/\\\/shop.bantam.ch\\\/fr\\\/#website\"},\"primaryImageOfPage\":{\"@id\":\"https:\\\/\\\/shop.bantam.ch\\\/fr\\\/produit\\\/chauffe-eau-a-gaz-expanse-8l-pour-montage-interieur\\\/#primaryimage\"},\"image\":{\"@id\":\"https:\\\/\\\/shop.bantam.ch\\\/fr\\\/produit\\\/chauffe-eau-a-gaz-expanse-8l-pour-montage-interieur\\\/#primaryimage\"},\"thumbnailUrl\":\"https:\\\/\\\/shop.bantam.ch\\\/wp-content\\\/uploads\\\/2023\\\/02\\\/996118511.jpg\",\"datePublished\":\"2023-02-28T21:11:30+00:00\",\"dateModified\":\"2026-05-01T21:19:47+00:00\",\"breadcrumb\":{\"@id\":\"https:\\\/\\\/shop.bantam.ch\\\/fr\\\/produit\\\/chauffe-eau-a-gaz-expanse-8l-pour-montage-interieur\\\/#breadcrumb\"},\"inLanguage\":\"fr-FR\",\"potentialAction\":[{\"@type\":\"ReadAction\",\"target\":[\"https:\\\/\\\/shop.bantam.ch\\\/fr\\\/produit\\\/chauffe-eau-a-gaz-expanse-8l-pour-montage-interieur\\\/\"]}]},{\"@type\":\"ImageObject\",\"inLanguage\":\"fr-FR\",\"@id\":\"https:\\\/\\\/shop.bantam.ch\\\/fr\\\/produit\\\/chauffe-eau-a-gaz-expanse-8l-pour-montage-interieur\\\/#primaryimage\",\"url\":\"https:\\\/\\\/shop.bantam.ch\\\/wp-content\\\/uploads\\\/2023\\\/02\\\/996118511.jpg\",\"contentUrl\":\"https:\\\/\\\/shop.bantam.ch\\\/wp-content\\\/uploads\\\/2023\\\/02\\\/996118511.jpg\",\"width\":1000,\"height\":821},{\"@type\":\"BreadcrumbList\",\"@id\":\"https:\\\/\\\/shop.bantam.ch\\\/fr\\\/produit\\\/chauffe-eau-a-gaz-expanse-8l-pour-montage-interieur\\\/#breadcrumb\",\"itemListElement\":[{\"@type\":\"ListItem\",\"position\":1,\"name\":\"Accueil\",\"item\":\"https:\\\/\\\/shop.bantam.ch\\\/fr\\\/\"},{\"@type\":\"ListItem\",\"position\":2,\"name\":\"Boutique\",\"item\":\"https:\\\/\\\/shop.bantam.ch\\\/fr\\\/boutique\\\/\"},{\"@type\":\"ListItem\",\"position\":3,\"name\":\"Chauffe-eau \u00e0 gaz EXPANSE 8L pour montage int\u00e9rieur\"}]},{\"@type\":\"WebSite\",\"@id\":\"https:\\\/\\\/shop.bantam.ch\\\/fr\\\/#website\",\"url\":\"https:\\\/\\\/shop.bantam.ch\\\/fr\\\/\",\"name\":\"Bantam\",\"description\":\"\",\"publisher\":{\"@id\":\"https:\\\/\\\/shop.bantam.ch\\\/fr\\\/#organization\"},\"inLanguage\":\"fr-FR\"},{\"@type\":\"Organization\",\"@id\":\"https:\\\/\\\/shop.bantam.ch\\\/fr\\\/#organization\",\"name\":\"Bantam\",\"url\":\"https:\\\/\\\/shop.bantam.ch\\\/fr\\\/\",\"logo\":{\"@type\":\"ImageObject\",\"inLanguage\":\"fr-FR\",\"@id\":\"https:\\\/\\\/shop.bantam.ch\\\/fr\\\/#\\\/schema\\\/logo\\\/image\\\/\",\"url\":\"https:\\\/\\\/shop.bantam.ch\\\/wp-content\\\/uploads\\\/2022\\\/12\\\/bantam-logo.png\",\"contentUrl\":\"https:\\\/\\\/shop.bantam.ch\\\/wp-content\\\/uploads\\\/2022\\\/12\\\/bantam-logo.png\",\"width\":320,\"height\":71,\"caption\":\"Bantam\"},\"image\":{\"@id\":\"https:\\\/\\\/shop.bantam.ch\\\/fr\\\/#\\\/schema\\\/logo\\\/image\\\/\"}}]}<\/script>\n<!-- \/ Yoast SEO plugin. -->","yoast_head_json":{"title":"Chauffe-eau \u00e0 gaz EXPANSE 8L pour montage int\u00e9rieur - Bantam","robots":{"index":"index","follow":"follow","max-snippet":"max-snippet:-1","max-image-preview":"max-image-preview:large","max-video-preview":"max-video-preview:-1"},"canonical":"https:\/\/shop.bantam.ch\/fr\/produit\/chauffe-eau-a-gaz-expanse-8l-pour-montage-interieur\/","og_locale":"fr_FR","og_type":"article","og_title":"Chauffe-eau \u00e0 gaz EXPANSE 8L pour montage int\u00e9rieur - Bantam","og_description":"Le chauffe-eau \u00e0 gaz Whale Expanse est disponible en quatre versions diff\u00e9rentes, gaz et gaz\/\u00e9lectricit\u00e9, ainsi qu\u2019en installation \u00e0 bord du v\u00e9hicule ou sous le plancher. La chaudi\u00e8re \u00e0 gaz Expanse se caract\u00e9rise par des temps de chauffe in\u00e9gal\u00e9s sur le march\u00e9, un faible poids et une flexibilit\u00e9 d&rsquo;installation maximale. Contenu de la livraison : [&hellip;]","og_url":"https:\/\/shop.bantam.ch\/fr\/produit\/chauffe-eau-a-gaz-expanse-8l-pour-montage-interieur\/","og_site_name":"Bantam","article_modified_time":"2026-05-01T21:19:47+00:00","og_image":[{"width":1000,"height":821,"url":"https:\/\/shop.bantam.ch\/wp-content\/uploads\/2023\/02\/996118511.jpg","type":"image\/jpeg"}],"twitter_card":"summary_large_image","twitter_misc":{"Dur\u00e9e de lecture estim\u00e9e":"1 minute"},"schema":{"@context":"https:\/\/schema.org","@graph":[{"@type":"WebPage","@id":"https:\/\/shop.bantam.ch\/fr\/produit\/chauffe-eau-a-gaz-expanse-8l-pour-montage-interieur\/","url":"https:\/\/shop.bantam.ch\/fr\/produit\/chauffe-eau-a-gaz-expanse-8l-pour-montage-interieur\/","name":"Chauffe-eau \u00e0 gaz EXPANSE 8L pour montage int\u00e9rieur - Bantam","isPartOf":{"@id":"https:\/\/shop.bantam.ch\/fr\/#website"},"primaryImageOfPage":{"@id":"https:\/\/shop.bantam.ch\/fr\/produit\/chauffe-eau-a-gaz-expanse-8l-pour-montage-interieur\/#primaryimage"},"image":{"@id":"https:\/\/shop.bantam.ch\/fr\/produit\/chauffe-eau-a-gaz-expanse-8l-pour-montage-interieur\/#primaryimage"},"thumbnailUrl":"https:\/\/shop.bantam.ch\/wp-content\/uploads\/2023\/02\/996118511.jpg","datePublished":"2023-02-28T21:11:30+00:00","dateModified":"2026-05-01T21:19:47+00:00","breadcrumb":{"@id":"https:\/\/shop.bantam.ch\/fr\/produit\/chauffe-eau-a-gaz-expanse-8l-pour-montage-interieur\/#breadcrumb"},"inLanguage":"fr-FR","potentialAction":[{"@type":"ReadAction","target":["https:\/\/shop.bantam.ch\/fr\/produit\/chauffe-eau-a-gaz-expanse-8l-pour-montage-interieur\/"]}]},{"@type":"ImageObject","inLanguage":"fr-FR","@id":"https:\/\/shop.bantam.ch\/fr\/produit\/chauffe-eau-a-gaz-expanse-8l-pour-montage-interieur\/#primaryimage","url":"https:\/\/shop.bantam.ch\/wp-content\/uploads\/2023\/02\/996118511.jpg","contentUrl":"https:\/\/shop.bantam.ch\/wp-content\/uploads\/2023\/02\/996118511.jpg","width":1000,"height":821},{"@type":"BreadcrumbList","@id":"https:\/\/shop.bantam.ch\/fr\/produit\/chauffe-eau-a-gaz-expanse-8l-pour-montage-interieur\/#breadcrumb","itemListElement":[{"@type":"ListItem","position":1,"name":"Accueil","item":"https:\/\/shop.bantam.ch\/fr\/"},{"@type":"ListItem","position":2,"name":"Boutique","item":"https:\/\/shop.bantam.ch\/fr\/boutique\/"},{"@type":"ListItem","position":3,"name":"Chauffe-eau \u00e0 gaz EXPANSE 8L pour montage int\u00e9rieur"}]},{"@type":"WebSite","@id":"https:\/\/shop.bantam.ch\/fr\/#website","url":"https:\/\/shop.bantam.ch\/fr\/","name":"Bantam","description":"","publisher":{"@id":"https:\/\/shop.bantam.ch\/fr\/#organization"},"inLanguage":"fr-FR"},{"@type":"Organization","@id":"https:\/\/shop.bantam.ch\/fr\/#organization","name":"Bantam","url":"https:\/\/shop.bantam.ch\/fr\/","logo":{"@type":"ImageObject","inLanguage":"fr-FR","@id":"https:\/\/shop.bantam.ch\/fr\/#\/schema\/logo\/image\/","url":"https:\/\/shop.bantam.ch\/wp-content\/uploads\/2022\/12\/bantam-logo.png","contentUrl":"https:\/\/shop.bantam.ch\/wp-content\/uploads\/2022\/12\/bantam-logo.png","width":320,"height":71,"caption":"Bantam"},"image":{"@id":"https:\/\/shop.bantam.ch\/fr\/#\/schema\/logo\/image\/"}}]}},"_links":{"self":[{"href":"https:\/\/shop.bantam.ch\/fr\/wp-json\/wp\/v2\/product\/115952","targetHints":{"allow":["GET"]}}],"collection":[{"href":"https:\/\/shop.bantam.ch\/fr\/wp-json\/wp\/v2\/product"}],"about":[{"href":"https:\/\/shop.bantam.ch\/fr\/wp-json\/wp\/v2\/types\/product"}],"wp:featuredmedia":[{"embeddable":true,"href":"https:\/\/shop.bantam.ch\/fr\/wp-json\/wp\/v2\/media\/115948"}],"wp:attachment":[{"href":"https:\/\/shop.bantam.ch\/fr\/wp-json\/wp\/v2\/media?parent=115952"}],"wp:term":[{"taxonomy":"product_featured_cat","embeddable":true,"href":"https:\/\/shop.bantam.ch\/fr\/wp-json\/wp\/v2\/product_featured_cat?post=115952"},{"taxonomy":"product_brand","embeddable":true,"href":"https:\/\/shop.bantam.ch\/fr\/wp-json\/wp\/v2\/product_brand?post=115952"},{"taxonomy":"product_cat","embeddable":true,"href":"https:\/\/shop.bantam.ch\/fr\/wp-json\/wp\/v2\/product_cat?post=115952"},{"taxonomy":"product_tag","embeddable":true,"href":"https:\/\/shop.bantam.ch\/fr\/wp-json\/wp\/v2\/product_tag?post=115952"}],"curies":[{"name":"wp","href":"https:\/\/api.w.org\/{rel}","templated":true}]}}