{"id":115856,"date":"2023-02-28T22:09:43","date_gmt":"2023-02-28T21:09:43","guid":{"rendered":"https:\/\/shop.bantam.ch\/produit\/planche-a-decouper-snap\/"},"modified":"2026-05-11T23:20:22","modified_gmt":"2026-05-11T21:20:22","slug":"planche-a-decouper-snap","status":"publish","type":"product","link":"https:\/\/shop.bantam.ch\/fr\/produit\/planche-a-decouper-snap\/","title":{"rendered":"Planche \u00e0 d\u00e9couper SNAP"},"content":{"rendered":"<p>Coupez d\u2019abord, puis pliez.  La forme de la planche \u00e0 d\u00e9couper d\u00e9sormais avec une nouvelle fonction de pliage et un design astucieux. La planche \u00e0 d\u00e9couper peut \u00eatre inclin\u00e9e \u00e0 travers le pli central et les aliments coup\u00e9s glissent en toute s\u00e9curit\u00e9 dans le pot ou le saladier.  L\u2019angle de pliage se bloque pour faciliter l\u2019utilisation et le bord biseaut\u00e9 de la planche permet de mieux la soulever.<\/p>\n","protected":false},"excerpt":{"rendered":"<p>Coupez d\u2019abord, puis pliez. La forme de la planche \u00e0 d\u00e9couper d\u00e9sormais avec une nouvelle fonction de pliage et un design astucieux. La planche \u00e0 d\u00e9couper peut \u00eatre inclin\u00e9e \u00e0 travers le pli central et les aliments coup\u00e9s glissent en toute s\u00e9curit\u00e9 dans le pot ou le saladier. L\u2019angle de pliage se bloque pour faciliter [&hellip;]<\/p>\n","protected":false},"featured_media":115848,"template":"","meta":{"_acf_changed":false},"product_featured_cat":[],"product_brand":[3584],"product_cat":[4285],"product_tag":[],"class_list":{"0":"post-115856","1":"product","2":"type-product","3":"status-publish","4":"has-post-thumbnail","6":"product_brand-koziol","7":"product_cat-ustensiles-de-cuisine","9":"first","10":"instock","11":"taxable","12":"shipping-taxable","13":"purchasable","14":"product-type-variable"},"acf":[],"yoast_head":"<!-- This site is optimized with the Yoast SEO plugin v27.5 - https:\/\/yoast.com\/product\/yoast-seo-wordpress\/ -->\n<title>Planche \u00e0 d\u00e9couper SNAP - Bantam<\/title>\n<meta name=\"robots\" content=\"index, follow, max-snippet:-1, max-image-preview:large, max-video-preview:-1\" \/>\n<link rel=\"canonical\" href=\"https:\/\/shop.bantam.ch\/fr\/produit\/planche-a-decouper-snap\/\" \/>\n<meta property=\"og:locale\" content=\"fr_FR\" \/>\n<meta property=\"og:type\" content=\"article\" \/>\n<meta property=\"og:title\" content=\"Planche \u00e0 d\u00e9couper SNAP - Bantam\" \/>\n<meta property=\"og:description\" content=\"Coupez d\u2019abord, puis pliez. La forme de la planche \u00e0 d\u00e9couper d\u00e9sormais avec une nouvelle fonction de pliage et un design astucieux. La planche \u00e0 d\u00e9couper peut \u00eatre inclin\u00e9e \u00e0 travers le pli central et les aliments coup\u00e9s glissent en toute s\u00e9curit\u00e9 dans le pot ou le saladier. L\u2019angle de pliage se bloque pour faciliter [&hellip;]\" \/>\n<meta property=\"og:url\" content=\"https:\/\/shop.bantam.ch\/fr\/produit\/planche-a-decouper-snap\/\" \/>\n<meta property=\"og:site_name\" content=\"Bantam\" \/>\n<meta property=\"article:modified_time\" content=\"2026-05-11T21:20:22+00:00\" \/>\n<meta property=\"og:image\" content=\"https:\/\/shop.bantam.ch\/wp-content\/uploads\/2023\/02\/998452511.jpg\" \/>\n\t<meta property=\"og:image:width\" content=\"1000\" \/>\n\t<meta property=\"og:image:height\" content=\"671\" \/>\n\t<meta property=\"og:image:type\" content=\"image\/jpeg\" \/>\n<meta name=\"twitter:card\" content=\"summary_large_image\" \/>\n<script type=\"application\/ld+json\" class=\"yoast-schema-graph\">{\"@context\":\"https:\\\/\\\/schema.org\",\"@graph\":[{\"@type\":\"WebPage\",\"@id\":\"https:\\\/\\\/shop.bantam.ch\\\/fr\\\/produit\\\/planche-a-decouper-snap\\\/\",\"url\":\"https:\\\/\\\/shop.bantam.ch\\\/fr\\\/produit\\\/planche-a-decouper-snap\\\/\",\"name\":\"Planche \u00e0 d\u00e9couper SNAP - Bantam\",\"isPartOf\":{\"@id\":\"https:\\\/\\\/shop.bantam.ch\\\/fr\\\/#website\"},\"primaryImageOfPage\":{\"@id\":\"https:\\\/\\\/shop.bantam.ch\\\/fr\\\/produit\\\/planche-a-decouper-snap\\\/#primaryimage\"},\"image\":{\"@id\":\"https:\\\/\\\/shop.bantam.ch\\\/fr\\\/produit\\\/planche-a-decouper-snap\\\/#primaryimage\"},\"thumbnailUrl\":\"https:\\\/\\\/shop.bantam.ch\\\/wp-content\\\/uploads\\\/2023\\\/02\\\/998452511.jpg\",\"datePublished\":\"2023-02-28T21:09:43+00:00\",\"dateModified\":\"2026-05-11T21:20:22+00:00\",\"breadcrumb\":{\"@id\":\"https:\\\/\\\/shop.bantam.ch\\\/fr\\\/produit\\\/planche-a-decouper-snap\\\/#breadcrumb\"},\"inLanguage\":\"fr-FR\",\"potentialAction\":[{\"@type\":\"ReadAction\",\"target\":[\"https:\\\/\\\/shop.bantam.ch\\\/fr\\\/produit\\\/planche-a-decouper-snap\\\/\"]}]},{\"@type\":\"ImageObject\",\"inLanguage\":\"fr-FR\",\"@id\":\"https:\\\/\\\/shop.bantam.ch\\\/fr\\\/produit\\\/planche-a-decouper-snap\\\/#primaryimage\",\"url\":\"https:\\\/\\\/shop.bantam.ch\\\/wp-content\\\/uploads\\\/2023\\\/02\\\/998452511.jpg\",\"contentUrl\":\"https:\\\/\\\/shop.bantam.ch\\\/wp-content\\\/uploads\\\/2023\\\/02\\\/998452511.jpg\",\"width\":1000,\"height\":671},{\"@type\":\"BreadcrumbList\",\"@id\":\"https:\\\/\\\/shop.bantam.ch\\\/fr\\\/produit\\\/planche-a-decouper-snap\\\/#breadcrumb\",\"itemListElement\":[{\"@type\":\"ListItem\",\"position\":1,\"name\":\"Accueil\",\"item\":\"https:\\\/\\\/shop.bantam.ch\\\/fr\\\/\"},{\"@type\":\"ListItem\",\"position\":2,\"name\":\"Boutique\",\"item\":\"https:\\\/\\\/shop.bantam.ch\\\/fr\\\/boutique\\\/\"},{\"@type\":\"ListItem\",\"position\":3,\"name\":\"Planche \u00e0 d\u00e9couper SNAP\"}]},{\"@type\":\"WebSite\",\"@id\":\"https:\\\/\\\/shop.bantam.ch\\\/fr\\\/#website\",\"url\":\"https:\\\/\\\/shop.bantam.ch\\\/fr\\\/\",\"name\":\"Bantam\",\"description\":\"\",\"publisher\":{\"@id\":\"https:\\\/\\\/shop.bantam.ch\\\/fr\\\/#organization\"},\"inLanguage\":\"fr-FR\"},{\"@type\":\"Organization\",\"@id\":\"https:\\\/\\\/shop.bantam.ch\\\/fr\\\/#organization\",\"name\":\"Bantam\",\"url\":\"https:\\\/\\\/shop.bantam.ch\\\/fr\\\/\",\"logo\":{\"@type\":\"ImageObject\",\"inLanguage\":\"fr-FR\",\"@id\":\"https:\\\/\\\/shop.bantam.ch\\\/fr\\\/#\\\/schema\\\/logo\\\/image\\\/\",\"url\":\"https:\\\/\\\/shop.bantam.ch\\\/wp-content\\\/uploads\\\/2022\\\/12\\\/bantam-logo.png\",\"contentUrl\":\"https:\\\/\\\/shop.bantam.ch\\\/wp-content\\\/uploads\\\/2022\\\/12\\\/bantam-logo.png\",\"width\":320,\"height\":71,\"caption\":\"Bantam\"},\"image\":{\"@id\":\"https:\\\/\\\/shop.bantam.ch\\\/fr\\\/#\\\/schema\\\/logo\\\/image\\\/\"}}]}<\/script>\n<!-- \/ Yoast SEO plugin. -->","yoast_head_json":{"title":"Planche \u00e0 d\u00e9couper SNAP - Bantam","robots":{"index":"index","follow":"follow","max-snippet":"max-snippet:-1","max-image-preview":"max-image-preview:large","max-video-preview":"max-video-preview:-1"},"canonical":"https:\/\/shop.bantam.ch\/fr\/produit\/planche-a-decouper-snap\/","og_locale":"fr_FR","og_type":"article","og_title":"Planche \u00e0 d\u00e9couper SNAP - Bantam","og_description":"Coupez d\u2019abord, puis pliez. La forme de la planche \u00e0 d\u00e9couper d\u00e9sormais avec une nouvelle fonction de pliage et un design astucieux. La planche \u00e0 d\u00e9couper peut \u00eatre inclin\u00e9e \u00e0 travers le pli central et les aliments coup\u00e9s glissent en toute s\u00e9curit\u00e9 dans le pot ou le saladier. L\u2019angle de pliage se bloque pour faciliter [&hellip;]","og_url":"https:\/\/shop.bantam.ch\/fr\/produit\/planche-a-decouper-snap\/","og_site_name":"Bantam","article_modified_time":"2026-05-11T21:20:22+00:00","og_image":[{"width":1000,"height":671,"url":"https:\/\/shop.bantam.ch\/wp-content\/uploads\/2023\/02\/998452511.jpg","type":"image\/jpeg"}],"twitter_card":"summary_large_image","schema":{"@context":"https:\/\/schema.org","@graph":[{"@type":"WebPage","@id":"https:\/\/shop.bantam.ch\/fr\/produit\/planche-a-decouper-snap\/","url":"https:\/\/shop.bantam.ch\/fr\/produit\/planche-a-decouper-snap\/","name":"Planche \u00e0 d\u00e9couper SNAP - Bantam","isPartOf":{"@id":"https:\/\/shop.bantam.ch\/fr\/#website"},"primaryImageOfPage":{"@id":"https:\/\/shop.bantam.ch\/fr\/produit\/planche-a-decouper-snap\/#primaryimage"},"image":{"@id":"https:\/\/shop.bantam.ch\/fr\/produit\/planche-a-decouper-snap\/#primaryimage"},"thumbnailUrl":"https:\/\/shop.bantam.ch\/wp-content\/uploads\/2023\/02\/998452511.jpg","datePublished":"2023-02-28T21:09:43+00:00","dateModified":"2026-05-11T21:20:22+00:00","breadcrumb":{"@id":"https:\/\/shop.bantam.ch\/fr\/produit\/planche-a-decouper-snap\/#breadcrumb"},"inLanguage":"fr-FR","potentialAction":[{"@type":"ReadAction","target":["https:\/\/shop.bantam.ch\/fr\/produit\/planche-a-decouper-snap\/"]}]},{"@type":"ImageObject","inLanguage":"fr-FR","@id":"https:\/\/shop.bantam.ch\/fr\/produit\/planche-a-decouper-snap\/#primaryimage","url":"https:\/\/shop.bantam.ch\/wp-content\/uploads\/2023\/02\/998452511.jpg","contentUrl":"https:\/\/shop.bantam.ch\/wp-content\/uploads\/2023\/02\/998452511.jpg","width":1000,"height":671},{"@type":"BreadcrumbList","@id":"https:\/\/shop.bantam.ch\/fr\/produit\/planche-a-decouper-snap\/#breadcrumb","itemListElement":[{"@type":"ListItem","position":1,"name":"Accueil","item":"https:\/\/shop.bantam.ch\/fr\/"},{"@type":"ListItem","position":2,"name":"Boutique","item":"https:\/\/shop.bantam.ch\/fr\/boutique\/"},{"@type":"ListItem","position":3,"name":"Planche \u00e0 d\u00e9couper SNAP"}]},{"@type":"WebSite","@id":"https:\/\/shop.bantam.ch\/fr\/#website","url":"https:\/\/shop.bantam.ch\/fr\/","name":"Bantam","description":"","publisher":{"@id":"https:\/\/shop.bantam.ch\/fr\/#organization"},"inLanguage":"fr-FR"},{"@type":"Organization","@id":"https:\/\/shop.bantam.ch\/fr\/#organization","name":"Bantam","url":"https:\/\/shop.bantam.ch\/fr\/","logo":{"@type":"ImageObject","inLanguage":"fr-FR","@id":"https:\/\/shop.bantam.ch\/fr\/#\/schema\/logo\/image\/","url":"https:\/\/shop.bantam.ch\/wp-content\/uploads\/2022\/12\/bantam-logo.png","contentUrl":"https:\/\/shop.bantam.ch\/wp-content\/uploads\/2022\/12\/bantam-logo.png","width":320,"height":71,"caption":"Bantam"},"image":{"@id":"https:\/\/shop.bantam.ch\/fr\/#\/schema\/logo\/image\/"}}]}},"_links":{"self":[{"href":"https:\/\/shop.bantam.ch\/fr\/wp-json\/wp\/v2\/product\/115856","targetHints":{"allow":["GET"]}}],"collection":[{"href":"https:\/\/shop.bantam.ch\/fr\/wp-json\/wp\/v2\/product"}],"about":[{"href":"https:\/\/shop.bantam.ch\/fr\/wp-json\/wp\/v2\/types\/product"}],"wp:featuredmedia":[{"embeddable":true,"href":"https:\/\/shop.bantam.ch\/fr\/wp-json\/wp\/v2\/media\/115848"}],"wp:attachment":[{"href":"https:\/\/shop.bantam.ch\/fr\/wp-json\/wp\/v2\/media?parent=115856"}],"wp:term":[{"taxonomy":"product_featured_cat","embeddable":true,"href":"https:\/\/shop.bantam.ch\/fr\/wp-json\/wp\/v2\/product_featured_cat?post=115856"},{"taxonomy":"product_brand","embeddable":true,"href":"https:\/\/shop.bantam.ch\/fr\/wp-json\/wp\/v2\/product_brand?post=115856"},{"taxonomy":"product_cat","embeddable":true,"href":"https:\/\/shop.bantam.ch\/fr\/wp-json\/wp\/v2\/product_cat?post=115856"},{"taxonomy":"product_tag","embeddable":true,"href":"https:\/\/shop.bantam.ch\/fr\/wp-json\/wp\/v2\/product_tag?post=115856"}],"curies":[{"name":"wp","href":"https:\/\/api.w.org\/{rel}","templated":true}]}}