{"id":115800,"date":"2023-02-28T22:08:56","date_gmt":"2023-02-28T21:08:56","guid":{"rendered":"https:\/\/shop.bantam.ch\/produit\/lot-de-verres-a-mousseux-club-n-14-super-verre-100-ml-cristal-clair\/"},"modified":"2026-05-02T21:43:20","modified_gmt":"2026-05-02T19:43:20","slug":"lot-de-verres-a-mousseux-club-n-14-super-verre-100-ml-cristal-clair","status":"publish","type":"product","link":"https:\/\/shop.bantam.ch\/fr\/produit\/lot-de-verres-a-mousseux-club-n-14-super-verre-100-ml-cristal-clair\/","title":{"rendered":"Verre secco koziol CLUB No. 14 Superverre 100 ml, lot de 2 Farbe crystal clear"},"content":{"rendered":"<p>Verre \u00e0 mousseux CLUB n<u><sup>o<\/u><\/sup> 14 n\u2019a pas seulement une apparence \u00e9l\u00e9gante, il est d\u2019une prise en main agr\u00e9able et pratiquement incassable. Ce mat\u00e9riau sup\u00e9rieur r\u00e9siste m\u00eame \u00e0 des lanc\u00e9s sur de grandes distances sans subir d\u2019\u00e9gratignures ni bris, rendant ainsi ces verres id\u00e9aux pour une utilisation en plein air, comme sur une terrasse ou au bord d\u2019une piscine et partout o\u00f9 il vaut mieux \u00e9viter les bris. Ce verre se lave \u00e0 la perfection en lave-vaisselle et il est infiniment r\u00e9utilisable.<\/p>\n<p>Contenu\u00a0:<br \/>2\u00a0pi\u00e8ces<\/p>\n","protected":false},"excerpt":{"rendered":"<p>Verre \u00e0 mousseux CLUB no 14 n\u2019a pas seulement une apparence \u00e9l\u00e9gante, il est d\u2019une prise en main agr\u00e9able et pratiquement incassable. Ce mat\u00e9riau sup\u00e9rieur r\u00e9siste m\u00eame \u00e0 des lanc\u00e9s sur de grandes distances sans subir d\u2019\u00e9gratignures ni bris, rendant ainsi ces verres id\u00e9aux pour une utilisation en plein air, comme sur une terrasse ou [&hellip;]<\/p>\n","protected":false},"featured_media":115792,"template":"","meta":{"_acf_changed":false},"product_featured_cat":[],"product_brand":[3584],"product_cat":[4269],"product_tag":[],"class_list":{"0":"post-115800","1":"product","2":"type-product","3":"status-publish","4":"has-post-thumbnail","6":"product_brand-koziol","7":"product_cat-gobelets-tasses-et-verres","9":"first","10":"instock","11":"taxable","12":"shipping-taxable","13":"purchasable","14":"product-type-simple"},"acf":[],"yoast_head":"<!-- This site is optimized with the Yoast SEO plugin v27.5 - https:\/\/yoast.com\/product\/yoast-seo-wordpress\/ -->\n<title>Verre secco koziol CLUB No. 14 Superverre 100 ml, lot de 2 Farbe crystal clear - Bantam<\/title>\n<meta name=\"robots\" content=\"index, follow, max-snippet:-1, max-image-preview:large, max-video-preview:-1\" \/>\n<link rel=\"canonical\" href=\"https:\/\/shop.bantam.ch\/fr\/produit\/lot-de-verres-a-mousseux-club-n-14-super-verre-100-ml-cristal-clair\/\" \/>\n<meta property=\"og:locale\" content=\"fr_FR\" \/>\n<meta property=\"og:type\" content=\"article\" \/>\n<meta property=\"og:title\" content=\"Verre secco koziol CLUB No. 14 Superverre 100 ml, lot de 2 Farbe crystal clear - Bantam\" \/>\n<meta property=\"og:description\" content=\"Verre \u00e0 mousseux CLUB no 14 n\u2019a pas seulement une apparence \u00e9l\u00e9gante, il est d\u2019une prise en main agr\u00e9able et pratiquement incassable. Ce mat\u00e9riau sup\u00e9rieur r\u00e9siste m\u00eame \u00e0 des lanc\u00e9s sur de grandes distances sans subir d\u2019\u00e9gratignures ni bris, rendant ainsi ces verres id\u00e9aux pour une utilisation en plein air, comme sur une terrasse ou [&hellip;]\" \/>\n<meta property=\"og:url\" content=\"https:\/\/shop.bantam.ch\/fr\/produit\/lot-de-verres-a-mousseux-club-n-14-super-verre-100-ml-cristal-clair\/\" \/>\n<meta property=\"og:site_name\" content=\"Bantam\" \/>\n<meta property=\"article:modified_time\" content=\"2026-05-02T19:43:20+00:00\" \/>\n<meta property=\"og:image\" content=\"https:\/\/shop.bantam.ch\/wp-content\/uploads\/2023\/02\/998451311.jpg\" \/>\n\t<meta property=\"og:image:width\" content=\"1000\" \/>\n\t<meta property=\"og:image:height\" content=\"1000\" \/>\n\t<meta property=\"og:image:type\" content=\"image\/jpeg\" \/>\n<meta name=\"twitter:card\" content=\"summary_large_image\" \/>\n<script type=\"application\/ld+json\" class=\"yoast-schema-graph\">{\"@context\":\"https:\\\/\\\/schema.org\",\"@graph\":[{\"@type\":\"WebPage\",\"@id\":\"https:\\\/\\\/shop.bantam.ch\\\/fr\\\/produit\\\/lot-de-verres-a-mousseux-club-n-14-super-verre-100-ml-cristal-clair\\\/\",\"url\":\"https:\\\/\\\/shop.bantam.ch\\\/fr\\\/produit\\\/lot-de-verres-a-mousseux-club-n-14-super-verre-100-ml-cristal-clair\\\/\",\"name\":\"Verre secco koziol CLUB No. 14 Superverre 100 ml, lot de 2 Farbe crystal clear - Bantam\",\"isPartOf\":{\"@id\":\"https:\\\/\\\/shop.bantam.ch\\\/fr\\\/#website\"},\"primaryImageOfPage\":{\"@id\":\"https:\\\/\\\/shop.bantam.ch\\\/fr\\\/produit\\\/lot-de-verres-a-mousseux-club-n-14-super-verre-100-ml-cristal-clair\\\/#primaryimage\"},\"image\":{\"@id\":\"https:\\\/\\\/shop.bantam.ch\\\/fr\\\/produit\\\/lot-de-verres-a-mousseux-club-n-14-super-verre-100-ml-cristal-clair\\\/#primaryimage\"},\"thumbnailUrl\":\"https:\\\/\\\/shop.bantam.ch\\\/wp-content\\\/uploads\\\/2023\\\/02\\\/998451311.jpg\",\"datePublished\":\"2023-02-28T21:08:56+00:00\",\"dateModified\":\"2026-05-02T19:43:20+00:00\",\"breadcrumb\":{\"@id\":\"https:\\\/\\\/shop.bantam.ch\\\/fr\\\/produit\\\/lot-de-verres-a-mousseux-club-n-14-super-verre-100-ml-cristal-clair\\\/#breadcrumb\"},\"inLanguage\":\"fr-FR\",\"potentialAction\":[{\"@type\":\"ReadAction\",\"target\":[\"https:\\\/\\\/shop.bantam.ch\\\/fr\\\/produit\\\/lot-de-verres-a-mousseux-club-n-14-super-verre-100-ml-cristal-clair\\\/\"]}]},{\"@type\":\"ImageObject\",\"inLanguage\":\"fr-FR\",\"@id\":\"https:\\\/\\\/shop.bantam.ch\\\/fr\\\/produit\\\/lot-de-verres-a-mousseux-club-n-14-super-verre-100-ml-cristal-clair\\\/#primaryimage\",\"url\":\"https:\\\/\\\/shop.bantam.ch\\\/wp-content\\\/uploads\\\/2023\\\/02\\\/998451311.jpg\",\"contentUrl\":\"https:\\\/\\\/shop.bantam.ch\\\/wp-content\\\/uploads\\\/2023\\\/02\\\/998451311.jpg\",\"width\":1000,\"height\":1000},{\"@type\":\"BreadcrumbList\",\"@id\":\"https:\\\/\\\/shop.bantam.ch\\\/fr\\\/produit\\\/lot-de-verres-a-mousseux-club-n-14-super-verre-100-ml-cristal-clair\\\/#breadcrumb\",\"itemListElement\":[{\"@type\":\"ListItem\",\"position\":1,\"name\":\"Accueil\",\"item\":\"https:\\\/\\\/shop.bantam.ch\\\/fr\\\/\"},{\"@type\":\"ListItem\",\"position\":2,\"name\":\"Boutique\",\"item\":\"https:\\\/\\\/shop.bantam.ch\\\/fr\\\/boutique\\\/\"},{\"@type\":\"ListItem\",\"position\":3,\"name\":\"Verre secco koziol CLUB No. 14 Superverre 100 ml, lot de 2 Farbe crystal clear\"}]},{\"@type\":\"WebSite\",\"@id\":\"https:\\\/\\\/shop.bantam.ch\\\/fr\\\/#website\",\"url\":\"https:\\\/\\\/shop.bantam.ch\\\/fr\\\/\",\"name\":\"Bantam\",\"description\":\"\",\"publisher\":{\"@id\":\"https:\\\/\\\/shop.bantam.ch\\\/fr\\\/#organization\"},\"inLanguage\":\"fr-FR\"},{\"@type\":\"Organization\",\"@id\":\"https:\\\/\\\/shop.bantam.ch\\\/fr\\\/#organization\",\"name\":\"Bantam\",\"url\":\"https:\\\/\\\/shop.bantam.ch\\\/fr\\\/\",\"logo\":{\"@type\":\"ImageObject\",\"inLanguage\":\"fr-FR\",\"@id\":\"https:\\\/\\\/shop.bantam.ch\\\/fr\\\/#\\\/schema\\\/logo\\\/image\\\/\",\"url\":\"https:\\\/\\\/shop.bantam.ch\\\/wp-content\\\/uploads\\\/2022\\\/12\\\/bantam-logo.png\",\"contentUrl\":\"https:\\\/\\\/shop.bantam.ch\\\/wp-content\\\/uploads\\\/2022\\\/12\\\/bantam-logo.png\",\"width\":320,\"height\":71,\"caption\":\"Bantam\"},\"image\":{\"@id\":\"https:\\\/\\\/shop.bantam.ch\\\/fr\\\/#\\\/schema\\\/logo\\\/image\\\/\"}}]}<\/script>\n<!-- \/ Yoast SEO plugin. -->","yoast_head_json":{"title":"Verre secco koziol CLUB No. 14 Superverre 100 ml, lot de 2 Farbe crystal clear - Bantam","robots":{"index":"index","follow":"follow","max-snippet":"max-snippet:-1","max-image-preview":"max-image-preview:large","max-video-preview":"max-video-preview:-1"},"canonical":"https:\/\/shop.bantam.ch\/fr\/produit\/lot-de-verres-a-mousseux-club-n-14-super-verre-100-ml-cristal-clair\/","og_locale":"fr_FR","og_type":"article","og_title":"Verre secco koziol CLUB No. 14 Superverre 100 ml, lot de 2 Farbe crystal clear - Bantam","og_description":"Verre \u00e0 mousseux CLUB no 14 n\u2019a pas seulement une apparence \u00e9l\u00e9gante, il est d\u2019une prise en main agr\u00e9able et pratiquement incassable. Ce mat\u00e9riau sup\u00e9rieur r\u00e9siste m\u00eame \u00e0 des lanc\u00e9s sur de grandes distances sans subir d\u2019\u00e9gratignures ni bris, rendant ainsi ces verres id\u00e9aux pour une utilisation en plein air, comme sur une terrasse ou [&hellip;]","og_url":"https:\/\/shop.bantam.ch\/fr\/produit\/lot-de-verres-a-mousseux-club-n-14-super-verre-100-ml-cristal-clair\/","og_site_name":"Bantam","article_modified_time":"2026-05-02T19:43:20+00:00","og_image":[{"width":1000,"height":1000,"url":"https:\/\/shop.bantam.ch\/wp-content\/uploads\/2023\/02\/998451311.jpg","type":"image\/jpeg"}],"twitter_card":"summary_large_image","schema":{"@context":"https:\/\/schema.org","@graph":[{"@type":"WebPage","@id":"https:\/\/shop.bantam.ch\/fr\/produit\/lot-de-verres-a-mousseux-club-n-14-super-verre-100-ml-cristal-clair\/","url":"https:\/\/shop.bantam.ch\/fr\/produit\/lot-de-verres-a-mousseux-club-n-14-super-verre-100-ml-cristal-clair\/","name":"Verre secco koziol CLUB No. 14 Superverre 100 ml, lot de 2 Farbe crystal clear - Bantam","isPartOf":{"@id":"https:\/\/shop.bantam.ch\/fr\/#website"},"primaryImageOfPage":{"@id":"https:\/\/shop.bantam.ch\/fr\/produit\/lot-de-verres-a-mousseux-club-n-14-super-verre-100-ml-cristal-clair\/#primaryimage"},"image":{"@id":"https:\/\/shop.bantam.ch\/fr\/produit\/lot-de-verres-a-mousseux-club-n-14-super-verre-100-ml-cristal-clair\/#primaryimage"},"thumbnailUrl":"https:\/\/shop.bantam.ch\/wp-content\/uploads\/2023\/02\/998451311.jpg","datePublished":"2023-02-28T21:08:56+00:00","dateModified":"2026-05-02T19:43:20+00:00","breadcrumb":{"@id":"https:\/\/shop.bantam.ch\/fr\/produit\/lot-de-verres-a-mousseux-club-n-14-super-verre-100-ml-cristal-clair\/#breadcrumb"},"inLanguage":"fr-FR","potentialAction":[{"@type":"ReadAction","target":["https:\/\/shop.bantam.ch\/fr\/produit\/lot-de-verres-a-mousseux-club-n-14-super-verre-100-ml-cristal-clair\/"]}]},{"@type":"ImageObject","inLanguage":"fr-FR","@id":"https:\/\/shop.bantam.ch\/fr\/produit\/lot-de-verres-a-mousseux-club-n-14-super-verre-100-ml-cristal-clair\/#primaryimage","url":"https:\/\/shop.bantam.ch\/wp-content\/uploads\/2023\/02\/998451311.jpg","contentUrl":"https:\/\/shop.bantam.ch\/wp-content\/uploads\/2023\/02\/998451311.jpg","width":1000,"height":1000},{"@type":"BreadcrumbList","@id":"https:\/\/shop.bantam.ch\/fr\/produit\/lot-de-verres-a-mousseux-club-n-14-super-verre-100-ml-cristal-clair\/#breadcrumb","itemListElement":[{"@type":"ListItem","position":1,"name":"Accueil","item":"https:\/\/shop.bantam.ch\/fr\/"},{"@type":"ListItem","position":2,"name":"Boutique","item":"https:\/\/shop.bantam.ch\/fr\/boutique\/"},{"@type":"ListItem","position":3,"name":"Verre secco koziol CLUB No. 14 Superverre 100 ml, lot de 2 Farbe crystal clear"}]},{"@type":"WebSite","@id":"https:\/\/shop.bantam.ch\/fr\/#website","url":"https:\/\/shop.bantam.ch\/fr\/","name":"Bantam","description":"","publisher":{"@id":"https:\/\/shop.bantam.ch\/fr\/#organization"},"inLanguage":"fr-FR"},{"@type":"Organization","@id":"https:\/\/shop.bantam.ch\/fr\/#organization","name":"Bantam","url":"https:\/\/shop.bantam.ch\/fr\/","logo":{"@type":"ImageObject","inLanguage":"fr-FR","@id":"https:\/\/shop.bantam.ch\/fr\/#\/schema\/logo\/image\/","url":"https:\/\/shop.bantam.ch\/wp-content\/uploads\/2022\/12\/bantam-logo.png","contentUrl":"https:\/\/shop.bantam.ch\/wp-content\/uploads\/2022\/12\/bantam-logo.png","width":320,"height":71,"caption":"Bantam"},"image":{"@id":"https:\/\/shop.bantam.ch\/fr\/#\/schema\/logo\/image\/"}}]}},"_links":{"self":[{"href":"https:\/\/shop.bantam.ch\/fr\/wp-json\/wp\/v2\/product\/115800","targetHints":{"allow":["GET"]}}],"collection":[{"href":"https:\/\/shop.bantam.ch\/fr\/wp-json\/wp\/v2\/product"}],"about":[{"href":"https:\/\/shop.bantam.ch\/fr\/wp-json\/wp\/v2\/types\/product"}],"wp:featuredmedia":[{"embeddable":true,"href":"https:\/\/shop.bantam.ch\/fr\/wp-json\/wp\/v2\/media\/115792"}],"wp:attachment":[{"href":"https:\/\/shop.bantam.ch\/fr\/wp-json\/wp\/v2\/media?parent=115800"}],"wp:term":[{"taxonomy":"product_featured_cat","embeddable":true,"href":"https:\/\/shop.bantam.ch\/fr\/wp-json\/wp\/v2\/product_featured_cat?post=115800"},{"taxonomy":"product_brand","embeddable":true,"href":"https:\/\/shop.bantam.ch\/fr\/wp-json\/wp\/v2\/product_brand?post=115800"},{"taxonomy":"product_cat","embeddable":true,"href":"https:\/\/shop.bantam.ch\/fr\/wp-json\/wp\/v2\/product_cat?post=115800"},{"taxonomy":"product_tag","embeddable":true,"href":"https:\/\/shop.bantam.ch\/fr\/wp-json\/wp\/v2\/product_tag?post=115800"}],"curies":[{"name":"wp","href":"https:\/\/api.w.org\/{rel}","templated":true}]}}