{"id":115790,"date":"2023-02-28T22:08:50","date_gmt":"2023-02-28T21:08:50","guid":{"rendered":"https:\/\/shop.bantam.ch\/produit\/verre-a-biere-club-no-11-super-verre-500-ml-lot-de-2-cristal-clair\/"},"modified":"2026-05-02T21:43:14","modified_gmt":"2026-05-02T19:43:14","slug":"verre-a-biere-club-no-11-super-verre-500-ml-lot-de-2-cristal-clair","status":"publish","type":"product","link":"https:\/\/shop.bantam.ch\/fr\/produit\/verre-a-biere-club-no-11-super-verre-500-ml-lot-de-2-cristal-clair\/","title":{"rendered":"Verre bi\u00e8re koziol CLUB No.11 Superverre 500 ml, lot de 2 Farbe crystal clear"},"content":{"rendered":"<p>Avec ce verre exclusif au design masculin \u00e0 facettes, la bi\u00e8re devient un plaisir styl\u00e9. Dans le calice haut et conique, la fleur peut s&rsquo;accumuler en toute s\u00e9curit\u00e9 et l&rsquo;ar\u00f4me peut se d\u00e9velopper pleinement. Le mat\u00e9riau high-tech sp\u00e9cial a un effet isolant et ne r\u00e9duit que l\u00e9g\u00e8rement la temp\u00e9rature du contenu : la boisson reste fra\u00eeche pendant longtemps. La base compacte garantit un support s\u00fbr. Le super verre koziol est quasiment indestructible en utilisation normale et peu sensible aux rayures. Il peut \u00eatre parfaitement nettoy\u00e9 au lave-vaisselle et est toujours r\u00e9utilisable.<\/p>\n<p>Contenu\u00a0:<br \/>2\u00a0pi\u00e8ces<\/p>\n","protected":false},"excerpt":{"rendered":"<p>Avec ce verre exclusif au design masculin \u00e0 facettes, la bi\u00e8re devient un plaisir styl\u00e9. Dans le calice haut et conique, la fleur peut s&rsquo;accumuler en toute s\u00e9curit\u00e9 et l&rsquo;ar\u00f4me peut se d\u00e9velopper pleinement. Le mat\u00e9riau high-tech sp\u00e9cial a un effet isolant et ne r\u00e9duit que l\u00e9g\u00e8rement la temp\u00e9rature du contenu : la boisson reste [&hellip;]<\/p>\n","protected":false},"featured_media":115784,"template":"","meta":{"_acf_changed":false},"product_featured_cat":[],"product_brand":[3584],"product_cat":[4269],"product_tag":[],"class_list":{"0":"post-115790","1":"product","2":"type-product","3":"status-publish","4":"has-post-thumbnail","6":"product_brand-koziol","7":"product_cat-gobelets-tasses-et-verres","9":"first","10":"instock","11":"taxable","12":"shipping-taxable","13":"purchasable","14":"product-type-simple"},"acf":[],"yoast_head":"<!-- This site is optimized with the Yoast SEO plugin v27.5 - https:\/\/yoast.com\/product\/yoast-seo-wordpress\/ -->\n<title>Verre bi\u00e8re koziol CLUB No.11 Superverre 500 ml, lot de 2 Farbe crystal clear - Bantam<\/title>\n<meta name=\"robots\" content=\"index, follow, max-snippet:-1, max-image-preview:large, max-video-preview:-1\" \/>\n<link rel=\"canonical\" href=\"https:\/\/shop.bantam.ch\/fr\/produit\/verre-a-biere-club-no-11-super-verre-500-ml-lot-de-2-cristal-clair\/\" \/>\n<meta property=\"og:locale\" content=\"fr_FR\" \/>\n<meta property=\"og:type\" content=\"article\" \/>\n<meta property=\"og:title\" content=\"Verre bi\u00e8re koziol CLUB No.11 Superverre 500 ml, lot de 2 Farbe crystal clear - Bantam\" \/>\n<meta property=\"og:description\" content=\"Avec ce verre exclusif au design masculin \u00e0 facettes, la bi\u00e8re devient un plaisir styl\u00e9. Dans le calice haut et conique, la fleur peut s&rsquo;accumuler en toute s\u00e9curit\u00e9 et l&rsquo;ar\u00f4me peut se d\u00e9velopper pleinement. Le mat\u00e9riau high-tech sp\u00e9cial a un effet isolant et ne r\u00e9duit que l\u00e9g\u00e8rement la temp\u00e9rature du contenu : la boisson reste [&hellip;]\" \/>\n<meta property=\"og:url\" content=\"https:\/\/shop.bantam.ch\/fr\/produit\/verre-a-biere-club-no-11-super-verre-500-ml-lot-de-2-cristal-clair\/\" \/>\n<meta property=\"og:site_name\" content=\"Bantam\" \/>\n<meta property=\"article:modified_time\" content=\"2026-05-02T19:43:14+00:00\" \/>\n<meta property=\"og:image\" content=\"https:\/\/shop.bantam.ch\/wp-content\/uploads\/2023\/02\/998450911.jpg\" \/>\n\t<meta property=\"og:image:width\" content=\"1000\" \/>\n\t<meta property=\"og:image:height\" content=\"1000\" \/>\n\t<meta property=\"og:image:type\" content=\"image\/jpeg\" \/>\n<meta name=\"twitter:card\" content=\"summary_large_image\" \/>\n<meta name=\"twitter:label1\" content=\"Dur\u00e9e de lecture estim\u00e9e\" \/>\n\t<meta name=\"twitter:data1\" content=\"1 minute\" \/>\n<script type=\"application\/ld+json\" class=\"yoast-schema-graph\">{\"@context\":\"https:\\\/\\\/schema.org\",\"@graph\":[{\"@type\":\"WebPage\",\"@id\":\"https:\\\/\\\/shop.bantam.ch\\\/fr\\\/produit\\\/verre-a-biere-club-no-11-super-verre-500-ml-lot-de-2-cristal-clair\\\/\",\"url\":\"https:\\\/\\\/shop.bantam.ch\\\/fr\\\/produit\\\/verre-a-biere-club-no-11-super-verre-500-ml-lot-de-2-cristal-clair\\\/\",\"name\":\"Verre bi\u00e8re koziol CLUB No.11 Superverre 500 ml, lot de 2 Farbe crystal clear - Bantam\",\"isPartOf\":{\"@id\":\"https:\\\/\\\/shop.bantam.ch\\\/fr\\\/#website\"},\"primaryImageOfPage\":{\"@id\":\"https:\\\/\\\/shop.bantam.ch\\\/fr\\\/produit\\\/verre-a-biere-club-no-11-super-verre-500-ml-lot-de-2-cristal-clair\\\/#primaryimage\"},\"image\":{\"@id\":\"https:\\\/\\\/shop.bantam.ch\\\/fr\\\/produit\\\/verre-a-biere-club-no-11-super-verre-500-ml-lot-de-2-cristal-clair\\\/#primaryimage\"},\"thumbnailUrl\":\"https:\\\/\\\/shop.bantam.ch\\\/wp-content\\\/uploads\\\/2023\\\/02\\\/998450911.jpg\",\"datePublished\":\"2023-02-28T21:08:50+00:00\",\"dateModified\":\"2026-05-02T19:43:14+00:00\",\"breadcrumb\":{\"@id\":\"https:\\\/\\\/shop.bantam.ch\\\/fr\\\/produit\\\/verre-a-biere-club-no-11-super-verre-500-ml-lot-de-2-cristal-clair\\\/#breadcrumb\"},\"inLanguage\":\"fr-FR\",\"potentialAction\":[{\"@type\":\"ReadAction\",\"target\":[\"https:\\\/\\\/shop.bantam.ch\\\/fr\\\/produit\\\/verre-a-biere-club-no-11-super-verre-500-ml-lot-de-2-cristal-clair\\\/\"]}]},{\"@type\":\"ImageObject\",\"inLanguage\":\"fr-FR\",\"@id\":\"https:\\\/\\\/shop.bantam.ch\\\/fr\\\/produit\\\/verre-a-biere-club-no-11-super-verre-500-ml-lot-de-2-cristal-clair\\\/#primaryimage\",\"url\":\"https:\\\/\\\/shop.bantam.ch\\\/wp-content\\\/uploads\\\/2023\\\/02\\\/998450911.jpg\",\"contentUrl\":\"https:\\\/\\\/shop.bantam.ch\\\/wp-content\\\/uploads\\\/2023\\\/02\\\/998450911.jpg\",\"width\":1000,\"height\":1000},{\"@type\":\"BreadcrumbList\",\"@id\":\"https:\\\/\\\/shop.bantam.ch\\\/fr\\\/produit\\\/verre-a-biere-club-no-11-super-verre-500-ml-lot-de-2-cristal-clair\\\/#breadcrumb\",\"itemListElement\":[{\"@type\":\"ListItem\",\"position\":1,\"name\":\"Accueil\",\"item\":\"https:\\\/\\\/shop.bantam.ch\\\/fr\\\/\"},{\"@type\":\"ListItem\",\"position\":2,\"name\":\"Boutique\",\"item\":\"https:\\\/\\\/shop.bantam.ch\\\/fr\\\/boutique\\\/\"},{\"@type\":\"ListItem\",\"position\":3,\"name\":\"Verre bi\u00e8re koziol CLUB No.11 Superverre 500 ml, lot de 2 Farbe crystal clear\"}]},{\"@type\":\"WebSite\",\"@id\":\"https:\\\/\\\/shop.bantam.ch\\\/fr\\\/#website\",\"url\":\"https:\\\/\\\/shop.bantam.ch\\\/fr\\\/\",\"name\":\"Bantam\",\"description\":\"\",\"publisher\":{\"@id\":\"https:\\\/\\\/shop.bantam.ch\\\/fr\\\/#organization\"},\"inLanguage\":\"fr-FR\"},{\"@type\":\"Organization\",\"@id\":\"https:\\\/\\\/shop.bantam.ch\\\/fr\\\/#organization\",\"name\":\"Bantam\",\"url\":\"https:\\\/\\\/shop.bantam.ch\\\/fr\\\/\",\"logo\":{\"@type\":\"ImageObject\",\"inLanguage\":\"fr-FR\",\"@id\":\"https:\\\/\\\/shop.bantam.ch\\\/fr\\\/#\\\/schema\\\/logo\\\/image\\\/\",\"url\":\"https:\\\/\\\/shop.bantam.ch\\\/wp-content\\\/uploads\\\/2022\\\/12\\\/bantam-logo.png\",\"contentUrl\":\"https:\\\/\\\/shop.bantam.ch\\\/wp-content\\\/uploads\\\/2022\\\/12\\\/bantam-logo.png\",\"width\":320,\"height\":71,\"caption\":\"Bantam\"},\"image\":{\"@id\":\"https:\\\/\\\/shop.bantam.ch\\\/fr\\\/#\\\/schema\\\/logo\\\/image\\\/\"}}]}<\/script>\n<!-- \/ Yoast SEO plugin. -->","yoast_head_json":{"title":"Verre bi\u00e8re koziol CLUB No.11 Superverre 500 ml, lot de 2 Farbe crystal clear - Bantam","robots":{"index":"index","follow":"follow","max-snippet":"max-snippet:-1","max-image-preview":"max-image-preview:large","max-video-preview":"max-video-preview:-1"},"canonical":"https:\/\/shop.bantam.ch\/fr\/produit\/verre-a-biere-club-no-11-super-verre-500-ml-lot-de-2-cristal-clair\/","og_locale":"fr_FR","og_type":"article","og_title":"Verre bi\u00e8re koziol CLUB No.11 Superverre 500 ml, lot de 2 Farbe crystal clear - Bantam","og_description":"Avec ce verre exclusif au design masculin \u00e0 facettes, la bi\u00e8re devient un plaisir styl\u00e9. Dans le calice haut et conique, la fleur peut s&rsquo;accumuler en toute s\u00e9curit\u00e9 et l&rsquo;ar\u00f4me peut se d\u00e9velopper pleinement. Le mat\u00e9riau high-tech sp\u00e9cial a un effet isolant et ne r\u00e9duit que l\u00e9g\u00e8rement la temp\u00e9rature du contenu : la boisson reste [&hellip;]","og_url":"https:\/\/shop.bantam.ch\/fr\/produit\/verre-a-biere-club-no-11-super-verre-500-ml-lot-de-2-cristal-clair\/","og_site_name":"Bantam","article_modified_time":"2026-05-02T19:43:14+00:00","og_image":[{"width":1000,"height":1000,"url":"https:\/\/shop.bantam.ch\/wp-content\/uploads\/2023\/02\/998450911.jpg","type":"image\/jpeg"}],"twitter_card":"summary_large_image","twitter_misc":{"Dur\u00e9e de lecture estim\u00e9e":"1 minute"},"schema":{"@context":"https:\/\/schema.org","@graph":[{"@type":"WebPage","@id":"https:\/\/shop.bantam.ch\/fr\/produit\/verre-a-biere-club-no-11-super-verre-500-ml-lot-de-2-cristal-clair\/","url":"https:\/\/shop.bantam.ch\/fr\/produit\/verre-a-biere-club-no-11-super-verre-500-ml-lot-de-2-cristal-clair\/","name":"Verre bi\u00e8re koziol CLUB No.11 Superverre 500 ml, lot de 2 Farbe crystal clear - Bantam","isPartOf":{"@id":"https:\/\/shop.bantam.ch\/fr\/#website"},"primaryImageOfPage":{"@id":"https:\/\/shop.bantam.ch\/fr\/produit\/verre-a-biere-club-no-11-super-verre-500-ml-lot-de-2-cristal-clair\/#primaryimage"},"image":{"@id":"https:\/\/shop.bantam.ch\/fr\/produit\/verre-a-biere-club-no-11-super-verre-500-ml-lot-de-2-cristal-clair\/#primaryimage"},"thumbnailUrl":"https:\/\/shop.bantam.ch\/wp-content\/uploads\/2023\/02\/998450911.jpg","datePublished":"2023-02-28T21:08:50+00:00","dateModified":"2026-05-02T19:43:14+00:00","breadcrumb":{"@id":"https:\/\/shop.bantam.ch\/fr\/produit\/verre-a-biere-club-no-11-super-verre-500-ml-lot-de-2-cristal-clair\/#breadcrumb"},"inLanguage":"fr-FR","potentialAction":[{"@type":"ReadAction","target":["https:\/\/shop.bantam.ch\/fr\/produit\/verre-a-biere-club-no-11-super-verre-500-ml-lot-de-2-cristal-clair\/"]}]},{"@type":"ImageObject","inLanguage":"fr-FR","@id":"https:\/\/shop.bantam.ch\/fr\/produit\/verre-a-biere-club-no-11-super-verre-500-ml-lot-de-2-cristal-clair\/#primaryimage","url":"https:\/\/shop.bantam.ch\/wp-content\/uploads\/2023\/02\/998450911.jpg","contentUrl":"https:\/\/shop.bantam.ch\/wp-content\/uploads\/2023\/02\/998450911.jpg","width":1000,"height":1000},{"@type":"BreadcrumbList","@id":"https:\/\/shop.bantam.ch\/fr\/produit\/verre-a-biere-club-no-11-super-verre-500-ml-lot-de-2-cristal-clair\/#breadcrumb","itemListElement":[{"@type":"ListItem","position":1,"name":"Accueil","item":"https:\/\/shop.bantam.ch\/fr\/"},{"@type":"ListItem","position":2,"name":"Boutique","item":"https:\/\/shop.bantam.ch\/fr\/boutique\/"},{"@type":"ListItem","position":3,"name":"Verre bi\u00e8re koziol CLUB No.11 Superverre 500 ml, lot de 2 Farbe crystal clear"}]},{"@type":"WebSite","@id":"https:\/\/shop.bantam.ch\/fr\/#website","url":"https:\/\/shop.bantam.ch\/fr\/","name":"Bantam","description":"","publisher":{"@id":"https:\/\/shop.bantam.ch\/fr\/#organization"},"inLanguage":"fr-FR"},{"@type":"Organization","@id":"https:\/\/shop.bantam.ch\/fr\/#organization","name":"Bantam","url":"https:\/\/shop.bantam.ch\/fr\/","logo":{"@type":"ImageObject","inLanguage":"fr-FR","@id":"https:\/\/shop.bantam.ch\/fr\/#\/schema\/logo\/image\/","url":"https:\/\/shop.bantam.ch\/wp-content\/uploads\/2022\/12\/bantam-logo.png","contentUrl":"https:\/\/shop.bantam.ch\/wp-content\/uploads\/2022\/12\/bantam-logo.png","width":320,"height":71,"caption":"Bantam"},"image":{"@id":"https:\/\/shop.bantam.ch\/fr\/#\/schema\/logo\/image\/"}}]}},"_links":{"self":[{"href":"https:\/\/shop.bantam.ch\/fr\/wp-json\/wp\/v2\/product\/115790","targetHints":{"allow":["GET"]}}],"collection":[{"href":"https:\/\/shop.bantam.ch\/fr\/wp-json\/wp\/v2\/product"}],"about":[{"href":"https:\/\/shop.bantam.ch\/fr\/wp-json\/wp\/v2\/types\/product"}],"wp:featuredmedia":[{"embeddable":true,"href":"https:\/\/shop.bantam.ch\/fr\/wp-json\/wp\/v2\/media\/115784"}],"wp:attachment":[{"href":"https:\/\/shop.bantam.ch\/fr\/wp-json\/wp\/v2\/media?parent=115790"}],"wp:term":[{"taxonomy":"product_featured_cat","embeddable":true,"href":"https:\/\/shop.bantam.ch\/fr\/wp-json\/wp\/v2\/product_featured_cat?post=115790"},{"taxonomy":"product_brand","embeddable":true,"href":"https:\/\/shop.bantam.ch\/fr\/wp-json\/wp\/v2\/product_brand?post=115790"},{"taxonomy":"product_cat","embeddable":true,"href":"https:\/\/shop.bantam.ch\/fr\/wp-json\/wp\/v2\/product_cat?post=115790"},{"taxonomy":"product_tag","embeddable":true,"href":"https:\/\/shop.bantam.ch\/fr\/wp-json\/wp\/v2\/product_tag?post=115790"}],"curies":[{"name":"wp","href":"https:\/\/api.w.org\/{rel}","templated":true}]}}