{"id":115782,"date":"2023-02-28T22:08:45","date_gmt":"2023-02-28T21:08:45","guid":{"rendered":"https:\/\/shop.bantam.ch\/produit\/lot-de-verres-a-vin-club-n-9-super-verre-200-ml-cristal-clair\/"},"modified":"2026-04-23T21:44:32","modified_gmt":"2026-04-23T19:44:32","slug":"lot-de-verres-a-vin-club-n-9-super-verre-200-ml-cristal-clair","status":"publish","type":"product","link":"https:\/\/shop.bantam.ch\/fr\/produit\/lot-de-verres-a-vin-club-n-9-super-verre-200-ml-cristal-clair\/","title":{"rendered":"Verre \u00e0 vin koziol CLUB No. 9 Superverre 200 ml, lot de 2 Farbe crystal clear"},"content":{"rendered":"<p>Avec un confort de d\u00e9gustation et un port luxueux, CLUB No.  9 fera sensation pour vos garden-party, vos mariages et pique-niques. Leur forme d\u2019une esth\u00e9tique intemporelle se pr\u00e9sentent dans un aspect frais, le mat\u00e9riau est immens\u00e9ment r\u00e9sistant, ce qui les rend pratiquement incassables. Parfait pour une utilisation lors de f\u00eates de jardin, les surprise-parties, les mariages et dans tous les cas o\u00f9 casser de la vaisselle ne porte pas bonheur.<\/p>\n<p>Contenu\u00a0:<br \/>2\u00a0pi\u00e8ces<\/p>\n","protected":false},"excerpt":{"rendered":"<p>Avec un confort de d\u00e9gustation et un port luxueux, CLUB No. 9 fera sensation pour vos garden-party, vos mariages et pique-niques. Leur forme d\u2019une esth\u00e9tique intemporelle se pr\u00e9sentent dans un aspect frais, le mat\u00e9riau est immens\u00e9ment r\u00e9sistant, ce qui les rend pratiquement incassables. Parfait pour une utilisation lors de f\u00eates de jardin, les surprise-parties, les [&hellip;]<\/p>\n","protected":false},"featured_media":115776,"template":"","meta":{"_acf_changed":false},"product_featured_cat":[],"product_brand":[3584],"product_cat":[4269],"product_tag":[],"class_list":{"0":"post-115782","1":"product","2":"type-product","3":"status-publish","4":"has-post-thumbnail","6":"product_brand-koziol","7":"product_cat-gobelets-tasses-et-verres","9":"first","10":"instock","11":"taxable","12":"shipping-taxable","13":"purchasable","14":"product-type-simple"},"acf":[],"yoast_head":"<!-- This site is optimized with the Yoast SEO plugin v27.4 - https:\/\/yoast.com\/product\/yoast-seo-wordpress\/ -->\n<title>Verre \u00e0 vin koziol CLUB No. 9 Superverre 200 ml, lot de 2 Farbe crystal clear - Bantam Wankm\u00fcller SA<\/title>\n<meta name=\"robots\" content=\"index, follow, max-snippet:-1, max-image-preview:large, max-video-preview:-1\" \/>\n<link rel=\"canonical\" href=\"https:\/\/shop.bantam.ch\/fr\/produit\/lot-de-verres-a-vin-club-n-9-super-verre-200-ml-cristal-clair\/\" \/>\n<meta property=\"og:locale\" content=\"fr_FR\" \/>\n<meta property=\"og:type\" content=\"article\" \/>\n<meta property=\"og:title\" content=\"Verre \u00e0 vin koziol CLUB No. 9 Superverre 200 ml, lot de 2 Farbe crystal clear - Bantam Wankm\u00fcller SA\" \/>\n<meta property=\"og:description\" content=\"Avec un confort de d\u00e9gustation et un port luxueux, CLUB No. 9 fera sensation pour vos garden-party, vos mariages et pique-niques. Leur forme d\u2019une esth\u00e9tique intemporelle se pr\u00e9sentent dans un aspect frais, le mat\u00e9riau est immens\u00e9ment r\u00e9sistant, ce qui les rend pratiquement incassables. Parfait pour une utilisation lors de f\u00eates de jardin, les surprise-parties, les [&hellip;]\" \/>\n<meta property=\"og:url\" content=\"https:\/\/shop.bantam.ch\/fr\/produit\/lot-de-verres-a-vin-club-n-9-super-verre-200-ml-cristal-clair\/\" \/>\n<meta property=\"og:site_name\" content=\"Bantam Wankm\u00fcller SA\" \/>\n<meta property=\"article:modified_time\" content=\"2026-04-23T19:44:32+00:00\" \/>\n<meta property=\"og:image\" content=\"https:\/\/shop.bantam.ch\/wp-content\/uploads\/2023\/02\/998450811.jpg\" \/>\n\t<meta property=\"og:image:width\" content=\"1000\" \/>\n\t<meta property=\"og:image:height\" content=\"1000\" \/>\n\t<meta property=\"og:image:type\" content=\"image\/jpeg\" \/>\n<meta name=\"twitter:card\" content=\"summary_large_image\" \/>\n<script type=\"application\/ld+json\" class=\"yoast-schema-graph\">{\"@context\":\"https:\\\/\\\/schema.org\",\"@graph\":[{\"@type\":\"WebPage\",\"@id\":\"https:\\\/\\\/shop.bantam.ch\\\/fr\\\/produit\\\/lot-de-verres-a-vin-club-n-9-super-verre-200-ml-cristal-clair\\\/\",\"url\":\"https:\\\/\\\/shop.bantam.ch\\\/fr\\\/produit\\\/lot-de-verres-a-vin-club-n-9-super-verre-200-ml-cristal-clair\\\/\",\"name\":\"Verre \u00e0 vin koziol CLUB No. 9 Superverre 200 ml, lot de 2 Farbe crystal clear - Bantam Wankm\u00fcller SA\",\"isPartOf\":{\"@id\":\"https:\\\/\\\/shop.bantam.ch\\\/fr\\\/#website\"},\"primaryImageOfPage\":{\"@id\":\"https:\\\/\\\/shop.bantam.ch\\\/fr\\\/produit\\\/lot-de-verres-a-vin-club-n-9-super-verre-200-ml-cristal-clair\\\/#primaryimage\"},\"image\":{\"@id\":\"https:\\\/\\\/shop.bantam.ch\\\/fr\\\/produit\\\/lot-de-verres-a-vin-club-n-9-super-verre-200-ml-cristal-clair\\\/#primaryimage\"},\"thumbnailUrl\":\"https:\\\/\\\/shop.bantam.ch\\\/wp-content\\\/uploads\\\/2023\\\/02\\\/998450811.jpg\",\"datePublished\":\"2023-02-28T21:08:45+00:00\",\"dateModified\":\"2026-04-23T19:44:32+00:00\",\"breadcrumb\":{\"@id\":\"https:\\\/\\\/shop.bantam.ch\\\/fr\\\/produit\\\/lot-de-verres-a-vin-club-n-9-super-verre-200-ml-cristal-clair\\\/#breadcrumb\"},\"inLanguage\":\"fr-FR\",\"potentialAction\":[{\"@type\":\"ReadAction\",\"target\":[\"https:\\\/\\\/shop.bantam.ch\\\/fr\\\/produit\\\/lot-de-verres-a-vin-club-n-9-super-verre-200-ml-cristal-clair\\\/\"]}]},{\"@type\":\"ImageObject\",\"inLanguage\":\"fr-FR\",\"@id\":\"https:\\\/\\\/shop.bantam.ch\\\/fr\\\/produit\\\/lot-de-verres-a-vin-club-n-9-super-verre-200-ml-cristal-clair\\\/#primaryimage\",\"url\":\"https:\\\/\\\/shop.bantam.ch\\\/wp-content\\\/uploads\\\/2023\\\/02\\\/998450811.jpg\",\"contentUrl\":\"https:\\\/\\\/shop.bantam.ch\\\/wp-content\\\/uploads\\\/2023\\\/02\\\/998450811.jpg\",\"width\":1000,\"height\":1000},{\"@type\":\"BreadcrumbList\",\"@id\":\"https:\\\/\\\/shop.bantam.ch\\\/fr\\\/produit\\\/lot-de-verres-a-vin-club-n-9-super-verre-200-ml-cristal-clair\\\/#breadcrumb\",\"itemListElement\":[{\"@type\":\"ListItem\",\"position\":1,\"name\":\"Accueil\",\"item\":\"https:\\\/\\\/shop.bantam.ch\\\/fr\\\/\"},{\"@type\":\"ListItem\",\"position\":2,\"name\":\"Boutique\",\"item\":\"https:\\\/\\\/shop.bantam.ch\\\/fr\\\/boutique\\\/\"},{\"@type\":\"ListItem\",\"position\":3,\"name\":\"Verre \u00e0 vin koziol CLUB No. 9 Superverre 200 ml, lot de 2 Farbe crystal clear\"}]},{\"@type\":\"WebSite\",\"@id\":\"https:\\\/\\\/shop.bantam.ch\\\/fr\\\/#website\",\"url\":\"https:\\\/\\\/shop.bantam.ch\\\/fr\\\/\",\"name\":\"Bantam Wankm\u00fcller SA\",\"description\":\"\",\"publisher\":{\"@id\":\"https:\\\/\\\/shop.bantam.ch\\\/fr\\\/#organization\"},\"inLanguage\":\"fr-FR\"},{\"@type\":\"Organization\",\"@id\":\"https:\\\/\\\/shop.bantam.ch\\\/fr\\\/#organization\",\"name\":\"Bantam Wankm\u00fcller SA\",\"url\":\"https:\\\/\\\/shop.bantam.ch\\\/fr\\\/\",\"logo\":{\"@type\":\"ImageObject\",\"inLanguage\":\"fr-FR\",\"@id\":\"https:\\\/\\\/shop.bantam.ch\\\/fr\\\/#\\\/schema\\\/logo\\\/image\\\/\",\"url\":\"https:\\\/\\\/shop.bantam.ch\\\/wp-content\\\/uploads\\\/2022\\\/12\\\/bantam-logo.png\",\"contentUrl\":\"https:\\\/\\\/shop.bantam.ch\\\/wp-content\\\/uploads\\\/2022\\\/12\\\/bantam-logo.png\",\"width\":320,\"height\":71,\"caption\":\"Bantam Wankm\u00fcller SA\"},\"image\":{\"@id\":\"https:\\\/\\\/shop.bantam.ch\\\/fr\\\/#\\\/schema\\\/logo\\\/image\\\/\"}}]}<\/script>\n<!-- \/ Yoast SEO plugin. -->","yoast_head_json":{"title":"Verre \u00e0 vin koziol CLUB No. 9 Superverre 200 ml, lot de 2 Farbe crystal clear - Bantam Wankm\u00fcller SA","robots":{"index":"index","follow":"follow","max-snippet":"max-snippet:-1","max-image-preview":"max-image-preview:large","max-video-preview":"max-video-preview:-1"},"canonical":"https:\/\/shop.bantam.ch\/fr\/produit\/lot-de-verres-a-vin-club-n-9-super-verre-200-ml-cristal-clair\/","og_locale":"fr_FR","og_type":"article","og_title":"Verre \u00e0 vin koziol CLUB No. 9 Superverre 200 ml, lot de 2 Farbe crystal clear - Bantam Wankm\u00fcller SA","og_description":"Avec un confort de d\u00e9gustation et un port luxueux, CLUB No. 9 fera sensation pour vos garden-party, vos mariages et pique-niques. Leur forme d\u2019une esth\u00e9tique intemporelle se pr\u00e9sentent dans un aspect frais, le mat\u00e9riau est immens\u00e9ment r\u00e9sistant, ce qui les rend pratiquement incassables. Parfait pour une utilisation lors de f\u00eates de jardin, les surprise-parties, les [&hellip;]","og_url":"https:\/\/shop.bantam.ch\/fr\/produit\/lot-de-verres-a-vin-club-n-9-super-verre-200-ml-cristal-clair\/","og_site_name":"Bantam Wankm\u00fcller SA","article_modified_time":"2026-04-23T19:44:32+00:00","og_image":[{"width":1000,"height":1000,"url":"https:\/\/shop.bantam.ch\/wp-content\/uploads\/2023\/02\/998450811.jpg","type":"image\/jpeg"}],"twitter_card":"summary_large_image","schema":{"@context":"https:\/\/schema.org","@graph":[{"@type":"WebPage","@id":"https:\/\/shop.bantam.ch\/fr\/produit\/lot-de-verres-a-vin-club-n-9-super-verre-200-ml-cristal-clair\/","url":"https:\/\/shop.bantam.ch\/fr\/produit\/lot-de-verres-a-vin-club-n-9-super-verre-200-ml-cristal-clair\/","name":"Verre \u00e0 vin koziol CLUB No. 9 Superverre 200 ml, lot de 2 Farbe crystal clear - Bantam Wankm\u00fcller SA","isPartOf":{"@id":"https:\/\/shop.bantam.ch\/fr\/#website"},"primaryImageOfPage":{"@id":"https:\/\/shop.bantam.ch\/fr\/produit\/lot-de-verres-a-vin-club-n-9-super-verre-200-ml-cristal-clair\/#primaryimage"},"image":{"@id":"https:\/\/shop.bantam.ch\/fr\/produit\/lot-de-verres-a-vin-club-n-9-super-verre-200-ml-cristal-clair\/#primaryimage"},"thumbnailUrl":"https:\/\/shop.bantam.ch\/wp-content\/uploads\/2023\/02\/998450811.jpg","datePublished":"2023-02-28T21:08:45+00:00","dateModified":"2026-04-23T19:44:32+00:00","breadcrumb":{"@id":"https:\/\/shop.bantam.ch\/fr\/produit\/lot-de-verres-a-vin-club-n-9-super-verre-200-ml-cristal-clair\/#breadcrumb"},"inLanguage":"fr-FR","potentialAction":[{"@type":"ReadAction","target":["https:\/\/shop.bantam.ch\/fr\/produit\/lot-de-verres-a-vin-club-n-9-super-verre-200-ml-cristal-clair\/"]}]},{"@type":"ImageObject","inLanguage":"fr-FR","@id":"https:\/\/shop.bantam.ch\/fr\/produit\/lot-de-verres-a-vin-club-n-9-super-verre-200-ml-cristal-clair\/#primaryimage","url":"https:\/\/shop.bantam.ch\/wp-content\/uploads\/2023\/02\/998450811.jpg","contentUrl":"https:\/\/shop.bantam.ch\/wp-content\/uploads\/2023\/02\/998450811.jpg","width":1000,"height":1000},{"@type":"BreadcrumbList","@id":"https:\/\/shop.bantam.ch\/fr\/produit\/lot-de-verres-a-vin-club-n-9-super-verre-200-ml-cristal-clair\/#breadcrumb","itemListElement":[{"@type":"ListItem","position":1,"name":"Accueil","item":"https:\/\/shop.bantam.ch\/fr\/"},{"@type":"ListItem","position":2,"name":"Boutique","item":"https:\/\/shop.bantam.ch\/fr\/boutique\/"},{"@type":"ListItem","position":3,"name":"Verre \u00e0 vin koziol CLUB No. 9 Superverre 200 ml, lot de 2 Farbe crystal clear"}]},{"@type":"WebSite","@id":"https:\/\/shop.bantam.ch\/fr\/#website","url":"https:\/\/shop.bantam.ch\/fr\/","name":"Bantam Wankm\u00fcller SA","description":"","publisher":{"@id":"https:\/\/shop.bantam.ch\/fr\/#organization"},"inLanguage":"fr-FR"},{"@type":"Organization","@id":"https:\/\/shop.bantam.ch\/fr\/#organization","name":"Bantam Wankm\u00fcller SA","url":"https:\/\/shop.bantam.ch\/fr\/","logo":{"@type":"ImageObject","inLanguage":"fr-FR","@id":"https:\/\/shop.bantam.ch\/fr\/#\/schema\/logo\/image\/","url":"https:\/\/shop.bantam.ch\/wp-content\/uploads\/2022\/12\/bantam-logo.png","contentUrl":"https:\/\/shop.bantam.ch\/wp-content\/uploads\/2022\/12\/bantam-logo.png","width":320,"height":71,"caption":"Bantam Wankm\u00fcller SA"},"image":{"@id":"https:\/\/shop.bantam.ch\/fr\/#\/schema\/logo\/image\/"}}]}},"_links":{"self":[{"href":"https:\/\/shop.bantam.ch\/fr\/wp-json\/wp\/v2\/product\/115782","targetHints":{"allow":["GET"]}}],"collection":[{"href":"https:\/\/shop.bantam.ch\/fr\/wp-json\/wp\/v2\/product"}],"about":[{"href":"https:\/\/shop.bantam.ch\/fr\/wp-json\/wp\/v2\/types\/product"}],"wp:featuredmedia":[{"embeddable":true,"href":"https:\/\/shop.bantam.ch\/fr\/wp-json\/wp\/v2\/media\/115776"}],"wp:attachment":[{"href":"https:\/\/shop.bantam.ch\/fr\/wp-json\/wp\/v2\/media?parent=115782"}],"wp:term":[{"taxonomy":"product_featured_cat","embeddable":true,"href":"https:\/\/shop.bantam.ch\/fr\/wp-json\/wp\/v2\/product_featured_cat?post=115782"},{"taxonomy":"product_brand","embeddable":true,"href":"https:\/\/shop.bantam.ch\/fr\/wp-json\/wp\/v2\/product_brand?post=115782"},{"taxonomy":"product_cat","embeddable":true,"href":"https:\/\/shop.bantam.ch\/fr\/wp-json\/wp\/v2\/product_cat?post=115782"},{"taxonomy":"product_tag","embeddable":true,"href":"https:\/\/shop.bantam.ch\/fr\/wp-json\/wp\/v2\/product_tag?post=115782"}],"curies":[{"name":"wp","href":"https:\/\/api.w.org\/{rel}","templated":true}]}}