{"id":115756,"date":"2023-02-28T22:08:26","date_gmt":"2023-02-28T21:08:26","guid":{"rendered":"https:\/\/shop.bantam.ch\/produit\/lot-de-verres-a-vin-club-n-4-superglas-300-ml-cristal-transparent\/"},"modified":"2026-05-02T21:43:13","modified_gmt":"2026-05-02T19:43:13","slug":"lot-de-verres-a-vin-club-n-4-superglas-300-ml-cristal-transparent","status":"publish","type":"product","link":"https:\/\/shop.bantam.ch\/fr\/produit\/lot-de-verres-a-vin-club-n-4-superglas-300-ml-cristal-transparent\/","title":{"rendered":"Verre \u00e0 vin koziol CLUB No. 4 Superverre 300 ml, lot de 2 Farbe crystal clear"},"content":{"rendered":"<p>Ce verre de propri\u00e9t\u00e9s sup\u00e9rieures non seulement isole quatre fois mieux que les verres usuels, gardant ainsi les boissons beaucoup plus longtemps au frais, mais il est \u00e9galement pratiquement incassable et supporte m\u00eame des lanc\u00e9s sans \u00e9gratignures ni bris. En procurant une sensation de luxe aupr\u00e8s des invit\u00e9s, le Superglas assurera l\u2019enthousiasme au cours de f\u00eates de jardin, de mariages, d\u2019anniversaires d\u2019enfants et de piques-niques. Il est absolument r\u00e9sistant au bris et minimise ainsi les risques pour les invit\u00e9s, petits ou grands. Il constitue de plus \u00e0 tout moment et partout un \u00ab\u00a0it\u00a0piece\u00a0\u00bb super-styl\u00e9, s\u2019adaptant parfaitement \u00e0 un environnement urbain moderne. Ces verres se lavent \u00e0 la perfection en lave-vaisselle et sont infiniment r\u00e9utilisables. Ils sont ainsi \u00e9cologiques, pour une bonne conscience. Le Superglas est \u00e0 100\u00a0% con\u00e7u et fabriqu\u00e9 \u00e0 Erbach, dans l\u2019Odenwald. Pour tous ceux et celles tenant beaucoup \u00e0 c\u0153ur le style, le go\u00fbt et la s\u00e9curit\u00e9.<\/p>\n","protected":false},"excerpt":{"rendered":"<p>Ce verre de propri\u00e9t\u00e9s sup\u00e9rieures non seulement isole quatre fois mieux que les verres usuels, gardant ainsi les boissons beaucoup plus longtemps au frais, mais il est \u00e9galement pratiquement incassable et supporte m\u00eame des lanc\u00e9s sans \u00e9gratignures ni bris. En procurant une sensation de luxe aupr\u00e8s des invit\u00e9s, le Superglas assurera l\u2019enthousiasme au cours de [&hellip;]<\/p>\n","protected":false},"featured_media":115748,"template":"","meta":{"_acf_changed":false},"product_featured_cat":[],"product_brand":[3584],"product_cat":[4269],"product_tag":[],"class_list":{"0":"post-115756","1":"product","2":"type-product","3":"status-publish","4":"has-post-thumbnail","6":"product_brand-koziol","7":"product_cat-gobelets-tasses-et-verres","9":"first","10":"instock","11":"taxable","12":"shipping-taxable","13":"purchasable","14":"product-type-simple"},"acf":[],"yoast_head":"<!-- This site is optimized with the Yoast SEO plugin v27.5 - https:\/\/yoast.com\/product\/yoast-seo-wordpress\/ -->\n<title>Verre \u00e0 vin koziol CLUB No. 4 Superverre 300 ml, lot de 2 Farbe crystal clear - Bantam<\/title>\n<meta name=\"robots\" content=\"index, follow, max-snippet:-1, max-image-preview:large, max-video-preview:-1\" \/>\n<link rel=\"canonical\" href=\"https:\/\/shop.bantam.ch\/fr\/produit\/lot-de-verres-a-vin-club-n-4-superglas-300-ml-cristal-transparent\/\" \/>\n<meta property=\"og:locale\" content=\"fr_FR\" \/>\n<meta property=\"og:type\" content=\"article\" \/>\n<meta property=\"og:title\" content=\"Verre \u00e0 vin koziol CLUB No. 4 Superverre 300 ml, lot de 2 Farbe crystal clear - Bantam\" \/>\n<meta property=\"og:description\" content=\"Ce verre de propri\u00e9t\u00e9s sup\u00e9rieures non seulement isole quatre fois mieux que les verres usuels, gardant ainsi les boissons beaucoup plus longtemps au frais, mais il est \u00e9galement pratiquement incassable et supporte m\u00eame des lanc\u00e9s sans \u00e9gratignures ni bris. En procurant une sensation de luxe aupr\u00e8s des invit\u00e9s, le Superglas assurera l\u2019enthousiasme au cours de [&hellip;]\" \/>\n<meta property=\"og:url\" content=\"https:\/\/shop.bantam.ch\/fr\/produit\/lot-de-verres-a-vin-club-n-4-superglas-300-ml-cristal-transparent\/\" \/>\n<meta property=\"og:site_name\" content=\"Bantam\" \/>\n<meta property=\"article:modified_time\" content=\"2026-05-02T19:43:13+00:00\" \/>\n<meta property=\"og:image\" content=\"https:\/\/shop.bantam.ch\/wp-content\/uploads\/2023\/02\/998450511.jpg\" \/>\n\t<meta property=\"og:image:width\" content=\"1000\" \/>\n\t<meta property=\"og:image:height\" content=\"1000\" \/>\n\t<meta property=\"og:image:type\" content=\"image\/jpeg\" \/>\n<meta name=\"twitter:card\" content=\"summary_large_image\" \/>\n<meta name=\"twitter:label1\" content=\"Dur\u00e9e de lecture estim\u00e9e\" \/>\n\t<meta name=\"twitter:data1\" content=\"1 minute\" \/>\n<script type=\"application\/ld+json\" class=\"yoast-schema-graph\">{\"@context\":\"https:\\\/\\\/schema.org\",\"@graph\":[{\"@type\":\"WebPage\",\"@id\":\"https:\\\/\\\/shop.bantam.ch\\\/fr\\\/produit\\\/lot-de-verres-a-vin-club-n-4-superglas-300-ml-cristal-transparent\\\/\",\"url\":\"https:\\\/\\\/shop.bantam.ch\\\/fr\\\/produit\\\/lot-de-verres-a-vin-club-n-4-superglas-300-ml-cristal-transparent\\\/\",\"name\":\"Verre \u00e0 vin koziol CLUB No. 4 Superverre 300 ml, lot de 2 Farbe crystal clear - Bantam\",\"isPartOf\":{\"@id\":\"https:\\\/\\\/shop.bantam.ch\\\/fr\\\/#website\"},\"primaryImageOfPage\":{\"@id\":\"https:\\\/\\\/shop.bantam.ch\\\/fr\\\/produit\\\/lot-de-verres-a-vin-club-n-4-superglas-300-ml-cristal-transparent\\\/#primaryimage\"},\"image\":{\"@id\":\"https:\\\/\\\/shop.bantam.ch\\\/fr\\\/produit\\\/lot-de-verres-a-vin-club-n-4-superglas-300-ml-cristal-transparent\\\/#primaryimage\"},\"thumbnailUrl\":\"https:\\\/\\\/shop.bantam.ch\\\/wp-content\\\/uploads\\\/2023\\\/02\\\/998450511.jpg\",\"datePublished\":\"2023-02-28T21:08:26+00:00\",\"dateModified\":\"2026-05-02T19:43:13+00:00\",\"breadcrumb\":{\"@id\":\"https:\\\/\\\/shop.bantam.ch\\\/fr\\\/produit\\\/lot-de-verres-a-vin-club-n-4-superglas-300-ml-cristal-transparent\\\/#breadcrumb\"},\"inLanguage\":\"fr-FR\",\"potentialAction\":[{\"@type\":\"ReadAction\",\"target\":[\"https:\\\/\\\/shop.bantam.ch\\\/fr\\\/produit\\\/lot-de-verres-a-vin-club-n-4-superglas-300-ml-cristal-transparent\\\/\"]}]},{\"@type\":\"ImageObject\",\"inLanguage\":\"fr-FR\",\"@id\":\"https:\\\/\\\/shop.bantam.ch\\\/fr\\\/produit\\\/lot-de-verres-a-vin-club-n-4-superglas-300-ml-cristal-transparent\\\/#primaryimage\",\"url\":\"https:\\\/\\\/shop.bantam.ch\\\/wp-content\\\/uploads\\\/2023\\\/02\\\/998450511.jpg\",\"contentUrl\":\"https:\\\/\\\/shop.bantam.ch\\\/wp-content\\\/uploads\\\/2023\\\/02\\\/998450511.jpg\",\"width\":1000,\"height\":1000},{\"@type\":\"BreadcrumbList\",\"@id\":\"https:\\\/\\\/shop.bantam.ch\\\/fr\\\/produit\\\/lot-de-verres-a-vin-club-n-4-superglas-300-ml-cristal-transparent\\\/#breadcrumb\",\"itemListElement\":[{\"@type\":\"ListItem\",\"position\":1,\"name\":\"Accueil\",\"item\":\"https:\\\/\\\/shop.bantam.ch\\\/fr\\\/\"},{\"@type\":\"ListItem\",\"position\":2,\"name\":\"Boutique\",\"item\":\"https:\\\/\\\/shop.bantam.ch\\\/fr\\\/boutique\\\/\"},{\"@type\":\"ListItem\",\"position\":3,\"name\":\"Verre \u00e0 vin koziol CLUB No. 4 Superverre 300 ml, lot de 2 Farbe crystal clear\"}]},{\"@type\":\"WebSite\",\"@id\":\"https:\\\/\\\/shop.bantam.ch\\\/fr\\\/#website\",\"url\":\"https:\\\/\\\/shop.bantam.ch\\\/fr\\\/\",\"name\":\"Bantam\",\"description\":\"\",\"publisher\":{\"@id\":\"https:\\\/\\\/shop.bantam.ch\\\/fr\\\/#organization\"},\"inLanguage\":\"fr-FR\"},{\"@type\":\"Organization\",\"@id\":\"https:\\\/\\\/shop.bantam.ch\\\/fr\\\/#organization\",\"name\":\"Bantam\",\"url\":\"https:\\\/\\\/shop.bantam.ch\\\/fr\\\/\",\"logo\":{\"@type\":\"ImageObject\",\"inLanguage\":\"fr-FR\",\"@id\":\"https:\\\/\\\/shop.bantam.ch\\\/fr\\\/#\\\/schema\\\/logo\\\/image\\\/\",\"url\":\"https:\\\/\\\/shop.bantam.ch\\\/wp-content\\\/uploads\\\/2022\\\/12\\\/bantam-logo.png\",\"contentUrl\":\"https:\\\/\\\/shop.bantam.ch\\\/wp-content\\\/uploads\\\/2022\\\/12\\\/bantam-logo.png\",\"width\":320,\"height\":71,\"caption\":\"Bantam\"},\"image\":{\"@id\":\"https:\\\/\\\/shop.bantam.ch\\\/fr\\\/#\\\/schema\\\/logo\\\/image\\\/\"}}]}<\/script>\n<!-- \/ Yoast SEO plugin. -->","yoast_head_json":{"title":"Verre \u00e0 vin koziol CLUB No. 4 Superverre 300 ml, lot de 2 Farbe crystal clear - Bantam","robots":{"index":"index","follow":"follow","max-snippet":"max-snippet:-1","max-image-preview":"max-image-preview:large","max-video-preview":"max-video-preview:-1"},"canonical":"https:\/\/shop.bantam.ch\/fr\/produit\/lot-de-verres-a-vin-club-n-4-superglas-300-ml-cristal-transparent\/","og_locale":"fr_FR","og_type":"article","og_title":"Verre \u00e0 vin koziol CLUB No. 4 Superverre 300 ml, lot de 2 Farbe crystal clear - Bantam","og_description":"Ce verre de propri\u00e9t\u00e9s sup\u00e9rieures non seulement isole quatre fois mieux que les verres usuels, gardant ainsi les boissons beaucoup plus longtemps au frais, mais il est \u00e9galement pratiquement incassable et supporte m\u00eame des lanc\u00e9s sans \u00e9gratignures ni bris. En procurant une sensation de luxe aupr\u00e8s des invit\u00e9s, le Superglas assurera l\u2019enthousiasme au cours de [&hellip;]","og_url":"https:\/\/shop.bantam.ch\/fr\/produit\/lot-de-verres-a-vin-club-n-4-superglas-300-ml-cristal-transparent\/","og_site_name":"Bantam","article_modified_time":"2026-05-02T19:43:13+00:00","og_image":[{"width":1000,"height":1000,"url":"https:\/\/shop.bantam.ch\/wp-content\/uploads\/2023\/02\/998450511.jpg","type":"image\/jpeg"}],"twitter_card":"summary_large_image","twitter_misc":{"Dur\u00e9e de lecture estim\u00e9e":"1 minute"},"schema":{"@context":"https:\/\/schema.org","@graph":[{"@type":"WebPage","@id":"https:\/\/shop.bantam.ch\/fr\/produit\/lot-de-verres-a-vin-club-n-4-superglas-300-ml-cristal-transparent\/","url":"https:\/\/shop.bantam.ch\/fr\/produit\/lot-de-verres-a-vin-club-n-4-superglas-300-ml-cristal-transparent\/","name":"Verre \u00e0 vin koziol CLUB No. 4 Superverre 300 ml, lot de 2 Farbe crystal clear - Bantam","isPartOf":{"@id":"https:\/\/shop.bantam.ch\/fr\/#website"},"primaryImageOfPage":{"@id":"https:\/\/shop.bantam.ch\/fr\/produit\/lot-de-verres-a-vin-club-n-4-superglas-300-ml-cristal-transparent\/#primaryimage"},"image":{"@id":"https:\/\/shop.bantam.ch\/fr\/produit\/lot-de-verres-a-vin-club-n-4-superglas-300-ml-cristal-transparent\/#primaryimage"},"thumbnailUrl":"https:\/\/shop.bantam.ch\/wp-content\/uploads\/2023\/02\/998450511.jpg","datePublished":"2023-02-28T21:08:26+00:00","dateModified":"2026-05-02T19:43:13+00:00","breadcrumb":{"@id":"https:\/\/shop.bantam.ch\/fr\/produit\/lot-de-verres-a-vin-club-n-4-superglas-300-ml-cristal-transparent\/#breadcrumb"},"inLanguage":"fr-FR","potentialAction":[{"@type":"ReadAction","target":["https:\/\/shop.bantam.ch\/fr\/produit\/lot-de-verres-a-vin-club-n-4-superglas-300-ml-cristal-transparent\/"]}]},{"@type":"ImageObject","inLanguage":"fr-FR","@id":"https:\/\/shop.bantam.ch\/fr\/produit\/lot-de-verres-a-vin-club-n-4-superglas-300-ml-cristal-transparent\/#primaryimage","url":"https:\/\/shop.bantam.ch\/wp-content\/uploads\/2023\/02\/998450511.jpg","contentUrl":"https:\/\/shop.bantam.ch\/wp-content\/uploads\/2023\/02\/998450511.jpg","width":1000,"height":1000},{"@type":"BreadcrumbList","@id":"https:\/\/shop.bantam.ch\/fr\/produit\/lot-de-verres-a-vin-club-n-4-superglas-300-ml-cristal-transparent\/#breadcrumb","itemListElement":[{"@type":"ListItem","position":1,"name":"Accueil","item":"https:\/\/shop.bantam.ch\/fr\/"},{"@type":"ListItem","position":2,"name":"Boutique","item":"https:\/\/shop.bantam.ch\/fr\/boutique\/"},{"@type":"ListItem","position":3,"name":"Verre \u00e0 vin koziol CLUB No. 4 Superverre 300 ml, lot de 2 Farbe crystal clear"}]},{"@type":"WebSite","@id":"https:\/\/shop.bantam.ch\/fr\/#website","url":"https:\/\/shop.bantam.ch\/fr\/","name":"Bantam","description":"","publisher":{"@id":"https:\/\/shop.bantam.ch\/fr\/#organization"},"inLanguage":"fr-FR"},{"@type":"Organization","@id":"https:\/\/shop.bantam.ch\/fr\/#organization","name":"Bantam","url":"https:\/\/shop.bantam.ch\/fr\/","logo":{"@type":"ImageObject","inLanguage":"fr-FR","@id":"https:\/\/shop.bantam.ch\/fr\/#\/schema\/logo\/image\/","url":"https:\/\/shop.bantam.ch\/wp-content\/uploads\/2022\/12\/bantam-logo.png","contentUrl":"https:\/\/shop.bantam.ch\/wp-content\/uploads\/2022\/12\/bantam-logo.png","width":320,"height":71,"caption":"Bantam"},"image":{"@id":"https:\/\/shop.bantam.ch\/fr\/#\/schema\/logo\/image\/"}}]}},"_links":{"self":[{"href":"https:\/\/shop.bantam.ch\/fr\/wp-json\/wp\/v2\/product\/115756","targetHints":{"allow":["GET"]}}],"collection":[{"href":"https:\/\/shop.bantam.ch\/fr\/wp-json\/wp\/v2\/product"}],"about":[{"href":"https:\/\/shop.bantam.ch\/fr\/wp-json\/wp\/v2\/types\/product"}],"wp:featuredmedia":[{"embeddable":true,"href":"https:\/\/shop.bantam.ch\/fr\/wp-json\/wp\/v2\/media\/115748"}],"wp:attachment":[{"href":"https:\/\/shop.bantam.ch\/fr\/wp-json\/wp\/v2\/media?parent=115756"}],"wp:term":[{"taxonomy":"product_featured_cat","embeddable":true,"href":"https:\/\/shop.bantam.ch\/fr\/wp-json\/wp\/v2\/product_featured_cat?post=115756"},{"taxonomy":"product_brand","embeddable":true,"href":"https:\/\/shop.bantam.ch\/fr\/wp-json\/wp\/v2\/product_brand?post=115756"},{"taxonomy":"product_cat","embeddable":true,"href":"https:\/\/shop.bantam.ch\/fr\/wp-json\/wp\/v2\/product_cat?post=115756"},{"taxonomy":"product_tag","embeddable":true,"href":"https:\/\/shop.bantam.ch\/fr\/wp-json\/wp\/v2\/product_tag?post=115756"}],"curies":[{"name":"wp","href":"https:\/\/api.w.org\/{rel}","templated":true}]}}