{"id":115726,"date":"2023-02-28T22:08:07","date_gmt":"2023-02-28T21:08:07","guid":{"rendered":"https:\/\/shop.bantam.ch\/produit\/lot-de-4-superglas-100-ml-cheers-numero-1\/"},"modified":"2026-04-18T21:45:28","modified_gmt":"2026-04-18T19:45:28","slug":"lot-de-4-superglas-100-ml-cheers-numero-1","status":"publish","type":"product","link":"https:\/\/shop.bantam.ch\/fr\/produit\/lot-de-4-superglas-100-ml-cheers-numero-1\/","title":{"rendered":"Superverre koziol CHEERS No. 1 100\u00a0cm, lot de 4 4 motifs imprim\u00e9s"},"content":{"rendered":"<p>Le mat\u00e9riau de haute qualit\u00e9 isole et maintient les boissons au frais, la forme haute pr\u00e9serve plus longtemps les bulles. De plus, le verre est presque incassable et donc parfait pour une utilisation lors d&rsquo;\u00e9v\u00e9nements, dans des clubs, sur la plage, sur le bateau et partout o\u00f9 des morceaux cass\u00e9s portent moins de chance. 4 motifs imprim\u00e9s.<\/p>\n<p>Contenu\u00a0:<br \/>4 verres<\/p>\n<p>Le rafra\u00eechisseur de bouteilles n\u2019est pas compris dans la livraison.<\/p>\n","protected":false},"excerpt":{"rendered":"<p>Le mat\u00e9riau de haute qualit\u00e9 isole et maintient les boissons au frais, la forme haute pr\u00e9serve plus longtemps les bulles. De plus, le verre est presque incassable et donc parfait pour une utilisation lors d&rsquo;\u00e9v\u00e9nements, dans des clubs, sur la plage, sur le bateau et partout o\u00f9 des morceaux cass\u00e9s portent moins de chance. 4 [&hellip;]<\/p>\n","protected":false},"featured_media":115718,"template":"","meta":{"_acf_changed":false},"product_featured_cat":[],"product_brand":[3584],"product_cat":[4269],"product_tag":[],"class_list":{"0":"post-115726","1":"product","2":"type-product","3":"status-publish","4":"has-post-thumbnail","6":"product_brand-koziol","7":"product_cat-gobelets-tasses-et-verres","9":"first","10":"instock","11":"taxable","12":"shipping-taxable","13":"purchasable","14":"product-type-simple"},"acf":[],"yoast_head":"<!-- This site is optimized with the Yoast SEO plugin v27.4 - https:\/\/yoast.com\/product\/yoast-seo-wordpress\/ -->\n<title>Superverre koziol CHEERS No. 1 100\u00a0cm, lot de 4 4 motifs imprim\u00e9s - Bantam Wankm\u00fcller SA<\/title>\n<meta name=\"robots\" content=\"index, follow, max-snippet:-1, max-image-preview:large, max-video-preview:-1\" \/>\n<link rel=\"canonical\" href=\"https:\/\/shop.bantam.ch\/fr\/produit\/lot-de-4-superglas-100-ml-cheers-numero-1\/\" \/>\n<meta property=\"og:locale\" content=\"fr_FR\" \/>\n<meta property=\"og:type\" content=\"article\" \/>\n<meta property=\"og:title\" content=\"Superverre koziol CHEERS No. 1 100\u00a0cm, lot de 4 4 motifs imprim\u00e9s - Bantam Wankm\u00fcller SA\" \/>\n<meta property=\"og:description\" content=\"Le mat\u00e9riau de haute qualit\u00e9 isole et maintient les boissons au frais, la forme haute pr\u00e9serve plus longtemps les bulles. De plus, le verre est presque incassable et donc parfait pour une utilisation lors d&rsquo;\u00e9v\u00e9nements, dans des clubs, sur la plage, sur le bateau et partout o\u00f9 des morceaux cass\u00e9s portent moins de chance. 4 [&hellip;]\" \/>\n<meta property=\"og:url\" content=\"https:\/\/shop.bantam.ch\/fr\/produit\/lot-de-4-superglas-100-ml-cheers-numero-1\/\" \/>\n<meta property=\"og:site_name\" content=\"Bantam Wankm\u00fcller SA\" \/>\n<meta property=\"article:modified_time\" content=\"2026-04-18T19:45:28+00:00\" \/>\n<meta property=\"og:image\" content=\"https:\/\/shop.bantam.ch\/wp-content\/uploads\/2023\/02\/998447811.jpg\" \/>\n\t<meta property=\"og:image:width\" content=\"1000\" \/>\n\t<meta property=\"og:image:height\" content=\"1000\" \/>\n\t<meta property=\"og:image:type\" content=\"image\/jpeg\" \/>\n<meta name=\"twitter:card\" content=\"summary_large_image\" \/>\n<script type=\"application\/ld+json\" class=\"yoast-schema-graph\">{\"@context\":\"https:\\\/\\\/schema.org\",\"@graph\":[{\"@type\":\"WebPage\",\"@id\":\"https:\\\/\\\/shop.bantam.ch\\\/fr\\\/produit\\\/lot-de-4-superglas-100-ml-cheers-numero-1\\\/\",\"url\":\"https:\\\/\\\/shop.bantam.ch\\\/fr\\\/produit\\\/lot-de-4-superglas-100-ml-cheers-numero-1\\\/\",\"name\":\"Superverre koziol CHEERS No. 1 100\u00a0cm, lot de 4 4 motifs imprim\u00e9s - Bantam Wankm\u00fcller SA\",\"isPartOf\":{\"@id\":\"https:\\\/\\\/shop.bantam.ch\\\/fr\\\/#website\"},\"primaryImageOfPage\":{\"@id\":\"https:\\\/\\\/shop.bantam.ch\\\/fr\\\/produit\\\/lot-de-4-superglas-100-ml-cheers-numero-1\\\/#primaryimage\"},\"image\":{\"@id\":\"https:\\\/\\\/shop.bantam.ch\\\/fr\\\/produit\\\/lot-de-4-superglas-100-ml-cheers-numero-1\\\/#primaryimage\"},\"thumbnailUrl\":\"https:\\\/\\\/shop.bantam.ch\\\/wp-content\\\/uploads\\\/2023\\\/02\\\/998447811.jpg\",\"datePublished\":\"2023-02-28T21:08:07+00:00\",\"dateModified\":\"2026-04-18T19:45:28+00:00\",\"breadcrumb\":{\"@id\":\"https:\\\/\\\/shop.bantam.ch\\\/fr\\\/produit\\\/lot-de-4-superglas-100-ml-cheers-numero-1\\\/#breadcrumb\"},\"inLanguage\":\"fr-FR\",\"potentialAction\":[{\"@type\":\"ReadAction\",\"target\":[\"https:\\\/\\\/shop.bantam.ch\\\/fr\\\/produit\\\/lot-de-4-superglas-100-ml-cheers-numero-1\\\/\"]}]},{\"@type\":\"ImageObject\",\"inLanguage\":\"fr-FR\",\"@id\":\"https:\\\/\\\/shop.bantam.ch\\\/fr\\\/produit\\\/lot-de-4-superglas-100-ml-cheers-numero-1\\\/#primaryimage\",\"url\":\"https:\\\/\\\/shop.bantam.ch\\\/wp-content\\\/uploads\\\/2023\\\/02\\\/998447811.jpg\",\"contentUrl\":\"https:\\\/\\\/shop.bantam.ch\\\/wp-content\\\/uploads\\\/2023\\\/02\\\/998447811.jpg\",\"width\":1000,\"height\":1000},{\"@type\":\"BreadcrumbList\",\"@id\":\"https:\\\/\\\/shop.bantam.ch\\\/fr\\\/produit\\\/lot-de-4-superglas-100-ml-cheers-numero-1\\\/#breadcrumb\",\"itemListElement\":[{\"@type\":\"ListItem\",\"position\":1,\"name\":\"Accueil\",\"item\":\"https:\\\/\\\/shop.bantam.ch\\\/fr\\\/\"},{\"@type\":\"ListItem\",\"position\":2,\"name\":\"Boutique\",\"item\":\"https:\\\/\\\/shop.bantam.ch\\\/fr\\\/boutique\\\/\"},{\"@type\":\"ListItem\",\"position\":3,\"name\":\"Superverre koziol CHEERS No. 1 100\u00a0cm, lot de 4 4 motifs imprim\u00e9s\"}]},{\"@type\":\"WebSite\",\"@id\":\"https:\\\/\\\/shop.bantam.ch\\\/fr\\\/#website\",\"url\":\"https:\\\/\\\/shop.bantam.ch\\\/fr\\\/\",\"name\":\"Bantam Wankm\u00fcller SA\",\"description\":\"\",\"publisher\":{\"@id\":\"https:\\\/\\\/shop.bantam.ch\\\/fr\\\/#organization\"},\"inLanguage\":\"fr-FR\"},{\"@type\":\"Organization\",\"@id\":\"https:\\\/\\\/shop.bantam.ch\\\/fr\\\/#organization\",\"name\":\"Bantam Wankm\u00fcller SA\",\"url\":\"https:\\\/\\\/shop.bantam.ch\\\/fr\\\/\",\"logo\":{\"@type\":\"ImageObject\",\"inLanguage\":\"fr-FR\",\"@id\":\"https:\\\/\\\/shop.bantam.ch\\\/fr\\\/#\\\/schema\\\/logo\\\/image\\\/\",\"url\":\"https:\\\/\\\/shop.bantam.ch\\\/wp-content\\\/uploads\\\/2022\\\/12\\\/bantam-logo.png\",\"contentUrl\":\"https:\\\/\\\/shop.bantam.ch\\\/wp-content\\\/uploads\\\/2022\\\/12\\\/bantam-logo.png\",\"width\":320,\"height\":71,\"caption\":\"Bantam Wankm\u00fcller SA\"},\"image\":{\"@id\":\"https:\\\/\\\/shop.bantam.ch\\\/fr\\\/#\\\/schema\\\/logo\\\/image\\\/\"}}]}<\/script>\n<!-- \/ Yoast SEO plugin. -->","yoast_head_json":{"title":"Superverre koziol CHEERS No. 1 100\u00a0cm, lot de 4 4 motifs imprim\u00e9s - Bantam Wankm\u00fcller SA","robots":{"index":"index","follow":"follow","max-snippet":"max-snippet:-1","max-image-preview":"max-image-preview:large","max-video-preview":"max-video-preview:-1"},"canonical":"https:\/\/shop.bantam.ch\/fr\/produit\/lot-de-4-superglas-100-ml-cheers-numero-1\/","og_locale":"fr_FR","og_type":"article","og_title":"Superverre koziol CHEERS No. 1 100\u00a0cm, lot de 4 4 motifs imprim\u00e9s - Bantam Wankm\u00fcller SA","og_description":"Le mat\u00e9riau de haute qualit\u00e9 isole et maintient les boissons au frais, la forme haute pr\u00e9serve plus longtemps les bulles. De plus, le verre est presque incassable et donc parfait pour une utilisation lors d&rsquo;\u00e9v\u00e9nements, dans des clubs, sur la plage, sur le bateau et partout o\u00f9 des morceaux cass\u00e9s portent moins de chance. 4 [&hellip;]","og_url":"https:\/\/shop.bantam.ch\/fr\/produit\/lot-de-4-superglas-100-ml-cheers-numero-1\/","og_site_name":"Bantam Wankm\u00fcller SA","article_modified_time":"2026-04-18T19:45:28+00:00","og_image":[{"width":1000,"height":1000,"url":"https:\/\/shop.bantam.ch\/wp-content\/uploads\/2023\/02\/998447811.jpg","type":"image\/jpeg"}],"twitter_card":"summary_large_image","schema":{"@context":"https:\/\/schema.org","@graph":[{"@type":"WebPage","@id":"https:\/\/shop.bantam.ch\/fr\/produit\/lot-de-4-superglas-100-ml-cheers-numero-1\/","url":"https:\/\/shop.bantam.ch\/fr\/produit\/lot-de-4-superglas-100-ml-cheers-numero-1\/","name":"Superverre koziol CHEERS No. 1 100\u00a0cm, lot de 4 4 motifs imprim\u00e9s - Bantam Wankm\u00fcller SA","isPartOf":{"@id":"https:\/\/shop.bantam.ch\/fr\/#website"},"primaryImageOfPage":{"@id":"https:\/\/shop.bantam.ch\/fr\/produit\/lot-de-4-superglas-100-ml-cheers-numero-1\/#primaryimage"},"image":{"@id":"https:\/\/shop.bantam.ch\/fr\/produit\/lot-de-4-superglas-100-ml-cheers-numero-1\/#primaryimage"},"thumbnailUrl":"https:\/\/shop.bantam.ch\/wp-content\/uploads\/2023\/02\/998447811.jpg","datePublished":"2023-02-28T21:08:07+00:00","dateModified":"2026-04-18T19:45:28+00:00","breadcrumb":{"@id":"https:\/\/shop.bantam.ch\/fr\/produit\/lot-de-4-superglas-100-ml-cheers-numero-1\/#breadcrumb"},"inLanguage":"fr-FR","potentialAction":[{"@type":"ReadAction","target":["https:\/\/shop.bantam.ch\/fr\/produit\/lot-de-4-superglas-100-ml-cheers-numero-1\/"]}]},{"@type":"ImageObject","inLanguage":"fr-FR","@id":"https:\/\/shop.bantam.ch\/fr\/produit\/lot-de-4-superglas-100-ml-cheers-numero-1\/#primaryimage","url":"https:\/\/shop.bantam.ch\/wp-content\/uploads\/2023\/02\/998447811.jpg","contentUrl":"https:\/\/shop.bantam.ch\/wp-content\/uploads\/2023\/02\/998447811.jpg","width":1000,"height":1000},{"@type":"BreadcrumbList","@id":"https:\/\/shop.bantam.ch\/fr\/produit\/lot-de-4-superglas-100-ml-cheers-numero-1\/#breadcrumb","itemListElement":[{"@type":"ListItem","position":1,"name":"Accueil","item":"https:\/\/shop.bantam.ch\/fr\/"},{"@type":"ListItem","position":2,"name":"Boutique","item":"https:\/\/shop.bantam.ch\/fr\/boutique\/"},{"@type":"ListItem","position":3,"name":"Superverre koziol CHEERS No. 1 100\u00a0cm, lot de 4 4 motifs imprim\u00e9s"}]},{"@type":"WebSite","@id":"https:\/\/shop.bantam.ch\/fr\/#website","url":"https:\/\/shop.bantam.ch\/fr\/","name":"Bantam Wankm\u00fcller SA","description":"","publisher":{"@id":"https:\/\/shop.bantam.ch\/fr\/#organization"},"inLanguage":"fr-FR"},{"@type":"Organization","@id":"https:\/\/shop.bantam.ch\/fr\/#organization","name":"Bantam Wankm\u00fcller SA","url":"https:\/\/shop.bantam.ch\/fr\/","logo":{"@type":"ImageObject","inLanguage":"fr-FR","@id":"https:\/\/shop.bantam.ch\/fr\/#\/schema\/logo\/image\/","url":"https:\/\/shop.bantam.ch\/wp-content\/uploads\/2022\/12\/bantam-logo.png","contentUrl":"https:\/\/shop.bantam.ch\/wp-content\/uploads\/2022\/12\/bantam-logo.png","width":320,"height":71,"caption":"Bantam Wankm\u00fcller SA"},"image":{"@id":"https:\/\/shop.bantam.ch\/fr\/#\/schema\/logo\/image\/"}}]}},"_links":{"self":[{"href":"https:\/\/shop.bantam.ch\/fr\/wp-json\/wp\/v2\/product\/115726","targetHints":{"allow":["GET"]}}],"collection":[{"href":"https:\/\/shop.bantam.ch\/fr\/wp-json\/wp\/v2\/product"}],"about":[{"href":"https:\/\/shop.bantam.ch\/fr\/wp-json\/wp\/v2\/types\/product"}],"wp:featuredmedia":[{"embeddable":true,"href":"https:\/\/shop.bantam.ch\/fr\/wp-json\/wp\/v2\/media\/115718"}],"wp:attachment":[{"href":"https:\/\/shop.bantam.ch\/fr\/wp-json\/wp\/v2\/media?parent=115726"}],"wp:term":[{"taxonomy":"product_featured_cat","embeddable":true,"href":"https:\/\/shop.bantam.ch\/fr\/wp-json\/wp\/v2\/product_featured_cat?post=115726"},{"taxonomy":"product_brand","embeddable":true,"href":"https:\/\/shop.bantam.ch\/fr\/wp-json\/wp\/v2\/product_brand?post=115726"},{"taxonomy":"product_cat","embeddable":true,"href":"https:\/\/shop.bantam.ch\/fr\/wp-json\/wp\/v2\/product_cat?post=115726"},{"taxonomy":"product_tag","embeddable":true,"href":"https:\/\/shop.bantam.ch\/fr\/wp-json\/wp\/v2\/product_tag?post=115726"}],"curies":[{"name":"wp","href":"https:\/\/api.w.org\/{rel}","templated":true}]}}