{"id":115466,"date":"2023-02-28T22:03:36","date_gmt":"2023-02-28T21:03:36","guid":{"rendered":"https:\/\/shop.bantam.ch\/produit\/lot-de-4-assiettes-plates-club-plate-26-cm\/"},"modified":"2026-05-02T23:18:02","modified_gmt":"2026-05-02T21:18:02","slug":"lot-de-4-assiettes-plates-club-plate-26-cm","status":"publish","type":"product","link":"https:\/\/shop.bantam.ch\/fr\/produit\/lot-de-4-assiettes-plates-club-plate-26-cm\/","title":{"rendered":"Lot de 4 assiettes plates CLUB PLATE 26\u00a0cm"},"content":{"rendered":"<p>Les assiettes et bols avec structure \u00e0 facettes sont une v\u00e9ritable brise d\u2019\u00e9t\u00e9 lors de d\u00e9jeuners en plein air ou de d\u00eeners en terrasse et r\u00e9sistent aux f\u00eates turbulentes sans laisser un tas de bris. Leur mat\u00e9riau solide et leurs couleurs modernes procurent la sensation agr\u00e9able d\u2019une table joliment dress\u00e9e et restent, gr\u00e2ce \u00e0 leur qualit\u00e9 lourde, stables, m\u00eame en cas de fort coup de vent. Fabriqu\u00e9 en mat\u00e9riau thermoplastique avec du bois.<\/p>\n<ul>\n<li>Design \u00e0 facettes tr\u00e8s tendance<\/li>\n<li>Haute qualit\u00e9<\/li>\n<li>Grande stabilit\u00e9\u00a0<\/li>\n<li>Empilable<\/li>\n<li>Produit id\u00e9al pour un usage en ext\u00e9rieur<\/li>\n<li>100% neutre en CO2<\/li>\n<li>Sans bisph\u00e9nol A (BPA)<\/li>\n<li>Sans m\u00e9lamine<\/li>\n<\/ul>\n<p>Contenu\u00a0:<br \/>4 pi\u00e8ces<\/p>\n","protected":false},"excerpt":{"rendered":"<p>Les assiettes et bols avec structure \u00e0 facettes sont une v\u00e9ritable brise d\u2019\u00e9t\u00e9 lors de d\u00e9jeuners en plein air ou de d\u00eeners en terrasse et r\u00e9sistent aux f\u00eates turbulentes sans laisser un tas de bris. Leur mat\u00e9riau solide et leurs couleurs modernes procurent la sensation agr\u00e9able d\u2019une table joliment dress\u00e9e et restent, gr\u00e2ce \u00e0 leur [&hellip;]<\/p>\n","protected":false},"featured_media":115448,"template":"","meta":{"_acf_changed":false},"product_featured_cat":[],"product_brand":[3584],"product_cat":[4271],"product_tag":[],"class_list":{"0":"post-115466","1":"product","2":"type-product","3":"status-publish","4":"has-post-thumbnail","6":"product_brand-koziol","7":"product_cat-assiettes-et-coquetiers","9":"first","10":"instock","11":"taxable","12":"shipping-taxable","13":"purchasable","14":"product-type-variable"},"acf":[],"yoast_head":"<!-- This site is optimized with the Yoast SEO plugin v27.5 - https:\/\/yoast.com\/product\/yoast-seo-wordpress\/ -->\n<title>Lot de 4 assiettes plates CLUB PLATE 26\u00a0cm - Bantam<\/title>\n<meta name=\"robots\" content=\"index, follow, max-snippet:-1, max-image-preview:large, max-video-preview:-1\" \/>\n<link rel=\"canonical\" href=\"https:\/\/shop.bantam.ch\/fr\/produit\/lot-de-4-assiettes-plates-club-plate-26-cm\/\" \/>\n<meta property=\"og:locale\" content=\"fr_FR\" \/>\n<meta property=\"og:type\" content=\"article\" \/>\n<meta property=\"og:title\" content=\"Lot de 4 assiettes plates CLUB PLATE 26\u00a0cm - Bantam\" \/>\n<meta property=\"og:description\" content=\"Les assiettes et bols avec structure \u00e0 facettes sont une v\u00e9ritable brise d\u2019\u00e9t\u00e9 lors de d\u00e9jeuners en plein air ou de d\u00eeners en terrasse et r\u00e9sistent aux f\u00eates turbulentes sans laisser un tas de bris. Leur mat\u00e9riau solide et leurs couleurs modernes procurent la sensation agr\u00e9able d\u2019une table joliment dress\u00e9e et restent, gr\u00e2ce \u00e0 leur [&hellip;]\" \/>\n<meta property=\"og:url\" content=\"https:\/\/shop.bantam.ch\/fr\/produit\/lot-de-4-assiettes-plates-club-plate-26-cm\/\" \/>\n<meta property=\"og:site_name\" content=\"Bantam\" \/>\n<meta property=\"article:modified_time\" content=\"2026-05-02T21:18:02+00:00\" \/>\n<meta property=\"og:image\" content=\"https:\/\/shop.bantam.ch\/wp-content\/uploads\/2023\/02\/998446111.jpg\" \/>\n\t<meta property=\"og:image:width\" content=\"1000\" \/>\n\t<meta property=\"og:image:height\" content=\"281\" \/>\n\t<meta property=\"og:image:type\" content=\"image\/jpeg\" \/>\n<meta name=\"twitter:card\" content=\"summary_large_image\" \/>\n<meta name=\"twitter:label1\" content=\"Dur\u00e9e de lecture estim\u00e9e\" \/>\n\t<meta name=\"twitter:data1\" content=\"1 minute\" \/>\n<script type=\"application\/ld+json\" class=\"yoast-schema-graph\">{\"@context\":\"https:\\\/\\\/schema.org\",\"@graph\":[{\"@type\":\"WebPage\",\"@id\":\"https:\\\/\\\/shop.bantam.ch\\\/fr\\\/produit\\\/lot-de-4-assiettes-plates-club-plate-26-cm\\\/\",\"url\":\"https:\\\/\\\/shop.bantam.ch\\\/fr\\\/produit\\\/lot-de-4-assiettes-plates-club-plate-26-cm\\\/\",\"name\":\"Lot de 4 assiettes plates CLUB PLATE 26\u00a0cm - Bantam\",\"isPartOf\":{\"@id\":\"https:\\\/\\\/shop.bantam.ch\\\/fr\\\/#website\"},\"primaryImageOfPage\":{\"@id\":\"https:\\\/\\\/shop.bantam.ch\\\/fr\\\/produit\\\/lot-de-4-assiettes-plates-club-plate-26-cm\\\/#primaryimage\"},\"image\":{\"@id\":\"https:\\\/\\\/shop.bantam.ch\\\/fr\\\/produit\\\/lot-de-4-assiettes-plates-club-plate-26-cm\\\/#primaryimage\"},\"thumbnailUrl\":\"https:\\\/\\\/shop.bantam.ch\\\/wp-content\\\/uploads\\\/2023\\\/02\\\/998446111.jpg\",\"datePublished\":\"2023-02-28T21:03:36+00:00\",\"dateModified\":\"2026-05-02T21:18:02+00:00\",\"breadcrumb\":{\"@id\":\"https:\\\/\\\/shop.bantam.ch\\\/fr\\\/produit\\\/lot-de-4-assiettes-plates-club-plate-26-cm\\\/#breadcrumb\"},\"inLanguage\":\"fr-FR\",\"potentialAction\":[{\"@type\":\"ReadAction\",\"target\":[\"https:\\\/\\\/shop.bantam.ch\\\/fr\\\/produit\\\/lot-de-4-assiettes-plates-club-plate-26-cm\\\/\"]}]},{\"@type\":\"ImageObject\",\"inLanguage\":\"fr-FR\",\"@id\":\"https:\\\/\\\/shop.bantam.ch\\\/fr\\\/produit\\\/lot-de-4-assiettes-plates-club-plate-26-cm\\\/#primaryimage\",\"url\":\"https:\\\/\\\/shop.bantam.ch\\\/wp-content\\\/uploads\\\/2023\\\/02\\\/998446111.jpg\",\"contentUrl\":\"https:\\\/\\\/shop.bantam.ch\\\/wp-content\\\/uploads\\\/2023\\\/02\\\/998446111.jpg\",\"width\":1000,\"height\":281},{\"@type\":\"BreadcrumbList\",\"@id\":\"https:\\\/\\\/shop.bantam.ch\\\/fr\\\/produit\\\/lot-de-4-assiettes-plates-club-plate-26-cm\\\/#breadcrumb\",\"itemListElement\":[{\"@type\":\"ListItem\",\"position\":1,\"name\":\"Accueil\",\"item\":\"https:\\\/\\\/shop.bantam.ch\\\/fr\\\/\"},{\"@type\":\"ListItem\",\"position\":2,\"name\":\"Boutique\",\"item\":\"https:\\\/\\\/shop.bantam.ch\\\/fr\\\/boutique\\\/\"},{\"@type\":\"ListItem\",\"position\":3,\"name\":\"Lot de 4 assiettes plates CLUB PLATE 26\u00a0cm\"}]},{\"@type\":\"WebSite\",\"@id\":\"https:\\\/\\\/shop.bantam.ch\\\/fr\\\/#website\",\"url\":\"https:\\\/\\\/shop.bantam.ch\\\/fr\\\/\",\"name\":\"Bantam\",\"description\":\"\",\"publisher\":{\"@id\":\"https:\\\/\\\/shop.bantam.ch\\\/fr\\\/#organization\"},\"inLanguage\":\"fr-FR\"},{\"@type\":\"Organization\",\"@id\":\"https:\\\/\\\/shop.bantam.ch\\\/fr\\\/#organization\",\"name\":\"Bantam\",\"url\":\"https:\\\/\\\/shop.bantam.ch\\\/fr\\\/\",\"logo\":{\"@type\":\"ImageObject\",\"inLanguage\":\"fr-FR\",\"@id\":\"https:\\\/\\\/shop.bantam.ch\\\/fr\\\/#\\\/schema\\\/logo\\\/image\\\/\",\"url\":\"https:\\\/\\\/shop.bantam.ch\\\/wp-content\\\/uploads\\\/2022\\\/12\\\/bantam-logo.png\",\"contentUrl\":\"https:\\\/\\\/shop.bantam.ch\\\/wp-content\\\/uploads\\\/2022\\\/12\\\/bantam-logo.png\",\"width\":320,\"height\":71,\"caption\":\"Bantam\"},\"image\":{\"@id\":\"https:\\\/\\\/shop.bantam.ch\\\/fr\\\/#\\\/schema\\\/logo\\\/image\\\/\"}}]}<\/script>\n<!-- \/ Yoast SEO plugin. -->","yoast_head_json":{"title":"Lot de 4 assiettes plates CLUB PLATE 26\u00a0cm - Bantam","robots":{"index":"index","follow":"follow","max-snippet":"max-snippet:-1","max-image-preview":"max-image-preview:large","max-video-preview":"max-video-preview:-1"},"canonical":"https:\/\/shop.bantam.ch\/fr\/produit\/lot-de-4-assiettes-plates-club-plate-26-cm\/","og_locale":"fr_FR","og_type":"article","og_title":"Lot de 4 assiettes plates CLUB PLATE 26\u00a0cm - Bantam","og_description":"Les assiettes et bols avec structure \u00e0 facettes sont une v\u00e9ritable brise d\u2019\u00e9t\u00e9 lors de d\u00e9jeuners en plein air ou de d\u00eeners en terrasse et r\u00e9sistent aux f\u00eates turbulentes sans laisser un tas de bris. Leur mat\u00e9riau solide et leurs couleurs modernes procurent la sensation agr\u00e9able d\u2019une table joliment dress\u00e9e et restent, gr\u00e2ce \u00e0 leur [&hellip;]","og_url":"https:\/\/shop.bantam.ch\/fr\/produit\/lot-de-4-assiettes-plates-club-plate-26-cm\/","og_site_name":"Bantam","article_modified_time":"2026-05-02T21:18:02+00:00","og_image":[{"width":1000,"height":281,"url":"https:\/\/shop.bantam.ch\/wp-content\/uploads\/2023\/02\/998446111.jpg","type":"image\/jpeg"}],"twitter_card":"summary_large_image","twitter_misc":{"Dur\u00e9e de lecture estim\u00e9e":"1 minute"},"schema":{"@context":"https:\/\/schema.org","@graph":[{"@type":"WebPage","@id":"https:\/\/shop.bantam.ch\/fr\/produit\/lot-de-4-assiettes-plates-club-plate-26-cm\/","url":"https:\/\/shop.bantam.ch\/fr\/produit\/lot-de-4-assiettes-plates-club-plate-26-cm\/","name":"Lot de 4 assiettes plates CLUB PLATE 26\u00a0cm - Bantam","isPartOf":{"@id":"https:\/\/shop.bantam.ch\/fr\/#website"},"primaryImageOfPage":{"@id":"https:\/\/shop.bantam.ch\/fr\/produit\/lot-de-4-assiettes-plates-club-plate-26-cm\/#primaryimage"},"image":{"@id":"https:\/\/shop.bantam.ch\/fr\/produit\/lot-de-4-assiettes-plates-club-plate-26-cm\/#primaryimage"},"thumbnailUrl":"https:\/\/shop.bantam.ch\/wp-content\/uploads\/2023\/02\/998446111.jpg","datePublished":"2023-02-28T21:03:36+00:00","dateModified":"2026-05-02T21:18:02+00:00","breadcrumb":{"@id":"https:\/\/shop.bantam.ch\/fr\/produit\/lot-de-4-assiettes-plates-club-plate-26-cm\/#breadcrumb"},"inLanguage":"fr-FR","potentialAction":[{"@type":"ReadAction","target":["https:\/\/shop.bantam.ch\/fr\/produit\/lot-de-4-assiettes-plates-club-plate-26-cm\/"]}]},{"@type":"ImageObject","inLanguage":"fr-FR","@id":"https:\/\/shop.bantam.ch\/fr\/produit\/lot-de-4-assiettes-plates-club-plate-26-cm\/#primaryimage","url":"https:\/\/shop.bantam.ch\/wp-content\/uploads\/2023\/02\/998446111.jpg","contentUrl":"https:\/\/shop.bantam.ch\/wp-content\/uploads\/2023\/02\/998446111.jpg","width":1000,"height":281},{"@type":"BreadcrumbList","@id":"https:\/\/shop.bantam.ch\/fr\/produit\/lot-de-4-assiettes-plates-club-plate-26-cm\/#breadcrumb","itemListElement":[{"@type":"ListItem","position":1,"name":"Accueil","item":"https:\/\/shop.bantam.ch\/fr\/"},{"@type":"ListItem","position":2,"name":"Boutique","item":"https:\/\/shop.bantam.ch\/fr\/boutique\/"},{"@type":"ListItem","position":3,"name":"Lot de 4 assiettes plates CLUB PLATE 26\u00a0cm"}]},{"@type":"WebSite","@id":"https:\/\/shop.bantam.ch\/fr\/#website","url":"https:\/\/shop.bantam.ch\/fr\/","name":"Bantam","description":"","publisher":{"@id":"https:\/\/shop.bantam.ch\/fr\/#organization"},"inLanguage":"fr-FR"},{"@type":"Organization","@id":"https:\/\/shop.bantam.ch\/fr\/#organization","name":"Bantam","url":"https:\/\/shop.bantam.ch\/fr\/","logo":{"@type":"ImageObject","inLanguage":"fr-FR","@id":"https:\/\/shop.bantam.ch\/fr\/#\/schema\/logo\/image\/","url":"https:\/\/shop.bantam.ch\/wp-content\/uploads\/2022\/12\/bantam-logo.png","contentUrl":"https:\/\/shop.bantam.ch\/wp-content\/uploads\/2022\/12\/bantam-logo.png","width":320,"height":71,"caption":"Bantam"},"image":{"@id":"https:\/\/shop.bantam.ch\/fr\/#\/schema\/logo\/image\/"}}]}},"_links":{"self":[{"href":"https:\/\/shop.bantam.ch\/fr\/wp-json\/wp\/v2\/product\/115466","targetHints":{"allow":["GET"]}}],"collection":[{"href":"https:\/\/shop.bantam.ch\/fr\/wp-json\/wp\/v2\/product"}],"about":[{"href":"https:\/\/shop.bantam.ch\/fr\/wp-json\/wp\/v2\/types\/product"}],"wp:featuredmedia":[{"embeddable":true,"href":"https:\/\/shop.bantam.ch\/fr\/wp-json\/wp\/v2\/media\/115448"}],"wp:attachment":[{"href":"https:\/\/shop.bantam.ch\/fr\/wp-json\/wp\/v2\/media?parent=115466"}],"wp:term":[{"taxonomy":"product_featured_cat","embeddable":true,"href":"https:\/\/shop.bantam.ch\/fr\/wp-json\/wp\/v2\/product_featured_cat?post=115466"},{"taxonomy":"product_brand","embeddable":true,"href":"https:\/\/shop.bantam.ch\/fr\/wp-json\/wp\/v2\/product_brand?post=115466"},{"taxonomy":"product_cat","embeddable":true,"href":"https:\/\/shop.bantam.ch\/fr\/wp-json\/wp\/v2\/product_cat?post=115466"},{"taxonomy":"product_tag","embeddable":true,"href":"https:\/\/shop.bantam.ch\/fr\/wp-json\/wp\/v2\/product_tag?post=115466"}],"curies":[{"name":"wp","href":"https:\/\/api.w.org\/{rel}","templated":true}]}}