{"id":115380,"date":"2023-02-28T22:02:33","date_gmt":"2023-02-28T21:02:33","guid":{"rendered":"https:\/\/shop.bantam.ch\/produit\/store-mural-4200-boitier-anthracite-toile-mystic-grey\/"},"modified":"2026-05-01T23:18:36","modified_gmt":"2026-05-01T21:18:36","slug":"store-mural-4200-boitier-anthracite-toile-mystic-grey","status":"publish","type":"product","link":"https:\/\/shop.bantam.ch\/fr\/produit\/store-mural-4200-boitier-anthracite-toile-mystic-grey\/","title":{"rendered":"Store mural 4200 &#8211; bo\u00eetier anthracite, toile mystic grey"},"content":{"rendered":"<p>Store mural pour fourgons compacts. Design \u00e9l\u00e9gant pour une int\u00e9gration parfaite dans le fourgon compact gr\u00e2ce \u00e0 de nouveaux embouts sp\u00e9cifiques au v\u00e9hicule. Fixation parfaite des pieds de support. Rangement am\u00e9lior\u00e9 des stabilisateurs dans le panneau avant. Bras de serrage avec syst\u00e8me anti-cliquetis. Adaptateur plat livr\u00e9 en s\u00e9rie Les adaptateur sp\u00e9ciaux pour montage mural doivent \u00eatre command\u00e9s \u00e0 part.<\/p>\n<p>Tous les avantages en un coup d\u2019\u0153il\u00a0:<br \/>Le soutien de la cassette brevet\u00e9e permet une meilleure tension du tissu et r\u00e9duit la formation de plis.<br \/>Le syst\u00e8me de r\u00e9glage de cassette permet une fermeture parfaite du store sur le c\u00f4t\u00e9 oppos\u00e9 de celui dot\u00e9 de l\u2019entra\u00eenement.<br \/>&#8211; Les pieds de support se d\u00e9ploient verticalement\u00a0: aucun danger d\u2019endommager la paroi du v\u00e9hicule.<br \/>&#8211; Look contemporain, int\u00e9gration parfaite sur tous les camping-cars<\/p>\n<p>Mat\u00e9riau\u00a0:<br \/>Toile\u00a0: en toile PVC<br \/>boitier : aluminium<\/p>\n","protected":false},"excerpt":{"rendered":"<p>Store mural pour fourgons compacts. Design \u00e9l\u00e9gant pour une int\u00e9gration parfaite dans le fourgon compact gr\u00e2ce \u00e0 de nouveaux embouts sp\u00e9cifiques au v\u00e9hicule. Fixation parfaite des pieds de support. Rangement am\u00e9lior\u00e9 des stabilisateurs dans le panneau avant. Bras de serrage avec syst\u00e8me anti-cliquetis. Adaptateur plat livr\u00e9 en s\u00e9rie Les adaptateur sp\u00e9ciaux pour montage mural doivent [&hellip;]<\/p>\n","protected":false},"featured_media":115372,"template":"","meta":{"_acf_changed":false},"product_featured_cat":[],"product_brand":[3046],"product_cat":[4213],"product_tag":[],"class_list":{"0":"post-115380","1":"product","2":"type-product","3":"status-publish","4":"has-post-thumbnail","6":"product_brand-thule","7":"product_cat-stores-a-cassette","9":"first","10":"instock","11":"taxable","12":"shipping-taxable","13":"purchasable","14":"product-type-variable"},"acf":[],"yoast_head":"<!-- This site is optimized with the Yoast SEO plugin v27.5 - https:\/\/yoast.com\/product\/yoast-seo-wordpress\/ -->\n<title>Store mural 4200 - bo\u00eetier anthracite, toile mystic grey - Bantam<\/title>\n<meta name=\"robots\" content=\"index, follow, max-snippet:-1, max-image-preview:large, max-video-preview:-1\" \/>\n<link rel=\"canonical\" href=\"https:\/\/shop.bantam.ch\/fr\/produit\/store-mural-4200-boitier-anthracite-toile-mystic-grey\/\" \/>\n<meta property=\"og:locale\" content=\"fr_FR\" \/>\n<meta property=\"og:type\" content=\"article\" \/>\n<meta property=\"og:title\" content=\"Store mural 4200 - bo\u00eetier anthracite, toile mystic grey - Bantam\" \/>\n<meta property=\"og:description\" content=\"Store mural pour fourgons compacts. Design \u00e9l\u00e9gant pour une int\u00e9gration parfaite dans le fourgon compact gr\u00e2ce \u00e0 de nouveaux embouts sp\u00e9cifiques au v\u00e9hicule. Fixation parfaite des pieds de support. Rangement am\u00e9lior\u00e9 des stabilisateurs dans le panneau avant. Bras de serrage avec syst\u00e8me anti-cliquetis. Adaptateur plat livr\u00e9 en s\u00e9rie Les adaptateur sp\u00e9ciaux pour montage mural doivent [&hellip;]\" \/>\n<meta property=\"og:url\" content=\"https:\/\/shop.bantam.ch\/fr\/produit\/store-mural-4200-boitier-anthracite-toile-mystic-grey\/\" \/>\n<meta property=\"og:site_name\" content=\"Bantam\" \/>\n<meta property=\"article:modified_time\" content=\"2026-05-01T21:18:36+00:00\" \/>\n<meta property=\"og:image\" content=\"https:\/\/shop.bantam.ch\/wp-content\/uploads\/2023\/02\/995811311.jpg\" \/>\n\t<meta property=\"og:image:width\" content=\"1000\" \/>\n\t<meta property=\"og:image:height\" content=\"186\" \/>\n\t<meta property=\"og:image:type\" content=\"image\/jpeg\" \/>\n<meta name=\"twitter:card\" content=\"summary_large_image\" \/>\n<meta name=\"twitter:label1\" content=\"Dur\u00e9e de lecture estim\u00e9e\" \/>\n\t<meta name=\"twitter:data1\" content=\"1 minute\" \/>\n<script type=\"application\/ld+json\" class=\"yoast-schema-graph\">{\"@context\":\"https:\\\/\\\/schema.org\",\"@graph\":[{\"@type\":\"WebPage\",\"@id\":\"https:\\\/\\\/shop.bantam.ch\\\/fr\\\/produit\\\/store-mural-4200-boitier-anthracite-toile-mystic-grey\\\/\",\"url\":\"https:\\\/\\\/shop.bantam.ch\\\/fr\\\/produit\\\/store-mural-4200-boitier-anthracite-toile-mystic-grey\\\/\",\"name\":\"Store mural 4200 - bo\u00eetier anthracite, toile mystic grey - Bantam\",\"isPartOf\":{\"@id\":\"https:\\\/\\\/shop.bantam.ch\\\/fr\\\/#website\"},\"primaryImageOfPage\":{\"@id\":\"https:\\\/\\\/shop.bantam.ch\\\/fr\\\/produit\\\/store-mural-4200-boitier-anthracite-toile-mystic-grey\\\/#primaryimage\"},\"image\":{\"@id\":\"https:\\\/\\\/shop.bantam.ch\\\/fr\\\/produit\\\/store-mural-4200-boitier-anthracite-toile-mystic-grey\\\/#primaryimage\"},\"thumbnailUrl\":\"https:\\\/\\\/shop.bantam.ch\\\/wp-content\\\/uploads\\\/2023\\\/02\\\/995811311.jpg\",\"datePublished\":\"2023-02-28T21:02:33+00:00\",\"dateModified\":\"2026-05-01T21:18:36+00:00\",\"breadcrumb\":{\"@id\":\"https:\\\/\\\/shop.bantam.ch\\\/fr\\\/produit\\\/store-mural-4200-boitier-anthracite-toile-mystic-grey\\\/#breadcrumb\"},\"inLanguage\":\"fr-FR\",\"potentialAction\":[{\"@type\":\"ReadAction\",\"target\":[\"https:\\\/\\\/shop.bantam.ch\\\/fr\\\/produit\\\/store-mural-4200-boitier-anthracite-toile-mystic-grey\\\/\"]}]},{\"@type\":\"ImageObject\",\"inLanguage\":\"fr-FR\",\"@id\":\"https:\\\/\\\/shop.bantam.ch\\\/fr\\\/produit\\\/store-mural-4200-boitier-anthracite-toile-mystic-grey\\\/#primaryimage\",\"url\":\"https:\\\/\\\/shop.bantam.ch\\\/wp-content\\\/uploads\\\/2023\\\/02\\\/995811311.jpg\",\"contentUrl\":\"https:\\\/\\\/shop.bantam.ch\\\/wp-content\\\/uploads\\\/2023\\\/02\\\/995811311.jpg\",\"width\":1000,\"height\":186},{\"@type\":\"BreadcrumbList\",\"@id\":\"https:\\\/\\\/shop.bantam.ch\\\/fr\\\/produit\\\/store-mural-4200-boitier-anthracite-toile-mystic-grey\\\/#breadcrumb\",\"itemListElement\":[{\"@type\":\"ListItem\",\"position\":1,\"name\":\"Accueil\",\"item\":\"https:\\\/\\\/shop.bantam.ch\\\/fr\\\/\"},{\"@type\":\"ListItem\",\"position\":2,\"name\":\"Boutique\",\"item\":\"https:\\\/\\\/shop.bantam.ch\\\/fr\\\/boutique\\\/\"},{\"@type\":\"ListItem\",\"position\":3,\"name\":\"Store mural 4200 &#8211; bo\u00eetier anthracite, toile mystic grey\"}]},{\"@type\":\"WebSite\",\"@id\":\"https:\\\/\\\/shop.bantam.ch\\\/fr\\\/#website\",\"url\":\"https:\\\/\\\/shop.bantam.ch\\\/fr\\\/\",\"name\":\"Bantam\",\"description\":\"\",\"publisher\":{\"@id\":\"https:\\\/\\\/shop.bantam.ch\\\/fr\\\/#organization\"},\"inLanguage\":\"fr-FR\"},{\"@type\":\"Organization\",\"@id\":\"https:\\\/\\\/shop.bantam.ch\\\/fr\\\/#organization\",\"name\":\"Bantam\",\"url\":\"https:\\\/\\\/shop.bantam.ch\\\/fr\\\/\",\"logo\":{\"@type\":\"ImageObject\",\"inLanguage\":\"fr-FR\",\"@id\":\"https:\\\/\\\/shop.bantam.ch\\\/fr\\\/#\\\/schema\\\/logo\\\/image\\\/\",\"url\":\"https:\\\/\\\/shop.bantam.ch\\\/wp-content\\\/uploads\\\/2022\\\/12\\\/bantam-logo.png\",\"contentUrl\":\"https:\\\/\\\/shop.bantam.ch\\\/wp-content\\\/uploads\\\/2022\\\/12\\\/bantam-logo.png\",\"width\":320,\"height\":71,\"caption\":\"Bantam\"},\"image\":{\"@id\":\"https:\\\/\\\/shop.bantam.ch\\\/fr\\\/#\\\/schema\\\/logo\\\/image\\\/\"}}]}<\/script>\n<!-- \/ Yoast SEO plugin. -->","yoast_head_json":{"title":"Store mural 4200 - bo\u00eetier anthracite, toile mystic grey - Bantam","robots":{"index":"index","follow":"follow","max-snippet":"max-snippet:-1","max-image-preview":"max-image-preview:large","max-video-preview":"max-video-preview:-1"},"canonical":"https:\/\/shop.bantam.ch\/fr\/produit\/store-mural-4200-boitier-anthracite-toile-mystic-grey\/","og_locale":"fr_FR","og_type":"article","og_title":"Store mural 4200 - bo\u00eetier anthracite, toile mystic grey - Bantam","og_description":"Store mural pour fourgons compacts. Design \u00e9l\u00e9gant pour une int\u00e9gration parfaite dans le fourgon compact gr\u00e2ce \u00e0 de nouveaux embouts sp\u00e9cifiques au v\u00e9hicule. Fixation parfaite des pieds de support. Rangement am\u00e9lior\u00e9 des stabilisateurs dans le panneau avant. Bras de serrage avec syst\u00e8me anti-cliquetis. Adaptateur plat livr\u00e9 en s\u00e9rie Les adaptateur sp\u00e9ciaux pour montage mural doivent [&hellip;]","og_url":"https:\/\/shop.bantam.ch\/fr\/produit\/store-mural-4200-boitier-anthracite-toile-mystic-grey\/","og_site_name":"Bantam","article_modified_time":"2026-05-01T21:18:36+00:00","og_image":[{"width":1000,"height":186,"url":"https:\/\/shop.bantam.ch\/wp-content\/uploads\/2023\/02\/995811311.jpg","type":"image\/jpeg"}],"twitter_card":"summary_large_image","twitter_misc":{"Dur\u00e9e de lecture estim\u00e9e":"1 minute"},"schema":{"@context":"https:\/\/schema.org","@graph":[{"@type":"WebPage","@id":"https:\/\/shop.bantam.ch\/fr\/produit\/store-mural-4200-boitier-anthracite-toile-mystic-grey\/","url":"https:\/\/shop.bantam.ch\/fr\/produit\/store-mural-4200-boitier-anthracite-toile-mystic-grey\/","name":"Store mural 4200 - bo\u00eetier anthracite, toile mystic grey - Bantam","isPartOf":{"@id":"https:\/\/shop.bantam.ch\/fr\/#website"},"primaryImageOfPage":{"@id":"https:\/\/shop.bantam.ch\/fr\/produit\/store-mural-4200-boitier-anthracite-toile-mystic-grey\/#primaryimage"},"image":{"@id":"https:\/\/shop.bantam.ch\/fr\/produit\/store-mural-4200-boitier-anthracite-toile-mystic-grey\/#primaryimage"},"thumbnailUrl":"https:\/\/shop.bantam.ch\/wp-content\/uploads\/2023\/02\/995811311.jpg","datePublished":"2023-02-28T21:02:33+00:00","dateModified":"2026-05-01T21:18:36+00:00","breadcrumb":{"@id":"https:\/\/shop.bantam.ch\/fr\/produit\/store-mural-4200-boitier-anthracite-toile-mystic-grey\/#breadcrumb"},"inLanguage":"fr-FR","potentialAction":[{"@type":"ReadAction","target":["https:\/\/shop.bantam.ch\/fr\/produit\/store-mural-4200-boitier-anthracite-toile-mystic-grey\/"]}]},{"@type":"ImageObject","inLanguage":"fr-FR","@id":"https:\/\/shop.bantam.ch\/fr\/produit\/store-mural-4200-boitier-anthracite-toile-mystic-grey\/#primaryimage","url":"https:\/\/shop.bantam.ch\/wp-content\/uploads\/2023\/02\/995811311.jpg","contentUrl":"https:\/\/shop.bantam.ch\/wp-content\/uploads\/2023\/02\/995811311.jpg","width":1000,"height":186},{"@type":"BreadcrumbList","@id":"https:\/\/shop.bantam.ch\/fr\/produit\/store-mural-4200-boitier-anthracite-toile-mystic-grey\/#breadcrumb","itemListElement":[{"@type":"ListItem","position":1,"name":"Accueil","item":"https:\/\/shop.bantam.ch\/fr\/"},{"@type":"ListItem","position":2,"name":"Boutique","item":"https:\/\/shop.bantam.ch\/fr\/boutique\/"},{"@type":"ListItem","position":3,"name":"Store mural 4200 &#8211; bo\u00eetier anthracite, toile mystic grey"}]},{"@type":"WebSite","@id":"https:\/\/shop.bantam.ch\/fr\/#website","url":"https:\/\/shop.bantam.ch\/fr\/","name":"Bantam","description":"","publisher":{"@id":"https:\/\/shop.bantam.ch\/fr\/#organization"},"inLanguage":"fr-FR"},{"@type":"Organization","@id":"https:\/\/shop.bantam.ch\/fr\/#organization","name":"Bantam","url":"https:\/\/shop.bantam.ch\/fr\/","logo":{"@type":"ImageObject","inLanguage":"fr-FR","@id":"https:\/\/shop.bantam.ch\/fr\/#\/schema\/logo\/image\/","url":"https:\/\/shop.bantam.ch\/wp-content\/uploads\/2022\/12\/bantam-logo.png","contentUrl":"https:\/\/shop.bantam.ch\/wp-content\/uploads\/2022\/12\/bantam-logo.png","width":320,"height":71,"caption":"Bantam"},"image":{"@id":"https:\/\/shop.bantam.ch\/fr\/#\/schema\/logo\/image\/"}}]}},"_links":{"self":[{"href":"https:\/\/shop.bantam.ch\/fr\/wp-json\/wp\/v2\/product\/115380","targetHints":{"allow":["GET"]}}],"collection":[{"href":"https:\/\/shop.bantam.ch\/fr\/wp-json\/wp\/v2\/product"}],"about":[{"href":"https:\/\/shop.bantam.ch\/fr\/wp-json\/wp\/v2\/types\/product"}],"wp:featuredmedia":[{"embeddable":true,"href":"https:\/\/shop.bantam.ch\/fr\/wp-json\/wp\/v2\/media\/115372"}],"wp:attachment":[{"href":"https:\/\/shop.bantam.ch\/fr\/wp-json\/wp\/v2\/media?parent=115380"}],"wp:term":[{"taxonomy":"product_featured_cat","embeddable":true,"href":"https:\/\/shop.bantam.ch\/fr\/wp-json\/wp\/v2\/product_featured_cat?post=115380"},{"taxonomy":"product_brand","embeddable":true,"href":"https:\/\/shop.bantam.ch\/fr\/wp-json\/wp\/v2\/product_brand?post=115380"},{"taxonomy":"product_cat","embeddable":true,"href":"https:\/\/shop.bantam.ch\/fr\/wp-json\/wp\/v2\/product_cat?post=115380"},{"taxonomy":"product_tag","embeddable":true,"href":"https:\/\/shop.bantam.ch\/fr\/wp-json\/wp\/v2\/product_tag?post=115380"}],"curies":[{"name":"wp","href":"https:\/\/api.w.org\/{rel}","templated":true}]}}