{"id":115312,"date":"2023-02-28T22:01:44","date_gmt":"2023-02-28T21:01:44","guid":{"rendered":"https:\/\/shop.bantam.ch\/produit\/aspirateur-a-main-aspair-ng\/"},"modified":"2026-04-18T21:45:21","modified_gmt":"2026-04-18T19:45:21","slug":"aspirateur-a-main-aspair-ng","status":"publish","type":"product","link":"https:\/\/shop.bantam.ch\/fr\/produit\/aspirateur-a-main-aspair-ng\/","title":{"rendered":"Aspirateur \u00e0 main BRUNNER Aspair NG"},"content":{"rendered":"<p>Maniable et compact. Peut \u00e9galement \u00eatre utilis\u00e9 comme aspirateur de sol gr\u00e2ce aux tubes de rallonge fournis.<\/p>\n<p>&#8211; Rechargeable : batterie Li-Ion (fonctionnement sans fil) avec indicateur de charge<br \/>&#8211; Puissance d\u2019aspiration de 5,5 kPa avec un puissant moteur \u00e0 turbine<br \/>&#8211; Aspirateur \u00e0 poussi\u00e8res et \u00e0 liquides <br \/>&#8211; Facile \u00e0 manipuler gr\u00e2ce \u00e0 son faible poids de seulement 1,0 kg<br \/>&#8211; Recharge \u00e0 l\u2019aide d\u2019un chargeur 230V ou d\u2019un c\u00e2ble de recharge 12V (180 cm)<br \/>&#8211; Filtre HEPA lavable<br \/>&#8211; Nettoyage polyvalent : livr\u00e9 avec 4 embouts diff\u00e9rents<br \/>&#8211; Fonctionnement silencieux<br \/>&#8211; Contenance du r\u00e9servoir de 500 ml de poussi\u00e8re ou de 120 ml de liquide<br \/>&#8211; Station de recharge (autonome ou fixation murale)<\/p>\n<p>Contenu de la livraison :<br \/>Suceur plat<br \/>Brosse-balai<br \/>Brosse ronde<br \/>Suceur humide<br \/>Tuyaux de rallonge<br \/>Sac de rangement<\/p>\n","protected":false},"excerpt":{"rendered":"<p>Maniable et compact. Peut \u00e9galement \u00eatre utilis\u00e9 comme aspirateur de sol gr\u00e2ce aux tubes de rallonge fournis. &#8211; Rechargeable : batterie Li-Ion (fonctionnement sans fil) avec indicateur de charge&#8211; Puissance d\u2019aspiration de 5,5 kPa avec un puissant moteur \u00e0 turbine&#8211; Aspirateur \u00e0 poussi\u00e8res et \u00e0 liquides &#8211; Facile \u00e0 manipuler gr\u00e2ce \u00e0 son faible poids [&hellip;]<\/p>\n","protected":false},"featured_media":115292,"template":"","meta":{"_acf_changed":false},"product_featured_cat":[],"product_brand":[3080],"product_cat":[5147],"product_tag":[],"class_list":{"0":"post-115312","1":"product","2":"type-product","3":"status-publish","4":"has-post-thumbnail","6":"product_brand-brunner","7":"product_cat-autres-appareils-electromenagers","9":"first","10":"instock","11":"taxable","12":"shipping-taxable","13":"purchasable","14":"product-type-simple"},"acf":[],"yoast_head":"<!-- This site is optimized with the Yoast SEO plugin v27.4 - https:\/\/yoast.com\/product\/yoast-seo-wordpress\/ -->\n<title>Aspirateur \u00e0 main BRUNNER Aspair NG - Bantam Wankm\u00fcller SA<\/title>\n<meta name=\"robots\" content=\"index, follow, max-snippet:-1, max-image-preview:large, max-video-preview:-1\" \/>\n<link rel=\"canonical\" href=\"https:\/\/shop.bantam.ch\/fr\/produit\/aspirateur-a-main-aspair-ng\/\" \/>\n<meta property=\"og:locale\" content=\"fr_FR\" \/>\n<meta property=\"og:type\" content=\"article\" \/>\n<meta property=\"og:title\" content=\"Aspirateur \u00e0 main BRUNNER Aspair NG - Bantam Wankm\u00fcller SA\" \/>\n<meta property=\"og:description\" content=\"Maniable et compact. Peut \u00e9galement \u00eatre utilis\u00e9 comme aspirateur de sol gr\u00e2ce aux tubes de rallonge fournis. &#8211; Rechargeable : batterie Li-Ion (fonctionnement sans fil) avec indicateur de charge&#8211; Puissance d\u2019aspiration de 5,5 kPa avec un puissant moteur \u00e0 turbine&#8211; Aspirateur \u00e0 poussi\u00e8res et \u00e0 liquides &#8211; Facile \u00e0 manipuler gr\u00e2ce \u00e0 son faible poids [&hellip;]\" \/>\n<meta property=\"og:url\" content=\"https:\/\/shop.bantam.ch\/fr\/produit\/aspirateur-a-main-aspair-ng\/\" \/>\n<meta property=\"og:site_name\" content=\"Bantam Wankm\u00fcller SA\" \/>\n<meta property=\"article:modified_time\" content=\"2026-04-18T19:45:21+00:00\" \/>\n<meta property=\"og:image\" content=\"https:\/\/shop.bantam.ch\/wp-content\/uploads\/2023\/02\/994434612.jpg\" \/>\n\t<meta property=\"og:image:width\" content=\"1000\" \/>\n\t<meta property=\"og:image:height\" content=\"449\" \/>\n\t<meta property=\"og:image:type\" content=\"image\/jpeg\" \/>\n<meta name=\"twitter:card\" content=\"summary_large_image\" \/>\n<meta name=\"twitter:label1\" content=\"Dur\u00e9e de lecture estim\u00e9e\" \/>\n\t<meta name=\"twitter:data1\" content=\"1 minute\" \/>\n<script type=\"application\/ld+json\" class=\"yoast-schema-graph\">{\"@context\":\"https:\\\/\\\/schema.org\",\"@graph\":[{\"@type\":\"WebPage\",\"@id\":\"https:\\\/\\\/shop.bantam.ch\\\/fr\\\/produit\\\/aspirateur-a-main-aspair-ng\\\/\",\"url\":\"https:\\\/\\\/shop.bantam.ch\\\/fr\\\/produit\\\/aspirateur-a-main-aspair-ng\\\/\",\"name\":\"Aspirateur \u00e0 main BRUNNER Aspair NG - Bantam Wankm\u00fcller SA\",\"isPartOf\":{\"@id\":\"https:\\\/\\\/shop.bantam.ch\\\/fr\\\/#website\"},\"primaryImageOfPage\":{\"@id\":\"https:\\\/\\\/shop.bantam.ch\\\/fr\\\/produit\\\/aspirateur-a-main-aspair-ng\\\/#primaryimage\"},\"image\":{\"@id\":\"https:\\\/\\\/shop.bantam.ch\\\/fr\\\/produit\\\/aspirateur-a-main-aspair-ng\\\/#primaryimage\"},\"thumbnailUrl\":\"https:\\\/\\\/shop.bantam.ch\\\/wp-content\\\/uploads\\\/2023\\\/02\\\/994434612.jpg\",\"datePublished\":\"2023-02-28T21:01:44+00:00\",\"dateModified\":\"2026-04-18T19:45:21+00:00\",\"breadcrumb\":{\"@id\":\"https:\\\/\\\/shop.bantam.ch\\\/fr\\\/produit\\\/aspirateur-a-main-aspair-ng\\\/#breadcrumb\"},\"inLanguage\":\"fr-FR\",\"potentialAction\":[{\"@type\":\"ReadAction\",\"target\":[\"https:\\\/\\\/shop.bantam.ch\\\/fr\\\/produit\\\/aspirateur-a-main-aspair-ng\\\/\"]}]},{\"@type\":\"ImageObject\",\"inLanguage\":\"fr-FR\",\"@id\":\"https:\\\/\\\/shop.bantam.ch\\\/fr\\\/produit\\\/aspirateur-a-main-aspair-ng\\\/#primaryimage\",\"url\":\"https:\\\/\\\/shop.bantam.ch\\\/wp-content\\\/uploads\\\/2023\\\/02\\\/994434612.jpg\",\"contentUrl\":\"https:\\\/\\\/shop.bantam.ch\\\/wp-content\\\/uploads\\\/2023\\\/02\\\/994434612.jpg\",\"width\":1000,\"height\":449},{\"@type\":\"BreadcrumbList\",\"@id\":\"https:\\\/\\\/shop.bantam.ch\\\/fr\\\/produit\\\/aspirateur-a-main-aspair-ng\\\/#breadcrumb\",\"itemListElement\":[{\"@type\":\"ListItem\",\"position\":1,\"name\":\"Accueil\",\"item\":\"https:\\\/\\\/shop.bantam.ch\\\/fr\\\/\"},{\"@type\":\"ListItem\",\"position\":2,\"name\":\"Boutique\",\"item\":\"https:\\\/\\\/shop.bantam.ch\\\/fr\\\/boutique\\\/\"},{\"@type\":\"ListItem\",\"position\":3,\"name\":\"Aspirateur \u00e0 main BRUNNER Aspair NG\"}]},{\"@type\":\"WebSite\",\"@id\":\"https:\\\/\\\/shop.bantam.ch\\\/fr\\\/#website\",\"url\":\"https:\\\/\\\/shop.bantam.ch\\\/fr\\\/\",\"name\":\"Bantam Wankm\u00fcller SA\",\"description\":\"\",\"publisher\":{\"@id\":\"https:\\\/\\\/shop.bantam.ch\\\/fr\\\/#organization\"},\"inLanguage\":\"fr-FR\"},{\"@type\":\"Organization\",\"@id\":\"https:\\\/\\\/shop.bantam.ch\\\/fr\\\/#organization\",\"name\":\"Bantam Wankm\u00fcller SA\",\"url\":\"https:\\\/\\\/shop.bantam.ch\\\/fr\\\/\",\"logo\":{\"@type\":\"ImageObject\",\"inLanguage\":\"fr-FR\",\"@id\":\"https:\\\/\\\/shop.bantam.ch\\\/fr\\\/#\\\/schema\\\/logo\\\/image\\\/\",\"url\":\"https:\\\/\\\/shop.bantam.ch\\\/wp-content\\\/uploads\\\/2022\\\/12\\\/bantam-logo.png\",\"contentUrl\":\"https:\\\/\\\/shop.bantam.ch\\\/wp-content\\\/uploads\\\/2022\\\/12\\\/bantam-logo.png\",\"width\":320,\"height\":71,\"caption\":\"Bantam Wankm\u00fcller SA\"},\"image\":{\"@id\":\"https:\\\/\\\/shop.bantam.ch\\\/fr\\\/#\\\/schema\\\/logo\\\/image\\\/\"}}]}<\/script>\n<!-- \/ Yoast SEO plugin. -->","yoast_head_json":{"title":"Aspirateur \u00e0 main BRUNNER Aspair NG - Bantam Wankm\u00fcller SA","robots":{"index":"index","follow":"follow","max-snippet":"max-snippet:-1","max-image-preview":"max-image-preview:large","max-video-preview":"max-video-preview:-1"},"canonical":"https:\/\/shop.bantam.ch\/fr\/produit\/aspirateur-a-main-aspair-ng\/","og_locale":"fr_FR","og_type":"article","og_title":"Aspirateur \u00e0 main BRUNNER Aspair NG - Bantam Wankm\u00fcller SA","og_description":"Maniable et compact. Peut \u00e9galement \u00eatre utilis\u00e9 comme aspirateur de sol gr\u00e2ce aux tubes de rallonge fournis. &#8211; Rechargeable : batterie Li-Ion (fonctionnement sans fil) avec indicateur de charge&#8211; Puissance d\u2019aspiration de 5,5 kPa avec un puissant moteur \u00e0 turbine&#8211; Aspirateur \u00e0 poussi\u00e8res et \u00e0 liquides &#8211; Facile \u00e0 manipuler gr\u00e2ce \u00e0 son faible poids [&hellip;]","og_url":"https:\/\/shop.bantam.ch\/fr\/produit\/aspirateur-a-main-aspair-ng\/","og_site_name":"Bantam Wankm\u00fcller SA","article_modified_time":"2026-04-18T19:45:21+00:00","og_image":[{"width":1000,"height":449,"url":"https:\/\/shop.bantam.ch\/wp-content\/uploads\/2023\/02\/994434612.jpg","type":"image\/jpeg"}],"twitter_card":"summary_large_image","twitter_misc":{"Dur\u00e9e de lecture estim\u00e9e":"1 minute"},"schema":{"@context":"https:\/\/schema.org","@graph":[{"@type":"WebPage","@id":"https:\/\/shop.bantam.ch\/fr\/produit\/aspirateur-a-main-aspair-ng\/","url":"https:\/\/shop.bantam.ch\/fr\/produit\/aspirateur-a-main-aspair-ng\/","name":"Aspirateur \u00e0 main BRUNNER Aspair NG - Bantam Wankm\u00fcller SA","isPartOf":{"@id":"https:\/\/shop.bantam.ch\/fr\/#website"},"primaryImageOfPage":{"@id":"https:\/\/shop.bantam.ch\/fr\/produit\/aspirateur-a-main-aspair-ng\/#primaryimage"},"image":{"@id":"https:\/\/shop.bantam.ch\/fr\/produit\/aspirateur-a-main-aspair-ng\/#primaryimage"},"thumbnailUrl":"https:\/\/shop.bantam.ch\/wp-content\/uploads\/2023\/02\/994434612.jpg","datePublished":"2023-02-28T21:01:44+00:00","dateModified":"2026-04-18T19:45:21+00:00","breadcrumb":{"@id":"https:\/\/shop.bantam.ch\/fr\/produit\/aspirateur-a-main-aspair-ng\/#breadcrumb"},"inLanguage":"fr-FR","potentialAction":[{"@type":"ReadAction","target":["https:\/\/shop.bantam.ch\/fr\/produit\/aspirateur-a-main-aspair-ng\/"]}]},{"@type":"ImageObject","inLanguage":"fr-FR","@id":"https:\/\/shop.bantam.ch\/fr\/produit\/aspirateur-a-main-aspair-ng\/#primaryimage","url":"https:\/\/shop.bantam.ch\/wp-content\/uploads\/2023\/02\/994434612.jpg","contentUrl":"https:\/\/shop.bantam.ch\/wp-content\/uploads\/2023\/02\/994434612.jpg","width":1000,"height":449},{"@type":"BreadcrumbList","@id":"https:\/\/shop.bantam.ch\/fr\/produit\/aspirateur-a-main-aspair-ng\/#breadcrumb","itemListElement":[{"@type":"ListItem","position":1,"name":"Accueil","item":"https:\/\/shop.bantam.ch\/fr\/"},{"@type":"ListItem","position":2,"name":"Boutique","item":"https:\/\/shop.bantam.ch\/fr\/boutique\/"},{"@type":"ListItem","position":3,"name":"Aspirateur \u00e0 main BRUNNER Aspair NG"}]},{"@type":"WebSite","@id":"https:\/\/shop.bantam.ch\/fr\/#website","url":"https:\/\/shop.bantam.ch\/fr\/","name":"Bantam Wankm\u00fcller SA","description":"","publisher":{"@id":"https:\/\/shop.bantam.ch\/fr\/#organization"},"inLanguage":"fr-FR"},{"@type":"Organization","@id":"https:\/\/shop.bantam.ch\/fr\/#organization","name":"Bantam Wankm\u00fcller SA","url":"https:\/\/shop.bantam.ch\/fr\/","logo":{"@type":"ImageObject","inLanguage":"fr-FR","@id":"https:\/\/shop.bantam.ch\/fr\/#\/schema\/logo\/image\/","url":"https:\/\/shop.bantam.ch\/wp-content\/uploads\/2022\/12\/bantam-logo.png","contentUrl":"https:\/\/shop.bantam.ch\/wp-content\/uploads\/2022\/12\/bantam-logo.png","width":320,"height":71,"caption":"Bantam Wankm\u00fcller SA"},"image":{"@id":"https:\/\/shop.bantam.ch\/fr\/#\/schema\/logo\/image\/"}}]}},"_links":{"self":[{"href":"https:\/\/shop.bantam.ch\/fr\/wp-json\/wp\/v2\/product\/115312","targetHints":{"allow":["GET"]}}],"collection":[{"href":"https:\/\/shop.bantam.ch\/fr\/wp-json\/wp\/v2\/product"}],"about":[{"href":"https:\/\/shop.bantam.ch\/fr\/wp-json\/wp\/v2\/types\/product"}],"wp:featuredmedia":[{"embeddable":true,"href":"https:\/\/shop.bantam.ch\/fr\/wp-json\/wp\/v2\/media\/115292"}],"wp:attachment":[{"href":"https:\/\/shop.bantam.ch\/fr\/wp-json\/wp\/v2\/media?parent=115312"}],"wp:term":[{"taxonomy":"product_featured_cat","embeddable":true,"href":"https:\/\/shop.bantam.ch\/fr\/wp-json\/wp\/v2\/product_featured_cat?post=115312"},{"taxonomy":"product_brand","embeddable":true,"href":"https:\/\/shop.bantam.ch\/fr\/wp-json\/wp\/v2\/product_brand?post=115312"},{"taxonomy":"product_cat","embeddable":true,"href":"https:\/\/shop.bantam.ch\/fr\/wp-json\/wp\/v2\/product_cat?post=115312"},{"taxonomy":"product_tag","embeddable":true,"href":"https:\/\/shop.bantam.ch\/fr\/wp-json\/wp\/v2\/product_tag?post=115312"}],"curies":[{"name":"wp","href":"https:\/\/api.w.org\/{rel}","templated":true}]}}