{"id":115060,"date":"2023-02-28T21:57:36","date_gmt":"2023-02-28T20:57:36","guid":{"rendered":"https:\/\/shop.bantam.ch\/produit\/set-de-2-verres-a-eau-riserva-580-ml\/"},"modified":"2026-05-08T21:44:27","modified_gmt":"2026-05-08T19:44:27","slug":"set-de-2-verres-a-eau-riserva-580-ml","status":"publish","type":"product","link":"https:\/\/shop.bantam.ch\/fr\/produit\/set-de-2-verres-a-eau-riserva-580-ml\/","title":{"rendered":"Set de verres \u00e0 vin rouge Tritan BRUNNER Riserva, 580 ml"},"content":{"rendered":"<p>Le plastique Tritan est une alternative \u00e9quivalente aux polycarbonate, tr\u00e8s r\u00e9pandu. Le Tritan a \u00e9t\u00e9 d\u00e9velopp\u00e9 comme variante sans BPA du polycarbonate, r\u00e9put\u00e9 contenir de petites quantit\u00e9s de BPA. Parfaitement adapt\u00e9 pour la fabrication de verres \u00e0 boire incassables en plastique, tout en leur donnant un aspect authentique de verre, de tasse, de verre \u00e0 vin ou d\u2019\u00e9l\u00e9gant verre \u00e0 pied.<\/p>\n<p>Caract\u00e9ristiques sp\u00e9ciales du Tritan<br \/>&#8211; Les produits en Tritan sont clairs, durables et s\u00fbrs<br \/>&#8211; Le Tritan ne contient pas de BPA, de BPS, ni d\u2019autre bisph\u00e9nols<br \/>&#8211; Le Tritan est nettement plus r\u00e9sistant au bris que d\u2019autres plastiques et le verre<br \/>&#8211; Le Tritan ne se bosselle pas<br \/>&#8211; Le plastique Tritan se caract\u00e9rise par une apparence et une haptique similaires au verre<br \/>&#8211; Le Tritan ne ternit et ne se trouble pas apr\u00e8s le lavage<br \/>&#8211; Le Tritan est formable \u00e0 souhait (lors de la production)<br \/>&#8211; Le Tritan est plus l\u00e9ger que le verre<br \/>&#8211; Le Tritan est s\u00fbr pour les enfants<br \/>&#8211; Le Tritan peut r\u00e9sister \u00e0 des temp\u00e9ratures de jusqu\u2018\u00e0 100\u00b0C<\/p>\n<p>Contenu de la livraison :<br \/>2 verres \u00e0 vin rouge (de 580\u00a0ml chacun)<\/p>\n","protected":false},"excerpt":{"rendered":"<p>Le plastique Tritan est une alternative \u00e9quivalente aux polycarbonate, tr\u00e8s r\u00e9pandu. Le Tritan a \u00e9t\u00e9 d\u00e9velopp\u00e9 comme variante sans BPA du polycarbonate, r\u00e9put\u00e9 contenir de petites quantit\u00e9s de BPA. Parfaitement adapt\u00e9 pour la fabrication de verres \u00e0 boire incassables en plastique, tout en leur donnant un aspect authentique de verre, de tasse, de verre \u00e0 [&hellip;]<\/p>\n","protected":false},"featured_media":115058,"template":"","meta":{"_acf_changed":false},"product_featured_cat":[],"product_brand":[3080],"product_cat":[4269],"product_tag":[],"class_list":{"0":"post-115060","1":"product","2":"type-product","3":"status-publish","4":"has-post-thumbnail","6":"product_brand-brunner","7":"product_cat-gobelets-tasses-et-verres","9":"first","10":"instock","11":"taxable","12":"shipping-taxable","13":"purchasable","14":"product-type-simple"},"acf":[],"yoast_head":"<!-- This site is optimized with the Yoast SEO plugin v27.5 - https:\/\/yoast.com\/product\/yoast-seo-wordpress\/ -->\n<title>Set de verres \u00e0 vin rouge Tritan BRUNNER Riserva, 580 ml - Bantam<\/title>\n<meta name=\"robots\" content=\"index, follow, max-snippet:-1, max-image-preview:large, max-video-preview:-1\" \/>\n<link rel=\"canonical\" href=\"https:\/\/shop.bantam.ch\/fr\/produit\/set-de-2-verres-a-eau-riserva-580-ml\/\" \/>\n<meta property=\"og:locale\" content=\"fr_FR\" \/>\n<meta property=\"og:type\" content=\"article\" \/>\n<meta property=\"og:title\" content=\"Set de verres \u00e0 vin rouge Tritan BRUNNER Riserva, 580 ml - Bantam\" \/>\n<meta property=\"og:description\" content=\"Le plastique Tritan est une alternative \u00e9quivalente aux polycarbonate, tr\u00e8s r\u00e9pandu. Le Tritan a \u00e9t\u00e9 d\u00e9velopp\u00e9 comme variante sans BPA du polycarbonate, r\u00e9put\u00e9 contenir de petites quantit\u00e9s de BPA. Parfaitement adapt\u00e9 pour la fabrication de verres \u00e0 boire incassables en plastique, tout en leur donnant un aspect authentique de verre, de tasse, de verre \u00e0 [&hellip;]\" \/>\n<meta property=\"og:url\" content=\"https:\/\/shop.bantam.ch\/fr\/produit\/set-de-2-verres-a-eau-riserva-580-ml\/\" \/>\n<meta property=\"og:site_name\" content=\"Bantam\" \/>\n<meta property=\"article:modified_time\" content=\"2026-05-08T19:44:27+00:00\" \/>\n<meta property=\"og:image\" content=\"https:\/\/shop.bantam.ch\/wp-content\/uploads\/2023\/02\/994432511.jpg\" \/>\n\t<meta property=\"og:image:width\" content=\"870\" \/>\n\t<meta property=\"og:image:height\" content=\"1000\" \/>\n\t<meta property=\"og:image:type\" content=\"image\/jpeg\" \/>\n<meta name=\"twitter:card\" content=\"summary_large_image\" \/>\n<meta name=\"twitter:label1\" content=\"Dur\u00e9e de lecture estim\u00e9e\" \/>\n\t<meta name=\"twitter:data1\" content=\"1 minute\" \/>\n<script type=\"application\/ld+json\" class=\"yoast-schema-graph\">{\"@context\":\"https:\\\/\\\/schema.org\",\"@graph\":[{\"@type\":\"WebPage\",\"@id\":\"https:\\\/\\\/shop.bantam.ch\\\/fr\\\/produit\\\/set-de-2-verres-a-eau-riserva-580-ml\\\/\",\"url\":\"https:\\\/\\\/shop.bantam.ch\\\/fr\\\/produit\\\/set-de-2-verres-a-eau-riserva-580-ml\\\/\",\"name\":\"Set de verres \u00e0 vin rouge Tritan BRUNNER Riserva, 580 ml - Bantam\",\"isPartOf\":{\"@id\":\"https:\\\/\\\/shop.bantam.ch\\\/fr\\\/#website\"},\"primaryImageOfPage\":{\"@id\":\"https:\\\/\\\/shop.bantam.ch\\\/fr\\\/produit\\\/set-de-2-verres-a-eau-riserva-580-ml\\\/#primaryimage\"},\"image\":{\"@id\":\"https:\\\/\\\/shop.bantam.ch\\\/fr\\\/produit\\\/set-de-2-verres-a-eau-riserva-580-ml\\\/#primaryimage\"},\"thumbnailUrl\":\"https:\\\/\\\/shop.bantam.ch\\\/wp-content\\\/uploads\\\/2023\\\/02\\\/994432511.jpg\",\"datePublished\":\"2023-02-28T20:57:36+00:00\",\"dateModified\":\"2026-05-08T19:44:27+00:00\",\"breadcrumb\":{\"@id\":\"https:\\\/\\\/shop.bantam.ch\\\/fr\\\/produit\\\/set-de-2-verres-a-eau-riserva-580-ml\\\/#breadcrumb\"},\"inLanguage\":\"fr-FR\",\"potentialAction\":[{\"@type\":\"ReadAction\",\"target\":[\"https:\\\/\\\/shop.bantam.ch\\\/fr\\\/produit\\\/set-de-2-verres-a-eau-riserva-580-ml\\\/\"]}]},{\"@type\":\"ImageObject\",\"inLanguage\":\"fr-FR\",\"@id\":\"https:\\\/\\\/shop.bantam.ch\\\/fr\\\/produit\\\/set-de-2-verres-a-eau-riserva-580-ml\\\/#primaryimage\",\"url\":\"https:\\\/\\\/shop.bantam.ch\\\/wp-content\\\/uploads\\\/2023\\\/02\\\/994432511.jpg\",\"contentUrl\":\"https:\\\/\\\/shop.bantam.ch\\\/wp-content\\\/uploads\\\/2023\\\/02\\\/994432511.jpg\",\"width\":870,\"height\":1000},{\"@type\":\"BreadcrumbList\",\"@id\":\"https:\\\/\\\/shop.bantam.ch\\\/fr\\\/produit\\\/set-de-2-verres-a-eau-riserva-580-ml\\\/#breadcrumb\",\"itemListElement\":[{\"@type\":\"ListItem\",\"position\":1,\"name\":\"Accueil\",\"item\":\"https:\\\/\\\/shop.bantam.ch\\\/fr\\\/\"},{\"@type\":\"ListItem\",\"position\":2,\"name\":\"Boutique\",\"item\":\"https:\\\/\\\/shop.bantam.ch\\\/fr\\\/boutique\\\/\"},{\"@type\":\"ListItem\",\"position\":3,\"name\":\"Set de verres \u00e0 vin rouge Tritan BRUNNER Riserva, 580 ml\"}]},{\"@type\":\"WebSite\",\"@id\":\"https:\\\/\\\/shop.bantam.ch\\\/fr\\\/#website\",\"url\":\"https:\\\/\\\/shop.bantam.ch\\\/fr\\\/\",\"name\":\"Bantam\",\"description\":\"\",\"publisher\":{\"@id\":\"https:\\\/\\\/shop.bantam.ch\\\/fr\\\/#organization\"},\"inLanguage\":\"fr-FR\"},{\"@type\":\"Organization\",\"@id\":\"https:\\\/\\\/shop.bantam.ch\\\/fr\\\/#organization\",\"name\":\"Bantam\",\"url\":\"https:\\\/\\\/shop.bantam.ch\\\/fr\\\/\",\"logo\":{\"@type\":\"ImageObject\",\"inLanguage\":\"fr-FR\",\"@id\":\"https:\\\/\\\/shop.bantam.ch\\\/fr\\\/#\\\/schema\\\/logo\\\/image\\\/\",\"url\":\"https:\\\/\\\/shop.bantam.ch\\\/wp-content\\\/uploads\\\/2022\\\/12\\\/bantam-logo.png\",\"contentUrl\":\"https:\\\/\\\/shop.bantam.ch\\\/wp-content\\\/uploads\\\/2022\\\/12\\\/bantam-logo.png\",\"width\":320,\"height\":71,\"caption\":\"Bantam\"},\"image\":{\"@id\":\"https:\\\/\\\/shop.bantam.ch\\\/fr\\\/#\\\/schema\\\/logo\\\/image\\\/\"}}]}<\/script>\n<!-- \/ Yoast SEO plugin. -->","yoast_head_json":{"title":"Set de verres \u00e0 vin rouge Tritan BRUNNER Riserva, 580 ml - Bantam","robots":{"index":"index","follow":"follow","max-snippet":"max-snippet:-1","max-image-preview":"max-image-preview:large","max-video-preview":"max-video-preview:-1"},"canonical":"https:\/\/shop.bantam.ch\/fr\/produit\/set-de-2-verres-a-eau-riserva-580-ml\/","og_locale":"fr_FR","og_type":"article","og_title":"Set de verres \u00e0 vin rouge Tritan BRUNNER Riserva, 580 ml - Bantam","og_description":"Le plastique Tritan est une alternative \u00e9quivalente aux polycarbonate, tr\u00e8s r\u00e9pandu. Le Tritan a \u00e9t\u00e9 d\u00e9velopp\u00e9 comme variante sans BPA du polycarbonate, r\u00e9put\u00e9 contenir de petites quantit\u00e9s de BPA. Parfaitement adapt\u00e9 pour la fabrication de verres \u00e0 boire incassables en plastique, tout en leur donnant un aspect authentique de verre, de tasse, de verre \u00e0 [&hellip;]","og_url":"https:\/\/shop.bantam.ch\/fr\/produit\/set-de-2-verres-a-eau-riserva-580-ml\/","og_site_name":"Bantam","article_modified_time":"2026-05-08T19:44:27+00:00","og_image":[{"width":870,"height":1000,"url":"https:\/\/shop.bantam.ch\/wp-content\/uploads\/2023\/02\/994432511.jpg","type":"image\/jpeg"}],"twitter_card":"summary_large_image","twitter_misc":{"Dur\u00e9e de lecture estim\u00e9e":"1 minute"},"schema":{"@context":"https:\/\/schema.org","@graph":[{"@type":"WebPage","@id":"https:\/\/shop.bantam.ch\/fr\/produit\/set-de-2-verres-a-eau-riserva-580-ml\/","url":"https:\/\/shop.bantam.ch\/fr\/produit\/set-de-2-verres-a-eau-riserva-580-ml\/","name":"Set de verres \u00e0 vin rouge Tritan BRUNNER Riserva, 580 ml - Bantam","isPartOf":{"@id":"https:\/\/shop.bantam.ch\/fr\/#website"},"primaryImageOfPage":{"@id":"https:\/\/shop.bantam.ch\/fr\/produit\/set-de-2-verres-a-eau-riserva-580-ml\/#primaryimage"},"image":{"@id":"https:\/\/shop.bantam.ch\/fr\/produit\/set-de-2-verres-a-eau-riserva-580-ml\/#primaryimage"},"thumbnailUrl":"https:\/\/shop.bantam.ch\/wp-content\/uploads\/2023\/02\/994432511.jpg","datePublished":"2023-02-28T20:57:36+00:00","dateModified":"2026-05-08T19:44:27+00:00","breadcrumb":{"@id":"https:\/\/shop.bantam.ch\/fr\/produit\/set-de-2-verres-a-eau-riserva-580-ml\/#breadcrumb"},"inLanguage":"fr-FR","potentialAction":[{"@type":"ReadAction","target":["https:\/\/shop.bantam.ch\/fr\/produit\/set-de-2-verres-a-eau-riserva-580-ml\/"]}]},{"@type":"ImageObject","inLanguage":"fr-FR","@id":"https:\/\/shop.bantam.ch\/fr\/produit\/set-de-2-verres-a-eau-riserva-580-ml\/#primaryimage","url":"https:\/\/shop.bantam.ch\/wp-content\/uploads\/2023\/02\/994432511.jpg","contentUrl":"https:\/\/shop.bantam.ch\/wp-content\/uploads\/2023\/02\/994432511.jpg","width":870,"height":1000},{"@type":"BreadcrumbList","@id":"https:\/\/shop.bantam.ch\/fr\/produit\/set-de-2-verres-a-eau-riserva-580-ml\/#breadcrumb","itemListElement":[{"@type":"ListItem","position":1,"name":"Accueil","item":"https:\/\/shop.bantam.ch\/fr\/"},{"@type":"ListItem","position":2,"name":"Boutique","item":"https:\/\/shop.bantam.ch\/fr\/boutique\/"},{"@type":"ListItem","position":3,"name":"Set de verres \u00e0 vin rouge Tritan BRUNNER Riserva, 580 ml"}]},{"@type":"WebSite","@id":"https:\/\/shop.bantam.ch\/fr\/#website","url":"https:\/\/shop.bantam.ch\/fr\/","name":"Bantam","description":"","publisher":{"@id":"https:\/\/shop.bantam.ch\/fr\/#organization"},"inLanguage":"fr-FR"},{"@type":"Organization","@id":"https:\/\/shop.bantam.ch\/fr\/#organization","name":"Bantam","url":"https:\/\/shop.bantam.ch\/fr\/","logo":{"@type":"ImageObject","inLanguage":"fr-FR","@id":"https:\/\/shop.bantam.ch\/fr\/#\/schema\/logo\/image\/","url":"https:\/\/shop.bantam.ch\/wp-content\/uploads\/2022\/12\/bantam-logo.png","contentUrl":"https:\/\/shop.bantam.ch\/wp-content\/uploads\/2022\/12\/bantam-logo.png","width":320,"height":71,"caption":"Bantam"},"image":{"@id":"https:\/\/shop.bantam.ch\/fr\/#\/schema\/logo\/image\/"}}]}},"_links":{"self":[{"href":"https:\/\/shop.bantam.ch\/fr\/wp-json\/wp\/v2\/product\/115060","targetHints":{"allow":["GET"]}}],"collection":[{"href":"https:\/\/shop.bantam.ch\/fr\/wp-json\/wp\/v2\/product"}],"about":[{"href":"https:\/\/shop.bantam.ch\/fr\/wp-json\/wp\/v2\/types\/product"}],"wp:featuredmedia":[{"embeddable":true,"href":"https:\/\/shop.bantam.ch\/fr\/wp-json\/wp\/v2\/media\/115058"}],"wp:attachment":[{"href":"https:\/\/shop.bantam.ch\/fr\/wp-json\/wp\/v2\/media?parent=115060"}],"wp:term":[{"taxonomy":"product_featured_cat","embeddable":true,"href":"https:\/\/shop.bantam.ch\/fr\/wp-json\/wp\/v2\/product_featured_cat?post=115060"},{"taxonomy":"product_brand","embeddable":true,"href":"https:\/\/shop.bantam.ch\/fr\/wp-json\/wp\/v2\/product_brand?post=115060"},{"taxonomy":"product_cat","embeddable":true,"href":"https:\/\/shop.bantam.ch\/fr\/wp-json\/wp\/v2\/product_cat?post=115060"},{"taxonomy":"product_tag","embeddable":true,"href":"https:\/\/shop.bantam.ch\/fr\/wp-json\/wp\/v2\/product_tag?post=115060"}],"curies":[{"name":"wp","href":"https:\/\/api.w.org\/{rel}","templated":true}]}}