{"id":114655,"date":"2023-02-28T21:42:29","date_gmt":"2023-02-28T20:42:29","guid":{"rendered":"https:\/\/shop.bantam.ch\/produit\/guide-des-aires-de-camping-dans-les-parcs-naturels-et-nationaux\/"},"modified":"2026-04-20T21:45:19","modified_gmt":"2026-04-20T19:45:19","slug":"guide-des-aires-de-camping-dans-les-parcs-naturels-et-nationaux","status":"publish","type":"product","link":"https:\/\/shop.bantam.ch\/fr\/produit\/guide-des-aires-de-camping-dans-les-parcs-naturels-et-nationaux\/","title":{"rendered":"Stellplatzf\u00fchrer Hinein ins Gr\u00fcne mit dem Wohnmobil Parcs naturels et nationaux"},"content":{"rendered":"<p>Mettez-vous au vert avec le camping-car : Environ 150 lieux d\u2019h\u00e9bergement proches de la nature en Allemagne pour se promener, faire du v\u00e9lo, \u00eatre en plein air. Que ce soit dans la nature, en ville ou \u00e0 la campagne. Avec ces sites d\u2019h\u00e9bergement en Allemagne, vous pouvez planifier vos vacances en camping de mani\u00e8re autonome.<\/p>\n","protected":false},"excerpt":{"rendered":"<p>Mettez-vous au vert avec le camping-car : Environ 150 lieux d\u2019h\u00e9bergement proches de la nature en Allemagne pour se promener, faire du v\u00e9lo, \u00eatre en plein air. Que ce soit dans la nature, en ville ou \u00e0 la campagne. Avec ces sites d\u2019h\u00e9bergement en Allemagne, vous pouvez planifier vos vacances en camping de mani\u00e8re autonome.<\/p>\n","protected":false},"featured_media":114653,"template":"","meta":{"_acf_changed":false},"product_featured_cat":[],"product_brand":[3032],"product_cat":[4345],"product_tag":[],"class_list":{"0":"post-114655","1":"product","2":"type-product","3":"status-publish","4":"has-post-thumbnail","6":"product_brand-standard","7":"product_cat-guides-des-emplacements","9":"first","10":"instock","11":"taxable","12":"shipping-taxable","13":"purchasable","14":"product-type-simple"},"acf":[],"yoast_head":"<!-- This site is optimized with the Yoast SEO plugin v27.4 - https:\/\/yoast.com\/product\/yoast-seo-wordpress\/ -->\n<title>Stellplatzf\u00fchrer Hinein ins Gr\u00fcne mit dem Wohnmobil Parcs naturels et nationaux - Bantam Wankm\u00fcller SA<\/title>\n<meta name=\"robots\" content=\"index, follow, max-snippet:-1, max-image-preview:large, max-video-preview:-1\" \/>\n<link rel=\"canonical\" href=\"https:\/\/shop.bantam.ch\/fr\/produit\/guide-des-aires-de-camping-dans-les-parcs-naturels-et-nationaux\/\" \/>\n<meta property=\"og:locale\" content=\"fr_FR\" \/>\n<meta property=\"og:type\" content=\"article\" \/>\n<meta property=\"og:title\" content=\"Stellplatzf\u00fchrer Hinein ins Gr\u00fcne mit dem Wohnmobil Parcs naturels et nationaux - Bantam Wankm\u00fcller SA\" \/>\n<meta property=\"og:description\" content=\"Mettez-vous au vert avec le camping-car : Environ 150 lieux d\u2019h\u00e9bergement proches de la nature en Allemagne pour se promener, faire du v\u00e9lo, \u00eatre en plein air. Que ce soit dans la nature, en ville ou \u00e0 la campagne. Avec ces sites d\u2019h\u00e9bergement en Allemagne, vous pouvez planifier vos vacances en camping de mani\u00e8re autonome.\" \/>\n<meta property=\"og:url\" content=\"https:\/\/shop.bantam.ch\/fr\/produit\/guide-des-aires-de-camping-dans-les-parcs-naturels-et-nationaux\/\" \/>\n<meta property=\"og:site_name\" content=\"Bantam Wankm\u00fcller SA\" \/>\n<meta property=\"article:modified_time\" content=\"2026-04-20T19:45:19+00:00\" \/>\n<meta property=\"og:image\" content=\"https:\/\/shop.bantam.ch\/wp-content\/uploads\/2023\/02\/995808111.jpg\" \/>\n\t<meta property=\"og:image:width\" content=\"708\" \/>\n\t<meta property=\"og:image:height\" content=\"1000\" \/>\n\t<meta property=\"og:image:type\" content=\"image\/jpeg\" \/>\n<meta name=\"twitter:card\" content=\"summary_large_image\" \/>\n<script type=\"application\/ld+json\" class=\"yoast-schema-graph\">{\"@context\":\"https:\\\/\\\/schema.org\",\"@graph\":[{\"@type\":\"WebPage\",\"@id\":\"https:\\\/\\\/shop.bantam.ch\\\/fr\\\/produit\\\/guide-des-aires-de-camping-dans-les-parcs-naturels-et-nationaux\\\/\",\"url\":\"https:\\\/\\\/shop.bantam.ch\\\/fr\\\/produit\\\/guide-des-aires-de-camping-dans-les-parcs-naturels-et-nationaux\\\/\",\"name\":\"Stellplatzf\u00fchrer Hinein ins Gr\u00fcne mit dem Wohnmobil Parcs naturels et nationaux - Bantam Wankm\u00fcller SA\",\"isPartOf\":{\"@id\":\"https:\\\/\\\/shop.bantam.ch\\\/fr\\\/#website\"},\"primaryImageOfPage\":{\"@id\":\"https:\\\/\\\/shop.bantam.ch\\\/fr\\\/produit\\\/guide-des-aires-de-camping-dans-les-parcs-naturels-et-nationaux\\\/#primaryimage\"},\"image\":{\"@id\":\"https:\\\/\\\/shop.bantam.ch\\\/fr\\\/produit\\\/guide-des-aires-de-camping-dans-les-parcs-naturels-et-nationaux\\\/#primaryimage\"},\"thumbnailUrl\":\"https:\\\/\\\/shop.bantam.ch\\\/wp-content\\\/uploads\\\/2023\\\/02\\\/995808111.jpg\",\"datePublished\":\"2023-02-28T20:42:29+00:00\",\"dateModified\":\"2026-04-20T19:45:19+00:00\",\"breadcrumb\":{\"@id\":\"https:\\\/\\\/shop.bantam.ch\\\/fr\\\/produit\\\/guide-des-aires-de-camping-dans-les-parcs-naturels-et-nationaux\\\/#breadcrumb\"},\"inLanguage\":\"fr-FR\",\"potentialAction\":[{\"@type\":\"ReadAction\",\"target\":[\"https:\\\/\\\/shop.bantam.ch\\\/fr\\\/produit\\\/guide-des-aires-de-camping-dans-les-parcs-naturels-et-nationaux\\\/\"]}]},{\"@type\":\"ImageObject\",\"inLanguage\":\"fr-FR\",\"@id\":\"https:\\\/\\\/shop.bantam.ch\\\/fr\\\/produit\\\/guide-des-aires-de-camping-dans-les-parcs-naturels-et-nationaux\\\/#primaryimage\",\"url\":\"https:\\\/\\\/shop.bantam.ch\\\/wp-content\\\/uploads\\\/2023\\\/02\\\/995808111.jpg\",\"contentUrl\":\"https:\\\/\\\/shop.bantam.ch\\\/wp-content\\\/uploads\\\/2023\\\/02\\\/995808111.jpg\",\"width\":708,\"height\":1000},{\"@type\":\"BreadcrumbList\",\"@id\":\"https:\\\/\\\/shop.bantam.ch\\\/fr\\\/produit\\\/guide-des-aires-de-camping-dans-les-parcs-naturels-et-nationaux\\\/#breadcrumb\",\"itemListElement\":[{\"@type\":\"ListItem\",\"position\":1,\"name\":\"Accueil\",\"item\":\"https:\\\/\\\/shop.bantam.ch\\\/fr\\\/\"},{\"@type\":\"ListItem\",\"position\":2,\"name\":\"Boutique\",\"item\":\"https:\\\/\\\/shop.bantam.ch\\\/fr\\\/boutique\\\/\"},{\"@type\":\"ListItem\",\"position\":3,\"name\":\"Stellplatzf\u00fchrer Hinein ins Gr\u00fcne mit dem Wohnmobil Parcs naturels et nationaux\"}]},{\"@type\":\"WebSite\",\"@id\":\"https:\\\/\\\/shop.bantam.ch\\\/fr\\\/#website\",\"url\":\"https:\\\/\\\/shop.bantam.ch\\\/fr\\\/\",\"name\":\"Bantam Wankm\u00fcller SA\",\"description\":\"\",\"publisher\":{\"@id\":\"https:\\\/\\\/shop.bantam.ch\\\/fr\\\/#organization\"},\"inLanguage\":\"fr-FR\"},{\"@type\":\"Organization\",\"@id\":\"https:\\\/\\\/shop.bantam.ch\\\/fr\\\/#organization\",\"name\":\"Bantam Wankm\u00fcller SA\",\"url\":\"https:\\\/\\\/shop.bantam.ch\\\/fr\\\/\",\"logo\":{\"@type\":\"ImageObject\",\"inLanguage\":\"fr-FR\",\"@id\":\"https:\\\/\\\/shop.bantam.ch\\\/fr\\\/#\\\/schema\\\/logo\\\/image\\\/\",\"url\":\"https:\\\/\\\/shop.bantam.ch\\\/wp-content\\\/uploads\\\/2022\\\/12\\\/bantam-logo.png\",\"contentUrl\":\"https:\\\/\\\/shop.bantam.ch\\\/wp-content\\\/uploads\\\/2022\\\/12\\\/bantam-logo.png\",\"width\":320,\"height\":71,\"caption\":\"Bantam Wankm\u00fcller SA\"},\"image\":{\"@id\":\"https:\\\/\\\/shop.bantam.ch\\\/fr\\\/#\\\/schema\\\/logo\\\/image\\\/\"}}]}<\/script>\n<!-- \/ Yoast SEO plugin. -->","yoast_head_json":{"title":"Stellplatzf\u00fchrer Hinein ins Gr\u00fcne mit dem Wohnmobil Parcs naturels et nationaux - Bantam Wankm\u00fcller SA","robots":{"index":"index","follow":"follow","max-snippet":"max-snippet:-1","max-image-preview":"max-image-preview:large","max-video-preview":"max-video-preview:-1"},"canonical":"https:\/\/shop.bantam.ch\/fr\/produit\/guide-des-aires-de-camping-dans-les-parcs-naturels-et-nationaux\/","og_locale":"fr_FR","og_type":"article","og_title":"Stellplatzf\u00fchrer Hinein ins Gr\u00fcne mit dem Wohnmobil Parcs naturels et nationaux - Bantam Wankm\u00fcller SA","og_description":"Mettez-vous au vert avec le camping-car : Environ 150 lieux d\u2019h\u00e9bergement proches de la nature en Allemagne pour se promener, faire du v\u00e9lo, \u00eatre en plein air. Que ce soit dans la nature, en ville ou \u00e0 la campagne. Avec ces sites d\u2019h\u00e9bergement en Allemagne, vous pouvez planifier vos vacances en camping de mani\u00e8re autonome.","og_url":"https:\/\/shop.bantam.ch\/fr\/produit\/guide-des-aires-de-camping-dans-les-parcs-naturels-et-nationaux\/","og_site_name":"Bantam Wankm\u00fcller SA","article_modified_time":"2026-04-20T19:45:19+00:00","og_image":[{"width":708,"height":1000,"url":"https:\/\/shop.bantam.ch\/wp-content\/uploads\/2023\/02\/995808111.jpg","type":"image\/jpeg"}],"twitter_card":"summary_large_image","schema":{"@context":"https:\/\/schema.org","@graph":[{"@type":"WebPage","@id":"https:\/\/shop.bantam.ch\/fr\/produit\/guide-des-aires-de-camping-dans-les-parcs-naturels-et-nationaux\/","url":"https:\/\/shop.bantam.ch\/fr\/produit\/guide-des-aires-de-camping-dans-les-parcs-naturels-et-nationaux\/","name":"Stellplatzf\u00fchrer Hinein ins Gr\u00fcne mit dem Wohnmobil Parcs naturels et nationaux - Bantam Wankm\u00fcller SA","isPartOf":{"@id":"https:\/\/shop.bantam.ch\/fr\/#website"},"primaryImageOfPage":{"@id":"https:\/\/shop.bantam.ch\/fr\/produit\/guide-des-aires-de-camping-dans-les-parcs-naturels-et-nationaux\/#primaryimage"},"image":{"@id":"https:\/\/shop.bantam.ch\/fr\/produit\/guide-des-aires-de-camping-dans-les-parcs-naturels-et-nationaux\/#primaryimage"},"thumbnailUrl":"https:\/\/shop.bantam.ch\/wp-content\/uploads\/2023\/02\/995808111.jpg","datePublished":"2023-02-28T20:42:29+00:00","dateModified":"2026-04-20T19:45:19+00:00","breadcrumb":{"@id":"https:\/\/shop.bantam.ch\/fr\/produit\/guide-des-aires-de-camping-dans-les-parcs-naturels-et-nationaux\/#breadcrumb"},"inLanguage":"fr-FR","potentialAction":[{"@type":"ReadAction","target":["https:\/\/shop.bantam.ch\/fr\/produit\/guide-des-aires-de-camping-dans-les-parcs-naturels-et-nationaux\/"]}]},{"@type":"ImageObject","inLanguage":"fr-FR","@id":"https:\/\/shop.bantam.ch\/fr\/produit\/guide-des-aires-de-camping-dans-les-parcs-naturels-et-nationaux\/#primaryimage","url":"https:\/\/shop.bantam.ch\/wp-content\/uploads\/2023\/02\/995808111.jpg","contentUrl":"https:\/\/shop.bantam.ch\/wp-content\/uploads\/2023\/02\/995808111.jpg","width":708,"height":1000},{"@type":"BreadcrumbList","@id":"https:\/\/shop.bantam.ch\/fr\/produit\/guide-des-aires-de-camping-dans-les-parcs-naturels-et-nationaux\/#breadcrumb","itemListElement":[{"@type":"ListItem","position":1,"name":"Accueil","item":"https:\/\/shop.bantam.ch\/fr\/"},{"@type":"ListItem","position":2,"name":"Boutique","item":"https:\/\/shop.bantam.ch\/fr\/boutique\/"},{"@type":"ListItem","position":3,"name":"Stellplatzf\u00fchrer Hinein ins Gr\u00fcne mit dem Wohnmobil Parcs naturels et nationaux"}]},{"@type":"WebSite","@id":"https:\/\/shop.bantam.ch\/fr\/#website","url":"https:\/\/shop.bantam.ch\/fr\/","name":"Bantam Wankm\u00fcller SA","description":"","publisher":{"@id":"https:\/\/shop.bantam.ch\/fr\/#organization"},"inLanguage":"fr-FR"},{"@type":"Organization","@id":"https:\/\/shop.bantam.ch\/fr\/#organization","name":"Bantam Wankm\u00fcller SA","url":"https:\/\/shop.bantam.ch\/fr\/","logo":{"@type":"ImageObject","inLanguage":"fr-FR","@id":"https:\/\/shop.bantam.ch\/fr\/#\/schema\/logo\/image\/","url":"https:\/\/shop.bantam.ch\/wp-content\/uploads\/2022\/12\/bantam-logo.png","contentUrl":"https:\/\/shop.bantam.ch\/wp-content\/uploads\/2022\/12\/bantam-logo.png","width":320,"height":71,"caption":"Bantam Wankm\u00fcller SA"},"image":{"@id":"https:\/\/shop.bantam.ch\/fr\/#\/schema\/logo\/image\/"}}]}},"_links":{"self":[{"href":"https:\/\/shop.bantam.ch\/fr\/wp-json\/wp\/v2\/product\/114655","targetHints":{"allow":["GET"]}}],"collection":[{"href":"https:\/\/shop.bantam.ch\/fr\/wp-json\/wp\/v2\/product"}],"about":[{"href":"https:\/\/shop.bantam.ch\/fr\/wp-json\/wp\/v2\/types\/product"}],"wp:featuredmedia":[{"embeddable":true,"href":"https:\/\/shop.bantam.ch\/fr\/wp-json\/wp\/v2\/media\/114653"}],"wp:attachment":[{"href":"https:\/\/shop.bantam.ch\/fr\/wp-json\/wp\/v2\/media?parent=114655"}],"wp:term":[{"taxonomy":"product_featured_cat","embeddable":true,"href":"https:\/\/shop.bantam.ch\/fr\/wp-json\/wp\/v2\/product_featured_cat?post=114655"},{"taxonomy":"product_brand","embeddable":true,"href":"https:\/\/shop.bantam.ch\/fr\/wp-json\/wp\/v2\/product_brand?post=114655"},{"taxonomy":"product_cat","embeddable":true,"href":"https:\/\/shop.bantam.ch\/fr\/wp-json\/wp\/v2\/product_cat?post=114655"},{"taxonomy":"product_tag","embeddable":true,"href":"https:\/\/shop.bantam.ch\/fr\/wp-json\/wp\/v2\/product_tag?post=114655"}],"curies":[{"name":"wp","href":"https:\/\/api.w.org\/{rel}","templated":true}]}}