{"id":114635,"date":"2023-02-28T21:41:55","date_gmt":"2023-02-28T20:41:55","guid":{"rendered":"https:\/\/shop.bantam.ch\/produit\/plaque-de-cuisson-topline-981-gaz-et-induction\/"},"modified":"2026-04-23T21:43:50","modified_gmt":"2026-04-23T19:43:50","slug":"plaque-de-cuisson-topline-981-gaz-et-induction","status":"publish","type":"product","link":"https:\/\/shop.bantam.ch\/fr\/produit\/plaque-de-cuisson-topline-981-gaz-et-induction\/","title":{"rendered":"R\u00e9chaud THETFORD Topline 981 Gaz et induction"},"content":{"rendered":"<p>La Top Line S\u00e9rie 981 est un v\u00e9ritable mod\u00e8le \u00ab hybride \u00bb, une combinaison unique de tables de cuisson \u00e0 gaz et \u00e0 induction aux dimensions extr\u00eamement compactes, qui s\u2019int\u00e8gre parfaitement dans votre cuisine. Fabriqu\u00e9 en verre de haute qualit\u00e9 de Schott Ceran. La nouveaut\u00e9 pour 2022 est une version droite, dans laquelle la zone d\u2019induction se trouve sur le c\u00f4t\u00e9 droit de la table de cuisson.<\/p>\n<ul>\n<li>Dimensions de montage (l x p)\u00a0: 48 x 36 cm<\/li>\n<li>Dimensions ext\u00e9rieures (l x p)\u00a0: 50 x 38 cm\u00a0<\/li>\n<li>Profondeur de montage : 10 cm<\/li>\n<li>Puissance (W)\u00a0:\u00a01 x 1,0 \/ 1 x 1,5\u00a0 et 1 x plaque induction 1,4<\/li>\n<li>Allumage \u00e9lectronique : oui<\/li>\n<li>Consommation de gaz\/courant\u00a0: 230 V \/ 7 A<\/li>\n<\/ul>\n","protected":false},"excerpt":{"rendered":"<p>La Top Line S\u00e9rie 981 est un v\u00e9ritable mod\u00e8le \u00ab hybride \u00bb, une combinaison unique de tables de cuisson \u00e0 gaz et \u00e0 induction aux dimensions extr\u00eamement compactes, qui s\u2019int\u00e8gre parfaitement dans votre cuisine. Fabriqu\u00e9 en verre de haute qualit\u00e9 de Schott Ceran. La nouveaut\u00e9 pour 2022 est une version droite, dans laquelle la zone [&hellip;]<\/p>\n","protected":false},"featured_media":114633,"template":"","meta":{"_acf_changed":false},"product_featured_cat":[],"product_brand":[3066],"product_cat":[4311],"product_tag":[],"class_list":{"0":"post-114635","1":"product","2":"type-product","3":"status-publish","4":"has-post-thumbnail","6":"product_brand-thetford","7":"product_cat-plaques-de-cuisson-a-gaz","9":"first","10":"instock","11":"taxable","12":"shipping-taxable","13":"purchasable","14":"product-type-simple"},"acf":[],"yoast_head":"<!-- This site is optimized with the Yoast SEO plugin v27.4 - https:\/\/yoast.com\/product\/yoast-seo-wordpress\/ -->\n<title>R\u00e9chaud THETFORD Topline 981 Gaz et induction - Bantam Wankm\u00fcller SA<\/title>\n<meta name=\"robots\" content=\"index, follow, max-snippet:-1, max-image-preview:large, max-video-preview:-1\" \/>\n<link rel=\"canonical\" href=\"https:\/\/shop.bantam.ch\/fr\/produit\/plaque-de-cuisson-topline-981-gaz-et-induction\/\" \/>\n<meta property=\"og:locale\" content=\"fr_FR\" \/>\n<meta property=\"og:type\" content=\"article\" \/>\n<meta property=\"og:title\" content=\"R\u00e9chaud THETFORD Topline 981 Gaz et induction - Bantam Wankm\u00fcller SA\" \/>\n<meta property=\"og:description\" content=\"La Top Line S\u00e9rie 981 est un v\u00e9ritable mod\u00e8le \u00ab hybride \u00bb, une combinaison unique de tables de cuisson \u00e0 gaz et \u00e0 induction aux dimensions extr\u00eamement compactes, qui s\u2019int\u00e8gre parfaitement dans votre cuisine. Fabriqu\u00e9 en verre de haute qualit\u00e9 de Schott Ceran. La nouveaut\u00e9 pour 2022 est une version droite, dans laquelle la zone [&hellip;]\" \/>\n<meta property=\"og:url\" content=\"https:\/\/shop.bantam.ch\/fr\/produit\/plaque-de-cuisson-topline-981-gaz-et-induction\/\" \/>\n<meta property=\"og:site_name\" content=\"Bantam Wankm\u00fcller SA\" \/>\n<meta property=\"article:modified_time\" content=\"2026-04-23T19:43:50+00:00\" \/>\n<meta property=\"og:image\" content=\"https:\/\/shop.bantam.ch\/wp-content\/uploads\/2023\/02\/996117211.jpg\" \/>\n\t<meta property=\"og:image:width\" content=\"1000\" \/>\n\t<meta property=\"og:image:height\" content=\"669\" \/>\n\t<meta property=\"og:image:type\" content=\"image\/jpeg\" \/>\n<meta name=\"twitter:card\" content=\"summary_large_image\" \/>\n<meta name=\"twitter:label1\" content=\"Dur\u00e9e de lecture estim\u00e9e\" \/>\n\t<meta name=\"twitter:data1\" content=\"1 minute\" \/>\n<script type=\"application\/ld+json\" class=\"yoast-schema-graph\">{\"@context\":\"https:\\\/\\\/schema.org\",\"@graph\":[{\"@type\":\"WebPage\",\"@id\":\"https:\\\/\\\/shop.bantam.ch\\\/fr\\\/produit\\\/plaque-de-cuisson-topline-981-gaz-et-induction\\\/\",\"url\":\"https:\\\/\\\/shop.bantam.ch\\\/fr\\\/produit\\\/plaque-de-cuisson-topline-981-gaz-et-induction\\\/\",\"name\":\"R\u00e9chaud THETFORD Topline 981 Gaz et induction - Bantam Wankm\u00fcller SA\",\"isPartOf\":{\"@id\":\"https:\\\/\\\/shop.bantam.ch\\\/fr\\\/#website\"},\"primaryImageOfPage\":{\"@id\":\"https:\\\/\\\/shop.bantam.ch\\\/fr\\\/produit\\\/plaque-de-cuisson-topline-981-gaz-et-induction\\\/#primaryimage\"},\"image\":{\"@id\":\"https:\\\/\\\/shop.bantam.ch\\\/fr\\\/produit\\\/plaque-de-cuisson-topline-981-gaz-et-induction\\\/#primaryimage\"},\"thumbnailUrl\":\"https:\\\/\\\/shop.bantam.ch\\\/wp-content\\\/uploads\\\/2023\\\/02\\\/996117211.jpg\",\"datePublished\":\"2023-02-28T20:41:55+00:00\",\"dateModified\":\"2026-04-23T19:43:50+00:00\",\"breadcrumb\":{\"@id\":\"https:\\\/\\\/shop.bantam.ch\\\/fr\\\/produit\\\/plaque-de-cuisson-topline-981-gaz-et-induction\\\/#breadcrumb\"},\"inLanguage\":\"fr-FR\",\"potentialAction\":[{\"@type\":\"ReadAction\",\"target\":[\"https:\\\/\\\/shop.bantam.ch\\\/fr\\\/produit\\\/plaque-de-cuisson-topline-981-gaz-et-induction\\\/\"]}]},{\"@type\":\"ImageObject\",\"inLanguage\":\"fr-FR\",\"@id\":\"https:\\\/\\\/shop.bantam.ch\\\/fr\\\/produit\\\/plaque-de-cuisson-topline-981-gaz-et-induction\\\/#primaryimage\",\"url\":\"https:\\\/\\\/shop.bantam.ch\\\/wp-content\\\/uploads\\\/2023\\\/02\\\/996117211.jpg\",\"contentUrl\":\"https:\\\/\\\/shop.bantam.ch\\\/wp-content\\\/uploads\\\/2023\\\/02\\\/996117211.jpg\",\"width\":1000,\"height\":669},{\"@type\":\"BreadcrumbList\",\"@id\":\"https:\\\/\\\/shop.bantam.ch\\\/fr\\\/produit\\\/plaque-de-cuisson-topline-981-gaz-et-induction\\\/#breadcrumb\",\"itemListElement\":[{\"@type\":\"ListItem\",\"position\":1,\"name\":\"Accueil\",\"item\":\"https:\\\/\\\/shop.bantam.ch\\\/fr\\\/\"},{\"@type\":\"ListItem\",\"position\":2,\"name\":\"Boutique\",\"item\":\"https:\\\/\\\/shop.bantam.ch\\\/fr\\\/boutique\\\/\"},{\"@type\":\"ListItem\",\"position\":3,\"name\":\"R\u00e9chaud THETFORD Topline 981 Gaz et induction\"}]},{\"@type\":\"WebSite\",\"@id\":\"https:\\\/\\\/shop.bantam.ch\\\/fr\\\/#website\",\"url\":\"https:\\\/\\\/shop.bantam.ch\\\/fr\\\/\",\"name\":\"Bantam Wankm\u00fcller SA\",\"description\":\"\",\"publisher\":{\"@id\":\"https:\\\/\\\/shop.bantam.ch\\\/fr\\\/#organization\"},\"inLanguage\":\"fr-FR\"},{\"@type\":\"Organization\",\"@id\":\"https:\\\/\\\/shop.bantam.ch\\\/fr\\\/#organization\",\"name\":\"Bantam Wankm\u00fcller SA\",\"url\":\"https:\\\/\\\/shop.bantam.ch\\\/fr\\\/\",\"logo\":{\"@type\":\"ImageObject\",\"inLanguage\":\"fr-FR\",\"@id\":\"https:\\\/\\\/shop.bantam.ch\\\/fr\\\/#\\\/schema\\\/logo\\\/image\\\/\",\"url\":\"https:\\\/\\\/shop.bantam.ch\\\/wp-content\\\/uploads\\\/2022\\\/12\\\/bantam-logo.png\",\"contentUrl\":\"https:\\\/\\\/shop.bantam.ch\\\/wp-content\\\/uploads\\\/2022\\\/12\\\/bantam-logo.png\",\"width\":320,\"height\":71,\"caption\":\"Bantam Wankm\u00fcller SA\"},\"image\":{\"@id\":\"https:\\\/\\\/shop.bantam.ch\\\/fr\\\/#\\\/schema\\\/logo\\\/image\\\/\"}}]}<\/script>\n<!-- \/ Yoast SEO plugin. -->","yoast_head_json":{"title":"R\u00e9chaud THETFORD Topline 981 Gaz et induction - Bantam Wankm\u00fcller SA","robots":{"index":"index","follow":"follow","max-snippet":"max-snippet:-1","max-image-preview":"max-image-preview:large","max-video-preview":"max-video-preview:-1"},"canonical":"https:\/\/shop.bantam.ch\/fr\/produit\/plaque-de-cuisson-topline-981-gaz-et-induction\/","og_locale":"fr_FR","og_type":"article","og_title":"R\u00e9chaud THETFORD Topline 981 Gaz et induction - Bantam Wankm\u00fcller SA","og_description":"La Top Line S\u00e9rie 981 est un v\u00e9ritable mod\u00e8le \u00ab hybride \u00bb, une combinaison unique de tables de cuisson \u00e0 gaz et \u00e0 induction aux dimensions extr\u00eamement compactes, qui s\u2019int\u00e8gre parfaitement dans votre cuisine. Fabriqu\u00e9 en verre de haute qualit\u00e9 de Schott Ceran. La nouveaut\u00e9 pour 2022 est une version droite, dans laquelle la zone [&hellip;]","og_url":"https:\/\/shop.bantam.ch\/fr\/produit\/plaque-de-cuisson-topline-981-gaz-et-induction\/","og_site_name":"Bantam Wankm\u00fcller SA","article_modified_time":"2026-04-23T19:43:50+00:00","og_image":[{"width":1000,"height":669,"url":"https:\/\/shop.bantam.ch\/wp-content\/uploads\/2023\/02\/996117211.jpg","type":"image\/jpeg"}],"twitter_card":"summary_large_image","twitter_misc":{"Dur\u00e9e de lecture estim\u00e9e":"1 minute"},"schema":{"@context":"https:\/\/schema.org","@graph":[{"@type":"WebPage","@id":"https:\/\/shop.bantam.ch\/fr\/produit\/plaque-de-cuisson-topline-981-gaz-et-induction\/","url":"https:\/\/shop.bantam.ch\/fr\/produit\/plaque-de-cuisson-topline-981-gaz-et-induction\/","name":"R\u00e9chaud THETFORD Topline 981 Gaz et induction - Bantam Wankm\u00fcller SA","isPartOf":{"@id":"https:\/\/shop.bantam.ch\/fr\/#website"},"primaryImageOfPage":{"@id":"https:\/\/shop.bantam.ch\/fr\/produit\/plaque-de-cuisson-topline-981-gaz-et-induction\/#primaryimage"},"image":{"@id":"https:\/\/shop.bantam.ch\/fr\/produit\/plaque-de-cuisson-topline-981-gaz-et-induction\/#primaryimage"},"thumbnailUrl":"https:\/\/shop.bantam.ch\/wp-content\/uploads\/2023\/02\/996117211.jpg","datePublished":"2023-02-28T20:41:55+00:00","dateModified":"2026-04-23T19:43:50+00:00","breadcrumb":{"@id":"https:\/\/shop.bantam.ch\/fr\/produit\/plaque-de-cuisson-topline-981-gaz-et-induction\/#breadcrumb"},"inLanguage":"fr-FR","potentialAction":[{"@type":"ReadAction","target":["https:\/\/shop.bantam.ch\/fr\/produit\/plaque-de-cuisson-topline-981-gaz-et-induction\/"]}]},{"@type":"ImageObject","inLanguage":"fr-FR","@id":"https:\/\/shop.bantam.ch\/fr\/produit\/plaque-de-cuisson-topline-981-gaz-et-induction\/#primaryimage","url":"https:\/\/shop.bantam.ch\/wp-content\/uploads\/2023\/02\/996117211.jpg","contentUrl":"https:\/\/shop.bantam.ch\/wp-content\/uploads\/2023\/02\/996117211.jpg","width":1000,"height":669},{"@type":"BreadcrumbList","@id":"https:\/\/shop.bantam.ch\/fr\/produit\/plaque-de-cuisson-topline-981-gaz-et-induction\/#breadcrumb","itemListElement":[{"@type":"ListItem","position":1,"name":"Accueil","item":"https:\/\/shop.bantam.ch\/fr\/"},{"@type":"ListItem","position":2,"name":"Boutique","item":"https:\/\/shop.bantam.ch\/fr\/boutique\/"},{"@type":"ListItem","position":3,"name":"R\u00e9chaud THETFORD Topline 981 Gaz et induction"}]},{"@type":"WebSite","@id":"https:\/\/shop.bantam.ch\/fr\/#website","url":"https:\/\/shop.bantam.ch\/fr\/","name":"Bantam Wankm\u00fcller SA","description":"","publisher":{"@id":"https:\/\/shop.bantam.ch\/fr\/#organization"},"inLanguage":"fr-FR"},{"@type":"Organization","@id":"https:\/\/shop.bantam.ch\/fr\/#organization","name":"Bantam Wankm\u00fcller SA","url":"https:\/\/shop.bantam.ch\/fr\/","logo":{"@type":"ImageObject","inLanguage":"fr-FR","@id":"https:\/\/shop.bantam.ch\/fr\/#\/schema\/logo\/image\/","url":"https:\/\/shop.bantam.ch\/wp-content\/uploads\/2022\/12\/bantam-logo.png","contentUrl":"https:\/\/shop.bantam.ch\/wp-content\/uploads\/2022\/12\/bantam-logo.png","width":320,"height":71,"caption":"Bantam Wankm\u00fcller SA"},"image":{"@id":"https:\/\/shop.bantam.ch\/fr\/#\/schema\/logo\/image\/"}}]}},"_links":{"self":[{"href":"https:\/\/shop.bantam.ch\/fr\/wp-json\/wp\/v2\/product\/114635","targetHints":{"allow":["GET"]}}],"collection":[{"href":"https:\/\/shop.bantam.ch\/fr\/wp-json\/wp\/v2\/product"}],"about":[{"href":"https:\/\/shop.bantam.ch\/fr\/wp-json\/wp\/v2\/types\/product"}],"wp:featuredmedia":[{"embeddable":true,"href":"https:\/\/shop.bantam.ch\/fr\/wp-json\/wp\/v2\/media\/114633"}],"wp:attachment":[{"href":"https:\/\/shop.bantam.ch\/fr\/wp-json\/wp\/v2\/media?parent=114635"}],"wp:term":[{"taxonomy":"product_featured_cat","embeddable":true,"href":"https:\/\/shop.bantam.ch\/fr\/wp-json\/wp\/v2\/product_featured_cat?post=114635"},{"taxonomy":"product_brand","embeddable":true,"href":"https:\/\/shop.bantam.ch\/fr\/wp-json\/wp\/v2\/product_brand?post=114635"},{"taxonomy":"product_cat","embeddable":true,"href":"https:\/\/shop.bantam.ch\/fr\/wp-json\/wp\/v2\/product_cat?post=114635"},{"taxonomy":"product_tag","embeddable":true,"href":"https:\/\/shop.bantam.ch\/fr\/wp-json\/wp\/v2\/product_tag?post=114635"}],"curies":[{"name":"wp","href":"https:\/\/api.w.org\/{rel}","templated":true}]}}