{"id":114625,"date":"2023-02-28T21:41:36","date_gmt":"2023-02-28T20:41:36","guid":{"rendered":"https:\/\/shop.bantam.ch\/produit\/four-k1520\/"},"modified":"2026-05-01T21:42:43","modified_gmt":"2026-05-01T19:42:43","slug":"four-k1520","status":"publish","type":"product","link":"https:\/\/shop.bantam.ch\/fr\/produit\/four-k1520\/","title":{"rendered":"Four THETFORD K1520"},"content":{"rendered":"<p>Gr\u00e2ce \u00e0 son nouveau design, la cuisini\u00e8re K1520 dispose d\u00e9sormais d\u2019un grand gril, d\u2019un four \u00e0 chaleur tournante et de bien d\u2019autres options encore !  Le mod\u00e8le K1520 donne une dimension nouvelle \u00e0 la cuisson en v\u00e9hicules de loisirs.  L\u00e9ger, rapide, spacieux et efficace. . Plus l\u00e9ger, offrant une qualit\u00e9 sup\u00e9rieure.<\/p>\n<ul>\n<li>Des mat\u00e9riaux et composants de qualit\u00e9<\/li>\n<li>Un design moderne \u00ab comme \u00e0 la maison \u00bb<\/li>\n<li>Volume optimal<\/li>\n<li>Cuisine extr\u00eamement performante<\/li>\n<\/ul>\n<ul>\n<li>Volume du grill : 15 l<\/li>\n<li>Volume du four : 34 l<\/li>\n<li>Apport de chaleur total : 7,79 kW<\/li>\n<li>Br\u00fbleur grill : 1,6 kW<\/li>\n<li>Br\u00fbleur four : 1,76 k W<\/li>\n<li>Br\u00fbleur gaz : 1 x 950 W \/ 2 x 1,72 kW<\/li>\n<li>Volume total 49 l<\/li>\n<li>Dimension de montage : 49,6 \u00d7 64,6 \u00d7 49,3\u00a0cm (l \u00d7 h \u00d7 p)<\/li>\n<li>Dimensions\u00a0: 51,5 \u00d7 64,5 \u00d7 50,1\u00a0cm (l \u00d7 h \u00d7 p)<\/li>\n<\/ul>\n","protected":false},"excerpt":{"rendered":"<p>Gr\u00e2ce \u00e0 son nouveau design, la cuisini\u00e8re K1520 dispose d\u00e9sormais d\u2019un grand gril, d\u2019un four \u00e0 chaleur tournante et de bien d\u2019autres options encore ! Le mod\u00e8le K1520 donne une dimension nouvelle \u00e0 la cuisson en v\u00e9hicules de loisirs. L\u00e9ger, rapide, spacieux et efficace. . Plus l\u00e9ger, offrant une qualit\u00e9 sup\u00e9rieure. Des mat\u00e9riaux et composants [&hellip;]<\/p>\n","protected":false},"featured_media":114623,"template":"","meta":{"_acf_changed":false},"product_featured_cat":[],"product_brand":[3066],"product_cat":[3995],"product_tag":[],"class_list":{"0":"post-114625","1":"product","2":"type-product","3":"status-publish","4":"has-post-thumbnail","6":"product_brand-thetford","7":"product_cat-fours-et-cuisinieres-a-gaz","9":"first","10":"instock","11":"taxable","12":"shipping-taxable","13":"purchasable","14":"product-type-simple"},"acf":[],"yoast_head":"<!-- This site is optimized with the Yoast SEO plugin v27.5 - https:\/\/yoast.com\/product\/yoast-seo-wordpress\/ -->\n<title>Four THETFORD K1520 - Bantam<\/title>\n<meta name=\"robots\" content=\"index, follow, max-snippet:-1, max-image-preview:large, max-video-preview:-1\" \/>\n<link rel=\"canonical\" href=\"https:\/\/shop.bantam.ch\/fr\/produit\/four-k1520\/\" \/>\n<meta property=\"og:locale\" content=\"fr_FR\" \/>\n<meta property=\"og:type\" content=\"article\" \/>\n<meta property=\"og:title\" content=\"Four THETFORD K1520 - Bantam\" \/>\n<meta property=\"og:description\" content=\"Gr\u00e2ce \u00e0 son nouveau design, la cuisini\u00e8re K1520 dispose d\u00e9sormais d\u2019un grand gril, d\u2019un four \u00e0 chaleur tournante et de bien d\u2019autres options encore ! Le mod\u00e8le K1520 donne une dimension nouvelle \u00e0 la cuisson en v\u00e9hicules de loisirs. L\u00e9ger, rapide, spacieux et efficace. . Plus l\u00e9ger, offrant une qualit\u00e9 sup\u00e9rieure. Des mat\u00e9riaux et composants [&hellip;]\" \/>\n<meta property=\"og:url\" content=\"https:\/\/shop.bantam.ch\/fr\/produit\/four-k1520\/\" \/>\n<meta property=\"og:site_name\" content=\"Bantam\" \/>\n<meta property=\"article:modified_time\" content=\"2026-05-01T19:42:43+00:00\" \/>\n<meta property=\"og:image\" content=\"https:\/\/shop.bantam.ch\/wp-content\/uploads\/2023\/02\/996117111.jpg\" \/>\n\t<meta property=\"og:image:width\" content=\"1240\" \/>\n\t<meta property=\"og:image:height\" content=\"1754\" \/>\n\t<meta property=\"og:image:type\" content=\"image\/jpeg\" \/>\n<meta name=\"twitter:card\" content=\"summary_large_image\" \/>\n<meta name=\"twitter:label1\" content=\"Dur\u00e9e de lecture estim\u00e9e\" \/>\n\t<meta name=\"twitter:data1\" content=\"1 minute\" \/>\n<script type=\"application\/ld+json\" class=\"yoast-schema-graph\">{\"@context\":\"https:\\\/\\\/schema.org\",\"@graph\":[{\"@type\":\"WebPage\",\"@id\":\"https:\\\/\\\/shop.bantam.ch\\\/fr\\\/produit\\\/four-k1520\\\/\",\"url\":\"https:\\\/\\\/shop.bantam.ch\\\/fr\\\/produit\\\/four-k1520\\\/\",\"name\":\"Four THETFORD K1520 - Bantam\",\"isPartOf\":{\"@id\":\"https:\\\/\\\/shop.bantam.ch\\\/fr\\\/#website\"},\"primaryImageOfPage\":{\"@id\":\"https:\\\/\\\/shop.bantam.ch\\\/fr\\\/produit\\\/four-k1520\\\/#primaryimage\"},\"image\":{\"@id\":\"https:\\\/\\\/shop.bantam.ch\\\/fr\\\/produit\\\/four-k1520\\\/#primaryimage\"},\"thumbnailUrl\":\"https:\\\/\\\/shop.bantam.ch\\\/wp-content\\\/uploads\\\/2023\\\/02\\\/996117111.jpg\",\"datePublished\":\"2023-02-28T20:41:36+00:00\",\"dateModified\":\"2026-05-01T19:42:43+00:00\",\"breadcrumb\":{\"@id\":\"https:\\\/\\\/shop.bantam.ch\\\/fr\\\/produit\\\/four-k1520\\\/#breadcrumb\"},\"inLanguage\":\"fr-FR\",\"potentialAction\":[{\"@type\":\"ReadAction\",\"target\":[\"https:\\\/\\\/shop.bantam.ch\\\/fr\\\/produit\\\/four-k1520\\\/\"]}]},{\"@type\":\"ImageObject\",\"inLanguage\":\"fr-FR\",\"@id\":\"https:\\\/\\\/shop.bantam.ch\\\/fr\\\/produit\\\/four-k1520\\\/#primaryimage\",\"url\":\"https:\\\/\\\/shop.bantam.ch\\\/wp-content\\\/uploads\\\/2023\\\/02\\\/996117111.jpg\",\"contentUrl\":\"https:\\\/\\\/shop.bantam.ch\\\/wp-content\\\/uploads\\\/2023\\\/02\\\/996117111.jpg\",\"width\":1240,\"height\":1754},{\"@type\":\"BreadcrumbList\",\"@id\":\"https:\\\/\\\/shop.bantam.ch\\\/fr\\\/produit\\\/four-k1520\\\/#breadcrumb\",\"itemListElement\":[{\"@type\":\"ListItem\",\"position\":1,\"name\":\"Accueil\",\"item\":\"https:\\\/\\\/shop.bantam.ch\\\/fr\\\/\"},{\"@type\":\"ListItem\",\"position\":2,\"name\":\"Boutique\",\"item\":\"https:\\\/\\\/shop.bantam.ch\\\/fr\\\/boutique\\\/\"},{\"@type\":\"ListItem\",\"position\":3,\"name\":\"Four THETFORD K1520\"}]},{\"@type\":\"WebSite\",\"@id\":\"https:\\\/\\\/shop.bantam.ch\\\/fr\\\/#website\",\"url\":\"https:\\\/\\\/shop.bantam.ch\\\/fr\\\/\",\"name\":\"Bantam\",\"description\":\"\",\"publisher\":{\"@id\":\"https:\\\/\\\/shop.bantam.ch\\\/fr\\\/#organization\"},\"inLanguage\":\"fr-FR\"},{\"@type\":\"Organization\",\"@id\":\"https:\\\/\\\/shop.bantam.ch\\\/fr\\\/#organization\",\"name\":\"Bantam\",\"url\":\"https:\\\/\\\/shop.bantam.ch\\\/fr\\\/\",\"logo\":{\"@type\":\"ImageObject\",\"inLanguage\":\"fr-FR\",\"@id\":\"https:\\\/\\\/shop.bantam.ch\\\/fr\\\/#\\\/schema\\\/logo\\\/image\\\/\",\"url\":\"https:\\\/\\\/shop.bantam.ch\\\/wp-content\\\/uploads\\\/2022\\\/12\\\/bantam-logo.png\",\"contentUrl\":\"https:\\\/\\\/shop.bantam.ch\\\/wp-content\\\/uploads\\\/2022\\\/12\\\/bantam-logo.png\",\"width\":320,\"height\":71,\"caption\":\"Bantam\"},\"image\":{\"@id\":\"https:\\\/\\\/shop.bantam.ch\\\/fr\\\/#\\\/schema\\\/logo\\\/image\\\/\"}}]}<\/script>\n<!-- \/ Yoast SEO plugin. -->","yoast_head_json":{"title":"Four THETFORD K1520 - Bantam","robots":{"index":"index","follow":"follow","max-snippet":"max-snippet:-1","max-image-preview":"max-image-preview:large","max-video-preview":"max-video-preview:-1"},"canonical":"https:\/\/shop.bantam.ch\/fr\/produit\/four-k1520\/","og_locale":"fr_FR","og_type":"article","og_title":"Four THETFORD K1520 - Bantam","og_description":"Gr\u00e2ce \u00e0 son nouveau design, la cuisini\u00e8re K1520 dispose d\u00e9sormais d\u2019un grand gril, d\u2019un four \u00e0 chaleur tournante et de bien d\u2019autres options encore ! Le mod\u00e8le K1520 donne une dimension nouvelle \u00e0 la cuisson en v\u00e9hicules de loisirs. L\u00e9ger, rapide, spacieux et efficace. . Plus l\u00e9ger, offrant une qualit\u00e9 sup\u00e9rieure. Des mat\u00e9riaux et composants [&hellip;]","og_url":"https:\/\/shop.bantam.ch\/fr\/produit\/four-k1520\/","og_site_name":"Bantam","article_modified_time":"2026-05-01T19:42:43+00:00","og_image":[{"width":1240,"height":1754,"url":"https:\/\/shop.bantam.ch\/wp-content\/uploads\/2023\/02\/996117111.jpg","type":"image\/jpeg"}],"twitter_card":"summary_large_image","twitter_misc":{"Dur\u00e9e de lecture estim\u00e9e":"1 minute"},"schema":{"@context":"https:\/\/schema.org","@graph":[{"@type":"WebPage","@id":"https:\/\/shop.bantam.ch\/fr\/produit\/four-k1520\/","url":"https:\/\/shop.bantam.ch\/fr\/produit\/four-k1520\/","name":"Four THETFORD K1520 - Bantam","isPartOf":{"@id":"https:\/\/shop.bantam.ch\/fr\/#website"},"primaryImageOfPage":{"@id":"https:\/\/shop.bantam.ch\/fr\/produit\/four-k1520\/#primaryimage"},"image":{"@id":"https:\/\/shop.bantam.ch\/fr\/produit\/four-k1520\/#primaryimage"},"thumbnailUrl":"https:\/\/shop.bantam.ch\/wp-content\/uploads\/2023\/02\/996117111.jpg","datePublished":"2023-02-28T20:41:36+00:00","dateModified":"2026-05-01T19:42:43+00:00","breadcrumb":{"@id":"https:\/\/shop.bantam.ch\/fr\/produit\/four-k1520\/#breadcrumb"},"inLanguage":"fr-FR","potentialAction":[{"@type":"ReadAction","target":["https:\/\/shop.bantam.ch\/fr\/produit\/four-k1520\/"]}]},{"@type":"ImageObject","inLanguage":"fr-FR","@id":"https:\/\/shop.bantam.ch\/fr\/produit\/four-k1520\/#primaryimage","url":"https:\/\/shop.bantam.ch\/wp-content\/uploads\/2023\/02\/996117111.jpg","contentUrl":"https:\/\/shop.bantam.ch\/wp-content\/uploads\/2023\/02\/996117111.jpg","width":1240,"height":1754},{"@type":"BreadcrumbList","@id":"https:\/\/shop.bantam.ch\/fr\/produit\/four-k1520\/#breadcrumb","itemListElement":[{"@type":"ListItem","position":1,"name":"Accueil","item":"https:\/\/shop.bantam.ch\/fr\/"},{"@type":"ListItem","position":2,"name":"Boutique","item":"https:\/\/shop.bantam.ch\/fr\/boutique\/"},{"@type":"ListItem","position":3,"name":"Four THETFORD K1520"}]},{"@type":"WebSite","@id":"https:\/\/shop.bantam.ch\/fr\/#website","url":"https:\/\/shop.bantam.ch\/fr\/","name":"Bantam","description":"","publisher":{"@id":"https:\/\/shop.bantam.ch\/fr\/#organization"},"inLanguage":"fr-FR"},{"@type":"Organization","@id":"https:\/\/shop.bantam.ch\/fr\/#organization","name":"Bantam","url":"https:\/\/shop.bantam.ch\/fr\/","logo":{"@type":"ImageObject","inLanguage":"fr-FR","@id":"https:\/\/shop.bantam.ch\/fr\/#\/schema\/logo\/image\/","url":"https:\/\/shop.bantam.ch\/wp-content\/uploads\/2022\/12\/bantam-logo.png","contentUrl":"https:\/\/shop.bantam.ch\/wp-content\/uploads\/2022\/12\/bantam-logo.png","width":320,"height":71,"caption":"Bantam"},"image":{"@id":"https:\/\/shop.bantam.ch\/fr\/#\/schema\/logo\/image\/"}}]}},"_links":{"self":[{"href":"https:\/\/shop.bantam.ch\/fr\/wp-json\/wp\/v2\/product\/114625","targetHints":{"allow":["GET"]}}],"collection":[{"href":"https:\/\/shop.bantam.ch\/fr\/wp-json\/wp\/v2\/product"}],"about":[{"href":"https:\/\/shop.bantam.ch\/fr\/wp-json\/wp\/v2\/types\/product"}],"wp:featuredmedia":[{"embeddable":true,"href":"https:\/\/shop.bantam.ch\/fr\/wp-json\/wp\/v2\/media\/114623"}],"wp:attachment":[{"href":"https:\/\/shop.bantam.ch\/fr\/wp-json\/wp\/v2\/media?parent=114625"}],"wp:term":[{"taxonomy":"product_featured_cat","embeddable":true,"href":"https:\/\/shop.bantam.ch\/fr\/wp-json\/wp\/v2\/product_featured_cat?post=114625"},{"taxonomy":"product_brand","embeddable":true,"href":"https:\/\/shop.bantam.ch\/fr\/wp-json\/wp\/v2\/product_brand?post=114625"},{"taxonomy":"product_cat","embeddable":true,"href":"https:\/\/shop.bantam.ch\/fr\/wp-json\/wp\/v2\/product_cat?post=114625"},{"taxonomy":"product_tag","embeddable":true,"href":"https:\/\/shop.bantam.ch\/fr\/wp-json\/wp\/v2\/product_tag?post=114625"}],"curies":[{"name":"wp","href":"https:\/\/api.w.org\/{rel}","templated":true}]}}