{"id":114611,"date":"2023-02-28T21:41:19","date_gmt":"2023-02-28T20:41:19","guid":{"rendered":"https:\/\/shop.bantam.ch\/produit\/detendeur-de-gaz-caramatic-drivetwo-set-horizontal\/"},"modified":"2026-04-17T21:43:42","modified_gmt":"2026-04-17T19:43:42","slug":"detendeur-de-gaz-caramatic-drivetwo-set-horizontal","status":"publish","type":"product","link":"https:\/\/shop.bantam.ch\/fr\/produit\/detendeur-de-gaz-caramatic-drivetwo-set-horizontal\/","title":{"rendered":"D\u00e9tendeur gaz GOK Caramatic DriveTwo-Set horizontal 30 mbar 1500 g\/h"},"content":{"rendered":"<p>D\u00e9tendeur de gaz de s\u00e9curit\u00e9 avec vanne de commutation automatique pour le fonctionnement d\u2019installations \u00e0 deux bouteilles dans les caravanes et les caravanes motoris\u00e9es pendant le trajet, pour le raccordement aux bouteilles de gaz via une conduite flexible haute pression et pour la r\u00e9gulation de la pression \u00e0 la pression nominale de l\u2019appareil \u00e0 gaz. Montage horizontal.<\/p>\n<p>Contenu de la livraison :<\/p>\n<ul>\n<li>Soupape de commutation automatique<\/li>\n<li>D\u00e9tendeur basse pression avec soupape de s\u00e9curit\u00e9 PRV<\/li>\n<li>Capteur de collision m\u00e9canique avec une nouvelle solution de pendule<\/li>\n<li>Bouton de commande<\/li>\n<li>Affichage de service et de r\u00e9serve <\/li>\n<li>Dispositif anti-retour<\/li>\n<li>Dispositif de contr\u00f4le et support mural<\/li>\n<li>2 x Caramatic ConnectClean avec \u00e9querre de fixation<\/li>\n<li>2 x Caramatic ConnectDrive<\/li>\n<\/ul>\n","protected":false},"excerpt":{"rendered":"<p>D\u00e9tendeur de gaz de s\u00e9curit\u00e9 avec vanne de commutation automatique pour le fonctionnement d\u2019installations \u00e0 deux bouteilles dans les caravanes et les caravanes motoris\u00e9es pendant le trajet, pour le raccordement aux bouteilles de gaz via une conduite flexible haute pression et pour la r\u00e9gulation de la pression \u00e0 la pression nominale de l\u2019appareil \u00e0 gaz. [&hellip;]<\/p>\n","protected":false},"featured_media":114609,"template":"","meta":{"_acf_changed":false},"product_featured_cat":[],"product_brand":[3254],"product_cat":[4491],"product_tag":[],"class_list":{"0":"post-114611","1":"product","2":"type-product","3":"status-publish","4":"has-post-thumbnail","6":"product_brand-gok","7":"product_cat-detendeurs-gaz","9":"first","10":"instock","11":"taxable","12":"shipping-taxable","13":"purchasable","14":"product-type-simple"},"acf":[],"yoast_head":"<!-- This site is optimized with the Yoast SEO plugin v27.4 - https:\/\/yoast.com\/product\/yoast-seo-wordpress\/ -->\n<title>D\u00e9tendeur gaz GOK Caramatic DriveTwo-Set horizontal 30 mbar 1500 g\/h - Bantam Wankm\u00fcller SA<\/title>\n<meta name=\"robots\" content=\"index, follow, max-snippet:-1, max-image-preview:large, max-video-preview:-1\" \/>\n<link rel=\"canonical\" href=\"https:\/\/shop.bantam.ch\/fr\/produit\/detendeur-de-gaz-caramatic-drivetwo-set-horizontal\/\" \/>\n<meta property=\"og:locale\" content=\"fr_FR\" \/>\n<meta property=\"og:type\" content=\"article\" \/>\n<meta property=\"og:title\" content=\"D\u00e9tendeur gaz GOK Caramatic DriveTwo-Set horizontal 30 mbar 1500 g\/h - Bantam Wankm\u00fcller SA\" \/>\n<meta property=\"og:description\" content=\"D\u00e9tendeur de gaz de s\u00e9curit\u00e9 avec vanne de commutation automatique pour le fonctionnement d\u2019installations \u00e0 deux bouteilles dans les caravanes et les caravanes motoris\u00e9es pendant le trajet, pour le raccordement aux bouteilles de gaz via une conduite flexible haute pression et pour la r\u00e9gulation de la pression \u00e0 la pression nominale de l\u2019appareil \u00e0 gaz. [&hellip;]\" \/>\n<meta property=\"og:url\" content=\"https:\/\/shop.bantam.ch\/fr\/produit\/detendeur-de-gaz-caramatic-drivetwo-set-horizontal\/\" \/>\n<meta property=\"og:site_name\" content=\"Bantam Wankm\u00fcller SA\" \/>\n<meta property=\"article:modified_time\" content=\"2026-04-17T19:43:42+00:00\" \/>\n<meta property=\"og:image\" content=\"https:\/\/shop.bantam.ch\/wp-content\/uploads\/2023\/02\/997039311.jpg\" \/>\n\t<meta property=\"og:image:width\" content=\"224\" \/>\n\t<meta property=\"og:image:height\" content=\"500\" \/>\n\t<meta property=\"og:image:type\" content=\"image\/jpeg\" \/>\n<meta name=\"twitter:card\" content=\"summary_large_image\" \/>\n<meta name=\"twitter:label1\" content=\"Dur\u00e9e de lecture estim\u00e9e\" \/>\n\t<meta name=\"twitter:data1\" content=\"1 minute\" \/>\n<script type=\"application\/ld+json\" class=\"yoast-schema-graph\">{\"@context\":\"https:\\\/\\\/schema.org\",\"@graph\":[{\"@type\":\"WebPage\",\"@id\":\"https:\\\/\\\/shop.bantam.ch\\\/fr\\\/produit\\\/detendeur-de-gaz-caramatic-drivetwo-set-horizontal\\\/\",\"url\":\"https:\\\/\\\/shop.bantam.ch\\\/fr\\\/produit\\\/detendeur-de-gaz-caramatic-drivetwo-set-horizontal\\\/\",\"name\":\"D\u00e9tendeur gaz GOK Caramatic DriveTwo-Set horizontal 30 mbar 1500 g\\\/h - Bantam Wankm\u00fcller SA\",\"isPartOf\":{\"@id\":\"https:\\\/\\\/shop.bantam.ch\\\/fr\\\/#website\"},\"primaryImageOfPage\":{\"@id\":\"https:\\\/\\\/shop.bantam.ch\\\/fr\\\/produit\\\/detendeur-de-gaz-caramatic-drivetwo-set-horizontal\\\/#primaryimage\"},\"image\":{\"@id\":\"https:\\\/\\\/shop.bantam.ch\\\/fr\\\/produit\\\/detendeur-de-gaz-caramatic-drivetwo-set-horizontal\\\/#primaryimage\"},\"thumbnailUrl\":\"https:\\\/\\\/shop.bantam.ch\\\/wp-content\\\/uploads\\\/2023\\\/02\\\/997039311.jpg\",\"datePublished\":\"2023-02-28T20:41:19+00:00\",\"dateModified\":\"2026-04-17T19:43:42+00:00\",\"breadcrumb\":{\"@id\":\"https:\\\/\\\/shop.bantam.ch\\\/fr\\\/produit\\\/detendeur-de-gaz-caramatic-drivetwo-set-horizontal\\\/#breadcrumb\"},\"inLanguage\":\"fr-FR\",\"potentialAction\":[{\"@type\":\"ReadAction\",\"target\":[\"https:\\\/\\\/shop.bantam.ch\\\/fr\\\/produit\\\/detendeur-de-gaz-caramatic-drivetwo-set-horizontal\\\/\"]}]},{\"@type\":\"ImageObject\",\"inLanguage\":\"fr-FR\",\"@id\":\"https:\\\/\\\/shop.bantam.ch\\\/fr\\\/produit\\\/detendeur-de-gaz-caramatic-drivetwo-set-horizontal\\\/#primaryimage\",\"url\":\"https:\\\/\\\/shop.bantam.ch\\\/wp-content\\\/uploads\\\/2023\\\/02\\\/997039311.jpg\",\"contentUrl\":\"https:\\\/\\\/shop.bantam.ch\\\/wp-content\\\/uploads\\\/2023\\\/02\\\/997039311.jpg\",\"width\":224,\"height\":500},{\"@type\":\"BreadcrumbList\",\"@id\":\"https:\\\/\\\/shop.bantam.ch\\\/fr\\\/produit\\\/detendeur-de-gaz-caramatic-drivetwo-set-horizontal\\\/#breadcrumb\",\"itemListElement\":[{\"@type\":\"ListItem\",\"position\":1,\"name\":\"Accueil\",\"item\":\"https:\\\/\\\/shop.bantam.ch\\\/fr\\\/\"},{\"@type\":\"ListItem\",\"position\":2,\"name\":\"Boutique\",\"item\":\"https:\\\/\\\/shop.bantam.ch\\\/fr\\\/boutique\\\/\"},{\"@type\":\"ListItem\",\"position\":3,\"name\":\"D\u00e9tendeur gaz GOK Caramatic DriveTwo-Set horizontal 30 mbar 1500 g\\\/h\"}]},{\"@type\":\"WebSite\",\"@id\":\"https:\\\/\\\/shop.bantam.ch\\\/fr\\\/#website\",\"url\":\"https:\\\/\\\/shop.bantam.ch\\\/fr\\\/\",\"name\":\"Bantam Wankm\u00fcller SA\",\"description\":\"\",\"publisher\":{\"@id\":\"https:\\\/\\\/shop.bantam.ch\\\/fr\\\/#organization\"},\"inLanguage\":\"fr-FR\"},{\"@type\":\"Organization\",\"@id\":\"https:\\\/\\\/shop.bantam.ch\\\/fr\\\/#organization\",\"name\":\"Bantam Wankm\u00fcller SA\",\"url\":\"https:\\\/\\\/shop.bantam.ch\\\/fr\\\/\",\"logo\":{\"@type\":\"ImageObject\",\"inLanguage\":\"fr-FR\",\"@id\":\"https:\\\/\\\/shop.bantam.ch\\\/fr\\\/#\\\/schema\\\/logo\\\/image\\\/\",\"url\":\"https:\\\/\\\/shop.bantam.ch\\\/wp-content\\\/uploads\\\/2022\\\/12\\\/bantam-logo.png\",\"contentUrl\":\"https:\\\/\\\/shop.bantam.ch\\\/wp-content\\\/uploads\\\/2022\\\/12\\\/bantam-logo.png\",\"width\":320,\"height\":71,\"caption\":\"Bantam Wankm\u00fcller SA\"},\"image\":{\"@id\":\"https:\\\/\\\/shop.bantam.ch\\\/fr\\\/#\\\/schema\\\/logo\\\/image\\\/\"}}]}<\/script>\n<!-- \/ Yoast SEO plugin. -->","yoast_head_json":{"title":"D\u00e9tendeur gaz GOK Caramatic DriveTwo-Set horizontal 30 mbar 1500 g\/h - Bantam Wankm\u00fcller SA","robots":{"index":"index","follow":"follow","max-snippet":"max-snippet:-1","max-image-preview":"max-image-preview:large","max-video-preview":"max-video-preview:-1"},"canonical":"https:\/\/shop.bantam.ch\/fr\/produit\/detendeur-de-gaz-caramatic-drivetwo-set-horizontal\/","og_locale":"fr_FR","og_type":"article","og_title":"D\u00e9tendeur gaz GOK Caramatic DriveTwo-Set horizontal 30 mbar 1500 g\/h - Bantam Wankm\u00fcller SA","og_description":"D\u00e9tendeur de gaz de s\u00e9curit\u00e9 avec vanne de commutation automatique pour le fonctionnement d\u2019installations \u00e0 deux bouteilles dans les caravanes et les caravanes motoris\u00e9es pendant le trajet, pour le raccordement aux bouteilles de gaz via une conduite flexible haute pression et pour la r\u00e9gulation de la pression \u00e0 la pression nominale de l\u2019appareil \u00e0 gaz. [&hellip;]","og_url":"https:\/\/shop.bantam.ch\/fr\/produit\/detendeur-de-gaz-caramatic-drivetwo-set-horizontal\/","og_site_name":"Bantam Wankm\u00fcller SA","article_modified_time":"2026-04-17T19:43:42+00:00","og_image":[{"width":224,"height":500,"url":"https:\/\/shop.bantam.ch\/wp-content\/uploads\/2023\/02\/997039311.jpg","type":"image\/jpeg"}],"twitter_card":"summary_large_image","twitter_misc":{"Dur\u00e9e de lecture estim\u00e9e":"1 minute"},"schema":{"@context":"https:\/\/schema.org","@graph":[{"@type":"WebPage","@id":"https:\/\/shop.bantam.ch\/fr\/produit\/detendeur-de-gaz-caramatic-drivetwo-set-horizontal\/","url":"https:\/\/shop.bantam.ch\/fr\/produit\/detendeur-de-gaz-caramatic-drivetwo-set-horizontal\/","name":"D\u00e9tendeur gaz GOK Caramatic DriveTwo-Set horizontal 30 mbar 1500 g\/h - Bantam Wankm\u00fcller SA","isPartOf":{"@id":"https:\/\/shop.bantam.ch\/fr\/#website"},"primaryImageOfPage":{"@id":"https:\/\/shop.bantam.ch\/fr\/produit\/detendeur-de-gaz-caramatic-drivetwo-set-horizontal\/#primaryimage"},"image":{"@id":"https:\/\/shop.bantam.ch\/fr\/produit\/detendeur-de-gaz-caramatic-drivetwo-set-horizontal\/#primaryimage"},"thumbnailUrl":"https:\/\/shop.bantam.ch\/wp-content\/uploads\/2023\/02\/997039311.jpg","datePublished":"2023-02-28T20:41:19+00:00","dateModified":"2026-04-17T19:43:42+00:00","breadcrumb":{"@id":"https:\/\/shop.bantam.ch\/fr\/produit\/detendeur-de-gaz-caramatic-drivetwo-set-horizontal\/#breadcrumb"},"inLanguage":"fr-FR","potentialAction":[{"@type":"ReadAction","target":["https:\/\/shop.bantam.ch\/fr\/produit\/detendeur-de-gaz-caramatic-drivetwo-set-horizontal\/"]}]},{"@type":"ImageObject","inLanguage":"fr-FR","@id":"https:\/\/shop.bantam.ch\/fr\/produit\/detendeur-de-gaz-caramatic-drivetwo-set-horizontal\/#primaryimage","url":"https:\/\/shop.bantam.ch\/wp-content\/uploads\/2023\/02\/997039311.jpg","contentUrl":"https:\/\/shop.bantam.ch\/wp-content\/uploads\/2023\/02\/997039311.jpg","width":224,"height":500},{"@type":"BreadcrumbList","@id":"https:\/\/shop.bantam.ch\/fr\/produit\/detendeur-de-gaz-caramatic-drivetwo-set-horizontal\/#breadcrumb","itemListElement":[{"@type":"ListItem","position":1,"name":"Accueil","item":"https:\/\/shop.bantam.ch\/fr\/"},{"@type":"ListItem","position":2,"name":"Boutique","item":"https:\/\/shop.bantam.ch\/fr\/boutique\/"},{"@type":"ListItem","position":3,"name":"D\u00e9tendeur gaz GOK Caramatic DriveTwo-Set horizontal 30 mbar 1500 g\/h"}]},{"@type":"WebSite","@id":"https:\/\/shop.bantam.ch\/fr\/#website","url":"https:\/\/shop.bantam.ch\/fr\/","name":"Bantam Wankm\u00fcller SA","description":"","publisher":{"@id":"https:\/\/shop.bantam.ch\/fr\/#organization"},"inLanguage":"fr-FR"},{"@type":"Organization","@id":"https:\/\/shop.bantam.ch\/fr\/#organization","name":"Bantam Wankm\u00fcller SA","url":"https:\/\/shop.bantam.ch\/fr\/","logo":{"@type":"ImageObject","inLanguage":"fr-FR","@id":"https:\/\/shop.bantam.ch\/fr\/#\/schema\/logo\/image\/","url":"https:\/\/shop.bantam.ch\/wp-content\/uploads\/2022\/12\/bantam-logo.png","contentUrl":"https:\/\/shop.bantam.ch\/wp-content\/uploads\/2022\/12\/bantam-logo.png","width":320,"height":71,"caption":"Bantam Wankm\u00fcller SA"},"image":{"@id":"https:\/\/shop.bantam.ch\/fr\/#\/schema\/logo\/image\/"}}]}},"_links":{"self":[{"href":"https:\/\/shop.bantam.ch\/fr\/wp-json\/wp\/v2\/product\/114611","targetHints":{"allow":["GET"]}}],"collection":[{"href":"https:\/\/shop.bantam.ch\/fr\/wp-json\/wp\/v2\/product"}],"about":[{"href":"https:\/\/shop.bantam.ch\/fr\/wp-json\/wp\/v2\/types\/product"}],"wp:featuredmedia":[{"embeddable":true,"href":"https:\/\/shop.bantam.ch\/fr\/wp-json\/wp\/v2\/media\/114609"}],"wp:attachment":[{"href":"https:\/\/shop.bantam.ch\/fr\/wp-json\/wp\/v2\/media?parent=114611"}],"wp:term":[{"taxonomy":"product_featured_cat","embeddable":true,"href":"https:\/\/shop.bantam.ch\/fr\/wp-json\/wp\/v2\/product_featured_cat?post=114611"},{"taxonomy":"product_brand","embeddable":true,"href":"https:\/\/shop.bantam.ch\/fr\/wp-json\/wp\/v2\/product_brand?post=114611"},{"taxonomy":"product_cat","embeddable":true,"href":"https:\/\/shop.bantam.ch\/fr\/wp-json\/wp\/v2\/product_cat?post=114611"},{"taxonomy":"product_tag","embeddable":true,"href":"https:\/\/shop.bantam.ch\/fr\/wp-json\/wp\/v2\/product_tag?post=114611"}],"curies":[{"name":"wp","href":"https:\/\/api.w.org\/{rel}","templated":true}]}}