{"id":114565,"date":"2023-02-28T21:40:37","date_gmt":"2023-02-28T20:40:37","guid":{"rendered":"https:\/\/shop.bantam.ch\/produit\/barbecue-de-table-bambou-plaque-de-cuisson-xl\/"},"modified":"2026-04-20T21:44:57","modified_gmt":"2026-04-20T19:44:57","slug":"barbecue-de-table-bambou-plaque-de-cuisson-xl","status":"publish","type":"product","link":"https:\/\/shop.bantam.ch\/fr\/produit\/barbecue-de-table-bambou-plaque-de-cuisson-xl\/","title":{"rendered":"Grill\/barbec. de table TRISTAR Bambou plaque de cuisson XL 51 x 25,4 cm"},"content":{"rendered":"<p>Barbecue de table joliment con\u00e7u avec finition bambou. Avec la plaque combin\u00e9e teppanyaki &amp; gril, vous pouvez pr\u00e9parer quasiment tous les repas, rapidement et facilement. La surface du grill de 51 x 25,4 cm offre suffisamment de place pour cuisiner jusqu\u2019\u00e0 6 personnes.\u00a0Gr\u00e2ce \u00e0 une puissance de 2,2 kW, les plaques sont rapidement chaudes. Le thermostat r\u00e9glable se retire facilement, ce qui permet de ranger la plaque de cuisson sans souci. Nettoyage facile gr\u00e2ce aux pi\u00e8ces lavables au lave-vaisselle.<\/p>\n<ul>\n<li>Type d\u2019\u00e9nergie : 230 V<\/li>\n<li>Temp\u00e9rature de service : max. 280\u00b0C<\/li>\n<li>Thermostat : r\u00e9glable et amovible<\/li>\n<li>Mat\u00e9riau du corps : Bambou<\/li>\n<\/ul>\n","protected":false},"excerpt":{"rendered":"<p>Barbecue de table joliment con\u00e7u avec finition bambou. Avec la plaque combin\u00e9e teppanyaki &amp; gril, vous pouvez pr\u00e9parer quasiment tous les repas, rapidement et facilement. La surface du grill de 51 x 25,4 cm offre suffisamment de place pour cuisiner jusqu\u2019\u00e0 6 personnes.\u00a0Gr\u00e2ce \u00e0 une puissance de 2,2 kW, les plaques sont rapidement chaudes. Le [&hellip;]<\/p>\n","protected":false},"featured_media":114561,"template":"","meta":{"_acf_changed":false},"product_featured_cat":[],"product_brand":[3198],"product_cat":[4277],"product_tag":[],"class_list":{"0":"post-114565","1":"product","2":"type-product","3":"status-publish","4":"has-post-thumbnail","6":"product_brand-tristar","7":"product_cat-barbecues-electriques","9":"first","10":"instock","11":"taxable","12":"shipping-taxable","13":"purchasable","14":"product-type-simple"},"acf":[],"yoast_head":"<!-- This site is optimized with the Yoast SEO plugin v27.4 - https:\/\/yoast.com\/product\/yoast-seo-wordpress\/ -->\n<title>Grill\/barbec. de table TRISTAR Bambou plaque de cuisson XL 51 x 25,4 cm - Bantam Wankm\u00fcller SA<\/title>\n<meta name=\"robots\" content=\"index, follow, max-snippet:-1, max-image-preview:large, max-video-preview:-1\" \/>\n<link rel=\"canonical\" href=\"https:\/\/shop.bantam.ch\/fr\/produit\/barbecue-de-table-bambou-plaque-de-cuisson-xl\/\" \/>\n<meta property=\"og:locale\" content=\"fr_FR\" \/>\n<meta property=\"og:type\" content=\"article\" \/>\n<meta property=\"og:title\" content=\"Grill\/barbec. de table TRISTAR Bambou plaque de cuisson XL 51 x 25,4 cm - Bantam Wankm\u00fcller SA\" \/>\n<meta property=\"og:description\" content=\"Barbecue de table joliment con\u00e7u avec finition bambou. Avec la plaque combin\u00e9e teppanyaki &amp; gril, vous pouvez pr\u00e9parer quasiment tous les repas, rapidement et facilement. La surface du grill de 51 x 25,4 cm offre suffisamment de place pour cuisiner jusqu\u2019\u00e0 6 personnes.\u00a0Gr\u00e2ce \u00e0 une puissance de 2,2 kW, les plaques sont rapidement chaudes. Le [&hellip;]\" \/>\n<meta property=\"og:url\" content=\"https:\/\/shop.bantam.ch\/fr\/produit\/barbecue-de-table-bambou-plaque-de-cuisson-xl\/\" \/>\n<meta property=\"og:site_name\" content=\"Bantam Wankm\u00fcller SA\" \/>\n<meta property=\"article:modified_time\" content=\"2026-04-20T19:44:57+00:00\" \/>\n<meta property=\"og:image\" content=\"https:\/\/shop.bantam.ch\/wp-content\/uploads\/2023\/02\/996116611.jpg\" \/>\n\t<meta property=\"og:image:width\" content=\"1000\" \/>\n\t<meta property=\"og:image:height\" content=\"391\" \/>\n\t<meta property=\"og:image:type\" content=\"image\/jpeg\" \/>\n<meta name=\"twitter:card\" content=\"summary_large_image\" \/>\n<meta name=\"twitter:label1\" content=\"Dur\u00e9e de lecture estim\u00e9e\" \/>\n\t<meta name=\"twitter:data1\" content=\"1 minute\" \/>\n<script type=\"application\/ld+json\" class=\"yoast-schema-graph\">{\"@context\":\"https:\\\/\\\/schema.org\",\"@graph\":[{\"@type\":\"WebPage\",\"@id\":\"https:\\\/\\\/shop.bantam.ch\\\/fr\\\/produit\\\/barbecue-de-table-bambou-plaque-de-cuisson-xl\\\/\",\"url\":\"https:\\\/\\\/shop.bantam.ch\\\/fr\\\/produit\\\/barbecue-de-table-bambou-plaque-de-cuisson-xl\\\/\",\"name\":\"Grill\\\/barbec. de table TRISTAR Bambou plaque de cuisson XL 51 x 25,4 cm - Bantam Wankm\u00fcller SA\",\"isPartOf\":{\"@id\":\"https:\\\/\\\/shop.bantam.ch\\\/fr\\\/#website\"},\"primaryImageOfPage\":{\"@id\":\"https:\\\/\\\/shop.bantam.ch\\\/fr\\\/produit\\\/barbecue-de-table-bambou-plaque-de-cuisson-xl\\\/#primaryimage\"},\"image\":{\"@id\":\"https:\\\/\\\/shop.bantam.ch\\\/fr\\\/produit\\\/barbecue-de-table-bambou-plaque-de-cuisson-xl\\\/#primaryimage\"},\"thumbnailUrl\":\"https:\\\/\\\/shop.bantam.ch\\\/wp-content\\\/uploads\\\/2023\\\/02\\\/996116611.jpg\",\"datePublished\":\"2023-02-28T20:40:37+00:00\",\"dateModified\":\"2026-04-20T19:44:57+00:00\",\"breadcrumb\":{\"@id\":\"https:\\\/\\\/shop.bantam.ch\\\/fr\\\/produit\\\/barbecue-de-table-bambou-plaque-de-cuisson-xl\\\/#breadcrumb\"},\"inLanguage\":\"fr-FR\",\"potentialAction\":[{\"@type\":\"ReadAction\",\"target\":[\"https:\\\/\\\/shop.bantam.ch\\\/fr\\\/produit\\\/barbecue-de-table-bambou-plaque-de-cuisson-xl\\\/\"]}]},{\"@type\":\"ImageObject\",\"inLanguage\":\"fr-FR\",\"@id\":\"https:\\\/\\\/shop.bantam.ch\\\/fr\\\/produit\\\/barbecue-de-table-bambou-plaque-de-cuisson-xl\\\/#primaryimage\",\"url\":\"https:\\\/\\\/shop.bantam.ch\\\/wp-content\\\/uploads\\\/2023\\\/02\\\/996116611.jpg\",\"contentUrl\":\"https:\\\/\\\/shop.bantam.ch\\\/wp-content\\\/uploads\\\/2023\\\/02\\\/996116611.jpg\",\"width\":1000,\"height\":391},{\"@type\":\"BreadcrumbList\",\"@id\":\"https:\\\/\\\/shop.bantam.ch\\\/fr\\\/produit\\\/barbecue-de-table-bambou-plaque-de-cuisson-xl\\\/#breadcrumb\",\"itemListElement\":[{\"@type\":\"ListItem\",\"position\":1,\"name\":\"Accueil\",\"item\":\"https:\\\/\\\/shop.bantam.ch\\\/fr\\\/\"},{\"@type\":\"ListItem\",\"position\":2,\"name\":\"Boutique\",\"item\":\"https:\\\/\\\/shop.bantam.ch\\\/fr\\\/boutique\\\/\"},{\"@type\":\"ListItem\",\"position\":3,\"name\":\"Grill\\\/barbec. de table TRISTAR Bambou plaque de cuisson XL 51 x 25,4 cm\"}]},{\"@type\":\"WebSite\",\"@id\":\"https:\\\/\\\/shop.bantam.ch\\\/fr\\\/#website\",\"url\":\"https:\\\/\\\/shop.bantam.ch\\\/fr\\\/\",\"name\":\"Bantam Wankm\u00fcller SA\",\"description\":\"\",\"publisher\":{\"@id\":\"https:\\\/\\\/shop.bantam.ch\\\/fr\\\/#organization\"},\"inLanguage\":\"fr-FR\"},{\"@type\":\"Organization\",\"@id\":\"https:\\\/\\\/shop.bantam.ch\\\/fr\\\/#organization\",\"name\":\"Bantam Wankm\u00fcller SA\",\"url\":\"https:\\\/\\\/shop.bantam.ch\\\/fr\\\/\",\"logo\":{\"@type\":\"ImageObject\",\"inLanguage\":\"fr-FR\",\"@id\":\"https:\\\/\\\/shop.bantam.ch\\\/fr\\\/#\\\/schema\\\/logo\\\/image\\\/\",\"url\":\"https:\\\/\\\/shop.bantam.ch\\\/wp-content\\\/uploads\\\/2022\\\/12\\\/bantam-logo.png\",\"contentUrl\":\"https:\\\/\\\/shop.bantam.ch\\\/wp-content\\\/uploads\\\/2022\\\/12\\\/bantam-logo.png\",\"width\":320,\"height\":71,\"caption\":\"Bantam Wankm\u00fcller SA\"},\"image\":{\"@id\":\"https:\\\/\\\/shop.bantam.ch\\\/fr\\\/#\\\/schema\\\/logo\\\/image\\\/\"}}]}<\/script>\n<!-- \/ Yoast SEO plugin. -->","yoast_head_json":{"title":"Grill\/barbec. de table TRISTAR Bambou plaque de cuisson XL 51 x 25,4 cm - Bantam Wankm\u00fcller SA","robots":{"index":"index","follow":"follow","max-snippet":"max-snippet:-1","max-image-preview":"max-image-preview:large","max-video-preview":"max-video-preview:-1"},"canonical":"https:\/\/shop.bantam.ch\/fr\/produit\/barbecue-de-table-bambou-plaque-de-cuisson-xl\/","og_locale":"fr_FR","og_type":"article","og_title":"Grill\/barbec. de table TRISTAR Bambou plaque de cuisson XL 51 x 25,4 cm - Bantam Wankm\u00fcller SA","og_description":"Barbecue de table joliment con\u00e7u avec finition bambou. Avec la plaque combin\u00e9e teppanyaki &amp; gril, vous pouvez pr\u00e9parer quasiment tous les repas, rapidement et facilement. La surface du grill de 51 x 25,4 cm offre suffisamment de place pour cuisiner jusqu\u2019\u00e0 6 personnes.\u00a0Gr\u00e2ce \u00e0 une puissance de 2,2 kW, les plaques sont rapidement chaudes. Le [&hellip;]","og_url":"https:\/\/shop.bantam.ch\/fr\/produit\/barbecue-de-table-bambou-plaque-de-cuisson-xl\/","og_site_name":"Bantam Wankm\u00fcller SA","article_modified_time":"2026-04-20T19:44:57+00:00","og_image":[{"width":1000,"height":391,"url":"https:\/\/shop.bantam.ch\/wp-content\/uploads\/2023\/02\/996116611.jpg","type":"image\/jpeg"}],"twitter_card":"summary_large_image","twitter_misc":{"Dur\u00e9e de lecture estim\u00e9e":"1 minute"},"schema":{"@context":"https:\/\/schema.org","@graph":[{"@type":"WebPage","@id":"https:\/\/shop.bantam.ch\/fr\/produit\/barbecue-de-table-bambou-plaque-de-cuisson-xl\/","url":"https:\/\/shop.bantam.ch\/fr\/produit\/barbecue-de-table-bambou-plaque-de-cuisson-xl\/","name":"Grill\/barbec. de table TRISTAR Bambou plaque de cuisson XL 51 x 25,4 cm - Bantam Wankm\u00fcller SA","isPartOf":{"@id":"https:\/\/shop.bantam.ch\/fr\/#website"},"primaryImageOfPage":{"@id":"https:\/\/shop.bantam.ch\/fr\/produit\/barbecue-de-table-bambou-plaque-de-cuisson-xl\/#primaryimage"},"image":{"@id":"https:\/\/shop.bantam.ch\/fr\/produit\/barbecue-de-table-bambou-plaque-de-cuisson-xl\/#primaryimage"},"thumbnailUrl":"https:\/\/shop.bantam.ch\/wp-content\/uploads\/2023\/02\/996116611.jpg","datePublished":"2023-02-28T20:40:37+00:00","dateModified":"2026-04-20T19:44:57+00:00","breadcrumb":{"@id":"https:\/\/shop.bantam.ch\/fr\/produit\/barbecue-de-table-bambou-plaque-de-cuisson-xl\/#breadcrumb"},"inLanguage":"fr-FR","potentialAction":[{"@type":"ReadAction","target":["https:\/\/shop.bantam.ch\/fr\/produit\/barbecue-de-table-bambou-plaque-de-cuisson-xl\/"]}]},{"@type":"ImageObject","inLanguage":"fr-FR","@id":"https:\/\/shop.bantam.ch\/fr\/produit\/barbecue-de-table-bambou-plaque-de-cuisson-xl\/#primaryimage","url":"https:\/\/shop.bantam.ch\/wp-content\/uploads\/2023\/02\/996116611.jpg","contentUrl":"https:\/\/shop.bantam.ch\/wp-content\/uploads\/2023\/02\/996116611.jpg","width":1000,"height":391},{"@type":"BreadcrumbList","@id":"https:\/\/shop.bantam.ch\/fr\/produit\/barbecue-de-table-bambou-plaque-de-cuisson-xl\/#breadcrumb","itemListElement":[{"@type":"ListItem","position":1,"name":"Accueil","item":"https:\/\/shop.bantam.ch\/fr\/"},{"@type":"ListItem","position":2,"name":"Boutique","item":"https:\/\/shop.bantam.ch\/fr\/boutique\/"},{"@type":"ListItem","position":3,"name":"Grill\/barbec. de table TRISTAR Bambou plaque de cuisson XL 51 x 25,4 cm"}]},{"@type":"WebSite","@id":"https:\/\/shop.bantam.ch\/fr\/#website","url":"https:\/\/shop.bantam.ch\/fr\/","name":"Bantam Wankm\u00fcller SA","description":"","publisher":{"@id":"https:\/\/shop.bantam.ch\/fr\/#organization"},"inLanguage":"fr-FR"},{"@type":"Organization","@id":"https:\/\/shop.bantam.ch\/fr\/#organization","name":"Bantam Wankm\u00fcller SA","url":"https:\/\/shop.bantam.ch\/fr\/","logo":{"@type":"ImageObject","inLanguage":"fr-FR","@id":"https:\/\/shop.bantam.ch\/fr\/#\/schema\/logo\/image\/","url":"https:\/\/shop.bantam.ch\/wp-content\/uploads\/2022\/12\/bantam-logo.png","contentUrl":"https:\/\/shop.bantam.ch\/wp-content\/uploads\/2022\/12\/bantam-logo.png","width":320,"height":71,"caption":"Bantam Wankm\u00fcller SA"},"image":{"@id":"https:\/\/shop.bantam.ch\/fr\/#\/schema\/logo\/image\/"}}]}},"_links":{"self":[{"href":"https:\/\/shop.bantam.ch\/fr\/wp-json\/wp\/v2\/product\/114565","targetHints":{"allow":["GET"]}}],"collection":[{"href":"https:\/\/shop.bantam.ch\/fr\/wp-json\/wp\/v2\/product"}],"about":[{"href":"https:\/\/shop.bantam.ch\/fr\/wp-json\/wp\/v2\/types\/product"}],"wp:featuredmedia":[{"embeddable":true,"href":"https:\/\/shop.bantam.ch\/fr\/wp-json\/wp\/v2\/media\/114561"}],"wp:attachment":[{"href":"https:\/\/shop.bantam.ch\/fr\/wp-json\/wp\/v2\/media?parent=114565"}],"wp:term":[{"taxonomy":"product_featured_cat","embeddable":true,"href":"https:\/\/shop.bantam.ch\/fr\/wp-json\/wp\/v2\/product_featured_cat?post=114565"},{"taxonomy":"product_brand","embeddable":true,"href":"https:\/\/shop.bantam.ch\/fr\/wp-json\/wp\/v2\/product_brand?post=114565"},{"taxonomy":"product_cat","embeddable":true,"href":"https:\/\/shop.bantam.ch\/fr\/wp-json\/wp\/v2\/product_cat?post=114565"},{"taxonomy":"product_tag","embeddable":true,"href":"https:\/\/shop.bantam.ch\/fr\/wp-json\/wp\/v2\/product_tag?post=114565"}],"curies":[{"name":"wp","href":"https:\/\/api.w.org\/{rel}","templated":true}]}}