{"id":114509,"date":"2023-02-28T21:39:32","date_gmt":"2023-02-28T20:39:32","guid":{"rendered":"https:\/\/shop.bantam.ch\/produit\/tente-de-rangement-bike-shelter-xl-190-x-170-x-190-cm\/"},"modified":"2026-04-19T21:46:11","modified_gmt":"2026-04-19T19:46:11","slug":"tente-de-rangement-bike-shelter-xl-190-x-170-x-190-cm","status":"publish","type":"product","link":"https:\/\/shop.bantam.ch\/fr\/produit\/tente-de-rangement-bike-shelter-xl-190-x-170-x-190-cm\/","title":{"rendered":"Tente de rangement EuroTrail Bike Shelter XL 190 x 170 x 190 cm"},"content":{"rendered":"<p>Tente de stockage \u00e0 fixer \u00e0 l&rsquo;arri\u00e8re de la caravane. Se fixe au v\u00e9hicule \u00e0 travers le jonc. Espace int\u00e9rieur spacieux pour ranger les v\u00e9los, les meubles de camping ou tout autre \u00e9quipement de camping. Ne convient pas \u00e0 une utilisation continue.<\/p>\n<p>Mat\u00e9riau\u00a0:<br \/>100 % polyester<br \/>Armature : fibre de verre<\/p>\n","protected":false},"excerpt":{"rendered":"<p>Tente de stockage \u00e0 fixer \u00e0 l&rsquo;arri\u00e8re de la caravane. Se fixe au v\u00e9hicule \u00e0 travers le jonc. Espace int\u00e9rieur spacieux pour ranger les v\u00e9los, les meubles de camping ou tout autre \u00e9quipement de camping. Ne convient pas \u00e0 une utilisation continue. Mat\u00e9riau\u00a0:100 % polyesterArmature : fibre de verre<\/p>\n","protected":false},"featured_media":114501,"template":"","meta":{"_acf_changed":false},"product_featured_cat":[],"product_brand":[3074],"product_cat":[4241],"product_tag":[],"class_list":{"0":"post-114509","1":"product","2":"type-product","3":"status-publish","4":"has-post-thumbnail","6":"product_brand-eurotrail","7":"product_cat-tentes-fonctionnelles","9":"first","10":"instock","11":"taxable","12":"shipping-taxable","13":"purchasable","14":"product-type-simple"},"acf":[],"yoast_head":"<!-- This site is optimized with the Yoast SEO plugin v27.4 - https:\/\/yoast.com\/product\/yoast-seo-wordpress\/ -->\n<title>Tente de rangement EuroTrail Bike Shelter XL 190 x 170 x 190 cm - Bantam Wankm\u00fcller SA<\/title>\n<meta name=\"robots\" content=\"index, follow, max-snippet:-1, max-image-preview:large, max-video-preview:-1\" \/>\n<link rel=\"canonical\" href=\"https:\/\/shop.bantam.ch\/fr\/produit\/tente-de-rangement-bike-shelter-xl-190-x-170-x-190-cm\/\" \/>\n<meta property=\"og:locale\" content=\"fr_FR\" \/>\n<meta property=\"og:type\" content=\"article\" \/>\n<meta property=\"og:title\" content=\"Tente de rangement EuroTrail Bike Shelter XL 190 x 170 x 190 cm - Bantam Wankm\u00fcller SA\" \/>\n<meta property=\"og:description\" content=\"Tente de stockage \u00e0 fixer \u00e0 l&rsquo;arri\u00e8re de la caravane. Se fixe au v\u00e9hicule \u00e0 travers le jonc. Espace int\u00e9rieur spacieux pour ranger les v\u00e9los, les meubles de camping ou tout autre \u00e9quipement de camping. Ne convient pas \u00e0 une utilisation continue. Mat\u00e9riau\u00a0:100 % polyesterArmature : fibre de verre\" \/>\n<meta property=\"og:url\" content=\"https:\/\/shop.bantam.ch\/fr\/produit\/tente-de-rangement-bike-shelter-xl-190-x-170-x-190-cm\/\" \/>\n<meta property=\"og:site_name\" content=\"Bantam Wankm\u00fcller SA\" \/>\n<meta property=\"article:modified_time\" content=\"2026-04-19T19:46:11+00:00\" \/>\n<meta property=\"og:image\" content=\"https:\/\/shop.bantam.ch\/wp-content\/uploads\/2023\/02\/997036811.jpg\" \/>\n\t<meta property=\"og:image:width\" content=\"1000\" \/>\n\t<meta property=\"og:image:height\" content=\"746\" \/>\n\t<meta property=\"og:image:type\" content=\"image\/jpeg\" \/>\n<meta name=\"twitter:card\" content=\"summary_large_image\" \/>\n<script type=\"application\/ld+json\" class=\"yoast-schema-graph\">{\"@context\":\"https:\\\/\\\/schema.org\",\"@graph\":[{\"@type\":\"WebPage\",\"@id\":\"https:\\\/\\\/shop.bantam.ch\\\/fr\\\/produit\\\/tente-de-rangement-bike-shelter-xl-190-x-170-x-190-cm\\\/\",\"url\":\"https:\\\/\\\/shop.bantam.ch\\\/fr\\\/produit\\\/tente-de-rangement-bike-shelter-xl-190-x-170-x-190-cm\\\/\",\"name\":\"Tente de rangement EuroTrail Bike Shelter XL 190 x 170 x 190 cm - Bantam Wankm\u00fcller SA\",\"isPartOf\":{\"@id\":\"https:\\\/\\\/shop.bantam.ch\\\/fr\\\/#website\"},\"primaryImageOfPage\":{\"@id\":\"https:\\\/\\\/shop.bantam.ch\\\/fr\\\/produit\\\/tente-de-rangement-bike-shelter-xl-190-x-170-x-190-cm\\\/#primaryimage\"},\"image\":{\"@id\":\"https:\\\/\\\/shop.bantam.ch\\\/fr\\\/produit\\\/tente-de-rangement-bike-shelter-xl-190-x-170-x-190-cm\\\/#primaryimage\"},\"thumbnailUrl\":\"https:\\\/\\\/shop.bantam.ch\\\/wp-content\\\/uploads\\\/2023\\\/02\\\/997036811.jpg\",\"datePublished\":\"2023-02-28T20:39:32+00:00\",\"dateModified\":\"2026-04-19T19:46:11+00:00\",\"breadcrumb\":{\"@id\":\"https:\\\/\\\/shop.bantam.ch\\\/fr\\\/produit\\\/tente-de-rangement-bike-shelter-xl-190-x-170-x-190-cm\\\/#breadcrumb\"},\"inLanguage\":\"fr-FR\",\"potentialAction\":[{\"@type\":\"ReadAction\",\"target\":[\"https:\\\/\\\/shop.bantam.ch\\\/fr\\\/produit\\\/tente-de-rangement-bike-shelter-xl-190-x-170-x-190-cm\\\/\"]}]},{\"@type\":\"ImageObject\",\"inLanguage\":\"fr-FR\",\"@id\":\"https:\\\/\\\/shop.bantam.ch\\\/fr\\\/produit\\\/tente-de-rangement-bike-shelter-xl-190-x-170-x-190-cm\\\/#primaryimage\",\"url\":\"https:\\\/\\\/shop.bantam.ch\\\/wp-content\\\/uploads\\\/2023\\\/02\\\/997036811.jpg\",\"contentUrl\":\"https:\\\/\\\/shop.bantam.ch\\\/wp-content\\\/uploads\\\/2023\\\/02\\\/997036811.jpg\",\"width\":1000,\"height\":746},{\"@type\":\"BreadcrumbList\",\"@id\":\"https:\\\/\\\/shop.bantam.ch\\\/fr\\\/produit\\\/tente-de-rangement-bike-shelter-xl-190-x-170-x-190-cm\\\/#breadcrumb\",\"itemListElement\":[{\"@type\":\"ListItem\",\"position\":1,\"name\":\"Accueil\",\"item\":\"https:\\\/\\\/shop.bantam.ch\\\/fr\\\/\"},{\"@type\":\"ListItem\",\"position\":2,\"name\":\"Boutique\",\"item\":\"https:\\\/\\\/shop.bantam.ch\\\/fr\\\/boutique\\\/\"},{\"@type\":\"ListItem\",\"position\":3,\"name\":\"Tente de rangement EuroTrail Bike Shelter XL 190 x 170 x 190 cm\"}]},{\"@type\":\"WebSite\",\"@id\":\"https:\\\/\\\/shop.bantam.ch\\\/fr\\\/#website\",\"url\":\"https:\\\/\\\/shop.bantam.ch\\\/fr\\\/\",\"name\":\"Bantam Wankm\u00fcller SA\",\"description\":\"\",\"publisher\":{\"@id\":\"https:\\\/\\\/shop.bantam.ch\\\/fr\\\/#organization\"},\"inLanguage\":\"fr-FR\"},{\"@type\":\"Organization\",\"@id\":\"https:\\\/\\\/shop.bantam.ch\\\/fr\\\/#organization\",\"name\":\"Bantam Wankm\u00fcller SA\",\"url\":\"https:\\\/\\\/shop.bantam.ch\\\/fr\\\/\",\"logo\":{\"@type\":\"ImageObject\",\"inLanguage\":\"fr-FR\",\"@id\":\"https:\\\/\\\/shop.bantam.ch\\\/fr\\\/#\\\/schema\\\/logo\\\/image\\\/\",\"url\":\"https:\\\/\\\/shop.bantam.ch\\\/wp-content\\\/uploads\\\/2022\\\/12\\\/bantam-logo.png\",\"contentUrl\":\"https:\\\/\\\/shop.bantam.ch\\\/wp-content\\\/uploads\\\/2022\\\/12\\\/bantam-logo.png\",\"width\":320,\"height\":71,\"caption\":\"Bantam Wankm\u00fcller SA\"},\"image\":{\"@id\":\"https:\\\/\\\/shop.bantam.ch\\\/fr\\\/#\\\/schema\\\/logo\\\/image\\\/\"}}]}<\/script>\n<!-- \/ Yoast SEO plugin. -->","yoast_head_json":{"title":"Tente de rangement EuroTrail Bike Shelter XL 190 x 170 x 190 cm - Bantam Wankm\u00fcller SA","robots":{"index":"index","follow":"follow","max-snippet":"max-snippet:-1","max-image-preview":"max-image-preview:large","max-video-preview":"max-video-preview:-1"},"canonical":"https:\/\/shop.bantam.ch\/fr\/produit\/tente-de-rangement-bike-shelter-xl-190-x-170-x-190-cm\/","og_locale":"fr_FR","og_type":"article","og_title":"Tente de rangement EuroTrail Bike Shelter XL 190 x 170 x 190 cm - Bantam Wankm\u00fcller SA","og_description":"Tente de stockage \u00e0 fixer \u00e0 l&rsquo;arri\u00e8re de la caravane. Se fixe au v\u00e9hicule \u00e0 travers le jonc. Espace int\u00e9rieur spacieux pour ranger les v\u00e9los, les meubles de camping ou tout autre \u00e9quipement de camping. Ne convient pas \u00e0 une utilisation continue. Mat\u00e9riau\u00a0:100 % polyesterArmature : fibre de verre","og_url":"https:\/\/shop.bantam.ch\/fr\/produit\/tente-de-rangement-bike-shelter-xl-190-x-170-x-190-cm\/","og_site_name":"Bantam Wankm\u00fcller SA","article_modified_time":"2026-04-19T19:46:11+00:00","og_image":[{"width":1000,"height":746,"url":"https:\/\/shop.bantam.ch\/wp-content\/uploads\/2023\/02\/997036811.jpg","type":"image\/jpeg"}],"twitter_card":"summary_large_image","schema":{"@context":"https:\/\/schema.org","@graph":[{"@type":"WebPage","@id":"https:\/\/shop.bantam.ch\/fr\/produit\/tente-de-rangement-bike-shelter-xl-190-x-170-x-190-cm\/","url":"https:\/\/shop.bantam.ch\/fr\/produit\/tente-de-rangement-bike-shelter-xl-190-x-170-x-190-cm\/","name":"Tente de rangement EuroTrail Bike Shelter XL 190 x 170 x 190 cm - Bantam Wankm\u00fcller SA","isPartOf":{"@id":"https:\/\/shop.bantam.ch\/fr\/#website"},"primaryImageOfPage":{"@id":"https:\/\/shop.bantam.ch\/fr\/produit\/tente-de-rangement-bike-shelter-xl-190-x-170-x-190-cm\/#primaryimage"},"image":{"@id":"https:\/\/shop.bantam.ch\/fr\/produit\/tente-de-rangement-bike-shelter-xl-190-x-170-x-190-cm\/#primaryimage"},"thumbnailUrl":"https:\/\/shop.bantam.ch\/wp-content\/uploads\/2023\/02\/997036811.jpg","datePublished":"2023-02-28T20:39:32+00:00","dateModified":"2026-04-19T19:46:11+00:00","breadcrumb":{"@id":"https:\/\/shop.bantam.ch\/fr\/produit\/tente-de-rangement-bike-shelter-xl-190-x-170-x-190-cm\/#breadcrumb"},"inLanguage":"fr-FR","potentialAction":[{"@type":"ReadAction","target":["https:\/\/shop.bantam.ch\/fr\/produit\/tente-de-rangement-bike-shelter-xl-190-x-170-x-190-cm\/"]}]},{"@type":"ImageObject","inLanguage":"fr-FR","@id":"https:\/\/shop.bantam.ch\/fr\/produit\/tente-de-rangement-bike-shelter-xl-190-x-170-x-190-cm\/#primaryimage","url":"https:\/\/shop.bantam.ch\/wp-content\/uploads\/2023\/02\/997036811.jpg","contentUrl":"https:\/\/shop.bantam.ch\/wp-content\/uploads\/2023\/02\/997036811.jpg","width":1000,"height":746},{"@type":"BreadcrumbList","@id":"https:\/\/shop.bantam.ch\/fr\/produit\/tente-de-rangement-bike-shelter-xl-190-x-170-x-190-cm\/#breadcrumb","itemListElement":[{"@type":"ListItem","position":1,"name":"Accueil","item":"https:\/\/shop.bantam.ch\/fr\/"},{"@type":"ListItem","position":2,"name":"Boutique","item":"https:\/\/shop.bantam.ch\/fr\/boutique\/"},{"@type":"ListItem","position":3,"name":"Tente de rangement EuroTrail Bike Shelter XL 190 x 170 x 190 cm"}]},{"@type":"WebSite","@id":"https:\/\/shop.bantam.ch\/fr\/#website","url":"https:\/\/shop.bantam.ch\/fr\/","name":"Bantam Wankm\u00fcller SA","description":"","publisher":{"@id":"https:\/\/shop.bantam.ch\/fr\/#organization"},"inLanguage":"fr-FR"},{"@type":"Organization","@id":"https:\/\/shop.bantam.ch\/fr\/#organization","name":"Bantam Wankm\u00fcller SA","url":"https:\/\/shop.bantam.ch\/fr\/","logo":{"@type":"ImageObject","inLanguage":"fr-FR","@id":"https:\/\/shop.bantam.ch\/fr\/#\/schema\/logo\/image\/","url":"https:\/\/shop.bantam.ch\/wp-content\/uploads\/2022\/12\/bantam-logo.png","contentUrl":"https:\/\/shop.bantam.ch\/wp-content\/uploads\/2022\/12\/bantam-logo.png","width":320,"height":71,"caption":"Bantam Wankm\u00fcller SA"},"image":{"@id":"https:\/\/shop.bantam.ch\/fr\/#\/schema\/logo\/image\/"}}]}},"_links":{"self":[{"href":"https:\/\/shop.bantam.ch\/fr\/wp-json\/wp\/v2\/product\/114509","targetHints":{"allow":["GET"]}}],"collection":[{"href":"https:\/\/shop.bantam.ch\/fr\/wp-json\/wp\/v2\/product"}],"about":[{"href":"https:\/\/shop.bantam.ch\/fr\/wp-json\/wp\/v2\/types\/product"}],"wp:featuredmedia":[{"embeddable":true,"href":"https:\/\/shop.bantam.ch\/fr\/wp-json\/wp\/v2\/media\/114501"}],"wp:attachment":[{"href":"https:\/\/shop.bantam.ch\/fr\/wp-json\/wp\/v2\/media?parent=114509"}],"wp:term":[{"taxonomy":"product_featured_cat","embeddable":true,"href":"https:\/\/shop.bantam.ch\/fr\/wp-json\/wp\/v2\/product_featured_cat?post=114509"},{"taxonomy":"product_brand","embeddable":true,"href":"https:\/\/shop.bantam.ch\/fr\/wp-json\/wp\/v2\/product_brand?post=114509"},{"taxonomy":"product_cat","embeddable":true,"href":"https:\/\/shop.bantam.ch\/fr\/wp-json\/wp\/v2\/product_cat?post=114509"},{"taxonomy":"product_tag","embeddable":true,"href":"https:\/\/shop.bantam.ch\/fr\/wp-json\/wp\/v2\/product_tag?post=114509"}],"curies":[{"name":"wp","href":"https:\/\/api.w.org\/{rel}","templated":true}]}}