{"id":114099,"date":"2023-02-28T21:33:23","date_gmt":"2023-02-28T20:33:23","guid":{"rendered":"https:\/\/shop.bantam.ch\/produit\/assiette-creuse-meteore-azur-21-cm-blanc-bleu\/"},"modified":"2026-04-20T21:44:26","modified_gmt":"2026-04-20T19:44:26","slug":"assiette-creuse-meteore-azur-21-cm-blanc-bleu","status":"publish","type":"product","link":"https:\/\/shop.bantam.ch\/fr\/produit\/assiette-creuse-meteore-azur-21-cm-blanc-bleu\/","title":{"rendered":"Assiette creuse m\u00e9lam. BRUNNER Meteore Azur diam. 21 cm coul. blanc \/ bleu"},"content":{"rendered":"<p>M\u00e9lange m\u00e9lamine\/min\u00e9raux nouvellement d\u00e9velopp\u00e9 avec d\u2019excellentes propri\u00e9t\u00e9s fonctionnelles :<\/p>\n<p>&#8211; Surface dure<br \/>&#8211; Stable dimensionnellement<br \/>&#8211; Brille comme la porcelaine<br \/>&#8211; Aspect porcelaine<br \/>&#8211; Convient \u00e0 un usage alimentaire<br \/>&#8211; Hygi\u00e9nique, facile \u00e0 nettoyer<br \/>&#8211; Inodore et neutre de go\u00fbt<br \/>&#8211; Incassable<br \/>&#8211; Durable<\/p>\n","protected":false},"excerpt":{"rendered":"<p>M\u00e9lange m\u00e9lamine\/min\u00e9raux nouvellement d\u00e9velopp\u00e9 avec d\u2019excellentes propri\u00e9t\u00e9s fonctionnelles : &#8211; Surface dure&#8211; Stable dimensionnellement&#8211; Brille comme la porcelaine&#8211; Aspect porcelaine&#8211; Convient \u00e0 un usage alimentaire&#8211; Hygi\u00e9nique, facile \u00e0 nettoyer&#8211; Inodore et neutre de go\u00fbt&#8211; Incassable&#8211; Durable<\/p>\n","protected":false},"featured_media":114097,"template":"","meta":{"_acf_changed":false},"product_featured_cat":[],"product_brand":[3080],"product_cat":[4271],"product_tag":[],"class_list":{"0":"post-114099","1":"product","2":"type-product","3":"status-publish","4":"has-post-thumbnail","6":"product_brand-brunner","7":"product_cat-assiettes-et-coquetiers","9":"first","10":"instock","11":"taxable","12":"shipping-taxable","13":"purchasable","14":"product-type-simple"},"acf":[],"yoast_head":"<!-- This site is optimized with the Yoast SEO plugin v27.4 - https:\/\/yoast.com\/product\/yoast-seo-wordpress\/ -->\n<title>Assiette creuse m\u00e9lam. BRUNNER Meteore Azur diam. 21 cm coul. blanc \/ bleu - Bantam Wankm\u00fcller SA<\/title>\n<meta name=\"robots\" content=\"index, follow, max-snippet:-1, max-image-preview:large, max-video-preview:-1\" \/>\n<link rel=\"canonical\" href=\"https:\/\/shop.bantam.ch\/fr\/produit\/assiette-creuse-meteore-azur-21-cm-blanc-bleu\/\" \/>\n<meta property=\"og:locale\" content=\"fr_FR\" \/>\n<meta property=\"og:type\" content=\"article\" \/>\n<meta property=\"og:title\" content=\"Assiette creuse m\u00e9lam. BRUNNER Meteore Azur diam. 21 cm coul. blanc \/ bleu - Bantam Wankm\u00fcller SA\" \/>\n<meta property=\"og:description\" content=\"M\u00e9lange m\u00e9lamine\/min\u00e9raux nouvellement d\u00e9velopp\u00e9 avec d\u2019excellentes propri\u00e9t\u00e9s fonctionnelles : &#8211; Surface dure&#8211; Stable dimensionnellement&#8211; Brille comme la porcelaine&#8211; Aspect porcelaine&#8211; Convient \u00e0 un usage alimentaire&#8211; Hygi\u00e9nique, facile \u00e0 nettoyer&#8211; Inodore et neutre de go\u00fbt&#8211; Incassable&#8211; Durable\" \/>\n<meta property=\"og:url\" content=\"https:\/\/shop.bantam.ch\/fr\/produit\/assiette-creuse-meteore-azur-21-cm-blanc-bleu\/\" \/>\n<meta property=\"og:site_name\" content=\"Bantam Wankm\u00fcller SA\" \/>\n<meta property=\"article:modified_time\" content=\"2026-04-20T19:44:26+00:00\" \/>\n<meta property=\"og:image\" content=\"https:\/\/shop.bantam.ch\/wp-content\/uploads\/2023\/02\/994434911.jpg\" \/>\n\t<meta property=\"og:image:width\" content=\"1000\" \/>\n\t<meta property=\"og:image:height\" content=\"999\" \/>\n\t<meta property=\"og:image:type\" content=\"image\/jpeg\" \/>\n<meta name=\"twitter:card\" content=\"summary_large_image\" \/>\n<script type=\"application\/ld+json\" class=\"yoast-schema-graph\">{\"@context\":\"https:\\\/\\\/schema.org\",\"@graph\":[{\"@type\":\"WebPage\",\"@id\":\"https:\\\/\\\/shop.bantam.ch\\\/fr\\\/produit\\\/assiette-creuse-meteore-azur-21-cm-blanc-bleu\\\/\",\"url\":\"https:\\\/\\\/shop.bantam.ch\\\/fr\\\/produit\\\/assiette-creuse-meteore-azur-21-cm-blanc-bleu\\\/\",\"name\":\"Assiette creuse m\u00e9lam. BRUNNER Meteore Azur diam. 21 cm coul. blanc \\\/ bleu - Bantam Wankm\u00fcller SA\",\"isPartOf\":{\"@id\":\"https:\\\/\\\/shop.bantam.ch\\\/fr\\\/#website\"},\"primaryImageOfPage\":{\"@id\":\"https:\\\/\\\/shop.bantam.ch\\\/fr\\\/produit\\\/assiette-creuse-meteore-azur-21-cm-blanc-bleu\\\/#primaryimage\"},\"image\":{\"@id\":\"https:\\\/\\\/shop.bantam.ch\\\/fr\\\/produit\\\/assiette-creuse-meteore-azur-21-cm-blanc-bleu\\\/#primaryimage\"},\"thumbnailUrl\":\"https:\\\/\\\/shop.bantam.ch\\\/wp-content\\\/uploads\\\/2023\\\/02\\\/994434911.jpg\",\"datePublished\":\"2023-02-28T20:33:23+00:00\",\"dateModified\":\"2026-04-20T19:44:26+00:00\",\"breadcrumb\":{\"@id\":\"https:\\\/\\\/shop.bantam.ch\\\/fr\\\/produit\\\/assiette-creuse-meteore-azur-21-cm-blanc-bleu\\\/#breadcrumb\"},\"inLanguage\":\"fr-FR\",\"potentialAction\":[{\"@type\":\"ReadAction\",\"target\":[\"https:\\\/\\\/shop.bantam.ch\\\/fr\\\/produit\\\/assiette-creuse-meteore-azur-21-cm-blanc-bleu\\\/\"]}]},{\"@type\":\"ImageObject\",\"inLanguage\":\"fr-FR\",\"@id\":\"https:\\\/\\\/shop.bantam.ch\\\/fr\\\/produit\\\/assiette-creuse-meteore-azur-21-cm-blanc-bleu\\\/#primaryimage\",\"url\":\"https:\\\/\\\/shop.bantam.ch\\\/wp-content\\\/uploads\\\/2023\\\/02\\\/994434911.jpg\",\"contentUrl\":\"https:\\\/\\\/shop.bantam.ch\\\/wp-content\\\/uploads\\\/2023\\\/02\\\/994434911.jpg\",\"width\":1000,\"height\":999},{\"@type\":\"BreadcrumbList\",\"@id\":\"https:\\\/\\\/shop.bantam.ch\\\/fr\\\/produit\\\/assiette-creuse-meteore-azur-21-cm-blanc-bleu\\\/#breadcrumb\",\"itemListElement\":[{\"@type\":\"ListItem\",\"position\":1,\"name\":\"Accueil\",\"item\":\"https:\\\/\\\/shop.bantam.ch\\\/fr\\\/\"},{\"@type\":\"ListItem\",\"position\":2,\"name\":\"Boutique\",\"item\":\"https:\\\/\\\/shop.bantam.ch\\\/fr\\\/boutique\\\/\"},{\"@type\":\"ListItem\",\"position\":3,\"name\":\"Assiette creuse m\u00e9lam. BRUNNER Meteore Azur diam. 21 cm coul. blanc \\\/ bleu\"}]},{\"@type\":\"WebSite\",\"@id\":\"https:\\\/\\\/shop.bantam.ch\\\/fr\\\/#website\",\"url\":\"https:\\\/\\\/shop.bantam.ch\\\/fr\\\/\",\"name\":\"Bantam Wankm\u00fcller SA\",\"description\":\"\",\"publisher\":{\"@id\":\"https:\\\/\\\/shop.bantam.ch\\\/fr\\\/#organization\"},\"inLanguage\":\"fr-FR\"},{\"@type\":\"Organization\",\"@id\":\"https:\\\/\\\/shop.bantam.ch\\\/fr\\\/#organization\",\"name\":\"Bantam Wankm\u00fcller SA\",\"url\":\"https:\\\/\\\/shop.bantam.ch\\\/fr\\\/\",\"logo\":{\"@type\":\"ImageObject\",\"inLanguage\":\"fr-FR\",\"@id\":\"https:\\\/\\\/shop.bantam.ch\\\/fr\\\/#\\\/schema\\\/logo\\\/image\\\/\",\"url\":\"https:\\\/\\\/shop.bantam.ch\\\/wp-content\\\/uploads\\\/2022\\\/12\\\/bantam-logo.png\",\"contentUrl\":\"https:\\\/\\\/shop.bantam.ch\\\/wp-content\\\/uploads\\\/2022\\\/12\\\/bantam-logo.png\",\"width\":320,\"height\":71,\"caption\":\"Bantam Wankm\u00fcller SA\"},\"image\":{\"@id\":\"https:\\\/\\\/shop.bantam.ch\\\/fr\\\/#\\\/schema\\\/logo\\\/image\\\/\"}}]}<\/script>\n<!-- \/ Yoast SEO plugin. -->","yoast_head_json":{"title":"Assiette creuse m\u00e9lam. BRUNNER Meteore Azur diam. 21 cm coul. blanc \/ bleu - Bantam Wankm\u00fcller SA","robots":{"index":"index","follow":"follow","max-snippet":"max-snippet:-1","max-image-preview":"max-image-preview:large","max-video-preview":"max-video-preview:-1"},"canonical":"https:\/\/shop.bantam.ch\/fr\/produit\/assiette-creuse-meteore-azur-21-cm-blanc-bleu\/","og_locale":"fr_FR","og_type":"article","og_title":"Assiette creuse m\u00e9lam. BRUNNER Meteore Azur diam. 21 cm coul. blanc \/ bleu - Bantam Wankm\u00fcller SA","og_description":"M\u00e9lange m\u00e9lamine\/min\u00e9raux nouvellement d\u00e9velopp\u00e9 avec d\u2019excellentes propri\u00e9t\u00e9s fonctionnelles : &#8211; Surface dure&#8211; Stable dimensionnellement&#8211; Brille comme la porcelaine&#8211; Aspect porcelaine&#8211; Convient \u00e0 un usage alimentaire&#8211; Hygi\u00e9nique, facile \u00e0 nettoyer&#8211; Inodore et neutre de go\u00fbt&#8211; Incassable&#8211; Durable","og_url":"https:\/\/shop.bantam.ch\/fr\/produit\/assiette-creuse-meteore-azur-21-cm-blanc-bleu\/","og_site_name":"Bantam Wankm\u00fcller SA","article_modified_time":"2026-04-20T19:44:26+00:00","og_image":[{"width":1000,"height":999,"url":"https:\/\/shop.bantam.ch\/wp-content\/uploads\/2023\/02\/994434911.jpg","type":"image\/jpeg"}],"twitter_card":"summary_large_image","schema":{"@context":"https:\/\/schema.org","@graph":[{"@type":"WebPage","@id":"https:\/\/shop.bantam.ch\/fr\/produit\/assiette-creuse-meteore-azur-21-cm-blanc-bleu\/","url":"https:\/\/shop.bantam.ch\/fr\/produit\/assiette-creuse-meteore-azur-21-cm-blanc-bleu\/","name":"Assiette creuse m\u00e9lam. BRUNNER Meteore Azur diam. 21 cm coul. blanc \/ bleu - Bantam Wankm\u00fcller SA","isPartOf":{"@id":"https:\/\/shop.bantam.ch\/fr\/#website"},"primaryImageOfPage":{"@id":"https:\/\/shop.bantam.ch\/fr\/produit\/assiette-creuse-meteore-azur-21-cm-blanc-bleu\/#primaryimage"},"image":{"@id":"https:\/\/shop.bantam.ch\/fr\/produit\/assiette-creuse-meteore-azur-21-cm-blanc-bleu\/#primaryimage"},"thumbnailUrl":"https:\/\/shop.bantam.ch\/wp-content\/uploads\/2023\/02\/994434911.jpg","datePublished":"2023-02-28T20:33:23+00:00","dateModified":"2026-04-20T19:44:26+00:00","breadcrumb":{"@id":"https:\/\/shop.bantam.ch\/fr\/produit\/assiette-creuse-meteore-azur-21-cm-blanc-bleu\/#breadcrumb"},"inLanguage":"fr-FR","potentialAction":[{"@type":"ReadAction","target":["https:\/\/shop.bantam.ch\/fr\/produit\/assiette-creuse-meteore-azur-21-cm-blanc-bleu\/"]}]},{"@type":"ImageObject","inLanguage":"fr-FR","@id":"https:\/\/shop.bantam.ch\/fr\/produit\/assiette-creuse-meteore-azur-21-cm-blanc-bleu\/#primaryimage","url":"https:\/\/shop.bantam.ch\/wp-content\/uploads\/2023\/02\/994434911.jpg","contentUrl":"https:\/\/shop.bantam.ch\/wp-content\/uploads\/2023\/02\/994434911.jpg","width":1000,"height":999},{"@type":"BreadcrumbList","@id":"https:\/\/shop.bantam.ch\/fr\/produit\/assiette-creuse-meteore-azur-21-cm-blanc-bleu\/#breadcrumb","itemListElement":[{"@type":"ListItem","position":1,"name":"Accueil","item":"https:\/\/shop.bantam.ch\/fr\/"},{"@type":"ListItem","position":2,"name":"Boutique","item":"https:\/\/shop.bantam.ch\/fr\/boutique\/"},{"@type":"ListItem","position":3,"name":"Assiette creuse m\u00e9lam. BRUNNER Meteore Azur diam. 21 cm coul. blanc \/ bleu"}]},{"@type":"WebSite","@id":"https:\/\/shop.bantam.ch\/fr\/#website","url":"https:\/\/shop.bantam.ch\/fr\/","name":"Bantam Wankm\u00fcller SA","description":"","publisher":{"@id":"https:\/\/shop.bantam.ch\/fr\/#organization"},"inLanguage":"fr-FR"},{"@type":"Organization","@id":"https:\/\/shop.bantam.ch\/fr\/#organization","name":"Bantam Wankm\u00fcller SA","url":"https:\/\/shop.bantam.ch\/fr\/","logo":{"@type":"ImageObject","inLanguage":"fr-FR","@id":"https:\/\/shop.bantam.ch\/fr\/#\/schema\/logo\/image\/","url":"https:\/\/shop.bantam.ch\/wp-content\/uploads\/2022\/12\/bantam-logo.png","contentUrl":"https:\/\/shop.bantam.ch\/wp-content\/uploads\/2022\/12\/bantam-logo.png","width":320,"height":71,"caption":"Bantam Wankm\u00fcller SA"},"image":{"@id":"https:\/\/shop.bantam.ch\/fr\/#\/schema\/logo\/image\/"}}]}},"_links":{"self":[{"href":"https:\/\/shop.bantam.ch\/fr\/wp-json\/wp\/v2\/product\/114099","targetHints":{"allow":["GET"]}}],"collection":[{"href":"https:\/\/shop.bantam.ch\/fr\/wp-json\/wp\/v2\/product"}],"about":[{"href":"https:\/\/shop.bantam.ch\/fr\/wp-json\/wp\/v2\/types\/product"}],"wp:featuredmedia":[{"embeddable":true,"href":"https:\/\/shop.bantam.ch\/fr\/wp-json\/wp\/v2\/media\/114097"}],"wp:attachment":[{"href":"https:\/\/shop.bantam.ch\/fr\/wp-json\/wp\/v2\/media?parent=114099"}],"wp:term":[{"taxonomy":"product_featured_cat","embeddable":true,"href":"https:\/\/shop.bantam.ch\/fr\/wp-json\/wp\/v2\/product_featured_cat?post=114099"},{"taxonomy":"product_brand","embeddable":true,"href":"https:\/\/shop.bantam.ch\/fr\/wp-json\/wp\/v2\/product_brand?post=114099"},{"taxonomy":"product_cat","embeddable":true,"href":"https:\/\/shop.bantam.ch\/fr\/wp-json\/wp\/v2\/product_cat?post=114099"},{"taxonomy":"product_tag","embeddable":true,"href":"https:\/\/shop.bantam.ch\/fr\/wp-json\/wp\/v2\/product_tag?post=114099"}],"curies":[{"name":"wp","href":"https:\/\/api.w.org\/{rel}","templated":true}]}}