{"id":114031,"date":"2023-02-28T21:32:09","date_gmt":"2023-02-28T20:32:09","guid":{"rendered":"https:\/\/shop.bantam.ch\/produit\/table-de-camping-recreo-avec-armature-aluminium\/"},"modified":"2026-04-19T23:24:53","modified_gmt":"2026-04-19T21:24:53","slug":"table-de-camping-recreo-avec-armature-aluminium","status":"publish","type":"product","link":"https:\/\/shop.bantam.ch\/fr\/produit\/table-de-camping-recreo-avec-armature-aluminium\/","title":{"rendered":"Table de camping RECREO avec armature aluminium"},"content":{"rendered":"<p>La table de camping d\u2019ext\u00e9rieur Recreo se distingue par sa stabilit\u00e9 et sa qualit\u00e9 exceptionnelles ainsi que par son design innovant et \u00e9l\u00e9gant. Elle dispose d\u2019un ch\u00e2ssis sp\u00e9cial en aluminium avec un rail de guidage brevet\u00e9 et d\u2019un plateau de table solide en Sevelit, connu dans le monde entier pour sa r\u00e9sistance aux intemp\u00e9ries et \u00e0 la charge m\u00e9canique. L\u2019utilisation de garnitures et de connecteurs en plastique de haute qualit\u00e9, associ\u00e9e \u00e0 un processus de fabrication professionnel, a permis de cr\u00e9er un mod\u00e8le de table qui r\u00e9sistera \u00e0 une utilisation en ext\u00e9rieur pendant de nombreuses ann\u00e9es. Disponible en 2 tailles.<\/p>\n<ul>\n<li>Utilisation multi-usages, int\u00e9rieur\/ext\u00e9rieur<\/li>\n<li>Haute r\u00e9sistance aux UV, aux intemp\u00e9ries et \u00e0 la chaleur (ustensiles, cigarettes)<\/li>\n<li>Plateau de table en Sevelit avec prot\u00e8ge-ar\u00eate<\/li>\n<li>R\u00e9sistance exceptionnelle aux rayures et aux contraintes m\u00e9caniques<\/li>\n<li>Facile \u00e0 nettoyer<\/li>\n<li>Montage facile et rapide<\/li>\n<li>Hauteur de table r\u00e9glable en continu <\/li>\n<\/ul>\n","protected":false},"excerpt":{"rendered":"<p>La table de camping d\u2019ext\u00e9rieur Recreo se distingue par sa stabilit\u00e9 et sa qualit\u00e9 exceptionnelles ainsi que par son design innovant et \u00e9l\u00e9gant. Elle dispose d\u2019un ch\u00e2ssis sp\u00e9cial en aluminium avec un rail de guidage brevet\u00e9 et d\u2019un plateau de table solide en Sevelit, connu dans le monde entier pour sa r\u00e9sistance aux intemp\u00e9ries et [&hellip;]<\/p>\n","protected":false},"featured_media":114027,"template":"","meta":{"_acf_changed":false},"product_featured_cat":[],"product_brand":[3080],"product_cat":[4053],"product_tag":[],"class_list":{"0":"post-114031","1":"product","2":"type-product","3":"status-publish","4":"has-post-thumbnail","6":"product_brand-brunner","7":"product_cat-tables-de-camping","9":"first","10":"instock","11":"taxable","12":"shipping-taxable","13":"purchasable","14":"product-type-variable"},"acf":[],"yoast_head":"<!-- This site is optimized with the Yoast SEO plugin v27.4 - https:\/\/yoast.com\/product\/yoast-seo-wordpress\/ -->\n<title>Table de camping RECREO avec armature aluminium - Bantam Wankm\u00fcller SA<\/title>\n<meta name=\"robots\" content=\"index, follow, max-snippet:-1, max-image-preview:large, max-video-preview:-1\" \/>\n<link rel=\"canonical\" href=\"https:\/\/shop.bantam.ch\/fr\/produit\/table-de-camping-recreo-avec-armature-aluminium\/\" \/>\n<meta property=\"og:locale\" content=\"fr_FR\" \/>\n<meta property=\"og:type\" content=\"article\" \/>\n<meta property=\"og:title\" content=\"Table de camping RECREO avec armature aluminium - Bantam Wankm\u00fcller SA\" \/>\n<meta property=\"og:description\" content=\"La table de camping d\u2019ext\u00e9rieur Recreo se distingue par sa stabilit\u00e9 et sa qualit\u00e9 exceptionnelles ainsi que par son design innovant et \u00e9l\u00e9gant. Elle dispose d\u2019un ch\u00e2ssis sp\u00e9cial en aluminium avec un rail de guidage brevet\u00e9 et d\u2019un plateau de table solide en Sevelit, connu dans le monde entier pour sa r\u00e9sistance aux intemp\u00e9ries et [&hellip;]\" \/>\n<meta property=\"og:url\" content=\"https:\/\/shop.bantam.ch\/fr\/produit\/table-de-camping-recreo-avec-armature-aluminium\/\" \/>\n<meta property=\"og:site_name\" content=\"Bantam Wankm\u00fcller SA\" \/>\n<meta property=\"article:modified_time\" content=\"2026-04-19T21:24:53+00:00\" \/>\n<meta property=\"og:image\" content=\"https:\/\/shop.bantam.ch\/wp-content\/uploads\/2023\/02\/996111411.jpg\" \/>\n\t<meta property=\"og:image:width\" content=\"1000\" \/>\n\t<meta property=\"og:image:height\" content=\"760\" \/>\n\t<meta property=\"og:image:type\" content=\"image\/jpeg\" \/>\n<meta name=\"twitter:card\" content=\"summary_large_image\" \/>\n<meta name=\"twitter:label1\" content=\"Dur\u00e9e de lecture estim\u00e9e\" \/>\n\t<meta name=\"twitter:data1\" content=\"1 minute\" \/>\n<script type=\"application\/ld+json\" class=\"yoast-schema-graph\">{\"@context\":\"https:\\\/\\\/schema.org\",\"@graph\":[{\"@type\":\"WebPage\",\"@id\":\"https:\\\/\\\/shop.bantam.ch\\\/fr\\\/produit\\\/table-de-camping-recreo-avec-armature-aluminium\\\/\",\"url\":\"https:\\\/\\\/shop.bantam.ch\\\/fr\\\/produit\\\/table-de-camping-recreo-avec-armature-aluminium\\\/\",\"name\":\"Table de camping RECREO avec armature aluminium - Bantam Wankm\u00fcller SA\",\"isPartOf\":{\"@id\":\"https:\\\/\\\/shop.bantam.ch\\\/fr\\\/#website\"},\"primaryImageOfPage\":{\"@id\":\"https:\\\/\\\/shop.bantam.ch\\\/fr\\\/produit\\\/table-de-camping-recreo-avec-armature-aluminium\\\/#primaryimage\"},\"image\":{\"@id\":\"https:\\\/\\\/shop.bantam.ch\\\/fr\\\/produit\\\/table-de-camping-recreo-avec-armature-aluminium\\\/#primaryimage\"},\"thumbnailUrl\":\"https:\\\/\\\/shop.bantam.ch\\\/wp-content\\\/uploads\\\/2023\\\/02\\\/996111411.jpg\",\"datePublished\":\"2023-02-28T20:32:09+00:00\",\"dateModified\":\"2026-04-19T21:24:53+00:00\",\"breadcrumb\":{\"@id\":\"https:\\\/\\\/shop.bantam.ch\\\/fr\\\/produit\\\/table-de-camping-recreo-avec-armature-aluminium\\\/#breadcrumb\"},\"inLanguage\":\"fr-FR\",\"potentialAction\":[{\"@type\":\"ReadAction\",\"target\":[\"https:\\\/\\\/shop.bantam.ch\\\/fr\\\/produit\\\/table-de-camping-recreo-avec-armature-aluminium\\\/\"]}]},{\"@type\":\"ImageObject\",\"inLanguage\":\"fr-FR\",\"@id\":\"https:\\\/\\\/shop.bantam.ch\\\/fr\\\/produit\\\/table-de-camping-recreo-avec-armature-aluminium\\\/#primaryimage\",\"url\":\"https:\\\/\\\/shop.bantam.ch\\\/wp-content\\\/uploads\\\/2023\\\/02\\\/996111411.jpg\",\"contentUrl\":\"https:\\\/\\\/shop.bantam.ch\\\/wp-content\\\/uploads\\\/2023\\\/02\\\/996111411.jpg\",\"width\":1000,\"height\":760},{\"@type\":\"BreadcrumbList\",\"@id\":\"https:\\\/\\\/shop.bantam.ch\\\/fr\\\/produit\\\/table-de-camping-recreo-avec-armature-aluminium\\\/#breadcrumb\",\"itemListElement\":[{\"@type\":\"ListItem\",\"position\":1,\"name\":\"Accueil\",\"item\":\"https:\\\/\\\/shop.bantam.ch\\\/fr\\\/\"},{\"@type\":\"ListItem\",\"position\":2,\"name\":\"Boutique\",\"item\":\"https:\\\/\\\/shop.bantam.ch\\\/fr\\\/boutique\\\/\"},{\"@type\":\"ListItem\",\"position\":3,\"name\":\"Table de camping RECREO avec armature aluminium\"}]},{\"@type\":\"WebSite\",\"@id\":\"https:\\\/\\\/shop.bantam.ch\\\/fr\\\/#website\",\"url\":\"https:\\\/\\\/shop.bantam.ch\\\/fr\\\/\",\"name\":\"Bantam Wankm\u00fcller SA\",\"description\":\"\",\"publisher\":{\"@id\":\"https:\\\/\\\/shop.bantam.ch\\\/fr\\\/#organization\"},\"inLanguage\":\"fr-FR\"},{\"@type\":\"Organization\",\"@id\":\"https:\\\/\\\/shop.bantam.ch\\\/fr\\\/#organization\",\"name\":\"Bantam Wankm\u00fcller SA\",\"url\":\"https:\\\/\\\/shop.bantam.ch\\\/fr\\\/\",\"logo\":{\"@type\":\"ImageObject\",\"inLanguage\":\"fr-FR\",\"@id\":\"https:\\\/\\\/shop.bantam.ch\\\/fr\\\/#\\\/schema\\\/logo\\\/image\\\/\",\"url\":\"https:\\\/\\\/shop.bantam.ch\\\/wp-content\\\/uploads\\\/2022\\\/12\\\/bantam-logo.png\",\"contentUrl\":\"https:\\\/\\\/shop.bantam.ch\\\/wp-content\\\/uploads\\\/2022\\\/12\\\/bantam-logo.png\",\"width\":320,\"height\":71,\"caption\":\"Bantam Wankm\u00fcller SA\"},\"image\":{\"@id\":\"https:\\\/\\\/shop.bantam.ch\\\/fr\\\/#\\\/schema\\\/logo\\\/image\\\/\"}}]}<\/script>\n<!-- \/ Yoast SEO plugin. -->","yoast_head_json":{"title":"Table de camping RECREO avec armature aluminium - Bantam Wankm\u00fcller SA","robots":{"index":"index","follow":"follow","max-snippet":"max-snippet:-1","max-image-preview":"max-image-preview:large","max-video-preview":"max-video-preview:-1"},"canonical":"https:\/\/shop.bantam.ch\/fr\/produit\/table-de-camping-recreo-avec-armature-aluminium\/","og_locale":"fr_FR","og_type":"article","og_title":"Table de camping RECREO avec armature aluminium - Bantam Wankm\u00fcller SA","og_description":"La table de camping d\u2019ext\u00e9rieur Recreo se distingue par sa stabilit\u00e9 et sa qualit\u00e9 exceptionnelles ainsi que par son design innovant et \u00e9l\u00e9gant. Elle dispose d\u2019un ch\u00e2ssis sp\u00e9cial en aluminium avec un rail de guidage brevet\u00e9 et d\u2019un plateau de table solide en Sevelit, connu dans le monde entier pour sa r\u00e9sistance aux intemp\u00e9ries et [&hellip;]","og_url":"https:\/\/shop.bantam.ch\/fr\/produit\/table-de-camping-recreo-avec-armature-aluminium\/","og_site_name":"Bantam Wankm\u00fcller SA","article_modified_time":"2026-04-19T21:24:53+00:00","og_image":[{"width":1000,"height":760,"url":"https:\/\/shop.bantam.ch\/wp-content\/uploads\/2023\/02\/996111411.jpg","type":"image\/jpeg"}],"twitter_card":"summary_large_image","twitter_misc":{"Dur\u00e9e de lecture estim\u00e9e":"1 minute"},"schema":{"@context":"https:\/\/schema.org","@graph":[{"@type":"WebPage","@id":"https:\/\/shop.bantam.ch\/fr\/produit\/table-de-camping-recreo-avec-armature-aluminium\/","url":"https:\/\/shop.bantam.ch\/fr\/produit\/table-de-camping-recreo-avec-armature-aluminium\/","name":"Table de camping RECREO avec armature aluminium - Bantam Wankm\u00fcller SA","isPartOf":{"@id":"https:\/\/shop.bantam.ch\/fr\/#website"},"primaryImageOfPage":{"@id":"https:\/\/shop.bantam.ch\/fr\/produit\/table-de-camping-recreo-avec-armature-aluminium\/#primaryimage"},"image":{"@id":"https:\/\/shop.bantam.ch\/fr\/produit\/table-de-camping-recreo-avec-armature-aluminium\/#primaryimage"},"thumbnailUrl":"https:\/\/shop.bantam.ch\/wp-content\/uploads\/2023\/02\/996111411.jpg","datePublished":"2023-02-28T20:32:09+00:00","dateModified":"2026-04-19T21:24:53+00:00","breadcrumb":{"@id":"https:\/\/shop.bantam.ch\/fr\/produit\/table-de-camping-recreo-avec-armature-aluminium\/#breadcrumb"},"inLanguage":"fr-FR","potentialAction":[{"@type":"ReadAction","target":["https:\/\/shop.bantam.ch\/fr\/produit\/table-de-camping-recreo-avec-armature-aluminium\/"]}]},{"@type":"ImageObject","inLanguage":"fr-FR","@id":"https:\/\/shop.bantam.ch\/fr\/produit\/table-de-camping-recreo-avec-armature-aluminium\/#primaryimage","url":"https:\/\/shop.bantam.ch\/wp-content\/uploads\/2023\/02\/996111411.jpg","contentUrl":"https:\/\/shop.bantam.ch\/wp-content\/uploads\/2023\/02\/996111411.jpg","width":1000,"height":760},{"@type":"BreadcrumbList","@id":"https:\/\/shop.bantam.ch\/fr\/produit\/table-de-camping-recreo-avec-armature-aluminium\/#breadcrumb","itemListElement":[{"@type":"ListItem","position":1,"name":"Accueil","item":"https:\/\/shop.bantam.ch\/fr\/"},{"@type":"ListItem","position":2,"name":"Boutique","item":"https:\/\/shop.bantam.ch\/fr\/boutique\/"},{"@type":"ListItem","position":3,"name":"Table de camping RECREO avec armature aluminium"}]},{"@type":"WebSite","@id":"https:\/\/shop.bantam.ch\/fr\/#website","url":"https:\/\/shop.bantam.ch\/fr\/","name":"Bantam Wankm\u00fcller SA","description":"","publisher":{"@id":"https:\/\/shop.bantam.ch\/fr\/#organization"},"inLanguage":"fr-FR"},{"@type":"Organization","@id":"https:\/\/shop.bantam.ch\/fr\/#organization","name":"Bantam Wankm\u00fcller SA","url":"https:\/\/shop.bantam.ch\/fr\/","logo":{"@type":"ImageObject","inLanguage":"fr-FR","@id":"https:\/\/shop.bantam.ch\/fr\/#\/schema\/logo\/image\/","url":"https:\/\/shop.bantam.ch\/wp-content\/uploads\/2022\/12\/bantam-logo.png","contentUrl":"https:\/\/shop.bantam.ch\/wp-content\/uploads\/2022\/12\/bantam-logo.png","width":320,"height":71,"caption":"Bantam Wankm\u00fcller SA"},"image":{"@id":"https:\/\/shop.bantam.ch\/fr\/#\/schema\/logo\/image\/"}}]}},"_links":{"self":[{"href":"https:\/\/shop.bantam.ch\/fr\/wp-json\/wp\/v2\/product\/114031","targetHints":{"allow":["GET"]}}],"collection":[{"href":"https:\/\/shop.bantam.ch\/fr\/wp-json\/wp\/v2\/product"}],"about":[{"href":"https:\/\/shop.bantam.ch\/fr\/wp-json\/wp\/v2\/types\/product"}],"wp:featuredmedia":[{"embeddable":true,"href":"https:\/\/shop.bantam.ch\/fr\/wp-json\/wp\/v2\/media\/114027"}],"wp:attachment":[{"href":"https:\/\/shop.bantam.ch\/fr\/wp-json\/wp\/v2\/media?parent=114031"}],"wp:term":[{"taxonomy":"product_featured_cat","embeddable":true,"href":"https:\/\/shop.bantam.ch\/fr\/wp-json\/wp\/v2\/product_featured_cat?post=114031"},{"taxonomy":"product_brand","embeddable":true,"href":"https:\/\/shop.bantam.ch\/fr\/wp-json\/wp\/v2\/product_brand?post=114031"},{"taxonomy":"product_cat","embeddable":true,"href":"https:\/\/shop.bantam.ch\/fr\/wp-json\/wp\/v2\/product_cat?post=114031"},{"taxonomy":"product_tag","embeddable":true,"href":"https:\/\/shop.bantam.ch\/fr\/wp-json\/wp\/v2\/product_tag?post=114031"}],"curies":[{"name":"wp","href":"https:\/\/api.w.org\/{rel}","templated":true}]}}