{"id":113953,"date":"2023-02-28T21:30:35","date_gmt":"2023-02-28T20:30:35","guid":{"rendered":"https:\/\/shop.bantam.ch\/produit\/table-flatpack-4-aluminium-grise\/"},"modified":"2026-04-17T21:42:58","modified_gmt":"2026-04-17T19:42:58","slug":"table-flatpack-4-aluminium-grise","status":"publish","type":"product","link":"https:\/\/shop.bantam.ch\/fr\/produit\/table-flatpack-4-aluminium-grise\/","title":{"rendered":"Table Brunner FLATPACK 4, Aluminium gris"},"content":{"rendered":"<p>Table d&rsquo;ext\u00e9rieur de haute qualit\u00e9 avec un plateau pliant r\u00e9sistant aux intemp\u00e9ries et un cadre l\u00e9ger et r\u00e9glable en hauteur en aluminium anodis\u00e9. Une fois pli\u00e9, elle peut \u00eatre rang\u00e9e de mani\u00e8re tr\u00e8s compacte et est donc id\u00e9ale pour les minibus, les fourgonnettes et les camping-cars.<\/p>\n<ul>\n<li>Plateau de table r\u00e9sistant aux intemp\u00e9ries, adapt\u00e9 \u00e0 une utilisation en ext\u00e9rieur<\/li>\n<li>Construction stable en profil\u00e9s rectangulaires en aluminium<\/li>\n<li>R\u00e9glable continu en hauteur<\/li>\n<li>Pliable au milieu<\/li>\n<li>L\u00e9g\u00e8re une fois pli\u00e9e et facile \u00e0 transporter<\/li>\n<\/ul>\n","protected":false},"excerpt":{"rendered":"<p>Table d&rsquo;ext\u00e9rieur de haute qualit\u00e9 avec un plateau pliant r\u00e9sistant aux intemp\u00e9ries et un cadre l\u00e9ger et r\u00e9glable en hauteur en aluminium anodis\u00e9. Une fois pli\u00e9, elle peut \u00eatre rang\u00e9e de mani\u00e8re tr\u00e8s compacte et est donc id\u00e9ale pour les minibus, les fourgonnettes et les camping-cars. Plateau de table r\u00e9sistant aux intemp\u00e9ries, adapt\u00e9 \u00e0 une [&hellip;]<\/p>\n","protected":false},"featured_media":113951,"template":"","meta":{"_acf_changed":false},"product_featured_cat":[],"product_brand":[3080],"product_cat":[4053],"product_tag":[],"class_list":{"0":"post-113953","1":"product","2":"type-product","3":"status-publish","4":"has-post-thumbnail","6":"product_brand-brunner","7":"product_cat-tables-de-camping","9":"first","10":"instock","11":"taxable","12":"shipping-taxable","13":"purchasable","14":"product-type-simple"},"acf":[],"yoast_head":"<!-- This site is optimized with the Yoast SEO plugin v27.4 - https:\/\/yoast.com\/product\/yoast-seo-wordpress\/ -->\n<title>Table Brunner FLATPACK 4, Aluminium gris - Bantam Wankm\u00fcller SA<\/title>\n<meta name=\"robots\" content=\"index, follow, max-snippet:-1, max-image-preview:large, max-video-preview:-1\" \/>\n<link rel=\"canonical\" href=\"https:\/\/shop.bantam.ch\/fr\/produit\/table-flatpack-4-aluminium-grise\/\" \/>\n<meta property=\"og:locale\" content=\"fr_FR\" \/>\n<meta property=\"og:type\" content=\"article\" \/>\n<meta property=\"og:title\" content=\"Table Brunner FLATPACK 4, Aluminium gris - Bantam Wankm\u00fcller SA\" \/>\n<meta property=\"og:description\" content=\"Table d&rsquo;ext\u00e9rieur de haute qualit\u00e9 avec un plateau pliant r\u00e9sistant aux intemp\u00e9ries et un cadre l\u00e9ger et r\u00e9glable en hauteur en aluminium anodis\u00e9. Une fois pli\u00e9, elle peut \u00eatre rang\u00e9e de mani\u00e8re tr\u00e8s compacte et est donc id\u00e9ale pour les minibus, les fourgonnettes et les camping-cars. Plateau de table r\u00e9sistant aux intemp\u00e9ries, adapt\u00e9 \u00e0 une [&hellip;]\" \/>\n<meta property=\"og:url\" content=\"https:\/\/shop.bantam.ch\/fr\/produit\/table-flatpack-4-aluminium-grise\/\" \/>\n<meta property=\"og:site_name\" content=\"Bantam Wankm\u00fcller SA\" \/>\n<meta property=\"article:modified_time\" content=\"2026-04-17T19:42:58+00:00\" \/>\n<meta property=\"og:image\" content=\"https:\/\/shop.bantam.ch\/wp-content\/uploads\/2023\/02\/996110911.jpg\" \/>\n\t<meta property=\"og:image:width\" content=\"1000\" \/>\n\t<meta property=\"og:image:height\" content=\"720\" \/>\n\t<meta property=\"og:image:type\" content=\"image\/jpeg\" \/>\n<meta name=\"twitter:card\" content=\"summary_large_image\" \/>\n<script type=\"application\/ld+json\" class=\"yoast-schema-graph\">{\"@context\":\"https:\\\/\\\/schema.org\",\"@graph\":[{\"@type\":\"WebPage\",\"@id\":\"https:\\\/\\\/shop.bantam.ch\\\/fr\\\/produit\\\/table-flatpack-4-aluminium-grise\\\/\",\"url\":\"https:\\\/\\\/shop.bantam.ch\\\/fr\\\/produit\\\/table-flatpack-4-aluminium-grise\\\/\",\"name\":\"Table Brunner FLATPACK 4, Aluminium gris - Bantam Wankm\u00fcller SA\",\"isPartOf\":{\"@id\":\"https:\\\/\\\/shop.bantam.ch\\\/fr\\\/#website\"},\"primaryImageOfPage\":{\"@id\":\"https:\\\/\\\/shop.bantam.ch\\\/fr\\\/produit\\\/table-flatpack-4-aluminium-grise\\\/#primaryimage\"},\"image\":{\"@id\":\"https:\\\/\\\/shop.bantam.ch\\\/fr\\\/produit\\\/table-flatpack-4-aluminium-grise\\\/#primaryimage\"},\"thumbnailUrl\":\"https:\\\/\\\/shop.bantam.ch\\\/wp-content\\\/uploads\\\/2023\\\/02\\\/996110911.jpg\",\"datePublished\":\"2023-02-28T20:30:35+00:00\",\"dateModified\":\"2026-04-17T19:42:58+00:00\",\"breadcrumb\":{\"@id\":\"https:\\\/\\\/shop.bantam.ch\\\/fr\\\/produit\\\/table-flatpack-4-aluminium-grise\\\/#breadcrumb\"},\"inLanguage\":\"fr-FR\",\"potentialAction\":[{\"@type\":\"ReadAction\",\"target\":[\"https:\\\/\\\/shop.bantam.ch\\\/fr\\\/produit\\\/table-flatpack-4-aluminium-grise\\\/\"]}]},{\"@type\":\"ImageObject\",\"inLanguage\":\"fr-FR\",\"@id\":\"https:\\\/\\\/shop.bantam.ch\\\/fr\\\/produit\\\/table-flatpack-4-aluminium-grise\\\/#primaryimage\",\"url\":\"https:\\\/\\\/shop.bantam.ch\\\/wp-content\\\/uploads\\\/2023\\\/02\\\/996110911.jpg\",\"contentUrl\":\"https:\\\/\\\/shop.bantam.ch\\\/wp-content\\\/uploads\\\/2023\\\/02\\\/996110911.jpg\",\"width\":1000,\"height\":720},{\"@type\":\"BreadcrumbList\",\"@id\":\"https:\\\/\\\/shop.bantam.ch\\\/fr\\\/produit\\\/table-flatpack-4-aluminium-grise\\\/#breadcrumb\",\"itemListElement\":[{\"@type\":\"ListItem\",\"position\":1,\"name\":\"Accueil\",\"item\":\"https:\\\/\\\/shop.bantam.ch\\\/fr\\\/\"},{\"@type\":\"ListItem\",\"position\":2,\"name\":\"Boutique\",\"item\":\"https:\\\/\\\/shop.bantam.ch\\\/fr\\\/boutique\\\/\"},{\"@type\":\"ListItem\",\"position\":3,\"name\":\"Table Brunner FLATPACK 4, Aluminium gris\"}]},{\"@type\":\"WebSite\",\"@id\":\"https:\\\/\\\/shop.bantam.ch\\\/fr\\\/#website\",\"url\":\"https:\\\/\\\/shop.bantam.ch\\\/fr\\\/\",\"name\":\"Bantam Wankm\u00fcller SA\",\"description\":\"\",\"publisher\":{\"@id\":\"https:\\\/\\\/shop.bantam.ch\\\/fr\\\/#organization\"},\"inLanguage\":\"fr-FR\"},{\"@type\":\"Organization\",\"@id\":\"https:\\\/\\\/shop.bantam.ch\\\/fr\\\/#organization\",\"name\":\"Bantam Wankm\u00fcller SA\",\"url\":\"https:\\\/\\\/shop.bantam.ch\\\/fr\\\/\",\"logo\":{\"@type\":\"ImageObject\",\"inLanguage\":\"fr-FR\",\"@id\":\"https:\\\/\\\/shop.bantam.ch\\\/fr\\\/#\\\/schema\\\/logo\\\/image\\\/\",\"url\":\"https:\\\/\\\/shop.bantam.ch\\\/wp-content\\\/uploads\\\/2022\\\/12\\\/bantam-logo.png\",\"contentUrl\":\"https:\\\/\\\/shop.bantam.ch\\\/wp-content\\\/uploads\\\/2022\\\/12\\\/bantam-logo.png\",\"width\":320,\"height\":71,\"caption\":\"Bantam Wankm\u00fcller SA\"},\"image\":{\"@id\":\"https:\\\/\\\/shop.bantam.ch\\\/fr\\\/#\\\/schema\\\/logo\\\/image\\\/\"}}]}<\/script>\n<!-- \/ Yoast SEO plugin. -->","yoast_head_json":{"title":"Table Brunner FLATPACK 4, Aluminium gris - Bantam Wankm\u00fcller SA","robots":{"index":"index","follow":"follow","max-snippet":"max-snippet:-1","max-image-preview":"max-image-preview:large","max-video-preview":"max-video-preview:-1"},"canonical":"https:\/\/shop.bantam.ch\/fr\/produit\/table-flatpack-4-aluminium-grise\/","og_locale":"fr_FR","og_type":"article","og_title":"Table Brunner FLATPACK 4, Aluminium gris - Bantam Wankm\u00fcller SA","og_description":"Table d&rsquo;ext\u00e9rieur de haute qualit\u00e9 avec un plateau pliant r\u00e9sistant aux intemp\u00e9ries et un cadre l\u00e9ger et r\u00e9glable en hauteur en aluminium anodis\u00e9. Une fois pli\u00e9, elle peut \u00eatre rang\u00e9e de mani\u00e8re tr\u00e8s compacte et est donc id\u00e9ale pour les minibus, les fourgonnettes et les camping-cars. Plateau de table r\u00e9sistant aux intemp\u00e9ries, adapt\u00e9 \u00e0 une [&hellip;]","og_url":"https:\/\/shop.bantam.ch\/fr\/produit\/table-flatpack-4-aluminium-grise\/","og_site_name":"Bantam Wankm\u00fcller SA","article_modified_time":"2026-04-17T19:42:58+00:00","og_image":[{"width":1000,"height":720,"url":"https:\/\/shop.bantam.ch\/wp-content\/uploads\/2023\/02\/996110911.jpg","type":"image\/jpeg"}],"twitter_card":"summary_large_image","schema":{"@context":"https:\/\/schema.org","@graph":[{"@type":"WebPage","@id":"https:\/\/shop.bantam.ch\/fr\/produit\/table-flatpack-4-aluminium-grise\/","url":"https:\/\/shop.bantam.ch\/fr\/produit\/table-flatpack-4-aluminium-grise\/","name":"Table Brunner FLATPACK 4, Aluminium gris - Bantam Wankm\u00fcller SA","isPartOf":{"@id":"https:\/\/shop.bantam.ch\/fr\/#website"},"primaryImageOfPage":{"@id":"https:\/\/shop.bantam.ch\/fr\/produit\/table-flatpack-4-aluminium-grise\/#primaryimage"},"image":{"@id":"https:\/\/shop.bantam.ch\/fr\/produit\/table-flatpack-4-aluminium-grise\/#primaryimage"},"thumbnailUrl":"https:\/\/shop.bantam.ch\/wp-content\/uploads\/2023\/02\/996110911.jpg","datePublished":"2023-02-28T20:30:35+00:00","dateModified":"2026-04-17T19:42:58+00:00","breadcrumb":{"@id":"https:\/\/shop.bantam.ch\/fr\/produit\/table-flatpack-4-aluminium-grise\/#breadcrumb"},"inLanguage":"fr-FR","potentialAction":[{"@type":"ReadAction","target":["https:\/\/shop.bantam.ch\/fr\/produit\/table-flatpack-4-aluminium-grise\/"]}]},{"@type":"ImageObject","inLanguage":"fr-FR","@id":"https:\/\/shop.bantam.ch\/fr\/produit\/table-flatpack-4-aluminium-grise\/#primaryimage","url":"https:\/\/shop.bantam.ch\/wp-content\/uploads\/2023\/02\/996110911.jpg","contentUrl":"https:\/\/shop.bantam.ch\/wp-content\/uploads\/2023\/02\/996110911.jpg","width":1000,"height":720},{"@type":"BreadcrumbList","@id":"https:\/\/shop.bantam.ch\/fr\/produit\/table-flatpack-4-aluminium-grise\/#breadcrumb","itemListElement":[{"@type":"ListItem","position":1,"name":"Accueil","item":"https:\/\/shop.bantam.ch\/fr\/"},{"@type":"ListItem","position":2,"name":"Boutique","item":"https:\/\/shop.bantam.ch\/fr\/boutique\/"},{"@type":"ListItem","position":3,"name":"Table Brunner FLATPACK 4, Aluminium gris"}]},{"@type":"WebSite","@id":"https:\/\/shop.bantam.ch\/fr\/#website","url":"https:\/\/shop.bantam.ch\/fr\/","name":"Bantam Wankm\u00fcller SA","description":"","publisher":{"@id":"https:\/\/shop.bantam.ch\/fr\/#organization"},"inLanguage":"fr-FR"},{"@type":"Organization","@id":"https:\/\/shop.bantam.ch\/fr\/#organization","name":"Bantam Wankm\u00fcller SA","url":"https:\/\/shop.bantam.ch\/fr\/","logo":{"@type":"ImageObject","inLanguage":"fr-FR","@id":"https:\/\/shop.bantam.ch\/fr\/#\/schema\/logo\/image\/","url":"https:\/\/shop.bantam.ch\/wp-content\/uploads\/2022\/12\/bantam-logo.png","contentUrl":"https:\/\/shop.bantam.ch\/wp-content\/uploads\/2022\/12\/bantam-logo.png","width":320,"height":71,"caption":"Bantam Wankm\u00fcller SA"},"image":{"@id":"https:\/\/shop.bantam.ch\/fr\/#\/schema\/logo\/image\/"}}]}},"_links":{"self":[{"href":"https:\/\/shop.bantam.ch\/fr\/wp-json\/wp\/v2\/product\/113953","targetHints":{"allow":["GET"]}}],"collection":[{"href":"https:\/\/shop.bantam.ch\/fr\/wp-json\/wp\/v2\/product"}],"about":[{"href":"https:\/\/shop.bantam.ch\/fr\/wp-json\/wp\/v2\/types\/product"}],"wp:featuredmedia":[{"embeddable":true,"href":"https:\/\/shop.bantam.ch\/fr\/wp-json\/wp\/v2\/media\/113951"}],"wp:attachment":[{"href":"https:\/\/shop.bantam.ch\/fr\/wp-json\/wp\/v2\/media?parent=113953"}],"wp:term":[{"taxonomy":"product_featured_cat","embeddable":true,"href":"https:\/\/shop.bantam.ch\/fr\/wp-json\/wp\/v2\/product_featured_cat?post=113953"},{"taxonomy":"product_brand","embeddable":true,"href":"https:\/\/shop.bantam.ch\/fr\/wp-json\/wp\/v2\/product_brand?post=113953"},{"taxonomy":"product_cat","embeddable":true,"href":"https:\/\/shop.bantam.ch\/fr\/wp-json\/wp\/v2\/product_cat?post=113953"},{"taxonomy":"product_tag","embeddable":true,"href":"https:\/\/shop.bantam.ch\/fr\/wp-json\/wp\/v2\/product_tag?post=113953"}],"curies":[{"name":"wp","href":"https:\/\/api.w.org\/{rel}","templated":true}]}}