{"id":113921,"date":"2023-02-28T21:29:51","date_gmt":"2023-02-28T20:29:51","guid":{"rendered":"https:\/\/shop.bantam.ch\/produit\/chaise-haute-pour-enfants-action-baby-equiframe-octanium\/"},"modified":"2026-04-21T21:43:58","modified_gmt":"2026-04-21T19:43:58","slug":"chaise-haute-pour-enfants-action-baby-equiframe-octanium","status":"publish","type":"product","link":"https:\/\/shop.bantam.ch\/fr\/produit\/chaise-haute-pour-enfants-action-baby-equiframe-octanium\/","title":{"rendered":"Chaise b\u00e9b\u00e9\/enfant BRUNNER ACTION BABY EQUIFRAME couleur octanium"},"content":{"rendered":"<p>Chaise haute peu encombrante, convient aux enfants de 6 mois \u00e0 4 ans (ou 15 kg). Parfaite pour emmener en d\u00e9placement. Fabriqu\u00e9e avec un cadre sp\u00e9cial en acier de s\u00e9curit\u00e9 qui emp\u00eache la chaise haute de se<br \/>\nrenverser.  Le si\u00e8ge rembourr\u00e9 pratique est facilement lavable et dispose d\u2019un harnais r\u00e9glable \u00e0 3 points.  Chaise compl\u00e8te avec un plateau avec porte-gobelet int\u00e9gr\u00e9. <\/p>\n<ul>\n<li>Accoudoirs rembourr\u00e9s avec verrouillage de s\u00e9curit\u00e9<\/li>\n<li>Fabriqu\u00e9 et test\u00e9 conform\u00e9ment \u00e0 la norme EN16120<\/li>\n<li>Rapide et facile \u00e0 plier<\/li>\n<li>Cadre peu encombrant<\/li>\n<li>Sangle de s\u00e9curit\u00e9<\/li>\n<li>Avec un plateau repas et porte-gobelet int\u00e9gr\u00e9. <\/li>\n<\/ul>\n<p>Mat\u00e9riau\u00a0:<br \/>Rev\u00eatement : 100 % polyester<br \/>Cadre\u00a0: acier<\/p>\n<p>Contenu de la livraison :<br \/>Avec sac de rangement<\/p>\n","protected":false},"excerpt":{"rendered":"<p>Chaise haute peu encombrante, convient aux enfants de 6 mois \u00e0 4 ans (ou 15 kg). Parfaite pour emmener en d\u00e9placement. Fabriqu\u00e9e avec un cadre sp\u00e9cial en acier de s\u00e9curit\u00e9 qui emp\u00eache la chaise haute de se renverser. Le si\u00e8ge rembourr\u00e9 pratique est facilement lavable et dispose d\u2019un harnais r\u00e9glable \u00e0 3 points. Chaise compl\u00e8te [&hellip;]<\/p>\n","protected":false},"featured_media":113915,"template":"","meta":{"_acf_changed":false},"product_featured_cat":[],"product_brand":[3080],"product_cat":[4971],"product_tag":[],"class_list":{"0":"post-113921","1":"product","2":"type-product","3":"status-publish","4":"has-post-thumbnail","6":"product_brand-brunner","7":"product_cat-chaises-de-camping","9":"first","10":"instock","11":"taxable","12":"shipping-taxable","13":"purchasable","14":"product-type-simple"},"acf":[],"yoast_head":"<!-- This site is optimized with the Yoast SEO plugin v27.4 - https:\/\/yoast.com\/product\/yoast-seo-wordpress\/ -->\n<title>Chaise b\u00e9b\u00e9\/enfant BRUNNER ACTION BABY EQUIFRAME couleur octanium - Bantam Wankm\u00fcller SA<\/title>\n<meta name=\"robots\" content=\"index, follow, max-snippet:-1, max-image-preview:large, max-video-preview:-1\" \/>\n<link rel=\"canonical\" href=\"https:\/\/shop.bantam.ch\/fr\/produit\/chaise-haute-pour-enfants-action-baby-equiframe-octanium\/\" \/>\n<meta property=\"og:locale\" content=\"fr_FR\" \/>\n<meta property=\"og:type\" content=\"article\" \/>\n<meta property=\"og:title\" content=\"Chaise b\u00e9b\u00e9\/enfant BRUNNER ACTION BABY EQUIFRAME couleur octanium - Bantam Wankm\u00fcller SA\" \/>\n<meta property=\"og:description\" content=\"Chaise haute peu encombrante, convient aux enfants de 6 mois \u00e0 4 ans (ou 15 kg). Parfaite pour emmener en d\u00e9placement. Fabriqu\u00e9e avec un cadre sp\u00e9cial en acier de s\u00e9curit\u00e9 qui emp\u00eache la chaise haute de se renverser. Le si\u00e8ge rembourr\u00e9 pratique est facilement lavable et dispose d\u2019un harnais r\u00e9glable \u00e0 3 points. Chaise compl\u00e8te [&hellip;]\" \/>\n<meta property=\"og:url\" content=\"https:\/\/shop.bantam.ch\/fr\/produit\/chaise-haute-pour-enfants-action-baby-equiframe-octanium\/\" \/>\n<meta property=\"og:site_name\" content=\"Bantam Wankm\u00fcller SA\" \/>\n<meta property=\"article:modified_time\" content=\"2026-04-21T19:43:58+00:00\" \/>\n<meta property=\"og:image\" content=\"https:\/\/shop.bantam.ch\/wp-content\/uploads\/2023\/02\/9961106100.jpg\" \/>\n\t<meta property=\"og:image:width\" content=\"666\" \/>\n\t<meta property=\"og:image:height\" content=\"1000\" \/>\n\t<meta property=\"og:image:type\" content=\"image\/jpeg\" \/>\n<meta name=\"twitter:card\" content=\"summary_large_image\" \/>\n<meta name=\"twitter:label1\" content=\"Dur\u00e9e de lecture estim\u00e9e\" \/>\n\t<meta name=\"twitter:data1\" content=\"1 minute\" \/>\n<script type=\"application\/ld+json\" class=\"yoast-schema-graph\">{\"@context\":\"https:\\\/\\\/schema.org\",\"@graph\":[{\"@type\":\"WebPage\",\"@id\":\"https:\\\/\\\/shop.bantam.ch\\\/fr\\\/produit\\\/chaise-haute-pour-enfants-action-baby-equiframe-octanium\\\/\",\"url\":\"https:\\\/\\\/shop.bantam.ch\\\/fr\\\/produit\\\/chaise-haute-pour-enfants-action-baby-equiframe-octanium\\\/\",\"name\":\"Chaise b\u00e9b\u00e9\\\/enfant BRUNNER ACTION BABY EQUIFRAME couleur octanium - Bantam Wankm\u00fcller SA\",\"isPartOf\":{\"@id\":\"https:\\\/\\\/shop.bantam.ch\\\/fr\\\/#website\"},\"primaryImageOfPage\":{\"@id\":\"https:\\\/\\\/shop.bantam.ch\\\/fr\\\/produit\\\/chaise-haute-pour-enfants-action-baby-equiframe-octanium\\\/#primaryimage\"},\"image\":{\"@id\":\"https:\\\/\\\/shop.bantam.ch\\\/fr\\\/produit\\\/chaise-haute-pour-enfants-action-baby-equiframe-octanium\\\/#primaryimage\"},\"thumbnailUrl\":\"https:\\\/\\\/shop.bantam.ch\\\/wp-content\\\/uploads\\\/2023\\\/02\\\/9961106100.jpg\",\"datePublished\":\"2023-02-28T20:29:51+00:00\",\"dateModified\":\"2026-04-21T19:43:58+00:00\",\"breadcrumb\":{\"@id\":\"https:\\\/\\\/shop.bantam.ch\\\/fr\\\/produit\\\/chaise-haute-pour-enfants-action-baby-equiframe-octanium\\\/#breadcrumb\"},\"inLanguage\":\"fr-FR\",\"potentialAction\":[{\"@type\":\"ReadAction\",\"target\":[\"https:\\\/\\\/shop.bantam.ch\\\/fr\\\/produit\\\/chaise-haute-pour-enfants-action-baby-equiframe-octanium\\\/\"]}]},{\"@type\":\"ImageObject\",\"inLanguage\":\"fr-FR\",\"@id\":\"https:\\\/\\\/shop.bantam.ch\\\/fr\\\/produit\\\/chaise-haute-pour-enfants-action-baby-equiframe-octanium\\\/#primaryimage\",\"url\":\"https:\\\/\\\/shop.bantam.ch\\\/wp-content\\\/uploads\\\/2023\\\/02\\\/9961106100.jpg\",\"contentUrl\":\"https:\\\/\\\/shop.bantam.ch\\\/wp-content\\\/uploads\\\/2023\\\/02\\\/9961106100.jpg\",\"width\":666,\"height\":1000},{\"@type\":\"BreadcrumbList\",\"@id\":\"https:\\\/\\\/shop.bantam.ch\\\/fr\\\/produit\\\/chaise-haute-pour-enfants-action-baby-equiframe-octanium\\\/#breadcrumb\",\"itemListElement\":[{\"@type\":\"ListItem\",\"position\":1,\"name\":\"Accueil\",\"item\":\"https:\\\/\\\/shop.bantam.ch\\\/fr\\\/\"},{\"@type\":\"ListItem\",\"position\":2,\"name\":\"Boutique\",\"item\":\"https:\\\/\\\/shop.bantam.ch\\\/fr\\\/boutique\\\/\"},{\"@type\":\"ListItem\",\"position\":3,\"name\":\"Chaise b\u00e9b\u00e9\\\/enfant BRUNNER ACTION BABY EQUIFRAME couleur octanium\"}]},{\"@type\":\"WebSite\",\"@id\":\"https:\\\/\\\/shop.bantam.ch\\\/fr\\\/#website\",\"url\":\"https:\\\/\\\/shop.bantam.ch\\\/fr\\\/\",\"name\":\"Bantam Wankm\u00fcller SA\",\"description\":\"\",\"publisher\":{\"@id\":\"https:\\\/\\\/shop.bantam.ch\\\/fr\\\/#organization\"},\"inLanguage\":\"fr-FR\"},{\"@type\":\"Organization\",\"@id\":\"https:\\\/\\\/shop.bantam.ch\\\/fr\\\/#organization\",\"name\":\"Bantam Wankm\u00fcller SA\",\"url\":\"https:\\\/\\\/shop.bantam.ch\\\/fr\\\/\",\"logo\":{\"@type\":\"ImageObject\",\"inLanguage\":\"fr-FR\",\"@id\":\"https:\\\/\\\/shop.bantam.ch\\\/fr\\\/#\\\/schema\\\/logo\\\/image\\\/\",\"url\":\"https:\\\/\\\/shop.bantam.ch\\\/wp-content\\\/uploads\\\/2022\\\/12\\\/bantam-logo.png\",\"contentUrl\":\"https:\\\/\\\/shop.bantam.ch\\\/wp-content\\\/uploads\\\/2022\\\/12\\\/bantam-logo.png\",\"width\":320,\"height\":71,\"caption\":\"Bantam Wankm\u00fcller SA\"},\"image\":{\"@id\":\"https:\\\/\\\/shop.bantam.ch\\\/fr\\\/#\\\/schema\\\/logo\\\/image\\\/\"}}]}<\/script>\n<!-- \/ Yoast SEO plugin. -->","yoast_head_json":{"title":"Chaise b\u00e9b\u00e9\/enfant BRUNNER ACTION BABY EQUIFRAME couleur octanium - Bantam Wankm\u00fcller SA","robots":{"index":"index","follow":"follow","max-snippet":"max-snippet:-1","max-image-preview":"max-image-preview:large","max-video-preview":"max-video-preview:-1"},"canonical":"https:\/\/shop.bantam.ch\/fr\/produit\/chaise-haute-pour-enfants-action-baby-equiframe-octanium\/","og_locale":"fr_FR","og_type":"article","og_title":"Chaise b\u00e9b\u00e9\/enfant BRUNNER ACTION BABY EQUIFRAME couleur octanium - Bantam Wankm\u00fcller SA","og_description":"Chaise haute peu encombrante, convient aux enfants de 6 mois \u00e0 4 ans (ou 15 kg). Parfaite pour emmener en d\u00e9placement. Fabriqu\u00e9e avec un cadre sp\u00e9cial en acier de s\u00e9curit\u00e9 qui emp\u00eache la chaise haute de se renverser. Le si\u00e8ge rembourr\u00e9 pratique est facilement lavable et dispose d\u2019un harnais r\u00e9glable \u00e0 3 points. Chaise compl\u00e8te [&hellip;]","og_url":"https:\/\/shop.bantam.ch\/fr\/produit\/chaise-haute-pour-enfants-action-baby-equiframe-octanium\/","og_site_name":"Bantam Wankm\u00fcller SA","article_modified_time":"2026-04-21T19:43:58+00:00","og_image":[{"width":666,"height":1000,"url":"https:\/\/shop.bantam.ch\/wp-content\/uploads\/2023\/02\/9961106100.jpg","type":"image\/jpeg"}],"twitter_card":"summary_large_image","twitter_misc":{"Dur\u00e9e de lecture estim\u00e9e":"1 minute"},"schema":{"@context":"https:\/\/schema.org","@graph":[{"@type":"WebPage","@id":"https:\/\/shop.bantam.ch\/fr\/produit\/chaise-haute-pour-enfants-action-baby-equiframe-octanium\/","url":"https:\/\/shop.bantam.ch\/fr\/produit\/chaise-haute-pour-enfants-action-baby-equiframe-octanium\/","name":"Chaise b\u00e9b\u00e9\/enfant BRUNNER ACTION BABY EQUIFRAME couleur octanium - Bantam Wankm\u00fcller SA","isPartOf":{"@id":"https:\/\/shop.bantam.ch\/fr\/#website"},"primaryImageOfPage":{"@id":"https:\/\/shop.bantam.ch\/fr\/produit\/chaise-haute-pour-enfants-action-baby-equiframe-octanium\/#primaryimage"},"image":{"@id":"https:\/\/shop.bantam.ch\/fr\/produit\/chaise-haute-pour-enfants-action-baby-equiframe-octanium\/#primaryimage"},"thumbnailUrl":"https:\/\/shop.bantam.ch\/wp-content\/uploads\/2023\/02\/9961106100.jpg","datePublished":"2023-02-28T20:29:51+00:00","dateModified":"2026-04-21T19:43:58+00:00","breadcrumb":{"@id":"https:\/\/shop.bantam.ch\/fr\/produit\/chaise-haute-pour-enfants-action-baby-equiframe-octanium\/#breadcrumb"},"inLanguage":"fr-FR","potentialAction":[{"@type":"ReadAction","target":["https:\/\/shop.bantam.ch\/fr\/produit\/chaise-haute-pour-enfants-action-baby-equiframe-octanium\/"]}]},{"@type":"ImageObject","inLanguage":"fr-FR","@id":"https:\/\/shop.bantam.ch\/fr\/produit\/chaise-haute-pour-enfants-action-baby-equiframe-octanium\/#primaryimage","url":"https:\/\/shop.bantam.ch\/wp-content\/uploads\/2023\/02\/9961106100.jpg","contentUrl":"https:\/\/shop.bantam.ch\/wp-content\/uploads\/2023\/02\/9961106100.jpg","width":666,"height":1000},{"@type":"BreadcrumbList","@id":"https:\/\/shop.bantam.ch\/fr\/produit\/chaise-haute-pour-enfants-action-baby-equiframe-octanium\/#breadcrumb","itemListElement":[{"@type":"ListItem","position":1,"name":"Accueil","item":"https:\/\/shop.bantam.ch\/fr\/"},{"@type":"ListItem","position":2,"name":"Boutique","item":"https:\/\/shop.bantam.ch\/fr\/boutique\/"},{"@type":"ListItem","position":3,"name":"Chaise b\u00e9b\u00e9\/enfant BRUNNER ACTION BABY EQUIFRAME couleur octanium"}]},{"@type":"WebSite","@id":"https:\/\/shop.bantam.ch\/fr\/#website","url":"https:\/\/shop.bantam.ch\/fr\/","name":"Bantam Wankm\u00fcller SA","description":"","publisher":{"@id":"https:\/\/shop.bantam.ch\/fr\/#organization"},"inLanguage":"fr-FR"},{"@type":"Organization","@id":"https:\/\/shop.bantam.ch\/fr\/#organization","name":"Bantam Wankm\u00fcller SA","url":"https:\/\/shop.bantam.ch\/fr\/","logo":{"@type":"ImageObject","inLanguage":"fr-FR","@id":"https:\/\/shop.bantam.ch\/fr\/#\/schema\/logo\/image\/","url":"https:\/\/shop.bantam.ch\/wp-content\/uploads\/2022\/12\/bantam-logo.png","contentUrl":"https:\/\/shop.bantam.ch\/wp-content\/uploads\/2022\/12\/bantam-logo.png","width":320,"height":71,"caption":"Bantam Wankm\u00fcller SA"},"image":{"@id":"https:\/\/shop.bantam.ch\/fr\/#\/schema\/logo\/image\/"}}]}},"_links":{"self":[{"href":"https:\/\/shop.bantam.ch\/fr\/wp-json\/wp\/v2\/product\/113921","targetHints":{"allow":["GET"]}}],"collection":[{"href":"https:\/\/shop.bantam.ch\/fr\/wp-json\/wp\/v2\/product"}],"about":[{"href":"https:\/\/shop.bantam.ch\/fr\/wp-json\/wp\/v2\/types\/product"}],"wp:featuredmedia":[{"embeddable":true,"href":"https:\/\/shop.bantam.ch\/fr\/wp-json\/wp\/v2\/media\/113915"}],"wp:attachment":[{"href":"https:\/\/shop.bantam.ch\/fr\/wp-json\/wp\/v2\/media?parent=113921"}],"wp:term":[{"taxonomy":"product_featured_cat","embeddable":true,"href":"https:\/\/shop.bantam.ch\/fr\/wp-json\/wp\/v2\/product_featured_cat?post=113921"},{"taxonomy":"product_brand","embeddable":true,"href":"https:\/\/shop.bantam.ch\/fr\/wp-json\/wp\/v2\/product_brand?post=113921"},{"taxonomy":"product_cat","embeddable":true,"href":"https:\/\/shop.bantam.ch\/fr\/wp-json\/wp\/v2\/product_cat?post=113921"},{"taxonomy":"product_tag","embeddable":true,"href":"https:\/\/shop.bantam.ch\/fr\/wp-json\/wp\/v2\/product_tag?post=113921"}],"curies":[{"name":"wp","href":"https:\/\/api.w.org\/{rel}","templated":true}]}}