{"id":113841,"date":"2023-02-28T21:28:21","date_gmt":"2023-02-28T20:28:21","guid":{"rendered":"https:\/\/shop.bantam.ch\/produit\/livre-de-voyage-slovenie-2\/"},"modified":"2026-04-19T21:45:19","modified_gmt":"2026-04-19T19:45:19","slug":"livre-de-voyage-slovenie-2","status":"publish","type":"product","link":"https:\/\/shop.bantam.ch\/fr\/produit\/livre-de-voyage-slovenie-2\/","title":{"rendered":"Reisebuch WOMO Slowenien"},"content":{"rendered":"<p>Voyager dans tout le pays avec de nombreuses suggestions de circuits, les plus belles plages pour la baignade, le camping gratuit, les bonnes adresses, les plus beaux endroits pour la baignade, le pique-nique et la randonn\u00e9e, les trucs et astuces pour le mat\u00e9riel, la pr\u00e9paration du voyage, l&rsquo;arriv\u00e9e et le s\u00e9jour, de nombreuses informations sur l\u2019approvisionnement en eau potable.<\/p>\n","protected":false},"excerpt":{"rendered":"<p>Voyager dans tout le pays avec de nombreuses suggestions de circuits, les plus belles plages pour la baignade, le camping gratuit, les bonnes adresses, les plus beaux endroits pour la baignade, le pique-nique et la randonn\u00e9e, les trucs et astuces pour le mat\u00e9riel, la pr\u00e9paration du voyage, l&rsquo;arriv\u00e9e et le s\u00e9jour, de nombreuses informations sur [&hellip;]<\/p>\n","protected":false},"featured_media":113839,"template":"","meta":{"_acf_changed":false},"product_featured_cat":[],"product_brand":[3124],"product_cat":[4351],"product_tag":[],"class_list":{"0":"post-113841","1":"product","2":"type-product","3":"status-publish","4":"has-post-thumbnail","6":"product_brand-womo","7":"product_cat-guides-de-voyage","9":"first","10":"instock","11":"taxable","12":"shipping-taxable","13":"purchasable","14":"product-type-simple"},"acf":[],"yoast_head":"<!-- This site is optimized with the Yoast SEO plugin v27.4 - https:\/\/yoast.com\/product\/yoast-seo-wordpress\/ -->\n<title>Reisebuch WOMO Slowenien - Bantam Wankm\u00fcller SA<\/title>\n<meta name=\"robots\" content=\"index, follow, max-snippet:-1, max-image-preview:large, max-video-preview:-1\" \/>\n<link rel=\"canonical\" href=\"https:\/\/shop.bantam.ch\/fr\/produit\/livre-de-voyage-slovenie-2\/\" \/>\n<meta property=\"og:locale\" content=\"fr_FR\" \/>\n<meta property=\"og:type\" content=\"article\" \/>\n<meta property=\"og:title\" content=\"Reisebuch WOMO Slowenien - Bantam Wankm\u00fcller SA\" \/>\n<meta property=\"og:description\" content=\"Voyager dans tout le pays avec de nombreuses suggestions de circuits, les plus belles plages pour la baignade, le camping gratuit, les bonnes adresses, les plus beaux endroits pour la baignade, le pique-nique et la randonn\u00e9e, les trucs et astuces pour le mat\u00e9riel, la pr\u00e9paration du voyage, l&rsquo;arriv\u00e9e et le s\u00e9jour, de nombreuses informations sur [&hellip;]\" \/>\n<meta property=\"og:url\" content=\"https:\/\/shop.bantam.ch\/fr\/produit\/livre-de-voyage-slovenie-2\/\" \/>\n<meta property=\"og:site_name\" content=\"Bantam Wankm\u00fcller SA\" \/>\n<meta property=\"article:modified_time\" content=\"2026-04-19T19:45:19+00:00\" \/>\n<meta property=\"og:image\" content=\"https:\/\/shop.bantam.ch\/wp-content\/uploads\/2023\/02\/995806811.jpg\" \/>\n\t<meta property=\"og:image:width\" content=\"517\" \/>\n\t<meta property=\"og:image:height\" content=\"1000\" \/>\n\t<meta property=\"og:image:type\" content=\"image\/jpeg\" \/>\n<meta name=\"twitter:card\" content=\"summary_large_image\" \/>\n<script type=\"application\/ld+json\" class=\"yoast-schema-graph\">{\"@context\":\"https:\\\/\\\/schema.org\",\"@graph\":[{\"@type\":\"WebPage\",\"@id\":\"https:\\\/\\\/shop.bantam.ch\\\/fr\\\/produit\\\/livre-de-voyage-slovenie-2\\\/\",\"url\":\"https:\\\/\\\/shop.bantam.ch\\\/fr\\\/produit\\\/livre-de-voyage-slovenie-2\\\/\",\"name\":\"Reisebuch WOMO Slowenien - Bantam Wankm\u00fcller SA\",\"isPartOf\":{\"@id\":\"https:\\\/\\\/shop.bantam.ch\\\/fr\\\/#website\"},\"primaryImageOfPage\":{\"@id\":\"https:\\\/\\\/shop.bantam.ch\\\/fr\\\/produit\\\/livre-de-voyage-slovenie-2\\\/#primaryimage\"},\"image\":{\"@id\":\"https:\\\/\\\/shop.bantam.ch\\\/fr\\\/produit\\\/livre-de-voyage-slovenie-2\\\/#primaryimage\"},\"thumbnailUrl\":\"https:\\\/\\\/shop.bantam.ch\\\/wp-content\\\/uploads\\\/2023\\\/02\\\/995806811.jpg\",\"datePublished\":\"2023-02-28T20:28:21+00:00\",\"dateModified\":\"2026-04-19T19:45:19+00:00\",\"breadcrumb\":{\"@id\":\"https:\\\/\\\/shop.bantam.ch\\\/fr\\\/produit\\\/livre-de-voyage-slovenie-2\\\/#breadcrumb\"},\"inLanguage\":\"fr-FR\",\"potentialAction\":[{\"@type\":\"ReadAction\",\"target\":[\"https:\\\/\\\/shop.bantam.ch\\\/fr\\\/produit\\\/livre-de-voyage-slovenie-2\\\/\"]}]},{\"@type\":\"ImageObject\",\"inLanguage\":\"fr-FR\",\"@id\":\"https:\\\/\\\/shop.bantam.ch\\\/fr\\\/produit\\\/livre-de-voyage-slovenie-2\\\/#primaryimage\",\"url\":\"https:\\\/\\\/shop.bantam.ch\\\/wp-content\\\/uploads\\\/2023\\\/02\\\/995806811.jpg\",\"contentUrl\":\"https:\\\/\\\/shop.bantam.ch\\\/wp-content\\\/uploads\\\/2023\\\/02\\\/995806811.jpg\",\"width\":517,\"height\":1000},{\"@type\":\"BreadcrumbList\",\"@id\":\"https:\\\/\\\/shop.bantam.ch\\\/fr\\\/produit\\\/livre-de-voyage-slovenie-2\\\/#breadcrumb\",\"itemListElement\":[{\"@type\":\"ListItem\",\"position\":1,\"name\":\"Accueil\",\"item\":\"https:\\\/\\\/shop.bantam.ch\\\/fr\\\/\"},{\"@type\":\"ListItem\",\"position\":2,\"name\":\"Boutique\",\"item\":\"https:\\\/\\\/shop.bantam.ch\\\/fr\\\/boutique\\\/\"},{\"@type\":\"ListItem\",\"position\":3,\"name\":\"Reisebuch WOMO Slowenien\"}]},{\"@type\":\"WebSite\",\"@id\":\"https:\\\/\\\/shop.bantam.ch\\\/fr\\\/#website\",\"url\":\"https:\\\/\\\/shop.bantam.ch\\\/fr\\\/\",\"name\":\"Bantam Wankm\u00fcller SA\",\"description\":\"\",\"publisher\":{\"@id\":\"https:\\\/\\\/shop.bantam.ch\\\/fr\\\/#organization\"},\"inLanguage\":\"fr-FR\"},{\"@type\":\"Organization\",\"@id\":\"https:\\\/\\\/shop.bantam.ch\\\/fr\\\/#organization\",\"name\":\"Bantam Wankm\u00fcller SA\",\"url\":\"https:\\\/\\\/shop.bantam.ch\\\/fr\\\/\",\"logo\":{\"@type\":\"ImageObject\",\"inLanguage\":\"fr-FR\",\"@id\":\"https:\\\/\\\/shop.bantam.ch\\\/fr\\\/#\\\/schema\\\/logo\\\/image\\\/\",\"url\":\"https:\\\/\\\/shop.bantam.ch\\\/wp-content\\\/uploads\\\/2022\\\/12\\\/bantam-logo.png\",\"contentUrl\":\"https:\\\/\\\/shop.bantam.ch\\\/wp-content\\\/uploads\\\/2022\\\/12\\\/bantam-logo.png\",\"width\":320,\"height\":71,\"caption\":\"Bantam Wankm\u00fcller SA\"},\"image\":{\"@id\":\"https:\\\/\\\/shop.bantam.ch\\\/fr\\\/#\\\/schema\\\/logo\\\/image\\\/\"}}]}<\/script>\n<!-- \/ Yoast SEO plugin. -->","yoast_head_json":{"title":"Reisebuch WOMO Slowenien - Bantam Wankm\u00fcller SA","robots":{"index":"index","follow":"follow","max-snippet":"max-snippet:-1","max-image-preview":"max-image-preview:large","max-video-preview":"max-video-preview:-1"},"canonical":"https:\/\/shop.bantam.ch\/fr\/produit\/livre-de-voyage-slovenie-2\/","og_locale":"fr_FR","og_type":"article","og_title":"Reisebuch WOMO Slowenien - Bantam Wankm\u00fcller SA","og_description":"Voyager dans tout le pays avec de nombreuses suggestions de circuits, les plus belles plages pour la baignade, le camping gratuit, les bonnes adresses, les plus beaux endroits pour la baignade, le pique-nique et la randonn\u00e9e, les trucs et astuces pour le mat\u00e9riel, la pr\u00e9paration du voyage, l&rsquo;arriv\u00e9e et le s\u00e9jour, de nombreuses informations sur [&hellip;]","og_url":"https:\/\/shop.bantam.ch\/fr\/produit\/livre-de-voyage-slovenie-2\/","og_site_name":"Bantam Wankm\u00fcller SA","article_modified_time":"2026-04-19T19:45:19+00:00","og_image":[{"width":517,"height":1000,"url":"https:\/\/shop.bantam.ch\/wp-content\/uploads\/2023\/02\/995806811.jpg","type":"image\/jpeg"}],"twitter_card":"summary_large_image","schema":{"@context":"https:\/\/schema.org","@graph":[{"@type":"WebPage","@id":"https:\/\/shop.bantam.ch\/fr\/produit\/livre-de-voyage-slovenie-2\/","url":"https:\/\/shop.bantam.ch\/fr\/produit\/livre-de-voyage-slovenie-2\/","name":"Reisebuch WOMO Slowenien - Bantam Wankm\u00fcller SA","isPartOf":{"@id":"https:\/\/shop.bantam.ch\/fr\/#website"},"primaryImageOfPage":{"@id":"https:\/\/shop.bantam.ch\/fr\/produit\/livre-de-voyage-slovenie-2\/#primaryimage"},"image":{"@id":"https:\/\/shop.bantam.ch\/fr\/produit\/livre-de-voyage-slovenie-2\/#primaryimage"},"thumbnailUrl":"https:\/\/shop.bantam.ch\/wp-content\/uploads\/2023\/02\/995806811.jpg","datePublished":"2023-02-28T20:28:21+00:00","dateModified":"2026-04-19T19:45:19+00:00","breadcrumb":{"@id":"https:\/\/shop.bantam.ch\/fr\/produit\/livre-de-voyage-slovenie-2\/#breadcrumb"},"inLanguage":"fr-FR","potentialAction":[{"@type":"ReadAction","target":["https:\/\/shop.bantam.ch\/fr\/produit\/livre-de-voyage-slovenie-2\/"]}]},{"@type":"ImageObject","inLanguage":"fr-FR","@id":"https:\/\/shop.bantam.ch\/fr\/produit\/livre-de-voyage-slovenie-2\/#primaryimage","url":"https:\/\/shop.bantam.ch\/wp-content\/uploads\/2023\/02\/995806811.jpg","contentUrl":"https:\/\/shop.bantam.ch\/wp-content\/uploads\/2023\/02\/995806811.jpg","width":517,"height":1000},{"@type":"BreadcrumbList","@id":"https:\/\/shop.bantam.ch\/fr\/produit\/livre-de-voyage-slovenie-2\/#breadcrumb","itemListElement":[{"@type":"ListItem","position":1,"name":"Accueil","item":"https:\/\/shop.bantam.ch\/fr\/"},{"@type":"ListItem","position":2,"name":"Boutique","item":"https:\/\/shop.bantam.ch\/fr\/boutique\/"},{"@type":"ListItem","position":3,"name":"Reisebuch WOMO Slowenien"}]},{"@type":"WebSite","@id":"https:\/\/shop.bantam.ch\/fr\/#website","url":"https:\/\/shop.bantam.ch\/fr\/","name":"Bantam Wankm\u00fcller SA","description":"","publisher":{"@id":"https:\/\/shop.bantam.ch\/fr\/#organization"},"inLanguage":"fr-FR"},{"@type":"Organization","@id":"https:\/\/shop.bantam.ch\/fr\/#organization","name":"Bantam Wankm\u00fcller SA","url":"https:\/\/shop.bantam.ch\/fr\/","logo":{"@type":"ImageObject","inLanguage":"fr-FR","@id":"https:\/\/shop.bantam.ch\/fr\/#\/schema\/logo\/image\/","url":"https:\/\/shop.bantam.ch\/wp-content\/uploads\/2022\/12\/bantam-logo.png","contentUrl":"https:\/\/shop.bantam.ch\/wp-content\/uploads\/2022\/12\/bantam-logo.png","width":320,"height":71,"caption":"Bantam Wankm\u00fcller SA"},"image":{"@id":"https:\/\/shop.bantam.ch\/fr\/#\/schema\/logo\/image\/"}}]}},"_links":{"self":[{"href":"https:\/\/shop.bantam.ch\/fr\/wp-json\/wp\/v2\/product\/113841","targetHints":{"allow":["GET"]}}],"collection":[{"href":"https:\/\/shop.bantam.ch\/fr\/wp-json\/wp\/v2\/product"}],"about":[{"href":"https:\/\/shop.bantam.ch\/fr\/wp-json\/wp\/v2\/types\/product"}],"wp:featuredmedia":[{"embeddable":true,"href":"https:\/\/shop.bantam.ch\/fr\/wp-json\/wp\/v2\/media\/113839"}],"wp:attachment":[{"href":"https:\/\/shop.bantam.ch\/fr\/wp-json\/wp\/v2\/media?parent=113841"}],"wp:term":[{"taxonomy":"product_featured_cat","embeddable":true,"href":"https:\/\/shop.bantam.ch\/fr\/wp-json\/wp\/v2\/product_featured_cat?post=113841"},{"taxonomy":"product_brand","embeddable":true,"href":"https:\/\/shop.bantam.ch\/fr\/wp-json\/wp\/v2\/product_brand?post=113841"},{"taxonomy":"product_cat","embeddable":true,"href":"https:\/\/shop.bantam.ch\/fr\/wp-json\/wp\/v2\/product_cat?post=113841"},{"taxonomy":"product_tag","embeddable":true,"href":"https:\/\/shop.bantam.ch\/fr\/wp-json\/wp\/v2\/product_tag?post=113841"}],"curies":[{"name":"wp","href":"https:\/\/api.w.org\/{rel}","templated":true}]}}