{"id":113803,"date":"2023-02-28T21:27:18","date_gmt":"2023-02-28T20:27:18","guid":{"rendered":"https:\/\/shop.bantam.ch\/produit\/guide-touristique-pour-camping-car-cote-de-la-mer-baltique-mecklembourg-pomeranie-occidentale\/"},"modified":"2026-04-20T21:44:04","modified_gmt":"2026-04-20T19:44:04","slug":"guide-touristique-pour-camping-car-cote-de-la-mer-baltique-mecklembourg-pomeranie-occidentale","status":"publish","type":"product","link":"https:\/\/shop.bantam.ch\/fr\/produit\/guide-touristique-pour-camping-car-cote-de-la-mer-baltique-mecklembourg-pomeranie-occidentale\/","title":{"rendered":"Guide tour. Reise Know-How C\u00f4te mer Balt., Mecklembourg- Pom\u00e9ranie occidentale"},"content":{"rendered":"<p>D\u00e9couvrez les plus belles r\u00e9gions d&rsquo;Allemagne et d&rsquo;Europe avec les guides touristiques en camping-car pour les voyages individuels. Des itin\u00e9raires d\u00e9taill\u00e9s m\u00e8nent \u00e0 travers les plus beaux paysages et sites. Les descriptions sont compl\u00e9t\u00e9es par des histoires et des informations g\u00e9n\u00e9rales. Toutes les informations importantes pour les d\u00e9placements avec un atlas des itin\u00e9raires, des cartes de la ville et des donn\u00e9es GPS, des randonn\u00e9es, des excursions et des curiosit\u00e9s.<\/p>\n","protected":false},"excerpt":{"rendered":"<p>D\u00e9couvrez les plus belles r\u00e9gions d&rsquo;Allemagne et d&rsquo;Europe avec les guides touristiques en camping-car pour les voyages individuels. Des itin\u00e9raires d\u00e9taill\u00e9s m\u00e8nent \u00e0 travers les plus beaux paysages et sites. Les descriptions sont compl\u00e9t\u00e9es par des histoires et des informations g\u00e9n\u00e9rales. Toutes les informations importantes pour les d\u00e9placements avec un atlas des itin\u00e9raires, des cartes [&hellip;]<\/p>\n","protected":false},"featured_media":113801,"template":"","meta":{"_acf_changed":false},"product_featured_cat":[],"product_brand":[3032],"product_cat":[4351],"product_tag":[],"class_list":{"0":"post-113803","1":"product","2":"type-product","3":"status-publish","4":"has-post-thumbnail","6":"product_brand-standard","7":"product_cat-guides-de-voyage","9":"first","10":"instock","11":"taxable","12":"shipping-taxable","13":"purchasable","14":"product-type-simple"},"acf":[],"yoast_head":"<!-- This site is optimized with the Yoast SEO plugin v27.4 - https:\/\/yoast.com\/product\/yoast-seo-wordpress\/ -->\n<title>Guide tour. Reise Know-How C\u00f4te mer Balt., Mecklembourg- Pom\u00e9ranie occidentale - Bantam Wankm\u00fcller SA<\/title>\n<meta name=\"robots\" content=\"index, follow, max-snippet:-1, max-image-preview:large, max-video-preview:-1\" \/>\n<link rel=\"canonical\" href=\"https:\/\/shop.bantam.ch\/fr\/produit\/guide-touristique-pour-camping-car-cote-de-la-mer-baltique-mecklembourg-pomeranie-occidentale\/\" \/>\n<meta property=\"og:locale\" content=\"fr_FR\" \/>\n<meta property=\"og:type\" content=\"article\" \/>\n<meta property=\"og:title\" content=\"Guide tour. Reise Know-How C\u00f4te mer Balt., Mecklembourg- Pom\u00e9ranie occidentale - Bantam Wankm\u00fcller SA\" \/>\n<meta property=\"og:description\" content=\"D\u00e9couvrez les plus belles r\u00e9gions d&rsquo;Allemagne et d&rsquo;Europe avec les guides touristiques en camping-car pour les voyages individuels. Des itin\u00e9raires d\u00e9taill\u00e9s m\u00e8nent \u00e0 travers les plus beaux paysages et sites. Les descriptions sont compl\u00e9t\u00e9es par des histoires et des informations g\u00e9n\u00e9rales. Toutes les informations importantes pour les d\u00e9placements avec un atlas des itin\u00e9raires, des cartes [&hellip;]\" \/>\n<meta property=\"og:url\" content=\"https:\/\/shop.bantam.ch\/fr\/produit\/guide-touristique-pour-camping-car-cote-de-la-mer-baltique-mecklembourg-pomeranie-occidentale\/\" \/>\n<meta property=\"og:site_name\" content=\"Bantam Wankm\u00fcller SA\" \/>\n<meta property=\"article:modified_time\" content=\"2026-04-20T19:44:04+00:00\" \/>\n<meta property=\"og:image\" content=\"https:\/\/shop.bantam.ch\/wp-content\/uploads\/2023\/02\/995805711.jpg\" \/>\n\t<meta property=\"og:image:width\" content=\"679\" \/>\n\t<meta property=\"og:image:height\" content=\"1000\" \/>\n\t<meta property=\"og:image:type\" content=\"image\/jpeg\" \/>\n<meta name=\"twitter:card\" content=\"summary_large_image\" \/>\n<script type=\"application\/ld+json\" class=\"yoast-schema-graph\">{\"@context\":\"https:\\\/\\\/schema.org\",\"@graph\":[{\"@type\":\"WebPage\",\"@id\":\"https:\\\/\\\/shop.bantam.ch\\\/fr\\\/produit\\\/guide-touristique-pour-camping-car-cote-de-la-mer-baltique-mecklembourg-pomeranie-occidentale\\\/\",\"url\":\"https:\\\/\\\/shop.bantam.ch\\\/fr\\\/produit\\\/guide-touristique-pour-camping-car-cote-de-la-mer-baltique-mecklembourg-pomeranie-occidentale\\\/\",\"name\":\"Guide tour. Reise Know-How C\u00f4te mer Balt., Mecklembourg- Pom\u00e9ranie occidentale - Bantam Wankm\u00fcller SA\",\"isPartOf\":{\"@id\":\"https:\\\/\\\/shop.bantam.ch\\\/fr\\\/#website\"},\"primaryImageOfPage\":{\"@id\":\"https:\\\/\\\/shop.bantam.ch\\\/fr\\\/produit\\\/guide-touristique-pour-camping-car-cote-de-la-mer-baltique-mecklembourg-pomeranie-occidentale\\\/#primaryimage\"},\"image\":{\"@id\":\"https:\\\/\\\/shop.bantam.ch\\\/fr\\\/produit\\\/guide-touristique-pour-camping-car-cote-de-la-mer-baltique-mecklembourg-pomeranie-occidentale\\\/#primaryimage\"},\"thumbnailUrl\":\"https:\\\/\\\/shop.bantam.ch\\\/wp-content\\\/uploads\\\/2023\\\/02\\\/995805711.jpg\",\"datePublished\":\"2023-02-28T20:27:18+00:00\",\"dateModified\":\"2026-04-20T19:44:04+00:00\",\"breadcrumb\":{\"@id\":\"https:\\\/\\\/shop.bantam.ch\\\/fr\\\/produit\\\/guide-touristique-pour-camping-car-cote-de-la-mer-baltique-mecklembourg-pomeranie-occidentale\\\/#breadcrumb\"},\"inLanguage\":\"fr-FR\",\"potentialAction\":[{\"@type\":\"ReadAction\",\"target\":[\"https:\\\/\\\/shop.bantam.ch\\\/fr\\\/produit\\\/guide-touristique-pour-camping-car-cote-de-la-mer-baltique-mecklembourg-pomeranie-occidentale\\\/\"]}]},{\"@type\":\"ImageObject\",\"inLanguage\":\"fr-FR\",\"@id\":\"https:\\\/\\\/shop.bantam.ch\\\/fr\\\/produit\\\/guide-touristique-pour-camping-car-cote-de-la-mer-baltique-mecklembourg-pomeranie-occidentale\\\/#primaryimage\",\"url\":\"https:\\\/\\\/shop.bantam.ch\\\/wp-content\\\/uploads\\\/2023\\\/02\\\/995805711.jpg\",\"contentUrl\":\"https:\\\/\\\/shop.bantam.ch\\\/wp-content\\\/uploads\\\/2023\\\/02\\\/995805711.jpg\",\"width\":679,\"height\":1000},{\"@type\":\"BreadcrumbList\",\"@id\":\"https:\\\/\\\/shop.bantam.ch\\\/fr\\\/produit\\\/guide-touristique-pour-camping-car-cote-de-la-mer-baltique-mecklembourg-pomeranie-occidentale\\\/#breadcrumb\",\"itemListElement\":[{\"@type\":\"ListItem\",\"position\":1,\"name\":\"Accueil\",\"item\":\"https:\\\/\\\/shop.bantam.ch\\\/fr\\\/\"},{\"@type\":\"ListItem\",\"position\":2,\"name\":\"Boutique\",\"item\":\"https:\\\/\\\/shop.bantam.ch\\\/fr\\\/boutique\\\/\"},{\"@type\":\"ListItem\",\"position\":3,\"name\":\"Guide tour. Reise Know-How C\u00f4te mer Balt., Mecklembourg- Pom\u00e9ranie occidentale\"}]},{\"@type\":\"WebSite\",\"@id\":\"https:\\\/\\\/shop.bantam.ch\\\/fr\\\/#website\",\"url\":\"https:\\\/\\\/shop.bantam.ch\\\/fr\\\/\",\"name\":\"Bantam Wankm\u00fcller SA\",\"description\":\"\",\"publisher\":{\"@id\":\"https:\\\/\\\/shop.bantam.ch\\\/fr\\\/#organization\"},\"inLanguage\":\"fr-FR\"},{\"@type\":\"Organization\",\"@id\":\"https:\\\/\\\/shop.bantam.ch\\\/fr\\\/#organization\",\"name\":\"Bantam Wankm\u00fcller SA\",\"url\":\"https:\\\/\\\/shop.bantam.ch\\\/fr\\\/\",\"logo\":{\"@type\":\"ImageObject\",\"inLanguage\":\"fr-FR\",\"@id\":\"https:\\\/\\\/shop.bantam.ch\\\/fr\\\/#\\\/schema\\\/logo\\\/image\\\/\",\"url\":\"https:\\\/\\\/shop.bantam.ch\\\/wp-content\\\/uploads\\\/2022\\\/12\\\/bantam-logo.png\",\"contentUrl\":\"https:\\\/\\\/shop.bantam.ch\\\/wp-content\\\/uploads\\\/2022\\\/12\\\/bantam-logo.png\",\"width\":320,\"height\":71,\"caption\":\"Bantam Wankm\u00fcller SA\"},\"image\":{\"@id\":\"https:\\\/\\\/shop.bantam.ch\\\/fr\\\/#\\\/schema\\\/logo\\\/image\\\/\"}}]}<\/script>\n<!-- \/ Yoast SEO plugin. -->","yoast_head_json":{"title":"Guide tour. Reise Know-How C\u00f4te mer Balt., Mecklembourg- Pom\u00e9ranie occidentale - Bantam Wankm\u00fcller SA","robots":{"index":"index","follow":"follow","max-snippet":"max-snippet:-1","max-image-preview":"max-image-preview:large","max-video-preview":"max-video-preview:-1"},"canonical":"https:\/\/shop.bantam.ch\/fr\/produit\/guide-touristique-pour-camping-car-cote-de-la-mer-baltique-mecklembourg-pomeranie-occidentale\/","og_locale":"fr_FR","og_type":"article","og_title":"Guide tour. Reise Know-How C\u00f4te mer Balt., Mecklembourg- Pom\u00e9ranie occidentale - Bantam Wankm\u00fcller SA","og_description":"D\u00e9couvrez les plus belles r\u00e9gions d&rsquo;Allemagne et d&rsquo;Europe avec les guides touristiques en camping-car pour les voyages individuels. Des itin\u00e9raires d\u00e9taill\u00e9s m\u00e8nent \u00e0 travers les plus beaux paysages et sites. Les descriptions sont compl\u00e9t\u00e9es par des histoires et des informations g\u00e9n\u00e9rales. Toutes les informations importantes pour les d\u00e9placements avec un atlas des itin\u00e9raires, des cartes [&hellip;]","og_url":"https:\/\/shop.bantam.ch\/fr\/produit\/guide-touristique-pour-camping-car-cote-de-la-mer-baltique-mecklembourg-pomeranie-occidentale\/","og_site_name":"Bantam Wankm\u00fcller SA","article_modified_time":"2026-04-20T19:44:04+00:00","og_image":[{"width":679,"height":1000,"url":"https:\/\/shop.bantam.ch\/wp-content\/uploads\/2023\/02\/995805711.jpg","type":"image\/jpeg"}],"twitter_card":"summary_large_image","schema":{"@context":"https:\/\/schema.org","@graph":[{"@type":"WebPage","@id":"https:\/\/shop.bantam.ch\/fr\/produit\/guide-touristique-pour-camping-car-cote-de-la-mer-baltique-mecklembourg-pomeranie-occidentale\/","url":"https:\/\/shop.bantam.ch\/fr\/produit\/guide-touristique-pour-camping-car-cote-de-la-mer-baltique-mecklembourg-pomeranie-occidentale\/","name":"Guide tour. Reise Know-How C\u00f4te mer Balt., Mecklembourg- Pom\u00e9ranie occidentale - Bantam Wankm\u00fcller SA","isPartOf":{"@id":"https:\/\/shop.bantam.ch\/fr\/#website"},"primaryImageOfPage":{"@id":"https:\/\/shop.bantam.ch\/fr\/produit\/guide-touristique-pour-camping-car-cote-de-la-mer-baltique-mecklembourg-pomeranie-occidentale\/#primaryimage"},"image":{"@id":"https:\/\/shop.bantam.ch\/fr\/produit\/guide-touristique-pour-camping-car-cote-de-la-mer-baltique-mecklembourg-pomeranie-occidentale\/#primaryimage"},"thumbnailUrl":"https:\/\/shop.bantam.ch\/wp-content\/uploads\/2023\/02\/995805711.jpg","datePublished":"2023-02-28T20:27:18+00:00","dateModified":"2026-04-20T19:44:04+00:00","breadcrumb":{"@id":"https:\/\/shop.bantam.ch\/fr\/produit\/guide-touristique-pour-camping-car-cote-de-la-mer-baltique-mecklembourg-pomeranie-occidentale\/#breadcrumb"},"inLanguage":"fr-FR","potentialAction":[{"@type":"ReadAction","target":["https:\/\/shop.bantam.ch\/fr\/produit\/guide-touristique-pour-camping-car-cote-de-la-mer-baltique-mecklembourg-pomeranie-occidentale\/"]}]},{"@type":"ImageObject","inLanguage":"fr-FR","@id":"https:\/\/shop.bantam.ch\/fr\/produit\/guide-touristique-pour-camping-car-cote-de-la-mer-baltique-mecklembourg-pomeranie-occidentale\/#primaryimage","url":"https:\/\/shop.bantam.ch\/wp-content\/uploads\/2023\/02\/995805711.jpg","contentUrl":"https:\/\/shop.bantam.ch\/wp-content\/uploads\/2023\/02\/995805711.jpg","width":679,"height":1000},{"@type":"BreadcrumbList","@id":"https:\/\/shop.bantam.ch\/fr\/produit\/guide-touristique-pour-camping-car-cote-de-la-mer-baltique-mecklembourg-pomeranie-occidentale\/#breadcrumb","itemListElement":[{"@type":"ListItem","position":1,"name":"Accueil","item":"https:\/\/shop.bantam.ch\/fr\/"},{"@type":"ListItem","position":2,"name":"Boutique","item":"https:\/\/shop.bantam.ch\/fr\/boutique\/"},{"@type":"ListItem","position":3,"name":"Guide tour. Reise Know-How C\u00f4te mer Balt., Mecklembourg- Pom\u00e9ranie occidentale"}]},{"@type":"WebSite","@id":"https:\/\/shop.bantam.ch\/fr\/#website","url":"https:\/\/shop.bantam.ch\/fr\/","name":"Bantam Wankm\u00fcller SA","description":"","publisher":{"@id":"https:\/\/shop.bantam.ch\/fr\/#organization"},"inLanguage":"fr-FR"},{"@type":"Organization","@id":"https:\/\/shop.bantam.ch\/fr\/#organization","name":"Bantam Wankm\u00fcller SA","url":"https:\/\/shop.bantam.ch\/fr\/","logo":{"@type":"ImageObject","inLanguage":"fr-FR","@id":"https:\/\/shop.bantam.ch\/fr\/#\/schema\/logo\/image\/","url":"https:\/\/shop.bantam.ch\/wp-content\/uploads\/2022\/12\/bantam-logo.png","contentUrl":"https:\/\/shop.bantam.ch\/wp-content\/uploads\/2022\/12\/bantam-logo.png","width":320,"height":71,"caption":"Bantam Wankm\u00fcller SA"},"image":{"@id":"https:\/\/shop.bantam.ch\/fr\/#\/schema\/logo\/image\/"}}]}},"_links":{"self":[{"href":"https:\/\/shop.bantam.ch\/fr\/wp-json\/wp\/v2\/product\/113803","targetHints":{"allow":["GET"]}}],"collection":[{"href":"https:\/\/shop.bantam.ch\/fr\/wp-json\/wp\/v2\/product"}],"about":[{"href":"https:\/\/shop.bantam.ch\/fr\/wp-json\/wp\/v2\/types\/product"}],"wp:featuredmedia":[{"embeddable":true,"href":"https:\/\/shop.bantam.ch\/fr\/wp-json\/wp\/v2\/media\/113801"}],"wp:attachment":[{"href":"https:\/\/shop.bantam.ch\/fr\/wp-json\/wp\/v2\/media?parent=113803"}],"wp:term":[{"taxonomy":"product_featured_cat","embeddable":true,"href":"https:\/\/shop.bantam.ch\/fr\/wp-json\/wp\/v2\/product_featured_cat?post=113803"},{"taxonomy":"product_brand","embeddable":true,"href":"https:\/\/shop.bantam.ch\/fr\/wp-json\/wp\/v2\/product_brand?post=113803"},{"taxonomy":"product_cat","embeddable":true,"href":"https:\/\/shop.bantam.ch\/fr\/wp-json\/wp\/v2\/product_cat?post=113803"},{"taxonomy":"product_tag","embeddable":true,"href":"https:\/\/shop.bantam.ch\/fr\/wp-json\/wp\/v2\/product_tag?post=113803"}],"curies":[{"name":"wp","href":"https:\/\/api.w.org\/{rel}","templated":true}]}}