{"id":113603,"date":"2023-02-28T21:23:13","date_gmt":"2023-02-28T20:23:13","guid":{"rendered":"https:\/\/shop.bantam.ch\/produit\/support-universel-adventure-rack-fiat-ducato-etc-noir\/"},"modified":"2026-04-17T23:17:48","modified_gmt":"2026-04-17T21:17:48","slug":"support-universel-adventure-rack-fiat-ducato-etc-noir","status":"publish","type":"product","link":"https:\/\/shop.bantam.ch\/fr\/produit\/support-universel-adventure-rack-fiat-ducato-etc-noir\/","title":{"rendered":"Support universel Adventure Rack, Fiat Ducato etc., noir"},"content":{"rendered":"<p>Universellement extensible avec des accessoires optionnels pour le montage de v\u00e9los, skis\/snowboards, planches de surf, bo\u00eetes de transport, roues de secours. L&rsquo;assemblage s&rsquo;effectue sans collage au niveau des points de fixation des charni\u00e8res de porte. Pour ouvrir les portes du hayon arri\u00e8re, le porte-v\u00e9los peut \u00eatre pivot\u00e9 vers la droite \u00e0 l\u2019\u00e9tat charg\u00e9. Hauteur de chargement confortable de 67 cm.<\/p>\n<p>Pour Fiat Ducato, Citro\u00ebn Jumper, Peugeot Boxer \u00e0 partir de 07\/2006.<\/p>\n<p>Le jeu de c\u00e2bles \u00e9lectriques doit \u00eatre command\u00e9 s\u00e9par\u00e9ment.<\/p>\n<p>Contenu de la livraison :<br \/>avec cadre de base pour 2 v\u00e9los<br \/>2 barres transversales<br \/>Barre d\u2019\u00e9clairage <\/p>\n","protected":false},"excerpt":{"rendered":"<p>Universellement extensible avec des accessoires optionnels pour le montage de v\u00e9los, skis\/snowboards, planches de surf, bo\u00eetes de transport, roues de secours. L&rsquo;assemblage s&rsquo;effectue sans collage au niveau des points de fixation des charni\u00e8res de porte. Pour ouvrir les portes du hayon arri\u00e8re, le porte-v\u00e9los peut \u00eatre pivot\u00e9 vers la droite \u00e0 l\u2019\u00e9tat charg\u00e9. Hauteur de [&hellip;]<\/p>\n","protected":false},"featured_media":113599,"template":"","meta":{"_acf_changed":false},"product_featured_cat":[],"product_brand":[3226],"product_cat":[5137],"product_tag":[],"class_list":{"0":"post-113603","1":"product","2":"type-product","3":"status-publish","4":"has-post-thumbnail","6":"product_brand-eurocarry","7":"product_cat-porte-velos-arriere","9":"first","10":"instock","11":"taxable","12":"shipping-taxable","13":"purchasable","14":"product-type-variable"},"acf":[],"yoast_head":"<!-- This site is optimized with the Yoast SEO plugin v27.4 - https:\/\/yoast.com\/product\/yoast-seo-wordpress\/ -->\n<title>Support universel Adventure Rack, Fiat Ducato etc., noir - Bantam Wankm\u00fcller SA<\/title>\n<meta name=\"robots\" content=\"index, follow, max-snippet:-1, max-image-preview:large, max-video-preview:-1\" \/>\n<link rel=\"canonical\" href=\"https:\/\/shop.bantam.ch\/fr\/produit\/support-universel-adventure-rack-fiat-ducato-etc-noir\/\" \/>\n<meta property=\"og:locale\" content=\"fr_FR\" \/>\n<meta property=\"og:type\" content=\"article\" \/>\n<meta property=\"og:title\" content=\"Support universel Adventure Rack, Fiat Ducato etc., noir - Bantam Wankm\u00fcller SA\" \/>\n<meta property=\"og:description\" content=\"Universellement extensible avec des accessoires optionnels pour le montage de v\u00e9los, skis\/snowboards, planches de surf, bo\u00eetes de transport, roues de secours. L&rsquo;assemblage s&rsquo;effectue sans collage au niveau des points de fixation des charni\u00e8res de porte. Pour ouvrir les portes du hayon arri\u00e8re, le porte-v\u00e9los peut \u00eatre pivot\u00e9 vers la droite \u00e0 l\u2019\u00e9tat charg\u00e9. Hauteur de [&hellip;]\" \/>\n<meta property=\"og:url\" content=\"https:\/\/shop.bantam.ch\/fr\/produit\/support-universel-adventure-rack-fiat-ducato-etc-noir\/\" \/>\n<meta property=\"og:site_name\" content=\"Bantam Wankm\u00fcller SA\" \/>\n<meta property=\"article:modified_time\" content=\"2026-04-17T21:17:48+00:00\" \/>\n<meta property=\"og:image\" content=\"https:\/\/shop.bantam.ch\/wp-content\/uploads\/2023\/02\/994428711.jpg\" \/>\n\t<meta property=\"og:image:width\" content=\"1000\" \/>\n\t<meta property=\"og:image:height\" content=\"832\" \/>\n\t<meta property=\"og:image:type\" content=\"image\/jpeg\" \/>\n<meta name=\"twitter:card\" content=\"summary_large_image\" \/>\n<meta name=\"twitter:label1\" content=\"Dur\u00e9e de lecture estim\u00e9e\" \/>\n\t<meta name=\"twitter:data1\" content=\"1 minute\" \/>\n<script type=\"application\/ld+json\" class=\"yoast-schema-graph\">{\"@context\":\"https:\\\/\\\/schema.org\",\"@graph\":[{\"@type\":\"WebPage\",\"@id\":\"https:\\\/\\\/shop.bantam.ch\\\/fr\\\/produit\\\/support-universel-adventure-rack-fiat-ducato-etc-noir\\\/\",\"url\":\"https:\\\/\\\/shop.bantam.ch\\\/fr\\\/produit\\\/support-universel-adventure-rack-fiat-ducato-etc-noir\\\/\",\"name\":\"Support universel Adventure Rack, Fiat Ducato etc., noir - Bantam Wankm\u00fcller SA\",\"isPartOf\":{\"@id\":\"https:\\\/\\\/shop.bantam.ch\\\/fr\\\/#website\"},\"primaryImageOfPage\":{\"@id\":\"https:\\\/\\\/shop.bantam.ch\\\/fr\\\/produit\\\/support-universel-adventure-rack-fiat-ducato-etc-noir\\\/#primaryimage\"},\"image\":{\"@id\":\"https:\\\/\\\/shop.bantam.ch\\\/fr\\\/produit\\\/support-universel-adventure-rack-fiat-ducato-etc-noir\\\/#primaryimage\"},\"thumbnailUrl\":\"https:\\\/\\\/shop.bantam.ch\\\/wp-content\\\/uploads\\\/2023\\\/02\\\/994428711.jpg\",\"datePublished\":\"2023-02-28T20:23:13+00:00\",\"dateModified\":\"2026-04-17T21:17:48+00:00\",\"breadcrumb\":{\"@id\":\"https:\\\/\\\/shop.bantam.ch\\\/fr\\\/produit\\\/support-universel-adventure-rack-fiat-ducato-etc-noir\\\/#breadcrumb\"},\"inLanguage\":\"fr-FR\",\"potentialAction\":[{\"@type\":\"ReadAction\",\"target\":[\"https:\\\/\\\/shop.bantam.ch\\\/fr\\\/produit\\\/support-universel-adventure-rack-fiat-ducato-etc-noir\\\/\"]}]},{\"@type\":\"ImageObject\",\"inLanguage\":\"fr-FR\",\"@id\":\"https:\\\/\\\/shop.bantam.ch\\\/fr\\\/produit\\\/support-universel-adventure-rack-fiat-ducato-etc-noir\\\/#primaryimage\",\"url\":\"https:\\\/\\\/shop.bantam.ch\\\/wp-content\\\/uploads\\\/2023\\\/02\\\/994428711.jpg\",\"contentUrl\":\"https:\\\/\\\/shop.bantam.ch\\\/wp-content\\\/uploads\\\/2023\\\/02\\\/994428711.jpg\",\"width\":1000,\"height\":832},{\"@type\":\"BreadcrumbList\",\"@id\":\"https:\\\/\\\/shop.bantam.ch\\\/fr\\\/produit\\\/support-universel-adventure-rack-fiat-ducato-etc-noir\\\/#breadcrumb\",\"itemListElement\":[{\"@type\":\"ListItem\",\"position\":1,\"name\":\"Accueil\",\"item\":\"https:\\\/\\\/shop.bantam.ch\\\/fr\\\/\"},{\"@type\":\"ListItem\",\"position\":2,\"name\":\"Boutique\",\"item\":\"https:\\\/\\\/shop.bantam.ch\\\/fr\\\/boutique\\\/\"},{\"@type\":\"ListItem\",\"position\":3,\"name\":\"Support universel Adventure Rack, Fiat Ducato etc., noir\"}]},{\"@type\":\"WebSite\",\"@id\":\"https:\\\/\\\/shop.bantam.ch\\\/fr\\\/#website\",\"url\":\"https:\\\/\\\/shop.bantam.ch\\\/fr\\\/\",\"name\":\"Bantam Wankm\u00fcller SA\",\"description\":\"\",\"publisher\":{\"@id\":\"https:\\\/\\\/shop.bantam.ch\\\/fr\\\/#organization\"},\"inLanguage\":\"fr-FR\"},{\"@type\":\"Organization\",\"@id\":\"https:\\\/\\\/shop.bantam.ch\\\/fr\\\/#organization\",\"name\":\"Bantam Wankm\u00fcller SA\",\"url\":\"https:\\\/\\\/shop.bantam.ch\\\/fr\\\/\",\"logo\":{\"@type\":\"ImageObject\",\"inLanguage\":\"fr-FR\",\"@id\":\"https:\\\/\\\/shop.bantam.ch\\\/fr\\\/#\\\/schema\\\/logo\\\/image\\\/\",\"url\":\"https:\\\/\\\/shop.bantam.ch\\\/wp-content\\\/uploads\\\/2022\\\/12\\\/bantam-logo.png\",\"contentUrl\":\"https:\\\/\\\/shop.bantam.ch\\\/wp-content\\\/uploads\\\/2022\\\/12\\\/bantam-logo.png\",\"width\":320,\"height\":71,\"caption\":\"Bantam Wankm\u00fcller SA\"},\"image\":{\"@id\":\"https:\\\/\\\/shop.bantam.ch\\\/fr\\\/#\\\/schema\\\/logo\\\/image\\\/\"}}]}<\/script>\n<!-- \/ Yoast SEO plugin. -->","yoast_head_json":{"title":"Support universel Adventure Rack, Fiat Ducato etc., noir - Bantam Wankm\u00fcller SA","robots":{"index":"index","follow":"follow","max-snippet":"max-snippet:-1","max-image-preview":"max-image-preview:large","max-video-preview":"max-video-preview:-1"},"canonical":"https:\/\/shop.bantam.ch\/fr\/produit\/support-universel-adventure-rack-fiat-ducato-etc-noir\/","og_locale":"fr_FR","og_type":"article","og_title":"Support universel Adventure Rack, Fiat Ducato etc., noir - Bantam Wankm\u00fcller SA","og_description":"Universellement extensible avec des accessoires optionnels pour le montage de v\u00e9los, skis\/snowboards, planches de surf, bo\u00eetes de transport, roues de secours. L&rsquo;assemblage s&rsquo;effectue sans collage au niveau des points de fixation des charni\u00e8res de porte. Pour ouvrir les portes du hayon arri\u00e8re, le porte-v\u00e9los peut \u00eatre pivot\u00e9 vers la droite \u00e0 l\u2019\u00e9tat charg\u00e9. Hauteur de [&hellip;]","og_url":"https:\/\/shop.bantam.ch\/fr\/produit\/support-universel-adventure-rack-fiat-ducato-etc-noir\/","og_site_name":"Bantam Wankm\u00fcller SA","article_modified_time":"2026-04-17T21:17:48+00:00","og_image":[{"width":1000,"height":832,"url":"https:\/\/shop.bantam.ch\/wp-content\/uploads\/2023\/02\/994428711.jpg","type":"image\/jpeg"}],"twitter_card":"summary_large_image","twitter_misc":{"Dur\u00e9e de lecture estim\u00e9e":"1 minute"},"schema":{"@context":"https:\/\/schema.org","@graph":[{"@type":"WebPage","@id":"https:\/\/shop.bantam.ch\/fr\/produit\/support-universel-adventure-rack-fiat-ducato-etc-noir\/","url":"https:\/\/shop.bantam.ch\/fr\/produit\/support-universel-adventure-rack-fiat-ducato-etc-noir\/","name":"Support universel Adventure Rack, Fiat Ducato etc., noir - Bantam Wankm\u00fcller SA","isPartOf":{"@id":"https:\/\/shop.bantam.ch\/fr\/#website"},"primaryImageOfPage":{"@id":"https:\/\/shop.bantam.ch\/fr\/produit\/support-universel-adventure-rack-fiat-ducato-etc-noir\/#primaryimage"},"image":{"@id":"https:\/\/shop.bantam.ch\/fr\/produit\/support-universel-adventure-rack-fiat-ducato-etc-noir\/#primaryimage"},"thumbnailUrl":"https:\/\/shop.bantam.ch\/wp-content\/uploads\/2023\/02\/994428711.jpg","datePublished":"2023-02-28T20:23:13+00:00","dateModified":"2026-04-17T21:17:48+00:00","breadcrumb":{"@id":"https:\/\/shop.bantam.ch\/fr\/produit\/support-universel-adventure-rack-fiat-ducato-etc-noir\/#breadcrumb"},"inLanguage":"fr-FR","potentialAction":[{"@type":"ReadAction","target":["https:\/\/shop.bantam.ch\/fr\/produit\/support-universel-adventure-rack-fiat-ducato-etc-noir\/"]}]},{"@type":"ImageObject","inLanguage":"fr-FR","@id":"https:\/\/shop.bantam.ch\/fr\/produit\/support-universel-adventure-rack-fiat-ducato-etc-noir\/#primaryimage","url":"https:\/\/shop.bantam.ch\/wp-content\/uploads\/2023\/02\/994428711.jpg","contentUrl":"https:\/\/shop.bantam.ch\/wp-content\/uploads\/2023\/02\/994428711.jpg","width":1000,"height":832},{"@type":"BreadcrumbList","@id":"https:\/\/shop.bantam.ch\/fr\/produit\/support-universel-adventure-rack-fiat-ducato-etc-noir\/#breadcrumb","itemListElement":[{"@type":"ListItem","position":1,"name":"Accueil","item":"https:\/\/shop.bantam.ch\/fr\/"},{"@type":"ListItem","position":2,"name":"Boutique","item":"https:\/\/shop.bantam.ch\/fr\/boutique\/"},{"@type":"ListItem","position":3,"name":"Support universel Adventure Rack, Fiat Ducato etc., noir"}]},{"@type":"WebSite","@id":"https:\/\/shop.bantam.ch\/fr\/#website","url":"https:\/\/shop.bantam.ch\/fr\/","name":"Bantam Wankm\u00fcller SA","description":"","publisher":{"@id":"https:\/\/shop.bantam.ch\/fr\/#organization"},"inLanguage":"fr-FR"},{"@type":"Organization","@id":"https:\/\/shop.bantam.ch\/fr\/#organization","name":"Bantam Wankm\u00fcller SA","url":"https:\/\/shop.bantam.ch\/fr\/","logo":{"@type":"ImageObject","inLanguage":"fr-FR","@id":"https:\/\/shop.bantam.ch\/fr\/#\/schema\/logo\/image\/","url":"https:\/\/shop.bantam.ch\/wp-content\/uploads\/2022\/12\/bantam-logo.png","contentUrl":"https:\/\/shop.bantam.ch\/wp-content\/uploads\/2022\/12\/bantam-logo.png","width":320,"height":71,"caption":"Bantam Wankm\u00fcller SA"},"image":{"@id":"https:\/\/shop.bantam.ch\/fr\/#\/schema\/logo\/image\/"}}]}},"_links":{"self":[{"href":"https:\/\/shop.bantam.ch\/fr\/wp-json\/wp\/v2\/product\/113603","targetHints":{"allow":["GET"]}}],"collection":[{"href":"https:\/\/shop.bantam.ch\/fr\/wp-json\/wp\/v2\/product"}],"about":[{"href":"https:\/\/shop.bantam.ch\/fr\/wp-json\/wp\/v2\/types\/product"}],"wp:featuredmedia":[{"embeddable":true,"href":"https:\/\/shop.bantam.ch\/fr\/wp-json\/wp\/v2\/media\/113599"}],"wp:attachment":[{"href":"https:\/\/shop.bantam.ch\/fr\/wp-json\/wp\/v2\/media?parent=113603"}],"wp:term":[{"taxonomy":"product_featured_cat","embeddable":true,"href":"https:\/\/shop.bantam.ch\/fr\/wp-json\/wp\/v2\/product_featured_cat?post=113603"},{"taxonomy":"product_brand","embeddable":true,"href":"https:\/\/shop.bantam.ch\/fr\/wp-json\/wp\/v2\/product_brand?post=113603"},{"taxonomy":"product_cat","embeddable":true,"href":"https:\/\/shop.bantam.ch\/fr\/wp-json\/wp\/v2\/product_cat?post=113603"},{"taxonomy":"product_tag","embeddable":true,"href":"https:\/\/shop.bantam.ch\/fr\/wp-json\/wp\/v2\/product_tag?post=113603"}],"curies":[{"name":"wp","href":"https:\/\/api.w.org\/{rel}","templated":true}]}}