{"id":113555,"date":"2023-02-28T21:22:12","date_gmt":"2023-02-28T20:22:12","guid":{"rendered":"https:\/\/shop.bantam.ch\/produit\/armoires-de-cuisine-noires-2\/"},"modified":"2026-05-09T21:41:59","modified_gmt":"2026-05-09T19:41:59","slug":"armoires-de-cuisine-noires-2","status":"publish","type":"product","link":"https:\/\/shop.bantam.ch\/fr\/produit\/armoires-de-cuisine-noires-2\/","title":{"rendered":"Cabinets CRESPO Meuble de cuisine Noir"},"content":{"rendered":"<p>Armoire de cuisson stable avec 2 \u00e9tag\u00e8res. Tr\u00e8s facile \u00e0 installer gr\u00e2ce \u00e0 son syst\u00e8me de pliage. Pliable \u00e0 plat, avec panneau sup\u00e9rieur HPL (stratifi\u00e9 haute pression) r\u00e9sistant aux temp\u00e9ratures \u00e9lev\u00e9es et \u00e0 l\u2019humidit\u00e9. Pieds r\u00e9glables avec stabilisateurs.<\/p>\n<p>Mat\u00e9riau\u00a0:<br \/>Rev\u00eatement : 60% polyester, 40% polychlorure<br \/>Cadre\u00a0: aluminium<\/p>\n<p>Contenu de la livraison :<br \/>sac de transport<\/p>\n","protected":false},"excerpt":{"rendered":"<p>Armoire de cuisson stable avec 2 \u00e9tag\u00e8res. Tr\u00e8s facile \u00e0 installer gr\u00e2ce \u00e0 son syst\u00e8me de pliage. Pliable \u00e0 plat, avec panneau sup\u00e9rieur HPL (stratifi\u00e9 haute pression) r\u00e9sistant aux temp\u00e9ratures \u00e9lev\u00e9es et \u00e0 l\u2019humidit\u00e9. Pieds r\u00e9glables avec stabilisateurs. Mat\u00e9riau\u00a0:Rev\u00eatement : 60% polyester, 40% polychlorureCadre\u00a0: aluminium Contenu de la livraison :sac de transport<\/p>\n","protected":false},"featured_media":113553,"template":"","meta":{"_acf_changed":false},"product_featured_cat":[],"product_brand":[3084],"product_cat":[4057,4055],"product_tag":[],"class_list":{"0":"post-113555","1":"product","2":"type-product","3":"status-publish","4":"has-post-thumbnail","6":"product_brand-crespo","7":"product_cat-armoires-de-camping","8":"product_cat-cuisines-de-camping","10":"first","11":"instock","12":"taxable","13":"shipping-taxable","14":"purchasable","15":"product-type-simple"},"acf":[],"yoast_head":"<!-- This site is optimized with the Yoast SEO plugin v27.5 - https:\/\/yoast.com\/product\/yoast-seo-wordpress\/ -->\n<title>Cabinets CRESPO Meuble de cuisine Noir - Bantam<\/title>\n<meta name=\"robots\" content=\"index, follow, max-snippet:-1, max-image-preview:large, max-video-preview:-1\" \/>\n<link rel=\"canonical\" href=\"https:\/\/shop.bantam.ch\/fr\/produit\/armoires-de-cuisine-noires-2\/\" \/>\n<meta property=\"og:locale\" content=\"fr_FR\" \/>\n<meta property=\"og:type\" content=\"article\" \/>\n<meta property=\"og:title\" content=\"Cabinets CRESPO Meuble de cuisine Noir - Bantam\" \/>\n<meta property=\"og:description\" content=\"Armoire de cuisson stable avec 2 \u00e9tag\u00e8res. Tr\u00e8s facile \u00e0 installer gr\u00e2ce \u00e0 son syst\u00e8me de pliage. Pliable \u00e0 plat, avec panneau sup\u00e9rieur HPL (stratifi\u00e9 haute pression) r\u00e9sistant aux temp\u00e9ratures \u00e9lev\u00e9es et \u00e0 l\u2019humidit\u00e9. Pieds r\u00e9glables avec stabilisateurs. Mat\u00e9riau\u00a0:Rev\u00eatement : 60% polyester, 40% polychlorureCadre\u00a0: aluminium Contenu de la livraison :sac de transport\" \/>\n<meta property=\"og:url\" content=\"https:\/\/shop.bantam.ch\/fr\/produit\/armoires-de-cuisine-noires-2\/\" \/>\n<meta property=\"og:site_name\" content=\"Bantam\" \/>\n<meta property=\"article:modified_time\" content=\"2026-05-09T19:41:59+00:00\" \/>\n<meta property=\"og:image\" content=\"https:\/\/shop.bantam.ch\/wp-content\/uploads\/2023\/02\/997036411.jpg\" \/>\n\t<meta property=\"og:image:width\" content=\"735\" \/>\n\t<meta property=\"og:image:height\" content=\"1000\" \/>\n\t<meta property=\"og:image:type\" content=\"image\/jpeg\" \/>\n<meta name=\"twitter:card\" content=\"summary_large_image\" \/>\n<script type=\"application\/ld+json\" class=\"yoast-schema-graph\">{\"@context\":\"https:\\\/\\\/schema.org\",\"@graph\":[{\"@type\":\"WebPage\",\"@id\":\"https:\\\/\\\/shop.bantam.ch\\\/fr\\\/produit\\\/armoires-de-cuisine-noires-2\\\/\",\"url\":\"https:\\\/\\\/shop.bantam.ch\\\/fr\\\/produit\\\/armoires-de-cuisine-noires-2\\\/\",\"name\":\"Cabinets CRESPO Meuble de cuisine Noir - Bantam\",\"isPartOf\":{\"@id\":\"https:\\\/\\\/shop.bantam.ch\\\/fr\\\/#website\"},\"primaryImageOfPage\":{\"@id\":\"https:\\\/\\\/shop.bantam.ch\\\/fr\\\/produit\\\/armoires-de-cuisine-noires-2\\\/#primaryimage\"},\"image\":{\"@id\":\"https:\\\/\\\/shop.bantam.ch\\\/fr\\\/produit\\\/armoires-de-cuisine-noires-2\\\/#primaryimage\"},\"thumbnailUrl\":\"https:\\\/\\\/shop.bantam.ch\\\/wp-content\\\/uploads\\\/2023\\\/02\\\/997036411.jpg\",\"datePublished\":\"2023-02-28T20:22:12+00:00\",\"dateModified\":\"2026-05-09T19:41:59+00:00\",\"breadcrumb\":{\"@id\":\"https:\\\/\\\/shop.bantam.ch\\\/fr\\\/produit\\\/armoires-de-cuisine-noires-2\\\/#breadcrumb\"},\"inLanguage\":\"fr-FR\",\"potentialAction\":[{\"@type\":\"ReadAction\",\"target\":[\"https:\\\/\\\/shop.bantam.ch\\\/fr\\\/produit\\\/armoires-de-cuisine-noires-2\\\/\"]}]},{\"@type\":\"ImageObject\",\"inLanguage\":\"fr-FR\",\"@id\":\"https:\\\/\\\/shop.bantam.ch\\\/fr\\\/produit\\\/armoires-de-cuisine-noires-2\\\/#primaryimage\",\"url\":\"https:\\\/\\\/shop.bantam.ch\\\/wp-content\\\/uploads\\\/2023\\\/02\\\/997036411.jpg\",\"contentUrl\":\"https:\\\/\\\/shop.bantam.ch\\\/wp-content\\\/uploads\\\/2023\\\/02\\\/997036411.jpg\",\"width\":735,\"height\":1000},{\"@type\":\"BreadcrumbList\",\"@id\":\"https:\\\/\\\/shop.bantam.ch\\\/fr\\\/produit\\\/armoires-de-cuisine-noires-2\\\/#breadcrumb\",\"itemListElement\":[{\"@type\":\"ListItem\",\"position\":1,\"name\":\"Accueil\",\"item\":\"https:\\\/\\\/shop.bantam.ch\\\/fr\\\/\"},{\"@type\":\"ListItem\",\"position\":2,\"name\":\"Boutique\",\"item\":\"https:\\\/\\\/shop.bantam.ch\\\/fr\\\/boutique\\\/\"},{\"@type\":\"ListItem\",\"position\":3,\"name\":\"Cabinets CRESPO Meuble de cuisine Noir\"}]},{\"@type\":\"WebSite\",\"@id\":\"https:\\\/\\\/shop.bantam.ch\\\/fr\\\/#website\",\"url\":\"https:\\\/\\\/shop.bantam.ch\\\/fr\\\/\",\"name\":\"Bantam\",\"description\":\"\",\"publisher\":{\"@id\":\"https:\\\/\\\/shop.bantam.ch\\\/fr\\\/#organization\"},\"inLanguage\":\"fr-FR\"},{\"@type\":\"Organization\",\"@id\":\"https:\\\/\\\/shop.bantam.ch\\\/fr\\\/#organization\",\"name\":\"Bantam\",\"url\":\"https:\\\/\\\/shop.bantam.ch\\\/fr\\\/\",\"logo\":{\"@type\":\"ImageObject\",\"inLanguage\":\"fr-FR\",\"@id\":\"https:\\\/\\\/shop.bantam.ch\\\/fr\\\/#\\\/schema\\\/logo\\\/image\\\/\",\"url\":\"https:\\\/\\\/shop.bantam.ch\\\/wp-content\\\/uploads\\\/2022\\\/12\\\/bantam-logo.png\",\"contentUrl\":\"https:\\\/\\\/shop.bantam.ch\\\/wp-content\\\/uploads\\\/2022\\\/12\\\/bantam-logo.png\",\"width\":320,\"height\":71,\"caption\":\"Bantam\"},\"image\":{\"@id\":\"https:\\\/\\\/shop.bantam.ch\\\/fr\\\/#\\\/schema\\\/logo\\\/image\\\/\"}}]}<\/script>\n<!-- \/ Yoast SEO plugin. -->","yoast_head_json":{"title":"Cabinets CRESPO Meuble de cuisine Noir - Bantam","robots":{"index":"index","follow":"follow","max-snippet":"max-snippet:-1","max-image-preview":"max-image-preview:large","max-video-preview":"max-video-preview:-1"},"canonical":"https:\/\/shop.bantam.ch\/fr\/produit\/armoires-de-cuisine-noires-2\/","og_locale":"fr_FR","og_type":"article","og_title":"Cabinets CRESPO Meuble de cuisine Noir - Bantam","og_description":"Armoire de cuisson stable avec 2 \u00e9tag\u00e8res. Tr\u00e8s facile \u00e0 installer gr\u00e2ce \u00e0 son syst\u00e8me de pliage. Pliable \u00e0 plat, avec panneau sup\u00e9rieur HPL (stratifi\u00e9 haute pression) r\u00e9sistant aux temp\u00e9ratures \u00e9lev\u00e9es et \u00e0 l\u2019humidit\u00e9. Pieds r\u00e9glables avec stabilisateurs. Mat\u00e9riau\u00a0:Rev\u00eatement : 60% polyester, 40% polychlorureCadre\u00a0: aluminium Contenu de la livraison :sac de transport","og_url":"https:\/\/shop.bantam.ch\/fr\/produit\/armoires-de-cuisine-noires-2\/","og_site_name":"Bantam","article_modified_time":"2026-05-09T19:41:59+00:00","og_image":[{"width":735,"height":1000,"url":"https:\/\/shop.bantam.ch\/wp-content\/uploads\/2023\/02\/997036411.jpg","type":"image\/jpeg"}],"twitter_card":"summary_large_image","schema":{"@context":"https:\/\/schema.org","@graph":[{"@type":"WebPage","@id":"https:\/\/shop.bantam.ch\/fr\/produit\/armoires-de-cuisine-noires-2\/","url":"https:\/\/shop.bantam.ch\/fr\/produit\/armoires-de-cuisine-noires-2\/","name":"Cabinets CRESPO Meuble de cuisine Noir - Bantam","isPartOf":{"@id":"https:\/\/shop.bantam.ch\/fr\/#website"},"primaryImageOfPage":{"@id":"https:\/\/shop.bantam.ch\/fr\/produit\/armoires-de-cuisine-noires-2\/#primaryimage"},"image":{"@id":"https:\/\/shop.bantam.ch\/fr\/produit\/armoires-de-cuisine-noires-2\/#primaryimage"},"thumbnailUrl":"https:\/\/shop.bantam.ch\/wp-content\/uploads\/2023\/02\/997036411.jpg","datePublished":"2023-02-28T20:22:12+00:00","dateModified":"2026-05-09T19:41:59+00:00","breadcrumb":{"@id":"https:\/\/shop.bantam.ch\/fr\/produit\/armoires-de-cuisine-noires-2\/#breadcrumb"},"inLanguage":"fr-FR","potentialAction":[{"@type":"ReadAction","target":["https:\/\/shop.bantam.ch\/fr\/produit\/armoires-de-cuisine-noires-2\/"]}]},{"@type":"ImageObject","inLanguage":"fr-FR","@id":"https:\/\/shop.bantam.ch\/fr\/produit\/armoires-de-cuisine-noires-2\/#primaryimage","url":"https:\/\/shop.bantam.ch\/wp-content\/uploads\/2023\/02\/997036411.jpg","contentUrl":"https:\/\/shop.bantam.ch\/wp-content\/uploads\/2023\/02\/997036411.jpg","width":735,"height":1000},{"@type":"BreadcrumbList","@id":"https:\/\/shop.bantam.ch\/fr\/produit\/armoires-de-cuisine-noires-2\/#breadcrumb","itemListElement":[{"@type":"ListItem","position":1,"name":"Accueil","item":"https:\/\/shop.bantam.ch\/fr\/"},{"@type":"ListItem","position":2,"name":"Boutique","item":"https:\/\/shop.bantam.ch\/fr\/boutique\/"},{"@type":"ListItem","position":3,"name":"Cabinets CRESPO Meuble de cuisine Noir"}]},{"@type":"WebSite","@id":"https:\/\/shop.bantam.ch\/fr\/#website","url":"https:\/\/shop.bantam.ch\/fr\/","name":"Bantam","description":"","publisher":{"@id":"https:\/\/shop.bantam.ch\/fr\/#organization"},"inLanguage":"fr-FR"},{"@type":"Organization","@id":"https:\/\/shop.bantam.ch\/fr\/#organization","name":"Bantam","url":"https:\/\/shop.bantam.ch\/fr\/","logo":{"@type":"ImageObject","inLanguage":"fr-FR","@id":"https:\/\/shop.bantam.ch\/fr\/#\/schema\/logo\/image\/","url":"https:\/\/shop.bantam.ch\/wp-content\/uploads\/2022\/12\/bantam-logo.png","contentUrl":"https:\/\/shop.bantam.ch\/wp-content\/uploads\/2022\/12\/bantam-logo.png","width":320,"height":71,"caption":"Bantam"},"image":{"@id":"https:\/\/shop.bantam.ch\/fr\/#\/schema\/logo\/image\/"}}]}},"_links":{"self":[{"href":"https:\/\/shop.bantam.ch\/fr\/wp-json\/wp\/v2\/product\/113555","targetHints":{"allow":["GET"]}}],"collection":[{"href":"https:\/\/shop.bantam.ch\/fr\/wp-json\/wp\/v2\/product"}],"about":[{"href":"https:\/\/shop.bantam.ch\/fr\/wp-json\/wp\/v2\/types\/product"}],"wp:featuredmedia":[{"embeddable":true,"href":"https:\/\/shop.bantam.ch\/fr\/wp-json\/wp\/v2\/media\/113553"}],"wp:attachment":[{"href":"https:\/\/shop.bantam.ch\/fr\/wp-json\/wp\/v2\/media?parent=113555"}],"wp:term":[{"taxonomy":"product_featured_cat","embeddable":true,"href":"https:\/\/shop.bantam.ch\/fr\/wp-json\/wp\/v2\/product_featured_cat?post=113555"},{"taxonomy":"product_brand","embeddable":true,"href":"https:\/\/shop.bantam.ch\/fr\/wp-json\/wp\/v2\/product_brand?post=113555"},{"taxonomy":"product_cat","embeddable":true,"href":"https:\/\/shop.bantam.ch\/fr\/wp-json\/wp\/v2\/product_cat?post=113555"},{"taxonomy":"product_tag","embeddable":true,"href":"https:\/\/shop.bantam.ch\/fr\/wp-json\/wp\/v2\/product_tag?post=113555"}],"curies":[{"name":"wp","href":"https:\/\/api.w.org\/{rel}","templated":true}]}}