{"id":113503,"date":"2023-02-28T21:21:14","date_gmt":"2023-02-28T20:21:14","guid":{"rendered":"https:\/\/shop.bantam.ch\/produit\/support-mural-static-loc-plus-osimo-chrome\/"},"modified":"2026-04-22T21:43:13","modified_gmt":"2026-04-22T19:43:13","slug":"support-mural-static-loc-plus-osimo-chrome","status":"publish","type":"product","link":"https:\/\/shop.bantam.ch\/fr\/produit\/support-mural-static-loc-plus-osimo-chrome\/","title":{"rendered":"Support mural WENKO Osimo Static-Loc Plus, chrome"},"content":{"rendered":"<p>Acier chrom\u00e9. Adh\u00e9rence s\u00e9curis\u00e9e sur toutes les surfaces lisses imperm\u00e9ables \u00e0 l&rsquo;air (telles que le carrelage, le verre, les panneaux de bois pellicul\u00e9s). Fixation sans per\u00e7age et sans outils. Retirez simplement le film protecteur et appuyez fermement sur le tampon adh\u00e9sif, puis placez l&rsquo;article et vissez-le fermement. Peut \u00eatre utilis\u00e9 imm\u00e9diatement et repositionn\u00e9 \u00e0 tout moment. S&rsquo;enl\u00e8ve sans laisser de traces.<\/p>\n","protected":false},"excerpt":{"rendered":"<p>Acier chrom\u00e9. Adh\u00e9rence s\u00e9curis\u00e9e sur toutes les surfaces lisses imperm\u00e9ables \u00e0 l&rsquo;air (telles que le carrelage, le verre, les panneaux de bois pellicul\u00e9s). Fixation sans per\u00e7age et sans outils. Retirez simplement le film protecteur et appuyez fermement sur le tampon adh\u00e9sif, puis placez l&rsquo;article et vissez-le fermement. Peut \u00eatre utilis\u00e9 imm\u00e9diatement et repositionn\u00e9 \u00e0 tout [&hellip;]<\/p>\n","protected":false},"featured_media":113501,"template":"","meta":{"_acf_changed":false},"product_featured_cat":[],"product_brand":[3160],"product_cat":[4577],"product_tag":[],"class_list":{"0":"post-113503","1":"product","2":"type-product","3":"status-publish","4":"has-post-thumbnail","6":"product_brand-wenko","7":"product_cat-accessoires-de-salle-de-bain","9":"first","10":"instock","11":"taxable","12":"shipping-taxable","13":"purchasable","14":"product-type-simple"},"acf":[],"yoast_head":"<!-- This site is optimized with the Yoast SEO plugin v27.4 - https:\/\/yoast.com\/product\/yoast-seo-wordpress\/ -->\n<title>Support mural WENKO Osimo Static-Loc Plus, chrome - Bantam Wankm\u00fcller SA<\/title>\n<meta name=\"robots\" content=\"index, follow, max-snippet:-1, max-image-preview:large, max-video-preview:-1\" \/>\n<link rel=\"canonical\" href=\"https:\/\/shop.bantam.ch\/fr\/produit\/support-mural-static-loc-plus-osimo-chrome\/\" \/>\n<meta property=\"og:locale\" content=\"fr_FR\" \/>\n<meta property=\"og:type\" content=\"article\" \/>\n<meta property=\"og:title\" content=\"Support mural WENKO Osimo Static-Loc Plus, chrome - Bantam Wankm\u00fcller SA\" \/>\n<meta property=\"og:description\" content=\"Acier chrom\u00e9. Adh\u00e9rence s\u00e9curis\u00e9e sur toutes les surfaces lisses imperm\u00e9ables \u00e0 l&rsquo;air (telles que le carrelage, le verre, les panneaux de bois pellicul\u00e9s). Fixation sans per\u00e7age et sans outils. Retirez simplement le film protecteur et appuyez fermement sur le tampon adh\u00e9sif, puis placez l&rsquo;article et vissez-le fermement. Peut \u00eatre utilis\u00e9 imm\u00e9diatement et repositionn\u00e9 \u00e0 tout [&hellip;]\" \/>\n<meta property=\"og:url\" content=\"https:\/\/shop.bantam.ch\/fr\/produit\/support-mural-static-loc-plus-osimo-chrome\/\" \/>\n<meta property=\"og:site_name\" content=\"Bantam Wankm\u00fcller SA\" \/>\n<meta property=\"article:modified_time\" content=\"2026-04-22T19:43:13+00:00\" \/>\n<meta property=\"og:image\" content=\"https:\/\/shop.bantam.ch\/wp-content\/uploads\/2023\/02\/998436511.jpg\" \/>\n\t<meta property=\"og:image:width\" content=\"1000\" \/>\n\t<meta property=\"og:image:height\" content=\"675\" \/>\n\t<meta property=\"og:image:type\" content=\"image\/jpeg\" \/>\n<meta name=\"twitter:card\" content=\"summary_large_image\" \/>\n<script type=\"application\/ld+json\" class=\"yoast-schema-graph\">{\"@context\":\"https:\\\/\\\/schema.org\",\"@graph\":[{\"@type\":\"WebPage\",\"@id\":\"https:\\\/\\\/shop.bantam.ch\\\/fr\\\/produit\\\/support-mural-static-loc-plus-osimo-chrome\\\/\",\"url\":\"https:\\\/\\\/shop.bantam.ch\\\/fr\\\/produit\\\/support-mural-static-loc-plus-osimo-chrome\\\/\",\"name\":\"Support mural WENKO Osimo Static-Loc Plus, chrome - Bantam Wankm\u00fcller SA\",\"isPartOf\":{\"@id\":\"https:\\\/\\\/shop.bantam.ch\\\/fr\\\/#website\"},\"primaryImageOfPage\":{\"@id\":\"https:\\\/\\\/shop.bantam.ch\\\/fr\\\/produit\\\/support-mural-static-loc-plus-osimo-chrome\\\/#primaryimage\"},\"image\":{\"@id\":\"https:\\\/\\\/shop.bantam.ch\\\/fr\\\/produit\\\/support-mural-static-loc-plus-osimo-chrome\\\/#primaryimage\"},\"thumbnailUrl\":\"https:\\\/\\\/shop.bantam.ch\\\/wp-content\\\/uploads\\\/2023\\\/02\\\/998436511.jpg\",\"datePublished\":\"2023-02-28T20:21:14+00:00\",\"dateModified\":\"2026-04-22T19:43:13+00:00\",\"breadcrumb\":{\"@id\":\"https:\\\/\\\/shop.bantam.ch\\\/fr\\\/produit\\\/support-mural-static-loc-plus-osimo-chrome\\\/#breadcrumb\"},\"inLanguage\":\"fr-FR\",\"potentialAction\":[{\"@type\":\"ReadAction\",\"target\":[\"https:\\\/\\\/shop.bantam.ch\\\/fr\\\/produit\\\/support-mural-static-loc-plus-osimo-chrome\\\/\"]}]},{\"@type\":\"ImageObject\",\"inLanguage\":\"fr-FR\",\"@id\":\"https:\\\/\\\/shop.bantam.ch\\\/fr\\\/produit\\\/support-mural-static-loc-plus-osimo-chrome\\\/#primaryimage\",\"url\":\"https:\\\/\\\/shop.bantam.ch\\\/wp-content\\\/uploads\\\/2023\\\/02\\\/998436511.jpg\",\"contentUrl\":\"https:\\\/\\\/shop.bantam.ch\\\/wp-content\\\/uploads\\\/2023\\\/02\\\/998436511.jpg\",\"width\":1000,\"height\":675},{\"@type\":\"BreadcrumbList\",\"@id\":\"https:\\\/\\\/shop.bantam.ch\\\/fr\\\/produit\\\/support-mural-static-loc-plus-osimo-chrome\\\/#breadcrumb\",\"itemListElement\":[{\"@type\":\"ListItem\",\"position\":1,\"name\":\"Accueil\",\"item\":\"https:\\\/\\\/shop.bantam.ch\\\/fr\\\/\"},{\"@type\":\"ListItem\",\"position\":2,\"name\":\"Boutique\",\"item\":\"https:\\\/\\\/shop.bantam.ch\\\/fr\\\/boutique\\\/\"},{\"@type\":\"ListItem\",\"position\":3,\"name\":\"Support mural WENKO Osimo Static-Loc Plus, chrome\"}]},{\"@type\":\"WebSite\",\"@id\":\"https:\\\/\\\/shop.bantam.ch\\\/fr\\\/#website\",\"url\":\"https:\\\/\\\/shop.bantam.ch\\\/fr\\\/\",\"name\":\"Bantam Wankm\u00fcller SA\",\"description\":\"\",\"publisher\":{\"@id\":\"https:\\\/\\\/shop.bantam.ch\\\/fr\\\/#organization\"},\"inLanguage\":\"fr-FR\"},{\"@type\":\"Organization\",\"@id\":\"https:\\\/\\\/shop.bantam.ch\\\/fr\\\/#organization\",\"name\":\"Bantam Wankm\u00fcller SA\",\"url\":\"https:\\\/\\\/shop.bantam.ch\\\/fr\\\/\",\"logo\":{\"@type\":\"ImageObject\",\"inLanguage\":\"fr-FR\",\"@id\":\"https:\\\/\\\/shop.bantam.ch\\\/fr\\\/#\\\/schema\\\/logo\\\/image\\\/\",\"url\":\"https:\\\/\\\/shop.bantam.ch\\\/wp-content\\\/uploads\\\/2022\\\/12\\\/bantam-logo.png\",\"contentUrl\":\"https:\\\/\\\/shop.bantam.ch\\\/wp-content\\\/uploads\\\/2022\\\/12\\\/bantam-logo.png\",\"width\":320,\"height\":71,\"caption\":\"Bantam Wankm\u00fcller SA\"},\"image\":{\"@id\":\"https:\\\/\\\/shop.bantam.ch\\\/fr\\\/#\\\/schema\\\/logo\\\/image\\\/\"}}]}<\/script>\n<!-- \/ Yoast SEO plugin. -->","yoast_head_json":{"title":"Support mural WENKO Osimo Static-Loc Plus, chrome - Bantam Wankm\u00fcller SA","robots":{"index":"index","follow":"follow","max-snippet":"max-snippet:-1","max-image-preview":"max-image-preview:large","max-video-preview":"max-video-preview:-1"},"canonical":"https:\/\/shop.bantam.ch\/fr\/produit\/support-mural-static-loc-plus-osimo-chrome\/","og_locale":"fr_FR","og_type":"article","og_title":"Support mural WENKO Osimo Static-Loc Plus, chrome - Bantam Wankm\u00fcller SA","og_description":"Acier chrom\u00e9. Adh\u00e9rence s\u00e9curis\u00e9e sur toutes les surfaces lisses imperm\u00e9ables \u00e0 l&rsquo;air (telles que le carrelage, le verre, les panneaux de bois pellicul\u00e9s). Fixation sans per\u00e7age et sans outils. Retirez simplement le film protecteur et appuyez fermement sur le tampon adh\u00e9sif, puis placez l&rsquo;article et vissez-le fermement. Peut \u00eatre utilis\u00e9 imm\u00e9diatement et repositionn\u00e9 \u00e0 tout [&hellip;]","og_url":"https:\/\/shop.bantam.ch\/fr\/produit\/support-mural-static-loc-plus-osimo-chrome\/","og_site_name":"Bantam Wankm\u00fcller SA","article_modified_time":"2026-04-22T19:43:13+00:00","og_image":[{"width":1000,"height":675,"url":"https:\/\/shop.bantam.ch\/wp-content\/uploads\/2023\/02\/998436511.jpg","type":"image\/jpeg"}],"twitter_card":"summary_large_image","schema":{"@context":"https:\/\/schema.org","@graph":[{"@type":"WebPage","@id":"https:\/\/shop.bantam.ch\/fr\/produit\/support-mural-static-loc-plus-osimo-chrome\/","url":"https:\/\/shop.bantam.ch\/fr\/produit\/support-mural-static-loc-plus-osimo-chrome\/","name":"Support mural WENKO Osimo Static-Loc Plus, chrome - Bantam Wankm\u00fcller SA","isPartOf":{"@id":"https:\/\/shop.bantam.ch\/fr\/#website"},"primaryImageOfPage":{"@id":"https:\/\/shop.bantam.ch\/fr\/produit\/support-mural-static-loc-plus-osimo-chrome\/#primaryimage"},"image":{"@id":"https:\/\/shop.bantam.ch\/fr\/produit\/support-mural-static-loc-plus-osimo-chrome\/#primaryimage"},"thumbnailUrl":"https:\/\/shop.bantam.ch\/wp-content\/uploads\/2023\/02\/998436511.jpg","datePublished":"2023-02-28T20:21:14+00:00","dateModified":"2026-04-22T19:43:13+00:00","breadcrumb":{"@id":"https:\/\/shop.bantam.ch\/fr\/produit\/support-mural-static-loc-plus-osimo-chrome\/#breadcrumb"},"inLanguage":"fr-FR","potentialAction":[{"@type":"ReadAction","target":["https:\/\/shop.bantam.ch\/fr\/produit\/support-mural-static-loc-plus-osimo-chrome\/"]}]},{"@type":"ImageObject","inLanguage":"fr-FR","@id":"https:\/\/shop.bantam.ch\/fr\/produit\/support-mural-static-loc-plus-osimo-chrome\/#primaryimage","url":"https:\/\/shop.bantam.ch\/wp-content\/uploads\/2023\/02\/998436511.jpg","contentUrl":"https:\/\/shop.bantam.ch\/wp-content\/uploads\/2023\/02\/998436511.jpg","width":1000,"height":675},{"@type":"BreadcrumbList","@id":"https:\/\/shop.bantam.ch\/fr\/produit\/support-mural-static-loc-plus-osimo-chrome\/#breadcrumb","itemListElement":[{"@type":"ListItem","position":1,"name":"Accueil","item":"https:\/\/shop.bantam.ch\/fr\/"},{"@type":"ListItem","position":2,"name":"Boutique","item":"https:\/\/shop.bantam.ch\/fr\/boutique\/"},{"@type":"ListItem","position":3,"name":"Support mural WENKO Osimo Static-Loc Plus, chrome"}]},{"@type":"WebSite","@id":"https:\/\/shop.bantam.ch\/fr\/#website","url":"https:\/\/shop.bantam.ch\/fr\/","name":"Bantam Wankm\u00fcller SA","description":"","publisher":{"@id":"https:\/\/shop.bantam.ch\/fr\/#organization"},"inLanguage":"fr-FR"},{"@type":"Organization","@id":"https:\/\/shop.bantam.ch\/fr\/#organization","name":"Bantam Wankm\u00fcller SA","url":"https:\/\/shop.bantam.ch\/fr\/","logo":{"@type":"ImageObject","inLanguage":"fr-FR","@id":"https:\/\/shop.bantam.ch\/fr\/#\/schema\/logo\/image\/","url":"https:\/\/shop.bantam.ch\/wp-content\/uploads\/2022\/12\/bantam-logo.png","contentUrl":"https:\/\/shop.bantam.ch\/wp-content\/uploads\/2022\/12\/bantam-logo.png","width":320,"height":71,"caption":"Bantam Wankm\u00fcller SA"},"image":{"@id":"https:\/\/shop.bantam.ch\/fr\/#\/schema\/logo\/image\/"}}]}},"_links":{"self":[{"href":"https:\/\/shop.bantam.ch\/fr\/wp-json\/wp\/v2\/product\/113503","targetHints":{"allow":["GET"]}}],"collection":[{"href":"https:\/\/shop.bantam.ch\/fr\/wp-json\/wp\/v2\/product"}],"about":[{"href":"https:\/\/shop.bantam.ch\/fr\/wp-json\/wp\/v2\/types\/product"}],"wp:featuredmedia":[{"embeddable":true,"href":"https:\/\/shop.bantam.ch\/fr\/wp-json\/wp\/v2\/media\/113501"}],"wp:attachment":[{"href":"https:\/\/shop.bantam.ch\/fr\/wp-json\/wp\/v2\/media?parent=113503"}],"wp:term":[{"taxonomy":"product_featured_cat","embeddable":true,"href":"https:\/\/shop.bantam.ch\/fr\/wp-json\/wp\/v2\/product_featured_cat?post=113503"},{"taxonomy":"product_brand","embeddable":true,"href":"https:\/\/shop.bantam.ch\/fr\/wp-json\/wp\/v2\/product_brand?post=113503"},{"taxonomy":"product_cat","embeddable":true,"href":"https:\/\/shop.bantam.ch\/fr\/wp-json\/wp\/v2\/product_cat?post=113503"},{"taxonomy":"product_tag","embeddable":true,"href":"https:\/\/shop.bantam.ch\/fr\/wp-json\/wp\/v2\/product_tag?post=113503"}],"curies":[{"name":"wp","href":"https:\/\/api.w.org\/{rel}","templated":true}]}}