{"id":113467,"date":"2023-02-28T21:12:39","date_gmt":"2023-02-28T20:12:39","guid":{"rendered":"https:\/\/shop.bantam.ch\/produit\/tapis-dauvent-fleece-gris\/"},"modified":"2026-04-17T23:17:23","modified_gmt":"2026-04-17T21:17:23","slug":"tapis-dauvent-fleece-gris","status":"publish","type":"product","link":"https:\/\/shop.bantam.ch\/fr\/produit\/tapis-dauvent-fleece-gris\/","title":{"rendered":"Tapis d&rsquo;auvent Fleece, gris"},"content":{"rendered":"<p>Prot\u00e9gez-vous d\u00e8s l\u2019arriv\u00e9e des premiers frimas et cr\u00e9ez une atmosph\u00e8re agr\u00e9able. La face sup\u00e9rieure est compos\u00e9e d\u2019un non-tiss\u00e9 doux mais r\u00e9sistant, avec une mati\u00e8re centrale en mousse isolante et une face inf\u00e9rieure imperm\u00e9able. Id\u00e9al pour les espaces de vie de la plupart des tentes et des auvents.<\/p>\n<p>Mat\u00e9riau\u00a0:<br \/>Couche utile\u00a0100 % polyester<\/p>\n","protected":false},"excerpt":{"rendered":"<p>Prot\u00e9gez-vous d\u00e8s l\u2019arriv\u00e9e des premiers frimas et cr\u00e9ez une atmosph\u00e8re agr\u00e9able. La face sup\u00e9rieure est compos\u00e9e d\u2019un non-tiss\u00e9 doux mais r\u00e9sistant, avec une mati\u00e8re centrale en mousse isolante et une face inf\u00e9rieure imperm\u00e9able. Id\u00e9al pour les espaces de vie de la plupart des tentes et des auvents. Mat\u00e9riau\u00a0:Couche utile\u00a0100 % polyester<\/p>\n","protected":false},"featured_media":113459,"template":"","meta":{"_acf_changed":false},"product_featured_cat":[],"product_brand":[3558],"product_cat":[4261],"product_tag":[],"class_list":{"0":"post-113467","1":"product","2":"type-product","3":"status-publish","4":"has-post-thumbnail","6":"product_brand-kampa","7":"product_cat-tapis-de-tente-et-planchers","9":"first","10":"instock","11":"taxable","12":"shipping-taxable","13":"purchasable","14":"product-type-variable"},"acf":[],"yoast_head":"<!-- This site is optimized with the Yoast SEO plugin v27.4 - https:\/\/yoast.com\/product\/yoast-seo-wordpress\/ -->\n<title>Tapis d&#039;auvent Fleece, gris - Bantam Wankm\u00fcller SA<\/title>\n<meta name=\"robots\" content=\"index, follow, max-snippet:-1, max-image-preview:large, max-video-preview:-1\" \/>\n<link rel=\"canonical\" href=\"https:\/\/shop.bantam.ch\/fr\/produit\/tapis-dauvent-fleece-gris\/\" \/>\n<meta property=\"og:locale\" content=\"fr_FR\" \/>\n<meta property=\"og:type\" content=\"article\" \/>\n<meta property=\"og:title\" content=\"Tapis d&#039;auvent Fleece, gris - Bantam Wankm\u00fcller SA\" \/>\n<meta property=\"og:description\" content=\"Prot\u00e9gez-vous d\u00e8s l\u2019arriv\u00e9e des premiers frimas et cr\u00e9ez une atmosph\u00e8re agr\u00e9able. La face sup\u00e9rieure est compos\u00e9e d\u2019un non-tiss\u00e9 doux mais r\u00e9sistant, avec une mati\u00e8re centrale en mousse isolante et une face inf\u00e9rieure imperm\u00e9able. Id\u00e9al pour les espaces de vie de la plupart des tentes et des auvents. Mat\u00e9riau\u00a0:Couche utile\u00a0100 % polyester\" \/>\n<meta property=\"og:url\" content=\"https:\/\/shop.bantam.ch\/fr\/produit\/tapis-dauvent-fleece-gris\/\" \/>\n<meta property=\"og:site_name\" content=\"Bantam Wankm\u00fcller SA\" \/>\n<meta property=\"article:modified_time\" content=\"2026-04-17T21:17:23+00:00\" \/>\n<meta property=\"og:image\" content=\"https:\/\/shop.bantam.ch\/wp-content\/uploads\/2023\/02\/995804911.jpg\" \/>\n\t<meta property=\"og:image:width\" content=\"1000\" \/>\n\t<meta property=\"og:image:height\" content=\"597\" \/>\n\t<meta property=\"og:image:type\" content=\"image\/jpeg\" \/>\n<meta name=\"twitter:card\" content=\"summary_large_image\" \/>\n<script type=\"application\/ld+json\" class=\"yoast-schema-graph\">{\"@context\":\"https:\\\/\\\/schema.org\",\"@graph\":[{\"@type\":\"WebPage\",\"@id\":\"https:\\\/\\\/shop.bantam.ch\\\/fr\\\/produit\\\/tapis-dauvent-fleece-gris\\\/\",\"url\":\"https:\\\/\\\/shop.bantam.ch\\\/fr\\\/produit\\\/tapis-dauvent-fleece-gris\\\/\",\"name\":\"Tapis d'auvent Fleece, gris - Bantam Wankm\u00fcller SA\",\"isPartOf\":{\"@id\":\"https:\\\/\\\/shop.bantam.ch\\\/fr\\\/#website\"},\"primaryImageOfPage\":{\"@id\":\"https:\\\/\\\/shop.bantam.ch\\\/fr\\\/produit\\\/tapis-dauvent-fleece-gris\\\/#primaryimage\"},\"image\":{\"@id\":\"https:\\\/\\\/shop.bantam.ch\\\/fr\\\/produit\\\/tapis-dauvent-fleece-gris\\\/#primaryimage\"},\"thumbnailUrl\":\"https:\\\/\\\/shop.bantam.ch\\\/wp-content\\\/uploads\\\/2023\\\/02\\\/995804911.jpg\",\"datePublished\":\"2023-02-28T20:12:39+00:00\",\"dateModified\":\"2026-04-17T21:17:23+00:00\",\"breadcrumb\":{\"@id\":\"https:\\\/\\\/shop.bantam.ch\\\/fr\\\/produit\\\/tapis-dauvent-fleece-gris\\\/#breadcrumb\"},\"inLanguage\":\"fr-FR\",\"potentialAction\":[{\"@type\":\"ReadAction\",\"target\":[\"https:\\\/\\\/shop.bantam.ch\\\/fr\\\/produit\\\/tapis-dauvent-fleece-gris\\\/\"]}]},{\"@type\":\"ImageObject\",\"inLanguage\":\"fr-FR\",\"@id\":\"https:\\\/\\\/shop.bantam.ch\\\/fr\\\/produit\\\/tapis-dauvent-fleece-gris\\\/#primaryimage\",\"url\":\"https:\\\/\\\/shop.bantam.ch\\\/wp-content\\\/uploads\\\/2023\\\/02\\\/995804911.jpg\",\"contentUrl\":\"https:\\\/\\\/shop.bantam.ch\\\/wp-content\\\/uploads\\\/2023\\\/02\\\/995804911.jpg\",\"width\":1000,\"height\":597},{\"@type\":\"BreadcrumbList\",\"@id\":\"https:\\\/\\\/shop.bantam.ch\\\/fr\\\/produit\\\/tapis-dauvent-fleece-gris\\\/#breadcrumb\",\"itemListElement\":[{\"@type\":\"ListItem\",\"position\":1,\"name\":\"Accueil\",\"item\":\"https:\\\/\\\/shop.bantam.ch\\\/fr\\\/\"},{\"@type\":\"ListItem\",\"position\":2,\"name\":\"Boutique\",\"item\":\"https:\\\/\\\/shop.bantam.ch\\\/fr\\\/boutique\\\/\"},{\"@type\":\"ListItem\",\"position\":3,\"name\":\"Tapis d&rsquo;auvent Fleece, gris\"}]},{\"@type\":\"WebSite\",\"@id\":\"https:\\\/\\\/shop.bantam.ch\\\/fr\\\/#website\",\"url\":\"https:\\\/\\\/shop.bantam.ch\\\/fr\\\/\",\"name\":\"Bantam Wankm\u00fcller SA\",\"description\":\"\",\"publisher\":{\"@id\":\"https:\\\/\\\/shop.bantam.ch\\\/fr\\\/#organization\"},\"inLanguage\":\"fr-FR\"},{\"@type\":\"Organization\",\"@id\":\"https:\\\/\\\/shop.bantam.ch\\\/fr\\\/#organization\",\"name\":\"Bantam Wankm\u00fcller SA\",\"url\":\"https:\\\/\\\/shop.bantam.ch\\\/fr\\\/\",\"logo\":{\"@type\":\"ImageObject\",\"inLanguage\":\"fr-FR\",\"@id\":\"https:\\\/\\\/shop.bantam.ch\\\/fr\\\/#\\\/schema\\\/logo\\\/image\\\/\",\"url\":\"https:\\\/\\\/shop.bantam.ch\\\/wp-content\\\/uploads\\\/2022\\\/12\\\/bantam-logo.png\",\"contentUrl\":\"https:\\\/\\\/shop.bantam.ch\\\/wp-content\\\/uploads\\\/2022\\\/12\\\/bantam-logo.png\",\"width\":320,\"height\":71,\"caption\":\"Bantam Wankm\u00fcller SA\"},\"image\":{\"@id\":\"https:\\\/\\\/shop.bantam.ch\\\/fr\\\/#\\\/schema\\\/logo\\\/image\\\/\"}}]}<\/script>\n<!-- \/ Yoast SEO plugin. -->","yoast_head_json":{"title":"Tapis d'auvent Fleece, gris - Bantam Wankm\u00fcller SA","robots":{"index":"index","follow":"follow","max-snippet":"max-snippet:-1","max-image-preview":"max-image-preview:large","max-video-preview":"max-video-preview:-1"},"canonical":"https:\/\/shop.bantam.ch\/fr\/produit\/tapis-dauvent-fleece-gris\/","og_locale":"fr_FR","og_type":"article","og_title":"Tapis d'auvent Fleece, gris - Bantam Wankm\u00fcller SA","og_description":"Prot\u00e9gez-vous d\u00e8s l\u2019arriv\u00e9e des premiers frimas et cr\u00e9ez une atmosph\u00e8re agr\u00e9able. La face sup\u00e9rieure est compos\u00e9e d\u2019un non-tiss\u00e9 doux mais r\u00e9sistant, avec une mati\u00e8re centrale en mousse isolante et une face inf\u00e9rieure imperm\u00e9able. Id\u00e9al pour les espaces de vie de la plupart des tentes et des auvents. Mat\u00e9riau\u00a0:Couche utile\u00a0100 % polyester","og_url":"https:\/\/shop.bantam.ch\/fr\/produit\/tapis-dauvent-fleece-gris\/","og_site_name":"Bantam Wankm\u00fcller SA","article_modified_time":"2026-04-17T21:17:23+00:00","og_image":[{"width":1000,"height":597,"url":"https:\/\/shop.bantam.ch\/wp-content\/uploads\/2023\/02\/995804911.jpg","type":"image\/jpeg"}],"twitter_card":"summary_large_image","schema":{"@context":"https:\/\/schema.org","@graph":[{"@type":"WebPage","@id":"https:\/\/shop.bantam.ch\/fr\/produit\/tapis-dauvent-fleece-gris\/","url":"https:\/\/shop.bantam.ch\/fr\/produit\/tapis-dauvent-fleece-gris\/","name":"Tapis d'auvent Fleece, gris - Bantam Wankm\u00fcller SA","isPartOf":{"@id":"https:\/\/shop.bantam.ch\/fr\/#website"},"primaryImageOfPage":{"@id":"https:\/\/shop.bantam.ch\/fr\/produit\/tapis-dauvent-fleece-gris\/#primaryimage"},"image":{"@id":"https:\/\/shop.bantam.ch\/fr\/produit\/tapis-dauvent-fleece-gris\/#primaryimage"},"thumbnailUrl":"https:\/\/shop.bantam.ch\/wp-content\/uploads\/2023\/02\/995804911.jpg","datePublished":"2023-02-28T20:12:39+00:00","dateModified":"2026-04-17T21:17:23+00:00","breadcrumb":{"@id":"https:\/\/shop.bantam.ch\/fr\/produit\/tapis-dauvent-fleece-gris\/#breadcrumb"},"inLanguage":"fr-FR","potentialAction":[{"@type":"ReadAction","target":["https:\/\/shop.bantam.ch\/fr\/produit\/tapis-dauvent-fleece-gris\/"]}]},{"@type":"ImageObject","inLanguage":"fr-FR","@id":"https:\/\/shop.bantam.ch\/fr\/produit\/tapis-dauvent-fleece-gris\/#primaryimage","url":"https:\/\/shop.bantam.ch\/wp-content\/uploads\/2023\/02\/995804911.jpg","contentUrl":"https:\/\/shop.bantam.ch\/wp-content\/uploads\/2023\/02\/995804911.jpg","width":1000,"height":597},{"@type":"BreadcrumbList","@id":"https:\/\/shop.bantam.ch\/fr\/produit\/tapis-dauvent-fleece-gris\/#breadcrumb","itemListElement":[{"@type":"ListItem","position":1,"name":"Accueil","item":"https:\/\/shop.bantam.ch\/fr\/"},{"@type":"ListItem","position":2,"name":"Boutique","item":"https:\/\/shop.bantam.ch\/fr\/boutique\/"},{"@type":"ListItem","position":3,"name":"Tapis d&rsquo;auvent Fleece, gris"}]},{"@type":"WebSite","@id":"https:\/\/shop.bantam.ch\/fr\/#website","url":"https:\/\/shop.bantam.ch\/fr\/","name":"Bantam Wankm\u00fcller SA","description":"","publisher":{"@id":"https:\/\/shop.bantam.ch\/fr\/#organization"},"inLanguage":"fr-FR"},{"@type":"Organization","@id":"https:\/\/shop.bantam.ch\/fr\/#organization","name":"Bantam Wankm\u00fcller SA","url":"https:\/\/shop.bantam.ch\/fr\/","logo":{"@type":"ImageObject","inLanguage":"fr-FR","@id":"https:\/\/shop.bantam.ch\/fr\/#\/schema\/logo\/image\/","url":"https:\/\/shop.bantam.ch\/wp-content\/uploads\/2022\/12\/bantam-logo.png","contentUrl":"https:\/\/shop.bantam.ch\/wp-content\/uploads\/2022\/12\/bantam-logo.png","width":320,"height":71,"caption":"Bantam Wankm\u00fcller SA"},"image":{"@id":"https:\/\/shop.bantam.ch\/fr\/#\/schema\/logo\/image\/"}}]}},"_links":{"self":[{"href":"https:\/\/shop.bantam.ch\/fr\/wp-json\/wp\/v2\/product\/113467","targetHints":{"allow":["GET"]}}],"collection":[{"href":"https:\/\/shop.bantam.ch\/fr\/wp-json\/wp\/v2\/product"}],"about":[{"href":"https:\/\/shop.bantam.ch\/fr\/wp-json\/wp\/v2\/types\/product"}],"wp:featuredmedia":[{"embeddable":true,"href":"https:\/\/shop.bantam.ch\/fr\/wp-json\/wp\/v2\/media\/113459"}],"wp:attachment":[{"href":"https:\/\/shop.bantam.ch\/fr\/wp-json\/wp\/v2\/media?parent=113467"}],"wp:term":[{"taxonomy":"product_featured_cat","embeddable":true,"href":"https:\/\/shop.bantam.ch\/fr\/wp-json\/wp\/v2\/product_featured_cat?post=113467"},{"taxonomy":"product_brand","embeddable":true,"href":"https:\/\/shop.bantam.ch\/fr\/wp-json\/wp\/v2\/product_brand?post=113467"},{"taxonomy":"product_cat","embeddable":true,"href":"https:\/\/shop.bantam.ch\/fr\/wp-json\/wp\/v2\/product_cat?post=113467"},{"taxonomy":"product_tag","embeddable":true,"href":"https:\/\/shop.bantam.ch\/fr\/wp-json\/wp\/v2\/product_tag?post=113467"}],"curies":[{"name":"wp","href":"https:\/\/api.w.org\/{rel}","templated":true}]}}