{"id":113443,"date":"2023-02-28T21:12:11","date_gmt":"2023-02-28T20:12:11","guid":{"rendered":"https:\/\/shop.bantam.ch\/produit\/support-pommeau-de-douche-magic-loc-fiorina-chrome\/"},"modified":"2026-05-10T21:42:35","modified_gmt":"2026-05-10T19:42:35","slug":"support-pommeau-de-douche-magic-loc-fiorina-chrome","status":"publish","type":"product","link":"https:\/\/shop.bantam.ch\/fr\/produit\/support-pommeau-de-douche-magic-loc-fiorina-chrome\/","title":{"rendered":"Support douche WENKO Fiorina Magic-Loc, chrome"},"content":{"rendered":"<p>Maintien extr\u00eamement ferme gr\u00e2ce au syst\u00e8me de chambre d&rsquo;aspiration test\u00e9 par le T\u00dcV. Peut \u00eatre retir\u00e9 sans laisser de trace ! Ce support de pommeau de douche autoadh\u00e9sif adh\u00e8re aux surfaces lisses, rugueuses et m\u00eame in\u00e9gales sans per\u00e7age ni collage. Peut \u00eatre assembl\u00e9 en un clin d&rsquo;\u0153il sans outils et \u00e9galement retir\u00e9 afin de l&rsquo;utiliser \u00e0 nouveau ailleurs. Fini les attaches de flexibles autour des robinetteries, ce support pommeau de douche est aussi la solution id\u00e9ale pour la baignoire ! Charge max. 2,5 kg T\u00dcV Rheinland &#8211; type test\u00e9.<\/p>\n","protected":false},"excerpt":{"rendered":"<p>Maintien extr\u00eamement ferme gr\u00e2ce au syst\u00e8me de chambre d&rsquo;aspiration test\u00e9 par le T\u00dcV. Peut \u00eatre retir\u00e9 sans laisser de trace ! Ce support de pommeau de douche autoadh\u00e9sif adh\u00e8re aux surfaces lisses, rugueuses et m\u00eame in\u00e9gales sans per\u00e7age ni collage. Peut \u00eatre assembl\u00e9 en un clin d&rsquo;\u0153il sans outils et \u00e9galement retir\u00e9 afin de l&rsquo;utiliser [&hellip;]<\/p>\n","protected":false},"featured_media":113439,"template":"","meta":{"_acf_changed":false},"product_featured_cat":[],"product_brand":[3160],"product_cat":[5027],"product_tag":[],"class_list":{"0":"post-113443","1":"product","2":"type-product","3":"status-publish","4":"has-post-thumbnail","6":"product_brand-wenko","7":"product_cat-supports-de-douche","9":"first","10":"instock","11":"taxable","12":"shipping-taxable","13":"purchasable","14":"product-type-simple"},"acf":[],"yoast_head":"<!-- This site is optimized with the Yoast SEO plugin v27.5 - https:\/\/yoast.com\/product\/yoast-seo-wordpress\/ -->\n<title>Support douche WENKO Fiorina Magic-Loc, chrome - Bantam<\/title>\n<meta name=\"robots\" content=\"index, follow, max-snippet:-1, max-image-preview:large, max-video-preview:-1\" \/>\n<link rel=\"canonical\" href=\"https:\/\/shop.bantam.ch\/fr\/produit\/support-pommeau-de-douche-magic-loc-fiorina-chrome\/\" \/>\n<meta property=\"og:locale\" content=\"fr_FR\" \/>\n<meta property=\"og:type\" content=\"article\" \/>\n<meta property=\"og:title\" content=\"Support douche WENKO Fiorina Magic-Loc, chrome - Bantam\" \/>\n<meta property=\"og:description\" content=\"Maintien extr\u00eamement ferme gr\u00e2ce au syst\u00e8me de chambre d&rsquo;aspiration test\u00e9 par le T\u00dcV. Peut \u00eatre retir\u00e9 sans laisser de trace ! Ce support de pommeau de douche autoadh\u00e9sif adh\u00e8re aux surfaces lisses, rugueuses et m\u00eame in\u00e9gales sans per\u00e7age ni collage. Peut \u00eatre assembl\u00e9 en un clin d&rsquo;\u0153il sans outils et \u00e9galement retir\u00e9 afin de l&rsquo;utiliser [&hellip;]\" \/>\n<meta property=\"og:url\" content=\"https:\/\/shop.bantam.ch\/fr\/produit\/support-pommeau-de-douche-magic-loc-fiorina-chrome\/\" \/>\n<meta property=\"og:site_name\" content=\"Bantam\" \/>\n<meta property=\"article:modified_time\" content=\"2026-05-10T19:42:35+00:00\" \/>\n<meta property=\"og:image\" content=\"https:\/\/shop.bantam.ch\/wp-content\/uploads\/2023\/02\/998424711.jpg\" \/>\n\t<meta property=\"og:image:width\" content=\"691\" \/>\n\t<meta property=\"og:image:height\" content=\"1000\" \/>\n\t<meta property=\"og:image:type\" content=\"image\/jpeg\" \/>\n<meta name=\"twitter:card\" content=\"summary_large_image\" \/>\n<script type=\"application\/ld+json\" class=\"yoast-schema-graph\">{\"@context\":\"https:\\\/\\\/schema.org\",\"@graph\":[{\"@type\":\"WebPage\",\"@id\":\"https:\\\/\\\/shop.bantam.ch\\\/fr\\\/produit\\\/support-pommeau-de-douche-magic-loc-fiorina-chrome\\\/\",\"url\":\"https:\\\/\\\/shop.bantam.ch\\\/fr\\\/produit\\\/support-pommeau-de-douche-magic-loc-fiorina-chrome\\\/\",\"name\":\"Support douche WENKO Fiorina Magic-Loc, chrome - Bantam\",\"isPartOf\":{\"@id\":\"https:\\\/\\\/shop.bantam.ch\\\/fr\\\/#website\"},\"primaryImageOfPage\":{\"@id\":\"https:\\\/\\\/shop.bantam.ch\\\/fr\\\/produit\\\/support-pommeau-de-douche-magic-loc-fiorina-chrome\\\/#primaryimage\"},\"image\":{\"@id\":\"https:\\\/\\\/shop.bantam.ch\\\/fr\\\/produit\\\/support-pommeau-de-douche-magic-loc-fiorina-chrome\\\/#primaryimage\"},\"thumbnailUrl\":\"https:\\\/\\\/shop.bantam.ch\\\/wp-content\\\/uploads\\\/2023\\\/02\\\/998424711.jpg\",\"datePublished\":\"2023-02-28T20:12:11+00:00\",\"dateModified\":\"2026-05-10T19:42:35+00:00\",\"breadcrumb\":{\"@id\":\"https:\\\/\\\/shop.bantam.ch\\\/fr\\\/produit\\\/support-pommeau-de-douche-magic-loc-fiorina-chrome\\\/#breadcrumb\"},\"inLanguage\":\"fr-FR\",\"potentialAction\":[{\"@type\":\"ReadAction\",\"target\":[\"https:\\\/\\\/shop.bantam.ch\\\/fr\\\/produit\\\/support-pommeau-de-douche-magic-loc-fiorina-chrome\\\/\"]}]},{\"@type\":\"ImageObject\",\"inLanguage\":\"fr-FR\",\"@id\":\"https:\\\/\\\/shop.bantam.ch\\\/fr\\\/produit\\\/support-pommeau-de-douche-magic-loc-fiorina-chrome\\\/#primaryimage\",\"url\":\"https:\\\/\\\/shop.bantam.ch\\\/wp-content\\\/uploads\\\/2023\\\/02\\\/998424711.jpg\",\"contentUrl\":\"https:\\\/\\\/shop.bantam.ch\\\/wp-content\\\/uploads\\\/2023\\\/02\\\/998424711.jpg\",\"width\":691,\"height\":1000},{\"@type\":\"BreadcrumbList\",\"@id\":\"https:\\\/\\\/shop.bantam.ch\\\/fr\\\/produit\\\/support-pommeau-de-douche-magic-loc-fiorina-chrome\\\/#breadcrumb\",\"itemListElement\":[{\"@type\":\"ListItem\",\"position\":1,\"name\":\"Accueil\",\"item\":\"https:\\\/\\\/shop.bantam.ch\\\/fr\\\/\"},{\"@type\":\"ListItem\",\"position\":2,\"name\":\"Boutique\",\"item\":\"https:\\\/\\\/shop.bantam.ch\\\/fr\\\/boutique\\\/\"},{\"@type\":\"ListItem\",\"position\":3,\"name\":\"Support douche WENKO Fiorina Magic-Loc, chrome\"}]},{\"@type\":\"WebSite\",\"@id\":\"https:\\\/\\\/shop.bantam.ch\\\/fr\\\/#website\",\"url\":\"https:\\\/\\\/shop.bantam.ch\\\/fr\\\/\",\"name\":\"Bantam\",\"description\":\"\",\"publisher\":{\"@id\":\"https:\\\/\\\/shop.bantam.ch\\\/fr\\\/#organization\"},\"inLanguage\":\"fr-FR\"},{\"@type\":\"Organization\",\"@id\":\"https:\\\/\\\/shop.bantam.ch\\\/fr\\\/#organization\",\"name\":\"Bantam\",\"url\":\"https:\\\/\\\/shop.bantam.ch\\\/fr\\\/\",\"logo\":{\"@type\":\"ImageObject\",\"inLanguage\":\"fr-FR\",\"@id\":\"https:\\\/\\\/shop.bantam.ch\\\/fr\\\/#\\\/schema\\\/logo\\\/image\\\/\",\"url\":\"https:\\\/\\\/shop.bantam.ch\\\/wp-content\\\/uploads\\\/2022\\\/12\\\/bantam-logo.png\",\"contentUrl\":\"https:\\\/\\\/shop.bantam.ch\\\/wp-content\\\/uploads\\\/2022\\\/12\\\/bantam-logo.png\",\"width\":320,\"height\":71,\"caption\":\"Bantam\"},\"image\":{\"@id\":\"https:\\\/\\\/shop.bantam.ch\\\/fr\\\/#\\\/schema\\\/logo\\\/image\\\/\"}}]}<\/script>\n<!-- \/ Yoast SEO plugin. -->","yoast_head_json":{"title":"Support douche WENKO Fiorina Magic-Loc, chrome - Bantam","robots":{"index":"index","follow":"follow","max-snippet":"max-snippet:-1","max-image-preview":"max-image-preview:large","max-video-preview":"max-video-preview:-1"},"canonical":"https:\/\/shop.bantam.ch\/fr\/produit\/support-pommeau-de-douche-magic-loc-fiorina-chrome\/","og_locale":"fr_FR","og_type":"article","og_title":"Support douche WENKO Fiorina Magic-Loc, chrome - Bantam","og_description":"Maintien extr\u00eamement ferme gr\u00e2ce au syst\u00e8me de chambre d&rsquo;aspiration test\u00e9 par le T\u00dcV. Peut \u00eatre retir\u00e9 sans laisser de trace ! Ce support de pommeau de douche autoadh\u00e9sif adh\u00e8re aux surfaces lisses, rugueuses et m\u00eame in\u00e9gales sans per\u00e7age ni collage. Peut \u00eatre assembl\u00e9 en un clin d&rsquo;\u0153il sans outils et \u00e9galement retir\u00e9 afin de l&rsquo;utiliser [&hellip;]","og_url":"https:\/\/shop.bantam.ch\/fr\/produit\/support-pommeau-de-douche-magic-loc-fiorina-chrome\/","og_site_name":"Bantam","article_modified_time":"2026-05-10T19:42:35+00:00","og_image":[{"width":691,"height":1000,"url":"https:\/\/shop.bantam.ch\/wp-content\/uploads\/2023\/02\/998424711.jpg","type":"image\/jpeg"}],"twitter_card":"summary_large_image","schema":{"@context":"https:\/\/schema.org","@graph":[{"@type":"WebPage","@id":"https:\/\/shop.bantam.ch\/fr\/produit\/support-pommeau-de-douche-magic-loc-fiorina-chrome\/","url":"https:\/\/shop.bantam.ch\/fr\/produit\/support-pommeau-de-douche-magic-loc-fiorina-chrome\/","name":"Support douche WENKO Fiorina Magic-Loc, chrome - Bantam","isPartOf":{"@id":"https:\/\/shop.bantam.ch\/fr\/#website"},"primaryImageOfPage":{"@id":"https:\/\/shop.bantam.ch\/fr\/produit\/support-pommeau-de-douche-magic-loc-fiorina-chrome\/#primaryimage"},"image":{"@id":"https:\/\/shop.bantam.ch\/fr\/produit\/support-pommeau-de-douche-magic-loc-fiorina-chrome\/#primaryimage"},"thumbnailUrl":"https:\/\/shop.bantam.ch\/wp-content\/uploads\/2023\/02\/998424711.jpg","datePublished":"2023-02-28T20:12:11+00:00","dateModified":"2026-05-10T19:42:35+00:00","breadcrumb":{"@id":"https:\/\/shop.bantam.ch\/fr\/produit\/support-pommeau-de-douche-magic-loc-fiorina-chrome\/#breadcrumb"},"inLanguage":"fr-FR","potentialAction":[{"@type":"ReadAction","target":["https:\/\/shop.bantam.ch\/fr\/produit\/support-pommeau-de-douche-magic-loc-fiorina-chrome\/"]}]},{"@type":"ImageObject","inLanguage":"fr-FR","@id":"https:\/\/shop.bantam.ch\/fr\/produit\/support-pommeau-de-douche-magic-loc-fiorina-chrome\/#primaryimage","url":"https:\/\/shop.bantam.ch\/wp-content\/uploads\/2023\/02\/998424711.jpg","contentUrl":"https:\/\/shop.bantam.ch\/wp-content\/uploads\/2023\/02\/998424711.jpg","width":691,"height":1000},{"@type":"BreadcrumbList","@id":"https:\/\/shop.bantam.ch\/fr\/produit\/support-pommeau-de-douche-magic-loc-fiorina-chrome\/#breadcrumb","itemListElement":[{"@type":"ListItem","position":1,"name":"Accueil","item":"https:\/\/shop.bantam.ch\/fr\/"},{"@type":"ListItem","position":2,"name":"Boutique","item":"https:\/\/shop.bantam.ch\/fr\/boutique\/"},{"@type":"ListItem","position":3,"name":"Support douche WENKO Fiorina Magic-Loc, chrome"}]},{"@type":"WebSite","@id":"https:\/\/shop.bantam.ch\/fr\/#website","url":"https:\/\/shop.bantam.ch\/fr\/","name":"Bantam","description":"","publisher":{"@id":"https:\/\/shop.bantam.ch\/fr\/#organization"},"inLanguage":"fr-FR"},{"@type":"Organization","@id":"https:\/\/shop.bantam.ch\/fr\/#organization","name":"Bantam","url":"https:\/\/shop.bantam.ch\/fr\/","logo":{"@type":"ImageObject","inLanguage":"fr-FR","@id":"https:\/\/shop.bantam.ch\/fr\/#\/schema\/logo\/image\/","url":"https:\/\/shop.bantam.ch\/wp-content\/uploads\/2022\/12\/bantam-logo.png","contentUrl":"https:\/\/shop.bantam.ch\/wp-content\/uploads\/2022\/12\/bantam-logo.png","width":320,"height":71,"caption":"Bantam"},"image":{"@id":"https:\/\/shop.bantam.ch\/fr\/#\/schema\/logo\/image\/"}}]}},"_links":{"self":[{"href":"https:\/\/shop.bantam.ch\/fr\/wp-json\/wp\/v2\/product\/113443","targetHints":{"allow":["GET"]}}],"collection":[{"href":"https:\/\/shop.bantam.ch\/fr\/wp-json\/wp\/v2\/product"}],"about":[{"href":"https:\/\/shop.bantam.ch\/fr\/wp-json\/wp\/v2\/types\/product"}],"wp:featuredmedia":[{"embeddable":true,"href":"https:\/\/shop.bantam.ch\/fr\/wp-json\/wp\/v2\/media\/113439"}],"wp:attachment":[{"href":"https:\/\/shop.bantam.ch\/fr\/wp-json\/wp\/v2\/media?parent=113443"}],"wp:term":[{"taxonomy":"product_featured_cat","embeddable":true,"href":"https:\/\/shop.bantam.ch\/fr\/wp-json\/wp\/v2\/product_featured_cat?post=113443"},{"taxonomy":"product_brand","embeddable":true,"href":"https:\/\/shop.bantam.ch\/fr\/wp-json\/wp\/v2\/product_brand?post=113443"},{"taxonomy":"product_cat","embeddable":true,"href":"https:\/\/shop.bantam.ch\/fr\/wp-json\/wp\/v2\/product_cat?post=113443"},{"taxonomy":"product_tag","embeddable":true,"href":"https:\/\/shop.bantam.ch\/fr\/wp-json\/wp\/v2\/product_tag?post=113443"}],"curies":[{"name":"wp","href":"https:\/\/api.w.org\/{rel}","templated":true}]}}