{"id":113293,"date":"2023-02-28T21:09:15","date_gmt":"2023-02-28T20:09:15","guid":{"rendered":"https:\/\/shop.bantam.ch\/produit\/poele-multifonction\/"},"modified":"2026-04-18T21:43:10","modified_gmt":"2026-04-18T19:43:10","slug":"poele-multifonction","status":"publish","type":"product","link":"https:\/\/shop.bantam.ch\/fr\/produit\/poele-multifonction\/","title":{"rendered":"Po\u00eale \u00e0 griller multifonction TRISTAR Diam. 30\u00a0cm"},"content":{"rendered":"<p>Pommes de terre rissol\u00e9es ou poisson : vous pouvez vraiment tout faire cuire et rissoler dans cette po\u00eale multifonctionnelle. C\u00e2ble d\u00e9tachable avec contr\u00f4leur de thermostat.<\/p>\n<ul>\n<li>Surface de cuisson \u00d8 30 cm<\/li>\n<li>Thermostat r\u00e9glable<\/li>\n<li>Poign\u00e9es avec isolation thermique<\/li>\n<li>Couvercle avec ouverture de sortie de vapeur<\/li>\n<li>Rev\u00eatement antiadh\u00e9sif<\/li>\n<li>Pieds antid\u00e9rapants<\/li>\n<\/ul>\n","protected":false},"excerpt":{"rendered":"<p>Pommes de terre rissol\u00e9es ou poisson : vous pouvez vraiment tout faire cuire et rissoler dans cette po\u00eale multifonctionnelle. C\u00e2ble d\u00e9tachable avec contr\u00f4leur de thermostat. Surface de cuisson \u00d8 30 cm Thermostat r\u00e9glable Poign\u00e9es avec isolation thermique Couvercle avec ouverture de sortie de vapeur Rev\u00eatement antiadh\u00e9sif Pieds antid\u00e9rapants<\/p>\n","protected":false},"featured_media":113285,"template":"","meta":{"_acf_changed":false},"product_featured_cat":[],"product_brand":[3198],"product_cat":[5147],"product_tag":[],"class_list":{"0":"post-113293","1":"product","2":"type-product","3":"status-publish","4":"has-post-thumbnail","6":"product_brand-tristar","7":"product_cat-autres-appareils-electromenagers","9":"first","10":"instock","11":"taxable","12":"shipping-taxable","13":"purchasable","14":"product-type-simple"},"acf":[],"yoast_head":"<!-- This site is optimized with the Yoast SEO plugin v27.4 - https:\/\/yoast.com\/product\/yoast-seo-wordpress\/ -->\n<title>Po\u00eale \u00e0 griller multifonction TRISTAR Diam. 30\u00a0cm - Bantam Wankm\u00fcller SA<\/title>\n<meta name=\"robots\" content=\"index, follow, max-snippet:-1, max-image-preview:large, max-video-preview:-1\" \/>\n<link rel=\"canonical\" href=\"https:\/\/shop.bantam.ch\/fr\/produit\/poele-multifonction\/\" \/>\n<meta property=\"og:locale\" content=\"fr_FR\" \/>\n<meta property=\"og:type\" content=\"article\" \/>\n<meta property=\"og:title\" content=\"Po\u00eale \u00e0 griller multifonction TRISTAR Diam. 30\u00a0cm - Bantam Wankm\u00fcller SA\" \/>\n<meta property=\"og:description\" content=\"Pommes de terre rissol\u00e9es ou poisson : vous pouvez vraiment tout faire cuire et rissoler dans cette po\u00eale multifonctionnelle. C\u00e2ble d\u00e9tachable avec contr\u00f4leur de thermostat. Surface de cuisson \u00d8 30 cm Thermostat r\u00e9glable Poign\u00e9es avec isolation thermique Couvercle avec ouverture de sortie de vapeur Rev\u00eatement antiadh\u00e9sif Pieds antid\u00e9rapants\" \/>\n<meta property=\"og:url\" content=\"https:\/\/shop.bantam.ch\/fr\/produit\/poele-multifonction\/\" \/>\n<meta property=\"og:site_name\" content=\"Bantam Wankm\u00fcller SA\" \/>\n<meta property=\"article:modified_time\" content=\"2026-04-18T19:43:10+00:00\" \/>\n<meta property=\"og:image\" content=\"https:\/\/shop.bantam.ch\/wp-content\/uploads\/2023\/02\/994417911.jpg\" \/>\n\t<meta property=\"og:image:width\" content=\"1000\" \/>\n\t<meta property=\"og:image:height\" content=\"1000\" \/>\n\t<meta property=\"og:image:type\" content=\"image\/jpeg\" \/>\n<meta name=\"twitter:card\" content=\"summary_large_image\" \/>\n<script type=\"application\/ld+json\" class=\"yoast-schema-graph\">{\"@context\":\"https:\\\/\\\/schema.org\",\"@graph\":[{\"@type\":\"WebPage\",\"@id\":\"https:\\\/\\\/shop.bantam.ch\\\/fr\\\/produit\\\/poele-multifonction\\\/\",\"url\":\"https:\\\/\\\/shop.bantam.ch\\\/fr\\\/produit\\\/poele-multifonction\\\/\",\"name\":\"Po\u00eale \u00e0 griller multifonction TRISTAR Diam. 30\u00a0cm - Bantam Wankm\u00fcller SA\",\"isPartOf\":{\"@id\":\"https:\\\/\\\/shop.bantam.ch\\\/fr\\\/#website\"},\"primaryImageOfPage\":{\"@id\":\"https:\\\/\\\/shop.bantam.ch\\\/fr\\\/produit\\\/poele-multifonction\\\/#primaryimage\"},\"image\":{\"@id\":\"https:\\\/\\\/shop.bantam.ch\\\/fr\\\/produit\\\/poele-multifonction\\\/#primaryimage\"},\"thumbnailUrl\":\"https:\\\/\\\/shop.bantam.ch\\\/wp-content\\\/uploads\\\/2023\\\/02\\\/994417911.jpg\",\"datePublished\":\"2023-02-28T20:09:15+00:00\",\"dateModified\":\"2026-04-18T19:43:10+00:00\",\"breadcrumb\":{\"@id\":\"https:\\\/\\\/shop.bantam.ch\\\/fr\\\/produit\\\/poele-multifonction\\\/#breadcrumb\"},\"inLanguage\":\"fr-FR\",\"potentialAction\":[{\"@type\":\"ReadAction\",\"target\":[\"https:\\\/\\\/shop.bantam.ch\\\/fr\\\/produit\\\/poele-multifonction\\\/\"]}]},{\"@type\":\"ImageObject\",\"inLanguage\":\"fr-FR\",\"@id\":\"https:\\\/\\\/shop.bantam.ch\\\/fr\\\/produit\\\/poele-multifonction\\\/#primaryimage\",\"url\":\"https:\\\/\\\/shop.bantam.ch\\\/wp-content\\\/uploads\\\/2023\\\/02\\\/994417911.jpg\",\"contentUrl\":\"https:\\\/\\\/shop.bantam.ch\\\/wp-content\\\/uploads\\\/2023\\\/02\\\/994417911.jpg\",\"width\":1000,\"height\":1000},{\"@type\":\"BreadcrumbList\",\"@id\":\"https:\\\/\\\/shop.bantam.ch\\\/fr\\\/produit\\\/poele-multifonction\\\/#breadcrumb\",\"itemListElement\":[{\"@type\":\"ListItem\",\"position\":1,\"name\":\"Accueil\",\"item\":\"https:\\\/\\\/shop.bantam.ch\\\/fr\\\/\"},{\"@type\":\"ListItem\",\"position\":2,\"name\":\"Boutique\",\"item\":\"https:\\\/\\\/shop.bantam.ch\\\/fr\\\/boutique\\\/\"},{\"@type\":\"ListItem\",\"position\":3,\"name\":\"Po\u00eale \u00e0 griller multifonction TRISTAR Diam. 30\u00a0cm\"}]},{\"@type\":\"WebSite\",\"@id\":\"https:\\\/\\\/shop.bantam.ch\\\/fr\\\/#website\",\"url\":\"https:\\\/\\\/shop.bantam.ch\\\/fr\\\/\",\"name\":\"Bantam Wankm\u00fcller SA\",\"description\":\"\",\"publisher\":{\"@id\":\"https:\\\/\\\/shop.bantam.ch\\\/fr\\\/#organization\"},\"inLanguage\":\"fr-FR\"},{\"@type\":\"Organization\",\"@id\":\"https:\\\/\\\/shop.bantam.ch\\\/fr\\\/#organization\",\"name\":\"Bantam Wankm\u00fcller SA\",\"url\":\"https:\\\/\\\/shop.bantam.ch\\\/fr\\\/\",\"logo\":{\"@type\":\"ImageObject\",\"inLanguage\":\"fr-FR\",\"@id\":\"https:\\\/\\\/shop.bantam.ch\\\/fr\\\/#\\\/schema\\\/logo\\\/image\\\/\",\"url\":\"https:\\\/\\\/shop.bantam.ch\\\/wp-content\\\/uploads\\\/2022\\\/12\\\/bantam-logo.png\",\"contentUrl\":\"https:\\\/\\\/shop.bantam.ch\\\/wp-content\\\/uploads\\\/2022\\\/12\\\/bantam-logo.png\",\"width\":320,\"height\":71,\"caption\":\"Bantam Wankm\u00fcller SA\"},\"image\":{\"@id\":\"https:\\\/\\\/shop.bantam.ch\\\/fr\\\/#\\\/schema\\\/logo\\\/image\\\/\"}}]}<\/script>\n<!-- \/ Yoast SEO plugin. -->","yoast_head_json":{"title":"Po\u00eale \u00e0 griller multifonction TRISTAR Diam. 30\u00a0cm - Bantam Wankm\u00fcller SA","robots":{"index":"index","follow":"follow","max-snippet":"max-snippet:-1","max-image-preview":"max-image-preview:large","max-video-preview":"max-video-preview:-1"},"canonical":"https:\/\/shop.bantam.ch\/fr\/produit\/poele-multifonction\/","og_locale":"fr_FR","og_type":"article","og_title":"Po\u00eale \u00e0 griller multifonction TRISTAR Diam. 30\u00a0cm - Bantam Wankm\u00fcller SA","og_description":"Pommes de terre rissol\u00e9es ou poisson : vous pouvez vraiment tout faire cuire et rissoler dans cette po\u00eale multifonctionnelle. C\u00e2ble d\u00e9tachable avec contr\u00f4leur de thermostat. Surface de cuisson \u00d8 30 cm Thermostat r\u00e9glable Poign\u00e9es avec isolation thermique Couvercle avec ouverture de sortie de vapeur Rev\u00eatement antiadh\u00e9sif Pieds antid\u00e9rapants","og_url":"https:\/\/shop.bantam.ch\/fr\/produit\/poele-multifonction\/","og_site_name":"Bantam Wankm\u00fcller SA","article_modified_time":"2026-04-18T19:43:10+00:00","og_image":[{"width":1000,"height":1000,"url":"https:\/\/shop.bantam.ch\/wp-content\/uploads\/2023\/02\/994417911.jpg","type":"image\/jpeg"}],"twitter_card":"summary_large_image","schema":{"@context":"https:\/\/schema.org","@graph":[{"@type":"WebPage","@id":"https:\/\/shop.bantam.ch\/fr\/produit\/poele-multifonction\/","url":"https:\/\/shop.bantam.ch\/fr\/produit\/poele-multifonction\/","name":"Po\u00eale \u00e0 griller multifonction TRISTAR Diam. 30\u00a0cm - Bantam Wankm\u00fcller SA","isPartOf":{"@id":"https:\/\/shop.bantam.ch\/fr\/#website"},"primaryImageOfPage":{"@id":"https:\/\/shop.bantam.ch\/fr\/produit\/poele-multifonction\/#primaryimage"},"image":{"@id":"https:\/\/shop.bantam.ch\/fr\/produit\/poele-multifonction\/#primaryimage"},"thumbnailUrl":"https:\/\/shop.bantam.ch\/wp-content\/uploads\/2023\/02\/994417911.jpg","datePublished":"2023-02-28T20:09:15+00:00","dateModified":"2026-04-18T19:43:10+00:00","breadcrumb":{"@id":"https:\/\/shop.bantam.ch\/fr\/produit\/poele-multifonction\/#breadcrumb"},"inLanguage":"fr-FR","potentialAction":[{"@type":"ReadAction","target":["https:\/\/shop.bantam.ch\/fr\/produit\/poele-multifonction\/"]}]},{"@type":"ImageObject","inLanguage":"fr-FR","@id":"https:\/\/shop.bantam.ch\/fr\/produit\/poele-multifonction\/#primaryimage","url":"https:\/\/shop.bantam.ch\/wp-content\/uploads\/2023\/02\/994417911.jpg","contentUrl":"https:\/\/shop.bantam.ch\/wp-content\/uploads\/2023\/02\/994417911.jpg","width":1000,"height":1000},{"@type":"BreadcrumbList","@id":"https:\/\/shop.bantam.ch\/fr\/produit\/poele-multifonction\/#breadcrumb","itemListElement":[{"@type":"ListItem","position":1,"name":"Accueil","item":"https:\/\/shop.bantam.ch\/fr\/"},{"@type":"ListItem","position":2,"name":"Boutique","item":"https:\/\/shop.bantam.ch\/fr\/boutique\/"},{"@type":"ListItem","position":3,"name":"Po\u00eale \u00e0 griller multifonction TRISTAR Diam. 30\u00a0cm"}]},{"@type":"WebSite","@id":"https:\/\/shop.bantam.ch\/fr\/#website","url":"https:\/\/shop.bantam.ch\/fr\/","name":"Bantam Wankm\u00fcller SA","description":"","publisher":{"@id":"https:\/\/shop.bantam.ch\/fr\/#organization"},"inLanguage":"fr-FR"},{"@type":"Organization","@id":"https:\/\/shop.bantam.ch\/fr\/#organization","name":"Bantam Wankm\u00fcller SA","url":"https:\/\/shop.bantam.ch\/fr\/","logo":{"@type":"ImageObject","inLanguage":"fr-FR","@id":"https:\/\/shop.bantam.ch\/fr\/#\/schema\/logo\/image\/","url":"https:\/\/shop.bantam.ch\/wp-content\/uploads\/2022\/12\/bantam-logo.png","contentUrl":"https:\/\/shop.bantam.ch\/wp-content\/uploads\/2022\/12\/bantam-logo.png","width":320,"height":71,"caption":"Bantam Wankm\u00fcller SA"},"image":{"@id":"https:\/\/shop.bantam.ch\/fr\/#\/schema\/logo\/image\/"}}]}},"_links":{"self":[{"href":"https:\/\/shop.bantam.ch\/fr\/wp-json\/wp\/v2\/product\/113293","targetHints":{"allow":["GET"]}}],"collection":[{"href":"https:\/\/shop.bantam.ch\/fr\/wp-json\/wp\/v2\/product"}],"about":[{"href":"https:\/\/shop.bantam.ch\/fr\/wp-json\/wp\/v2\/types\/product"}],"wp:featuredmedia":[{"embeddable":true,"href":"https:\/\/shop.bantam.ch\/fr\/wp-json\/wp\/v2\/media\/113285"}],"wp:attachment":[{"href":"https:\/\/shop.bantam.ch\/fr\/wp-json\/wp\/v2\/media?parent=113293"}],"wp:term":[{"taxonomy":"product_featured_cat","embeddable":true,"href":"https:\/\/shop.bantam.ch\/fr\/wp-json\/wp\/v2\/product_featured_cat?post=113293"},{"taxonomy":"product_brand","embeddable":true,"href":"https:\/\/shop.bantam.ch\/fr\/wp-json\/wp\/v2\/product_brand?post=113293"},{"taxonomy":"product_cat","embeddable":true,"href":"https:\/\/shop.bantam.ch\/fr\/wp-json\/wp\/v2\/product_cat?post=113293"},{"taxonomy":"product_tag","embeddable":true,"href":"https:\/\/shop.bantam.ch\/fr\/wp-json\/wp\/v2\/product_tag?post=113293"}],"curies":[{"name":"wp","href":"https:\/\/api.w.org\/{rel}","templated":true}]}}