{"id":112956,"date":"2023-02-28T21:04:41","date_gmt":"2023-02-28T20:04:41","guid":{"rendered":"https:\/\/shop.bantam.ch\/produit\/aspirateur-a-main-aspirateur-sec-humide\/"},"modified":"2026-04-18T21:43:04","modified_gmt":"2026-04-18T19:43:04","slug":"aspirateur-a-main-aspirateur-sec-humide","status":"publish","type":"product","link":"https:\/\/shop.bantam.ch\/fr\/produit\/aspirateur-a-main-aspirateur-sec-humide\/","title":{"rendered":"Aspirateur \u00e0 main TRISTAR Aspirateur poussi\u00e8res\/liquides 7,2 V"},"content":{"rendered":"<p>Avec moteur puissant de 7,2 V, bac \u00e0 poussi\u00e8re facile \u00e0 nettoyer et filtre \u00e0 eau. Avec batterie NiMH durable.<\/p>\n<ul>\n<li>Aspirateur sec et humide<\/li>\n<li>Support mural <\/li>\n<li>Alimentation CC : 7,2 V<\/li>\n<li>Filtre lavable<\/li>\n<li>Bac \u00e0 poussi\u00e8re transparent<\/li>\n<li>Temps de fonctionnement : 15 min.<\/li>\n<li>Convient \u00e9galement pour le camping<\/li>\n<li>Niveau sonore : 68 dB<\/li>\n<li>Type chimique de la batterie : hydrure m\u00e9tallique de nickel<\/li>\n<\/ul>\n","protected":false},"excerpt":{"rendered":"<p>Avec moteur puissant de 7,2 V, bac \u00e0 poussi\u00e8re facile \u00e0 nettoyer et filtre \u00e0 eau. Avec batterie NiMH durable. Aspirateur sec et humide Support mural Alimentation CC : 7,2 V Filtre lavable Bac \u00e0 poussi\u00e8re transparent Temps de fonctionnement : 15 min. Convient \u00e9galement pour le camping Niveau sonore : 68 dB Type chimique [&hellip;]<\/p>\n","protected":false},"featured_media":112948,"template":"","meta":{"_acf_changed":false},"product_featured_cat":[],"product_brand":[3198],"product_cat":[5147],"product_tag":[],"class_list":{"0":"post-112956","1":"product","2":"type-product","3":"status-publish","4":"has-post-thumbnail","6":"product_brand-tristar","7":"product_cat-autres-appareils-electromenagers","9":"first","10":"instock","11":"taxable","12":"shipping-taxable","13":"purchasable","14":"product-type-simple"},"acf":[],"yoast_head":"<!-- This site is optimized with the Yoast SEO plugin v27.4 - https:\/\/yoast.com\/product\/yoast-seo-wordpress\/ -->\n<title>Aspirateur \u00e0 main TRISTAR Aspirateur poussi\u00e8res\/liquides 7,2 V - Bantam Wankm\u00fcller SA<\/title>\n<meta name=\"robots\" content=\"index, follow, max-snippet:-1, max-image-preview:large, max-video-preview:-1\" \/>\n<link rel=\"canonical\" href=\"https:\/\/shop.bantam.ch\/fr\/produit\/aspirateur-a-main-aspirateur-sec-humide\/\" \/>\n<meta property=\"og:locale\" content=\"fr_FR\" \/>\n<meta property=\"og:type\" content=\"article\" \/>\n<meta property=\"og:title\" content=\"Aspirateur \u00e0 main TRISTAR Aspirateur poussi\u00e8res\/liquides 7,2 V - Bantam Wankm\u00fcller SA\" \/>\n<meta property=\"og:description\" content=\"Avec moteur puissant de 7,2 V, bac \u00e0 poussi\u00e8re facile \u00e0 nettoyer et filtre \u00e0 eau. Avec batterie NiMH durable. Aspirateur sec et humide Support mural Alimentation CC : 7,2 V Filtre lavable Bac \u00e0 poussi\u00e8re transparent Temps de fonctionnement : 15 min. Convient \u00e9galement pour le camping Niveau sonore : 68 dB Type chimique [&hellip;]\" \/>\n<meta property=\"og:url\" content=\"https:\/\/shop.bantam.ch\/fr\/produit\/aspirateur-a-main-aspirateur-sec-humide\/\" \/>\n<meta property=\"og:site_name\" content=\"Bantam Wankm\u00fcller SA\" \/>\n<meta property=\"article:modified_time\" content=\"2026-04-18T19:43:04+00:00\" \/>\n<meta property=\"og:image\" content=\"https:\/\/shop.bantam.ch\/wp-content\/uploads\/2023\/02\/994418511.jpg\" \/>\n\t<meta property=\"og:image:width\" content=\"1000\" \/>\n\t<meta property=\"og:image:height\" content=\"1000\" \/>\n\t<meta property=\"og:image:type\" content=\"image\/jpeg\" \/>\n<meta name=\"twitter:card\" content=\"summary_large_image\" \/>\n<script type=\"application\/ld+json\" class=\"yoast-schema-graph\">{\"@context\":\"https:\\\/\\\/schema.org\",\"@graph\":[{\"@type\":\"WebPage\",\"@id\":\"https:\\\/\\\/shop.bantam.ch\\\/fr\\\/produit\\\/aspirateur-a-main-aspirateur-sec-humide\\\/\",\"url\":\"https:\\\/\\\/shop.bantam.ch\\\/fr\\\/produit\\\/aspirateur-a-main-aspirateur-sec-humide\\\/\",\"name\":\"Aspirateur \u00e0 main TRISTAR Aspirateur poussi\u00e8res\\\/liquides 7,2 V - Bantam Wankm\u00fcller SA\",\"isPartOf\":{\"@id\":\"https:\\\/\\\/shop.bantam.ch\\\/fr\\\/#website\"},\"primaryImageOfPage\":{\"@id\":\"https:\\\/\\\/shop.bantam.ch\\\/fr\\\/produit\\\/aspirateur-a-main-aspirateur-sec-humide\\\/#primaryimage\"},\"image\":{\"@id\":\"https:\\\/\\\/shop.bantam.ch\\\/fr\\\/produit\\\/aspirateur-a-main-aspirateur-sec-humide\\\/#primaryimage\"},\"thumbnailUrl\":\"https:\\\/\\\/shop.bantam.ch\\\/wp-content\\\/uploads\\\/2023\\\/02\\\/994418511.jpg\",\"datePublished\":\"2023-02-28T20:04:41+00:00\",\"dateModified\":\"2026-04-18T19:43:04+00:00\",\"breadcrumb\":{\"@id\":\"https:\\\/\\\/shop.bantam.ch\\\/fr\\\/produit\\\/aspirateur-a-main-aspirateur-sec-humide\\\/#breadcrumb\"},\"inLanguage\":\"fr-FR\",\"potentialAction\":[{\"@type\":\"ReadAction\",\"target\":[\"https:\\\/\\\/shop.bantam.ch\\\/fr\\\/produit\\\/aspirateur-a-main-aspirateur-sec-humide\\\/\"]}]},{\"@type\":\"ImageObject\",\"inLanguage\":\"fr-FR\",\"@id\":\"https:\\\/\\\/shop.bantam.ch\\\/fr\\\/produit\\\/aspirateur-a-main-aspirateur-sec-humide\\\/#primaryimage\",\"url\":\"https:\\\/\\\/shop.bantam.ch\\\/wp-content\\\/uploads\\\/2023\\\/02\\\/994418511.jpg\",\"contentUrl\":\"https:\\\/\\\/shop.bantam.ch\\\/wp-content\\\/uploads\\\/2023\\\/02\\\/994418511.jpg\",\"width\":1000,\"height\":1000},{\"@type\":\"BreadcrumbList\",\"@id\":\"https:\\\/\\\/shop.bantam.ch\\\/fr\\\/produit\\\/aspirateur-a-main-aspirateur-sec-humide\\\/#breadcrumb\",\"itemListElement\":[{\"@type\":\"ListItem\",\"position\":1,\"name\":\"Accueil\",\"item\":\"https:\\\/\\\/shop.bantam.ch\\\/fr\\\/\"},{\"@type\":\"ListItem\",\"position\":2,\"name\":\"Boutique\",\"item\":\"https:\\\/\\\/shop.bantam.ch\\\/fr\\\/boutique\\\/\"},{\"@type\":\"ListItem\",\"position\":3,\"name\":\"Aspirateur \u00e0 main TRISTAR Aspirateur poussi\u00e8res\\\/liquides 7,2 V\"}]},{\"@type\":\"WebSite\",\"@id\":\"https:\\\/\\\/shop.bantam.ch\\\/fr\\\/#website\",\"url\":\"https:\\\/\\\/shop.bantam.ch\\\/fr\\\/\",\"name\":\"Bantam Wankm\u00fcller SA\",\"description\":\"\",\"publisher\":{\"@id\":\"https:\\\/\\\/shop.bantam.ch\\\/fr\\\/#organization\"},\"inLanguage\":\"fr-FR\"},{\"@type\":\"Organization\",\"@id\":\"https:\\\/\\\/shop.bantam.ch\\\/fr\\\/#organization\",\"name\":\"Bantam Wankm\u00fcller SA\",\"url\":\"https:\\\/\\\/shop.bantam.ch\\\/fr\\\/\",\"logo\":{\"@type\":\"ImageObject\",\"inLanguage\":\"fr-FR\",\"@id\":\"https:\\\/\\\/shop.bantam.ch\\\/fr\\\/#\\\/schema\\\/logo\\\/image\\\/\",\"url\":\"https:\\\/\\\/shop.bantam.ch\\\/wp-content\\\/uploads\\\/2022\\\/12\\\/bantam-logo.png\",\"contentUrl\":\"https:\\\/\\\/shop.bantam.ch\\\/wp-content\\\/uploads\\\/2022\\\/12\\\/bantam-logo.png\",\"width\":320,\"height\":71,\"caption\":\"Bantam Wankm\u00fcller SA\"},\"image\":{\"@id\":\"https:\\\/\\\/shop.bantam.ch\\\/fr\\\/#\\\/schema\\\/logo\\\/image\\\/\"}}]}<\/script>\n<!-- \/ Yoast SEO plugin. -->","yoast_head_json":{"title":"Aspirateur \u00e0 main TRISTAR Aspirateur poussi\u00e8res\/liquides 7,2 V - Bantam Wankm\u00fcller SA","robots":{"index":"index","follow":"follow","max-snippet":"max-snippet:-1","max-image-preview":"max-image-preview:large","max-video-preview":"max-video-preview:-1"},"canonical":"https:\/\/shop.bantam.ch\/fr\/produit\/aspirateur-a-main-aspirateur-sec-humide\/","og_locale":"fr_FR","og_type":"article","og_title":"Aspirateur \u00e0 main TRISTAR Aspirateur poussi\u00e8res\/liquides 7,2 V - Bantam Wankm\u00fcller SA","og_description":"Avec moteur puissant de 7,2 V, bac \u00e0 poussi\u00e8re facile \u00e0 nettoyer et filtre \u00e0 eau. Avec batterie NiMH durable. Aspirateur sec et humide Support mural Alimentation CC : 7,2 V Filtre lavable Bac \u00e0 poussi\u00e8re transparent Temps de fonctionnement : 15 min. Convient \u00e9galement pour le camping Niveau sonore : 68 dB Type chimique [&hellip;]","og_url":"https:\/\/shop.bantam.ch\/fr\/produit\/aspirateur-a-main-aspirateur-sec-humide\/","og_site_name":"Bantam Wankm\u00fcller SA","article_modified_time":"2026-04-18T19:43:04+00:00","og_image":[{"width":1000,"height":1000,"url":"https:\/\/shop.bantam.ch\/wp-content\/uploads\/2023\/02\/994418511.jpg","type":"image\/jpeg"}],"twitter_card":"summary_large_image","schema":{"@context":"https:\/\/schema.org","@graph":[{"@type":"WebPage","@id":"https:\/\/shop.bantam.ch\/fr\/produit\/aspirateur-a-main-aspirateur-sec-humide\/","url":"https:\/\/shop.bantam.ch\/fr\/produit\/aspirateur-a-main-aspirateur-sec-humide\/","name":"Aspirateur \u00e0 main TRISTAR Aspirateur poussi\u00e8res\/liquides 7,2 V - Bantam Wankm\u00fcller SA","isPartOf":{"@id":"https:\/\/shop.bantam.ch\/fr\/#website"},"primaryImageOfPage":{"@id":"https:\/\/shop.bantam.ch\/fr\/produit\/aspirateur-a-main-aspirateur-sec-humide\/#primaryimage"},"image":{"@id":"https:\/\/shop.bantam.ch\/fr\/produit\/aspirateur-a-main-aspirateur-sec-humide\/#primaryimage"},"thumbnailUrl":"https:\/\/shop.bantam.ch\/wp-content\/uploads\/2023\/02\/994418511.jpg","datePublished":"2023-02-28T20:04:41+00:00","dateModified":"2026-04-18T19:43:04+00:00","breadcrumb":{"@id":"https:\/\/shop.bantam.ch\/fr\/produit\/aspirateur-a-main-aspirateur-sec-humide\/#breadcrumb"},"inLanguage":"fr-FR","potentialAction":[{"@type":"ReadAction","target":["https:\/\/shop.bantam.ch\/fr\/produit\/aspirateur-a-main-aspirateur-sec-humide\/"]}]},{"@type":"ImageObject","inLanguage":"fr-FR","@id":"https:\/\/shop.bantam.ch\/fr\/produit\/aspirateur-a-main-aspirateur-sec-humide\/#primaryimage","url":"https:\/\/shop.bantam.ch\/wp-content\/uploads\/2023\/02\/994418511.jpg","contentUrl":"https:\/\/shop.bantam.ch\/wp-content\/uploads\/2023\/02\/994418511.jpg","width":1000,"height":1000},{"@type":"BreadcrumbList","@id":"https:\/\/shop.bantam.ch\/fr\/produit\/aspirateur-a-main-aspirateur-sec-humide\/#breadcrumb","itemListElement":[{"@type":"ListItem","position":1,"name":"Accueil","item":"https:\/\/shop.bantam.ch\/fr\/"},{"@type":"ListItem","position":2,"name":"Boutique","item":"https:\/\/shop.bantam.ch\/fr\/boutique\/"},{"@type":"ListItem","position":3,"name":"Aspirateur \u00e0 main TRISTAR Aspirateur poussi\u00e8res\/liquides 7,2 V"}]},{"@type":"WebSite","@id":"https:\/\/shop.bantam.ch\/fr\/#website","url":"https:\/\/shop.bantam.ch\/fr\/","name":"Bantam Wankm\u00fcller SA","description":"","publisher":{"@id":"https:\/\/shop.bantam.ch\/fr\/#organization"},"inLanguage":"fr-FR"},{"@type":"Organization","@id":"https:\/\/shop.bantam.ch\/fr\/#organization","name":"Bantam Wankm\u00fcller SA","url":"https:\/\/shop.bantam.ch\/fr\/","logo":{"@type":"ImageObject","inLanguage":"fr-FR","@id":"https:\/\/shop.bantam.ch\/fr\/#\/schema\/logo\/image\/","url":"https:\/\/shop.bantam.ch\/wp-content\/uploads\/2022\/12\/bantam-logo.png","contentUrl":"https:\/\/shop.bantam.ch\/wp-content\/uploads\/2022\/12\/bantam-logo.png","width":320,"height":71,"caption":"Bantam Wankm\u00fcller SA"},"image":{"@id":"https:\/\/shop.bantam.ch\/fr\/#\/schema\/logo\/image\/"}}]}},"_links":{"self":[{"href":"https:\/\/shop.bantam.ch\/fr\/wp-json\/wp\/v2\/product\/112956","targetHints":{"allow":["GET"]}}],"collection":[{"href":"https:\/\/shop.bantam.ch\/fr\/wp-json\/wp\/v2\/product"}],"about":[{"href":"https:\/\/shop.bantam.ch\/fr\/wp-json\/wp\/v2\/types\/product"}],"wp:featuredmedia":[{"embeddable":true,"href":"https:\/\/shop.bantam.ch\/fr\/wp-json\/wp\/v2\/media\/112948"}],"wp:attachment":[{"href":"https:\/\/shop.bantam.ch\/fr\/wp-json\/wp\/v2\/media?parent=112956"}],"wp:term":[{"taxonomy":"product_featured_cat","embeddable":true,"href":"https:\/\/shop.bantam.ch\/fr\/wp-json\/wp\/v2\/product_featured_cat?post=112956"},{"taxonomy":"product_brand","embeddable":true,"href":"https:\/\/shop.bantam.ch\/fr\/wp-json\/wp\/v2\/product_brand?post=112956"},{"taxonomy":"product_cat","embeddable":true,"href":"https:\/\/shop.bantam.ch\/fr\/wp-json\/wp\/v2\/product_cat?post=112956"},{"taxonomy":"product_tag","embeddable":true,"href":"https:\/\/shop.bantam.ch\/fr\/wp-json\/wp\/v2\/product_tag?post=112956"}],"curies":[{"name":"wp","href":"https:\/\/api.w.org\/{rel}","templated":true}]}}