{"id":112852,"date":"2023-02-28T21:02:47","date_gmt":"2023-02-28T20:02:47","guid":{"rendered":"https:\/\/shop.bantam.ch\/produit\/extension-dauvent-tall-annex-elements-proshield-baletto-et-tuscany-shadow-grey\/"},"modified":"2026-04-18T21:43:02","modified_gmt":"2026-04-18T19:43:02","slug":"extension-dauvent-tall-annex-elements-proshield-baletto-et-tuscany-shadow-grey","status":"publish","type":"product","link":"https:\/\/shop.bantam.ch\/fr\/produit\/extension-dauvent-tall-annex-elements-proshield-baletto-et-tuscany-shadow-grey\/","title":{"rendered":"Extension de tente Vango Tall Annex Elements ProShield Baletto et Tuscany gris"},"content":{"rendered":"<p>L\u2019extension de l\u2019auvent Tall Annex Elements ProShield est fix\u00e9 \u00e0 l\u2019aide d\u2019une fermeture \u00e0 glissi\u00e8re une fois l\u2019une des portes lat\u00e9rales de l\u2019auvent retir\u00e9e. Cet espace suppl\u00e9mentaire peut \u00eatre utilis\u00e9 comme espace de rangement ou chambre \u00e0 coucher et comprend une cabine de couchage.<\/p>\n<p>Mat\u00e9riau\u00a0:<br \/>100 % polyester<\/p>\n","protected":false},"excerpt":{"rendered":"<p>L\u2019extension de l\u2019auvent Tall Annex Elements ProShield est fix\u00e9 \u00e0 l\u2019aide d\u2019une fermeture \u00e0 glissi\u00e8re une fois l\u2019une des portes lat\u00e9rales de l\u2019auvent retir\u00e9e. Cet espace suppl\u00e9mentaire peut \u00eatre utilis\u00e9 comme espace de rangement ou chambre \u00e0 coucher et comprend une cabine de couchage. Mat\u00e9riau\u00a0:100 % polyester<\/p>\n","protected":false},"featured_media":112850,"template":"","meta":{"_acf_changed":false},"product_featured_cat":[],"product_brand":[3562],"product_cat":[4247],"product_tag":[],"class_list":{"0":"post-112852","1":"product","2":"type-product","3":"status-publish","4":"has-post-thumbnail","6":"product_brand-vango","7":"product_cat-auvents","9":"first","10":"instock","11":"taxable","12":"shipping-taxable","13":"purchasable","14":"product-type-simple"},"acf":[],"yoast_head":"<!-- This site is optimized with the Yoast SEO plugin v27.4 - https:\/\/yoast.com\/product\/yoast-seo-wordpress\/ -->\n<title>Extension de tente Vango Tall Annex Elements ProShield Baletto et Tuscany gris - Bantam Wankm\u00fcller SA<\/title>\n<meta name=\"robots\" content=\"index, follow, max-snippet:-1, max-image-preview:large, max-video-preview:-1\" \/>\n<link rel=\"canonical\" href=\"https:\/\/shop.bantam.ch\/fr\/produit\/extension-dauvent-tall-annex-elements-proshield-baletto-et-tuscany-shadow-grey\/\" \/>\n<meta property=\"og:locale\" content=\"fr_FR\" \/>\n<meta property=\"og:type\" content=\"article\" \/>\n<meta property=\"og:title\" content=\"Extension de tente Vango Tall Annex Elements ProShield Baletto et Tuscany gris - Bantam Wankm\u00fcller SA\" \/>\n<meta property=\"og:description\" content=\"L\u2019extension de l\u2019auvent Tall Annex Elements ProShield est fix\u00e9 \u00e0 l\u2019aide d\u2019une fermeture \u00e0 glissi\u00e8re une fois l\u2019une des portes lat\u00e9rales de l\u2019auvent retir\u00e9e. Cet espace suppl\u00e9mentaire peut \u00eatre utilis\u00e9 comme espace de rangement ou chambre \u00e0 coucher et comprend une cabine de couchage. Mat\u00e9riau\u00a0:100 % polyester\" \/>\n<meta property=\"og:url\" content=\"https:\/\/shop.bantam.ch\/fr\/produit\/extension-dauvent-tall-annex-elements-proshield-baletto-et-tuscany-shadow-grey\/\" \/>\n<meta property=\"og:site_name\" content=\"Bantam Wankm\u00fcller SA\" \/>\n<meta property=\"article:modified_time\" content=\"2026-04-18T19:43:02+00:00\" \/>\n<meta property=\"og:image\" content=\"https:\/\/shop.bantam.ch\/wp-content\/uploads\/2023\/02\/995810921.jpg\" \/>\n\t<meta property=\"og:image:width\" content=\"1000\" \/>\n\t<meta property=\"og:image:height\" content=\"347\" \/>\n\t<meta property=\"og:image:type\" content=\"image\/jpeg\" \/>\n<meta name=\"twitter:card\" content=\"summary_large_image\" \/>\n<script type=\"application\/ld+json\" class=\"yoast-schema-graph\">{\"@context\":\"https:\\\/\\\/schema.org\",\"@graph\":[{\"@type\":\"WebPage\",\"@id\":\"https:\\\/\\\/shop.bantam.ch\\\/fr\\\/produit\\\/extension-dauvent-tall-annex-elements-proshield-baletto-et-tuscany-shadow-grey\\\/\",\"url\":\"https:\\\/\\\/shop.bantam.ch\\\/fr\\\/produit\\\/extension-dauvent-tall-annex-elements-proshield-baletto-et-tuscany-shadow-grey\\\/\",\"name\":\"Extension de tente Vango Tall Annex Elements ProShield Baletto et Tuscany gris - Bantam Wankm\u00fcller SA\",\"isPartOf\":{\"@id\":\"https:\\\/\\\/shop.bantam.ch\\\/fr\\\/#website\"},\"primaryImageOfPage\":{\"@id\":\"https:\\\/\\\/shop.bantam.ch\\\/fr\\\/produit\\\/extension-dauvent-tall-annex-elements-proshield-baletto-et-tuscany-shadow-grey\\\/#primaryimage\"},\"image\":{\"@id\":\"https:\\\/\\\/shop.bantam.ch\\\/fr\\\/produit\\\/extension-dauvent-tall-annex-elements-proshield-baletto-et-tuscany-shadow-grey\\\/#primaryimage\"},\"thumbnailUrl\":\"https:\\\/\\\/shop.bantam.ch\\\/wp-content\\\/uploads\\\/2023\\\/02\\\/995810921.jpg\",\"datePublished\":\"2023-02-28T20:02:47+00:00\",\"dateModified\":\"2026-04-18T19:43:02+00:00\",\"breadcrumb\":{\"@id\":\"https:\\\/\\\/shop.bantam.ch\\\/fr\\\/produit\\\/extension-dauvent-tall-annex-elements-proshield-baletto-et-tuscany-shadow-grey\\\/#breadcrumb\"},\"inLanguage\":\"fr-FR\",\"potentialAction\":[{\"@type\":\"ReadAction\",\"target\":[\"https:\\\/\\\/shop.bantam.ch\\\/fr\\\/produit\\\/extension-dauvent-tall-annex-elements-proshield-baletto-et-tuscany-shadow-grey\\\/\"]}]},{\"@type\":\"ImageObject\",\"inLanguage\":\"fr-FR\",\"@id\":\"https:\\\/\\\/shop.bantam.ch\\\/fr\\\/produit\\\/extension-dauvent-tall-annex-elements-proshield-baletto-et-tuscany-shadow-grey\\\/#primaryimage\",\"url\":\"https:\\\/\\\/shop.bantam.ch\\\/wp-content\\\/uploads\\\/2023\\\/02\\\/995810921.jpg\",\"contentUrl\":\"https:\\\/\\\/shop.bantam.ch\\\/wp-content\\\/uploads\\\/2023\\\/02\\\/995810921.jpg\",\"width\":1000,\"height\":347},{\"@type\":\"BreadcrumbList\",\"@id\":\"https:\\\/\\\/shop.bantam.ch\\\/fr\\\/produit\\\/extension-dauvent-tall-annex-elements-proshield-baletto-et-tuscany-shadow-grey\\\/#breadcrumb\",\"itemListElement\":[{\"@type\":\"ListItem\",\"position\":1,\"name\":\"Accueil\",\"item\":\"https:\\\/\\\/shop.bantam.ch\\\/fr\\\/\"},{\"@type\":\"ListItem\",\"position\":2,\"name\":\"Boutique\",\"item\":\"https:\\\/\\\/shop.bantam.ch\\\/fr\\\/boutique\\\/\"},{\"@type\":\"ListItem\",\"position\":3,\"name\":\"Extension de tente Vango Tall Annex Elements ProShield Baletto et Tuscany gris\"}]},{\"@type\":\"WebSite\",\"@id\":\"https:\\\/\\\/shop.bantam.ch\\\/fr\\\/#website\",\"url\":\"https:\\\/\\\/shop.bantam.ch\\\/fr\\\/\",\"name\":\"Bantam Wankm\u00fcller SA\",\"description\":\"\",\"publisher\":{\"@id\":\"https:\\\/\\\/shop.bantam.ch\\\/fr\\\/#organization\"},\"inLanguage\":\"fr-FR\"},{\"@type\":\"Organization\",\"@id\":\"https:\\\/\\\/shop.bantam.ch\\\/fr\\\/#organization\",\"name\":\"Bantam Wankm\u00fcller SA\",\"url\":\"https:\\\/\\\/shop.bantam.ch\\\/fr\\\/\",\"logo\":{\"@type\":\"ImageObject\",\"inLanguage\":\"fr-FR\",\"@id\":\"https:\\\/\\\/shop.bantam.ch\\\/fr\\\/#\\\/schema\\\/logo\\\/image\\\/\",\"url\":\"https:\\\/\\\/shop.bantam.ch\\\/wp-content\\\/uploads\\\/2022\\\/12\\\/bantam-logo.png\",\"contentUrl\":\"https:\\\/\\\/shop.bantam.ch\\\/wp-content\\\/uploads\\\/2022\\\/12\\\/bantam-logo.png\",\"width\":320,\"height\":71,\"caption\":\"Bantam Wankm\u00fcller SA\"},\"image\":{\"@id\":\"https:\\\/\\\/shop.bantam.ch\\\/fr\\\/#\\\/schema\\\/logo\\\/image\\\/\"}}]}<\/script>\n<!-- \/ Yoast SEO plugin. -->","yoast_head_json":{"title":"Extension de tente Vango Tall Annex Elements ProShield Baletto et Tuscany gris - Bantam Wankm\u00fcller SA","robots":{"index":"index","follow":"follow","max-snippet":"max-snippet:-1","max-image-preview":"max-image-preview:large","max-video-preview":"max-video-preview:-1"},"canonical":"https:\/\/shop.bantam.ch\/fr\/produit\/extension-dauvent-tall-annex-elements-proshield-baletto-et-tuscany-shadow-grey\/","og_locale":"fr_FR","og_type":"article","og_title":"Extension de tente Vango Tall Annex Elements ProShield Baletto et Tuscany gris - Bantam Wankm\u00fcller SA","og_description":"L\u2019extension de l\u2019auvent Tall Annex Elements ProShield est fix\u00e9 \u00e0 l\u2019aide d\u2019une fermeture \u00e0 glissi\u00e8re une fois l\u2019une des portes lat\u00e9rales de l\u2019auvent retir\u00e9e. Cet espace suppl\u00e9mentaire peut \u00eatre utilis\u00e9 comme espace de rangement ou chambre \u00e0 coucher et comprend une cabine de couchage. Mat\u00e9riau\u00a0:100 % polyester","og_url":"https:\/\/shop.bantam.ch\/fr\/produit\/extension-dauvent-tall-annex-elements-proshield-baletto-et-tuscany-shadow-grey\/","og_site_name":"Bantam Wankm\u00fcller SA","article_modified_time":"2026-04-18T19:43:02+00:00","og_image":[{"width":1000,"height":347,"url":"https:\/\/shop.bantam.ch\/wp-content\/uploads\/2023\/02\/995810921.jpg","type":"image\/jpeg"}],"twitter_card":"summary_large_image","schema":{"@context":"https:\/\/schema.org","@graph":[{"@type":"WebPage","@id":"https:\/\/shop.bantam.ch\/fr\/produit\/extension-dauvent-tall-annex-elements-proshield-baletto-et-tuscany-shadow-grey\/","url":"https:\/\/shop.bantam.ch\/fr\/produit\/extension-dauvent-tall-annex-elements-proshield-baletto-et-tuscany-shadow-grey\/","name":"Extension de tente Vango Tall Annex Elements ProShield Baletto et Tuscany gris - Bantam Wankm\u00fcller SA","isPartOf":{"@id":"https:\/\/shop.bantam.ch\/fr\/#website"},"primaryImageOfPage":{"@id":"https:\/\/shop.bantam.ch\/fr\/produit\/extension-dauvent-tall-annex-elements-proshield-baletto-et-tuscany-shadow-grey\/#primaryimage"},"image":{"@id":"https:\/\/shop.bantam.ch\/fr\/produit\/extension-dauvent-tall-annex-elements-proshield-baletto-et-tuscany-shadow-grey\/#primaryimage"},"thumbnailUrl":"https:\/\/shop.bantam.ch\/wp-content\/uploads\/2023\/02\/995810921.jpg","datePublished":"2023-02-28T20:02:47+00:00","dateModified":"2026-04-18T19:43:02+00:00","breadcrumb":{"@id":"https:\/\/shop.bantam.ch\/fr\/produit\/extension-dauvent-tall-annex-elements-proshield-baletto-et-tuscany-shadow-grey\/#breadcrumb"},"inLanguage":"fr-FR","potentialAction":[{"@type":"ReadAction","target":["https:\/\/shop.bantam.ch\/fr\/produit\/extension-dauvent-tall-annex-elements-proshield-baletto-et-tuscany-shadow-grey\/"]}]},{"@type":"ImageObject","inLanguage":"fr-FR","@id":"https:\/\/shop.bantam.ch\/fr\/produit\/extension-dauvent-tall-annex-elements-proshield-baletto-et-tuscany-shadow-grey\/#primaryimage","url":"https:\/\/shop.bantam.ch\/wp-content\/uploads\/2023\/02\/995810921.jpg","contentUrl":"https:\/\/shop.bantam.ch\/wp-content\/uploads\/2023\/02\/995810921.jpg","width":1000,"height":347},{"@type":"BreadcrumbList","@id":"https:\/\/shop.bantam.ch\/fr\/produit\/extension-dauvent-tall-annex-elements-proshield-baletto-et-tuscany-shadow-grey\/#breadcrumb","itemListElement":[{"@type":"ListItem","position":1,"name":"Accueil","item":"https:\/\/shop.bantam.ch\/fr\/"},{"@type":"ListItem","position":2,"name":"Boutique","item":"https:\/\/shop.bantam.ch\/fr\/boutique\/"},{"@type":"ListItem","position":3,"name":"Extension de tente Vango Tall Annex Elements ProShield Baletto et Tuscany gris"}]},{"@type":"WebSite","@id":"https:\/\/shop.bantam.ch\/fr\/#website","url":"https:\/\/shop.bantam.ch\/fr\/","name":"Bantam Wankm\u00fcller SA","description":"","publisher":{"@id":"https:\/\/shop.bantam.ch\/fr\/#organization"},"inLanguage":"fr-FR"},{"@type":"Organization","@id":"https:\/\/shop.bantam.ch\/fr\/#organization","name":"Bantam Wankm\u00fcller SA","url":"https:\/\/shop.bantam.ch\/fr\/","logo":{"@type":"ImageObject","inLanguage":"fr-FR","@id":"https:\/\/shop.bantam.ch\/fr\/#\/schema\/logo\/image\/","url":"https:\/\/shop.bantam.ch\/wp-content\/uploads\/2022\/12\/bantam-logo.png","contentUrl":"https:\/\/shop.bantam.ch\/wp-content\/uploads\/2022\/12\/bantam-logo.png","width":320,"height":71,"caption":"Bantam Wankm\u00fcller SA"},"image":{"@id":"https:\/\/shop.bantam.ch\/fr\/#\/schema\/logo\/image\/"}}]}},"_links":{"self":[{"href":"https:\/\/shop.bantam.ch\/fr\/wp-json\/wp\/v2\/product\/112852","targetHints":{"allow":["GET"]}}],"collection":[{"href":"https:\/\/shop.bantam.ch\/fr\/wp-json\/wp\/v2\/product"}],"about":[{"href":"https:\/\/shop.bantam.ch\/fr\/wp-json\/wp\/v2\/types\/product"}],"wp:featuredmedia":[{"embeddable":true,"href":"https:\/\/shop.bantam.ch\/fr\/wp-json\/wp\/v2\/media\/112850"}],"wp:attachment":[{"href":"https:\/\/shop.bantam.ch\/fr\/wp-json\/wp\/v2\/media?parent=112852"}],"wp:term":[{"taxonomy":"product_featured_cat","embeddable":true,"href":"https:\/\/shop.bantam.ch\/fr\/wp-json\/wp\/v2\/product_featured_cat?post=112852"},{"taxonomy":"product_brand","embeddable":true,"href":"https:\/\/shop.bantam.ch\/fr\/wp-json\/wp\/v2\/product_brand?post=112852"},{"taxonomy":"product_cat","embeddable":true,"href":"https:\/\/shop.bantam.ch\/fr\/wp-json\/wp\/v2\/product_cat?post=112852"},{"taxonomy":"product_tag","embeddable":true,"href":"https:\/\/shop.bantam.ch\/fr\/wp-json\/wp\/v2\/product_tag?post=112852"}],"curies":[{"name":"wp","href":"https:\/\/api.w.org\/{rel}","templated":true}]}}