{"id":112454,"date":"2023-02-28T20:56:45","date_gmt":"2023-02-28T19:56:45","guid":{"rendered":"https:\/\/shop.bantam.ch\/produit\/filtre-a-visser-1-2-pouce\/"},"modified":"2026-04-18T21:42:48","modified_gmt":"2026-04-18T19:42:48","slug":"filtre-a-visser-1-2-pouce","status":"publish","type":"product","link":"https:\/\/shop.bantam.ch\/fr\/produit\/filtre-a-visser-1-2-pouce\/","title":{"rendered":"Filtre \u00e0 visser 1\/2 pouce"},"content":{"rendered":"<p>\u00c0 visser directement sur une pompe CLASSICSERIE et SOFTSERIE. Un tamis m\u00e9tallique \u00e0 fines mailles, inoxydable pr\u00e9vient d\u2019endommagements de la pompe et de l\u2019installation d\u2019eau. La cloche de filtration viss\u00e9e transparente adapt\u00e9e \u00e0 l&rsquo;eau potable permet un nettoyage facile. Les \u00e9crous \u00e0 oreilles facilitent le montage, de sorte que le filtre reste mobile, m\u00eame apr\u00e8s l\u2019installation.<\/p>\n","protected":false},"excerpt":{"rendered":"<p>\u00c0 visser directement sur une pompe CLASSICSERIE et SOFTSERIE. Un tamis m\u00e9tallique \u00e0 fines mailles, inoxydable pr\u00e9vient d\u2019endommagements de la pompe et de l\u2019installation d\u2019eau. La cloche de filtration viss\u00e9e transparente adapt\u00e9e \u00e0 l&rsquo;eau potable permet un nettoyage facile. Les \u00e9crous \u00e0 oreilles facilitent le montage, de sorte que le filtre reste mobile, m\u00eame apr\u00e8s [&hellip;]<\/p>\n","protected":false},"featured_media":112452,"template":"","meta":{"_acf_changed":false},"product_featured_cat":[],"product_brand":[3108],"product_cat":[4621,4615,5033],"product_tag":[],"class_list":{"0":"post-112454","1":"product","2":"type-product","3":"status-publish","4":"has-post-thumbnail","6":"product_brand-lilie","7":"product_cat-connecteurs-de-tuyau","8":"product_cat-filtres-a-eau","9":"product_cat-tuyaux-deau","11":"first","12":"instock","13":"taxable","14":"shipping-taxable","15":"purchasable","16":"product-type-simple"},"acf":[],"yoast_head":"<!-- This site is optimized with the Yoast SEO plugin v27.4 - https:\/\/yoast.com\/product\/yoast-seo-wordpress\/ -->\n<title>Filtre \u00e0 visser 1\/2 pouce - Bantam Wankm\u00fcller SA<\/title>\n<meta name=\"robots\" content=\"index, follow, max-snippet:-1, max-image-preview:large, max-video-preview:-1\" \/>\n<link rel=\"canonical\" href=\"https:\/\/shop.bantam.ch\/fr\/produit\/filtre-a-visser-1-2-pouce\/\" \/>\n<meta property=\"og:locale\" content=\"fr_FR\" \/>\n<meta property=\"og:type\" content=\"article\" \/>\n<meta property=\"og:title\" content=\"Filtre \u00e0 visser 1\/2 pouce - Bantam Wankm\u00fcller SA\" \/>\n<meta property=\"og:description\" content=\"\u00c0 visser directement sur une pompe CLASSICSERIE et SOFTSERIE. Un tamis m\u00e9tallique \u00e0 fines mailles, inoxydable pr\u00e9vient d\u2019endommagements de la pompe et de l\u2019installation d\u2019eau. La cloche de filtration viss\u00e9e transparente adapt\u00e9e \u00e0 l&rsquo;eau potable permet un nettoyage facile. Les \u00e9crous \u00e0 oreilles facilitent le montage, de sorte que le filtre reste mobile, m\u00eame apr\u00e8s [&hellip;]\" \/>\n<meta property=\"og:url\" content=\"https:\/\/shop.bantam.ch\/fr\/produit\/filtre-a-visser-1-2-pouce\/\" \/>\n<meta property=\"og:site_name\" content=\"Bantam Wankm\u00fcller SA\" \/>\n<meta property=\"article:modified_time\" content=\"2026-04-18T19:42:48+00:00\" \/>\n<meta property=\"og:image\" content=\"https:\/\/shop.bantam.ch\/wp-content\/uploads\/2023\/02\/993856211.jpg\" \/>\n\t<meta property=\"og:image:width\" content=\"1000\" \/>\n\t<meta property=\"og:image:height\" content=\"872\" \/>\n\t<meta property=\"og:image:type\" content=\"image\/jpeg\" \/>\n<meta name=\"twitter:card\" content=\"summary_large_image\" \/>\n<script type=\"application\/ld+json\" class=\"yoast-schema-graph\">{\"@context\":\"https:\\\/\\\/schema.org\",\"@graph\":[{\"@type\":\"WebPage\",\"@id\":\"https:\\\/\\\/shop.bantam.ch\\\/fr\\\/produit\\\/filtre-a-visser-1-2-pouce\\\/\",\"url\":\"https:\\\/\\\/shop.bantam.ch\\\/fr\\\/produit\\\/filtre-a-visser-1-2-pouce\\\/\",\"name\":\"Filtre \u00e0 visser 1\\\/2 pouce - Bantam Wankm\u00fcller SA\",\"isPartOf\":{\"@id\":\"https:\\\/\\\/shop.bantam.ch\\\/fr\\\/#website\"},\"primaryImageOfPage\":{\"@id\":\"https:\\\/\\\/shop.bantam.ch\\\/fr\\\/produit\\\/filtre-a-visser-1-2-pouce\\\/#primaryimage\"},\"image\":{\"@id\":\"https:\\\/\\\/shop.bantam.ch\\\/fr\\\/produit\\\/filtre-a-visser-1-2-pouce\\\/#primaryimage\"},\"thumbnailUrl\":\"https:\\\/\\\/shop.bantam.ch\\\/wp-content\\\/uploads\\\/2023\\\/02\\\/993856211.jpg\",\"datePublished\":\"2023-02-28T19:56:45+00:00\",\"dateModified\":\"2026-04-18T19:42:48+00:00\",\"breadcrumb\":{\"@id\":\"https:\\\/\\\/shop.bantam.ch\\\/fr\\\/produit\\\/filtre-a-visser-1-2-pouce\\\/#breadcrumb\"},\"inLanguage\":\"fr-FR\",\"potentialAction\":[{\"@type\":\"ReadAction\",\"target\":[\"https:\\\/\\\/shop.bantam.ch\\\/fr\\\/produit\\\/filtre-a-visser-1-2-pouce\\\/\"]}]},{\"@type\":\"ImageObject\",\"inLanguage\":\"fr-FR\",\"@id\":\"https:\\\/\\\/shop.bantam.ch\\\/fr\\\/produit\\\/filtre-a-visser-1-2-pouce\\\/#primaryimage\",\"url\":\"https:\\\/\\\/shop.bantam.ch\\\/wp-content\\\/uploads\\\/2023\\\/02\\\/993856211.jpg\",\"contentUrl\":\"https:\\\/\\\/shop.bantam.ch\\\/wp-content\\\/uploads\\\/2023\\\/02\\\/993856211.jpg\",\"width\":1000,\"height\":872},{\"@type\":\"BreadcrumbList\",\"@id\":\"https:\\\/\\\/shop.bantam.ch\\\/fr\\\/produit\\\/filtre-a-visser-1-2-pouce\\\/#breadcrumb\",\"itemListElement\":[{\"@type\":\"ListItem\",\"position\":1,\"name\":\"Accueil\",\"item\":\"https:\\\/\\\/shop.bantam.ch\\\/fr\\\/\"},{\"@type\":\"ListItem\",\"position\":2,\"name\":\"Boutique\",\"item\":\"https:\\\/\\\/shop.bantam.ch\\\/fr\\\/boutique\\\/\"},{\"@type\":\"ListItem\",\"position\":3,\"name\":\"Filtre \u00e0 visser 1\\\/2 pouce\"}]},{\"@type\":\"WebSite\",\"@id\":\"https:\\\/\\\/shop.bantam.ch\\\/fr\\\/#website\",\"url\":\"https:\\\/\\\/shop.bantam.ch\\\/fr\\\/\",\"name\":\"Bantam Wankm\u00fcller SA\",\"description\":\"\",\"publisher\":{\"@id\":\"https:\\\/\\\/shop.bantam.ch\\\/fr\\\/#organization\"},\"inLanguage\":\"fr-FR\"},{\"@type\":\"Organization\",\"@id\":\"https:\\\/\\\/shop.bantam.ch\\\/fr\\\/#organization\",\"name\":\"Bantam Wankm\u00fcller SA\",\"url\":\"https:\\\/\\\/shop.bantam.ch\\\/fr\\\/\",\"logo\":{\"@type\":\"ImageObject\",\"inLanguage\":\"fr-FR\",\"@id\":\"https:\\\/\\\/shop.bantam.ch\\\/fr\\\/#\\\/schema\\\/logo\\\/image\\\/\",\"url\":\"https:\\\/\\\/shop.bantam.ch\\\/wp-content\\\/uploads\\\/2022\\\/12\\\/bantam-logo.png\",\"contentUrl\":\"https:\\\/\\\/shop.bantam.ch\\\/wp-content\\\/uploads\\\/2022\\\/12\\\/bantam-logo.png\",\"width\":320,\"height\":71,\"caption\":\"Bantam Wankm\u00fcller SA\"},\"image\":{\"@id\":\"https:\\\/\\\/shop.bantam.ch\\\/fr\\\/#\\\/schema\\\/logo\\\/image\\\/\"}}]}<\/script>\n<!-- \/ Yoast SEO plugin. -->","yoast_head_json":{"title":"Filtre \u00e0 visser 1\/2 pouce - Bantam Wankm\u00fcller SA","robots":{"index":"index","follow":"follow","max-snippet":"max-snippet:-1","max-image-preview":"max-image-preview:large","max-video-preview":"max-video-preview:-1"},"canonical":"https:\/\/shop.bantam.ch\/fr\/produit\/filtre-a-visser-1-2-pouce\/","og_locale":"fr_FR","og_type":"article","og_title":"Filtre \u00e0 visser 1\/2 pouce - Bantam Wankm\u00fcller SA","og_description":"\u00c0 visser directement sur une pompe CLASSICSERIE et SOFTSERIE. Un tamis m\u00e9tallique \u00e0 fines mailles, inoxydable pr\u00e9vient d\u2019endommagements de la pompe et de l\u2019installation d\u2019eau. La cloche de filtration viss\u00e9e transparente adapt\u00e9e \u00e0 l&rsquo;eau potable permet un nettoyage facile. Les \u00e9crous \u00e0 oreilles facilitent le montage, de sorte que le filtre reste mobile, m\u00eame apr\u00e8s [&hellip;]","og_url":"https:\/\/shop.bantam.ch\/fr\/produit\/filtre-a-visser-1-2-pouce\/","og_site_name":"Bantam Wankm\u00fcller SA","article_modified_time":"2026-04-18T19:42:48+00:00","og_image":[{"width":1000,"height":872,"url":"https:\/\/shop.bantam.ch\/wp-content\/uploads\/2023\/02\/993856211.jpg","type":"image\/jpeg"}],"twitter_card":"summary_large_image","schema":{"@context":"https:\/\/schema.org","@graph":[{"@type":"WebPage","@id":"https:\/\/shop.bantam.ch\/fr\/produit\/filtre-a-visser-1-2-pouce\/","url":"https:\/\/shop.bantam.ch\/fr\/produit\/filtre-a-visser-1-2-pouce\/","name":"Filtre \u00e0 visser 1\/2 pouce - Bantam Wankm\u00fcller SA","isPartOf":{"@id":"https:\/\/shop.bantam.ch\/fr\/#website"},"primaryImageOfPage":{"@id":"https:\/\/shop.bantam.ch\/fr\/produit\/filtre-a-visser-1-2-pouce\/#primaryimage"},"image":{"@id":"https:\/\/shop.bantam.ch\/fr\/produit\/filtre-a-visser-1-2-pouce\/#primaryimage"},"thumbnailUrl":"https:\/\/shop.bantam.ch\/wp-content\/uploads\/2023\/02\/993856211.jpg","datePublished":"2023-02-28T19:56:45+00:00","dateModified":"2026-04-18T19:42:48+00:00","breadcrumb":{"@id":"https:\/\/shop.bantam.ch\/fr\/produit\/filtre-a-visser-1-2-pouce\/#breadcrumb"},"inLanguage":"fr-FR","potentialAction":[{"@type":"ReadAction","target":["https:\/\/shop.bantam.ch\/fr\/produit\/filtre-a-visser-1-2-pouce\/"]}]},{"@type":"ImageObject","inLanguage":"fr-FR","@id":"https:\/\/shop.bantam.ch\/fr\/produit\/filtre-a-visser-1-2-pouce\/#primaryimage","url":"https:\/\/shop.bantam.ch\/wp-content\/uploads\/2023\/02\/993856211.jpg","contentUrl":"https:\/\/shop.bantam.ch\/wp-content\/uploads\/2023\/02\/993856211.jpg","width":1000,"height":872},{"@type":"BreadcrumbList","@id":"https:\/\/shop.bantam.ch\/fr\/produit\/filtre-a-visser-1-2-pouce\/#breadcrumb","itemListElement":[{"@type":"ListItem","position":1,"name":"Accueil","item":"https:\/\/shop.bantam.ch\/fr\/"},{"@type":"ListItem","position":2,"name":"Boutique","item":"https:\/\/shop.bantam.ch\/fr\/boutique\/"},{"@type":"ListItem","position":3,"name":"Filtre \u00e0 visser 1\/2 pouce"}]},{"@type":"WebSite","@id":"https:\/\/shop.bantam.ch\/fr\/#website","url":"https:\/\/shop.bantam.ch\/fr\/","name":"Bantam Wankm\u00fcller SA","description":"","publisher":{"@id":"https:\/\/shop.bantam.ch\/fr\/#organization"},"inLanguage":"fr-FR"},{"@type":"Organization","@id":"https:\/\/shop.bantam.ch\/fr\/#organization","name":"Bantam Wankm\u00fcller SA","url":"https:\/\/shop.bantam.ch\/fr\/","logo":{"@type":"ImageObject","inLanguage":"fr-FR","@id":"https:\/\/shop.bantam.ch\/fr\/#\/schema\/logo\/image\/","url":"https:\/\/shop.bantam.ch\/wp-content\/uploads\/2022\/12\/bantam-logo.png","contentUrl":"https:\/\/shop.bantam.ch\/wp-content\/uploads\/2022\/12\/bantam-logo.png","width":320,"height":71,"caption":"Bantam Wankm\u00fcller SA"},"image":{"@id":"https:\/\/shop.bantam.ch\/fr\/#\/schema\/logo\/image\/"}}]}},"_links":{"self":[{"href":"https:\/\/shop.bantam.ch\/fr\/wp-json\/wp\/v2\/product\/112454","targetHints":{"allow":["GET"]}}],"collection":[{"href":"https:\/\/shop.bantam.ch\/fr\/wp-json\/wp\/v2\/product"}],"about":[{"href":"https:\/\/shop.bantam.ch\/fr\/wp-json\/wp\/v2\/types\/product"}],"wp:featuredmedia":[{"embeddable":true,"href":"https:\/\/shop.bantam.ch\/fr\/wp-json\/wp\/v2\/media\/112452"}],"wp:attachment":[{"href":"https:\/\/shop.bantam.ch\/fr\/wp-json\/wp\/v2\/media?parent=112454"}],"wp:term":[{"taxonomy":"product_featured_cat","embeddable":true,"href":"https:\/\/shop.bantam.ch\/fr\/wp-json\/wp\/v2\/product_featured_cat?post=112454"},{"taxonomy":"product_brand","embeddable":true,"href":"https:\/\/shop.bantam.ch\/fr\/wp-json\/wp\/v2\/product_brand?post=112454"},{"taxonomy":"product_cat","embeddable":true,"href":"https:\/\/shop.bantam.ch\/fr\/wp-json\/wp\/v2\/product_cat?post=112454"},{"taxonomy":"product_tag","embeddable":true,"href":"https:\/\/shop.bantam.ch\/fr\/wp-json\/wp\/v2\/product_tag?post=112454"}],"curies":[{"name":"wp","href":"https:\/\/api.w.org\/{rel}","templated":true}]}}