{"id":112211,"date":"2023-02-28T20:52:14","date_gmt":"2023-02-28T19:52:14","guid":{"rendered":"https:\/\/shop.bantam.ch\/produit\/ensemble-de-bols-multi-usage-cirqula-ronds-3-pieces\/"},"modified":"2026-04-18T23:17:05","modified_gmt":"2026-04-18T21:17:05","slug":"ensemble-de-bols-multi-usage-cirqula-ronds-3-pieces","status":"publish","type":"product","link":"https:\/\/shop.bantam.ch\/fr\/produit\/ensemble-de-bols-multi-usage-cirqula-ronds-3-pieces\/","title":{"rendered":"Ensemble de bols multi-usage Cirqula ronds, 3 pi\u00e8ces"},"content":{"rendered":"<p>L&rsquo;ensemble de bols multi-usages Mepal Cirqula vous offre des solutions polyvalentes pour votre cuisine. Ce kit de 3\u00a0pi\u00e8ces comprend des bols plats de 350\u00a0ml, 750\u00a0ml et 1250\u00a0ml. Les bols Cirqula sont utilisables pour conserver, congeler et r\u00e9chauffer des aliments. Gr\u00e2ce \u00e0 leur taille pratique, les bols sont \u00e9galement id\u00e9aux pour conserver les restes, les portions individuelles de soupe, les petites salades ou les aliments pour b\u00e9b\u00e9s. Les bols multi-usage Mepal Cirqula sont fabriqu\u00e9s dans un mat\u00e9riau incassable. La fen\u00eatre transparente dans le couvercle vous permet de voir le contenu. Le couvercle est \u00e9galement herm\u00e9tique et \u00e9tanche. Cela permet de conserver vos aliments frais plus longtemps et de les emporter plus facilement. Les bols multi-usage de diff\u00e9rentes tailles peuvent \u00eatre pratiquement empil\u00e9s les uns dans les autres et rang\u00e9s pour gagner de la place. Le couvercle ne va pas au micro-ondes.<\/p>\n","protected":false},"excerpt":{"rendered":"<p>L&rsquo;ensemble de bols multi-usages Mepal Cirqula vous offre des solutions polyvalentes pour votre cuisine. Ce kit de 3\u00a0pi\u00e8ces comprend des bols plats de 350\u00a0ml, 750\u00a0ml et 1250\u00a0ml. Les bols Cirqula sont utilisables pour conserver, congeler et r\u00e9chauffer des aliments. Gr\u00e2ce \u00e0 leur taille pratique, les bols sont \u00e9galement id\u00e9aux pour conserver les restes, les portions [&hellip;]<\/p>\n","protected":false},"featured_media":112205,"template":"","meta":{"_acf_changed":false},"product_featured_cat":[],"product_brand":[3326],"product_cat":[4275],"product_tag":[],"class_list":{"0":"post-112211","1":"product","2":"type-product","3":"status-publish","4":"has-post-thumbnail","6":"product_brand-mepal","7":"product_cat-saladiers-et-bols","9":"first","10":"instock","11":"taxable","12":"shipping-taxable","13":"purchasable","14":"product-type-variable"},"acf":[],"yoast_head":"<!-- This site is optimized with the Yoast SEO plugin v27.4 - https:\/\/yoast.com\/product\/yoast-seo-wordpress\/ -->\n<title>Ensemble de bols multi-usage Cirqula ronds, 3 pi\u00e8ces - Bantam Wankm\u00fcller SA<\/title>\n<meta name=\"robots\" content=\"index, follow, max-snippet:-1, max-image-preview:large, max-video-preview:-1\" \/>\n<link rel=\"canonical\" href=\"https:\/\/shop.bantam.ch\/fr\/produit\/ensemble-de-bols-multi-usage-cirqula-ronds-3-pieces\/\" \/>\n<meta property=\"og:locale\" content=\"fr_FR\" \/>\n<meta property=\"og:type\" content=\"article\" \/>\n<meta property=\"og:title\" content=\"Ensemble de bols multi-usage Cirqula ronds, 3 pi\u00e8ces - Bantam Wankm\u00fcller SA\" \/>\n<meta property=\"og:description\" content=\"L&rsquo;ensemble de bols multi-usages Mepal Cirqula vous offre des solutions polyvalentes pour votre cuisine. Ce kit de 3\u00a0pi\u00e8ces comprend des bols plats de 350\u00a0ml, 750\u00a0ml et 1250\u00a0ml. Les bols Cirqula sont utilisables pour conserver, congeler et r\u00e9chauffer des aliments. Gr\u00e2ce \u00e0 leur taille pratique, les bols sont \u00e9galement id\u00e9aux pour conserver les restes, les portions [&hellip;]\" \/>\n<meta property=\"og:url\" content=\"https:\/\/shop.bantam.ch\/fr\/produit\/ensemble-de-bols-multi-usage-cirqula-ronds-3-pieces\/\" \/>\n<meta property=\"og:site_name\" content=\"Bantam Wankm\u00fcller SA\" \/>\n<meta property=\"article:modified_time\" content=\"2026-04-18T21:17:05+00:00\" \/>\n<meta property=\"og:image\" content=\"https:\/\/shop.bantam.ch\/wp-content\/uploads\/2023\/02\/994412611.jpg\" \/>\n\t<meta property=\"og:image:width\" content=\"1000\" \/>\n\t<meta property=\"og:image:height\" content=\"816\" \/>\n\t<meta property=\"og:image:type\" content=\"image\/jpeg\" \/>\n<meta name=\"twitter:card\" content=\"summary_large_image\" \/>\n<meta name=\"twitter:label1\" content=\"Dur\u00e9e de lecture estim\u00e9e\" \/>\n\t<meta name=\"twitter:data1\" content=\"1 minute\" \/>\n<script type=\"application\/ld+json\" class=\"yoast-schema-graph\">{\"@context\":\"https:\\\/\\\/schema.org\",\"@graph\":[{\"@type\":\"WebPage\",\"@id\":\"https:\\\/\\\/shop.bantam.ch\\\/fr\\\/produit\\\/ensemble-de-bols-multi-usage-cirqula-ronds-3-pieces\\\/\",\"url\":\"https:\\\/\\\/shop.bantam.ch\\\/fr\\\/produit\\\/ensemble-de-bols-multi-usage-cirqula-ronds-3-pieces\\\/\",\"name\":\"Ensemble de bols multi-usage Cirqula ronds, 3 pi\u00e8ces - Bantam Wankm\u00fcller SA\",\"isPartOf\":{\"@id\":\"https:\\\/\\\/shop.bantam.ch\\\/fr\\\/#website\"},\"primaryImageOfPage\":{\"@id\":\"https:\\\/\\\/shop.bantam.ch\\\/fr\\\/produit\\\/ensemble-de-bols-multi-usage-cirqula-ronds-3-pieces\\\/#primaryimage\"},\"image\":{\"@id\":\"https:\\\/\\\/shop.bantam.ch\\\/fr\\\/produit\\\/ensemble-de-bols-multi-usage-cirqula-ronds-3-pieces\\\/#primaryimage\"},\"thumbnailUrl\":\"https:\\\/\\\/shop.bantam.ch\\\/wp-content\\\/uploads\\\/2023\\\/02\\\/994412611.jpg\",\"datePublished\":\"2023-02-28T19:52:14+00:00\",\"dateModified\":\"2026-04-18T21:17:05+00:00\",\"breadcrumb\":{\"@id\":\"https:\\\/\\\/shop.bantam.ch\\\/fr\\\/produit\\\/ensemble-de-bols-multi-usage-cirqula-ronds-3-pieces\\\/#breadcrumb\"},\"inLanguage\":\"fr-FR\",\"potentialAction\":[{\"@type\":\"ReadAction\",\"target\":[\"https:\\\/\\\/shop.bantam.ch\\\/fr\\\/produit\\\/ensemble-de-bols-multi-usage-cirqula-ronds-3-pieces\\\/\"]}]},{\"@type\":\"ImageObject\",\"inLanguage\":\"fr-FR\",\"@id\":\"https:\\\/\\\/shop.bantam.ch\\\/fr\\\/produit\\\/ensemble-de-bols-multi-usage-cirqula-ronds-3-pieces\\\/#primaryimage\",\"url\":\"https:\\\/\\\/shop.bantam.ch\\\/wp-content\\\/uploads\\\/2023\\\/02\\\/994412611.jpg\",\"contentUrl\":\"https:\\\/\\\/shop.bantam.ch\\\/wp-content\\\/uploads\\\/2023\\\/02\\\/994412611.jpg\",\"width\":1000,\"height\":816},{\"@type\":\"BreadcrumbList\",\"@id\":\"https:\\\/\\\/shop.bantam.ch\\\/fr\\\/produit\\\/ensemble-de-bols-multi-usage-cirqula-ronds-3-pieces\\\/#breadcrumb\",\"itemListElement\":[{\"@type\":\"ListItem\",\"position\":1,\"name\":\"Accueil\",\"item\":\"https:\\\/\\\/shop.bantam.ch\\\/fr\\\/\"},{\"@type\":\"ListItem\",\"position\":2,\"name\":\"Boutique\",\"item\":\"https:\\\/\\\/shop.bantam.ch\\\/fr\\\/boutique\\\/\"},{\"@type\":\"ListItem\",\"position\":3,\"name\":\"Ensemble de bols multi-usage Cirqula ronds, 3 pi\u00e8ces\"}]},{\"@type\":\"WebSite\",\"@id\":\"https:\\\/\\\/shop.bantam.ch\\\/fr\\\/#website\",\"url\":\"https:\\\/\\\/shop.bantam.ch\\\/fr\\\/\",\"name\":\"Bantam Wankm\u00fcller SA\",\"description\":\"\",\"publisher\":{\"@id\":\"https:\\\/\\\/shop.bantam.ch\\\/fr\\\/#organization\"},\"inLanguage\":\"fr-FR\"},{\"@type\":\"Organization\",\"@id\":\"https:\\\/\\\/shop.bantam.ch\\\/fr\\\/#organization\",\"name\":\"Bantam Wankm\u00fcller SA\",\"url\":\"https:\\\/\\\/shop.bantam.ch\\\/fr\\\/\",\"logo\":{\"@type\":\"ImageObject\",\"inLanguage\":\"fr-FR\",\"@id\":\"https:\\\/\\\/shop.bantam.ch\\\/fr\\\/#\\\/schema\\\/logo\\\/image\\\/\",\"url\":\"https:\\\/\\\/shop.bantam.ch\\\/wp-content\\\/uploads\\\/2022\\\/12\\\/bantam-logo.png\",\"contentUrl\":\"https:\\\/\\\/shop.bantam.ch\\\/wp-content\\\/uploads\\\/2022\\\/12\\\/bantam-logo.png\",\"width\":320,\"height\":71,\"caption\":\"Bantam Wankm\u00fcller SA\"},\"image\":{\"@id\":\"https:\\\/\\\/shop.bantam.ch\\\/fr\\\/#\\\/schema\\\/logo\\\/image\\\/\"}}]}<\/script>\n<!-- \/ Yoast SEO plugin. -->","yoast_head_json":{"title":"Ensemble de bols multi-usage Cirqula ronds, 3 pi\u00e8ces - Bantam Wankm\u00fcller SA","robots":{"index":"index","follow":"follow","max-snippet":"max-snippet:-1","max-image-preview":"max-image-preview:large","max-video-preview":"max-video-preview:-1"},"canonical":"https:\/\/shop.bantam.ch\/fr\/produit\/ensemble-de-bols-multi-usage-cirqula-ronds-3-pieces\/","og_locale":"fr_FR","og_type":"article","og_title":"Ensemble de bols multi-usage Cirqula ronds, 3 pi\u00e8ces - Bantam Wankm\u00fcller SA","og_description":"L&rsquo;ensemble de bols multi-usages Mepal Cirqula vous offre des solutions polyvalentes pour votre cuisine. Ce kit de 3\u00a0pi\u00e8ces comprend des bols plats de 350\u00a0ml, 750\u00a0ml et 1250\u00a0ml. Les bols Cirqula sont utilisables pour conserver, congeler et r\u00e9chauffer des aliments. Gr\u00e2ce \u00e0 leur taille pratique, les bols sont \u00e9galement id\u00e9aux pour conserver les restes, les portions [&hellip;]","og_url":"https:\/\/shop.bantam.ch\/fr\/produit\/ensemble-de-bols-multi-usage-cirqula-ronds-3-pieces\/","og_site_name":"Bantam Wankm\u00fcller SA","article_modified_time":"2026-04-18T21:17:05+00:00","og_image":[{"width":1000,"height":816,"url":"https:\/\/shop.bantam.ch\/wp-content\/uploads\/2023\/02\/994412611.jpg","type":"image\/jpeg"}],"twitter_card":"summary_large_image","twitter_misc":{"Dur\u00e9e de lecture estim\u00e9e":"1 minute"},"schema":{"@context":"https:\/\/schema.org","@graph":[{"@type":"WebPage","@id":"https:\/\/shop.bantam.ch\/fr\/produit\/ensemble-de-bols-multi-usage-cirqula-ronds-3-pieces\/","url":"https:\/\/shop.bantam.ch\/fr\/produit\/ensemble-de-bols-multi-usage-cirqula-ronds-3-pieces\/","name":"Ensemble de bols multi-usage Cirqula ronds, 3 pi\u00e8ces - Bantam Wankm\u00fcller SA","isPartOf":{"@id":"https:\/\/shop.bantam.ch\/fr\/#website"},"primaryImageOfPage":{"@id":"https:\/\/shop.bantam.ch\/fr\/produit\/ensemble-de-bols-multi-usage-cirqula-ronds-3-pieces\/#primaryimage"},"image":{"@id":"https:\/\/shop.bantam.ch\/fr\/produit\/ensemble-de-bols-multi-usage-cirqula-ronds-3-pieces\/#primaryimage"},"thumbnailUrl":"https:\/\/shop.bantam.ch\/wp-content\/uploads\/2023\/02\/994412611.jpg","datePublished":"2023-02-28T19:52:14+00:00","dateModified":"2026-04-18T21:17:05+00:00","breadcrumb":{"@id":"https:\/\/shop.bantam.ch\/fr\/produit\/ensemble-de-bols-multi-usage-cirqula-ronds-3-pieces\/#breadcrumb"},"inLanguage":"fr-FR","potentialAction":[{"@type":"ReadAction","target":["https:\/\/shop.bantam.ch\/fr\/produit\/ensemble-de-bols-multi-usage-cirqula-ronds-3-pieces\/"]}]},{"@type":"ImageObject","inLanguage":"fr-FR","@id":"https:\/\/shop.bantam.ch\/fr\/produit\/ensemble-de-bols-multi-usage-cirqula-ronds-3-pieces\/#primaryimage","url":"https:\/\/shop.bantam.ch\/wp-content\/uploads\/2023\/02\/994412611.jpg","contentUrl":"https:\/\/shop.bantam.ch\/wp-content\/uploads\/2023\/02\/994412611.jpg","width":1000,"height":816},{"@type":"BreadcrumbList","@id":"https:\/\/shop.bantam.ch\/fr\/produit\/ensemble-de-bols-multi-usage-cirqula-ronds-3-pieces\/#breadcrumb","itemListElement":[{"@type":"ListItem","position":1,"name":"Accueil","item":"https:\/\/shop.bantam.ch\/fr\/"},{"@type":"ListItem","position":2,"name":"Boutique","item":"https:\/\/shop.bantam.ch\/fr\/boutique\/"},{"@type":"ListItem","position":3,"name":"Ensemble de bols multi-usage Cirqula ronds, 3 pi\u00e8ces"}]},{"@type":"WebSite","@id":"https:\/\/shop.bantam.ch\/fr\/#website","url":"https:\/\/shop.bantam.ch\/fr\/","name":"Bantam Wankm\u00fcller SA","description":"","publisher":{"@id":"https:\/\/shop.bantam.ch\/fr\/#organization"},"inLanguage":"fr-FR"},{"@type":"Organization","@id":"https:\/\/shop.bantam.ch\/fr\/#organization","name":"Bantam Wankm\u00fcller SA","url":"https:\/\/shop.bantam.ch\/fr\/","logo":{"@type":"ImageObject","inLanguage":"fr-FR","@id":"https:\/\/shop.bantam.ch\/fr\/#\/schema\/logo\/image\/","url":"https:\/\/shop.bantam.ch\/wp-content\/uploads\/2022\/12\/bantam-logo.png","contentUrl":"https:\/\/shop.bantam.ch\/wp-content\/uploads\/2022\/12\/bantam-logo.png","width":320,"height":71,"caption":"Bantam Wankm\u00fcller SA"},"image":{"@id":"https:\/\/shop.bantam.ch\/fr\/#\/schema\/logo\/image\/"}}]}},"_links":{"self":[{"href":"https:\/\/shop.bantam.ch\/fr\/wp-json\/wp\/v2\/product\/112211","targetHints":{"allow":["GET"]}}],"collection":[{"href":"https:\/\/shop.bantam.ch\/fr\/wp-json\/wp\/v2\/product"}],"about":[{"href":"https:\/\/shop.bantam.ch\/fr\/wp-json\/wp\/v2\/types\/product"}],"wp:featuredmedia":[{"embeddable":true,"href":"https:\/\/shop.bantam.ch\/fr\/wp-json\/wp\/v2\/media\/112205"}],"wp:attachment":[{"href":"https:\/\/shop.bantam.ch\/fr\/wp-json\/wp\/v2\/media?parent=112211"}],"wp:term":[{"taxonomy":"product_featured_cat","embeddable":true,"href":"https:\/\/shop.bantam.ch\/fr\/wp-json\/wp\/v2\/product_featured_cat?post=112211"},{"taxonomy":"product_brand","embeddable":true,"href":"https:\/\/shop.bantam.ch\/fr\/wp-json\/wp\/v2\/product_brand?post=112211"},{"taxonomy":"product_cat","embeddable":true,"href":"https:\/\/shop.bantam.ch\/fr\/wp-json\/wp\/v2\/product_cat?post=112211"},{"taxonomy":"product_tag","embeddable":true,"href":"https:\/\/shop.bantam.ch\/fr\/wp-json\/wp\/v2\/product_tag?post=112211"}],"curies":[{"name":"wp","href":"https:\/\/api.w.org\/{rel}","templated":true}]}}