{"id":112191,"date":"2023-02-28T20:51:51","date_gmt":"2023-02-28T19:51:51","guid":{"rendered":"https:\/\/shop.bantam.ch\/produit\/set-de-bols-multi-usage-cirqula-rectangulaires-3-pieces\/"},"modified":"2026-04-19T23:19:55","modified_gmt":"2026-04-19T21:19:55","slug":"set-de-bols-multi-usage-cirqula-rectangulaires-3-pieces","status":"publish","type":"product","link":"https:\/\/shop.bantam.ch\/fr\/produit\/set-de-bols-multi-usage-cirqula-rectangulaires-3-pieces\/","title":{"rendered":"Set de bols multi-usage Cirqula rectangulaires, 3\u00a0pi\u00e8ces"},"content":{"rendered":"<p>Avec ce set de bols multi-usage Cirqula de Mepal, vous disposez de v\u00e9ritables multitalent chez vous. Ce set de 3\u00a0pi\u00e8ces comprend des bols plats des tailles 500\u00a0ml, 1000\u00a0ml et 2000\u00a0ml. Les bols Cirqula sont utilisables pour conserver, congeler et r\u00e9chauffer des aliments au micro-ondes. Leur forme rectangulaire vous permet de conserver dans les bols Cirqula des plats au r\u00e9frig\u00e9rateur et au cong\u00e9lateur en optimisant l\u2019organisation de l\u2019espace. Les bols multi-usage Mepal Cirqula sont fabriqu\u00e9s dans un mat\u00e9riau incassable. Une petite fen\u00eatre dans le couvercle \u00e9tanche \u00e0 l\u2019air et aux ar\u00f4mes permet de voir le contenu. Vous pouvez ainsi toujours savoir ce que vous avez en stock. Apr\u00e8s utilisation, les bols multi-usage se lavent simplement en lave-vaisselle et se rangent embo\u00eet\u00e9s avec le couvercle pour \u00e9conomiser de la place. Pour encore davantage de place dans le r\u00e9frig\u00e9rateur\u00a0!<\/p>\n<p>Le couvercle ne va pas au micro-ondes.<\/p>\n","protected":false},"excerpt":{"rendered":"<p>Avec ce set de bols multi-usage Cirqula de Mepal, vous disposez de v\u00e9ritables multitalent chez vous. Ce set de 3\u00a0pi\u00e8ces comprend des bols plats des tailles 500\u00a0ml, 1000\u00a0ml et 2000\u00a0ml. Les bols Cirqula sont utilisables pour conserver, congeler et r\u00e9chauffer des aliments au micro-ondes. Leur forme rectangulaire vous permet de conserver dans les bols Cirqula [&hellip;]<\/p>\n","protected":false},"featured_media":112185,"template":"","meta":{"_acf_changed":false},"product_featured_cat":[],"product_brand":[3326],"product_cat":[4275],"product_tag":[],"class_list":{"0":"post-112191","1":"product","2":"type-product","3":"status-publish","4":"has-post-thumbnail","6":"product_brand-mepal","7":"product_cat-saladiers-et-bols","9":"first","10":"instock","11":"taxable","12":"shipping-taxable","13":"purchasable","14":"product-type-variable"},"acf":[],"yoast_head":"<!-- This site is optimized with the Yoast SEO plugin v27.4 - https:\/\/yoast.com\/product\/yoast-seo-wordpress\/ -->\n<title>Set de bols multi-usage Cirqula rectangulaires, 3\u00a0pi\u00e8ces - Bantam Wankm\u00fcller SA<\/title>\n<meta name=\"robots\" content=\"index, follow, max-snippet:-1, max-image-preview:large, max-video-preview:-1\" \/>\n<link rel=\"canonical\" href=\"https:\/\/shop.bantam.ch\/fr\/produit\/set-de-bols-multi-usage-cirqula-rectangulaires-3-pieces\/\" \/>\n<meta property=\"og:locale\" content=\"fr_FR\" \/>\n<meta property=\"og:type\" content=\"article\" \/>\n<meta property=\"og:title\" content=\"Set de bols multi-usage Cirqula rectangulaires, 3\u00a0pi\u00e8ces - Bantam Wankm\u00fcller SA\" \/>\n<meta property=\"og:description\" content=\"Avec ce set de bols multi-usage Cirqula de Mepal, vous disposez de v\u00e9ritables multitalent chez vous. Ce set de 3\u00a0pi\u00e8ces comprend des bols plats des tailles 500\u00a0ml, 1000\u00a0ml et 2000\u00a0ml. Les bols Cirqula sont utilisables pour conserver, congeler et r\u00e9chauffer des aliments au micro-ondes. Leur forme rectangulaire vous permet de conserver dans les bols Cirqula [&hellip;]\" \/>\n<meta property=\"og:url\" content=\"https:\/\/shop.bantam.ch\/fr\/produit\/set-de-bols-multi-usage-cirqula-rectangulaires-3-pieces\/\" \/>\n<meta property=\"og:site_name\" content=\"Bantam Wankm\u00fcller SA\" \/>\n<meta property=\"article:modified_time\" content=\"2026-04-19T21:19:55+00:00\" \/>\n<meta property=\"og:image\" content=\"https:\/\/shop.bantam.ch\/wp-content\/uploads\/2023\/02\/994412411.jpg\" \/>\n\t<meta property=\"og:image:width\" content=\"1000\" \/>\n\t<meta property=\"og:image:height\" content=\"667\" \/>\n\t<meta property=\"og:image:type\" content=\"image\/jpeg\" \/>\n<meta name=\"twitter:card\" content=\"summary_large_image\" \/>\n<meta name=\"twitter:label1\" content=\"Dur\u00e9e de lecture estim\u00e9e\" \/>\n\t<meta name=\"twitter:data1\" content=\"1 minute\" \/>\n<script type=\"application\/ld+json\" class=\"yoast-schema-graph\">{\"@context\":\"https:\\\/\\\/schema.org\",\"@graph\":[{\"@type\":\"WebPage\",\"@id\":\"https:\\\/\\\/shop.bantam.ch\\\/fr\\\/produit\\\/set-de-bols-multi-usage-cirqula-rectangulaires-3-pieces\\\/\",\"url\":\"https:\\\/\\\/shop.bantam.ch\\\/fr\\\/produit\\\/set-de-bols-multi-usage-cirqula-rectangulaires-3-pieces\\\/\",\"name\":\"Set de bols multi-usage Cirqula rectangulaires, 3\u00a0pi\u00e8ces - Bantam Wankm\u00fcller SA\",\"isPartOf\":{\"@id\":\"https:\\\/\\\/shop.bantam.ch\\\/fr\\\/#website\"},\"primaryImageOfPage\":{\"@id\":\"https:\\\/\\\/shop.bantam.ch\\\/fr\\\/produit\\\/set-de-bols-multi-usage-cirqula-rectangulaires-3-pieces\\\/#primaryimage\"},\"image\":{\"@id\":\"https:\\\/\\\/shop.bantam.ch\\\/fr\\\/produit\\\/set-de-bols-multi-usage-cirqula-rectangulaires-3-pieces\\\/#primaryimage\"},\"thumbnailUrl\":\"https:\\\/\\\/shop.bantam.ch\\\/wp-content\\\/uploads\\\/2023\\\/02\\\/994412411.jpg\",\"datePublished\":\"2023-02-28T19:51:51+00:00\",\"dateModified\":\"2026-04-19T21:19:55+00:00\",\"breadcrumb\":{\"@id\":\"https:\\\/\\\/shop.bantam.ch\\\/fr\\\/produit\\\/set-de-bols-multi-usage-cirqula-rectangulaires-3-pieces\\\/#breadcrumb\"},\"inLanguage\":\"fr-FR\",\"potentialAction\":[{\"@type\":\"ReadAction\",\"target\":[\"https:\\\/\\\/shop.bantam.ch\\\/fr\\\/produit\\\/set-de-bols-multi-usage-cirqula-rectangulaires-3-pieces\\\/\"]}]},{\"@type\":\"ImageObject\",\"inLanguage\":\"fr-FR\",\"@id\":\"https:\\\/\\\/shop.bantam.ch\\\/fr\\\/produit\\\/set-de-bols-multi-usage-cirqula-rectangulaires-3-pieces\\\/#primaryimage\",\"url\":\"https:\\\/\\\/shop.bantam.ch\\\/wp-content\\\/uploads\\\/2023\\\/02\\\/994412411.jpg\",\"contentUrl\":\"https:\\\/\\\/shop.bantam.ch\\\/wp-content\\\/uploads\\\/2023\\\/02\\\/994412411.jpg\",\"width\":1000,\"height\":667},{\"@type\":\"BreadcrumbList\",\"@id\":\"https:\\\/\\\/shop.bantam.ch\\\/fr\\\/produit\\\/set-de-bols-multi-usage-cirqula-rectangulaires-3-pieces\\\/#breadcrumb\",\"itemListElement\":[{\"@type\":\"ListItem\",\"position\":1,\"name\":\"Accueil\",\"item\":\"https:\\\/\\\/shop.bantam.ch\\\/fr\\\/\"},{\"@type\":\"ListItem\",\"position\":2,\"name\":\"Boutique\",\"item\":\"https:\\\/\\\/shop.bantam.ch\\\/fr\\\/boutique\\\/\"},{\"@type\":\"ListItem\",\"position\":3,\"name\":\"Set de bols multi-usage Cirqula rectangulaires, 3\u00a0pi\u00e8ces\"}]},{\"@type\":\"WebSite\",\"@id\":\"https:\\\/\\\/shop.bantam.ch\\\/fr\\\/#website\",\"url\":\"https:\\\/\\\/shop.bantam.ch\\\/fr\\\/\",\"name\":\"Bantam Wankm\u00fcller SA\",\"description\":\"\",\"publisher\":{\"@id\":\"https:\\\/\\\/shop.bantam.ch\\\/fr\\\/#organization\"},\"inLanguage\":\"fr-FR\"},{\"@type\":\"Organization\",\"@id\":\"https:\\\/\\\/shop.bantam.ch\\\/fr\\\/#organization\",\"name\":\"Bantam Wankm\u00fcller SA\",\"url\":\"https:\\\/\\\/shop.bantam.ch\\\/fr\\\/\",\"logo\":{\"@type\":\"ImageObject\",\"inLanguage\":\"fr-FR\",\"@id\":\"https:\\\/\\\/shop.bantam.ch\\\/fr\\\/#\\\/schema\\\/logo\\\/image\\\/\",\"url\":\"https:\\\/\\\/shop.bantam.ch\\\/wp-content\\\/uploads\\\/2022\\\/12\\\/bantam-logo.png\",\"contentUrl\":\"https:\\\/\\\/shop.bantam.ch\\\/wp-content\\\/uploads\\\/2022\\\/12\\\/bantam-logo.png\",\"width\":320,\"height\":71,\"caption\":\"Bantam Wankm\u00fcller SA\"},\"image\":{\"@id\":\"https:\\\/\\\/shop.bantam.ch\\\/fr\\\/#\\\/schema\\\/logo\\\/image\\\/\"}}]}<\/script>\n<!-- \/ Yoast SEO plugin. -->","yoast_head_json":{"title":"Set de bols multi-usage Cirqula rectangulaires, 3\u00a0pi\u00e8ces - Bantam Wankm\u00fcller SA","robots":{"index":"index","follow":"follow","max-snippet":"max-snippet:-1","max-image-preview":"max-image-preview:large","max-video-preview":"max-video-preview:-1"},"canonical":"https:\/\/shop.bantam.ch\/fr\/produit\/set-de-bols-multi-usage-cirqula-rectangulaires-3-pieces\/","og_locale":"fr_FR","og_type":"article","og_title":"Set de bols multi-usage Cirqula rectangulaires, 3\u00a0pi\u00e8ces - Bantam Wankm\u00fcller SA","og_description":"Avec ce set de bols multi-usage Cirqula de Mepal, vous disposez de v\u00e9ritables multitalent chez vous. Ce set de 3\u00a0pi\u00e8ces comprend des bols plats des tailles 500\u00a0ml, 1000\u00a0ml et 2000\u00a0ml. Les bols Cirqula sont utilisables pour conserver, congeler et r\u00e9chauffer des aliments au micro-ondes. Leur forme rectangulaire vous permet de conserver dans les bols Cirqula [&hellip;]","og_url":"https:\/\/shop.bantam.ch\/fr\/produit\/set-de-bols-multi-usage-cirqula-rectangulaires-3-pieces\/","og_site_name":"Bantam Wankm\u00fcller SA","article_modified_time":"2026-04-19T21:19:55+00:00","og_image":[{"width":1000,"height":667,"url":"https:\/\/shop.bantam.ch\/wp-content\/uploads\/2023\/02\/994412411.jpg","type":"image\/jpeg"}],"twitter_card":"summary_large_image","twitter_misc":{"Dur\u00e9e de lecture estim\u00e9e":"1 minute"},"schema":{"@context":"https:\/\/schema.org","@graph":[{"@type":"WebPage","@id":"https:\/\/shop.bantam.ch\/fr\/produit\/set-de-bols-multi-usage-cirqula-rectangulaires-3-pieces\/","url":"https:\/\/shop.bantam.ch\/fr\/produit\/set-de-bols-multi-usage-cirqula-rectangulaires-3-pieces\/","name":"Set de bols multi-usage Cirqula rectangulaires, 3\u00a0pi\u00e8ces - Bantam Wankm\u00fcller SA","isPartOf":{"@id":"https:\/\/shop.bantam.ch\/fr\/#website"},"primaryImageOfPage":{"@id":"https:\/\/shop.bantam.ch\/fr\/produit\/set-de-bols-multi-usage-cirqula-rectangulaires-3-pieces\/#primaryimage"},"image":{"@id":"https:\/\/shop.bantam.ch\/fr\/produit\/set-de-bols-multi-usage-cirqula-rectangulaires-3-pieces\/#primaryimage"},"thumbnailUrl":"https:\/\/shop.bantam.ch\/wp-content\/uploads\/2023\/02\/994412411.jpg","datePublished":"2023-02-28T19:51:51+00:00","dateModified":"2026-04-19T21:19:55+00:00","breadcrumb":{"@id":"https:\/\/shop.bantam.ch\/fr\/produit\/set-de-bols-multi-usage-cirqula-rectangulaires-3-pieces\/#breadcrumb"},"inLanguage":"fr-FR","potentialAction":[{"@type":"ReadAction","target":["https:\/\/shop.bantam.ch\/fr\/produit\/set-de-bols-multi-usage-cirqula-rectangulaires-3-pieces\/"]}]},{"@type":"ImageObject","inLanguage":"fr-FR","@id":"https:\/\/shop.bantam.ch\/fr\/produit\/set-de-bols-multi-usage-cirqula-rectangulaires-3-pieces\/#primaryimage","url":"https:\/\/shop.bantam.ch\/wp-content\/uploads\/2023\/02\/994412411.jpg","contentUrl":"https:\/\/shop.bantam.ch\/wp-content\/uploads\/2023\/02\/994412411.jpg","width":1000,"height":667},{"@type":"BreadcrumbList","@id":"https:\/\/shop.bantam.ch\/fr\/produit\/set-de-bols-multi-usage-cirqula-rectangulaires-3-pieces\/#breadcrumb","itemListElement":[{"@type":"ListItem","position":1,"name":"Accueil","item":"https:\/\/shop.bantam.ch\/fr\/"},{"@type":"ListItem","position":2,"name":"Boutique","item":"https:\/\/shop.bantam.ch\/fr\/boutique\/"},{"@type":"ListItem","position":3,"name":"Set de bols multi-usage Cirqula rectangulaires, 3\u00a0pi\u00e8ces"}]},{"@type":"WebSite","@id":"https:\/\/shop.bantam.ch\/fr\/#website","url":"https:\/\/shop.bantam.ch\/fr\/","name":"Bantam Wankm\u00fcller SA","description":"","publisher":{"@id":"https:\/\/shop.bantam.ch\/fr\/#organization"},"inLanguage":"fr-FR"},{"@type":"Organization","@id":"https:\/\/shop.bantam.ch\/fr\/#organization","name":"Bantam Wankm\u00fcller SA","url":"https:\/\/shop.bantam.ch\/fr\/","logo":{"@type":"ImageObject","inLanguage":"fr-FR","@id":"https:\/\/shop.bantam.ch\/fr\/#\/schema\/logo\/image\/","url":"https:\/\/shop.bantam.ch\/wp-content\/uploads\/2022\/12\/bantam-logo.png","contentUrl":"https:\/\/shop.bantam.ch\/wp-content\/uploads\/2022\/12\/bantam-logo.png","width":320,"height":71,"caption":"Bantam Wankm\u00fcller SA"},"image":{"@id":"https:\/\/shop.bantam.ch\/fr\/#\/schema\/logo\/image\/"}}]}},"_links":{"self":[{"href":"https:\/\/shop.bantam.ch\/fr\/wp-json\/wp\/v2\/product\/112191","targetHints":{"allow":["GET"]}}],"collection":[{"href":"https:\/\/shop.bantam.ch\/fr\/wp-json\/wp\/v2\/product"}],"about":[{"href":"https:\/\/shop.bantam.ch\/fr\/wp-json\/wp\/v2\/types\/product"}],"wp:featuredmedia":[{"embeddable":true,"href":"https:\/\/shop.bantam.ch\/fr\/wp-json\/wp\/v2\/media\/112185"}],"wp:attachment":[{"href":"https:\/\/shop.bantam.ch\/fr\/wp-json\/wp\/v2\/media?parent=112191"}],"wp:term":[{"taxonomy":"product_featured_cat","embeddable":true,"href":"https:\/\/shop.bantam.ch\/fr\/wp-json\/wp\/v2\/product_featured_cat?post=112191"},{"taxonomy":"product_brand","embeddable":true,"href":"https:\/\/shop.bantam.ch\/fr\/wp-json\/wp\/v2\/product_brand?post=112191"},{"taxonomy":"product_cat","embeddable":true,"href":"https:\/\/shop.bantam.ch\/fr\/wp-json\/wp\/v2\/product_cat?post=112191"},{"taxonomy":"product_tag","embeddable":true,"href":"https:\/\/shop.bantam.ch\/fr\/wp-json\/wp\/v2\/product_tag?post=112191"}],"curies":[{"name":"wp","href":"https:\/\/api.w.org\/{rel}","templated":true}]}}