{"id":112171,"date":"2023-02-28T20:51:34","date_gmt":"2023-02-28T19:51:34","guid":{"rendered":"https:\/\/shop.bantam.ch\/produit\/lunch-box-campus-animal-friends\/"},"modified":"2026-04-20T21:42:56","modified_gmt":"2026-04-20T19:42:56","slug":"lunch-box-campus-animal-friends","status":"publish","type":"product","link":"https:\/\/shop.bantam.ch\/fr\/produit\/lunch-box-campus-animal-friends\/","title":{"rendered":"Bo\u00eete \u00e0 go\u00fbter MEPAL campus animal friends"},"content":{"rendered":"<p>La bo\u00eete \u00e0 encas avec insert amovible Bento offre encore plus de vari\u00e9t\u00e9 pour les petits en-cas pendant les pauses. Les possibilit\u00e9s de repas savoureux sont donc pratiquement illimit\u00e9es. N\u2019as-tu pas envie d&rsquo;un peu de pain frais et de bons fruits croquants ? Ou pr\u00e9parer un savoureux en-cas? En ajoutant des cubes de fromage, des morceaux de saucisses, des noix ou des fruits secs ? Ajoutez des aliments selon vos envies et gardez-les bien s\u00e9par\u00e9s les uns des autres, gr\u00e2ce \u00e0 l&rsquo;insert Bento qui divise l&rsquo;int\u00e9rieur de la bo\u00eete en diff\u00e9rents compartiments.  Une bo\u00eete qui garde parfaitement le go\u00fbt et la fra\u00eecheur des aliments ! Ou peut-\u00eatre souhaitez-vous ajouter quatre morceaux de pain pour une formule plus classique ? Pas de probl\u00e8me, car l&rsquo;insert flexible Bento se retire facilement et la bo\u00eete peut \u00eatre remplie comme d\u2019habitude.<\/p>\n","protected":false},"excerpt":{"rendered":"<p>La bo\u00eete \u00e0 encas avec insert amovible Bento offre encore plus de vari\u00e9t\u00e9 pour les petits en-cas pendant les pauses. Les possibilit\u00e9s de repas savoureux sont donc pratiquement illimit\u00e9es. N\u2019as-tu pas envie d&rsquo;un peu de pain frais et de bons fruits croquants ? Ou pr\u00e9parer un savoureux en-cas? En ajoutant des cubes de fromage, des [&hellip;]<\/p>\n","protected":false},"featured_media":112167,"template":"","meta":{"_acf_changed":false},"product_featured_cat":[],"product_brand":[3326],"product_cat":[4331],"product_tag":[],"class_list":{"0":"post-112171","1":"product","2":"type-product","3":"status-publish","4":"has-post-thumbnail","6":"product_brand-mepal","7":"product_cat-boites-a-provisions-et-a-produits-frais","9":"first","10":"instock","11":"taxable","12":"shipping-taxable","13":"purchasable","14":"product-type-simple"},"acf":[],"yoast_head":"<!-- This site is optimized with the Yoast SEO plugin v27.4 - https:\/\/yoast.com\/product\/yoast-seo-wordpress\/ -->\n<title>Bo\u00eete \u00e0 go\u00fbter MEPAL campus animal friends - Bantam Wankm\u00fcller SA<\/title>\n<meta name=\"robots\" content=\"index, follow, max-snippet:-1, max-image-preview:large, max-video-preview:-1\" \/>\n<link rel=\"canonical\" href=\"https:\/\/shop.bantam.ch\/fr\/produit\/lunch-box-campus-animal-friends\/\" \/>\n<meta property=\"og:locale\" content=\"fr_FR\" \/>\n<meta property=\"og:type\" content=\"article\" \/>\n<meta property=\"og:title\" content=\"Bo\u00eete \u00e0 go\u00fbter MEPAL campus animal friends - Bantam Wankm\u00fcller SA\" \/>\n<meta property=\"og:description\" content=\"La bo\u00eete \u00e0 encas avec insert amovible Bento offre encore plus de vari\u00e9t\u00e9 pour les petits en-cas pendant les pauses. Les possibilit\u00e9s de repas savoureux sont donc pratiquement illimit\u00e9es. N\u2019as-tu pas envie d&rsquo;un peu de pain frais et de bons fruits croquants ? Ou pr\u00e9parer un savoureux en-cas? En ajoutant des cubes de fromage, des [&hellip;]\" \/>\n<meta property=\"og:url\" content=\"https:\/\/shop.bantam.ch\/fr\/produit\/lunch-box-campus-animal-friends\/\" \/>\n<meta property=\"og:site_name\" content=\"Bantam Wankm\u00fcller SA\" \/>\n<meta property=\"article:modified_time\" content=\"2026-04-20T19:42:56+00:00\" \/>\n<meta property=\"og:image\" content=\"https:\/\/shop.bantam.ch\/wp-content\/uploads\/2023\/02\/994411811.jpg\" \/>\n\t<meta property=\"og:image:width\" content=\"1000\" \/>\n\t<meta property=\"og:image:height\" content=\"667\" \/>\n\t<meta property=\"og:image:type\" content=\"image\/jpeg\" \/>\n<meta name=\"twitter:card\" content=\"summary_large_image\" \/>\n<meta name=\"twitter:label1\" content=\"Dur\u00e9e de lecture estim\u00e9e\" \/>\n\t<meta name=\"twitter:data1\" content=\"1 minute\" \/>\n<script type=\"application\/ld+json\" class=\"yoast-schema-graph\">{\"@context\":\"https:\\\/\\\/schema.org\",\"@graph\":[{\"@type\":\"WebPage\",\"@id\":\"https:\\\/\\\/shop.bantam.ch\\\/fr\\\/produit\\\/lunch-box-campus-animal-friends\\\/\",\"url\":\"https:\\\/\\\/shop.bantam.ch\\\/fr\\\/produit\\\/lunch-box-campus-animal-friends\\\/\",\"name\":\"Bo\u00eete \u00e0 go\u00fbter MEPAL campus animal friends - Bantam Wankm\u00fcller SA\",\"isPartOf\":{\"@id\":\"https:\\\/\\\/shop.bantam.ch\\\/fr\\\/#website\"},\"primaryImageOfPage\":{\"@id\":\"https:\\\/\\\/shop.bantam.ch\\\/fr\\\/produit\\\/lunch-box-campus-animal-friends\\\/#primaryimage\"},\"image\":{\"@id\":\"https:\\\/\\\/shop.bantam.ch\\\/fr\\\/produit\\\/lunch-box-campus-animal-friends\\\/#primaryimage\"},\"thumbnailUrl\":\"https:\\\/\\\/shop.bantam.ch\\\/wp-content\\\/uploads\\\/2023\\\/02\\\/994411811.jpg\",\"datePublished\":\"2023-02-28T19:51:34+00:00\",\"dateModified\":\"2026-04-20T19:42:56+00:00\",\"breadcrumb\":{\"@id\":\"https:\\\/\\\/shop.bantam.ch\\\/fr\\\/produit\\\/lunch-box-campus-animal-friends\\\/#breadcrumb\"},\"inLanguage\":\"fr-FR\",\"potentialAction\":[{\"@type\":\"ReadAction\",\"target\":[\"https:\\\/\\\/shop.bantam.ch\\\/fr\\\/produit\\\/lunch-box-campus-animal-friends\\\/\"]}]},{\"@type\":\"ImageObject\",\"inLanguage\":\"fr-FR\",\"@id\":\"https:\\\/\\\/shop.bantam.ch\\\/fr\\\/produit\\\/lunch-box-campus-animal-friends\\\/#primaryimage\",\"url\":\"https:\\\/\\\/shop.bantam.ch\\\/wp-content\\\/uploads\\\/2023\\\/02\\\/994411811.jpg\",\"contentUrl\":\"https:\\\/\\\/shop.bantam.ch\\\/wp-content\\\/uploads\\\/2023\\\/02\\\/994411811.jpg\",\"width\":1000,\"height\":667},{\"@type\":\"BreadcrumbList\",\"@id\":\"https:\\\/\\\/shop.bantam.ch\\\/fr\\\/produit\\\/lunch-box-campus-animal-friends\\\/#breadcrumb\",\"itemListElement\":[{\"@type\":\"ListItem\",\"position\":1,\"name\":\"Accueil\",\"item\":\"https:\\\/\\\/shop.bantam.ch\\\/fr\\\/\"},{\"@type\":\"ListItem\",\"position\":2,\"name\":\"Boutique\",\"item\":\"https:\\\/\\\/shop.bantam.ch\\\/fr\\\/boutique\\\/\"},{\"@type\":\"ListItem\",\"position\":3,\"name\":\"Bo\u00eete \u00e0 go\u00fbter MEPAL campus animal friends\"}]},{\"@type\":\"WebSite\",\"@id\":\"https:\\\/\\\/shop.bantam.ch\\\/fr\\\/#website\",\"url\":\"https:\\\/\\\/shop.bantam.ch\\\/fr\\\/\",\"name\":\"Bantam Wankm\u00fcller SA\",\"description\":\"\",\"publisher\":{\"@id\":\"https:\\\/\\\/shop.bantam.ch\\\/fr\\\/#organization\"},\"inLanguage\":\"fr-FR\"},{\"@type\":\"Organization\",\"@id\":\"https:\\\/\\\/shop.bantam.ch\\\/fr\\\/#organization\",\"name\":\"Bantam Wankm\u00fcller SA\",\"url\":\"https:\\\/\\\/shop.bantam.ch\\\/fr\\\/\",\"logo\":{\"@type\":\"ImageObject\",\"inLanguage\":\"fr-FR\",\"@id\":\"https:\\\/\\\/shop.bantam.ch\\\/fr\\\/#\\\/schema\\\/logo\\\/image\\\/\",\"url\":\"https:\\\/\\\/shop.bantam.ch\\\/wp-content\\\/uploads\\\/2022\\\/12\\\/bantam-logo.png\",\"contentUrl\":\"https:\\\/\\\/shop.bantam.ch\\\/wp-content\\\/uploads\\\/2022\\\/12\\\/bantam-logo.png\",\"width\":320,\"height\":71,\"caption\":\"Bantam Wankm\u00fcller SA\"},\"image\":{\"@id\":\"https:\\\/\\\/shop.bantam.ch\\\/fr\\\/#\\\/schema\\\/logo\\\/image\\\/\"}}]}<\/script>\n<!-- \/ Yoast SEO plugin. -->","yoast_head_json":{"title":"Bo\u00eete \u00e0 go\u00fbter MEPAL campus animal friends - Bantam Wankm\u00fcller SA","robots":{"index":"index","follow":"follow","max-snippet":"max-snippet:-1","max-image-preview":"max-image-preview:large","max-video-preview":"max-video-preview:-1"},"canonical":"https:\/\/shop.bantam.ch\/fr\/produit\/lunch-box-campus-animal-friends\/","og_locale":"fr_FR","og_type":"article","og_title":"Bo\u00eete \u00e0 go\u00fbter MEPAL campus animal friends - Bantam Wankm\u00fcller SA","og_description":"La bo\u00eete \u00e0 encas avec insert amovible Bento offre encore plus de vari\u00e9t\u00e9 pour les petits en-cas pendant les pauses. Les possibilit\u00e9s de repas savoureux sont donc pratiquement illimit\u00e9es. N\u2019as-tu pas envie d&rsquo;un peu de pain frais et de bons fruits croquants ? Ou pr\u00e9parer un savoureux en-cas? En ajoutant des cubes de fromage, des [&hellip;]","og_url":"https:\/\/shop.bantam.ch\/fr\/produit\/lunch-box-campus-animal-friends\/","og_site_name":"Bantam Wankm\u00fcller SA","article_modified_time":"2026-04-20T19:42:56+00:00","og_image":[{"width":1000,"height":667,"url":"https:\/\/shop.bantam.ch\/wp-content\/uploads\/2023\/02\/994411811.jpg","type":"image\/jpeg"}],"twitter_card":"summary_large_image","twitter_misc":{"Dur\u00e9e de lecture estim\u00e9e":"1 minute"},"schema":{"@context":"https:\/\/schema.org","@graph":[{"@type":"WebPage","@id":"https:\/\/shop.bantam.ch\/fr\/produit\/lunch-box-campus-animal-friends\/","url":"https:\/\/shop.bantam.ch\/fr\/produit\/lunch-box-campus-animal-friends\/","name":"Bo\u00eete \u00e0 go\u00fbter MEPAL campus animal friends - Bantam Wankm\u00fcller SA","isPartOf":{"@id":"https:\/\/shop.bantam.ch\/fr\/#website"},"primaryImageOfPage":{"@id":"https:\/\/shop.bantam.ch\/fr\/produit\/lunch-box-campus-animal-friends\/#primaryimage"},"image":{"@id":"https:\/\/shop.bantam.ch\/fr\/produit\/lunch-box-campus-animal-friends\/#primaryimage"},"thumbnailUrl":"https:\/\/shop.bantam.ch\/wp-content\/uploads\/2023\/02\/994411811.jpg","datePublished":"2023-02-28T19:51:34+00:00","dateModified":"2026-04-20T19:42:56+00:00","breadcrumb":{"@id":"https:\/\/shop.bantam.ch\/fr\/produit\/lunch-box-campus-animal-friends\/#breadcrumb"},"inLanguage":"fr-FR","potentialAction":[{"@type":"ReadAction","target":["https:\/\/shop.bantam.ch\/fr\/produit\/lunch-box-campus-animal-friends\/"]}]},{"@type":"ImageObject","inLanguage":"fr-FR","@id":"https:\/\/shop.bantam.ch\/fr\/produit\/lunch-box-campus-animal-friends\/#primaryimage","url":"https:\/\/shop.bantam.ch\/wp-content\/uploads\/2023\/02\/994411811.jpg","contentUrl":"https:\/\/shop.bantam.ch\/wp-content\/uploads\/2023\/02\/994411811.jpg","width":1000,"height":667},{"@type":"BreadcrumbList","@id":"https:\/\/shop.bantam.ch\/fr\/produit\/lunch-box-campus-animal-friends\/#breadcrumb","itemListElement":[{"@type":"ListItem","position":1,"name":"Accueil","item":"https:\/\/shop.bantam.ch\/fr\/"},{"@type":"ListItem","position":2,"name":"Boutique","item":"https:\/\/shop.bantam.ch\/fr\/boutique\/"},{"@type":"ListItem","position":3,"name":"Bo\u00eete \u00e0 go\u00fbter MEPAL campus animal friends"}]},{"@type":"WebSite","@id":"https:\/\/shop.bantam.ch\/fr\/#website","url":"https:\/\/shop.bantam.ch\/fr\/","name":"Bantam Wankm\u00fcller SA","description":"","publisher":{"@id":"https:\/\/shop.bantam.ch\/fr\/#organization"},"inLanguage":"fr-FR"},{"@type":"Organization","@id":"https:\/\/shop.bantam.ch\/fr\/#organization","name":"Bantam Wankm\u00fcller SA","url":"https:\/\/shop.bantam.ch\/fr\/","logo":{"@type":"ImageObject","inLanguage":"fr-FR","@id":"https:\/\/shop.bantam.ch\/fr\/#\/schema\/logo\/image\/","url":"https:\/\/shop.bantam.ch\/wp-content\/uploads\/2022\/12\/bantam-logo.png","contentUrl":"https:\/\/shop.bantam.ch\/wp-content\/uploads\/2022\/12\/bantam-logo.png","width":320,"height":71,"caption":"Bantam Wankm\u00fcller SA"},"image":{"@id":"https:\/\/shop.bantam.ch\/fr\/#\/schema\/logo\/image\/"}}]}},"_links":{"self":[{"href":"https:\/\/shop.bantam.ch\/fr\/wp-json\/wp\/v2\/product\/112171","targetHints":{"allow":["GET"]}}],"collection":[{"href":"https:\/\/shop.bantam.ch\/fr\/wp-json\/wp\/v2\/product"}],"about":[{"href":"https:\/\/shop.bantam.ch\/fr\/wp-json\/wp\/v2\/types\/product"}],"wp:featuredmedia":[{"embeddable":true,"href":"https:\/\/shop.bantam.ch\/fr\/wp-json\/wp\/v2\/media\/112167"}],"wp:attachment":[{"href":"https:\/\/shop.bantam.ch\/fr\/wp-json\/wp\/v2\/media?parent=112171"}],"wp:term":[{"taxonomy":"product_featured_cat","embeddable":true,"href":"https:\/\/shop.bantam.ch\/fr\/wp-json\/wp\/v2\/product_featured_cat?post=112171"},{"taxonomy":"product_brand","embeddable":true,"href":"https:\/\/shop.bantam.ch\/fr\/wp-json\/wp\/v2\/product_brand?post=112171"},{"taxonomy":"product_cat","embeddable":true,"href":"https:\/\/shop.bantam.ch\/fr\/wp-json\/wp\/v2\/product_cat?post=112171"},{"taxonomy":"product_tag","embeddable":true,"href":"https:\/\/shop.bantam.ch\/fr\/wp-json\/wp\/v2\/product_tag?post=112171"}],"curies":[{"name":"wp","href":"https:\/\/api.w.org\/{rel}","templated":true}]}}