{"id":112165,"date":"2023-02-28T20:51:28","date_gmt":"2023-02-28T19:51:28","guid":{"rendered":"https:\/\/shop.bantam.ch\/produit\/thermos-flip-up-campus-350-ml-animal-friends\/"},"modified":"2026-04-20T21:42:55","modified_gmt":"2026-04-20T19:42:55","slug":"thermos-flip-up-campus-350-ml-animal-friends","status":"publish","type":"product","link":"https:\/\/shop.bantam.ch\/fr\/produit\/thermos-flip-up-campus-350-ml-animal-friends\/","title":{"rendered":"Bouteille iso MEPAL flip-up campus 350 ml animal friends"},"content":{"rendered":"<p>Des pauses fra\u00eecheur dans la cour d&rsquo;\u00e9cole avec cette gourde thermos fermable tendance motif Animal Friends. La gourde isotherme permet \u00e0 votre enfant d\u2019avoir des boissons fra\u00eeches tout au long de la journ\u00e9e. La gourde est \u00e9quip\u00e9e d&rsquo;un syst\u00e8me d&rsquo;ouverture rabattable pratique qui est facilement manipulable par les jeunes enfants. Il suffit de le rabattre vers le haut pour boire. Le bec verseur est reli\u00e9 \u00e0 une paille, qui peut \u00e9galement \u00eatre retir\u00e9e si besoin &#8211; la gourde doit alors \u00eatre inclin\u00e9e comme d&rsquo;habitude pour boire. La gourde est \u00e9galement con\u00e7ue anti-fuites, vous pouvez donc la ranger dans votre sac d&rsquo;\u00e9cole sans probl\u00e8me. La sangle de transport pratique peut \u00e9galement \u00eatre utilis\u00e9e pour la transporter. La gourde flip-up peut \u00eatre remplie d&rsquo;eau fra\u00eeche (p\u00e9tillante ou non), de boissons p\u00e9tillantes ou d\u2019infusions chaudes. Une astuce pour une utilisation avec de l&rsquo;eau p\u00e9tillante :  ne jamais remplir la bouteille \u00e0 ras bord. Et bien s\u00fbr :  la gourde est non seulement sans BPA, mais elle est \u00e9galement facile \u00e0 nettoyer.<\/p>\n","protected":false},"excerpt":{"rendered":"<p>Des pauses fra\u00eecheur dans la cour d&rsquo;\u00e9cole avec cette gourde thermos fermable tendance motif Animal Friends. La gourde isotherme permet \u00e0 votre enfant d\u2019avoir des boissons fra\u00eeches tout au long de la journ\u00e9e. La gourde est \u00e9quip\u00e9e d&rsquo;un syst\u00e8me d&rsquo;ouverture rabattable pratique qui est facilement manipulable par les jeunes enfants. Il suffit de le rabattre [&hellip;]<\/p>\n","protected":false},"featured_media":112163,"template":"","meta":{"_acf_changed":false},"product_featured_cat":[],"product_brand":[3326],"product_cat":[4327],"product_tag":[],"class_list":{"0":"post-112165","1":"product","2":"type-product","3":"status-publish","4":"has-post-thumbnail","6":"product_brand-mepal","7":"product_cat-bouteilles-isothermes-et-gobelets","9":"first","10":"instock","11":"taxable","12":"shipping-taxable","13":"purchasable","14":"product-type-simple"},"acf":[],"yoast_head":"<!-- This site is optimized with the Yoast SEO plugin v27.4 - https:\/\/yoast.com\/product\/yoast-seo-wordpress\/ -->\n<title>Bouteille iso MEPAL flip-up campus 350 ml animal friends - Bantam Wankm\u00fcller SA<\/title>\n<meta name=\"robots\" content=\"index, follow, max-snippet:-1, max-image-preview:large, max-video-preview:-1\" \/>\n<link rel=\"canonical\" href=\"https:\/\/shop.bantam.ch\/fr\/produit\/thermos-flip-up-campus-350-ml-animal-friends\/\" \/>\n<meta property=\"og:locale\" content=\"fr_FR\" \/>\n<meta property=\"og:type\" content=\"article\" \/>\n<meta property=\"og:title\" content=\"Bouteille iso MEPAL flip-up campus 350 ml animal friends - Bantam Wankm\u00fcller SA\" \/>\n<meta property=\"og:description\" content=\"Des pauses fra\u00eecheur dans la cour d&rsquo;\u00e9cole avec cette gourde thermos fermable tendance motif Animal Friends. La gourde isotherme permet \u00e0 votre enfant d\u2019avoir des boissons fra\u00eeches tout au long de la journ\u00e9e. La gourde est \u00e9quip\u00e9e d&rsquo;un syst\u00e8me d&rsquo;ouverture rabattable pratique qui est facilement manipulable par les jeunes enfants. Il suffit de le rabattre [&hellip;]\" \/>\n<meta property=\"og:url\" content=\"https:\/\/shop.bantam.ch\/fr\/produit\/thermos-flip-up-campus-350-ml-animal-friends\/\" \/>\n<meta property=\"og:site_name\" content=\"Bantam Wankm\u00fcller SA\" \/>\n<meta property=\"article:modified_time\" content=\"2026-04-20T19:42:55+00:00\" \/>\n<meta property=\"og:image\" content=\"https:\/\/shop.bantam.ch\/wp-content\/uploads\/2023\/02\/994411711.jpg\" \/>\n\t<meta property=\"og:image:width\" content=\"1000\" \/>\n\t<meta property=\"og:image:height\" content=\"667\" \/>\n\t<meta property=\"og:image:type\" content=\"image\/jpeg\" \/>\n<meta name=\"twitter:card\" content=\"summary_large_image\" \/>\n<meta name=\"twitter:label1\" content=\"Dur\u00e9e de lecture estim\u00e9e\" \/>\n\t<meta name=\"twitter:data1\" content=\"1 minute\" \/>\n<script type=\"application\/ld+json\" class=\"yoast-schema-graph\">{\"@context\":\"https:\\\/\\\/schema.org\",\"@graph\":[{\"@type\":\"WebPage\",\"@id\":\"https:\\\/\\\/shop.bantam.ch\\\/fr\\\/produit\\\/thermos-flip-up-campus-350-ml-animal-friends\\\/\",\"url\":\"https:\\\/\\\/shop.bantam.ch\\\/fr\\\/produit\\\/thermos-flip-up-campus-350-ml-animal-friends\\\/\",\"name\":\"Bouteille iso MEPAL flip-up campus 350 ml animal friends - Bantam Wankm\u00fcller SA\",\"isPartOf\":{\"@id\":\"https:\\\/\\\/shop.bantam.ch\\\/fr\\\/#website\"},\"primaryImageOfPage\":{\"@id\":\"https:\\\/\\\/shop.bantam.ch\\\/fr\\\/produit\\\/thermos-flip-up-campus-350-ml-animal-friends\\\/#primaryimage\"},\"image\":{\"@id\":\"https:\\\/\\\/shop.bantam.ch\\\/fr\\\/produit\\\/thermos-flip-up-campus-350-ml-animal-friends\\\/#primaryimage\"},\"thumbnailUrl\":\"https:\\\/\\\/shop.bantam.ch\\\/wp-content\\\/uploads\\\/2023\\\/02\\\/994411711.jpg\",\"datePublished\":\"2023-02-28T19:51:28+00:00\",\"dateModified\":\"2026-04-20T19:42:55+00:00\",\"breadcrumb\":{\"@id\":\"https:\\\/\\\/shop.bantam.ch\\\/fr\\\/produit\\\/thermos-flip-up-campus-350-ml-animal-friends\\\/#breadcrumb\"},\"inLanguage\":\"fr-FR\",\"potentialAction\":[{\"@type\":\"ReadAction\",\"target\":[\"https:\\\/\\\/shop.bantam.ch\\\/fr\\\/produit\\\/thermos-flip-up-campus-350-ml-animal-friends\\\/\"]}]},{\"@type\":\"ImageObject\",\"inLanguage\":\"fr-FR\",\"@id\":\"https:\\\/\\\/shop.bantam.ch\\\/fr\\\/produit\\\/thermos-flip-up-campus-350-ml-animal-friends\\\/#primaryimage\",\"url\":\"https:\\\/\\\/shop.bantam.ch\\\/wp-content\\\/uploads\\\/2023\\\/02\\\/994411711.jpg\",\"contentUrl\":\"https:\\\/\\\/shop.bantam.ch\\\/wp-content\\\/uploads\\\/2023\\\/02\\\/994411711.jpg\",\"width\":1000,\"height\":667},{\"@type\":\"BreadcrumbList\",\"@id\":\"https:\\\/\\\/shop.bantam.ch\\\/fr\\\/produit\\\/thermos-flip-up-campus-350-ml-animal-friends\\\/#breadcrumb\",\"itemListElement\":[{\"@type\":\"ListItem\",\"position\":1,\"name\":\"Accueil\",\"item\":\"https:\\\/\\\/shop.bantam.ch\\\/fr\\\/\"},{\"@type\":\"ListItem\",\"position\":2,\"name\":\"Boutique\",\"item\":\"https:\\\/\\\/shop.bantam.ch\\\/fr\\\/boutique\\\/\"},{\"@type\":\"ListItem\",\"position\":3,\"name\":\"Bouteille iso MEPAL flip-up campus 350 ml animal friends\"}]},{\"@type\":\"WebSite\",\"@id\":\"https:\\\/\\\/shop.bantam.ch\\\/fr\\\/#website\",\"url\":\"https:\\\/\\\/shop.bantam.ch\\\/fr\\\/\",\"name\":\"Bantam Wankm\u00fcller SA\",\"description\":\"\",\"publisher\":{\"@id\":\"https:\\\/\\\/shop.bantam.ch\\\/fr\\\/#organization\"},\"inLanguage\":\"fr-FR\"},{\"@type\":\"Organization\",\"@id\":\"https:\\\/\\\/shop.bantam.ch\\\/fr\\\/#organization\",\"name\":\"Bantam Wankm\u00fcller SA\",\"url\":\"https:\\\/\\\/shop.bantam.ch\\\/fr\\\/\",\"logo\":{\"@type\":\"ImageObject\",\"inLanguage\":\"fr-FR\",\"@id\":\"https:\\\/\\\/shop.bantam.ch\\\/fr\\\/#\\\/schema\\\/logo\\\/image\\\/\",\"url\":\"https:\\\/\\\/shop.bantam.ch\\\/wp-content\\\/uploads\\\/2022\\\/12\\\/bantam-logo.png\",\"contentUrl\":\"https:\\\/\\\/shop.bantam.ch\\\/wp-content\\\/uploads\\\/2022\\\/12\\\/bantam-logo.png\",\"width\":320,\"height\":71,\"caption\":\"Bantam Wankm\u00fcller SA\"},\"image\":{\"@id\":\"https:\\\/\\\/shop.bantam.ch\\\/fr\\\/#\\\/schema\\\/logo\\\/image\\\/\"}}]}<\/script>\n<!-- \/ Yoast SEO plugin. -->","yoast_head_json":{"title":"Bouteille iso MEPAL flip-up campus 350 ml animal friends - Bantam Wankm\u00fcller SA","robots":{"index":"index","follow":"follow","max-snippet":"max-snippet:-1","max-image-preview":"max-image-preview:large","max-video-preview":"max-video-preview:-1"},"canonical":"https:\/\/shop.bantam.ch\/fr\/produit\/thermos-flip-up-campus-350-ml-animal-friends\/","og_locale":"fr_FR","og_type":"article","og_title":"Bouteille iso MEPAL flip-up campus 350 ml animal friends - Bantam Wankm\u00fcller SA","og_description":"Des pauses fra\u00eecheur dans la cour d&rsquo;\u00e9cole avec cette gourde thermos fermable tendance motif Animal Friends. La gourde isotherme permet \u00e0 votre enfant d\u2019avoir des boissons fra\u00eeches tout au long de la journ\u00e9e. La gourde est \u00e9quip\u00e9e d&rsquo;un syst\u00e8me d&rsquo;ouverture rabattable pratique qui est facilement manipulable par les jeunes enfants. Il suffit de le rabattre [&hellip;]","og_url":"https:\/\/shop.bantam.ch\/fr\/produit\/thermos-flip-up-campus-350-ml-animal-friends\/","og_site_name":"Bantam Wankm\u00fcller SA","article_modified_time":"2026-04-20T19:42:55+00:00","og_image":[{"width":1000,"height":667,"url":"https:\/\/shop.bantam.ch\/wp-content\/uploads\/2023\/02\/994411711.jpg","type":"image\/jpeg"}],"twitter_card":"summary_large_image","twitter_misc":{"Dur\u00e9e de lecture estim\u00e9e":"1 minute"},"schema":{"@context":"https:\/\/schema.org","@graph":[{"@type":"WebPage","@id":"https:\/\/shop.bantam.ch\/fr\/produit\/thermos-flip-up-campus-350-ml-animal-friends\/","url":"https:\/\/shop.bantam.ch\/fr\/produit\/thermos-flip-up-campus-350-ml-animal-friends\/","name":"Bouteille iso MEPAL flip-up campus 350 ml animal friends - Bantam Wankm\u00fcller SA","isPartOf":{"@id":"https:\/\/shop.bantam.ch\/fr\/#website"},"primaryImageOfPage":{"@id":"https:\/\/shop.bantam.ch\/fr\/produit\/thermos-flip-up-campus-350-ml-animal-friends\/#primaryimage"},"image":{"@id":"https:\/\/shop.bantam.ch\/fr\/produit\/thermos-flip-up-campus-350-ml-animal-friends\/#primaryimage"},"thumbnailUrl":"https:\/\/shop.bantam.ch\/wp-content\/uploads\/2023\/02\/994411711.jpg","datePublished":"2023-02-28T19:51:28+00:00","dateModified":"2026-04-20T19:42:55+00:00","breadcrumb":{"@id":"https:\/\/shop.bantam.ch\/fr\/produit\/thermos-flip-up-campus-350-ml-animal-friends\/#breadcrumb"},"inLanguage":"fr-FR","potentialAction":[{"@type":"ReadAction","target":["https:\/\/shop.bantam.ch\/fr\/produit\/thermos-flip-up-campus-350-ml-animal-friends\/"]}]},{"@type":"ImageObject","inLanguage":"fr-FR","@id":"https:\/\/shop.bantam.ch\/fr\/produit\/thermos-flip-up-campus-350-ml-animal-friends\/#primaryimage","url":"https:\/\/shop.bantam.ch\/wp-content\/uploads\/2023\/02\/994411711.jpg","contentUrl":"https:\/\/shop.bantam.ch\/wp-content\/uploads\/2023\/02\/994411711.jpg","width":1000,"height":667},{"@type":"BreadcrumbList","@id":"https:\/\/shop.bantam.ch\/fr\/produit\/thermos-flip-up-campus-350-ml-animal-friends\/#breadcrumb","itemListElement":[{"@type":"ListItem","position":1,"name":"Accueil","item":"https:\/\/shop.bantam.ch\/fr\/"},{"@type":"ListItem","position":2,"name":"Boutique","item":"https:\/\/shop.bantam.ch\/fr\/boutique\/"},{"@type":"ListItem","position":3,"name":"Bouteille iso MEPAL flip-up campus 350 ml animal friends"}]},{"@type":"WebSite","@id":"https:\/\/shop.bantam.ch\/fr\/#website","url":"https:\/\/shop.bantam.ch\/fr\/","name":"Bantam Wankm\u00fcller SA","description":"","publisher":{"@id":"https:\/\/shop.bantam.ch\/fr\/#organization"},"inLanguage":"fr-FR"},{"@type":"Organization","@id":"https:\/\/shop.bantam.ch\/fr\/#organization","name":"Bantam Wankm\u00fcller SA","url":"https:\/\/shop.bantam.ch\/fr\/","logo":{"@type":"ImageObject","inLanguage":"fr-FR","@id":"https:\/\/shop.bantam.ch\/fr\/#\/schema\/logo\/image\/","url":"https:\/\/shop.bantam.ch\/wp-content\/uploads\/2022\/12\/bantam-logo.png","contentUrl":"https:\/\/shop.bantam.ch\/wp-content\/uploads\/2022\/12\/bantam-logo.png","width":320,"height":71,"caption":"Bantam Wankm\u00fcller SA"},"image":{"@id":"https:\/\/shop.bantam.ch\/fr\/#\/schema\/logo\/image\/"}}]}},"_links":{"self":[{"href":"https:\/\/shop.bantam.ch\/fr\/wp-json\/wp\/v2\/product\/112165","targetHints":{"allow":["GET"]}}],"collection":[{"href":"https:\/\/shop.bantam.ch\/fr\/wp-json\/wp\/v2\/product"}],"about":[{"href":"https:\/\/shop.bantam.ch\/fr\/wp-json\/wp\/v2\/types\/product"}],"wp:featuredmedia":[{"embeddable":true,"href":"https:\/\/shop.bantam.ch\/fr\/wp-json\/wp\/v2\/media\/112163"}],"wp:attachment":[{"href":"https:\/\/shop.bantam.ch\/fr\/wp-json\/wp\/v2\/media?parent=112165"}],"wp:term":[{"taxonomy":"product_featured_cat","embeddable":true,"href":"https:\/\/shop.bantam.ch\/fr\/wp-json\/wp\/v2\/product_featured_cat?post=112165"},{"taxonomy":"product_brand","embeddable":true,"href":"https:\/\/shop.bantam.ch\/fr\/wp-json\/wp\/v2\/product_brand?post=112165"},{"taxonomy":"product_cat","embeddable":true,"href":"https:\/\/shop.bantam.ch\/fr\/wp-json\/wp\/v2\/product_cat?post=112165"},{"taxonomy":"product_tag","embeddable":true,"href":"https:\/\/shop.bantam.ch\/fr\/wp-json\/wp\/v2\/product_tag?post=112165"}],"curies":[{"name":"wp","href":"https:\/\/api.w.org\/{rel}","templated":true}]}}