{"id":112131,"date":"2023-02-28T20:50:38","date_gmt":"2023-02-28T19:50:38","guid":{"rendered":"https:\/\/shop.bantam.ch\/produit\/fixation-velcro-5-pieces\/"},"modified":"2026-04-17T23:14:09","modified_gmt":"2026-04-17T21:14:09","slug":"fixation-velcro-5-pieces","status":"publish","type":"product","link":"https:\/\/shop.bantam.ch\/fr\/produit\/fixation-velcro-5-pieces\/","title":{"rendered":"Fixation velcro, 5 pi\u00e8ces"},"content":{"rendered":"<p>Nos sangles Velcro Express haut de gamme, fabriqu\u00e9es en Allemagne, vous permettent de fixer un grand nombre de choses, tr\u00e8s rapidement, de mani\u00e8re tr\u00e8s flexible et, surtout, tr\u00e8s facilement. Maintenir, enrouler, fixer. Cela permet d\u2019attacher rapidement les c\u00e2bles, les tuyaux, les lattes, les tiges, les branches, les sacs, les bo\u00eetes, le papier, les roues, les v\u00eatements, etc. <\/p>\n<p>Les KLETTfix individuels peuvent \u00eatre fix\u00e9s ensemble et agrandis, et ils peuvent imm\u00e9diatement \u00eatre r\u00e9utilis\u00e9s. Durables &#8211; car ils peuvent \u00eatre r\u00e9utilis\u00e9s en permanence.<\/p>\n<p>Avec un chevauchement de 10 cm, ils prennent en charge au moins 25 kg.<\/p>\n<p>Mat\u00e9riau\u00a0:<br \/>100 % polyamide<\/p>\n<p>Contenu\u00a0:<br \/>5 pi\u00e8ces<\/p>\n","protected":false},"excerpt":{"rendered":"<p>Nos sangles Velcro Express haut de gamme, fabriqu\u00e9es en Allemagne, vous permettent de fixer un grand nombre de choses, tr\u00e8s rapidement, de mani\u00e8re tr\u00e8s flexible et, surtout, tr\u00e8s facilement. Maintenir, enrouler, fixer. Cela permet d\u2019attacher rapidement les c\u00e2bles, les tuyaux, les lattes, les tiges, les branches, les sacs, les bo\u00eetes, le papier, les roues, les [&hellip;]<\/p>\n","protected":false},"featured_media":112095,"template":"","meta":{"_acf_changed":false},"product_featured_cat":[],"product_brand":[3574],"product_cat":[4253],"product_tag":[],"class_list":{"0":"post-112131","1":"product","2":"type-product","3":"status-publish","4":"has-post-thumbnail","6":"product_brand-klettfix-infinity","7":"product_cat-accessoires-de-montage","9":"first","10":"instock","11":"taxable","12":"shipping-taxable","13":"purchasable","14":"product-type-variable"},"acf":[],"yoast_head":"<!-- This site is optimized with the Yoast SEO plugin v27.4 - https:\/\/yoast.com\/product\/yoast-seo-wordpress\/ -->\n<title>Fixation velcro, 5 pi\u00e8ces - Bantam Wankm\u00fcller SA<\/title>\n<meta name=\"robots\" content=\"index, follow, max-snippet:-1, max-image-preview:large, max-video-preview:-1\" \/>\n<link rel=\"canonical\" href=\"https:\/\/shop.bantam.ch\/fr\/produit\/fixation-velcro-5-pieces\/\" \/>\n<meta property=\"og:locale\" content=\"fr_FR\" \/>\n<meta property=\"og:type\" content=\"article\" \/>\n<meta property=\"og:title\" content=\"Fixation velcro, 5 pi\u00e8ces - Bantam Wankm\u00fcller SA\" \/>\n<meta property=\"og:description\" content=\"Nos sangles Velcro Express haut de gamme, fabriqu\u00e9es en Allemagne, vous permettent de fixer un grand nombre de choses, tr\u00e8s rapidement, de mani\u00e8re tr\u00e8s flexible et, surtout, tr\u00e8s facilement. Maintenir, enrouler, fixer. Cela permet d\u2019attacher rapidement les c\u00e2bles, les tuyaux, les lattes, les tiges, les branches, les sacs, les bo\u00eetes, le papier, les roues, les [&hellip;]\" \/>\n<meta property=\"og:url\" content=\"https:\/\/shop.bantam.ch\/fr\/produit\/fixation-velcro-5-pieces\/\" \/>\n<meta property=\"og:site_name\" content=\"Bantam Wankm\u00fcller SA\" \/>\n<meta property=\"article:modified_time\" content=\"2026-04-17T21:14:09+00:00\" \/>\n<meta property=\"og:image\" content=\"https:\/\/shop.bantam.ch\/wp-content\/uploads\/2023\/02\/994411211.jpg\" \/>\n\t<meta property=\"og:image:width\" content=\"1000\" \/>\n\t<meta property=\"og:image:height\" content=\"231\" \/>\n\t<meta property=\"og:image:type\" content=\"image\/jpeg\" \/>\n<meta name=\"twitter:card\" content=\"summary_large_image\" \/>\n<meta name=\"twitter:label1\" content=\"Dur\u00e9e de lecture estim\u00e9e\" \/>\n\t<meta name=\"twitter:data1\" content=\"1 minute\" \/>\n<script type=\"application\/ld+json\" class=\"yoast-schema-graph\">{\"@context\":\"https:\\\/\\\/schema.org\",\"@graph\":[{\"@type\":\"WebPage\",\"@id\":\"https:\\\/\\\/shop.bantam.ch\\\/fr\\\/produit\\\/fixation-velcro-5-pieces\\\/\",\"url\":\"https:\\\/\\\/shop.bantam.ch\\\/fr\\\/produit\\\/fixation-velcro-5-pieces\\\/\",\"name\":\"Fixation velcro, 5 pi\u00e8ces - Bantam Wankm\u00fcller SA\",\"isPartOf\":{\"@id\":\"https:\\\/\\\/shop.bantam.ch\\\/fr\\\/#website\"},\"primaryImageOfPage\":{\"@id\":\"https:\\\/\\\/shop.bantam.ch\\\/fr\\\/produit\\\/fixation-velcro-5-pieces\\\/#primaryimage\"},\"image\":{\"@id\":\"https:\\\/\\\/shop.bantam.ch\\\/fr\\\/produit\\\/fixation-velcro-5-pieces\\\/#primaryimage\"},\"thumbnailUrl\":\"https:\\\/\\\/shop.bantam.ch\\\/wp-content\\\/uploads\\\/2023\\\/02\\\/994411211.jpg\",\"datePublished\":\"2023-02-28T19:50:38+00:00\",\"dateModified\":\"2026-04-17T21:14:09+00:00\",\"breadcrumb\":{\"@id\":\"https:\\\/\\\/shop.bantam.ch\\\/fr\\\/produit\\\/fixation-velcro-5-pieces\\\/#breadcrumb\"},\"inLanguage\":\"fr-FR\",\"potentialAction\":[{\"@type\":\"ReadAction\",\"target\":[\"https:\\\/\\\/shop.bantam.ch\\\/fr\\\/produit\\\/fixation-velcro-5-pieces\\\/\"]}]},{\"@type\":\"ImageObject\",\"inLanguage\":\"fr-FR\",\"@id\":\"https:\\\/\\\/shop.bantam.ch\\\/fr\\\/produit\\\/fixation-velcro-5-pieces\\\/#primaryimage\",\"url\":\"https:\\\/\\\/shop.bantam.ch\\\/wp-content\\\/uploads\\\/2023\\\/02\\\/994411211.jpg\",\"contentUrl\":\"https:\\\/\\\/shop.bantam.ch\\\/wp-content\\\/uploads\\\/2023\\\/02\\\/994411211.jpg\",\"width\":1000,\"height\":231},{\"@type\":\"BreadcrumbList\",\"@id\":\"https:\\\/\\\/shop.bantam.ch\\\/fr\\\/produit\\\/fixation-velcro-5-pieces\\\/#breadcrumb\",\"itemListElement\":[{\"@type\":\"ListItem\",\"position\":1,\"name\":\"Accueil\",\"item\":\"https:\\\/\\\/shop.bantam.ch\\\/fr\\\/\"},{\"@type\":\"ListItem\",\"position\":2,\"name\":\"Boutique\",\"item\":\"https:\\\/\\\/shop.bantam.ch\\\/fr\\\/boutique\\\/\"},{\"@type\":\"ListItem\",\"position\":3,\"name\":\"Fixation velcro, 5 pi\u00e8ces\"}]},{\"@type\":\"WebSite\",\"@id\":\"https:\\\/\\\/shop.bantam.ch\\\/fr\\\/#website\",\"url\":\"https:\\\/\\\/shop.bantam.ch\\\/fr\\\/\",\"name\":\"Bantam Wankm\u00fcller SA\",\"description\":\"\",\"publisher\":{\"@id\":\"https:\\\/\\\/shop.bantam.ch\\\/fr\\\/#organization\"},\"inLanguage\":\"fr-FR\"},{\"@type\":\"Organization\",\"@id\":\"https:\\\/\\\/shop.bantam.ch\\\/fr\\\/#organization\",\"name\":\"Bantam Wankm\u00fcller SA\",\"url\":\"https:\\\/\\\/shop.bantam.ch\\\/fr\\\/\",\"logo\":{\"@type\":\"ImageObject\",\"inLanguage\":\"fr-FR\",\"@id\":\"https:\\\/\\\/shop.bantam.ch\\\/fr\\\/#\\\/schema\\\/logo\\\/image\\\/\",\"url\":\"https:\\\/\\\/shop.bantam.ch\\\/wp-content\\\/uploads\\\/2022\\\/12\\\/bantam-logo.png\",\"contentUrl\":\"https:\\\/\\\/shop.bantam.ch\\\/wp-content\\\/uploads\\\/2022\\\/12\\\/bantam-logo.png\",\"width\":320,\"height\":71,\"caption\":\"Bantam Wankm\u00fcller SA\"},\"image\":{\"@id\":\"https:\\\/\\\/shop.bantam.ch\\\/fr\\\/#\\\/schema\\\/logo\\\/image\\\/\"}}]}<\/script>\n<!-- \/ Yoast SEO plugin. -->","yoast_head_json":{"title":"Fixation velcro, 5 pi\u00e8ces - Bantam Wankm\u00fcller SA","robots":{"index":"index","follow":"follow","max-snippet":"max-snippet:-1","max-image-preview":"max-image-preview:large","max-video-preview":"max-video-preview:-1"},"canonical":"https:\/\/shop.bantam.ch\/fr\/produit\/fixation-velcro-5-pieces\/","og_locale":"fr_FR","og_type":"article","og_title":"Fixation velcro, 5 pi\u00e8ces - Bantam Wankm\u00fcller SA","og_description":"Nos sangles Velcro Express haut de gamme, fabriqu\u00e9es en Allemagne, vous permettent de fixer un grand nombre de choses, tr\u00e8s rapidement, de mani\u00e8re tr\u00e8s flexible et, surtout, tr\u00e8s facilement. Maintenir, enrouler, fixer. Cela permet d\u2019attacher rapidement les c\u00e2bles, les tuyaux, les lattes, les tiges, les branches, les sacs, les bo\u00eetes, le papier, les roues, les [&hellip;]","og_url":"https:\/\/shop.bantam.ch\/fr\/produit\/fixation-velcro-5-pieces\/","og_site_name":"Bantam Wankm\u00fcller SA","article_modified_time":"2026-04-17T21:14:09+00:00","og_image":[{"width":1000,"height":231,"url":"https:\/\/shop.bantam.ch\/wp-content\/uploads\/2023\/02\/994411211.jpg","type":"image\/jpeg"}],"twitter_card":"summary_large_image","twitter_misc":{"Dur\u00e9e de lecture estim\u00e9e":"1 minute"},"schema":{"@context":"https:\/\/schema.org","@graph":[{"@type":"WebPage","@id":"https:\/\/shop.bantam.ch\/fr\/produit\/fixation-velcro-5-pieces\/","url":"https:\/\/shop.bantam.ch\/fr\/produit\/fixation-velcro-5-pieces\/","name":"Fixation velcro, 5 pi\u00e8ces - Bantam Wankm\u00fcller SA","isPartOf":{"@id":"https:\/\/shop.bantam.ch\/fr\/#website"},"primaryImageOfPage":{"@id":"https:\/\/shop.bantam.ch\/fr\/produit\/fixation-velcro-5-pieces\/#primaryimage"},"image":{"@id":"https:\/\/shop.bantam.ch\/fr\/produit\/fixation-velcro-5-pieces\/#primaryimage"},"thumbnailUrl":"https:\/\/shop.bantam.ch\/wp-content\/uploads\/2023\/02\/994411211.jpg","datePublished":"2023-02-28T19:50:38+00:00","dateModified":"2026-04-17T21:14:09+00:00","breadcrumb":{"@id":"https:\/\/shop.bantam.ch\/fr\/produit\/fixation-velcro-5-pieces\/#breadcrumb"},"inLanguage":"fr-FR","potentialAction":[{"@type":"ReadAction","target":["https:\/\/shop.bantam.ch\/fr\/produit\/fixation-velcro-5-pieces\/"]}]},{"@type":"ImageObject","inLanguage":"fr-FR","@id":"https:\/\/shop.bantam.ch\/fr\/produit\/fixation-velcro-5-pieces\/#primaryimage","url":"https:\/\/shop.bantam.ch\/wp-content\/uploads\/2023\/02\/994411211.jpg","contentUrl":"https:\/\/shop.bantam.ch\/wp-content\/uploads\/2023\/02\/994411211.jpg","width":1000,"height":231},{"@type":"BreadcrumbList","@id":"https:\/\/shop.bantam.ch\/fr\/produit\/fixation-velcro-5-pieces\/#breadcrumb","itemListElement":[{"@type":"ListItem","position":1,"name":"Accueil","item":"https:\/\/shop.bantam.ch\/fr\/"},{"@type":"ListItem","position":2,"name":"Boutique","item":"https:\/\/shop.bantam.ch\/fr\/boutique\/"},{"@type":"ListItem","position":3,"name":"Fixation velcro, 5 pi\u00e8ces"}]},{"@type":"WebSite","@id":"https:\/\/shop.bantam.ch\/fr\/#website","url":"https:\/\/shop.bantam.ch\/fr\/","name":"Bantam Wankm\u00fcller SA","description":"","publisher":{"@id":"https:\/\/shop.bantam.ch\/fr\/#organization"},"inLanguage":"fr-FR"},{"@type":"Organization","@id":"https:\/\/shop.bantam.ch\/fr\/#organization","name":"Bantam Wankm\u00fcller SA","url":"https:\/\/shop.bantam.ch\/fr\/","logo":{"@type":"ImageObject","inLanguage":"fr-FR","@id":"https:\/\/shop.bantam.ch\/fr\/#\/schema\/logo\/image\/","url":"https:\/\/shop.bantam.ch\/wp-content\/uploads\/2022\/12\/bantam-logo.png","contentUrl":"https:\/\/shop.bantam.ch\/wp-content\/uploads\/2022\/12\/bantam-logo.png","width":320,"height":71,"caption":"Bantam Wankm\u00fcller SA"},"image":{"@id":"https:\/\/shop.bantam.ch\/fr\/#\/schema\/logo\/image\/"}}]}},"_links":{"self":[{"href":"https:\/\/shop.bantam.ch\/fr\/wp-json\/wp\/v2\/product\/112131","targetHints":{"allow":["GET"]}}],"collection":[{"href":"https:\/\/shop.bantam.ch\/fr\/wp-json\/wp\/v2\/product"}],"about":[{"href":"https:\/\/shop.bantam.ch\/fr\/wp-json\/wp\/v2\/types\/product"}],"wp:featuredmedia":[{"embeddable":true,"href":"https:\/\/shop.bantam.ch\/fr\/wp-json\/wp\/v2\/media\/112095"}],"wp:attachment":[{"href":"https:\/\/shop.bantam.ch\/fr\/wp-json\/wp\/v2\/media?parent=112131"}],"wp:term":[{"taxonomy":"product_featured_cat","embeddable":true,"href":"https:\/\/shop.bantam.ch\/fr\/wp-json\/wp\/v2\/product_featured_cat?post=112131"},{"taxonomy":"product_brand","embeddable":true,"href":"https:\/\/shop.bantam.ch\/fr\/wp-json\/wp\/v2\/product_brand?post=112131"},{"taxonomy":"product_cat","embeddable":true,"href":"https:\/\/shop.bantam.ch\/fr\/wp-json\/wp\/v2\/product_cat?post=112131"},{"taxonomy":"product_tag","embeddable":true,"href":"https:\/\/shop.bantam.ch\/fr\/wp-json\/wp\/v2\/product_tag?post=112131"}],"curies":[{"name":"wp","href":"https:\/\/api.w.org\/{rel}","templated":true}]}}