{"id":111973,"date":"2023-02-28T20:48:21","date_gmt":"2023-02-28T19:48:21","guid":{"rendered":"https:\/\/shop.bantam.ch\/produit\/alika-stove-de\/"},"modified":"2026-04-17T21:41:26","modified_gmt":"2026-04-17T19:41:26","slug":"alika-stove-de","status":"publish","type":"product","link":"https:\/\/shop.bantam.ch\/fr\/produit\/alika-stove-de\/","title":{"rendered":"Alika Stove DE PRIMUS 60,6 x 8,2 x 27,3 cm"},"content":{"rendered":"<p>Le couvercle amovible vous offre encore plus de libert\u00e9 lors de la cuisson. De plus, vos assistants peuvent participer de tous les c\u00f4t\u00e9s.<\/p>\n<ul>\n<li>La grande surface de cuisson offre suffisamment d&rsquo;espace pour deux casseroles ou po\u00eales de \u00d8 28 cm<\/li>\n<li>Format compact et pratique<\/li>\n<li>La surface de cuisson se compose de deux flammes r\u00e9glables individuellement, ce qui vous permet de cuisiner en parall\u00e8le avec plusieurs casseroles ou po\u00eales \u00e0 diff\u00e9rentes temp\u00e9ratures<\/li>\n<li>Le couvercle amovible permet de cuisiner de tous les c\u00f4t\u00e9s et l&rsquo;Alika peut \u00e9galement \u00eatre utilis\u00e9 pour garder les aliments au chaud sur la table<\/li>\n<li>Sangle flexible pour un transport pratique<\/li>\n<li>Avec allumage piezo pour d\u00e9marrer la cuisini\u00e8re en un clic<\/li>\n<li>Le loquet facile \u00e0 ouvrir s\u00e9curise le r\u00e9gulateur pour le transport<\/li>\n<li>Support de casserole et bac d&rsquo;\u00e9gouttement en acier inoxydable &#8211; les deux \u00e9l\u00e9ments peuvent \u00eatre facilement retir\u00e9s pour le nettoyage<\/li>\n<li>Raccordement\u00a0: r\u00e9gulateur autonome d\u00e9j\u00e0 install\u00e9, environ 1,2 bar<\/li>\n<li>Adaptateur disponible pour les grandes bouteilles de gaz<\/li>\n<li>Alimentation Cartouche \u00e0 visser, bouteille de gaz.<\/li>\n<\/ul>\n","protected":false},"excerpt":{"rendered":"<p>Le couvercle amovible vous offre encore plus de libert\u00e9 lors de la cuisson. De plus, vos assistants peuvent participer de tous les c\u00f4t\u00e9s. La grande surface de cuisson offre suffisamment d&rsquo;espace pour deux casseroles ou po\u00eales de \u00d8 28 cm Format compact et pratique La surface de cuisson se compose de deux flammes r\u00e9glables individuellement, [&hellip;]<\/p>\n","protected":false},"featured_media":111969,"template":"","meta":{"_acf_changed":false},"product_featured_cat":[],"product_brand":[3414],"product_cat":[4305],"product_tag":[],"class_list":{"0":"post-111973","1":"product","2":"type-product","3":"status-publish","4":"has-post-thumbnail","6":"product_brand-primus","7":"product_cat-rechauds","9":"first","10":"instock","11":"taxable","12":"shipping-taxable","13":"purchasable","14":"product-type-simple"},"acf":[],"yoast_head":"<!-- This site is optimized with the Yoast SEO plugin v27.4 - https:\/\/yoast.com\/product\/yoast-seo-wordpress\/ -->\n<title>Alika Stove DE PRIMUS 60,6 x 8,2 x 27,3 cm - Bantam Wankm\u00fcller SA<\/title>\n<meta name=\"robots\" content=\"index, follow, max-snippet:-1, max-image-preview:large, max-video-preview:-1\" \/>\n<link rel=\"canonical\" href=\"https:\/\/shop.bantam.ch\/fr\/produit\/alika-stove-de\/\" \/>\n<meta property=\"og:locale\" content=\"fr_FR\" \/>\n<meta property=\"og:type\" content=\"article\" \/>\n<meta property=\"og:title\" content=\"Alika Stove DE PRIMUS 60,6 x 8,2 x 27,3 cm - Bantam Wankm\u00fcller SA\" \/>\n<meta property=\"og:description\" content=\"Le couvercle amovible vous offre encore plus de libert\u00e9 lors de la cuisson. De plus, vos assistants peuvent participer de tous les c\u00f4t\u00e9s. La grande surface de cuisson offre suffisamment d&rsquo;espace pour deux casseroles ou po\u00eales de \u00d8 28 cm Format compact et pratique La surface de cuisson se compose de deux flammes r\u00e9glables individuellement, [&hellip;]\" \/>\n<meta property=\"og:url\" content=\"https:\/\/shop.bantam.ch\/fr\/produit\/alika-stove-de\/\" \/>\n<meta property=\"og:site_name\" content=\"Bantam Wankm\u00fcller SA\" \/>\n<meta property=\"article:modified_time\" content=\"2026-04-17T19:41:26+00:00\" \/>\n<meta property=\"og:image\" content=\"https:\/\/shop.bantam.ch\/wp-content\/uploads\/2023\/02\/997027411.jpg\" \/>\n\t<meta property=\"og:image:width\" content=\"1000\" \/>\n\t<meta property=\"og:image:height\" content=\"572\" \/>\n\t<meta property=\"og:image:type\" content=\"image\/jpeg\" \/>\n<meta name=\"twitter:card\" content=\"summary_large_image\" \/>\n<meta name=\"twitter:label1\" content=\"Dur\u00e9e de lecture estim\u00e9e\" \/>\n\t<meta name=\"twitter:data1\" content=\"1 minute\" \/>\n<script type=\"application\/ld+json\" class=\"yoast-schema-graph\">{\"@context\":\"https:\\\/\\\/schema.org\",\"@graph\":[{\"@type\":\"WebPage\",\"@id\":\"https:\\\/\\\/shop.bantam.ch\\\/fr\\\/produit\\\/alika-stove-de\\\/\",\"url\":\"https:\\\/\\\/shop.bantam.ch\\\/fr\\\/produit\\\/alika-stove-de\\\/\",\"name\":\"Alika Stove DE PRIMUS 60,6 x 8,2 x 27,3 cm - Bantam Wankm\u00fcller SA\",\"isPartOf\":{\"@id\":\"https:\\\/\\\/shop.bantam.ch\\\/fr\\\/#website\"},\"primaryImageOfPage\":{\"@id\":\"https:\\\/\\\/shop.bantam.ch\\\/fr\\\/produit\\\/alika-stove-de\\\/#primaryimage\"},\"image\":{\"@id\":\"https:\\\/\\\/shop.bantam.ch\\\/fr\\\/produit\\\/alika-stove-de\\\/#primaryimage\"},\"thumbnailUrl\":\"https:\\\/\\\/shop.bantam.ch\\\/wp-content\\\/uploads\\\/2023\\\/02\\\/997027411.jpg\",\"datePublished\":\"2023-02-28T19:48:21+00:00\",\"dateModified\":\"2026-04-17T19:41:26+00:00\",\"breadcrumb\":{\"@id\":\"https:\\\/\\\/shop.bantam.ch\\\/fr\\\/produit\\\/alika-stove-de\\\/#breadcrumb\"},\"inLanguage\":\"fr-FR\",\"potentialAction\":[{\"@type\":\"ReadAction\",\"target\":[\"https:\\\/\\\/shop.bantam.ch\\\/fr\\\/produit\\\/alika-stove-de\\\/\"]}]},{\"@type\":\"ImageObject\",\"inLanguage\":\"fr-FR\",\"@id\":\"https:\\\/\\\/shop.bantam.ch\\\/fr\\\/produit\\\/alika-stove-de\\\/#primaryimage\",\"url\":\"https:\\\/\\\/shop.bantam.ch\\\/wp-content\\\/uploads\\\/2023\\\/02\\\/997027411.jpg\",\"contentUrl\":\"https:\\\/\\\/shop.bantam.ch\\\/wp-content\\\/uploads\\\/2023\\\/02\\\/997027411.jpg\",\"width\":1000,\"height\":572},{\"@type\":\"BreadcrumbList\",\"@id\":\"https:\\\/\\\/shop.bantam.ch\\\/fr\\\/produit\\\/alika-stove-de\\\/#breadcrumb\",\"itemListElement\":[{\"@type\":\"ListItem\",\"position\":1,\"name\":\"Accueil\",\"item\":\"https:\\\/\\\/shop.bantam.ch\\\/fr\\\/\"},{\"@type\":\"ListItem\",\"position\":2,\"name\":\"Boutique\",\"item\":\"https:\\\/\\\/shop.bantam.ch\\\/fr\\\/boutique\\\/\"},{\"@type\":\"ListItem\",\"position\":3,\"name\":\"Alika Stove DE PRIMUS 60,6 x 8,2 x 27,3 cm\"}]},{\"@type\":\"WebSite\",\"@id\":\"https:\\\/\\\/shop.bantam.ch\\\/fr\\\/#website\",\"url\":\"https:\\\/\\\/shop.bantam.ch\\\/fr\\\/\",\"name\":\"Bantam Wankm\u00fcller SA\",\"description\":\"\",\"publisher\":{\"@id\":\"https:\\\/\\\/shop.bantam.ch\\\/fr\\\/#organization\"},\"inLanguage\":\"fr-FR\"},{\"@type\":\"Organization\",\"@id\":\"https:\\\/\\\/shop.bantam.ch\\\/fr\\\/#organization\",\"name\":\"Bantam Wankm\u00fcller SA\",\"url\":\"https:\\\/\\\/shop.bantam.ch\\\/fr\\\/\",\"logo\":{\"@type\":\"ImageObject\",\"inLanguage\":\"fr-FR\",\"@id\":\"https:\\\/\\\/shop.bantam.ch\\\/fr\\\/#\\\/schema\\\/logo\\\/image\\\/\",\"url\":\"https:\\\/\\\/shop.bantam.ch\\\/wp-content\\\/uploads\\\/2022\\\/12\\\/bantam-logo.png\",\"contentUrl\":\"https:\\\/\\\/shop.bantam.ch\\\/wp-content\\\/uploads\\\/2022\\\/12\\\/bantam-logo.png\",\"width\":320,\"height\":71,\"caption\":\"Bantam Wankm\u00fcller SA\"},\"image\":{\"@id\":\"https:\\\/\\\/shop.bantam.ch\\\/fr\\\/#\\\/schema\\\/logo\\\/image\\\/\"}}]}<\/script>\n<!-- \/ Yoast SEO plugin. -->","yoast_head_json":{"title":"Alika Stove DE PRIMUS 60,6 x 8,2 x 27,3 cm - Bantam Wankm\u00fcller SA","robots":{"index":"index","follow":"follow","max-snippet":"max-snippet:-1","max-image-preview":"max-image-preview:large","max-video-preview":"max-video-preview:-1"},"canonical":"https:\/\/shop.bantam.ch\/fr\/produit\/alika-stove-de\/","og_locale":"fr_FR","og_type":"article","og_title":"Alika Stove DE PRIMUS 60,6 x 8,2 x 27,3 cm - Bantam Wankm\u00fcller SA","og_description":"Le couvercle amovible vous offre encore plus de libert\u00e9 lors de la cuisson. De plus, vos assistants peuvent participer de tous les c\u00f4t\u00e9s. La grande surface de cuisson offre suffisamment d&rsquo;espace pour deux casseroles ou po\u00eales de \u00d8 28 cm Format compact et pratique La surface de cuisson se compose de deux flammes r\u00e9glables individuellement, [&hellip;]","og_url":"https:\/\/shop.bantam.ch\/fr\/produit\/alika-stove-de\/","og_site_name":"Bantam Wankm\u00fcller SA","article_modified_time":"2026-04-17T19:41:26+00:00","og_image":[{"width":1000,"height":572,"url":"https:\/\/shop.bantam.ch\/wp-content\/uploads\/2023\/02\/997027411.jpg","type":"image\/jpeg"}],"twitter_card":"summary_large_image","twitter_misc":{"Dur\u00e9e de lecture estim\u00e9e":"1 minute"},"schema":{"@context":"https:\/\/schema.org","@graph":[{"@type":"WebPage","@id":"https:\/\/shop.bantam.ch\/fr\/produit\/alika-stove-de\/","url":"https:\/\/shop.bantam.ch\/fr\/produit\/alika-stove-de\/","name":"Alika Stove DE PRIMUS 60,6 x 8,2 x 27,3 cm - Bantam Wankm\u00fcller SA","isPartOf":{"@id":"https:\/\/shop.bantam.ch\/fr\/#website"},"primaryImageOfPage":{"@id":"https:\/\/shop.bantam.ch\/fr\/produit\/alika-stove-de\/#primaryimage"},"image":{"@id":"https:\/\/shop.bantam.ch\/fr\/produit\/alika-stove-de\/#primaryimage"},"thumbnailUrl":"https:\/\/shop.bantam.ch\/wp-content\/uploads\/2023\/02\/997027411.jpg","datePublished":"2023-02-28T19:48:21+00:00","dateModified":"2026-04-17T19:41:26+00:00","breadcrumb":{"@id":"https:\/\/shop.bantam.ch\/fr\/produit\/alika-stove-de\/#breadcrumb"},"inLanguage":"fr-FR","potentialAction":[{"@type":"ReadAction","target":["https:\/\/shop.bantam.ch\/fr\/produit\/alika-stove-de\/"]}]},{"@type":"ImageObject","inLanguage":"fr-FR","@id":"https:\/\/shop.bantam.ch\/fr\/produit\/alika-stove-de\/#primaryimage","url":"https:\/\/shop.bantam.ch\/wp-content\/uploads\/2023\/02\/997027411.jpg","contentUrl":"https:\/\/shop.bantam.ch\/wp-content\/uploads\/2023\/02\/997027411.jpg","width":1000,"height":572},{"@type":"BreadcrumbList","@id":"https:\/\/shop.bantam.ch\/fr\/produit\/alika-stove-de\/#breadcrumb","itemListElement":[{"@type":"ListItem","position":1,"name":"Accueil","item":"https:\/\/shop.bantam.ch\/fr\/"},{"@type":"ListItem","position":2,"name":"Boutique","item":"https:\/\/shop.bantam.ch\/fr\/boutique\/"},{"@type":"ListItem","position":3,"name":"Alika Stove DE PRIMUS 60,6 x 8,2 x 27,3 cm"}]},{"@type":"WebSite","@id":"https:\/\/shop.bantam.ch\/fr\/#website","url":"https:\/\/shop.bantam.ch\/fr\/","name":"Bantam Wankm\u00fcller SA","description":"","publisher":{"@id":"https:\/\/shop.bantam.ch\/fr\/#organization"},"inLanguage":"fr-FR"},{"@type":"Organization","@id":"https:\/\/shop.bantam.ch\/fr\/#organization","name":"Bantam Wankm\u00fcller SA","url":"https:\/\/shop.bantam.ch\/fr\/","logo":{"@type":"ImageObject","inLanguage":"fr-FR","@id":"https:\/\/shop.bantam.ch\/fr\/#\/schema\/logo\/image\/","url":"https:\/\/shop.bantam.ch\/wp-content\/uploads\/2022\/12\/bantam-logo.png","contentUrl":"https:\/\/shop.bantam.ch\/wp-content\/uploads\/2022\/12\/bantam-logo.png","width":320,"height":71,"caption":"Bantam Wankm\u00fcller SA"},"image":{"@id":"https:\/\/shop.bantam.ch\/fr\/#\/schema\/logo\/image\/"}}]}},"_links":{"self":[{"href":"https:\/\/shop.bantam.ch\/fr\/wp-json\/wp\/v2\/product\/111973","targetHints":{"allow":["GET"]}}],"collection":[{"href":"https:\/\/shop.bantam.ch\/fr\/wp-json\/wp\/v2\/product"}],"about":[{"href":"https:\/\/shop.bantam.ch\/fr\/wp-json\/wp\/v2\/types\/product"}],"wp:featuredmedia":[{"embeddable":true,"href":"https:\/\/shop.bantam.ch\/fr\/wp-json\/wp\/v2\/media\/111969"}],"wp:attachment":[{"href":"https:\/\/shop.bantam.ch\/fr\/wp-json\/wp\/v2\/media?parent=111973"}],"wp:term":[{"taxonomy":"product_featured_cat","embeddable":true,"href":"https:\/\/shop.bantam.ch\/fr\/wp-json\/wp\/v2\/product_featured_cat?post=111973"},{"taxonomy":"product_brand","embeddable":true,"href":"https:\/\/shop.bantam.ch\/fr\/wp-json\/wp\/v2\/product_brand?post=111973"},{"taxonomy":"product_cat","embeddable":true,"href":"https:\/\/shop.bantam.ch\/fr\/wp-json\/wp\/v2\/product_cat?post=111973"},{"taxonomy":"product_tag","embeddable":true,"href":"https:\/\/shop.bantam.ch\/fr\/wp-json\/wp\/v2\/product_tag?post=111973"}],"curies":[{"name":"wp","href":"https:\/\/api.w.org\/{rel}","templated":true}]}}