{"id":111967,"date":"2023-02-28T20:48:16","date_gmt":"2023-02-28T19:48:16","guid":{"rendered":"https:\/\/shop.bantam.ch\/produit\/moja-stove-de\/"},"modified":"2026-04-17T21:41:25","modified_gmt":"2026-04-17T19:41:25","slug":"moja-stove-de","status":"publish","type":"product","link":"https:\/\/shop.bantam.ch\/fr\/produit\/moja-stove-de\/","title":{"rendered":"Moja Stove DE PRIMUS 26,6 x 7,8 x 27 cm"},"content":{"rendered":"<p>Qu\u2019il s\u2019agisse d\u2019un compl\u00e9ment id\u00e9al ou d\u2019une solution unique, les options d\u2019utilisation sont illimit\u00e9es :<\/p>\n<ul>\n<li>r\u00e9chaud l\u00e9ger \u00e0 une flamme, compact et facile \u00e0 ranger<\/li>\n<li>Gr\u00e2ce au couvercle amovible, m\u00eame les grandes casseroles et po\u00eales trouveront leur place et il est possible de cuisiner de tous c\u00f4t\u00e9s<\/li>\n<li>La poign\u00e9e de transport recouverte de bois sert de fermeture, tandis que le syst\u00e8me de verrouillage facile \u00e0 ouvrir maintient le r\u00e9gulateur en place pendant le transport.<\/li>\n<li>Support de casserole et bac d&rsquo;\u00e9gouttement en acier inoxydable &#8211; les deux \u00e9l\u00e9ments peuvent \u00eatre facilement retir\u00e9s pour le nettoyage<\/li>\n<li>Raccordement\u00a0: r\u00e9gulateur autonome d\u00e9j\u00e0 install\u00e9 : 1,2 bar<\/li>\n<li>Adaptateur disponible pour les grandes bouteilles de gaz<\/li>\n<li>Alimentation Cartouche \u00e0 visser, bouteille de gaz.<\/li>\n<\/ul>\n","protected":false},"excerpt":{"rendered":"<p>Qu\u2019il s\u2019agisse d\u2019un compl\u00e9ment id\u00e9al ou d\u2019une solution unique, les options d\u2019utilisation sont illimit\u00e9es : r\u00e9chaud l\u00e9ger \u00e0 une flamme, compact et facile \u00e0 ranger Gr\u00e2ce au couvercle amovible, m\u00eame les grandes casseroles et po\u00eales trouveront leur place et il est possible de cuisiner de tous c\u00f4t\u00e9s La poign\u00e9e de transport recouverte de bois sert [&hellip;]<\/p>\n","protected":false},"featured_media":111963,"template":"","meta":{"_acf_changed":false},"product_featured_cat":[],"product_brand":[3414],"product_cat":[4305],"product_tag":[],"class_list":{"0":"post-111967","1":"product","2":"type-product","3":"status-publish","4":"has-post-thumbnail","6":"product_brand-primus","7":"product_cat-rechauds","9":"first","10":"instock","11":"taxable","12":"shipping-taxable","13":"purchasable","14":"product-type-simple"},"acf":[],"yoast_head":"<!-- This site is optimized with the Yoast SEO plugin v27.4 - https:\/\/yoast.com\/product\/yoast-seo-wordpress\/ -->\n<title>Moja Stove DE PRIMUS 26,6 x 7,8 x 27 cm - Bantam Wankm\u00fcller SA<\/title>\n<meta name=\"robots\" content=\"index, follow, max-snippet:-1, max-image-preview:large, max-video-preview:-1\" \/>\n<link rel=\"canonical\" href=\"https:\/\/shop.bantam.ch\/fr\/produit\/moja-stove-de\/\" \/>\n<meta property=\"og:locale\" content=\"fr_FR\" \/>\n<meta property=\"og:type\" content=\"article\" \/>\n<meta property=\"og:title\" content=\"Moja Stove DE PRIMUS 26,6 x 7,8 x 27 cm - Bantam Wankm\u00fcller SA\" \/>\n<meta property=\"og:description\" content=\"Qu\u2019il s\u2019agisse d\u2019un compl\u00e9ment id\u00e9al ou d\u2019une solution unique, les options d\u2019utilisation sont illimit\u00e9es : r\u00e9chaud l\u00e9ger \u00e0 une flamme, compact et facile \u00e0 ranger Gr\u00e2ce au couvercle amovible, m\u00eame les grandes casseroles et po\u00eales trouveront leur place et il est possible de cuisiner de tous c\u00f4t\u00e9s La poign\u00e9e de transport recouverte de bois sert [&hellip;]\" \/>\n<meta property=\"og:url\" content=\"https:\/\/shop.bantam.ch\/fr\/produit\/moja-stove-de\/\" \/>\n<meta property=\"og:site_name\" content=\"Bantam Wankm\u00fcller SA\" \/>\n<meta property=\"article:modified_time\" content=\"2026-04-17T19:41:25+00:00\" \/>\n<meta property=\"og:image\" content=\"https:\/\/shop.bantam.ch\/wp-content\/uploads\/2023\/02\/997027311.jpg\" \/>\n\t<meta property=\"og:image:width\" content=\"1000\" \/>\n\t<meta property=\"og:image:height\" content=\"928\" \/>\n\t<meta property=\"og:image:type\" content=\"image\/jpeg\" \/>\n<meta name=\"twitter:card\" content=\"summary_large_image\" \/>\n<meta name=\"twitter:label1\" content=\"Dur\u00e9e de lecture estim\u00e9e\" \/>\n\t<meta name=\"twitter:data1\" content=\"1 minute\" \/>\n<script type=\"application\/ld+json\" class=\"yoast-schema-graph\">{\"@context\":\"https:\\\/\\\/schema.org\",\"@graph\":[{\"@type\":\"WebPage\",\"@id\":\"https:\\\/\\\/shop.bantam.ch\\\/fr\\\/produit\\\/moja-stove-de\\\/\",\"url\":\"https:\\\/\\\/shop.bantam.ch\\\/fr\\\/produit\\\/moja-stove-de\\\/\",\"name\":\"Moja Stove DE PRIMUS 26,6 x 7,8 x 27 cm - Bantam Wankm\u00fcller SA\",\"isPartOf\":{\"@id\":\"https:\\\/\\\/shop.bantam.ch\\\/fr\\\/#website\"},\"primaryImageOfPage\":{\"@id\":\"https:\\\/\\\/shop.bantam.ch\\\/fr\\\/produit\\\/moja-stove-de\\\/#primaryimage\"},\"image\":{\"@id\":\"https:\\\/\\\/shop.bantam.ch\\\/fr\\\/produit\\\/moja-stove-de\\\/#primaryimage\"},\"thumbnailUrl\":\"https:\\\/\\\/shop.bantam.ch\\\/wp-content\\\/uploads\\\/2023\\\/02\\\/997027311.jpg\",\"datePublished\":\"2023-02-28T19:48:16+00:00\",\"dateModified\":\"2026-04-17T19:41:25+00:00\",\"breadcrumb\":{\"@id\":\"https:\\\/\\\/shop.bantam.ch\\\/fr\\\/produit\\\/moja-stove-de\\\/#breadcrumb\"},\"inLanguage\":\"fr-FR\",\"potentialAction\":[{\"@type\":\"ReadAction\",\"target\":[\"https:\\\/\\\/shop.bantam.ch\\\/fr\\\/produit\\\/moja-stove-de\\\/\"]}]},{\"@type\":\"ImageObject\",\"inLanguage\":\"fr-FR\",\"@id\":\"https:\\\/\\\/shop.bantam.ch\\\/fr\\\/produit\\\/moja-stove-de\\\/#primaryimage\",\"url\":\"https:\\\/\\\/shop.bantam.ch\\\/wp-content\\\/uploads\\\/2023\\\/02\\\/997027311.jpg\",\"contentUrl\":\"https:\\\/\\\/shop.bantam.ch\\\/wp-content\\\/uploads\\\/2023\\\/02\\\/997027311.jpg\",\"width\":1000,\"height\":928},{\"@type\":\"BreadcrumbList\",\"@id\":\"https:\\\/\\\/shop.bantam.ch\\\/fr\\\/produit\\\/moja-stove-de\\\/#breadcrumb\",\"itemListElement\":[{\"@type\":\"ListItem\",\"position\":1,\"name\":\"Accueil\",\"item\":\"https:\\\/\\\/shop.bantam.ch\\\/fr\\\/\"},{\"@type\":\"ListItem\",\"position\":2,\"name\":\"Boutique\",\"item\":\"https:\\\/\\\/shop.bantam.ch\\\/fr\\\/boutique\\\/\"},{\"@type\":\"ListItem\",\"position\":3,\"name\":\"Moja Stove DE PRIMUS 26,6 x 7,8 x 27 cm\"}]},{\"@type\":\"WebSite\",\"@id\":\"https:\\\/\\\/shop.bantam.ch\\\/fr\\\/#website\",\"url\":\"https:\\\/\\\/shop.bantam.ch\\\/fr\\\/\",\"name\":\"Bantam Wankm\u00fcller SA\",\"description\":\"\",\"publisher\":{\"@id\":\"https:\\\/\\\/shop.bantam.ch\\\/fr\\\/#organization\"},\"inLanguage\":\"fr-FR\"},{\"@type\":\"Organization\",\"@id\":\"https:\\\/\\\/shop.bantam.ch\\\/fr\\\/#organization\",\"name\":\"Bantam Wankm\u00fcller SA\",\"url\":\"https:\\\/\\\/shop.bantam.ch\\\/fr\\\/\",\"logo\":{\"@type\":\"ImageObject\",\"inLanguage\":\"fr-FR\",\"@id\":\"https:\\\/\\\/shop.bantam.ch\\\/fr\\\/#\\\/schema\\\/logo\\\/image\\\/\",\"url\":\"https:\\\/\\\/shop.bantam.ch\\\/wp-content\\\/uploads\\\/2022\\\/12\\\/bantam-logo.png\",\"contentUrl\":\"https:\\\/\\\/shop.bantam.ch\\\/wp-content\\\/uploads\\\/2022\\\/12\\\/bantam-logo.png\",\"width\":320,\"height\":71,\"caption\":\"Bantam Wankm\u00fcller SA\"},\"image\":{\"@id\":\"https:\\\/\\\/shop.bantam.ch\\\/fr\\\/#\\\/schema\\\/logo\\\/image\\\/\"}}]}<\/script>\n<!-- \/ Yoast SEO plugin. -->","yoast_head_json":{"title":"Moja Stove DE PRIMUS 26,6 x 7,8 x 27 cm - Bantam Wankm\u00fcller SA","robots":{"index":"index","follow":"follow","max-snippet":"max-snippet:-1","max-image-preview":"max-image-preview:large","max-video-preview":"max-video-preview:-1"},"canonical":"https:\/\/shop.bantam.ch\/fr\/produit\/moja-stove-de\/","og_locale":"fr_FR","og_type":"article","og_title":"Moja Stove DE PRIMUS 26,6 x 7,8 x 27 cm - Bantam Wankm\u00fcller SA","og_description":"Qu\u2019il s\u2019agisse d\u2019un compl\u00e9ment id\u00e9al ou d\u2019une solution unique, les options d\u2019utilisation sont illimit\u00e9es : r\u00e9chaud l\u00e9ger \u00e0 une flamme, compact et facile \u00e0 ranger Gr\u00e2ce au couvercle amovible, m\u00eame les grandes casseroles et po\u00eales trouveront leur place et il est possible de cuisiner de tous c\u00f4t\u00e9s La poign\u00e9e de transport recouverte de bois sert [&hellip;]","og_url":"https:\/\/shop.bantam.ch\/fr\/produit\/moja-stove-de\/","og_site_name":"Bantam Wankm\u00fcller SA","article_modified_time":"2026-04-17T19:41:25+00:00","og_image":[{"width":1000,"height":928,"url":"https:\/\/shop.bantam.ch\/wp-content\/uploads\/2023\/02\/997027311.jpg","type":"image\/jpeg"}],"twitter_card":"summary_large_image","twitter_misc":{"Dur\u00e9e de lecture estim\u00e9e":"1 minute"},"schema":{"@context":"https:\/\/schema.org","@graph":[{"@type":"WebPage","@id":"https:\/\/shop.bantam.ch\/fr\/produit\/moja-stove-de\/","url":"https:\/\/shop.bantam.ch\/fr\/produit\/moja-stove-de\/","name":"Moja Stove DE PRIMUS 26,6 x 7,8 x 27 cm - Bantam Wankm\u00fcller SA","isPartOf":{"@id":"https:\/\/shop.bantam.ch\/fr\/#website"},"primaryImageOfPage":{"@id":"https:\/\/shop.bantam.ch\/fr\/produit\/moja-stove-de\/#primaryimage"},"image":{"@id":"https:\/\/shop.bantam.ch\/fr\/produit\/moja-stove-de\/#primaryimage"},"thumbnailUrl":"https:\/\/shop.bantam.ch\/wp-content\/uploads\/2023\/02\/997027311.jpg","datePublished":"2023-02-28T19:48:16+00:00","dateModified":"2026-04-17T19:41:25+00:00","breadcrumb":{"@id":"https:\/\/shop.bantam.ch\/fr\/produit\/moja-stove-de\/#breadcrumb"},"inLanguage":"fr-FR","potentialAction":[{"@type":"ReadAction","target":["https:\/\/shop.bantam.ch\/fr\/produit\/moja-stove-de\/"]}]},{"@type":"ImageObject","inLanguage":"fr-FR","@id":"https:\/\/shop.bantam.ch\/fr\/produit\/moja-stove-de\/#primaryimage","url":"https:\/\/shop.bantam.ch\/wp-content\/uploads\/2023\/02\/997027311.jpg","contentUrl":"https:\/\/shop.bantam.ch\/wp-content\/uploads\/2023\/02\/997027311.jpg","width":1000,"height":928},{"@type":"BreadcrumbList","@id":"https:\/\/shop.bantam.ch\/fr\/produit\/moja-stove-de\/#breadcrumb","itemListElement":[{"@type":"ListItem","position":1,"name":"Accueil","item":"https:\/\/shop.bantam.ch\/fr\/"},{"@type":"ListItem","position":2,"name":"Boutique","item":"https:\/\/shop.bantam.ch\/fr\/boutique\/"},{"@type":"ListItem","position":3,"name":"Moja Stove DE PRIMUS 26,6 x 7,8 x 27 cm"}]},{"@type":"WebSite","@id":"https:\/\/shop.bantam.ch\/fr\/#website","url":"https:\/\/shop.bantam.ch\/fr\/","name":"Bantam Wankm\u00fcller SA","description":"","publisher":{"@id":"https:\/\/shop.bantam.ch\/fr\/#organization"},"inLanguage":"fr-FR"},{"@type":"Organization","@id":"https:\/\/shop.bantam.ch\/fr\/#organization","name":"Bantam Wankm\u00fcller SA","url":"https:\/\/shop.bantam.ch\/fr\/","logo":{"@type":"ImageObject","inLanguage":"fr-FR","@id":"https:\/\/shop.bantam.ch\/fr\/#\/schema\/logo\/image\/","url":"https:\/\/shop.bantam.ch\/wp-content\/uploads\/2022\/12\/bantam-logo.png","contentUrl":"https:\/\/shop.bantam.ch\/wp-content\/uploads\/2022\/12\/bantam-logo.png","width":320,"height":71,"caption":"Bantam Wankm\u00fcller SA"},"image":{"@id":"https:\/\/shop.bantam.ch\/fr\/#\/schema\/logo\/image\/"}}]}},"_links":{"self":[{"href":"https:\/\/shop.bantam.ch\/fr\/wp-json\/wp\/v2\/product\/111967","targetHints":{"allow":["GET"]}}],"collection":[{"href":"https:\/\/shop.bantam.ch\/fr\/wp-json\/wp\/v2\/product"}],"about":[{"href":"https:\/\/shop.bantam.ch\/fr\/wp-json\/wp\/v2\/types\/product"}],"wp:featuredmedia":[{"embeddable":true,"href":"https:\/\/shop.bantam.ch\/fr\/wp-json\/wp\/v2\/media\/111963"}],"wp:attachment":[{"href":"https:\/\/shop.bantam.ch\/fr\/wp-json\/wp\/v2\/media?parent=111967"}],"wp:term":[{"taxonomy":"product_featured_cat","embeddable":true,"href":"https:\/\/shop.bantam.ch\/fr\/wp-json\/wp\/v2\/product_featured_cat?post=111967"},{"taxonomy":"product_brand","embeddable":true,"href":"https:\/\/shop.bantam.ch\/fr\/wp-json\/wp\/v2\/product_brand?post=111967"},{"taxonomy":"product_cat","embeddable":true,"href":"https:\/\/shop.bantam.ch\/fr\/wp-json\/wp\/v2\/product_cat?post=111967"},{"taxonomy":"product_tag","embeddable":true,"href":"https:\/\/shop.bantam.ch\/fr\/wp-json\/wp\/v2\/product_tag?post=111967"}],"curies":[{"name":"wp","href":"https:\/\/api.w.org\/{rel}","templated":true}]}}