{"id":111885,"date":"2023-02-28T20:47:28","date_gmt":"2023-02-28T19:47:28","guid":{"rendered":"https:\/\/shop.bantam.ch\/produit\/eponges-a-vaisselle-en-silicone-souple-lot-de-2\/"},"modified":"2026-04-18T21:42:19","modified_gmt":"2026-04-18T19:42:19","slug":"eponges-a-vaisselle-en-silicone-souple-lot-de-2","status":"publish","type":"product","link":"https:\/\/shop.bantam.ch\/fr\/produit\/eponges-a-vaisselle-en-silicone-souple-lot-de-2\/","title":{"rendered":"Lavettes WENKO Silicone doux, lot de 2"},"content":{"rendered":"<p>Id\u00e9ales pour les surfaces d\u00e9licates. Avec une structure \u00e0 picots fins pour les salissures l\u00e9g\u00e8res et un c\u00f4t\u00e9 dur pour les r\u00e9sidus tenaces. Avec boucle de suspension et ventouse. Particuli\u00e8rement hygi\u00e9nique gr\u00e2ce \u00e0 un nettoyage facile.<\/p>\n<p>Contenu de la livraison :<br \/>2\u00a0pi\u00e8ces<\/p>\n","protected":false},"excerpt":{"rendered":"<p>Id\u00e9ales pour les surfaces d\u00e9licates. Avec une structure \u00e0 picots fins pour les salissures l\u00e9g\u00e8res et un c\u00f4t\u00e9 dur pour les r\u00e9sidus tenaces. Avec boucle de suspension et ventouse. Particuli\u00e8rement hygi\u00e9nique gr\u00e2ce \u00e0 un nettoyage facile. Contenu de la livraison :2\u00a0pi\u00e8ces<\/p>\n","protected":false},"featured_media":111859,"template":"","meta":{"_acf_changed":false},"product_featured_cat":[],"product_brand":[3160],"product_cat":[4151,4289],"product_tag":[],"class_list":{"0":"post-111885","1":"product","2":"type-product","3":"status-publish","4":"has-post-thumbnail","6":"product_brand-wenko","7":"product_cat-entretien-et-produits-de-nettoyage","8":"product_cat-rincage-et-nettoyage","10":"first","11":"instock","12":"taxable","13":"shipping-taxable","14":"purchasable","15":"product-type-simple"},"acf":[],"yoast_head":"<!-- This site is optimized with the Yoast SEO plugin v27.4 - https:\/\/yoast.com\/product\/yoast-seo-wordpress\/ -->\n<title>Lavettes WENKO Silicone doux, lot de 2 - Bantam Wankm\u00fcller SA<\/title>\n<meta name=\"robots\" content=\"index, follow, max-snippet:-1, max-image-preview:large, max-video-preview:-1\" \/>\n<link rel=\"canonical\" href=\"https:\/\/shop.bantam.ch\/fr\/produit\/eponges-a-vaisselle-en-silicone-souple-lot-de-2\/\" \/>\n<meta property=\"og:locale\" content=\"fr_FR\" \/>\n<meta property=\"og:type\" content=\"article\" \/>\n<meta property=\"og:title\" content=\"Lavettes WENKO Silicone doux, lot de 2 - Bantam Wankm\u00fcller SA\" \/>\n<meta property=\"og:description\" content=\"Id\u00e9ales pour les surfaces d\u00e9licates. Avec une structure \u00e0 picots fins pour les salissures l\u00e9g\u00e8res et un c\u00f4t\u00e9 dur pour les r\u00e9sidus tenaces. Avec boucle de suspension et ventouse. Particuli\u00e8rement hygi\u00e9nique gr\u00e2ce \u00e0 un nettoyage facile. Contenu de la livraison :2\u00a0pi\u00e8ces\" \/>\n<meta property=\"og:url\" content=\"https:\/\/shop.bantam.ch\/fr\/produit\/eponges-a-vaisselle-en-silicone-souple-lot-de-2\/\" \/>\n<meta property=\"og:site_name\" content=\"Bantam Wankm\u00fcller SA\" \/>\n<meta property=\"article:modified_time\" content=\"2026-04-18T19:42:19+00:00\" \/>\n<meta property=\"og:image\" content=\"https:\/\/shop.bantam.ch\/wp-content\/uploads\/2023\/02\/994408411.jpg\" \/>\n\t<meta property=\"og:image:width\" content=\"1000\" \/>\n\t<meta property=\"og:image:height\" content=\"801\" \/>\n\t<meta property=\"og:image:type\" content=\"image\/jpeg\" \/>\n<meta name=\"twitter:card\" content=\"summary_large_image\" \/>\n<script type=\"application\/ld+json\" class=\"yoast-schema-graph\">{\"@context\":\"https:\\\/\\\/schema.org\",\"@graph\":[{\"@type\":\"WebPage\",\"@id\":\"https:\\\/\\\/shop.bantam.ch\\\/fr\\\/produit\\\/eponges-a-vaisselle-en-silicone-souple-lot-de-2\\\/\",\"url\":\"https:\\\/\\\/shop.bantam.ch\\\/fr\\\/produit\\\/eponges-a-vaisselle-en-silicone-souple-lot-de-2\\\/\",\"name\":\"Lavettes WENKO Silicone doux, lot de 2 - Bantam Wankm\u00fcller SA\",\"isPartOf\":{\"@id\":\"https:\\\/\\\/shop.bantam.ch\\\/fr\\\/#website\"},\"primaryImageOfPage\":{\"@id\":\"https:\\\/\\\/shop.bantam.ch\\\/fr\\\/produit\\\/eponges-a-vaisselle-en-silicone-souple-lot-de-2\\\/#primaryimage\"},\"image\":{\"@id\":\"https:\\\/\\\/shop.bantam.ch\\\/fr\\\/produit\\\/eponges-a-vaisselle-en-silicone-souple-lot-de-2\\\/#primaryimage\"},\"thumbnailUrl\":\"https:\\\/\\\/shop.bantam.ch\\\/wp-content\\\/uploads\\\/2023\\\/02\\\/994408411.jpg\",\"datePublished\":\"2023-02-28T19:47:28+00:00\",\"dateModified\":\"2026-04-18T19:42:19+00:00\",\"breadcrumb\":{\"@id\":\"https:\\\/\\\/shop.bantam.ch\\\/fr\\\/produit\\\/eponges-a-vaisselle-en-silicone-souple-lot-de-2\\\/#breadcrumb\"},\"inLanguage\":\"fr-FR\",\"potentialAction\":[{\"@type\":\"ReadAction\",\"target\":[\"https:\\\/\\\/shop.bantam.ch\\\/fr\\\/produit\\\/eponges-a-vaisselle-en-silicone-souple-lot-de-2\\\/\"]}]},{\"@type\":\"ImageObject\",\"inLanguage\":\"fr-FR\",\"@id\":\"https:\\\/\\\/shop.bantam.ch\\\/fr\\\/produit\\\/eponges-a-vaisselle-en-silicone-souple-lot-de-2\\\/#primaryimage\",\"url\":\"https:\\\/\\\/shop.bantam.ch\\\/wp-content\\\/uploads\\\/2023\\\/02\\\/994408411.jpg\",\"contentUrl\":\"https:\\\/\\\/shop.bantam.ch\\\/wp-content\\\/uploads\\\/2023\\\/02\\\/994408411.jpg\",\"width\":1000,\"height\":801},{\"@type\":\"BreadcrumbList\",\"@id\":\"https:\\\/\\\/shop.bantam.ch\\\/fr\\\/produit\\\/eponges-a-vaisselle-en-silicone-souple-lot-de-2\\\/#breadcrumb\",\"itemListElement\":[{\"@type\":\"ListItem\",\"position\":1,\"name\":\"Accueil\",\"item\":\"https:\\\/\\\/shop.bantam.ch\\\/fr\\\/\"},{\"@type\":\"ListItem\",\"position\":2,\"name\":\"Boutique\",\"item\":\"https:\\\/\\\/shop.bantam.ch\\\/fr\\\/boutique\\\/\"},{\"@type\":\"ListItem\",\"position\":3,\"name\":\"Lavettes WENKO Silicone doux, lot de 2\"}]},{\"@type\":\"WebSite\",\"@id\":\"https:\\\/\\\/shop.bantam.ch\\\/fr\\\/#website\",\"url\":\"https:\\\/\\\/shop.bantam.ch\\\/fr\\\/\",\"name\":\"Bantam Wankm\u00fcller SA\",\"description\":\"\",\"publisher\":{\"@id\":\"https:\\\/\\\/shop.bantam.ch\\\/fr\\\/#organization\"},\"inLanguage\":\"fr-FR\"},{\"@type\":\"Organization\",\"@id\":\"https:\\\/\\\/shop.bantam.ch\\\/fr\\\/#organization\",\"name\":\"Bantam Wankm\u00fcller SA\",\"url\":\"https:\\\/\\\/shop.bantam.ch\\\/fr\\\/\",\"logo\":{\"@type\":\"ImageObject\",\"inLanguage\":\"fr-FR\",\"@id\":\"https:\\\/\\\/shop.bantam.ch\\\/fr\\\/#\\\/schema\\\/logo\\\/image\\\/\",\"url\":\"https:\\\/\\\/shop.bantam.ch\\\/wp-content\\\/uploads\\\/2022\\\/12\\\/bantam-logo.png\",\"contentUrl\":\"https:\\\/\\\/shop.bantam.ch\\\/wp-content\\\/uploads\\\/2022\\\/12\\\/bantam-logo.png\",\"width\":320,\"height\":71,\"caption\":\"Bantam Wankm\u00fcller SA\"},\"image\":{\"@id\":\"https:\\\/\\\/shop.bantam.ch\\\/fr\\\/#\\\/schema\\\/logo\\\/image\\\/\"}}]}<\/script>\n<!-- \/ Yoast SEO plugin. -->","yoast_head_json":{"title":"Lavettes WENKO Silicone doux, lot de 2 - Bantam Wankm\u00fcller SA","robots":{"index":"index","follow":"follow","max-snippet":"max-snippet:-1","max-image-preview":"max-image-preview:large","max-video-preview":"max-video-preview:-1"},"canonical":"https:\/\/shop.bantam.ch\/fr\/produit\/eponges-a-vaisselle-en-silicone-souple-lot-de-2\/","og_locale":"fr_FR","og_type":"article","og_title":"Lavettes WENKO Silicone doux, lot de 2 - Bantam Wankm\u00fcller SA","og_description":"Id\u00e9ales pour les surfaces d\u00e9licates. Avec une structure \u00e0 picots fins pour les salissures l\u00e9g\u00e8res et un c\u00f4t\u00e9 dur pour les r\u00e9sidus tenaces. Avec boucle de suspension et ventouse. Particuli\u00e8rement hygi\u00e9nique gr\u00e2ce \u00e0 un nettoyage facile. Contenu de la livraison :2\u00a0pi\u00e8ces","og_url":"https:\/\/shop.bantam.ch\/fr\/produit\/eponges-a-vaisselle-en-silicone-souple-lot-de-2\/","og_site_name":"Bantam Wankm\u00fcller SA","article_modified_time":"2026-04-18T19:42:19+00:00","og_image":[{"width":1000,"height":801,"url":"https:\/\/shop.bantam.ch\/wp-content\/uploads\/2023\/02\/994408411.jpg","type":"image\/jpeg"}],"twitter_card":"summary_large_image","schema":{"@context":"https:\/\/schema.org","@graph":[{"@type":"WebPage","@id":"https:\/\/shop.bantam.ch\/fr\/produit\/eponges-a-vaisselle-en-silicone-souple-lot-de-2\/","url":"https:\/\/shop.bantam.ch\/fr\/produit\/eponges-a-vaisselle-en-silicone-souple-lot-de-2\/","name":"Lavettes WENKO Silicone doux, lot de 2 - Bantam Wankm\u00fcller SA","isPartOf":{"@id":"https:\/\/shop.bantam.ch\/fr\/#website"},"primaryImageOfPage":{"@id":"https:\/\/shop.bantam.ch\/fr\/produit\/eponges-a-vaisselle-en-silicone-souple-lot-de-2\/#primaryimage"},"image":{"@id":"https:\/\/shop.bantam.ch\/fr\/produit\/eponges-a-vaisselle-en-silicone-souple-lot-de-2\/#primaryimage"},"thumbnailUrl":"https:\/\/shop.bantam.ch\/wp-content\/uploads\/2023\/02\/994408411.jpg","datePublished":"2023-02-28T19:47:28+00:00","dateModified":"2026-04-18T19:42:19+00:00","breadcrumb":{"@id":"https:\/\/shop.bantam.ch\/fr\/produit\/eponges-a-vaisselle-en-silicone-souple-lot-de-2\/#breadcrumb"},"inLanguage":"fr-FR","potentialAction":[{"@type":"ReadAction","target":["https:\/\/shop.bantam.ch\/fr\/produit\/eponges-a-vaisselle-en-silicone-souple-lot-de-2\/"]}]},{"@type":"ImageObject","inLanguage":"fr-FR","@id":"https:\/\/shop.bantam.ch\/fr\/produit\/eponges-a-vaisselle-en-silicone-souple-lot-de-2\/#primaryimage","url":"https:\/\/shop.bantam.ch\/wp-content\/uploads\/2023\/02\/994408411.jpg","contentUrl":"https:\/\/shop.bantam.ch\/wp-content\/uploads\/2023\/02\/994408411.jpg","width":1000,"height":801},{"@type":"BreadcrumbList","@id":"https:\/\/shop.bantam.ch\/fr\/produit\/eponges-a-vaisselle-en-silicone-souple-lot-de-2\/#breadcrumb","itemListElement":[{"@type":"ListItem","position":1,"name":"Accueil","item":"https:\/\/shop.bantam.ch\/fr\/"},{"@type":"ListItem","position":2,"name":"Boutique","item":"https:\/\/shop.bantam.ch\/fr\/boutique\/"},{"@type":"ListItem","position":3,"name":"Lavettes WENKO Silicone doux, lot de 2"}]},{"@type":"WebSite","@id":"https:\/\/shop.bantam.ch\/fr\/#website","url":"https:\/\/shop.bantam.ch\/fr\/","name":"Bantam Wankm\u00fcller SA","description":"","publisher":{"@id":"https:\/\/shop.bantam.ch\/fr\/#organization"},"inLanguage":"fr-FR"},{"@type":"Organization","@id":"https:\/\/shop.bantam.ch\/fr\/#organization","name":"Bantam Wankm\u00fcller SA","url":"https:\/\/shop.bantam.ch\/fr\/","logo":{"@type":"ImageObject","inLanguage":"fr-FR","@id":"https:\/\/shop.bantam.ch\/fr\/#\/schema\/logo\/image\/","url":"https:\/\/shop.bantam.ch\/wp-content\/uploads\/2022\/12\/bantam-logo.png","contentUrl":"https:\/\/shop.bantam.ch\/wp-content\/uploads\/2022\/12\/bantam-logo.png","width":320,"height":71,"caption":"Bantam Wankm\u00fcller SA"},"image":{"@id":"https:\/\/shop.bantam.ch\/fr\/#\/schema\/logo\/image\/"}}]}},"_links":{"self":[{"href":"https:\/\/shop.bantam.ch\/fr\/wp-json\/wp\/v2\/product\/111885","targetHints":{"allow":["GET"]}}],"collection":[{"href":"https:\/\/shop.bantam.ch\/fr\/wp-json\/wp\/v2\/product"}],"about":[{"href":"https:\/\/shop.bantam.ch\/fr\/wp-json\/wp\/v2\/types\/product"}],"wp:featuredmedia":[{"embeddable":true,"href":"https:\/\/shop.bantam.ch\/fr\/wp-json\/wp\/v2\/media\/111859"}],"wp:attachment":[{"href":"https:\/\/shop.bantam.ch\/fr\/wp-json\/wp\/v2\/media?parent=111885"}],"wp:term":[{"taxonomy":"product_featured_cat","embeddable":true,"href":"https:\/\/shop.bantam.ch\/fr\/wp-json\/wp\/v2\/product_featured_cat?post=111885"},{"taxonomy":"product_brand","embeddable":true,"href":"https:\/\/shop.bantam.ch\/fr\/wp-json\/wp\/v2\/product_brand?post=111885"},{"taxonomy":"product_cat","embeddable":true,"href":"https:\/\/shop.bantam.ch\/fr\/wp-json\/wp\/v2\/product_cat?post=111885"},{"taxonomy":"product_tag","embeddable":true,"href":"https:\/\/shop.bantam.ch\/fr\/wp-json\/wp\/v2\/product_tag?post=111885"}],"curies":[{"name":"wp","href":"https:\/\/api.w.org\/{rel}","templated":true}]}}