{"id":111857,"date":"2023-02-28T20:47:19","date_gmt":"2023-02-28T19:47:19","guid":{"rendered":"https:\/\/shop.bantam.ch\/produit\/lot-de-4-crochets-en-nickel-static-loc\/"},"modified":"2026-04-18T21:42:19","modified_gmt":"2026-04-18T19:42:19","slug":"lot-de-4-crochets-en-nickel-static-loc","status":"publish","type":"product","link":"https:\/\/shop.bantam.ch\/fr\/produit\/lot-de-4-crochets-en-nickel-static-loc\/","title":{"rendered":"Static-Loc WENKO Crochets nickel, lot de 4 transparent"},"content":{"rendered":"<p>Forte adh\u00e9rence sur toutes les surfaces lisses imperm\u00e9ables \u00e0 l\u2019air (telles que le carrelage, le verre, les panneaux de bois pellicul\u00e9s). Il suffit de retirer le film protecteur et de presser fermement le Static-Loc\u00ae. En raison de la charge statique, le tampon caoutchout\u00e9 fait directement ventouse sur la surface. Peut \u00eatre charg\u00e9 imm\u00e9diatement et repositionn\u00e9 \u00e0 tout moment.<\/p>\n<p>Contenu de la livraison :<\/p>\n<p>4 pi\u00e8ces<\/p>\n","protected":false},"excerpt":{"rendered":"<p>Forte adh\u00e9rence sur toutes les surfaces lisses imperm\u00e9ables \u00e0 l\u2019air (telles que le carrelage, le verre, les panneaux de bois pellicul\u00e9s). Il suffit de retirer le film protecteur et de presser fermement le Static-Loc\u00ae. En raison de la charge statique, le tampon caoutchout\u00e9 fait directement ventouse sur la surface. Peut \u00eatre charg\u00e9 imm\u00e9diatement et repositionn\u00e9 [&hellip;]<\/p>\n","protected":false},"featured_media":111849,"template":"","meta":{"_acf_changed":false},"product_featured_cat":[],"product_brand":[3160],"product_cat":[4733],"product_tag":[],"class_list":{"0":"post-111857","1":"product","2":"type-product","3":"status-publish","4":"has-post-thumbnail","6":"product_brand-wenko","7":"product_cat-supports-et-crochets","9":"first","10":"instock","11":"taxable","12":"shipping-taxable","13":"purchasable","14":"product-type-simple"},"acf":[],"yoast_head":"<!-- This site is optimized with the Yoast SEO plugin v27.4 - https:\/\/yoast.com\/product\/yoast-seo-wordpress\/ -->\n<title>Static-Loc WENKO Crochets nickel, lot de 4 transparent - Bantam Wankm\u00fcller SA<\/title>\n<meta name=\"robots\" content=\"index, follow, max-snippet:-1, max-image-preview:large, max-video-preview:-1\" \/>\n<link rel=\"canonical\" href=\"https:\/\/shop.bantam.ch\/fr\/produit\/lot-de-4-crochets-en-nickel-static-loc\/\" \/>\n<meta property=\"og:locale\" content=\"fr_FR\" \/>\n<meta property=\"og:type\" content=\"article\" \/>\n<meta property=\"og:title\" content=\"Static-Loc WENKO Crochets nickel, lot de 4 transparent - Bantam Wankm\u00fcller SA\" \/>\n<meta property=\"og:description\" content=\"Forte adh\u00e9rence sur toutes les surfaces lisses imperm\u00e9ables \u00e0 l\u2019air (telles que le carrelage, le verre, les panneaux de bois pellicul\u00e9s). Il suffit de retirer le film protecteur et de presser fermement le Static-Loc\u00ae. En raison de la charge statique, le tampon caoutchout\u00e9 fait directement ventouse sur la surface. Peut \u00eatre charg\u00e9 imm\u00e9diatement et repositionn\u00e9 [&hellip;]\" \/>\n<meta property=\"og:url\" content=\"https:\/\/shop.bantam.ch\/fr\/produit\/lot-de-4-crochets-en-nickel-static-loc\/\" \/>\n<meta property=\"og:site_name\" content=\"Bantam Wankm\u00fcller SA\" \/>\n<meta property=\"article:modified_time\" content=\"2026-04-18T19:42:19+00:00\" \/>\n<meta property=\"og:image\" content=\"https:\/\/shop.bantam.ch\/wp-content\/uploads\/2023\/02\/994408211.jpg\" \/>\n\t<meta property=\"og:image:width\" content=\"782\" \/>\n\t<meta property=\"og:image:height\" content=\"1000\" \/>\n\t<meta property=\"og:image:type\" content=\"image\/jpeg\" \/>\n<meta name=\"twitter:card\" content=\"summary_large_image\" \/>\n<script type=\"application\/ld+json\" class=\"yoast-schema-graph\">{\"@context\":\"https:\\\/\\\/schema.org\",\"@graph\":[{\"@type\":\"WebPage\",\"@id\":\"https:\\\/\\\/shop.bantam.ch\\\/fr\\\/produit\\\/lot-de-4-crochets-en-nickel-static-loc\\\/\",\"url\":\"https:\\\/\\\/shop.bantam.ch\\\/fr\\\/produit\\\/lot-de-4-crochets-en-nickel-static-loc\\\/\",\"name\":\"Static-Loc WENKO Crochets nickel, lot de 4 transparent - Bantam Wankm\u00fcller SA\",\"isPartOf\":{\"@id\":\"https:\\\/\\\/shop.bantam.ch\\\/fr\\\/#website\"},\"primaryImageOfPage\":{\"@id\":\"https:\\\/\\\/shop.bantam.ch\\\/fr\\\/produit\\\/lot-de-4-crochets-en-nickel-static-loc\\\/#primaryimage\"},\"image\":{\"@id\":\"https:\\\/\\\/shop.bantam.ch\\\/fr\\\/produit\\\/lot-de-4-crochets-en-nickel-static-loc\\\/#primaryimage\"},\"thumbnailUrl\":\"https:\\\/\\\/shop.bantam.ch\\\/wp-content\\\/uploads\\\/2023\\\/02\\\/994408211.jpg\",\"datePublished\":\"2023-02-28T19:47:19+00:00\",\"dateModified\":\"2026-04-18T19:42:19+00:00\",\"breadcrumb\":{\"@id\":\"https:\\\/\\\/shop.bantam.ch\\\/fr\\\/produit\\\/lot-de-4-crochets-en-nickel-static-loc\\\/#breadcrumb\"},\"inLanguage\":\"fr-FR\",\"potentialAction\":[{\"@type\":\"ReadAction\",\"target\":[\"https:\\\/\\\/shop.bantam.ch\\\/fr\\\/produit\\\/lot-de-4-crochets-en-nickel-static-loc\\\/\"]}]},{\"@type\":\"ImageObject\",\"inLanguage\":\"fr-FR\",\"@id\":\"https:\\\/\\\/shop.bantam.ch\\\/fr\\\/produit\\\/lot-de-4-crochets-en-nickel-static-loc\\\/#primaryimage\",\"url\":\"https:\\\/\\\/shop.bantam.ch\\\/wp-content\\\/uploads\\\/2023\\\/02\\\/994408211.jpg\",\"contentUrl\":\"https:\\\/\\\/shop.bantam.ch\\\/wp-content\\\/uploads\\\/2023\\\/02\\\/994408211.jpg\",\"width\":782,\"height\":1000},{\"@type\":\"BreadcrumbList\",\"@id\":\"https:\\\/\\\/shop.bantam.ch\\\/fr\\\/produit\\\/lot-de-4-crochets-en-nickel-static-loc\\\/#breadcrumb\",\"itemListElement\":[{\"@type\":\"ListItem\",\"position\":1,\"name\":\"Accueil\",\"item\":\"https:\\\/\\\/shop.bantam.ch\\\/fr\\\/\"},{\"@type\":\"ListItem\",\"position\":2,\"name\":\"Boutique\",\"item\":\"https:\\\/\\\/shop.bantam.ch\\\/fr\\\/boutique\\\/\"},{\"@type\":\"ListItem\",\"position\":3,\"name\":\"Static-Loc WENKO Crochets nickel, lot de 4 transparent\"}]},{\"@type\":\"WebSite\",\"@id\":\"https:\\\/\\\/shop.bantam.ch\\\/fr\\\/#website\",\"url\":\"https:\\\/\\\/shop.bantam.ch\\\/fr\\\/\",\"name\":\"Bantam Wankm\u00fcller SA\",\"description\":\"\",\"publisher\":{\"@id\":\"https:\\\/\\\/shop.bantam.ch\\\/fr\\\/#organization\"},\"inLanguage\":\"fr-FR\"},{\"@type\":\"Organization\",\"@id\":\"https:\\\/\\\/shop.bantam.ch\\\/fr\\\/#organization\",\"name\":\"Bantam Wankm\u00fcller SA\",\"url\":\"https:\\\/\\\/shop.bantam.ch\\\/fr\\\/\",\"logo\":{\"@type\":\"ImageObject\",\"inLanguage\":\"fr-FR\",\"@id\":\"https:\\\/\\\/shop.bantam.ch\\\/fr\\\/#\\\/schema\\\/logo\\\/image\\\/\",\"url\":\"https:\\\/\\\/shop.bantam.ch\\\/wp-content\\\/uploads\\\/2022\\\/12\\\/bantam-logo.png\",\"contentUrl\":\"https:\\\/\\\/shop.bantam.ch\\\/wp-content\\\/uploads\\\/2022\\\/12\\\/bantam-logo.png\",\"width\":320,\"height\":71,\"caption\":\"Bantam Wankm\u00fcller SA\"},\"image\":{\"@id\":\"https:\\\/\\\/shop.bantam.ch\\\/fr\\\/#\\\/schema\\\/logo\\\/image\\\/\"}}]}<\/script>\n<!-- \/ Yoast SEO plugin. -->","yoast_head_json":{"title":"Static-Loc WENKO Crochets nickel, lot de 4 transparent - Bantam Wankm\u00fcller SA","robots":{"index":"index","follow":"follow","max-snippet":"max-snippet:-1","max-image-preview":"max-image-preview:large","max-video-preview":"max-video-preview:-1"},"canonical":"https:\/\/shop.bantam.ch\/fr\/produit\/lot-de-4-crochets-en-nickel-static-loc\/","og_locale":"fr_FR","og_type":"article","og_title":"Static-Loc WENKO Crochets nickel, lot de 4 transparent - Bantam Wankm\u00fcller SA","og_description":"Forte adh\u00e9rence sur toutes les surfaces lisses imperm\u00e9ables \u00e0 l\u2019air (telles que le carrelage, le verre, les panneaux de bois pellicul\u00e9s). Il suffit de retirer le film protecteur et de presser fermement le Static-Loc\u00ae. En raison de la charge statique, le tampon caoutchout\u00e9 fait directement ventouse sur la surface. Peut \u00eatre charg\u00e9 imm\u00e9diatement et repositionn\u00e9 [&hellip;]","og_url":"https:\/\/shop.bantam.ch\/fr\/produit\/lot-de-4-crochets-en-nickel-static-loc\/","og_site_name":"Bantam Wankm\u00fcller SA","article_modified_time":"2026-04-18T19:42:19+00:00","og_image":[{"width":782,"height":1000,"url":"https:\/\/shop.bantam.ch\/wp-content\/uploads\/2023\/02\/994408211.jpg","type":"image\/jpeg"}],"twitter_card":"summary_large_image","schema":{"@context":"https:\/\/schema.org","@graph":[{"@type":"WebPage","@id":"https:\/\/shop.bantam.ch\/fr\/produit\/lot-de-4-crochets-en-nickel-static-loc\/","url":"https:\/\/shop.bantam.ch\/fr\/produit\/lot-de-4-crochets-en-nickel-static-loc\/","name":"Static-Loc WENKO Crochets nickel, lot de 4 transparent - Bantam Wankm\u00fcller SA","isPartOf":{"@id":"https:\/\/shop.bantam.ch\/fr\/#website"},"primaryImageOfPage":{"@id":"https:\/\/shop.bantam.ch\/fr\/produit\/lot-de-4-crochets-en-nickel-static-loc\/#primaryimage"},"image":{"@id":"https:\/\/shop.bantam.ch\/fr\/produit\/lot-de-4-crochets-en-nickel-static-loc\/#primaryimage"},"thumbnailUrl":"https:\/\/shop.bantam.ch\/wp-content\/uploads\/2023\/02\/994408211.jpg","datePublished":"2023-02-28T19:47:19+00:00","dateModified":"2026-04-18T19:42:19+00:00","breadcrumb":{"@id":"https:\/\/shop.bantam.ch\/fr\/produit\/lot-de-4-crochets-en-nickel-static-loc\/#breadcrumb"},"inLanguage":"fr-FR","potentialAction":[{"@type":"ReadAction","target":["https:\/\/shop.bantam.ch\/fr\/produit\/lot-de-4-crochets-en-nickel-static-loc\/"]}]},{"@type":"ImageObject","inLanguage":"fr-FR","@id":"https:\/\/shop.bantam.ch\/fr\/produit\/lot-de-4-crochets-en-nickel-static-loc\/#primaryimage","url":"https:\/\/shop.bantam.ch\/wp-content\/uploads\/2023\/02\/994408211.jpg","contentUrl":"https:\/\/shop.bantam.ch\/wp-content\/uploads\/2023\/02\/994408211.jpg","width":782,"height":1000},{"@type":"BreadcrumbList","@id":"https:\/\/shop.bantam.ch\/fr\/produit\/lot-de-4-crochets-en-nickel-static-loc\/#breadcrumb","itemListElement":[{"@type":"ListItem","position":1,"name":"Accueil","item":"https:\/\/shop.bantam.ch\/fr\/"},{"@type":"ListItem","position":2,"name":"Boutique","item":"https:\/\/shop.bantam.ch\/fr\/boutique\/"},{"@type":"ListItem","position":3,"name":"Static-Loc WENKO Crochets nickel, lot de 4 transparent"}]},{"@type":"WebSite","@id":"https:\/\/shop.bantam.ch\/fr\/#website","url":"https:\/\/shop.bantam.ch\/fr\/","name":"Bantam Wankm\u00fcller SA","description":"","publisher":{"@id":"https:\/\/shop.bantam.ch\/fr\/#organization"},"inLanguage":"fr-FR"},{"@type":"Organization","@id":"https:\/\/shop.bantam.ch\/fr\/#organization","name":"Bantam Wankm\u00fcller SA","url":"https:\/\/shop.bantam.ch\/fr\/","logo":{"@type":"ImageObject","inLanguage":"fr-FR","@id":"https:\/\/shop.bantam.ch\/fr\/#\/schema\/logo\/image\/","url":"https:\/\/shop.bantam.ch\/wp-content\/uploads\/2022\/12\/bantam-logo.png","contentUrl":"https:\/\/shop.bantam.ch\/wp-content\/uploads\/2022\/12\/bantam-logo.png","width":320,"height":71,"caption":"Bantam Wankm\u00fcller SA"},"image":{"@id":"https:\/\/shop.bantam.ch\/fr\/#\/schema\/logo\/image\/"}}]}},"_links":{"self":[{"href":"https:\/\/shop.bantam.ch\/fr\/wp-json\/wp\/v2\/product\/111857","targetHints":{"allow":["GET"]}}],"collection":[{"href":"https:\/\/shop.bantam.ch\/fr\/wp-json\/wp\/v2\/product"}],"about":[{"href":"https:\/\/shop.bantam.ch\/fr\/wp-json\/wp\/v2\/types\/product"}],"wp:featuredmedia":[{"embeddable":true,"href":"https:\/\/shop.bantam.ch\/fr\/wp-json\/wp\/v2\/media\/111849"}],"wp:attachment":[{"href":"https:\/\/shop.bantam.ch\/fr\/wp-json\/wp\/v2\/media?parent=111857"}],"wp:term":[{"taxonomy":"product_featured_cat","embeddable":true,"href":"https:\/\/shop.bantam.ch\/fr\/wp-json\/wp\/v2\/product_featured_cat?post=111857"},{"taxonomy":"product_brand","embeddable":true,"href":"https:\/\/shop.bantam.ch\/fr\/wp-json\/wp\/v2\/product_brand?post=111857"},{"taxonomy":"product_cat","embeddable":true,"href":"https:\/\/shop.bantam.ch\/fr\/wp-json\/wp\/v2\/product_cat?post=111857"},{"taxonomy":"product_tag","embeddable":true,"href":"https:\/\/shop.bantam.ch\/fr\/wp-json\/wp\/v2\/product_tag?post=111857"}],"curies":[{"name":"wp","href":"https:\/\/api.w.org\/{rel}","templated":true}]}}