{"id":111787,"date":"2023-02-28T20:46:35","date_gmt":"2023-02-28T19:46:35","guid":{"rendered":"https:\/\/shop.bantam.ch\/produit\/support-stype-a-5-crochets\/"},"modified":"2026-04-21T21:42:10","modified_gmt":"2026-04-21T19:42:10","slug":"support-stype-a-5-crochets","status":"publish","type":"product","link":"https:\/\/shop.bantam.ch\/fr\/produit\/support-stype-a-5-crochets\/","title":{"rendered":"Barre de cr\u00e9dence WENKO Stype avec 5 crochets"},"content":{"rendered":"<p>Avec le support \u00e0 crochets Turbo-Loc en m\u00e9tal chrom\u00e9 brillant, vous avez toujours vos ustensiles de cuisine \u00e0 port\u00e9e de main. Les ustensiles de cuisine comme le fouet, la louche, la spatule, etc. peuvent \u00eatre facilement suspendus aux 5 crochets joints. Montage facile au moyen de Turbo-Loc. Le syst\u00e8me sp\u00e9cial de tampons adh\u00e9sifs permet une fixation rapide et sans probl\u00e8me, sans avoir \u00e0 percer. Tenue extr\u00eamement solide sur toutes les surfaces lisses et l\u00e9g\u00e8rement structur\u00e9es. S&rsquo;enl\u00e8ve sans laisser de traces !<\/p>\n","protected":false},"excerpt":{"rendered":"<p>Avec le support \u00e0 crochets Turbo-Loc en m\u00e9tal chrom\u00e9 brillant, vous avez toujours vos ustensiles de cuisine \u00e0 port\u00e9e de main. Les ustensiles de cuisine comme le fouet, la louche, la spatule, etc. peuvent \u00eatre facilement suspendus aux 5 crochets joints. Montage facile au moyen de Turbo-Loc. Le syst\u00e8me sp\u00e9cial de tampons adh\u00e9sifs permet une [&hellip;]<\/p>\n","protected":false},"featured_media":111783,"template":"","meta":{"_acf_changed":false},"product_featured_cat":[],"product_brand":[3160],"product_cat":[4733],"product_tag":[],"class_list":{"0":"post-111787","1":"product","2":"type-product","3":"status-publish","4":"has-post-thumbnail","6":"product_brand-wenko","7":"product_cat-supports-et-crochets","9":"first","10":"instock","11":"taxable","12":"shipping-taxable","13":"purchasable","14":"product-type-simple"},"acf":[],"yoast_head":"<!-- This site is optimized with the Yoast SEO plugin v27.4 - https:\/\/yoast.com\/product\/yoast-seo-wordpress\/ -->\n<title>Barre de cr\u00e9dence WENKO Stype avec 5 crochets - Bantam Wankm\u00fcller SA<\/title>\n<meta name=\"robots\" content=\"index, follow, max-snippet:-1, max-image-preview:large, max-video-preview:-1\" \/>\n<link rel=\"canonical\" href=\"https:\/\/shop.bantam.ch\/fr\/produit\/support-stype-a-5-crochets\/\" \/>\n<meta property=\"og:locale\" content=\"fr_FR\" \/>\n<meta property=\"og:type\" content=\"article\" \/>\n<meta property=\"og:title\" content=\"Barre de cr\u00e9dence WENKO Stype avec 5 crochets - Bantam Wankm\u00fcller SA\" \/>\n<meta property=\"og:description\" content=\"Avec le support \u00e0 crochets Turbo-Loc en m\u00e9tal chrom\u00e9 brillant, vous avez toujours vos ustensiles de cuisine \u00e0 port\u00e9e de main. Les ustensiles de cuisine comme le fouet, la louche, la spatule, etc. peuvent \u00eatre facilement suspendus aux 5 crochets joints. Montage facile au moyen de Turbo-Loc. Le syst\u00e8me sp\u00e9cial de tampons adh\u00e9sifs permet une [&hellip;]\" \/>\n<meta property=\"og:url\" content=\"https:\/\/shop.bantam.ch\/fr\/produit\/support-stype-a-5-crochets\/\" \/>\n<meta property=\"og:site_name\" content=\"Bantam Wankm\u00fcller SA\" \/>\n<meta property=\"article:modified_time\" content=\"2026-04-21T19:42:10+00:00\" \/>\n<meta property=\"og:image\" content=\"https:\/\/shop.bantam.ch\/wp-content\/uploads\/2023\/02\/994407411.jpg\" \/>\n\t<meta property=\"og:image:width\" content=\"1000\" \/>\n\t<meta property=\"og:image:height\" content=\"463\" \/>\n\t<meta property=\"og:image:type\" content=\"image\/jpeg\" \/>\n<meta name=\"twitter:card\" content=\"summary_large_image\" \/>\n<script type=\"application\/ld+json\" class=\"yoast-schema-graph\">{\"@context\":\"https:\\\/\\\/schema.org\",\"@graph\":[{\"@type\":\"WebPage\",\"@id\":\"https:\\\/\\\/shop.bantam.ch\\\/fr\\\/produit\\\/support-stype-a-5-crochets\\\/\",\"url\":\"https:\\\/\\\/shop.bantam.ch\\\/fr\\\/produit\\\/support-stype-a-5-crochets\\\/\",\"name\":\"Barre de cr\u00e9dence WENKO Stype avec 5 crochets - Bantam Wankm\u00fcller SA\",\"isPartOf\":{\"@id\":\"https:\\\/\\\/shop.bantam.ch\\\/fr\\\/#website\"},\"primaryImageOfPage\":{\"@id\":\"https:\\\/\\\/shop.bantam.ch\\\/fr\\\/produit\\\/support-stype-a-5-crochets\\\/#primaryimage\"},\"image\":{\"@id\":\"https:\\\/\\\/shop.bantam.ch\\\/fr\\\/produit\\\/support-stype-a-5-crochets\\\/#primaryimage\"},\"thumbnailUrl\":\"https:\\\/\\\/shop.bantam.ch\\\/wp-content\\\/uploads\\\/2023\\\/02\\\/994407411.jpg\",\"datePublished\":\"2023-02-28T19:46:35+00:00\",\"dateModified\":\"2026-04-21T19:42:10+00:00\",\"breadcrumb\":{\"@id\":\"https:\\\/\\\/shop.bantam.ch\\\/fr\\\/produit\\\/support-stype-a-5-crochets\\\/#breadcrumb\"},\"inLanguage\":\"fr-FR\",\"potentialAction\":[{\"@type\":\"ReadAction\",\"target\":[\"https:\\\/\\\/shop.bantam.ch\\\/fr\\\/produit\\\/support-stype-a-5-crochets\\\/\"]}]},{\"@type\":\"ImageObject\",\"inLanguage\":\"fr-FR\",\"@id\":\"https:\\\/\\\/shop.bantam.ch\\\/fr\\\/produit\\\/support-stype-a-5-crochets\\\/#primaryimage\",\"url\":\"https:\\\/\\\/shop.bantam.ch\\\/wp-content\\\/uploads\\\/2023\\\/02\\\/994407411.jpg\",\"contentUrl\":\"https:\\\/\\\/shop.bantam.ch\\\/wp-content\\\/uploads\\\/2023\\\/02\\\/994407411.jpg\",\"width\":1000,\"height\":463},{\"@type\":\"BreadcrumbList\",\"@id\":\"https:\\\/\\\/shop.bantam.ch\\\/fr\\\/produit\\\/support-stype-a-5-crochets\\\/#breadcrumb\",\"itemListElement\":[{\"@type\":\"ListItem\",\"position\":1,\"name\":\"Accueil\",\"item\":\"https:\\\/\\\/shop.bantam.ch\\\/fr\\\/\"},{\"@type\":\"ListItem\",\"position\":2,\"name\":\"Boutique\",\"item\":\"https:\\\/\\\/shop.bantam.ch\\\/fr\\\/boutique\\\/\"},{\"@type\":\"ListItem\",\"position\":3,\"name\":\"Barre de cr\u00e9dence WENKO Stype avec 5 crochets\"}]},{\"@type\":\"WebSite\",\"@id\":\"https:\\\/\\\/shop.bantam.ch\\\/fr\\\/#website\",\"url\":\"https:\\\/\\\/shop.bantam.ch\\\/fr\\\/\",\"name\":\"Bantam Wankm\u00fcller SA\",\"description\":\"\",\"publisher\":{\"@id\":\"https:\\\/\\\/shop.bantam.ch\\\/fr\\\/#organization\"},\"inLanguage\":\"fr-FR\"},{\"@type\":\"Organization\",\"@id\":\"https:\\\/\\\/shop.bantam.ch\\\/fr\\\/#organization\",\"name\":\"Bantam Wankm\u00fcller SA\",\"url\":\"https:\\\/\\\/shop.bantam.ch\\\/fr\\\/\",\"logo\":{\"@type\":\"ImageObject\",\"inLanguage\":\"fr-FR\",\"@id\":\"https:\\\/\\\/shop.bantam.ch\\\/fr\\\/#\\\/schema\\\/logo\\\/image\\\/\",\"url\":\"https:\\\/\\\/shop.bantam.ch\\\/wp-content\\\/uploads\\\/2022\\\/12\\\/bantam-logo.png\",\"contentUrl\":\"https:\\\/\\\/shop.bantam.ch\\\/wp-content\\\/uploads\\\/2022\\\/12\\\/bantam-logo.png\",\"width\":320,\"height\":71,\"caption\":\"Bantam Wankm\u00fcller SA\"},\"image\":{\"@id\":\"https:\\\/\\\/shop.bantam.ch\\\/fr\\\/#\\\/schema\\\/logo\\\/image\\\/\"}}]}<\/script>\n<!-- \/ Yoast SEO plugin. -->","yoast_head_json":{"title":"Barre de cr\u00e9dence WENKO Stype avec 5 crochets - Bantam Wankm\u00fcller SA","robots":{"index":"index","follow":"follow","max-snippet":"max-snippet:-1","max-image-preview":"max-image-preview:large","max-video-preview":"max-video-preview:-1"},"canonical":"https:\/\/shop.bantam.ch\/fr\/produit\/support-stype-a-5-crochets\/","og_locale":"fr_FR","og_type":"article","og_title":"Barre de cr\u00e9dence WENKO Stype avec 5 crochets - Bantam Wankm\u00fcller SA","og_description":"Avec le support \u00e0 crochets Turbo-Loc en m\u00e9tal chrom\u00e9 brillant, vous avez toujours vos ustensiles de cuisine \u00e0 port\u00e9e de main. Les ustensiles de cuisine comme le fouet, la louche, la spatule, etc. peuvent \u00eatre facilement suspendus aux 5 crochets joints. Montage facile au moyen de Turbo-Loc. Le syst\u00e8me sp\u00e9cial de tampons adh\u00e9sifs permet une [&hellip;]","og_url":"https:\/\/shop.bantam.ch\/fr\/produit\/support-stype-a-5-crochets\/","og_site_name":"Bantam Wankm\u00fcller SA","article_modified_time":"2026-04-21T19:42:10+00:00","og_image":[{"width":1000,"height":463,"url":"https:\/\/shop.bantam.ch\/wp-content\/uploads\/2023\/02\/994407411.jpg","type":"image\/jpeg"}],"twitter_card":"summary_large_image","schema":{"@context":"https:\/\/schema.org","@graph":[{"@type":"WebPage","@id":"https:\/\/shop.bantam.ch\/fr\/produit\/support-stype-a-5-crochets\/","url":"https:\/\/shop.bantam.ch\/fr\/produit\/support-stype-a-5-crochets\/","name":"Barre de cr\u00e9dence WENKO Stype avec 5 crochets - Bantam Wankm\u00fcller SA","isPartOf":{"@id":"https:\/\/shop.bantam.ch\/fr\/#website"},"primaryImageOfPage":{"@id":"https:\/\/shop.bantam.ch\/fr\/produit\/support-stype-a-5-crochets\/#primaryimage"},"image":{"@id":"https:\/\/shop.bantam.ch\/fr\/produit\/support-stype-a-5-crochets\/#primaryimage"},"thumbnailUrl":"https:\/\/shop.bantam.ch\/wp-content\/uploads\/2023\/02\/994407411.jpg","datePublished":"2023-02-28T19:46:35+00:00","dateModified":"2026-04-21T19:42:10+00:00","breadcrumb":{"@id":"https:\/\/shop.bantam.ch\/fr\/produit\/support-stype-a-5-crochets\/#breadcrumb"},"inLanguage":"fr-FR","potentialAction":[{"@type":"ReadAction","target":["https:\/\/shop.bantam.ch\/fr\/produit\/support-stype-a-5-crochets\/"]}]},{"@type":"ImageObject","inLanguage":"fr-FR","@id":"https:\/\/shop.bantam.ch\/fr\/produit\/support-stype-a-5-crochets\/#primaryimage","url":"https:\/\/shop.bantam.ch\/wp-content\/uploads\/2023\/02\/994407411.jpg","contentUrl":"https:\/\/shop.bantam.ch\/wp-content\/uploads\/2023\/02\/994407411.jpg","width":1000,"height":463},{"@type":"BreadcrumbList","@id":"https:\/\/shop.bantam.ch\/fr\/produit\/support-stype-a-5-crochets\/#breadcrumb","itemListElement":[{"@type":"ListItem","position":1,"name":"Accueil","item":"https:\/\/shop.bantam.ch\/fr\/"},{"@type":"ListItem","position":2,"name":"Boutique","item":"https:\/\/shop.bantam.ch\/fr\/boutique\/"},{"@type":"ListItem","position":3,"name":"Barre de cr\u00e9dence WENKO Stype avec 5 crochets"}]},{"@type":"WebSite","@id":"https:\/\/shop.bantam.ch\/fr\/#website","url":"https:\/\/shop.bantam.ch\/fr\/","name":"Bantam Wankm\u00fcller SA","description":"","publisher":{"@id":"https:\/\/shop.bantam.ch\/fr\/#organization"},"inLanguage":"fr-FR"},{"@type":"Organization","@id":"https:\/\/shop.bantam.ch\/fr\/#organization","name":"Bantam Wankm\u00fcller SA","url":"https:\/\/shop.bantam.ch\/fr\/","logo":{"@type":"ImageObject","inLanguage":"fr-FR","@id":"https:\/\/shop.bantam.ch\/fr\/#\/schema\/logo\/image\/","url":"https:\/\/shop.bantam.ch\/wp-content\/uploads\/2022\/12\/bantam-logo.png","contentUrl":"https:\/\/shop.bantam.ch\/wp-content\/uploads\/2022\/12\/bantam-logo.png","width":320,"height":71,"caption":"Bantam Wankm\u00fcller SA"},"image":{"@id":"https:\/\/shop.bantam.ch\/fr\/#\/schema\/logo\/image\/"}}]}},"_links":{"self":[{"href":"https:\/\/shop.bantam.ch\/fr\/wp-json\/wp\/v2\/product\/111787","targetHints":{"allow":["GET"]}}],"collection":[{"href":"https:\/\/shop.bantam.ch\/fr\/wp-json\/wp\/v2\/product"}],"about":[{"href":"https:\/\/shop.bantam.ch\/fr\/wp-json\/wp\/v2\/types\/product"}],"wp:featuredmedia":[{"embeddable":true,"href":"https:\/\/shop.bantam.ch\/fr\/wp-json\/wp\/v2\/media\/111783"}],"wp:attachment":[{"href":"https:\/\/shop.bantam.ch\/fr\/wp-json\/wp\/v2\/media?parent=111787"}],"wp:term":[{"taxonomy":"product_featured_cat","embeddable":true,"href":"https:\/\/shop.bantam.ch\/fr\/wp-json\/wp\/v2\/product_featured_cat?post=111787"},{"taxonomy":"product_brand","embeddable":true,"href":"https:\/\/shop.bantam.ch\/fr\/wp-json\/wp\/v2\/product_brand?post=111787"},{"taxonomy":"product_cat","embeddable":true,"href":"https:\/\/shop.bantam.ch\/fr\/wp-json\/wp\/v2\/product_cat?post=111787"},{"taxonomy":"product_tag","embeddable":true,"href":"https:\/\/shop.bantam.ch\/fr\/wp-json\/wp\/v2\/product_tag?post=111787"}],"curies":[{"name":"wp","href":"https:\/\/api.w.org\/{rel}","templated":true}]}}