{"id":111627,"date":"2023-02-28T20:44:21","date_gmt":"2023-02-28T19:44:21","guid":{"rendered":"https:\/\/shop.bantam.ch\/produit\/chaise-longue-tex-supreme-alu-gris\/"},"modified":"2026-04-22T21:41:45","modified_gmt":"2026-04-22T19:41:45","slug":"chaise-longue-tex-supreme-alu-gris","status":"publish","type":"product","link":"https:\/\/shop.bantam.ch\/fr\/produit\/chaise-longue-tex-supreme-alu-gris\/","title":{"rendered":"Chaise longue CRESPO Tex-Supreme 72 x 119 x 81 cm gris"},"content":{"rendered":"<p>Un fauteuil relax tr\u00e8s luxueux et l&rsquo;un des plus confortables. Ce fauteuil de relaxation r\u00e9glable en continu est \u00e9quip\u00e9 d&rsquo;un tissu Tex Supreme extra-\u00e9pais et solide. Ce tissu rembourr\u00e9 fait enti\u00e8rement le tour du cadre, o\u00f9 le tissu luxueux est fix\u00e9 au dossier, cr\u00e9ant ainsi une assise tr\u00e8s agr\u00e9able. De plus, les bandes \u00e9lastiques passent enti\u00e8rement dans le dos, augmentant ainsi le confort, et la finition donne un look \u00e9l\u00e9gant. En outre, le tissu est tr\u00e8s facile \u00e0 entretenir, hydrofuge gr\u00e2ce \u00e0 sa structure \u00e0 cellules ouvertes et particuli\u00e8rement r\u00e9sistant aux d\u00e9colorations dues au soleil. Le dossier et les accoudoirs de ce fauteuil de relaxation sont tous deux ergonomiques et le fauteuil est \u00e9quip\u00e9 d&rsquo;un syst\u00e8me de freinage qui permet de fixer le fauteuil dans n&rsquo;importe quelle position souhait\u00e9e. La chaise a un pi\u00e9tement en H anodis\u00e9 pour une stabilit\u00e9 et une robustesse suppl\u00e9mentaires. Une fois pli\u00e9e, cette chaise est tr\u00e8s compacte et peut donc \u00eatre facilement transport\u00e9e dans le sac de rangement fourni.<\/p>\n<p>Mat\u00e9riau\u00a0:<br \/>Rev\u00eatement : 100 % polyester<br \/>Cadre\u00a0: aluminium<\/p>\n","protected":false},"excerpt":{"rendered":"<p>Un fauteuil relax tr\u00e8s luxueux et l&rsquo;un des plus confortables. Ce fauteuil de relaxation r\u00e9glable en continu est \u00e9quip\u00e9 d&rsquo;un tissu Tex Supreme extra-\u00e9pais et solide. Ce tissu rembourr\u00e9 fait enti\u00e8rement le tour du cadre, o\u00f9 le tissu luxueux est fix\u00e9 au dossier, cr\u00e9ant ainsi une assise tr\u00e8s agr\u00e9able. De plus, les bandes \u00e9lastiques passent [&hellip;]<\/p>\n","protected":false},"featured_media":111625,"template":"","meta":{"_acf_changed":false},"product_featured_cat":[],"product_brand":[3084],"product_cat":[4977],"product_tag":[],"class_list":{"0":"post-111627","1":"product","2":"type-product","3":"status-publish","4":"has-post-thumbnail","6":"product_brand-crespo","7":"product_cat-chaises-longues-de-camping","9":"first","10":"instock","11":"taxable","12":"shipping-taxable","13":"purchasable","14":"product-type-simple"},"acf":[],"yoast_head":"<!-- This site is optimized with the Yoast SEO plugin v27.4 - https:\/\/yoast.com\/product\/yoast-seo-wordpress\/ -->\n<title>Chaise longue CRESPO Tex-Supreme 72 x 119 x 81 cm gris - Bantam Wankm\u00fcller SA<\/title>\n<meta name=\"robots\" content=\"index, follow, max-snippet:-1, max-image-preview:large, max-video-preview:-1\" \/>\n<link rel=\"canonical\" href=\"https:\/\/shop.bantam.ch\/fr\/produit\/chaise-longue-tex-supreme-alu-gris\/\" \/>\n<meta property=\"og:locale\" content=\"fr_FR\" \/>\n<meta property=\"og:type\" content=\"article\" \/>\n<meta property=\"og:title\" content=\"Chaise longue CRESPO Tex-Supreme 72 x 119 x 81 cm gris - Bantam Wankm\u00fcller SA\" \/>\n<meta property=\"og:description\" content=\"Un fauteuil relax tr\u00e8s luxueux et l&rsquo;un des plus confortables. Ce fauteuil de relaxation r\u00e9glable en continu est \u00e9quip\u00e9 d&rsquo;un tissu Tex Supreme extra-\u00e9pais et solide. Ce tissu rembourr\u00e9 fait enti\u00e8rement le tour du cadre, o\u00f9 le tissu luxueux est fix\u00e9 au dossier, cr\u00e9ant ainsi une assise tr\u00e8s agr\u00e9able. De plus, les bandes \u00e9lastiques passent [&hellip;]\" \/>\n<meta property=\"og:url\" content=\"https:\/\/shop.bantam.ch\/fr\/produit\/chaise-longue-tex-supreme-alu-gris\/\" \/>\n<meta property=\"og:site_name\" content=\"Bantam Wankm\u00fcller SA\" \/>\n<meta property=\"article:modified_time\" content=\"2026-04-22T19:41:45+00:00\" \/>\n<meta property=\"og:image\" content=\"https:\/\/shop.bantam.ch\/wp-content\/uploads\/2023\/02\/997027211.jpg\" \/>\n\t<meta property=\"og:image:width\" content=\"783\" \/>\n\t<meta property=\"og:image:height\" content=\"1000\" \/>\n\t<meta property=\"og:image:type\" content=\"image\/jpeg\" \/>\n<meta name=\"twitter:card\" content=\"summary_large_image\" \/>\n<meta name=\"twitter:label1\" content=\"Dur\u00e9e de lecture estim\u00e9e\" \/>\n\t<meta name=\"twitter:data1\" content=\"1 minute\" \/>\n<script type=\"application\/ld+json\" class=\"yoast-schema-graph\">{\"@context\":\"https:\\\/\\\/schema.org\",\"@graph\":[{\"@type\":\"WebPage\",\"@id\":\"https:\\\/\\\/shop.bantam.ch\\\/fr\\\/produit\\\/chaise-longue-tex-supreme-alu-gris\\\/\",\"url\":\"https:\\\/\\\/shop.bantam.ch\\\/fr\\\/produit\\\/chaise-longue-tex-supreme-alu-gris\\\/\",\"name\":\"Chaise longue CRESPO Tex-Supreme 72 x 119 x 81 cm gris - Bantam Wankm\u00fcller SA\",\"isPartOf\":{\"@id\":\"https:\\\/\\\/shop.bantam.ch\\\/fr\\\/#website\"},\"primaryImageOfPage\":{\"@id\":\"https:\\\/\\\/shop.bantam.ch\\\/fr\\\/produit\\\/chaise-longue-tex-supreme-alu-gris\\\/#primaryimage\"},\"image\":{\"@id\":\"https:\\\/\\\/shop.bantam.ch\\\/fr\\\/produit\\\/chaise-longue-tex-supreme-alu-gris\\\/#primaryimage\"},\"thumbnailUrl\":\"https:\\\/\\\/shop.bantam.ch\\\/wp-content\\\/uploads\\\/2023\\\/02\\\/997027211.jpg\",\"datePublished\":\"2023-02-28T19:44:21+00:00\",\"dateModified\":\"2026-04-22T19:41:45+00:00\",\"breadcrumb\":{\"@id\":\"https:\\\/\\\/shop.bantam.ch\\\/fr\\\/produit\\\/chaise-longue-tex-supreme-alu-gris\\\/#breadcrumb\"},\"inLanguage\":\"fr-FR\",\"potentialAction\":[{\"@type\":\"ReadAction\",\"target\":[\"https:\\\/\\\/shop.bantam.ch\\\/fr\\\/produit\\\/chaise-longue-tex-supreme-alu-gris\\\/\"]}]},{\"@type\":\"ImageObject\",\"inLanguage\":\"fr-FR\",\"@id\":\"https:\\\/\\\/shop.bantam.ch\\\/fr\\\/produit\\\/chaise-longue-tex-supreme-alu-gris\\\/#primaryimage\",\"url\":\"https:\\\/\\\/shop.bantam.ch\\\/wp-content\\\/uploads\\\/2023\\\/02\\\/997027211.jpg\",\"contentUrl\":\"https:\\\/\\\/shop.bantam.ch\\\/wp-content\\\/uploads\\\/2023\\\/02\\\/997027211.jpg\",\"width\":783,\"height\":1000},{\"@type\":\"BreadcrumbList\",\"@id\":\"https:\\\/\\\/shop.bantam.ch\\\/fr\\\/produit\\\/chaise-longue-tex-supreme-alu-gris\\\/#breadcrumb\",\"itemListElement\":[{\"@type\":\"ListItem\",\"position\":1,\"name\":\"Accueil\",\"item\":\"https:\\\/\\\/shop.bantam.ch\\\/fr\\\/\"},{\"@type\":\"ListItem\",\"position\":2,\"name\":\"Boutique\",\"item\":\"https:\\\/\\\/shop.bantam.ch\\\/fr\\\/boutique\\\/\"},{\"@type\":\"ListItem\",\"position\":3,\"name\":\"Chaise longue CRESPO Tex-Supreme 72 x 119 x 81 cm gris\"}]},{\"@type\":\"WebSite\",\"@id\":\"https:\\\/\\\/shop.bantam.ch\\\/fr\\\/#website\",\"url\":\"https:\\\/\\\/shop.bantam.ch\\\/fr\\\/\",\"name\":\"Bantam Wankm\u00fcller SA\",\"description\":\"\",\"publisher\":{\"@id\":\"https:\\\/\\\/shop.bantam.ch\\\/fr\\\/#organization\"},\"inLanguage\":\"fr-FR\"},{\"@type\":\"Organization\",\"@id\":\"https:\\\/\\\/shop.bantam.ch\\\/fr\\\/#organization\",\"name\":\"Bantam Wankm\u00fcller SA\",\"url\":\"https:\\\/\\\/shop.bantam.ch\\\/fr\\\/\",\"logo\":{\"@type\":\"ImageObject\",\"inLanguage\":\"fr-FR\",\"@id\":\"https:\\\/\\\/shop.bantam.ch\\\/fr\\\/#\\\/schema\\\/logo\\\/image\\\/\",\"url\":\"https:\\\/\\\/shop.bantam.ch\\\/wp-content\\\/uploads\\\/2022\\\/12\\\/bantam-logo.png\",\"contentUrl\":\"https:\\\/\\\/shop.bantam.ch\\\/wp-content\\\/uploads\\\/2022\\\/12\\\/bantam-logo.png\",\"width\":320,\"height\":71,\"caption\":\"Bantam Wankm\u00fcller SA\"},\"image\":{\"@id\":\"https:\\\/\\\/shop.bantam.ch\\\/fr\\\/#\\\/schema\\\/logo\\\/image\\\/\"}}]}<\/script>\n<!-- \/ Yoast SEO plugin. -->","yoast_head_json":{"title":"Chaise longue CRESPO Tex-Supreme 72 x 119 x 81 cm gris - Bantam Wankm\u00fcller SA","robots":{"index":"index","follow":"follow","max-snippet":"max-snippet:-1","max-image-preview":"max-image-preview:large","max-video-preview":"max-video-preview:-1"},"canonical":"https:\/\/shop.bantam.ch\/fr\/produit\/chaise-longue-tex-supreme-alu-gris\/","og_locale":"fr_FR","og_type":"article","og_title":"Chaise longue CRESPO Tex-Supreme 72 x 119 x 81 cm gris - Bantam Wankm\u00fcller SA","og_description":"Un fauteuil relax tr\u00e8s luxueux et l&rsquo;un des plus confortables. Ce fauteuil de relaxation r\u00e9glable en continu est \u00e9quip\u00e9 d&rsquo;un tissu Tex Supreme extra-\u00e9pais et solide. Ce tissu rembourr\u00e9 fait enti\u00e8rement le tour du cadre, o\u00f9 le tissu luxueux est fix\u00e9 au dossier, cr\u00e9ant ainsi une assise tr\u00e8s agr\u00e9able. De plus, les bandes \u00e9lastiques passent [&hellip;]","og_url":"https:\/\/shop.bantam.ch\/fr\/produit\/chaise-longue-tex-supreme-alu-gris\/","og_site_name":"Bantam Wankm\u00fcller SA","article_modified_time":"2026-04-22T19:41:45+00:00","og_image":[{"width":783,"height":1000,"url":"https:\/\/shop.bantam.ch\/wp-content\/uploads\/2023\/02\/997027211.jpg","type":"image\/jpeg"}],"twitter_card":"summary_large_image","twitter_misc":{"Dur\u00e9e de lecture estim\u00e9e":"1 minute"},"schema":{"@context":"https:\/\/schema.org","@graph":[{"@type":"WebPage","@id":"https:\/\/shop.bantam.ch\/fr\/produit\/chaise-longue-tex-supreme-alu-gris\/","url":"https:\/\/shop.bantam.ch\/fr\/produit\/chaise-longue-tex-supreme-alu-gris\/","name":"Chaise longue CRESPO Tex-Supreme 72 x 119 x 81 cm gris - Bantam Wankm\u00fcller SA","isPartOf":{"@id":"https:\/\/shop.bantam.ch\/fr\/#website"},"primaryImageOfPage":{"@id":"https:\/\/shop.bantam.ch\/fr\/produit\/chaise-longue-tex-supreme-alu-gris\/#primaryimage"},"image":{"@id":"https:\/\/shop.bantam.ch\/fr\/produit\/chaise-longue-tex-supreme-alu-gris\/#primaryimage"},"thumbnailUrl":"https:\/\/shop.bantam.ch\/wp-content\/uploads\/2023\/02\/997027211.jpg","datePublished":"2023-02-28T19:44:21+00:00","dateModified":"2026-04-22T19:41:45+00:00","breadcrumb":{"@id":"https:\/\/shop.bantam.ch\/fr\/produit\/chaise-longue-tex-supreme-alu-gris\/#breadcrumb"},"inLanguage":"fr-FR","potentialAction":[{"@type":"ReadAction","target":["https:\/\/shop.bantam.ch\/fr\/produit\/chaise-longue-tex-supreme-alu-gris\/"]}]},{"@type":"ImageObject","inLanguage":"fr-FR","@id":"https:\/\/shop.bantam.ch\/fr\/produit\/chaise-longue-tex-supreme-alu-gris\/#primaryimage","url":"https:\/\/shop.bantam.ch\/wp-content\/uploads\/2023\/02\/997027211.jpg","contentUrl":"https:\/\/shop.bantam.ch\/wp-content\/uploads\/2023\/02\/997027211.jpg","width":783,"height":1000},{"@type":"BreadcrumbList","@id":"https:\/\/shop.bantam.ch\/fr\/produit\/chaise-longue-tex-supreme-alu-gris\/#breadcrumb","itemListElement":[{"@type":"ListItem","position":1,"name":"Accueil","item":"https:\/\/shop.bantam.ch\/fr\/"},{"@type":"ListItem","position":2,"name":"Boutique","item":"https:\/\/shop.bantam.ch\/fr\/boutique\/"},{"@type":"ListItem","position":3,"name":"Chaise longue CRESPO Tex-Supreme 72 x 119 x 81 cm gris"}]},{"@type":"WebSite","@id":"https:\/\/shop.bantam.ch\/fr\/#website","url":"https:\/\/shop.bantam.ch\/fr\/","name":"Bantam Wankm\u00fcller SA","description":"","publisher":{"@id":"https:\/\/shop.bantam.ch\/fr\/#organization"},"inLanguage":"fr-FR"},{"@type":"Organization","@id":"https:\/\/shop.bantam.ch\/fr\/#organization","name":"Bantam Wankm\u00fcller SA","url":"https:\/\/shop.bantam.ch\/fr\/","logo":{"@type":"ImageObject","inLanguage":"fr-FR","@id":"https:\/\/shop.bantam.ch\/fr\/#\/schema\/logo\/image\/","url":"https:\/\/shop.bantam.ch\/wp-content\/uploads\/2022\/12\/bantam-logo.png","contentUrl":"https:\/\/shop.bantam.ch\/wp-content\/uploads\/2022\/12\/bantam-logo.png","width":320,"height":71,"caption":"Bantam Wankm\u00fcller SA"},"image":{"@id":"https:\/\/shop.bantam.ch\/fr\/#\/schema\/logo\/image\/"}}]}},"_links":{"self":[{"href":"https:\/\/shop.bantam.ch\/fr\/wp-json\/wp\/v2\/product\/111627","targetHints":{"allow":["GET"]}}],"collection":[{"href":"https:\/\/shop.bantam.ch\/fr\/wp-json\/wp\/v2\/product"}],"about":[{"href":"https:\/\/shop.bantam.ch\/fr\/wp-json\/wp\/v2\/types\/product"}],"wp:featuredmedia":[{"embeddable":true,"href":"https:\/\/shop.bantam.ch\/fr\/wp-json\/wp\/v2\/media\/111625"}],"wp:attachment":[{"href":"https:\/\/shop.bantam.ch\/fr\/wp-json\/wp\/v2\/media?parent=111627"}],"wp:term":[{"taxonomy":"product_featured_cat","embeddable":true,"href":"https:\/\/shop.bantam.ch\/fr\/wp-json\/wp\/v2\/product_featured_cat?post=111627"},{"taxonomy":"product_brand","embeddable":true,"href":"https:\/\/shop.bantam.ch\/fr\/wp-json\/wp\/v2\/product_brand?post=111627"},{"taxonomy":"product_cat","embeddable":true,"href":"https:\/\/shop.bantam.ch\/fr\/wp-json\/wp\/v2\/product_cat?post=111627"},{"taxonomy":"product_tag","embeddable":true,"href":"https:\/\/shop.bantam.ch\/fr\/wp-json\/wp\/v2\/product_tag?post=111627"}],"curies":[{"name":"wp","href":"https:\/\/api.w.org\/{rel}","templated":true}]}}